{"id":13,"date":"2025-07-02T12:23:15","date_gmt":"2025-07-02T12:23:15","guid":{"rendered":"https:\/\/vivasan-shop.com\/?page_id=13"},"modified":"2025-10-07T16:03:01","modified_gmt":"2025-10-07T16:03:01","slug":"refund_returns","status":"publish","type":"page","link":"https:\/\/vivasan-shop.com\/cs\/refund_returns\/","title":{"rendered":"Z\u00e1sady ochrany osobn\u00edch \u00fadaj\u016f"},"content":{"rendered":"<p><\/p>\n\n\n\n<h2 class=\"wp-block-heading\">I. Z\u00e1kladn\u00ed ustanoven\u00ed<\/h2>\n\n\n\n<p>Odesl\u00e1n\u00edm objedn\u00e1vky potvrzujete, \u017ee jste sezn\u00e1men\/a s podm\u00ednkami ochrany osobn\u00edch \u00fadaj\u016f<\/p>\n\n\n\n<p>Spr\u00e1vcem osobn\u00edch \u00fadaj\u016f podle \u010dl. 4 odst. 7 na\u0159\u00edzen\u00ed Evropsk\u00e9ho parlamentu a Rady (EU) 2016\/679 o ochran\u011b fyzick\u00fdch osob v souvislosti se zpracov\u00e1n\u00edm osobn\u00edch \u00fadaj\u016f a o voln\u00e9m pohybu t\u011bchto \u00fadaj\u016f (d\u00e1le jen \u201eGDPR\u201c) je Vivasan-shop. N\u00e1zev podnikatele: Nazarii Shevaha<br>Adresa: Psary ev.\u010d.245, 25244 Psary<br>K\u00f3d podnikatele: 19465807<br>Registrov\u00e1no na M\u011bstsk\u00e9m \u00fa\u0159ad\u011b \u010cerno\u0161ice<\/p>\n\n\n\n<p>Kontaktn\u00ed \u00fadaje spr\u00e1vce jsou:<br>Adresa: Psary ev.\u010d.245, 25244 Psary,  e-mail: vivasanshopping@gmail.com<\/p>\n\n\n\n<p>Osobn\u00ed \u00fadaje znamenaj\u00ed ve\u0161ker\u00e9 informace o identifikovan\u00e9 nebo identifikovateln\u00e9 fyzick\u00e9 osob\u011b; identifikovateln\u00e1 fyzick\u00e1 osoba je fyzick\u00e1 osoba, kterou lze p\u0159\u00edmo \u010di nep\u0159\u00edmo identifikovat, zejm\u00e9na odkazem na identifik\u00e1tor, jako je jm\u00e9no, identifika\u010dn\u00ed \u010d\u00edslo, \u00fadaje o poloze, s\u00ed\u0165ov\u00fd identifik\u00e1tor nebo na jeden \u010di v\u00edce specifick\u00fdch prvk\u016f fyzick\u00e9, fyziologick\u00e9, genetick\u00e9, du\u0161evn\u00ed, ekonomick\u00e9, kulturn\u00ed nebo soci\u00e1ln\u00ed identity t\u00e9to fyzick\u00e9 osoby.<\/p>\n\n\n\n<p>Vzhledem k \u00fa\u010delu a form\u011b zpracov\u00e1n\u00ed p\u0159ijat\u00fdch informac\u00ed, kter\u00e9 p\u0159edstavuj\u00ed pouze anonymn\u00ed telefonn\u00ed \u010d\u00edslo, ze kter\u00e9ho je odesl\u00e1na objedn\u00e1vka slu\u017eeb, nen\u00ed mo\u017en\u00e9 p\u0159\u00edmo ani nep\u0159\u00edmo identifikovat fyzickou osobu, tyto informace se nepova\u017euj\u00ed za Osobn\u00ed \u00fadaje. V z\u00e1jmu pr\u00e1vn\u00ed jistoty Spr\u00e1vce informuje o podm\u00ednk\u00e1ch ochrany nakl\u00e1d\u00e1n\u00ed s p\u0159ijat\u00fdmi informacemi.<\/p>\n\n\n\n<p>Spr\u00e1vce nejmenoval pov\u011b\u0159ence pro ochranu osobn\u00edch \u00fadaj\u016f.<\/p>\n\n\n\n<p>Podm\u00ednky a vztahy neupraven\u00e9 v t\u011bchto Podm\u00ednk\u00e1ch ochrany osobn\u00edch \u00fadaj\u016f se \u0159\u00edd\u00ed pr\u00e1vn\u00edm \u0159\u00e1dem \u010cesk\u00e9 republiky, a to p\u0159edev\u0161\u00edm p\u0159\u00edslu\u0161n\u00fdmi ustanoven\u00edmi pr\u00e1vn\u00edch p\u0159edpis\u016f: z\u00e1kona o ochran\u011b osobn\u00edch \u00fadaj\u016f, ob\u010dansk\u00e9ho z\u00e1kon\u00edku, na\u0159\u00edzen\u00ed Evropsk\u00e9ho parlamentu a Rady (EU) 2016\/679 o ochran\u011b fyzick\u00fdch osob v souvislosti se zpracov\u00e1n\u00edm osobn\u00edch \u00fadaj\u016f a o voln\u00e9m pohybu t\u011bchto \u00fadaj\u016f.<\/p>\n\n\n\n<p class=\"has-black-color has-text-color has-link-color wp-elements-467133082c0113cbc954160b39bf15d1\"><br><strong>II. Zdroje a kategorie zpracov\u00e1van\u00fdch osobn\u00edch \u00fadaj\u016f<\/strong><\/p>\n\n\n\n<p>Spr\u00e1vce zpracov\u00e1v\u00e1 osobn\u00ed \u00fadaje, kter\u00e9 jste mu poskytli, nebo osobn\u00ed \u00fadaje, kter\u00e9 Spr\u00e1vce z\u00edskal na z\u00e1klad\u011b pln\u011bn\u00ed Va\u0161\u00ed objedn\u00e1vky (d\u00e1le jen \u201eSmlouva\u201c).<\/p>\n\n\n\n<p class=\"has-black-color has-text-color has-link-color wp-elements-31e55500b73be8bab1cedff705f56a68\">Spr\u00e1vce zpracov\u00e1v\u00e1 pouze \u00fadaje nezbytn\u00e9 pro pln\u011bn\u00ed Smlouvy.<br><br><strong>III. Pr\u00e1vn\u00ed z\u00e1klad a \u00fa\u010del zpracov\u00e1n\u00ed osobn\u00edch \u00fadaj\u016f<\/strong><\/p>\n\n\n\n<p>Pr\u00e1vn\u00edm z\u00e1kladem pro zpracov\u00e1n\u00ed p\u0159ijat\u00fdch informac\u00ed je:<br>1.1. pln\u011bn\u00ed smlouvy mezi v\u00e1mi a spr\u00e1vcem dle \u010dl\u00e1nku 6(1)(b) GDPR,<\/p>\n\n\n\n<p>\u00da\u010delem zpracov\u00e1n\u00ed p\u0159ijat\u00fdch informac\u00ed je<br>2.1. zpracov\u00e1n\u00ed Va\u0161\u00ed objedn\u00e1vky a v\u00fdkon pr\u00e1v a povinnost\u00ed vypl\u00fdvaj\u00edc\u00edch ze smluvn\u00edho vztahu mezi V\u00e1mi a Spr\u00e1vcem; p\u0159i zad\u00e1v\u00e1n\u00ed objedn\u00e1vky jsou vy\u017eadov\u00e1ny informace, kter\u00e9 jsou nezbytn\u00e9 pro jej\u00ed \u00fasp\u011b\u0161n\u00e9 zpracov\u00e1n\u00ed (telefonn\u00ed \u010d\u00edslo), poskytnut\u00ed t\u011bchto informac\u00ed je nezbytn\u00fdm po\u017eadavkem pro uzav\u0159en\u00ed a pln\u011bn\u00ed smlouvy, bez poskytnut\u00ed t\u011bchto informac\u00ed nen\u00ed mo\u017en\u00e9 smlouvu uzav\u0159\u00edt ani ji ze strany Spr\u00e1vce plnit,<\/p>\n\n\n\n<p class=\"has-black-color has-text-color has-link-color wp-elements-e415cbb79651de5e7968d02d14427a3c\">Spr\u00e1vce neprov\u00e1d\u00ed automatick\u00e1 individu\u00e1ln\u00ed rozhodnut\u00ed ve smyslu \u010dl\u00e1nku 22 GDPR.<br><br><strong>IV. Doba uchov\u00e1v\u00e1n\u00ed \u00fadaj\u016f<\/strong><\/p>\n\n\n\n<p>Spr\u00e1vce ukl\u00e1d\u00e1 p\u0159ijat\u00e9 informace:<br>1.1. po dobu nezbytnou k v\u00fdkonu pr\u00e1v a povinnost\u00ed vypl\u00fdvaj\u00edc\u00edch ze smluvn\u00edho vztahu mezi v\u00e1mi a Spr\u00e1vcem a k uplat\u0148ov\u00e1n\u00ed n\u00e1rok\u016f z t\u011bchto smluvn\u00edch vztah\u016f (po dobu 6 m\u011bs\u00edc\u016f od ukon\u010den\u00ed smluvn\u00edho vztahu).<\/p>\n\n\n\n<p>Po uplynut\u00ed doby uchov\u00e1v\u00e1n\u00ed osobn\u00edch \u00fadaj\u016f Spr\u00e1vce osobn\u00ed \u00fadaje vyma\u017ee.<\/p>\n\n\n\n<p class=\"has-black-color has-text-color has-link-color wp-elements-71e7f1fa84c4f6f84cb70fc83f3f7e5e\"><strong><br>V. P\u0159\u00edjemci obdr\u017een\u00fdch informac\u00ed (subdodavatel\u00e9 Spr\u00e1vce)<\/strong><\/p>\n\n\n\n<p>P\u0159\u00edjemci obdr\u017een\u00fdch informac\u00ed jsou osoby:<br>1.1. \u00fa\u010dast na dod\u00e1vce zbo\u017e\u00ed, slu\u017eeb nebo prov\u00e1d\u011bn\u00ed plateb dle smlouvy,<br>1.2. poskytov\u00e1n\u00ed slu\u017eeb pro provoz objedn\u00e1vkov\u00e9ho syst\u00e9mu a dal\u0161\u00edch slu\u017eeb souvisej\u00edc\u00edch s jeho provozem,<br>1.3. poskytov\u00e1n\u00ed ekonomick\u00fdch, pr\u00e1vn\u00edch a poradensk\u00fdch slu\u017eeb v souvislosti s pln\u011bn\u00edm \u00fa\u010delu Smlouvy.<\/p>\n\n\n\n<p>Spr\u00e1vce nem\u00e1 v \u00famyslu p\u0159edat p\u0159ijat\u00e9 informace do t\u0159et\u00ed zem\u011b (zem\u011b mimo EU) ani mezin\u00e1rodn\u00ed organizaci.<\/p>\n\n\n\n<p class=\"has-black-color has-text-color has-link-color wp-elements-d757247d6057f525cfc60bf2bbe6a515\"><br><strong>VI. Va\u0161e pr\u00e1va<\/strong><\/p>\n\n\n\n<p>Za podm\u00ednek stanoven\u00fdch v GDPR, pokud poskytnete Spr\u00e1vci sv\u00e9 osobn\u00ed \u00fadaje, m\u00e1te:<br>1.1. pr\u00e1vo na p\u0159\u00edstup k va\u0161im osobn\u00edm \u00fadaj\u016fm podle \u010dl\u00e1nku 15 GDPR,<br>1.2. pr\u00e1vo na opravu osobn\u00edch \u00fadaj\u016f podle \u010dl\u00e1nku 16 GDPR nebo na omezen\u00ed zpracov\u00e1n\u00ed podle \u010dl\u00e1nku 18 GDPR.<br>1.3. pr\u00e1vo na v\u00fdmaz osobn\u00edch \u00fadaj\u016f dle \u010dl\u00e1nku 17 GDPR.<br>1.4. pr\u00e1vo vzn\u00e9st n\u00e1mitku proti zpracov\u00e1n\u00ed podle \u010dl\u00e1nku 21 GDPR,<br>1.5. pr\u00e1vo na p\u0159enositelnost \u00fadaj\u016f podle \u010dl\u00e1nku 20 GDPR,<br>1.6. v p\u0159\u00edpad\u011b souhlasu se zpracov\u00e1n\u00edm osobn\u00edch \u00fadaj\u016f pr\u00e1vo odvolat souhlas se zpracov\u00e1n\u00edm p\u00edsemn\u011b nebo elektronicky na adresu nebo e-mailovou adresu Spr\u00e1vce t\u011bchto obchodn\u00edch podm\u00ednek.<\/p>\n\n\n\n<p>M\u00e1te tak\u00e9 pr\u00e1vo podat st\u00ed\u017enost u \u00da\u0159adu pro ochranu osobn\u00edch \u00fadaj\u016f, pokud se domn\u00edv\u00e1te, \u017ee bylo poru\u0161eno va\u0161e pr\u00e1vo na ochranu osobn\u00edch \u00fadaj\u016f.<\/p>\n\n\n\n<p class=\"has-black-color has-text-color has-link-color wp-elements-8cf3161eaf8c72a0bb9cbf7965ecb624\"><br><strong>VII. Podm\u00ednky zabezpe\u010den\u00ed osobn\u00edch \u00fadaj\u016f<\/strong><\/p>\n\n\n\n<p>Spr\u00e1vce prohla\u0161uje, \u017ee p\u0159ijal ve\u0161ker\u00e1 vhodn\u00e1 technick\u00e1 a organiza\u010dn\u00ed opat\u0159en\u00ed k zabezpe\u010den\u00ed obdr\u017een\u00fdch informac\u00ed a osobn\u00edch \u00fadaj\u016f.<\/p>\n\n\n\n<p>Spr\u00e1vce p\u0159ijal technick\u00e1 opat\u0159en\u00ed k zabezpe\u010den\u00ed ukl\u00e1d\u00e1n\u00ed dat a informac\u00ed a osobn\u00edch \u00fadaj\u016f p\u0159ijat\u00fdch v pap\u00edrov\u00e9 podob\u011b, zejm\u00e9na hesla, antivirov\u00e9 programy, \u0161ifrov\u00e1n\u00ed, uzamykateln\u00e9 a odd\u011blen\u00e9 prostory.<\/p>\n\n\n\n<p>Spr\u00e1vce prohla\u0161uje, \u017ee k obdr\u017een\u00fdm informac\u00edm a osobn\u00edm \u00fadaj\u016fm maj\u00ed p\u0159\u00edstup pouze j\u00edm pov\u011b\u0159en\u00e9 osoby.<\/p>\n\n\n\n<p class=\"has-black-color has-text-color has-link-color wp-elements-aa00a5ed60726000fcc91fd18aa4fa8b\"><br><strong>VIII. Podm\u00ednky zabezpe\u010den\u00ed osobn\u00edch \u00fadaj\u016f<\/strong><\/p>\n\n\n\n<ul class=\"wp-block-list\">\n<li>Odesl\u00e1n\u00edm objedn\u00e1vky potvrzujete, \u017ee jste sezn\u00e1men\/a s podm\u00ednkami ochrany osobn\u00edch \u00fadaj\u016f a \u017ee je v cel\u00e9m rozsahu p\u0159ij\u00edm\u00e1te.<\/li>\n\n\n\n<li>Spr\u00e1vce je opr\u00e1vn\u011bn tyto obchodn\u00ed podm\u00ednky zm\u011bnit. Novou verzi podm\u00ednek ochrany osobn\u00edch \u00fadaj\u016f spr\u00e1vce zve\u0159ejn\u00ed na sv\u00fdch webov\u00fdch str\u00e1nk\u00e1ch a z\u00e1rove\u0148 v\u00e1m novou verzi t\u011bchto obchodn\u00edch podm\u00ednek za\u0161le na va\u0161i e-mailovou adresu, kterou jste spr\u00e1vci poskytli.<br>Tyto obchodn\u00ed podm\u00ednky jsou platn\u00e9 a \u00fa\u010dinn\u00e9 od 10. \u0159\u00edjna 2019<\/li>\n<\/ul>\n\n\n\n<p><\/p>","protected":false},"excerpt":{"rendered":"<p>I. Basic provisions By sending an order, you confirm that you are familiar with the terms and conditions for the<\/p>","protected":false},"author":1,"featured_media":0,"parent":0,"menu_order":0,"comment_status":"closed","ping_status":"closed","template":"","meta":{"_acf_changed":false,"footnotes":""},"class_list":["post-13","page","type-page","status-publish","hentry"],"acf":[],"yoast_head":"<!-- This site is optimized with the Yoast SEO plugin v27.3 - https:\/\/yoast.com\/product\/yoast-seo-wordpress\/ -->\n<title>Privacy Policy - vivasan-shop.com<\/title>\n<meta name=\"robots\" content=\"index, follow, max-snippet:-1, max-image-preview:large, max-video-preview:-1\" \/>\n<link rel=\"canonical\" href=\"https:\/\/vivasan-shop.com\/cs\/refund_returns\/\" \/>\n<meta property=\"og:locale\" content=\"cs_CZ\" \/>\n<meta property=\"og:type\" content=\"article\" \/>\n<meta property=\"og:title\" content=\"Privacy Policy - vivasan-shop.com\" \/>\n<meta property=\"og:description\" content=\"I. Basic provisions By sending an order, you confirm that you are familiar with the terms and conditions for the\" \/>\n<meta property=\"og:url\" content=\"https:\/\/vivasan-shop.com\/cs\/refund_returns\/\" \/>\n<meta property=\"og:site_name\" content=\"vivasan-shop.com\" \/>\n<meta property=\"article:modified_time\" content=\"2025-10-07T16:03:01+00:00\" \/>\n<meta property=\"og:image\" content=\"https:\/\/vivasan-shop.com\/wp-content\/uploads\/2025\/09\/photo_2025-09-04_15-07-27-removebg-preview.png\" \/>\n\t<meta property=\"og:image:width\" content=\"715\" \/>\n\t<meta property=\"og:image:height\" content=\"349\" \/>\n\t<meta property=\"og:image:type\" content=\"image\/png\" \/>\n<meta name=\"twitter:card\" content=\"summary_large_image\" \/>\n<meta name=\"twitter:label1\" content=\"Odhadovan\u00e1 doba \u010dten\u00ed\" \/>\n\t<meta name=\"twitter:data1\" content=\"5 minut\" \/>\n<script type=\"application\/ld+json\" class=\"yoast-schema-graph\">{\"@context\":\"https:\\\/\\\/schema.org\",\"@graph\":[{\"@type\":\"WebPage\",\"@id\":\"https:\\\/\\\/vivasan-shop.com\\\/refund_returns\\\/\",\"url\":\"https:\\\/\\\/vivasan-shop.com\\\/refund_returns\\\/\",\"name\":\"Privacy Policy - vivasan-shop.com\",\"isPartOf\":{\"@id\":\"https:\\\/\\\/vivasan-shop.com\\\/#website\"},\"datePublished\":\"2025-07-02T12:23:15+00:00\",\"dateModified\":\"2025-10-07T16:03:01+00:00\",\"breadcrumb\":{\"@id\":\"https:\\\/\\\/vivasan-shop.com\\\/refund_returns\\\/#breadcrumb\"},\"inLanguage\":\"cs\",\"potentialAction\":[{\"@type\":\"ReadAction\",\"target\":[\"https:\\\/\\\/vivasan-shop.com\\\/refund_returns\\\/\"]}]},{\"@type\":\"BreadcrumbList\",\"@id\":\"https:\\\/\\\/vivasan-shop.com\\\/refund_returns\\\/#breadcrumb\",\"itemListElement\":[{\"@type\":\"ListItem\",\"position\":1,\"name\":\"Home\",\"item\":\"https:\\\/\\\/vivasan-shop.com\\\/\"},{\"@type\":\"ListItem\",\"position\":2,\"name\":\"Privacy Policy\"}]},{\"@type\":\"WebSite\",\"@id\":\"https:\\\/\\\/vivasan-shop.com\\\/#website\",\"url\":\"https:\\\/\\\/vivasan-shop.com\\\/\",\"name\":\"Vivasan\",\"description\":\"\",\"publisher\":{\"@id\":\"https:\\\/\\\/vivasan-shop.com\\\/#organization\"},\"potentialAction\":[{\"@type\":\"SearchAction\",\"target\":{\"@type\":\"EntryPoint\",\"urlTemplate\":\"https:\\\/\\\/vivasan-shop.com\\\/?s={search_term_string}\"},\"query-input\":{\"@type\":\"PropertyValueSpecification\",\"valueRequired\":true,\"valueName\":\"search_term_string\"}}],\"inLanguage\":\"cs\"},{\"@type\":\"Organization\",\"@id\":\"https:\\\/\\\/vivasan-shop.com\\\/#organization\",\"name\":\"Vivasan\",\"url\":\"https:\\\/\\\/vivasan-shop.com\\\/\",\"logo\":{\"@type\":\"ImageObject\",\"inLanguage\":\"cs\",\"@id\":\"https:\\\/\\\/vivasan-shop.com\\\/#\\\/schema\\\/logo\\\/image\\\/\",\"url\":\"https:\\\/\\\/vivasan-shop.com\\\/wp-content\\\/uploads\\\/2025\\\/07\\\/photo_2025-07-05_23-33-41.jpg\",\"contentUrl\":\"https:\\\/\\\/vivasan-shop.com\\\/wp-content\\\/uploads\\\/2025\\\/07\\\/photo_2025-07-05_23-33-41.jpg\",\"width\":1080,\"height\":608,\"caption\":\"Vivasan\"},\"image\":{\"@id\":\"https:\\\/\\\/vivasan-shop.com\\\/#\\\/schema\\\/logo\\\/image\\\/\"}}]}<\/script>\n<!-- \/ Yoast SEO plugin. -->","yoast_head_json":{"title":"Privacy Policy - vivasan-shop.com","robots":{"index":"index","follow":"follow","max-snippet":"max-snippet:-1","max-image-preview":"max-image-preview:large","max-video-preview":"max-video-preview:-1"},"canonical":"https:\/\/vivasan-shop.com\/cs\/refund_returns\/","og_locale":"cs_CZ","og_type":"article","og_title":"Privacy Policy - vivasan-shop.com","og_description":"I. Basic provisions By sending an order, you confirm that you are familiar with the terms and conditions for the","og_url":"https:\/\/vivasan-shop.com\/cs\/refund_returns\/","og_site_name":"vivasan-shop.com","article_modified_time":"2025-10-07T16:03:01+00:00","og_image":[{"width":715,"height":349,"url":"https:\/\/vivasan-shop.com\/wp-content\/uploads\/2025\/09\/photo_2025-09-04_15-07-27-removebg-preview.png","type":"image\/png"}],"twitter_card":"summary_large_image","twitter_misc":{"Odhadovan\u00e1 doba \u010dten\u00ed":"5 minut"},"schema":{"@context":"https:\/\/schema.org","@graph":[{"@type":"WebPage","@id":"https:\/\/vivasan-shop.com\/refund_returns\/","url":"https:\/\/vivasan-shop.com\/refund_returns\/","name":"Privacy Policy - vivasan-shop.com","isPartOf":{"@id":"https:\/\/vivasan-shop.com\/#website"},"datePublished":"2025-07-02T12:23:15+00:00","dateModified":"2025-10-07T16:03:01+00:00","breadcrumb":{"@id":"https:\/\/vivasan-shop.com\/refund_returns\/#breadcrumb"},"inLanguage":"cs","potentialAction":[{"@type":"ReadAction","target":["https:\/\/vivasan-shop.com\/refund_returns\/"]}]},{"@type":"BreadcrumbList","@id":"https:\/\/vivasan-shop.com\/refund_returns\/#breadcrumb","itemListElement":[{"@type":"ListItem","position":1,"name":"Home","item":"https:\/\/vivasan-shop.com\/"},{"@type":"ListItem","position":2,"name":"Privacy Policy"}]},{"@type":"WebSite","@id":"https:\/\/vivasan-shop.com\/#website","url":"https:\/\/vivasan-shop.com\/","name":"Vivasan","description":"","publisher":{"@id":"https:\/\/vivasan-shop.com\/#organization"},"potentialAction":[{"@type":"SearchAction","target":{"@type":"EntryPoint","urlTemplate":"https:\/\/vivasan-shop.com\/?s={search_term_string}"},"query-input":{"@type":"PropertyValueSpecification","valueRequired":true,"valueName":"search_term_string"}}],"inLanguage":"cs"},{"@type":"Organization","@id":"https:\/\/vivasan-shop.com\/#organization","name":"Vivasan","url":"https:\/\/vivasan-shop.com\/","logo":{"@type":"ImageObject","inLanguage":"cs","@id":"https:\/\/vivasan-shop.com\/#\/schema\/logo\/image\/","url":"https:\/\/vivasan-shop.com\/wp-content\/uploads\/2025\/07\/photo_2025-07-05_23-33-41.jpg","contentUrl":"https:\/\/vivasan-shop.com\/wp-content\/uploads\/2025\/07\/photo_2025-07-05_23-33-41.jpg","width":1080,"height":608,"caption":"Vivasan"},"image":{"@id":"https:\/\/vivasan-shop.com\/#\/schema\/logo\/image\/"}}]}},"_links":{"self":[{"href":"https:\/\/vivasan-shop.com\/cs\/wp-json\/wp\/v2\/pages\/13","targetHints":{"allow":["GET"]}}],"collection":[{"href":"https:\/\/vivasan-shop.com\/cs\/wp-json\/wp\/v2\/pages"}],"about":[{"href":"https:\/\/vivasan-shop.com\/cs\/wp-json\/wp\/v2\/types\/page"}],"author":[{"embeddable":true,"href":"https:\/\/vivasan-shop.com\/cs\/wp-json\/wp\/v2\/users\/1"}],"replies":[{"embeddable":true,"href":"https:\/\/vivasan-shop.com\/cs\/wp-json\/wp\/v2\/comments?post=13"}],"version-history":[{"count":4,"href":"https:\/\/vivasan-shop.com\/cs\/wp-json\/wp\/v2\/pages\/13\/revisions"}],"predecessor-version":[{"id":2620,"href":"https:\/\/vivasan-shop.com\/cs\/wp-json\/wp\/v2\/pages\/13\/revisions\/2620"}],"wp:attachment":[{"href":"https:\/\/vivasan-shop.com\/cs\/wp-json\/wp\/v2\/media?parent=13"}],"curies":[{"name":"wp","href":"https:\/\/api.w.org\/{rel}","templated":true}]}}