{"id":2307,"date":"2025-07-16T10:51:05","date_gmt":"2025-07-16T10:51:05","guid":{"rendered":"https:\/\/vivasan-shop.com\/?page_id=2307"},"modified":"2025-08-08T17:03:24","modified_gmt":"2025-08-08T17:03:24","slug":"payment-and-delivery","status":"publish","type":"page","link":"https:\/\/vivasan-shop.com\/cs\/payment-and-delivery\/","title":{"rendered":"Platba a doru\u010den\u00ed"},"content":{"rendered":"<div data-elementor-type=\"wp-page\" data-elementor-id=\"2307\" class=\"elementor elementor-2307\">\n\t\t\t\t<div class=\"elementor-element elementor-element-b0358b8 e-flex e-con-boxed e-con e-parent\" data-id=\"b0358b8\" data-element_type=\"container\">\n\t\t\t\t\t<div class=\"e-con-inner\">\n\t\t\t\t<div class=\"elementor-element elementor-element-5637d60 elementor-widget elementor-widget-heading\" data-id=\"5637d60\" data-element_type=\"widget\" data-widget_type=\"heading.default\">\n\t\t\t\t<div class=\"elementor-widget-container\">\n\t\t\t\t\t<h2 class=\"elementor-heading-title elementor-size-default\">Dod\u00e1n\u00ed a platba<\/h2>\t\t\t\t<\/div>\n\t\t\t\t<\/div>\n\t\t\t\t<div class=\"elementor-element elementor-element-94e02cb color-scheme-inherit text-left elementor-widget elementor-widget-text-editor\" data-id=\"94e02cb\" data-element_type=\"widget\" data-widget_type=\"text-editor.default\">\n\t\t\t\t<div class=\"elementor-widget-container\">\n\t\t\t\t\t\t\t\t\t<p>Online platba p\u0159es Comgate<br \/>Pro va\u0161e pohodl\u00ed nab\u00edz\u00edme modern\u00ed a bezpe\u010dn\u00e9 platebn\u00ed metody prost\u0159ednictv\u00edm platebn\u00ed br\u00e1ny Comgate, a.s.<br \/>Platebn\u00ed syst\u00e9m spl\u0148uje nejvy\u0161\u0161\u00ed bezpe\u010dnostn\u00ed standardy a zaji\u0161\u0165uje rychl\u00e9 zpracov\u00e1n\u00ed plateb.<\/p>\t\t\t\t\t\t\t\t<\/div>\n\t\t\t\t<\/div>\n\t\t\t\t\t<\/div>\n\t\t\t\t<\/div>\n\t\t<div class=\"elementor-element elementor-element-8fd2725 e-flex e-con-boxed e-con e-parent\" data-id=\"8fd2725\" data-element_type=\"container\">\n\t\t\t\t\t<div class=\"e-con-inner\">\n\t\t\t\t<div class=\"elementor-element elementor-element-1295a2d elementor-widget elementor-widget-heading\" data-id=\"1295a2d\" data-element_type=\"widget\" data-widget_type=\"heading.default\">\n\t\t\t\t<div class=\"elementor-widget-container\">\n\t\t\t\t\t<h2 class=\"elementor-heading-title elementor-size-default\">V\u00edce informac\u00ed o platebn\u00edm syst\u00e9mu:<\/h2>\t\t\t\t<\/div>\n\t\t\t\t<\/div>\n\t\t\t\t<div class=\"elementor-element elementor-element-7de1b9c color-scheme-inherit text-left elementor-widget elementor-widget-text-editor\" data-id=\"7de1b9c\" data-element_type=\"widget\" data-widget_type=\"text-editor.default\">\n\t\t\t\t<div class=\"elementor-widget-container\">\n\t\t\t\t\t\t\t\t\t<p><a href=\"https:\/\/www.comgate.cz\/cz\/platebni-brana\">https:\/\/www.comgate.cz\/cz\/platebni-brana<\/a><\/p>\t\t\t\t\t\t\t\t<\/div>\n\t\t\t\t<\/div>\n\t\t\t\t\t<\/div>\n\t\t\t\t<\/div>\n\t\t<div class=\"elementor-element elementor-element-c276af5 e-flex e-con-boxed e-con e-parent\" data-id=\"c276af5\" data-element_type=\"container\">\n\t\t\t\t\t<div class=\"e-con-inner\">\n\t\t\t\t<div class=\"elementor-element elementor-element-b19fbcc elementor-widget elementor-widget-heading\" data-id=\"b19fbcc\" data-element_type=\"widget\" data-widget_type=\"heading.default\">\n\t\t\t\t<div class=\"elementor-widget-container\">\n\t\t\t\t\t<h2 class=\"elementor-heading-title elementor-size-default\">Dostupn\u00e9 platebn\u00ed metody:<\/h2>\t\t\t\t<\/div>\n\t\t\t\t<\/div>\n\t\t\t\t<div class=\"elementor-element elementor-element-e0c1172 color-scheme-inherit text-left elementor-widget elementor-widget-text-editor\" data-id=\"e0c1172\" data-element_type=\"widget\" data-widget_type=\"text-editor.default\">\n\t\t\t\t<div class=\"elementor-widget-container\">\n\t\t\t\t\t\t\t\t\t<p>Platba bankovn\u00ed kartou (Visa, Mastercard):<br \/>Po odesl\u00e1n\u00ed objedn\u00e1vky budete p\u0159esm\u011brov\u00e1ni na zabezpe\u010denou platebn\u00ed str\u00e1nku, kde m\u016f\u017eete zadat \u00fadaje o va\u0161\u00ed kart\u011b.<br \/><br \/><\/p>\t\t\t\t\t\t\t\t<\/div>\n\t\t\t\t<\/div>\n\t\t\t\t<div class=\"elementor-element elementor-element-d5abdde color-scheme-inherit text-left elementor-widget elementor-widget-text-editor\" data-id=\"d5abdde\" data-element_type=\"widget\" data-widget_type=\"text-editor.default\">\n\t\t\t\t<div class=\"elementor-widget-container\">\n\t\t\t\t\t\t\t\t\t<p>Bankovn\u00ed p\u0159evod p\u0159es internetov\u00e9 bankovnictv\u00ed (tla\u010d\u00edtka rychl\u00e9ho bankovnictv\u00ed):<br \/>Svou banku si m\u016f\u017eete vybrat ze seznamu a platbu potvrdit n\u011bkolika kliknut\u00edmi ve sv\u00e9m online \u00fa\u010dtu.<br \/><br \/><\/p>\t\t\t\t\t\t\t\t<\/div>\n\t\t\t\t<\/div>\n\t\t\t\t<div class=\"elementor-element elementor-element-560d57a color-scheme-inherit text-left elementor-widget elementor-widget-text-editor\" data-id=\"560d57a\" data-element_type=\"widget\" data-widget_type=\"text-editor.default\">\n\t\t\t\t<div class=\"elementor-widget-container\">\n\t\t\t\t\t\t\t\t\t<p>V\u0161echny transakce jsou zpracov\u00e1v\u00e1ny v zabezpe\u010den\u00e9m prost\u0159ed\u00ed. Neukl\u00e1d\u00e1me platebn\u00ed informace z\u00e1kazn\u00edk\u016f.<\/p>\t\t\t\t\t\t\t\t<\/div>\n\t\t\t\t<\/div>\n\t\t\t\t\t<\/div>\n\t\t\t\t<\/div>\n\t\t<div class=\"elementor-element elementor-element-1d5aef4 e-flex e-con-boxed e-con e-parent\" data-id=\"1d5aef4\" data-element_type=\"container\">\n\t\t\t\t\t<div class=\"e-con-inner\">\n\t\t\t\t<div class=\"elementor-element elementor-element-8de374f elementor-widget elementor-widget-heading\" data-id=\"8de374f\" data-element_type=\"widget\" data-widget_type=\"heading.default\">\n\t\t\t\t<div class=\"elementor-widget-container\">\n\t\t\t\t\t<h2 class=\"elementor-heading-title elementor-size-default\">Kontaktn\u00ed informace pro p\u0159\u00edpad probl\u00e9m\u016f s platbami:<\/h2>\t\t\t\t<\/div>\n\t\t\t\t<\/div>\n\t\t\t\t<div class=\"elementor-element elementor-element-54c9498 color-scheme-inherit text-left elementor-widget elementor-widget-text-editor\" data-id=\"54c9498\" data-element_type=\"widget\" data-widget_type=\"text-editor.default\">\n\t\t\t\t<div class=\"elementor-widget-container\">\n\t\t\t\t\t\t\t\t\t<p>Comgate, a.s.<br \/>Go\u010d\u00e1rova t\u0159\u00edda 1754 \/ 48b, Hradec Kr\u00e1lov\u00e9, Czech Republic<br \/>E-mail: platby-podpora@comgate.cz<br \/><a href=\"tel: 420 228 224 267\">Telefon: +420 228 224 267<\/a><\/p>\t\t\t\t\t\t\t\t<\/div>\n\t\t\t\t<\/div>\n\t\t\t\t\t<\/div>\n\t\t\t\t<\/div>\n\t\t<div class=\"elementor-element elementor-element-02bb0bd e-flex e-con-boxed e-con e-parent\" data-id=\"02bb0bd\" data-element_type=\"container\">\n\t\t\t\t\t<div class=\"e-con-inner\">\n\t\t\t\t<div class=\"elementor-element elementor-element-38bcf3b elementor-widget elementor-widget-heading\" data-id=\"38bcf3b\" data-element_type=\"widget\" data-widget_type=\"heading.default\">\n\t\t\t\t<div class=\"elementor-widget-container\">\n\t\t\t\t\t<h2 class=\"elementor-heading-title elementor-size-default\">Doprava:<\/h2>\t\t\t\t<\/div>\n\t\t\t\t<\/div>\n\t\t\t\t<div class=\"elementor-element elementor-element-f61f5b9 color-scheme-inherit text-left elementor-widget elementor-widget-text-editor\" data-id=\"f61f5b9\" data-element_type=\"widget\" data-widget_type=\"text-editor.default\">\n\t\t\t\t<div class=\"elementor-widget-container\">\n\t\t\t\t\t\t\t\t\t<p>Doru\u010dovac\u00ed slu\u017eby: kur\u00fdrn\u00ed slu\u017ebou DPD, GLS, Z\u00e1silkovna<\/p>\t\t\t\t\t\t\t\t<\/div>\n\t\t\t\t<\/div>\n\t\t\t\t<div class=\"elementor-element elementor-element-eee4fc9 color-scheme-inherit text-left elementor-widget elementor-widget-text-editor\" data-id=\"eee4fc9\" data-element_type=\"widget\" data-widget_type=\"text-editor.default\">\n\t\t\t\t<div class=\"elementor-widget-container\">\n\t\t\t\t\t\t\t\t\t<p>Cena dopravy: vypo\u010d\u00edt\u00e1na dle tarif\u016f doru\u010dovac\u00ed slu\u017eby nebo zdarma p\u0159i objedn\u00e1vce nad ur\u010ditou \u010d\u00e1stku (v z\u00e1vislosti na akci).<\/p>\t\t\t\t\t\t\t\t<\/div>\n\t\t\t\t<\/div>\n\t\t\t\t<div class=\"elementor-element elementor-element-981a96e color-scheme-inherit text-left elementor-widget elementor-widget-text-editor\" data-id=\"981a96e\" data-element_type=\"widget\" data-widget_type=\"text-editor.default\">\n\t\t\t\t<div class=\"elementor-widget-container\">\n\t\t\t\t\t\t\t\t\t<p>Dodac\u00ed lh\u016fta: 1\u20133 pracovn\u00ed dny po potvrzen\u00ed platby<\/p>\t\t\t\t\t\t\t\t<\/div>\n\t\t\t\t<\/div>\n\t\t\t\t<div class=\"elementor-element elementor-element-b75cf37 color-scheme-inherit text-left elementor-widget elementor-widget-text-editor\" data-id=\"b75cf37\" data-element_type=\"widget\" data-widget_type=\"text-editor.default\">\n\t\t\t\t<div class=\"elementor-widget-container\">\n\t\t\t\t\t\t\t\t\t<p>Po odesl\u00e1n\u00ed objedn\u00e1vky obdr\u017e\u00edte potvrzen\u00ed e-mailem a SMS zpr\u00e1vou s \u010d\u00edslem deklarace pro sledov\u00e1n\u00ed z\u00e1silky.<\/p>\t\t\t\t\t\t\t\t<\/div>\n\t\t\t\t<\/div>\n\t\t\t\t\t<\/div>\n\t\t\t\t<\/div>\n\t\t\t\t<\/div>","protected":false},"excerpt":{"rendered":"<p>Delivery and payment Online payment via ComgateFor your convenience, we offer modern and secure payment methods using the payment gateway<\/p>","protected":false},"author":1,"featured_media":0,"parent":0,"menu_order":0,"comment_status":"closed","ping_status":"closed","template":"elementor_header_footer","meta":{"_acf_changed":false,"footnotes":""},"class_list":["post-2307","page","type-page","status-publish","hentry"],"acf":[],"yoast_head":"<!-- This site is optimized with the Yoast SEO plugin v27.3 - https:\/\/yoast.com\/product\/yoast-seo-wordpress\/ -->\n<title>Payment and delivery - vivasan-shop.com<\/title>\n<meta name=\"robots\" content=\"index, follow, max-snippet:-1, max-image-preview:large, max-video-preview:-1\" \/>\n<link rel=\"canonical\" href=\"https:\/\/vivasan-shop.com\/cs\/payment-and-delivery\/\" \/>\n<meta property=\"og:locale\" content=\"cs_CZ\" \/>\n<meta property=\"og:type\" content=\"article\" \/>\n<meta property=\"og:title\" content=\"Payment and delivery - vivasan-shop.com\" \/>\n<meta property=\"og:description\" content=\"Delivery and payment Online payment via ComgateFor your convenience, we offer modern and secure payment methods using the payment gateway\" \/>\n<meta property=\"og:url\" content=\"https:\/\/vivasan-shop.com\/cs\/payment-and-delivery\/\" \/>\n<meta property=\"og:site_name\" content=\"vivasan-shop.com\" \/>\n<meta property=\"article:modified_time\" content=\"2025-08-08T17:03:24+00:00\" \/>\n<meta property=\"og:image\" content=\"https:\/\/vivasan-shop.com\/wp-content\/uploads\/2025\/09\/photo_2025-09-04_15-07-27-removebg-preview.png\" \/>\n\t<meta property=\"og:image:width\" content=\"715\" \/>\n\t<meta property=\"og:image:height\" content=\"349\" \/>\n\t<meta property=\"og:image:type\" content=\"image\/png\" \/>\n<meta name=\"twitter:card\" content=\"summary_large_image\" \/>\n<meta name=\"twitter:label1\" content=\"Odhadovan\u00e1 doba \u010dten\u00ed\" \/>\n\t<meta name=\"twitter:data1\" content=\"1 minuta\" \/>\n<script type=\"application\/ld+json\" class=\"yoast-schema-graph\">{\"@context\":\"https:\\\/\\\/schema.org\",\"@graph\":[{\"@type\":\"WebPage\",\"@id\":\"https:\\\/\\\/vivasan-shop.com\\\/payment-and-delivery\\\/\",\"url\":\"https:\\\/\\\/vivasan-shop.com\\\/payment-and-delivery\\\/\",\"name\":\"Payment and delivery - vivasan-shop.com\",\"isPartOf\":{\"@id\":\"https:\\\/\\\/vivasan-shop.com\\\/#website\"},\"datePublished\":\"2025-07-16T10:51:05+00:00\",\"dateModified\":\"2025-08-08T17:03:24+00:00\",\"breadcrumb\":{\"@id\":\"https:\\\/\\\/vivasan-shop.com\\\/payment-and-delivery\\\/#breadcrumb\"},\"inLanguage\":\"cs\",\"potentialAction\":[{\"@type\":\"ReadAction\",\"target\":[\"https:\\\/\\\/vivasan-shop.com\\\/payment-and-delivery\\\/\"]}]},{\"@type\":\"BreadcrumbList\",\"@id\":\"https:\\\/\\\/vivasan-shop.com\\\/payment-and-delivery\\\/#breadcrumb\",\"itemListElement\":[{\"@type\":\"ListItem\",\"position\":1,\"name\":\"Home\",\"item\":\"https:\\\/\\\/vivasan-shop.com\\\/\"},{\"@type\":\"ListItem\",\"position\":2,\"name\":\"Payment and delivery\"}]},{\"@type\":\"WebSite\",\"@id\":\"https:\\\/\\\/vivasan-shop.com\\\/#website\",\"url\":\"https:\\\/\\\/vivasan-shop.com\\\/\",\"name\":\"Vivasan\",\"description\":\"\",\"publisher\":{\"@id\":\"https:\\\/\\\/vivasan-shop.com\\\/#organization\"},\"potentialAction\":[{\"@type\":\"SearchAction\",\"target\":{\"@type\":\"EntryPoint\",\"urlTemplate\":\"https:\\\/\\\/vivasan-shop.com\\\/?s={search_term_string}\"},\"query-input\":{\"@type\":\"PropertyValueSpecification\",\"valueRequired\":true,\"valueName\":\"search_term_string\"}}],\"inLanguage\":\"cs\"},{\"@type\":\"Organization\",\"@id\":\"https:\\\/\\\/vivasan-shop.com\\\/#organization\",\"name\":\"Vivasan\",\"url\":\"https:\\\/\\\/vivasan-shop.com\\\/\",\"logo\":{\"@type\":\"ImageObject\",\"inLanguage\":\"cs\",\"@id\":\"https:\\\/\\\/vivasan-shop.com\\\/#\\\/schema\\\/logo\\\/image\\\/\",\"url\":\"https:\\\/\\\/vivasan-shop.com\\\/wp-content\\\/uploads\\\/2025\\\/07\\\/photo_2025-07-05_23-33-41.jpg\",\"contentUrl\":\"https:\\\/\\\/vivasan-shop.com\\\/wp-content\\\/uploads\\\/2025\\\/07\\\/photo_2025-07-05_23-33-41.jpg\",\"width\":1080,\"height\":608,\"caption\":\"Vivasan\"},\"image\":{\"@id\":\"https:\\\/\\\/vivasan-shop.com\\\/#\\\/schema\\\/logo\\\/image\\\/\"}}]}<\/script>\n<!-- \/ Yoast SEO plugin. -->","yoast_head_json":{"title":"Payment and delivery - vivasan-shop.com","robots":{"index":"index","follow":"follow","max-snippet":"max-snippet:-1","max-image-preview":"max-image-preview:large","max-video-preview":"max-video-preview:-1"},"canonical":"https:\/\/vivasan-shop.com\/cs\/payment-and-delivery\/","og_locale":"cs_CZ","og_type":"article","og_title":"Payment and delivery - vivasan-shop.com","og_description":"Delivery and payment Online payment via ComgateFor your convenience, we offer modern and secure payment methods using the payment gateway","og_url":"https:\/\/vivasan-shop.com\/cs\/payment-and-delivery\/","og_site_name":"vivasan-shop.com","article_modified_time":"2025-08-08T17:03:24+00:00","og_image":[{"width":715,"height":349,"url":"https:\/\/vivasan-shop.com\/wp-content\/uploads\/2025\/09\/photo_2025-09-04_15-07-27-removebg-preview.png","type":"image\/png"}],"twitter_card":"summary_large_image","twitter_misc":{"Odhadovan\u00e1 doba \u010dten\u00ed":"1 minuta"},"schema":{"@context":"https:\/\/schema.org","@graph":[{"@type":"WebPage","@id":"https:\/\/vivasan-shop.com\/payment-and-delivery\/","url":"https:\/\/vivasan-shop.com\/payment-and-delivery\/","name":"Payment and delivery - vivasan-shop.com","isPartOf":{"@id":"https:\/\/vivasan-shop.com\/#website"},"datePublished":"2025-07-16T10:51:05+00:00","dateModified":"2025-08-08T17:03:24+00:00","breadcrumb":{"@id":"https:\/\/vivasan-shop.com\/payment-and-delivery\/#breadcrumb"},"inLanguage":"cs","potentialAction":[{"@type":"ReadAction","target":["https:\/\/vivasan-shop.com\/payment-and-delivery\/"]}]},{"@type":"BreadcrumbList","@id":"https:\/\/vivasan-shop.com\/payment-and-delivery\/#breadcrumb","itemListElement":[{"@type":"ListItem","position":1,"name":"Home","item":"https:\/\/vivasan-shop.com\/"},{"@type":"ListItem","position":2,"name":"Payment and delivery"}]},{"@type":"WebSite","@id":"https:\/\/vivasan-shop.com\/#website","url":"https:\/\/vivasan-shop.com\/","name":"Vivasan","description":"","publisher":{"@id":"https:\/\/vivasan-shop.com\/#organization"},"potentialAction":[{"@type":"SearchAction","target":{"@type":"EntryPoint","urlTemplate":"https:\/\/vivasan-shop.com\/?s={search_term_string}"},"query-input":{"@type":"PropertyValueSpecification","valueRequired":true,"valueName":"search_term_string"}}],"inLanguage":"cs"},{"@type":"Organization","@id":"https:\/\/vivasan-shop.com\/#organization","name":"Vivasan","url":"https:\/\/vivasan-shop.com\/","logo":{"@type":"ImageObject","inLanguage":"cs","@id":"https:\/\/vivasan-shop.com\/#\/schema\/logo\/image\/","url":"https:\/\/vivasan-shop.com\/wp-content\/uploads\/2025\/07\/photo_2025-07-05_23-33-41.jpg","contentUrl":"https:\/\/vivasan-shop.com\/wp-content\/uploads\/2025\/07\/photo_2025-07-05_23-33-41.jpg","width":1080,"height":608,"caption":"Vivasan"},"image":{"@id":"https:\/\/vivasan-shop.com\/#\/schema\/logo\/image\/"}}]}},"_links":{"self":[{"href":"https:\/\/vivasan-shop.com\/cs\/wp-json\/wp\/v2\/pages\/2307","targetHints":{"allow":["GET"]}}],"collection":[{"href":"https:\/\/vivasan-shop.com\/cs\/wp-json\/wp\/v2\/pages"}],"about":[{"href":"https:\/\/vivasan-shop.com\/cs\/wp-json\/wp\/v2\/types\/page"}],"author":[{"embeddable":true,"href":"https:\/\/vivasan-shop.com\/cs\/wp-json\/wp\/v2\/users\/1"}],"replies":[{"embeddable":true,"href":"https:\/\/vivasan-shop.com\/cs\/wp-json\/wp\/v2\/comments?post=2307"}],"version-history":[{"count":7,"href":"https:\/\/vivasan-shop.com\/cs\/wp-json\/wp\/v2\/pages\/2307\/revisions"}],"predecessor-version":[{"id":2469,"href":"https:\/\/vivasan-shop.com\/cs\/wp-json\/wp\/v2\/pages\/2307\/revisions\/2469"}],"wp:attachment":[{"href":"https:\/\/vivasan-shop.com\/cs\/wp-json\/wp\/v2\/media?parent=2307"}],"curies":[{"name":"wp","href":"https:\/\/api.w.org\/{rel}","templated":true}]}}