{"id":113,"date":"2024-03-22T12:37:09","date_gmt":"2024-03-22T12:37:09","guid":{"rendered":"https:\/\/dummy.xtemos.com\/woodmart2\/pills-elementor\/?post_type=product&#038;p=113"},"modified":"2025-08-11T16:10:30","modified_gmt":"2025-08-11T16:10:30","slug":"depression-120-tablets","status":"publish","type":"product","link":"https:\/\/vivasan-shop.com\/cs\/shop\/aromatherapy\/essential-oils\/depression-120-tablets\/","title":{"rendered":"100% \u010dist\u00fd esenci\u00e1ln\u00ed olej \u201cIncense India\u201d Boswellia Serrata indick\u00e9 kadidlo, 10 ml"},"content":{"rendered":"<p>Hlavn\u00ed chemick\u00e9 slo\u017eky esenci\u00e1ln\u00edho oleje z kadidla jsou: limonen, alfa-pinen, borneol, farnesol, fellandren, myrcen a dal\u0161\u00ed slo\u017eky. Limonen m\u00e1 antioxida\u010dn\u00ed, protiz\u00e1n\u011btliv\u00e9 a protipl\u00eds\u0148ov\u00e9 vlastnosti. P\u0159edpokl\u00e1d\u00e1 se, \u017ee sni\u017euje pocity \u00fazkosti a stimuluje imunitn\u00ed syst\u00e9m. Je zn\u00e1mo, \u017ee pinen posiluje a povzbuzuje d\u00fdchac\u00ed syst\u00e9m a na z\u00e1klad\u011b empirick\u00fdch d\u016fkaz\u016f m\u00e1 mo\u010dopudn\u00e9 vlastnosti. Borneol dod\u00e1v\u00e1 tomuto oleji tonick\u00e9, anestetick\u00e9, sedativn\u00ed a spastick\u00e9 vlastnosti. Farnesol je slo\u017eka, kter\u00e1 umo\u017e\u0148uje tomuto oleji zm\u00edrnit zn\u00e1mky st\u00e1rnut\u00ed u nositele vyhlazov\u00e1n\u00edm vr\u00e1sek a zvy\u0161ov\u00e1n\u00edm elasticity poko\u017eky.<\/p>\n<ul>\n<li>\u010cist\u00fd prav\u00fd vonn\u00fd olej [Boswellia serrata] z Indie.<\/li>\n<li>100% destilovan\u00e1 vodn\u00ed p\u00e1ra bez chemick\u00fdch rozpou\u0161t\u011bdel.<\/li>\n<li>Produkt nebyl testov\u00e1n na zv\u00ed\u0159atech.<\/li>\n<li>Certifikov\u00e1no Halal.<\/li>\n<li>Certifikace GMP.<\/li>\n<li>Objem: 10 ml.<\/li>\n<\/ul>\n<p>100% \u010dist\u00fd esenci\u00e1ln\u00ed olej Indick\u00e9 kadidlo \u201eIncense of India\u201c je naz\u00fdv\u00e1no \u201ekr\u00e1lem esenci\u00e1ln\u00edch olej\u016f\u201c. Boswellia serrata je rostlina, ze kter\u00e9 se vyr\u00e1b\u00ed indick\u00e9 kadidlo (indick\u00e9 kadidlo). Balsamikov\u00e1, ko\u0159en\u011bn\u00e1, jemn\u00e1 v\u016fn\u011b, pln\u00e1 d\u016fstojnosti, moudrosti a jemnosti, zlep\u0161uje n\u00e1ladu a m\u00e1 soust\u0159ed\u011bn\u00fd a stabilizuj\u00edc\u00ed \u00fa\u010dinek. Jak l\u00e9pe za\u010d\u00edt den s relaxa\u010dn\u00ed v\u016fn\u00ed esenci\u00e1ln\u00edho oleje z kadidla? P\u0159idejte p\u00e1r kapek do sv\u00e9ho obl\u00edben\u00e9ho aroma difuz\u00e9ru \u2013 jemn\u00e1 mystick\u00e1 v\u016fn\u011b kadidla s t\u00f3ny citrus\u016f a ko\u0159en\u00ed a borov\u00e9 k\u016fry. Siln\u00e1, zemit\u00e1 v\u016fn\u011b lehce p\u0159ipom\u00ednaj\u00edc\u00ed rozmar\u00fdn v\u00e1m pom\u016f\u017ee z\u016fstat soust\u0159ed\u011bn\u00ed po cel\u00fd den. V\u016fn\u011b esenci\u00e1ln\u00edho oleje z kadidla p\u0159inese uspokojen\u00ed, zklidn\u011bn\u00ed, relaxaci a zlep\u0161\u00ed celkov\u00e9 zdrav\u00ed. M\u016f\u017ee pomoci zm\u00edrnit pocit bolesti, regeneruje, inspiruje a povzn\u00e1\u0161\u00ed.<\/p>\n<p><strong>Pou\u017e\u00edv\u00e1 se v aromaterapii:\u00a0<\/strong>Kadidlo p\u016fsob\u00ed jako expektorans, uvol\u0148uje nosn\u00ed dutiny, pom\u00e1h\u00e1 uvolnit ucpan\u00fd nos a usnad\u0148uje d\u00fdch\u00e1n\u00ed. Jeho sladk\u00e1 d\u0159evit\u00e1 v\u016fn\u011b m\u00e1 uklid\u0148uj\u00edc\u00ed \u00fa\u010dinek, zlep\u0161uje n\u00e1ladu, sni\u017euje pocity stresu a \u00fazkosti, zlep\u0161uje koncentraci a pam\u011b\u0165. Je zn\u00e1m jako protiz\u00e1n\u011btliv\u00fd olej, kter\u00fd zklid\u0148uje zan\u00edcenou poko\u017eku a z\u00e1rove\u0148 sni\u017euje zarudnut\u00ed, otok a sv\u011bd\u011bn\u00ed. Pom\u00e1h\u00e1 dezinfikovat poko\u017eku a stahovat p\u00f3ry, \u010d\u00edm\u017e podporuje rychlej\u0161\u00ed regeneraci \u0159ezn\u00fdch ran, ran a jizev. Esenci\u00e1ln\u00ed olej z kadidla lze p\u0159idat do difuz\u00e9ru nebo zvlh\u010dova\u010de vzduchu a vdechovat jeho uklid\u0148uj\u00edc\u00ed, zemitou v\u016fni, o kter\u00e9 je zn\u00e1mo, \u017ee zlep\u0161uje n\u00e1ladu a bojuje proti stresu a \u00fazkosti. V duchovn\u00edch praktik\u00e1ch se v\u011b\u0159\u00ed, \u017ee v\u016fn\u011b kadidla posiluje intuici i duchovn\u00ed spojen\u00ed. N\u011bkolik kapek kadidla p\u0159id\u00e1n\u00fdch do difuz\u00e9ru nebo sm\u00edchan\u00fdch s vodou osv\u011b\u017e\u00ed vzduch a zabije bakterie ve vzduchu. No\u010dn\u00ed post\u0159ik v lo\u017enici m\u016f\u017ee pomoci dos\u00e1hnout stavu relaxace a ospalosti.<\/p>\n<p>Kadidlov\u00fd esenci\u00e1ln\u00ed olej m\u00e1 \u0159adu prosp\u011b\u0161n\u00fdch vlastnost\u00ed a je \u0161iroce pou\u017e\u00edv\u00e1n v aromaterapii a kosmetologii. D\u00edky sv\u00fdm vlastnostem obnovuj\u00edc\u00edm bu\u0148ky je ide\u00e1ln\u00ed p\u0159\u00edsadou pro omlazuj\u00edc\u00ed ritu\u00e1ly, pom\u00e1h\u00e1 redukovat v\u00fdskyt jemn\u00fdch linek a vr\u00e1sek a z\u00e1rove\u0148 tonizuje a liftinguje ple\u0165, zanech\u00e1v\u00e1 ji sv\u011b\u017e\u00ed a mladistvou. Pro v\u00fdrobu p\u0159\u00edrodn\u00edch omlazuj\u00edc\u00edch s\u00e9r na obli\u010dej m\u016f\u017eete kadidlo sm\u00edchat s jin\u00fdmi esenci\u00e1ln\u00edmi oleji nebo z\u0159edit z\u00e1kladn\u00edm olejem a aplikovat na poko\u017eku. V \u0161amponech se v\u011b\u0159\u00ed, \u017ee jeho tonizuj\u00edc\u00ed vlastnosti pom\u00e1haj\u00ed posilovat vlasov\u00e9 ko\u0159\u00ednky.<\/p>\n<p><strong>Protiz\u00e1n\u011btliv\u00e9<\/strong>: \u00c9terick\u00fd olej z Boswellie pilovit\u00e9 m\u00e1 siln\u00e9 protiz\u00e1n\u011btliv\u00e9 vlastnosti, je \u00fa\u010dinn\u00fdm p\u0159\u00edrodn\u00edm prost\u0159edkem pro zklidn\u011bn\u00ed podr\u00e1\u017ed\u011bn\u00e9 nebo po\u0161kozen\u00e9 poko\u017eky, kadidlov\u00fd olej obnovuje epidermis a zklid\u0148uje posti\u017een\u00e1 m\u00edsta.<\/p>\n<p><strong>Rovnov\u00e1ha<\/strong>: Esenci\u00e1ln\u00ed olej z kadidla m\u00e1 schopnost vyrovn\u00e1vat hladiny hormon\u016f, co\u017e z n\u011bj \u010din\u00ed \u00fa\u010dinn\u00fd protijed na ko\u017en\u00ed onemocn\u011bn\u00ed, jako je akn\u00e9 nebo dokonce pigmentace. U osob s mastnou plet\u00ed \u00fa\u010dinn\u011b \u010dist\u00ed a vyrovn\u00e1v\u00e1 epidermis a dod\u00e1v\u00e1 pleti zdrav\u00fd lesk.<\/p>\n<p><strong>N\u00c1VOD K POU\u017dIT\u00cd:<\/strong>\u00a0Lze je pou\u017e\u00edt bu\u010f \u010dich\u00e1n\u00edm z lahvi\u010dky, nebo ve vzduchu (<a href=\"https:\/\/vivasan.club\/en\/c\/aromatherapy\/?filter_product-type=aroma-diffuser\">aroma difuz\u00e9r<\/a>), za\u010dlen\u011bn\u00ed do va\u0161\u00ed j\u00f3gov\u00e9 praxe, nan\u00e1\u0161en\u00ed na k\u016f\u017ei, pou\u017eit\u00ed p\u0159i meditaci nebo na pol\u0161t\u00e1\u0159 v noci. Provon\u011bn\u00ed m\u00edstnost\u00ed, mas\u00e1\u017e (p\u0159idejte 3\u20135 kapek do mas\u00e1\u017en\u00edho oleje), vhodn\u00e9 pro Vivasan\u00a0<a href=\"https:\/\/vivasan.club\/en\/p\/car-clip-aromapanel\/\">car-diffuser<\/a>, baths (add 8\u201310 drops to some milk and stir into water). Store at room temperature (15\u201325\u00b0C).<\/p>\n<p><strong>Pouze k vn\u011bj\u0161\u00edmu pou\u017eit\u00ed.<\/strong>\u00a0Neu\u017e\u00edvejte \u017e\u00e1dn\u00e9 esenci\u00e1ln\u00ed oleje vnit\u0159n\u011b. Zabra\u0148te kontaktu s o\u010dima a sliznicemi. Neaplikujte ne\u0159ed\u011bn\u00e9 esenci\u00e1ln\u00ed oleje na k\u016f\u017ei. Pokud jste t\u011bhotn\u00e1 nebo m\u00e1te jin\u00e9 zdravotn\u00ed probl\u00e9my, pou\u017e\u00edvejte esenci\u00e1ln\u00ed oleje pouze pod \u0159\u00e1dn\u00fdm veden\u00edm kvalifikovan\u00e9ho aromaterapeuta. Uchov\u00e1vejte mimo dosah d\u011bt\u00ed. P\u0159ed pou\u017eit\u00edm esenci\u00e1ln\u00edch olej\u016f u d\u011bt\u00ed se pora\u010fte s kvalifikovan\u00fdm aromaterapeutem. P\u0159ed pou\u017eit\u00edm esenci\u00e1ln\u00edho oleje, kter\u00fd jste nikdy p\u0159edt\u00edm nepou\u017e\u00edvali, by m\u011bl b\u00fdt proveden ko\u017en\u00ed test.<\/p>","protected":false},"excerpt":{"rendered":"<div class=\"woocommerce-product-details__short-description\">\n<p>Balzamikov\u00e1, ko\u0159en\u011bn\u00e1, jemn\u00e1 v\u016fn\u011b, pln\u00e1 d\u016fstojnosti, moudrosti a jemnosti, pozved\u00e1 n\u00e1ladu a m\u00e1 soust\u0159ed\u011bn\u00fd a stabilizuj\u00edc\u00ed \u00fa\u010dinek. Olej z Boswellia serrata m\u00e1 \u0159adu u\u017eite\u010dn\u00fdch vlastnost\u00ed a je \u0161iroce pou\u017e\u00edv\u00e1n v aromaterapii a kosmetologii. D\u00edky sv\u00fdm vlastnostem, kter\u00e9 podporuj\u00ed obnovu bun\u011bk, je kadidlov\u00fd olej ide\u00e1ln\u00ed ingredienc\u00ed pro ritu\u00e1ly proti st\u00e1rnut\u00ed. Esenci\u00e1ln\u00ed kadidlov\u00fd olej dok\u00e1\u017ee redukovat v\u00fdskyt jemn\u00fdch linek a vr\u00e1sek, tonizovat a zpev\u0148ovat ple\u0165 a zanech\u00e1vat ji sv\u011b\u017e\u00ed a mladistvou.<\/p>\n<p>Vyrobeno ve \u0160v\u00fdcarsku.<\/p>\n<\/div>\n<p>&nbsp;<\/p>\n<div class=\"vivasan-product-icons\"><img loading=\"lazy\" decoding=\"async\" class=\"product_icon\" title=\"Made in Switzerland\" src=\"https:\/\/vivasan.club\/assets\/images\/product-icons\/swiss.svg?v=2\" alt=\"Made in Switzerland\" width=\"40\" height=\"40\" \/><img loading=\"lazy\" decoding=\"async\" class=\"product_icon\" title=\"GMP Certified\" src=\"https:\/\/vivasan.club\/assets\/images\/product-icons\/gmp.svg?v=2\" alt=\"GMP Certified\" width=\"40\" height=\"40\" \/><img loading=\"lazy\" decoding=\"async\" class=\"product_icon\" title=\"Halal Certified\" src=\"https:\/\/vivasan.club\/assets\/images\/product-icons\/halal.svg?v=2\" alt=\"Halal Certified\" width=\"40\" height=\"40\" \/><img loading=\"lazy\" decoding=\"async\" class=\"product_icon\" title=\"Cruelty-free\" src=\"https:\/\/vivasan.club\/assets\/images\/product-icons\/crueltyfree.svg?v=2\" alt=\"Cruelty-free\" width=\"40\" height=\"40\" \/><\/div>\n<div class=\"wd-before-add-to-cart wd-entry-content\"><\/div>","protected":false},"featured_media":1073,"comment_status":"open","ping_status":"closed","template":"elementor_theme","meta":{"_acf_changed":false},"product_brand":[85],"product_cat":[58,61],"product_tag":[],"class_list":{"0":"post-113","1":"product","2":"type-product","3":"status-publish","4":"has-post-thumbnail","6":"product_brand-vivasan","7":"product_cat-aromatherapy","8":"product_cat-essential-oils","9":"pa_aromatic-notes-base-note","11":"first","12":"instock","13":"shipping-taxable","14":"purchasable","15":"product-type-simple"},"acf":[],"yoast_head":"<!-- This site is optimized with the Yoast SEO plugin v27.3 - https:\/\/yoast.com\/product\/yoast-seo-wordpress\/ -->\n<title>100% pure essential oil \u201cIncense India\u201d Boswellia Serrata Indian frankincense, 10 ml - vivasan-shop.com<\/title>\n<meta name=\"robots\" content=\"index, follow, max-snippet:-1, max-image-preview:large, max-video-preview:-1\" \/>\n<link rel=\"canonical\" href=\"https:\/\/vivasan-shop.com\/cs\/shop\/aromatherapy\/essential-oils\/depression-120-tablets\/\" \/>\n<meta property=\"og:locale\" content=\"cs_CZ\" \/>\n<meta property=\"og:type\" content=\"article\" \/>\n<meta property=\"og:title\" content=\"100% pure essential oil \u201cIncense India\u201d Boswellia Serrata Indian frankincense, 10 ml - vivasan-shop.com\" \/>\n<meta property=\"og:description\" content=\"Balsamic, spicy, mild aroma, full of dignity, wisdom and subtlety, uplifts the mood and has a focused and stabilizing effect. Boswellia serrata oil has a number of useful properties and is widely used in aromatherapy and cosmetology. Due to its properties that promote cell renewal, frankincense oil is an ideal ingredient for anti-aging rituals, frankincense essential oil can reduce the appearance of fine lines and wrinkles, toning and tightening the skin, leaving it fresh and youthful.  Made in Switzerland.   &nbsp;\" \/>\n<meta property=\"og:url\" content=\"https:\/\/vivasan-shop.com\/cs\/shop\/aromatherapy\/essential-oils\/depression-120-tablets\/\" \/>\n<meta property=\"og:site_name\" content=\"vivasan-shop.com\" \/>\n<meta property=\"article:modified_time\" content=\"2025-08-11T16:10:30+00:00\" \/>\n<meta property=\"og:image\" content=\"https:\/\/vivasan-shop.com\/wp-content\/uploads\/2025\/09\/photo_2025-09-04_15-07-27-removebg-preview.png\" \/>\n\t<meta property=\"og:image:width\" content=\"715\" \/>\n\t<meta property=\"og:image:height\" content=\"349\" \/>\n\t<meta property=\"og:image:type\" content=\"image\/png\" \/>\n<meta name=\"twitter:card\" content=\"summary_large_image\" \/>\n<meta name=\"twitter:label1\" content=\"Odhadovan\u00e1 doba \u010dten\u00ed\" \/>\n\t<meta name=\"twitter:data1\" content=\"1 minuta\" \/>\n<script type=\"application\/ld+json\" class=\"yoast-schema-graph\">{\"@context\":\"https:\\\/\\\/schema.org\",\"@graph\":[{\"@type\":[\"WebPage\",\"ItemPage\"],\"@id\":\"https:\\\/\\\/vivasan-shop.com\\\/shop\\\/aromatherapy\\\/essential-oils\\\/depression-120-tablets\\\/\",\"url\":\"https:\\\/\\\/vivasan-shop.com\\\/shop\\\/aromatherapy\\\/essential-oils\\\/depression-120-tablets\\\/\",\"name\":\"100% pure essential oil \u201cIncense India\u201d Boswellia Serrata Indian frankincense, 10 ml - vivasan-shop.com\",\"isPartOf\":{\"@id\":\"https:\\\/\\\/vivasan-shop.com\\\/#website\"},\"primaryImageOfPage\":{\"@id\":\"https:\\\/\\\/vivasan-shop.com\\\/shop\\\/aromatherapy\\\/essential-oils\\\/depression-120-tablets\\\/#primaryimage\"},\"image\":{\"@id\":\"https:\\\/\\\/vivasan-shop.com\\\/shop\\\/aromatherapy\\\/essential-oils\\\/depression-120-tablets\\\/#primaryimage\"},\"thumbnailUrl\":\"https:\\\/\\\/vivasan-shop.com\\\/wp-content\\\/uploads\\\/2024\\\/03\\\/vivasan.club-20190326-1420-07764676-2.avif\",\"datePublished\":\"2024-03-22T12:37:09+00:00\",\"dateModified\":\"2025-08-11T16:10:30+00:00\",\"breadcrumb\":{\"@id\":\"https:\\\/\\\/vivasan-shop.com\\\/shop\\\/aromatherapy\\\/essential-oils\\\/depression-120-tablets\\\/#breadcrumb\"},\"inLanguage\":\"cs\",\"potentialAction\":[{\"@type\":\"ReadAction\",\"target\":[\"https:\\\/\\\/vivasan-shop.com\\\/shop\\\/aromatherapy\\\/essential-oils\\\/depression-120-tablets\\\/\"]}]},{\"@type\":\"ImageObject\",\"inLanguage\":\"cs\",\"@id\":\"https:\\\/\\\/vivasan-shop.com\\\/shop\\\/aromatherapy\\\/essential-oils\\\/depression-120-tablets\\\/#primaryimage\",\"url\":\"https:\\\/\\\/vivasan-shop.com\\\/wp-content\\\/uploads\\\/2024\\\/03\\\/vivasan.club-20190326-1420-07764676-2.avif\",\"contentUrl\":\"https:\\\/\\\/vivasan-shop.com\\\/wp-content\\\/uploads\\\/2024\\\/03\\\/vivasan.club-20190326-1420-07764676-2.avif\",\"width\":600,\"height\":600},{\"@type\":\"BreadcrumbList\",\"@id\":\"https:\\\/\\\/vivasan-shop.com\\\/shop\\\/aromatherapy\\\/essential-oils\\\/depression-120-tablets\\\/#breadcrumb\",\"itemListElement\":[{\"@type\":\"ListItem\",\"position\":1,\"name\":\"Home\",\"item\":\"https:\\\/\\\/vivasan-shop.com\\\/\"},{\"@type\":\"ListItem\",\"position\":2,\"name\":\"Shop\",\"item\":\"https:\\\/\\\/vivasan-shop.com\\\/shop\\\/\"},{\"@type\":\"ListItem\",\"position\":3,\"name\":\"100% pure essential oil \u201cIncense India\u201d Boswellia Serrata Indian frankincense, 10 ml\"}]},{\"@type\":\"WebSite\",\"@id\":\"https:\\\/\\\/vivasan-shop.com\\\/#website\",\"url\":\"https:\\\/\\\/vivasan-shop.com\\\/\",\"name\":\"Vivasan\",\"description\":\"\",\"publisher\":{\"@id\":\"https:\\\/\\\/vivasan-shop.com\\\/#organization\"},\"potentialAction\":[{\"@type\":\"SearchAction\",\"target\":{\"@type\":\"EntryPoint\",\"urlTemplate\":\"https:\\\/\\\/vivasan-shop.com\\\/?s={search_term_string}\"},\"query-input\":{\"@type\":\"PropertyValueSpecification\",\"valueRequired\":true,\"valueName\":\"search_term_string\"}}],\"inLanguage\":\"cs\"},{\"@type\":\"Organization\",\"@id\":\"https:\\\/\\\/vivasan-shop.com\\\/#organization\",\"name\":\"Vivasan\",\"url\":\"https:\\\/\\\/vivasan-shop.com\\\/\",\"logo\":{\"@type\":\"ImageObject\",\"inLanguage\":\"cs\",\"@id\":\"https:\\\/\\\/vivasan-shop.com\\\/#\\\/schema\\\/logo\\\/image\\\/\",\"url\":\"https:\\\/\\\/vivasan-shop.com\\\/wp-content\\\/uploads\\\/2025\\\/07\\\/photo_2025-07-05_23-33-41.jpg\",\"contentUrl\":\"https:\\\/\\\/vivasan-shop.com\\\/wp-content\\\/uploads\\\/2025\\\/07\\\/photo_2025-07-05_23-33-41.jpg\",\"width\":1080,\"height\":608,\"caption\":\"Vivasan\"},\"image\":{\"@id\":\"https:\\\/\\\/vivasan-shop.com\\\/#\\\/schema\\\/logo\\\/image\\\/\"}}]}<\/script>\n<!-- \/ Yoast SEO plugin. -->","yoast_head_json":{"title":"100% pure essential oil \u201cIncense India\u201d Boswellia Serrata Indian frankincense, 10 ml - vivasan-shop.com","robots":{"index":"index","follow":"follow","max-snippet":"max-snippet:-1","max-image-preview":"max-image-preview:large","max-video-preview":"max-video-preview:-1"},"canonical":"https:\/\/vivasan-shop.com\/cs\/shop\/aromatherapy\/essential-oils\/depression-120-tablets\/","og_locale":"cs_CZ","og_type":"article","og_title":"100% pure essential oil \u201cIncense India\u201d Boswellia Serrata Indian frankincense, 10 ml - vivasan-shop.com","og_description":"Balsamic, spicy, mild aroma, full of dignity, wisdom and subtlety, uplifts the mood and has a focused and stabilizing effect. Boswellia serrata oil has a number of useful properties and is widely used in aromatherapy and cosmetology. Due to its properties that promote cell renewal, frankincense oil is an ideal ingredient for anti-aging rituals, frankincense essential oil can reduce the appearance of fine lines and wrinkles, toning and tightening the skin, leaving it fresh and youthful.  Made in Switzerland.   &nbsp;","og_url":"https:\/\/vivasan-shop.com\/cs\/shop\/aromatherapy\/essential-oils\/depression-120-tablets\/","og_site_name":"vivasan-shop.com","article_modified_time":"2025-08-11T16:10:30+00:00","og_image":[{"width":715,"height":349,"url":"https:\/\/vivasan-shop.com\/wp-content\/uploads\/2025\/09\/photo_2025-09-04_15-07-27-removebg-preview.png","type":"image\/png"}],"twitter_card":"summary_large_image","twitter_misc":{"Odhadovan\u00e1 doba \u010dten\u00ed":"1 minuta"},"schema":{"@context":"https:\/\/schema.org","@graph":[{"@type":["WebPage","ItemPage"],"@id":"https:\/\/vivasan-shop.com\/shop\/aromatherapy\/essential-oils\/depression-120-tablets\/","url":"https:\/\/vivasan-shop.com\/shop\/aromatherapy\/essential-oils\/depression-120-tablets\/","name":"100% pure essential oil \u201cIncense India\u201d Boswellia Serrata Indian frankincense, 10 ml - vivasan-shop.com","isPartOf":{"@id":"https:\/\/vivasan-shop.com\/#website"},"primaryImageOfPage":{"@id":"https:\/\/vivasan-shop.com\/shop\/aromatherapy\/essential-oils\/depression-120-tablets\/#primaryimage"},"image":{"@id":"https:\/\/vivasan-shop.com\/shop\/aromatherapy\/essential-oils\/depression-120-tablets\/#primaryimage"},"thumbnailUrl":"https:\/\/vivasan-shop.com\/wp-content\/uploads\/2024\/03\/vivasan.club-20190326-1420-07764676-2.avif","datePublished":"2024-03-22T12:37:09+00:00","dateModified":"2025-08-11T16:10:30+00:00","breadcrumb":{"@id":"https:\/\/vivasan-shop.com\/shop\/aromatherapy\/essential-oils\/depression-120-tablets\/#breadcrumb"},"inLanguage":"cs","potentialAction":[{"@type":"ReadAction","target":["https:\/\/vivasan-shop.com\/shop\/aromatherapy\/essential-oils\/depression-120-tablets\/"]}]},{"@type":"ImageObject","inLanguage":"cs","@id":"https:\/\/vivasan-shop.com\/shop\/aromatherapy\/essential-oils\/depression-120-tablets\/#primaryimage","url":"https:\/\/vivasan-shop.com\/wp-content\/uploads\/2024\/03\/vivasan.club-20190326-1420-07764676-2.avif","contentUrl":"https:\/\/vivasan-shop.com\/wp-content\/uploads\/2024\/03\/vivasan.club-20190326-1420-07764676-2.avif","width":600,"height":600},{"@type":"BreadcrumbList","@id":"https:\/\/vivasan-shop.com\/shop\/aromatherapy\/essential-oils\/depression-120-tablets\/#breadcrumb","itemListElement":[{"@type":"ListItem","position":1,"name":"Home","item":"https:\/\/vivasan-shop.com\/"},{"@type":"ListItem","position":2,"name":"Shop","item":"https:\/\/vivasan-shop.com\/shop\/"},{"@type":"ListItem","position":3,"name":"100% pure essential oil \u201cIncense India\u201d Boswellia Serrata Indian frankincense, 10 ml"}]},{"@type":"WebSite","@id":"https:\/\/vivasan-shop.com\/#website","url":"https:\/\/vivasan-shop.com\/","name":"Vivasan","description":"","publisher":{"@id":"https:\/\/vivasan-shop.com\/#organization"},"potentialAction":[{"@type":"SearchAction","target":{"@type":"EntryPoint","urlTemplate":"https:\/\/vivasan-shop.com\/?s={search_term_string}"},"query-input":{"@type":"PropertyValueSpecification","valueRequired":true,"valueName":"search_term_string"}}],"inLanguage":"cs"},{"@type":"Organization","@id":"https:\/\/vivasan-shop.com\/#organization","name":"Vivasan","url":"https:\/\/vivasan-shop.com\/","logo":{"@type":"ImageObject","inLanguage":"cs","@id":"https:\/\/vivasan-shop.com\/#\/schema\/logo\/image\/","url":"https:\/\/vivasan-shop.com\/wp-content\/uploads\/2025\/07\/photo_2025-07-05_23-33-41.jpg","contentUrl":"https:\/\/vivasan-shop.com\/wp-content\/uploads\/2025\/07\/photo_2025-07-05_23-33-41.jpg","width":1080,"height":608,"caption":"Vivasan"},"image":{"@id":"https:\/\/vivasan-shop.com\/#\/schema\/logo\/image\/"}}]}},"_links":{"self":[{"href":"https:\/\/vivasan-shop.com\/cs\/wp-json\/wp\/v2\/product\/113","targetHints":{"allow":["GET"]}}],"collection":[{"href":"https:\/\/vivasan-shop.com\/cs\/wp-json\/wp\/v2\/product"}],"about":[{"href":"https:\/\/vivasan-shop.com\/cs\/wp-json\/wp\/v2\/types\/product"}],"replies":[{"embeddable":true,"href":"https:\/\/vivasan-shop.com\/cs\/wp-json\/wp\/v2\/comments?post=113"}],"version-history":[{"count":8,"href":"https:\/\/vivasan-shop.com\/cs\/wp-json\/wp\/v2\/product\/113\/revisions"}],"predecessor-version":[{"id":1192,"href":"https:\/\/vivasan-shop.com\/cs\/wp-json\/wp\/v2\/product\/113\/revisions\/1192"}],"wp:featuredmedia":[{"embeddable":true,"href":"https:\/\/vivasan-shop.com\/cs\/wp-json\/wp\/v2\/media\/1073"}],"wp:attachment":[{"href":"https:\/\/vivasan-shop.com\/cs\/wp-json\/wp\/v2\/media?parent=113"}],"wp:term":[{"taxonomy":"product_brand","embeddable":true,"href":"https:\/\/vivasan-shop.com\/cs\/wp-json\/wp\/v2\/product_brand?post=113"},{"taxonomy":"product_cat","embeddable":true,"href":"https:\/\/vivasan-shop.com\/cs\/wp-json\/wp\/v2\/product_cat?post=113"},{"taxonomy":"product_tag","embeddable":true,"href":"https:\/\/vivasan-shop.com\/cs\/wp-json\/wp\/v2\/product_tag?post=113"}],"curies":[{"name":"wp","href":"https:\/\/api.w.org\/{rel}","templated":true}]}}