{"id":118,"date":"2024-03-22T12:37:00","date_gmt":"2024-03-22T12:37:00","guid":{"rendered":"https:\/\/dummy.xtemos.com\/woodmart2\/pills-elementor\/?post_type=product&#038;p=118"},"modified":"2025-08-11T16:10:30","modified_gmt":"2025-08-11T16:10:30","slug":"eye-vision-30-capsules","status":"publish","type":"product","link":"https:\/\/vivasan-shop.com\/cs\/shop\/aromatherapy\/essential-oils\/eye-vision-30-capsules\/","title":{"rendered":"100% \u010dist\u00fd esenci\u00e1ln\u00ed olej citronella \u201eMedu\u0148ka\u201c, 10 ml"},"content":{"rendered":"<p>The essential oil of Citronella [Cymbopogon winterianus L.] is also known as java citronella: the main composition is citronellal (32-45%), geraniol (11-13%), geranyl acetate (3-8%), limonene (1-4%). Citronella is usually mistaken for lemongrass or called lemongrass because they have a similar appearance, however the two plants simply belong to the same plant family. Citronella has a herbal, citrusy, fresh scent reminiscent of lemon balm. The essential oil of citronella, used in aromatherapy, slows down and prevents the spread of harmful airborne bacteria, repels flying insects, uplifts mood and relaxes the body and mind. The oil is believed to be able to reduce muscle cramps, relieve headaches and increase energy. Used for cosmetic purposes, citronella essential oil can deodorize and refresh unpleasant body odor, slow down the aging process and improve skin health. Citronella oil is also great for conditioning, sun protection, hair loss and hair volume. A fresh, vibrant citrus scent ideal for natural sprays and diffuser blends. The scent of citronella oil is known to blend well with all citrus essential oils like lemon and orange, as well as clary sage, eucalyptus, geranium, lavender, peppermint, fir, rosemary, and tea tree essential oils.<\/p>\n<ul>\n<li>100% pure genuine lemon balm oil [Cymbopogon winterianus L.] from France<\/li>\n<li>100% destilace vodn\u00ed p\u00e1rou bez chemick\u00fdch rozpou\u0161t\u011bdel<\/li>\n<li>Produkt nebyl testov\u00e1n na zv\u00ed\u0159atech<\/li>\n<li>Bez GMO<\/li>\n<li>Bez paraben\u016f<\/li>\n<li>Certifikov\u00e1no Halal<\/li>\n<li>Objem: 10 ml<\/li>\n<\/ul>\n<p>100% pure genuine lemon balm oil refreshing essence which is reminiscent of lemon and grass. An oil similar to a light, yellow ray of light that banishes tiredness and inspires our creativity and imagination. Good air enhancer. Helps concentration, mood lifting, refreshing. Citronella essential oil has strong psychological effects, helps to remove negative feelings, alleviates melancholy and sadness and gives strength to overcome unpleasant life events. It harmonizes the emotional system and has an overall calming effect. It relieves mental and physical tension, neutralizes the impact of stress on the body, helps relaxation and helps with insomnia and concentration disorders.\u00a0The main ability of lemon balm is to suppress irritation, nervousness and alleviate mild neurotic problems. It is used for insomnia, mental stress.<\/p>\n<p><strong>Antidepressant:\u00a0<\/strong>Natural antidepressant, has a pronounced effect on the psychoemotional sphere of a person. Perfectly soothes, eliminates depression and melancholy, normalizes sleep, improves memory.<\/p>\n<p><strong>Antiseptic:<\/strong>\u00a0Possesses antiviral effect, facilitates the course of respiratory viral infections, helps to reduce temperature.<\/p>\n<p><strong>Insect Repellent:<\/strong>\u00a0Sends an alarm for insects, so during summer it is possible to apply to the collar of a pet to repel fleas and ticks. Also capable of killing moths.<\/p>\n<p><strong>N\u00c1VOD K POU\u017dIT\u00cd:<\/strong>\u00a0Can be used by either smelling them from the bottle or in the air (aroma diffuser), incorporating them into your yoga practice, applying them to the skin, for use in meditation or on your pillow at night. Scenting rooms, massaging (add 3\u20135 drops to a massage oil), suitable for the Vivasan car-diffuser, baths (add 8\u201310 drops to some milk and stir into water). Store at room temperature (15\u201325\u00b0C).<\/p>\n<p><strong>Pouze k vn\u011bj\u0161\u00edmu pou\u017eit\u00ed.<\/strong>\u00a0Do not take any essential oils internally. Avoid contact with eyes and mucous membranes. Do not apply undiluted essential oils onto the skin. Use essential oils only under the proper guidance of a qualified aromatherapy practitioner if you are pregnant or have any other medical issues. Keep away from children. Consult a qualified aromatherapy practitioner before using essential oils on children. A skin patch test should be conducted prior to using an essential oil that you\u2019ve never used before.<\/p>\n<p>&nbsp;<\/p>","protected":false},"excerpt":{"rendered":"<div class=\"woocommerce-product-details__short-description\">\n<p>100% pure genuine citronella oil refreshing essence which is reminiscent of lemon and grass. An oil similar to a light, yellow ray of light that banishes tiredness and inspires our creativity and imagination. Good air enhancer. Helps concentration, mood lifting, refreshing. Citronella essential oil has strong psychological effects, helps to remove negative feelings, alleviates melancholy and sadness and gives strength to overcome unpleasant life events. It harmonizes the emotional system and has an overall calming effect.<\/p>\n<p>Vyrobeno ve \u0160v\u00fdcarsku.<\/p>\n<\/div>\n<div class=\"vivasan-product-icons\"><img loading=\"lazy\" decoding=\"async\" class=\"product_icon\" title=\"Made in Switzerland\" src=\"https:\/\/vivasan.club\/assets\/images\/product-icons\/swiss.svg?v=2\" alt=\"Made in Switzerland\" width=\"40\" height=\"40\" \/><img loading=\"lazy\" decoding=\"async\" class=\"product_icon\" title=\"GMP Certified\" src=\"https:\/\/vivasan.club\/assets\/images\/product-icons\/gmp.svg?v=2\" alt=\"GMP Certified\" width=\"40\" height=\"40\" \/><img loading=\"lazy\" decoding=\"async\" class=\"product_icon\" title=\"Halal Certified\" src=\"https:\/\/vivasan.club\/assets\/images\/product-icons\/halal.svg?v=2\" alt=\"Halal Certified\" width=\"40\" height=\"40\" \/><img loading=\"lazy\" decoding=\"async\" class=\"product_icon\" title=\"Cruelty-free\" src=\"https:\/\/vivasan.club\/assets\/images\/product-icons\/crueltyfree.svg?v=2\" alt=\"Cruelty-free\" width=\"40\" height=\"40\" \/><\/div>","protected":false},"featured_media":1099,"comment_status":"open","ping_status":"closed","template":"","meta":{"_acf_changed":false},"product_brand":[85],"product_cat":[58,61],"product_tag":[],"class_list":{"0":"post-118","1":"product","2":"type-product","3":"status-publish","4":"has-post-thumbnail","6":"product_brand-vivasan","7":"product_cat-aromatherapy","8":"product_cat-essential-oils","9":"pa_aromatic-notes-middle-note","11":"first","12":"instock","13":"shipping-taxable","14":"purchasable","15":"product-type-simple"},"acf":[],"yoast_head":"<!-- This site is optimized with the Yoast SEO plugin v27.3 - https:\/\/yoast.com\/product\/yoast-seo-wordpress\/ -->\n<title>100% pure essential oil citronella \u201cLemon Balm\u201d, 10 ml - vivasan-shop.com<\/title>\n<meta name=\"robots\" content=\"index, follow, max-snippet:-1, max-image-preview:large, max-video-preview:-1\" \/>\n<link rel=\"canonical\" href=\"https:\/\/vivasan-shop.com\/cs\/shop\/aromatherapy\/essential-oils\/eye-vision-30-capsules\/\" \/>\n<meta property=\"og:locale\" content=\"cs_CZ\" \/>\n<meta property=\"og:type\" content=\"article\" \/>\n<meta property=\"og:title\" content=\"100% pure essential oil citronella \u201cLemon Balm\u201d, 10 ml - vivasan-shop.com\" \/>\n<meta property=\"og:description\" content=\"100% pure genuine citronella oil refreshing essence which is reminiscent of lemon and grass. An oil similar to a light, yellow ray of light that banishes tiredness and inspires our creativity and imagination. Good air enhancer. Helps concentration, mood lifting, refreshing. Citronella essential oil has strong psychological effects, helps to remove negative feelings, alleviates melancholy and sadness and gives strength to overcome unpleasant life events. It harmonizes the emotional system and has an overall calming effect.  Made in Switzerland.\" \/>\n<meta property=\"og:url\" content=\"https:\/\/vivasan-shop.com\/cs\/shop\/aromatherapy\/essential-oils\/eye-vision-30-capsules\/\" \/>\n<meta property=\"og:site_name\" content=\"vivasan-shop.com\" \/>\n<meta property=\"article:modified_time\" content=\"2025-08-11T16:10:30+00:00\" \/>\n<meta property=\"og:image\" content=\"https:\/\/vivasan-shop.com\/wp-content\/uploads\/2025\/09\/photo_2025-09-04_15-07-27-removebg-preview.png\" \/>\n\t<meta property=\"og:image:width\" content=\"715\" \/>\n\t<meta property=\"og:image:height\" content=\"349\" \/>\n\t<meta property=\"og:image:type\" content=\"image\/png\" \/>\n<meta name=\"twitter:card\" content=\"summary_large_image\" \/>\n<meta name=\"twitter:label1\" content=\"Odhadovan\u00e1 doba \u010dten\u00ed\" \/>\n\t<meta name=\"twitter:data1\" content=\"1 minuta\" \/>\n<script type=\"application\/ld+json\" class=\"yoast-schema-graph\">{\"@context\":\"https:\\\/\\\/schema.org\",\"@graph\":[{\"@type\":[\"WebPage\",\"ItemPage\"],\"@id\":\"https:\\\/\\\/vivasan-shop.com\\\/shop\\\/aromatherapy\\\/essential-oils\\\/eye-vision-30-capsules\\\/\",\"url\":\"https:\\\/\\\/vivasan-shop.com\\\/shop\\\/aromatherapy\\\/essential-oils\\\/eye-vision-30-capsules\\\/\",\"name\":\"100% pure essential oil citronella \u201cLemon Balm\u201d, 10 ml - vivasan-shop.com\",\"isPartOf\":{\"@id\":\"https:\\\/\\\/vivasan-shop.com\\\/#website\"},\"primaryImageOfPage\":{\"@id\":\"https:\\\/\\\/vivasan-shop.com\\\/shop\\\/aromatherapy\\\/essential-oils\\\/eye-vision-30-capsules\\\/#primaryimage\"},\"image\":{\"@id\":\"https:\\\/\\\/vivasan-shop.com\\\/shop\\\/aromatherapy\\\/essential-oils\\\/eye-vision-30-capsules\\\/#primaryimage\"},\"thumbnailUrl\":\"https:\\\/\\\/vivasan-shop.com\\\/wp-content\\\/uploads\\\/2024\\\/03\\\/vivasan.club-20190329-1220-19787590-1.avif\",\"datePublished\":\"2024-03-22T12:37:00+00:00\",\"dateModified\":\"2025-08-11T16:10:30+00:00\",\"breadcrumb\":{\"@id\":\"https:\\\/\\\/vivasan-shop.com\\\/shop\\\/aromatherapy\\\/essential-oils\\\/eye-vision-30-capsules\\\/#breadcrumb\"},\"inLanguage\":\"cs\",\"potentialAction\":[{\"@type\":\"ReadAction\",\"target\":[\"https:\\\/\\\/vivasan-shop.com\\\/shop\\\/aromatherapy\\\/essential-oils\\\/eye-vision-30-capsules\\\/\"]}]},{\"@type\":\"ImageObject\",\"inLanguage\":\"cs\",\"@id\":\"https:\\\/\\\/vivasan-shop.com\\\/shop\\\/aromatherapy\\\/essential-oils\\\/eye-vision-30-capsules\\\/#primaryimage\",\"url\":\"https:\\\/\\\/vivasan-shop.com\\\/wp-content\\\/uploads\\\/2024\\\/03\\\/vivasan.club-20190329-1220-19787590-1.avif\",\"contentUrl\":\"https:\\\/\\\/vivasan-shop.com\\\/wp-content\\\/uploads\\\/2024\\\/03\\\/vivasan.club-20190329-1220-19787590-1.avif\",\"width\":768,\"height\":768},{\"@type\":\"BreadcrumbList\",\"@id\":\"https:\\\/\\\/vivasan-shop.com\\\/shop\\\/aromatherapy\\\/essential-oils\\\/eye-vision-30-capsules\\\/#breadcrumb\",\"itemListElement\":[{\"@type\":\"ListItem\",\"position\":1,\"name\":\"Home\",\"item\":\"https:\\\/\\\/vivasan-shop.com\\\/\"},{\"@type\":\"ListItem\",\"position\":2,\"name\":\"Shop\",\"item\":\"https:\\\/\\\/vivasan-shop.com\\\/shop\\\/\"},{\"@type\":\"ListItem\",\"position\":3,\"name\":\"100% pure essential oil citronella \u201cLemon Balm\u201d, 10 ml\"}]},{\"@type\":\"WebSite\",\"@id\":\"https:\\\/\\\/vivasan-shop.com\\\/#website\",\"url\":\"https:\\\/\\\/vivasan-shop.com\\\/\",\"name\":\"Vivasan\",\"description\":\"\",\"publisher\":{\"@id\":\"https:\\\/\\\/vivasan-shop.com\\\/#organization\"},\"potentialAction\":[{\"@type\":\"SearchAction\",\"target\":{\"@type\":\"EntryPoint\",\"urlTemplate\":\"https:\\\/\\\/vivasan-shop.com\\\/?s={search_term_string}\"},\"query-input\":{\"@type\":\"PropertyValueSpecification\",\"valueRequired\":true,\"valueName\":\"search_term_string\"}}],\"inLanguage\":\"cs\"},{\"@type\":\"Organization\",\"@id\":\"https:\\\/\\\/vivasan-shop.com\\\/#organization\",\"name\":\"Vivasan\",\"url\":\"https:\\\/\\\/vivasan-shop.com\\\/\",\"logo\":{\"@type\":\"ImageObject\",\"inLanguage\":\"cs\",\"@id\":\"https:\\\/\\\/vivasan-shop.com\\\/#\\\/schema\\\/logo\\\/image\\\/\",\"url\":\"https:\\\/\\\/vivasan-shop.com\\\/wp-content\\\/uploads\\\/2025\\\/07\\\/photo_2025-07-05_23-33-41.jpg\",\"contentUrl\":\"https:\\\/\\\/vivasan-shop.com\\\/wp-content\\\/uploads\\\/2025\\\/07\\\/photo_2025-07-05_23-33-41.jpg\",\"width\":1080,\"height\":608,\"caption\":\"Vivasan\"},\"image\":{\"@id\":\"https:\\\/\\\/vivasan-shop.com\\\/#\\\/schema\\\/logo\\\/image\\\/\"}}]}<\/script>\n<!-- \/ Yoast SEO plugin. -->","yoast_head_json":{"title":"100% pure essential oil citronella \u201cLemon Balm\u201d, 10 ml - vivasan-shop.com","robots":{"index":"index","follow":"follow","max-snippet":"max-snippet:-1","max-image-preview":"max-image-preview:large","max-video-preview":"max-video-preview:-1"},"canonical":"https:\/\/vivasan-shop.com\/cs\/shop\/aromatherapy\/essential-oils\/eye-vision-30-capsules\/","og_locale":"cs_CZ","og_type":"article","og_title":"100% pure essential oil citronella \u201cLemon Balm\u201d, 10 ml - vivasan-shop.com","og_description":"100% pure genuine citronella oil refreshing essence which is reminiscent of lemon and grass. An oil similar to a light, yellow ray of light that banishes tiredness and inspires our creativity and imagination. Good air enhancer. Helps concentration, mood lifting, refreshing. Citronella essential oil has strong psychological effects, helps to remove negative feelings, alleviates melancholy and sadness and gives strength to overcome unpleasant life events. It harmonizes the emotional system and has an overall calming effect.  Made in Switzerland.","og_url":"https:\/\/vivasan-shop.com\/cs\/shop\/aromatherapy\/essential-oils\/eye-vision-30-capsules\/","og_site_name":"vivasan-shop.com","article_modified_time":"2025-08-11T16:10:30+00:00","og_image":[{"width":715,"height":349,"url":"https:\/\/vivasan-shop.com\/wp-content\/uploads\/2025\/09\/photo_2025-09-04_15-07-27-removebg-preview.png","type":"image\/png"}],"twitter_card":"summary_large_image","twitter_misc":{"Odhadovan\u00e1 doba \u010dten\u00ed":"1 minuta"},"schema":{"@context":"https:\/\/schema.org","@graph":[{"@type":["WebPage","ItemPage"],"@id":"https:\/\/vivasan-shop.com\/shop\/aromatherapy\/essential-oils\/eye-vision-30-capsules\/","url":"https:\/\/vivasan-shop.com\/shop\/aromatherapy\/essential-oils\/eye-vision-30-capsules\/","name":"100% pure essential oil citronella \u201cLemon Balm\u201d, 10 ml - vivasan-shop.com","isPartOf":{"@id":"https:\/\/vivasan-shop.com\/#website"},"primaryImageOfPage":{"@id":"https:\/\/vivasan-shop.com\/shop\/aromatherapy\/essential-oils\/eye-vision-30-capsules\/#primaryimage"},"image":{"@id":"https:\/\/vivasan-shop.com\/shop\/aromatherapy\/essential-oils\/eye-vision-30-capsules\/#primaryimage"},"thumbnailUrl":"https:\/\/vivasan-shop.com\/wp-content\/uploads\/2024\/03\/vivasan.club-20190329-1220-19787590-1.avif","datePublished":"2024-03-22T12:37:00+00:00","dateModified":"2025-08-11T16:10:30+00:00","breadcrumb":{"@id":"https:\/\/vivasan-shop.com\/shop\/aromatherapy\/essential-oils\/eye-vision-30-capsules\/#breadcrumb"},"inLanguage":"cs","potentialAction":[{"@type":"ReadAction","target":["https:\/\/vivasan-shop.com\/shop\/aromatherapy\/essential-oils\/eye-vision-30-capsules\/"]}]},{"@type":"ImageObject","inLanguage":"cs","@id":"https:\/\/vivasan-shop.com\/shop\/aromatherapy\/essential-oils\/eye-vision-30-capsules\/#primaryimage","url":"https:\/\/vivasan-shop.com\/wp-content\/uploads\/2024\/03\/vivasan.club-20190329-1220-19787590-1.avif","contentUrl":"https:\/\/vivasan-shop.com\/wp-content\/uploads\/2024\/03\/vivasan.club-20190329-1220-19787590-1.avif","width":768,"height":768},{"@type":"BreadcrumbList","@id":"https:\/\/vivasan-shop.com\/shop\/aromatherapy\/essential-oils\/eye-vision-30-capsules\/#breadcrumb","itemListElement":[{"@type":"ListItem","position":1,"name":"Home","item":"https:\/\/vivasan-shop.com\/"},{"@type":"ListItem","position":2,"name":"Shop","item":"https:\/\/vivasan-shop.com\/shop\/"},{"@type":"ListItem","position":3,"name":"100% pure essential oil citronella \u201cLemon Balm\u201d, 10 ml"}]},{"@type":"WebSite","@id":"https:\/\/vivasan-shop.com\/#website","url":"https:\/\/vivasan-shop.com\/","name":"Vivasan","description":"","publisher":{"@id":"https:\/\/vivasan-shop.com\/#organization"},"potentialAction":[{"@type":"SearchAction","target":{"@type":"EntryPoint","urlTemplate":"https:\/\/vivasan-shop.com\/?s={search_term_string}"},"query-input":{"@type":"PropertyValueSpecification","valueRequired":true,"valueName":"search_term_string"}}],"inLanguage":"cs"},{"@type":"Organization","@id":"https:\/\/vivasan-shop.com\/#organization","name":"Vivasan","url":"https:\/\/vivasan-shop.com\/","logo":{"@type":"ImageObject","inLanguage":"cs","@id":"https:\/\/vivasan-shop.com\/#\/schema\/logo\/image\/","url":"https:\/\/vivasan-shop.com\/wp-content\/uploads\/2025\/07\/photo_2025-07-05_23-33-41.jpg","contentUrl":"https:\/\/vivasan-shop.com\/wp-content\/uploads\/2025\/07\/photo_2025-07-05_23-33-41.jpg","width":1080,"height":608,"caption":"Vivasan"},"image":{"@id":"https:\/\/vivasan-shop.com\/#\/schema\/logo\/image\/"}}]}},"_links":{"self":[{"href":"https:\/\/vivasan-shop.com\/cs\/wp-json\/wp\/v2\/product\/118","targetHints":{"allow":["GET"]}}],"collection":[{"href":"https:\/\/vivasan-shop.com\/cs\/wp-json\/wp\/v2\/product"}],"about":[{"href":"https:\/\/vivasan-shop.com\/cs\/wp-json\/wp\/v2\/types\/product"}],"replies":[{"embeddable":true,"href":"https:\/\/vivasan-shop.com\/cs\/wp-json\/wp\/v2\/comments?post=118"}],"version-history":[{"count":6,"href":"https:\/\/vivasan-shop.com\/cs\/wp-json\/wp\/v2\/product\/118\/revisions"}],"predecessor-version":[{"id":1194,"href":"https:\/\/vivasan-shop.com\/cs\/wp-json\/wp\/v2\/product\/118\/revisions\/1194"}],"wp:featuredmedia":[{"embeddable":true,"href":"https:\/\/vivasan-shop.com\/cs\/wp-json\/wp\/v2\/media\/1099"}],"wp:attachment":[{"href":"https:\/\/vivasan-shop.com\/cs\/wp-json\/wp\/v2\/media?parent=118"}],"wp:term":[{"taxonomy":"product_brand","embeddable":true,"href":"https:\/\/vivasan-shop.com\/cs\/wp-json\/wp\/v2\/product_brand?post=118"},{"taxonomy":"product_cat","embeddable":true,"href":"https:\/\/vivasan-shop.com\/cs\/wp-json\/wp\/v2\/product_cat?post=118"},{"taxonomy":"product_tag","embeddable":true,"href":"https:\/\/vivasan-shop.com\/cs\/wp-json\/wp\/v2\/product_tag?post=118"}],"curies":[{"name":"wp","href":"https:\/\/api.w.org\/{rel}","templated":true}]}}