{"id":122,"date":"2024-03-22T12:37:00","date_gmt":"2024-03-22T12:37:00","guid":{"rendered":"https:\/\/dummy.xtemos.com\/woodmart2\/pills-elementor\/?post_type=product&#038;p=122"},"modified":"2025-08-11T16:10:30","modified_gmt":"2025-08-11T16:10:30","slug":"eye-vision-60-capsules","status":"publish","type":"product","link":"https:\/\/vivasan-shop.com\/cs\/shop\/aromatherapy\/essential-oils\/eye-vision-60-capsules\/","title":{"rendered":"100% \u010dist\u00fd esenci\u00e1ln\u00ed olej Bazalka sladk\u00e1, 10 ml"},"content":{"rendered":"<p>Bazalkov\u00fd esenci\u00e1ln\u00ed olej se z\u00edsk\u00e1v\u00e1 z list\u016f rostliny Ocimum basilicum. Tato rostlina dostala sv\u016fj n\u00e1zev z latinsk\u00e9ho slova \u201ebasilius\u201c a tak\u00e9 z \u0159eck\u00e9ho \u201ebasilik\u00f3n phut\u00f3n\u201c, co\u017e znamen\u00e1 \u201ekr\u00e1lovsk\u00e1 rostlina\u201c, a proto je bazalka tak\u00e9 zn\u00e1m\u00e1 jako kr\u00e1lovna bylin nebo \u201el\u2019herbe royale\u201c, co\u017e ve francouz\u0161tin\u011b znamen\u00e1 \u201ekr\u00e1lovsk\u00e1 bylina\u201c. Bazalkov\u00fd esenci\u00e1ln\u00ed olej vyd\u00e1v\u00e1 teplou, sladkou, sv\u011b\u017e\u00ed kv\u011btinovou bylinnou v\u016fni, kter\u00e1 je vzdu\u0161n\u00e1, \u017eiv\u00e1, povzn\u00e1\u0161ej\u00edc\u00ed a p\u0159ipom\u00edn\u00e1 l\u00e9ko\u0159ici, pon\u011bkud kafrov\u00e1 s n\u00e1znaky ko\u0159en\u00ed, kter\u00e9 dod\u00e1v\u00e1 energii a stimuluje t\u011blo i mysl, podporuje du\u0161evn\u00ed jasnost, zvy\u0161uje bd\u011blost a zklid\u0148uje nervy, potla\u010duje stres a \u00fazkost. Tato v\u016fn\u011b se dob\u0159e kombinuje s citrusov\u00fdmi, ko\u0159en\u011bn\u00fdmi nebo kv\u011btinov\u00fdmi esenci\u00e1ln\u00edmi oleji, jako je pomeran\u010d, citron, fenykl, \u0161alv\u011bj, pelarg\u00f3nie, levandule a neroli. V aromaterapii je esenci\u00e1ln\u00ed olej ze sladk\u00e9 bazalky pova\u017eov\u00e1n za stimuluj\u00edc\u00ed, \u010dist\u00edc\u00ed, zklid\u0148uj\u00edc\u00ed, posiluj\u00edc\u00ed a energizuj\u00edc\u00ed. Bazalkov\u00fd olej tak\u00e9 \u00fadajn\u011b odpuzuje hmyz, zklid\u0148uje bolesti hlavy a zm\u00edr\u0148uje d\u00fdchac\u00ed a tr\u00e1vic\u00ed pot\u00ed\u017ee. P\u0159i pou\u017eit\u00ed v p\u00e9\u010di o ple\u0165 esenci\u00e1ln\u00ed olej ze sladk\u00e9 bazalky vy\u017eivuje, revitalizuje, vyrovn\u00e1v\u00e1, zklid\u0148uje, vyhlazuje, exfoliuje a rozjas\u0148uje.<\/p>\n<ul>\n<li>100% \u010dist\u00fd esenci\u00e1ln\u00ed olej ze sladk\u00e9 bazalky [Ocimum basilicum] z Francie<\/li>\n<li>100% destilace vodn\u00ed p\u00e1rou bez chemick\u00fdch rozpou\u0161t\u011bdel<\/li>\n<li>Produkt nebyl testov\u00e1n na zv\u00ed\u0159atech<\/li>\n<li>Bez GMO<\/li>\n<li>Bez paraben\u016f<\/li>\n<li>Certifikov\u00e1no Halal<\/li>\n<li>Certifik\u00e1ty GMP<\/li>\n<li>Objem: 10 ml<\/li>\n<\/ul>\n<p>100% \u010dist\u00fd esenci\u00e1ln\u00ed olej Sladk\u00e1 bazalka. Intenzivn\u00ed, aromatick\u00e1, sv\u011b\u017e\u00ed a chladiv\u00e1 v\u016fn\u011b s lehce stimuluj\u00edc\u00ed v\u016fn\u00ed. Bazalka m\u00e1 lehce \u0161tiplavou, bylinnou v\u016fni, extr\u00e9mn\u011b aromatickou. Pocit je sladk\u00fd, ale pikantn\u00ed, a stejn\u011b jako v\u016fn\u011b je pep\u0159ov\u00e1, ale p\u0159esto lehce m\u00e1tov\u00e1. Robustn\u00ed. Siln\u00e1 v\u016fn\u011b vyjad\u0159uje vitalitu a dod\u00e1v\u00e1 v\u00e1hav\u00fdm lidem odvahu; povzbuzuj\u00edc\u00ed a povzn\u00e1\u0161ej\u00edc\u00ed. Zn\u00e1m\u00fd jako expektorans, antiseptick\u00fd, relaxa\u010dn\u00ed, uklid\u0148uj\u00edc\u00ed a erotizuj\u00edc\u00ed olej. \u010cist\u00fd, prav\u00fd olej nejvy\u0161\u0161\u00ed kvality. Vhodn\u00fd pro pou\u017eit\u00ed v aromaterapii\/osmologii, p\u00e9\u010di o obli\u010dej a t\u011blo a mas\u00e1\u017e\u00edch. Lze pou\u017e\u00edvat samostatn\u011b nebo ve sm\u011bsi s: \u0161alv\u011bj\u00ed mu\u0161k\u00e1tovou, eukalyptem, jalovcem, citronem, neroli, rozmar\u00fdnem, levandul\u00ed, pelarg\u00f3ni\u00ed atd.<\/p>\n<p><strong>Aroma difuz\u00e9r:<\/strong>\u00a0Pro uklid\u0148uj\u00edc\u00ed a emocion\u00e1ln\u011b povzn\u00e1\u0161ej\u00edc\u00ed aromaterapeutickou aplikaci, o kter\u00e9 se \u0159\u00edk\u00e1, \u017ee sni\u017euje hladinu stresu, a\u0165 u\u017e se jedn\u00e1 o \u00fazkost nebo pocity ne\u0161t\u011bst\u00ed, jednodu\u0161e k\u00e1pn\u011bte 2\u20133 kapky bazalkov\u00e9ho esenci\u00e1ln\u00edho oleje do aroma difuz\u00e9ru dle vlastn\u00edho v\u00fdb\u011bru a vdechujte a\u017e 1 hodinu.<\/p>\n<p><strong>Ple\u0165:<\/strong>\u00a0Bazalkov\u00fd esenci\u00e1ln\u00ed olej se osv\u011bd\u010dil v p\u00e9\u010di o zralou ple\u0165. Posiluje, chr\u00e1n\u00ed p\u0159ed vznikem prvn\u00edch vr\u00e1sek a dal\u0161\u00edch zn\u00e1mek p\u0159ed\u010dasn\u00e9ho st\u00e1rnut\u00ed, obnovuje pevnost a pru\u017enost. Vyhlazuje vr\u00e1sky a zlep\u0161uje ple\u0165. Pro vytvo\u0159en\u00ed vlastn\u00ed jedine\u010dn\u00e9 v\u016fn\u011b p\u0159idejte esenci\u00e1ln\u00ed olej do \u010dist\u00e9ho jojobov\u00e9ho nebo avok\u00e1dov\u00e9ho oleje. Nejl\u00e9pe se pou\u017e\u00edv\u00e1 ve sm\u011bsi s \u0161alv\u011bj\u00ed mu\u0161k\u00e1tovou, h\u0159eb\u00ed\u010dkem, mu\u0161k\u00e1ty, jalovcem, neroli, eukalyptem, pa\u010duli, m\u00e1tou, tymi\u00e1nem, pomeran\u010dem, jedl\u00ed a levandul\u00ed.<\/p>\n<p><strong>Vlasy:<\/strong>\u00a0Esenci\u00e1ln\u00ed olej z bazalky stimuluje krevn\u00ed ob\u011bh a po p\u0159id\u00e1n\u00ed do \u0161ampon\u016f nebo produkt\u016f p\u00e9\u010de o vlasy podporuje zdrav\u00fd r\u016fst a sni\u017euje vypad\u00e1v\u00e1n\u00ed vlas\u016f. Tak\u00e9 dob\u0159e bojuje proti lup\u016fm a sv\u011bd\u011bn\u00ed poko\u017eky hlavy. Bazalka dod\u00e1v\u00e1 vlas\u016fm lesk, hust\u0161\u00ed vlasy a \u0161ediv\u00e9 vlasy \u010din\u00ed m\u00e9n\u011b viditeln\u00e9.<\/p>\n<p><strong>Nervous System:<\/strong>\u00a0Bazalkov\u00fd olej zklid\u0148uje neklidnou psychiku a pom\u00e1h\u00e1 zm\u00edrnit v\u0161echny va\u0161e starosti. M\u00e1 pozitivn\u00ed vliv na n\u00e1ladu, ulevuje od negativn\u00edch my\u0161lenek, optimismu a energie. Pom\u00e1h\u00e1 p\u0159i depresi nebo \u0161patn\u00e9 n\u00e1lad\u011b.<\/p>\n<p><strong>N\u00c1VOD K POU\u017dIT\u00cd:<\/strong>\u00a0Lze je pou\u017e\u00edt bu\u010f \u010dich\u00e1n\u00edm z lahvi\u010dky, nebo ve vzduchu (<a href=\"https:\/\/vivasan.club\/en\/c\/aromatherapy\/?filter_product-type=aroma-diffuser\">aroma difuz\u00e9r<\/a>), za\u010dlen\u011bn\u00ed do va\u0161\u00ed j\u00f3gov\u00e9 praxe, nan\u00e1\u0161en\u00ed na k\u016f\u017ei, pou\u017eit\u00ed p\u0159i meditaci nebo na pol\u0161t\u00e1\u0159 v noci. Provon\u011bn\u00ed m\u00edstnost\u00ed, mas\u00e1\u017e (p\u0159idejte 3\u20135 kapek do mas\u00e1\u017en\u00edho oleje), vhodn\u00e9 pro\u00a0<a href=\"https:\/\/vivasan.club\/en\/p\/car-clip-aromapanel\/\">difuz\u00e9r do auta.<\/a>\u00a0Sm\u00edchejte 8\u201310 kapek s 1 pol\u00e9vkovou l\u017e\u00edc\u00ed kr\u00e9mu nebo oleje (kr\u00e9m\/olej slou\u017e\u00ed jako p\u0159\u00edrodn\u00ed emulg\u00e1tor, aby se esenci\u00e1ln\u00ed olej propojil s vodou do koupele) a p\u0159idejte do vody do koupele. Skladujte p\u0159i pokojov\u00e9 teplot\u011b (15\u201325 \u00b0C).<\/p>\n<p><strong>Pouze pro vn\u011bj\u0161\u00ed pou\u017eit\u00ed<\/strong>. Neu\u017e\u00edvejte \u017e\u00e1dn\u00e9 esenci\u00e1ln\u00ed oleje vnit\u0159n\u011b. Zabra\u0148te kontaktu s o\u010dima a sliznicemi. Neaplikujte ne\u0159ed\u011bn\u00e9 esenci\u00e1ln\u00ed oleje na k\u016f\u017ei. Pokud jste t\u011bhotn\u00e1 nebo m\u00e1te jin\u00e9 zdravotn\u00ed probl\u00e9my, pou\u017e\u00edvejte esenci\u00e1ln\u00ed oleje pouze pod \u0159\u00e1dn\u00fdm veden\u00edm kvalifikovan\u00e9ho aromaterapeuta. Uchov\u00e1vejte mimo dosah d\u011bt\u00ed. P\u0159ed pou\u017eit\u00edm esenci\u00e1ln\u00edch olej\u016f u d\u011bt\u00ed se pora\u010fte s kvalifikovan\u00fdm aromaterapeutem. P\u0159ed pou\u017eit\u00edm esenci\u00e1ln\u00edho oleje, kter\u00fd jste nikdy p\u0159edt\u00edm nepou\u017e\u00edvali, by m\u011bl b\u00fdt proveden ko\u017en\u00ed test.<\/p>","protected":false},"excerpt":{"rendered":"<div class=\"woocommerce-product-details__short-description\">\n<p>Intenzivn\u00ed, aromatick\u00e1, sv\u011b\u017e\u00ed a chladiv\u00e1 v\u016fn\u011b s lehce stimuluj\u00edc\u00ed v\u016fn\u00ed. Siln\u00e1 v\u016fn\u011b vyjad\u0159uje vitalitu a dod\u00e1v\u00e1 v\u00e1hav\u00fdm lidem odvahu; je povzbuzuj\u00edc\u00ed a povzn\u00e1\u0161ej\u00edc\u00ed. Zn\u00e1m\u00fd jako expektorans, antiseptick\u00fd, relaxa\u010dn\u00ed, uklid\u0148uj\u00edc\u00ed a erotizuj\u00edc\u00ed olej. \u010cist\u00fd, prav\u00fd olej nejvy\u0161\u0161\u00ed kvality. Vhodn\u00fd pro pou\u017eit\u00ed v aromaterapii\/osmologii, p\u00e9\u010di o obli\u010dej a t\u011blo a mas\u00e1\u017e\u00edch. Lze pou\u017e\u00edvat samostatn\u011b nebo sm\u00edchat s: \u0161alv\u011bj\u00ed mu\u0161k\u00e1tovou, eukalyptem, jalovcem, citronem, neroli, rozmar\u00fdnem, levandul\u00ed, pelarg\u00f3ni\u00ed atd.<\/p>\n<p>Vyrobeno ve \u0160v\u00fdcarsku.<\/p>\n<p>&nbsp;<\/p>\n<\/div>\n<div class=\"vivasan-product-icons\"><img loading=\"lazy\" decoding=\"async\" class=\"product_icon\" title=\"Made in Switzerland\" src=\"https:\/\/vivasan.club\/assets\/images\/product-icons\/swiss.svg?v=2\" alt=\"Made in Switzerland\" width=\"40\" height=\"40\" \/><img loading=\"lazy\" decoding=\"async\" class=\"product_icon\" title=\"GMP Certified\" src=\"https:\/\/vivasan.club\/assets\/images\/product-icons\/gmp.svg?v=2\" alt=\"GMP Certified\" width=\"40\" height=\"40\" \/><img loading=\"lazy\" decoding=\"async\" class=\"product_icon\" title=\"Halal Certified\" src=\"https:\/\/vivasan.club\/assets\/images\/product-icons\/halal.svg?v=2\" alt=\"Halal Certified\" width=\"40\" height=\"40\" \/><img loading=\"lazy\" decoding=\"async\" class=\"product_icon\" title=\"Cruelty-free\" src=\"https:\/\/vivasan.club\/assets\/images\/product-icons\/crueltyfree.svg?v=2\" alt=\"Cruelty-free\" width=\"40\" height=\"40\" \/><\/div>","protected":false},"featured_media":1082,"comment_status":"open","ping_status":"closed","template":"","meta":{"_acf_changed":false},"product_brand":[85],"product_cat":[58,61],"product_tag":[],"class_list":{"0":"post-122","1":"product","2":"type-product","3":"status-publish","4":"has-post-thumbnail","6":"product_brand-vivasan","7":"product_cat-aromatherapy","8":"product_cat-essential-oils","9":"pa_aromatic-notes-middle-note","11":"first","12":"instock","13":"shipping-taxable","14":"purchasable","15":"product-type-simple"},"acf":[],"yoast_head":"<!-- This site is optimized with the Yoast SEO plugin v27.3 - https:\/\/yoast.com\/product\/yoast-seo-wordpress\/ -->\n<title>100% pure essential oil Basil sweet, 10 ml - vivasan-shop.com<\/title>\n<meta name=\"robots\" content=\"index, follow, max-snippet:-1, max-image-preview:large, max-video-preview:-1\" \/>\n<link rel=\"canonical\" href=\"https:\/\/vivasan-shop.com\/cs\/shop\/aromatherapy\/essential-oils\/eye-vision-60-capsules\/\" \/>\n<meta property=\"og:locale\" content=\"cs_CZ\" \/>\n<meta property=\"og:type\" content=\"article\" \/>\n<meta property=\"og:title\" content=\"100% pure essential oil Basil sweet, 10 ml - vivasan-shop.com\" \/>\n<meta property=\"og:description\" content=\"An intensive, aromatic fresh and cooling scent with a slightly stimulating fragrance. The strong fragrance conveys vitality and makes hesitant people feel more courageous; invigorating and uplifting.\u00a0Known as an expectorant, antiseptic, relaxing, calming and eroticizing oil. Pure genuine oil of best quality. Suitable for application in aromatherapy\/osmology, face and body care and massage. May be used by itself or mixed with: clary Sage, eucalyptus, juniper, lemon, neroli, rosemary, lavender, geranium etc.  Made in Switzerland.  &nbsp;\" \/>\n<meta property=\"og:url\" content=\"https:\/\/vivasan-shop.com\/cs\/shop\/aromatherapy\/essential-oils\/eye-vision-60-capsules\/\" \/>\n<meta property=\"og:site_name\" content=\"vivasan-shop.com\" \/>\n<meta property=\"article:modified_time\" content=\"2025-08-11T16:10:30+00:00\" \/>\n<meta property=\"og:image\" content=\"https:\/\/vivasan-shop.com\/wp-content\/uploads\/2025\/09\/photo_2025-09-04_15-07-27-removebg-preview.png\" \/>\n\t<meta property=\"og:image:width\" content=\"715\" \/>\n\t<meta property=\"og:image:height\" content=\"349\" \/>\n\t<meta property=\"og:image:type\" content=\"image\/png\" \/>\n<meta name=\"twitter:card\" content=\"summary_large_image\" \/>\n<meta name=\"twitter:label1\" content=\"Odhadovan\u00e1 doba \u010dten\u00ed\" \/>\n\t<meta name=\"twitter:data1\" content=\"1 minuta\" \/>\n<script type=\"application\/ld+json\" class=\"yoast-schema-graph\">{\"@context\":\"https:\\\/\\\/schema.org\",\"@graph\":[{\"@type\":[\"WebPage\",\"ItemPage\"],\"@id\":\"https:\\\/\\\/vivasan-shop.com\\\/shop\\\/aromatherapy\\\/essential-oils\\\/eye-vision-60-capsules\\\/\",\"url\":\"https:\\\/\\\/vivasan-shop.com\\\/shop\\\/aromatherapy\\\/essential-oils\\\/eye-vision-60-capsules\\\/\",\"name\":\"100% pure essential oil Basil sweet, 10 ml - vivasan-shop.com\",\"isPartOf\":{\"@id\":\"https:\\\/\\\/vivasan-shop.com\\\/#website\"},\"primaryImageOfPage\":{\"@id\":\"https:\\\/\\\/vivasan-shop.com\\\/shop\\\/aromatherapy\\\/essential-oils\\\/eye-vision-60-capsules\\\/#primaryimage\"},\"image\":{\"@id\":\"https:\\\/\\\/vivasan-shop.com\\\/shop\\\/aromatherapy\\\/essential-oils\\\/eye-vision-60-capsules\\\/#primaryimage\"},\"thumbnailUrl\":\"https:\\\/\\\/vivasan-shop.com\\\/wp-content\\\/uploads\\\/2024\\\/03\\\/vivasan.club-20190326-1420-07764676-3.avif\",\"datePublished\":\"2024-03-22T12:37:00+00:00\",\"dateModified\":\"2025-08-11T16:10:30+00:00\",\"breadcrumb\":{\"@id\":\"https:\\\/\\\/vivasan-shop.com\\\/shop\\\/aromatherapy\\\/essential-oils\\\/eye-vision-60-capsules\\\/#breadcrumb\"},\"inLanguage\":\"cs\",\"potentialAction\":[{\"@type\":\"ReadAction\",\"target\":[\"https:\\\/\\\/vivasan-shop.com\\\/shop\\\/aromatherapy\\\/essential-oils\\\/eye-vision-60-capsules\\\/\"]}]},{\"@type\":\"ImageObject\",\"inLanguage\":\"cs\",\"@id\":\"https:\\\/\\\/vivasan-shop.com\\\/shop\\\/aromatherapy\\\/essential-oils\\\/eye-vision-60-capsules\\\/#primaryimage\",\"url\":\"https:\\\/\\\/vivasan-shop.com\\\/wp-content\\\/uploads\\\/2024\\\/03\\\/vivasan.club-20190326-1420-07764676-3.avif\",\"contentUrl\":\"https:\\\/\\\/vivasan-shop.com\\\/wp-content\\\/uploads\\\/2024\\\/03\\\/vivasan.club-20190326-1420-07764676-3.avif\",\"width\":600,\"height\":600},{\"@type\":\"BreadcrumbList\",\"@id\":\"https:\\\/\\\/vivasan-shop.com\\\/shop\\\/aromatherapy\\\/essential-oils\\\/eye-vision-60-capsules\\\/#breadcrumb\",\"itemListElement\":[{\"@type\":\"ListItem\",\"position\":1,\"name\":\"Home\",\"item\":\"https:\\\/\\\/vivasan-shop.com\\\/\"},{\"@type\":\"ListItem\",\"position\":2,\"name\":\"Shop\",\"item\":\"https:\\\/\\\/vivasan-shop.com\\\/shop\\\/\"},{\"@type\":\"ListItem\",\"position\":3,\"name\":\"100% pure essential oil Basil sweet, 10 ml\"}]},{\"@type\":\"WebSite\",\"@id\":\"https:\\\/\\\/vivasan-shop.com\\\/#website\",\"url\":\"https:\\\/\\\/vivasan-shop.com\\\/\",\"name\":\"Vivasan\",\"description\":\"\",\"publisher\":{\"@id\":\"https:\\\/\\\/vivasan-shop.com\\\/#organization\"},\"potentialAction\":[{\"@type\":\"SearchAction\",\"target\":{\"@type\":\"EntryPoint\",\"urlTemplate\":\"https:\\\/\\\/vivasan-shop.com\\\/?s={search_term_string}\"},\"query-input\":{\"@type\":\"PropertyValueSpecification\",\"valueRequired\":true,\"valueName\":\"search_term_string\"}}],\"inLanguage\":\"cs\"},{\"@type\":\"Organization\",\"@id\":\"https:\\\/\\\/vivasan-shop.com\\\/#organization\",\"name\":\"Vivasan\",\"url\":\"https:\\\/\\\/vivasan-shop.com\\\/\",\"logo\":{\"@type\":\"ImageObject\",\"inLanguage\":\"cs\",\"@id\":\"https:\\\/\\\/vivasan-shop.com\\\/#\\\/schema\\\/logo\\\/image\\\/\",\"url\":\"https:\\\/\\\/vivasan-shop.com\\\/wp-content\\\/uploads\\\/2025\\\/07\\\/photo_2025-07-05_23-33-41.jpg\",\"contentUrl\":\"https:\\\/\\\/vivasan-shop.com\\\/wp-content\\\/uploads\\\/2025\\\/07\\\/photo_2025-07-05_23-33-41.jpg\",\"width\":1080,\"height\":608,\"caption\":\"Vivasan\"},\"image\":{\"@id\":\"https:\\\/\\\/vivasan-shop.com\\\/#\\\/schema\\\/logo\\\/image\\\/\"}}]}<\/script>\n<!-- \/ Yoast SEO plugin. -->","yoast_head_json":{"title":"100% pure essential oil Basil sweet, 10 ml - vivasan-shop.com","robots":{"index":"index","follow":"follow","max-snippet":"max-snippet:-1","max-image-preview":"max-image-preview:large","max-video-preview":"max-video-preview:-1"},"canonical":"https:\/\/vivasan-shop.com\/cs\/shop\/aromatherapy\/essential-oils\/eye-vision-60-capsules\/","og_locale":"cs_CZ","og_type":"article","og_title":"100% pure essential oil Basil sweet, 10 ml - vivasan-shop.com","og_description":"An intensive, aromatic fresh and cooling scent with a slightly stimulating fragrance. The strong fragrance conveys vitality and makes hesitant people feel more courageous; invigorating and uplifting.\u00a0Known as an expectorant, antiseptic, relaxing, calming and eroticizing oil. Pure genuine oil of best quality. Suitable for application in aromatherapy\/osmology, face and body care and massage. May be used by itself or mixed with: clary Sage, eucalyptus, juniper, lemon, neroli, rosemary, lavender, geranium etc.  Made in Switzerland.  &nbsp;","og_url":"https:\/\/vivasan-shop.com\/cs\/shop\/aromatherapy\/essential-oils\/eye-vision-60-capsules\/","og_site_name":"vivasan-shop.com","article_modified_time":"2025-08-11T16:10:30+00:00","og_image":[{"width":715,"height":349,"url":"https:\/\/vivasan-shop.com\/wp-content\/uploads\/2025\/09\/photo_2025-09-04_15-07-27-removebg-preview.png","type":"image\/png"}],"twitter_card":"summary_large_image","twitter_misc":{"Odhadovan\u00e1 doba \u010dten\u00ed":"1 minuta"},"schema":{"@context":"https:\/\/schema.org","@graph":[{"@type":["WebPage","ItemPage"],"@id":"https:\/\/vivasan-shop.com\/shop\/aromatherapy\/essential-oils\/eye-vision-60-capsules\/","url":"https:\/\/vivasan-shop.com\/shop\/aromatherapy\/essential-oils\/eye-vision-60-capsules\/","name":"100% pure essential oil Basil sweet, 10 ml - vivasan-shop.com","isPartOf":{"@id":"https:\/\/vivasan-shop.com\/#website"},"primaryImageOfPage":{"@id":"https:\/\/vivasan-shop.com\/shop\/aromatherapy\/essential-oils\/eye-vision-60-capsules\/#primaryimage"},"image":{"@id":"https:\/\/vivasan-shop.com\/shop\/aromatherapy\/essential-oils\/eye-vision-60-capsules\/#primaryimage"},"thumbnailUrl":"https:\/\/vivasan-shop.com\/wp-content\/uploads\/2024\/03\/vivasan.club-20190326-1420-07764676-3.avif","datePublished":"2024-03-22T12:37:00+00:00","dateModified":"2025-08-11T16:10:30+00:00","breadcrumb":{"@id":"https:\/\/vivasan-shop.com\/shop\/aromatherapy\/essential-oils\/eye-vision-60-capsules\/#breadcrumb"},"inLanguage":"cs","potentialAction":[{"@type":"ReadAction","target":["https:\/\/vivasan-shop.com\/shop\/aromatherapy\/essential-oils\/eye-vision-60-capsules\/"]}]},{"@type":"ImageObject","inLanguage":"cs","@id":"https:\/\/vivasan-shop.com\/shop\/aromatherapy\/essential-oils\/eye-vision-60-capsules\/#primaryimage","url":"https:\/\/vivasan-shop.com\/wp-content\/uploads\/2024\/03\/vivasan.club-20190326-1420-07764676-3.avif","contentUrl":"https:\/\/vivasan-shop.com\/wp-content\/uploads\/2024\/03\/vivasan.club-20190326-1420-07764676-3.avif","width":600,"height":600},{"@type":"BreadcrumbList","@id":"https:\/\/vivasan-shop.com\/shop\/aromatherapy\/essential-oils\/eye-vision-60-capsules\/#breadcrumb","itemListElement":[{"@type":"ListItem","position":1,"name":"Home","item":"https:\/\/vivasan-shop.com\/"},{"@type":"ListItem","position":2,"name":"Shop","item":"https:\/\/vivasan-shop.com\/shop\/"},{"@type":"ListItem","position":3,"name":"100% pure essential oil Basil sweet, 10 ml"}]},{"@type":"WebSite","@id":"https:\/\/vivasan-shop.com\/#website","url":"https:\/\/vivasan-shop.com\/","name":"Vivasan","description":"","publisher":{"@id":"https:\/\/vivasan-shop.com\/#organization"},"potentialAction":[{"@type":"SearchAction","target":{"@type":"EntryPoint","urlTemplate":"https:\/\/vivasan-shop.com\/?s={search_term_string}"},"query-input":{"@type":"PropertyValueSpecification","valueRequired":true,"valueName":"search_term_string"}}],"inLanguage":"cs"},{"@type":"Organization","@id":"https:\/\/vivasan-shop.com\/#organization","name":"Vivasan","url":"https:\/\/vivasan-shop.com\/","logo":{"@type":"ImageObject","inLanguage":"cs","@id":"https:\/\/vivasan-shop.com\/#\/schema\/logo\/image\/","url":"https:\/\/vivasan-shop.com\/wp-content\/uploads\/2025\/07\/photo_2025-07-05_23-33-41.jpg","contentUrl":"https:\/\/vivasan-shop.com\/wp-content\/uploads\/2025\/07\/photo_2025-07-05_23-33-41.jpg","width":1080,"height":608,"caption":"Vivasan"},"image":{"@id":"https:\/\/vivasan-shop.com\/#\/schema\/logo\/image\/"}}]}},"_links":{"self":[{"href":"https:\/\/vivasan-shop.com\/cs\/wp-json\/wp\/v2\/product\/122","targetHints":{"allow":["GET"]}}],"collection":[{"href":"https:\/\/vivasan-shop.com\/cs\/wp-json\/wp\/v2\/product"}],"about":[{"href":"https:\/\/vivasan-shop.com\/cs\/wp-json\/wp\/v2\/types\/product"}],"replies":[{"embeddable":true,"href":"https:\/\/vivasan-shop.com\/cs\/wp-json\/wp\/v2\/comments?post=122"}],"version-history":[{"count":8,"href":"https:\/\/vivasan-shop.com\/cs\/wp-json\/wp\/v2\/product\/122\/revisions"}],"predecessor-version":[{"id":1196,"href":"https:\/\/vivasan-shop.com\/cs\/wp-json\/wp\/v2\/product\/122\/revisions\/1196"}],"wp:featuredmedia":[{"embeddable":true,"href":"https:\/\/vivasan-shop.com\/cs\/wp-json\/wp\/v2\/media\/1082"}],"wp:attachment":[{"href":"https:\/\/vivasan-shop.com\/cs\/wp-json\/wp\/v2\/media?parent=122"}],"wp:term":[{"taxonomy":"product_brand","embeddable":true,"href":"https:\/\/vivasan-shop.com\/cs\/wp-json\/wp\/v2\/product_brand?post=122"},{"taxonomy":"product_cat","embeddable":true,"href":"https:\/\/vivasan-shop.com\/cs\/wp-json\/wp\/v2\/product_cat?post=122"},{"taxonomy":"product_tag","embeddable":true,"href":"https:\/\/vivasan-shop.com\/cs\/wp-json\/wp\/v2\/product_tag?post=122"}],"curies":[{"name":"wp","href":"https:\/\/api.w.org\/{rel}","templated":true}]}}