{"id":1247,"date":"2025-06-20T08:44:00","date_gmt":"2025-06-20T08:44:00","guid":{"rendered":"https:\/\/vivasan-shop.com\/?post_type=product&#038;p=1247"},"modified":"2025-08-11T16:08:13","modified_gmt":"2025-08-11T16:08:13","slug":"100-pure-essential-oil-mixture-seduction-in-roll-on-9-ml","status":"publish","type":"product","link":"https:\/\/vivasan-shop.com\/cs\/shop\/aromatherapy\/essential-oils\/100-pure-essential-oil-mixture-seduction-in-roll-on-9-ml\/","title":{"rendered":"100% \u010dist\u00e1 sm\u011bs esenci\u00e1ln\u00edch olej\u016f Seduction v roll-onu, 9 ml"},"content":{"rendered":"<p>Essential oils are able to resonate with the highest energy level \u2013 the etheric body and, therefore, can affect the body and mind in a powerful way, improve the most serious conditions. When used wisely, essential oils can be a wonderful aid for the body, mind and spirit.<\/p>\n<ul>\n<li>100% pure essential oil mixture without chemical solvents.<\/li>\n<li>Certifikov\u00e1no Halal<\/li>\n<li>Volume: 9 ml<\/li>\n<\/ul>\n<p>Composition 100% essential oils Seduction Roll On is seductive, lovely unisex composition that beguiles and stimulates the senses. A very pleasant, subtle scent. Essential Oil Composition Seduction Roll On \u2014 seductive and attractive composition of essential oils that captivates and awakens the senses. An exquisite combination of high-quality essential oils pierces, envelops in love and stimulates intimacy \u2014 it has a delicate aroma.\u00a0Apply to the ripple points \u2014 behind the ears, on the wrists, elbow bends, the fossa at the base of the head, under the knees \u2014 as necessary. To increase the aromatherapy effect, when applied to the wrists, you can bring your palms to your nose and take a few deep breaths. The fragrance lasts up to several hours.<\/p>\n<p><strong>N\u00c1VOD K POU\u017dIT\u00cd:<\/strong>\u00a0Add 1\u20132 drops of the mixture directly to the wrist and neck area. Store at room temperature (15\u201325\u00b0C).<br \/>\n<strong>CONTAINS:<\/strong>\u00a0AVOCADO OIL, UNISEX-CONCENTRATE, YLANG-YLANG, SANDAL-WOOD, FRANKINCENSE, JASMINE, LINALOOL<br \/>\n<strong>Pouze k vn\u011bj\u0161\u00edmu pou\u017eit\u00ed.<\/strong>\u00a0Do not take any essential oils internally without consultation from a qualified aromatherapy practitioner. Avoid contact with eyes and mucous membranes. Do not apply undiluted organic essential oils onto the skin. Use essential oils only under the proper guidance of a qualified aromatherapy practitioner if you are pregnant or have any other medical issues. Keep away from children. Consult a qualified aromatherapy practitioner before using essential oils on children. A skin patch test should be conducted prior to using an essential oil that you have never used before.<\/p>","protected":false},"excerpt":{"rendered":"<div class=\"woocommerce-product-details__short-description\">\n<p>100% pure essential oil mixture in Roll On with ylang-ylang, sandalwood, frankincense and jasmine is seductive and attractive composition of essential oils that captivates and awakens the senses. An exquisite combination of high-quality essential oils pierces, envelops in love and stimulates intimacy \u2014 it has a delicate aroma. The fragrance lasts up to several hours.<\/p>\n<p>Vyrobeno ve \u0160v\u00fdcarsku.<\/p>\n<p>&nbsp;<\/p>\n<\/div>\n<div class=\"vivasan-product-icons\"><img loading=\"lazy\" decoding=\"async\" class=\"product_icon\" title=\"Made in Switzerland\" src=\"https:\/\/vivasan.club\/assets\/images\/product-icons\/swiss.svg?v=2\" alt=\"Made in Switzerland\" width=\"40\" height=\"40\" \/><img loading=\"lazy\" decoding=\"async\" class=\"product_icon\" title=\"GMP Certified\" src=\"https:\/\/vivasan.club\/assets\/images\/product-icons\/gmp.svg?v=2\" alt=\"GMP Certified\" width=\"40\" height=\"40\" \/><img loading=\"lazy\" decoding=\"async\" class=\"product_icon\" title=\"Halal Certified\" src=\"https:\/\/vivasan.club\/assets\/images\/product-icons\/halal.svg?v=2\" alt=\"Halal Certified\" width=\"40\" height=\"40\" \/><img loading=\"lazy\" decoding=\"async\" class=\"product_icon\" title=\"Cruelty-free\" src=\"https:\/\/vivasan.club\/assets\/images\/product-icons\/crueltyfree.svg?v=2\" alt=\"Cruelty-free\" width=\"40\" height=\"40\" \/><\/div>","protected":false},"featured_media":1248,"comment_status":"open","ping_status":"closed","template":"","meta":{"_acf_changed":false},"product_brand":[85],"product_cat":[58,61],"product_tag":[],"class_list":{"0":"post-1247","1":"product","2":"type-product","3":"status-publish","4":"has-post-thumbnail","6":"product_brand-vivasan","7":"product_cat-aromatherapy","8":"product_cat-essential-oils","9":"pa_aromatic-notes-top-note","11":"first","12":"instock","13":"shipping-taxable","14":"purchasable","15":"product-type-simple"},"acf":[],"yoast_head":"<!-- This site is optimized with the Yoast SEO plugin v27.3 - https:\/\/yoast.com\/product\/yoast-seo-wordpress\/ -->\n<title>100% pure essential oil mixture Seduction in Roll-on, 9 ml - vivasan-shop.com<\/title>\n<meta name=\"robots\" content=\"index, follow, max-snippet:-1, max-image-preview:large, max-video-preview:-1\" \/>\n<link rel=\"canonical\" href=\"https:\/\/vivasan-shop.com\/cs\/shop\/aromatherapy\/essential-oils\/100-pure-essential-oil-mixture-seduction-in-roll-on-9-ml\/\" \/>\n<meta property=\"og:locale\" content=\"cs_CZ\" \/>\n<meta property=\"og:type\" content=\"article\" \/>\n<meta property=\"og:title\" content=\"100% pure essential oil mixture Seduction in Roll-on, 9 ml - vivasan-shop.com\" \/>\n<meta property=\"og:description\" content=\"100% pure essential oil mixture in Roll On with ylang-ylang, sandalwood, frankincense and jasmine is seductive and attractive composition of essential oils that captivates and awakens the senses. An exquisite combination of high-quality essential oils pierces, envelops in love and stimulates intimacy \u2014 it has a delicate aroma. The fragrance lasts up to several hours.  Made in Switzerland.  &nbsp;\" \/>\n<meta property=\"og:url\" content=\"https:\/\/vivasan-shop.com\/cs\/shop\/aromatherapy\/essential-oils\/100-pure-essential-oil-mixture-seduction-in-roll-on-9-ml\/\" \/>\n<meta property=\"og:site_name\" content=\"vivasan-shop.com\" \/>\n<meta property=\"article:modified_time\" content=\"2025-08-11T16:08:13+00:00\" \/>\n<meta property=\"og:image\" content=\"https:\/\/vivasan-shop.com\/wp-content\/uploads\/2025\/09\/photo_2025-09-04_15-07-27-removebg-preview.png\" \/>\n\t<meta property=\"og:image:width\" content=\"715\" \/>\n\t<meta property=\"og:image:height\" content=\"349\" \/>\n\t<meta property=\"og:image:type\" content=\"image\/png\" \/>\n<meta name=\"twitter:card\" content=\"summary_large_image\" \/>\n<meta name=\"twitter:label1\" content=\"Odhadovan\u00e1 doba \u010dten\u00ed\" \/>\n\t<meta name=\"twitter:data1\" content=\"1 minuta\" \/>\n<script type=\"application\/ld+json\" class=\"yoast-schema-graph\">{\"@context\":\"https:\\\/\\\/schema.org\",\"@graph\":[{\"@type\":[\"WebPage\",\"ItemPage\"],\"@id\":\"https:\\\/\\\/vivasan-shop.com\\\/shop\\\/aromatherapy\\\/essential-oils\\\/100-pure-essential-oil-mixture-seduction-in-roll-on-9-ml\\\/\",\"url\":\"https:\\\/\\\/vivasan-shop.com\\\/shop\\\/aromatherapy\\\/essential-oils\\\/100-pure-essential-oil-mixture-seduction-in-roll-on-9-ml\\\/\",\"name\":\"100% pure essential oil mixture Seduction in Roll-on, 9 ml - vivasan-shop.com\",\"isPartOf\":{\"@id\":\"https:\\\/\\\/vivasan-shop.com\\\/#website\"},\"primaryImageOfPage\":{\"@id\":\"https:\\\/\\\/vivasan-shop.com\\\/shop\\\/aromatherapy\\\/essential-oils\\\/100-pure-essential-oil-mixture-seduction-in-roll-on-9-ml\\\/#primaryimage\"},\"image\":{\"@id\":\"https:\\\/\\\/vivasan-shop.com\\\/shop\\\/aromatherapy\\\/essential-oils\\\/100-pure-essential-oil-mixture-seduction-in-roll-on-9-ml\\\/#primaryimage\"},\"thumbnailUrl\":\"https:\\\/\\\/vivasan-shop.com\\\/wp-content\\\/uploads\\\/2025\\\/06\\\/vivasan.club-20200112-1225-01081026.avif\",\"datePublished\":\"2025-06-20T08:44:00+00:00\",\"dateModified\":\"2025-08-11T16:08:13+00:00\",\"breadcrumb\":{\"@id\":\"https:\\\/\\\/vivasan-shop.com\\\/shop\\\/aromatherapy\\\/essential-oils\\\/100-pure-essential-oil-mixture-seduction-in-roll-on-9-ml\\\/#breadcrumb\"},\"inLanguage\":\"cs\",\"potentialAction\":[{\"@type\":\"ReadAction\",\"target\":[\"https:\\\/\\\/vivasan-shop.com\\\/shop\\\/aromatherapy\\\/essential-oils\\\/100-pure-essential-oil-mixture-seduction-in-roll-on-9-ml\\\/\"]}]},{\"@type\":\"ImageObject\",\"inLanguage\":\"cs\",\"@id\":\"https:\\\/\\\/vivasan-shop.com\\\/shop\\\/aromatherapy\\\/essential-oils\\\/100-pure-essential-oil-mixture-seduction-in-roll-on-9-ml\\\/#primaryimage\",\"url\":\"https:\\\/\\\/vivasan-shop.com\\\/wp-content\\\/uploads\\\/2025\\\/06\\\/vivasan.club-20200112-1225-01081026.avif\",\"contentUrl\":\"https:\\\/\\\/vivasan-shop.com\\\/wp-content\\\/uploads\\\/2025\\\/06\\\/vivasan.club-20200112-1225-01081026.avif\",\"width\":768,\"height\":768},{\"@type\":\"BreadcrumbList\",\"@id\":\"https:\\\/\\\/vivasan-shop.com\\\/shop\\\/aromatherapy\\\/essential-oils\\\/100-pure-essential-oil-mixture-seduction-in-roll-on-9-ml\\\/#breadcrumb\",\"itemListElement\":[{\"@type\":\"ListItem\",\"position\":1,\"name\":\"Home\",\"item\":\"https:\\\/\\\/vivasan-shop.com\\\/\"},{\"@type\":\"ListItem\",\"position\":2,\"name\":\"Shop\",\"item\":\"https:\\\/\\\/vivasan-shop.com\\\/shop\\\/\"},{\"@type\":\"ListItem\",\"position\":3,\"name\":\"100% pure essential oil mixture Seduction in Roll-on, 9 ml\"}]},{\"@type\":\"WebSite\",\"@id\":\"https:\\\/\\\/vivasan-shop.com\\\/#website\",\"url\":\"https:\\\/\\\/vivasan-shop.com\\\/\",\"name\":\"Vivasan\",\"description\":\"\",\"publisher\":{\"@id\":\"https:\\\/\\\/vivasan-shop.com\\\/#organization\"},\"potentialAction\":[{\"@type\":\"SearchAction\",\"target\":{\"@type\":\"EntryPoint\",\"urlTemplate\":\"https:\\\/\\\/vivasan-shop.com\\\/?s={search_term_string}\"},\"query-input\":{\"@type\":\"PropertyValueSpecification\",\"valueRequired\":true,\"valueName\":\"search_term_string\"}}],\"inLanguage\":\"cs\"},{\"@type\":\"Organization\",\"@id\":\"https:\\\/\\\/vivasan-shop.com\\\/#organization\",\"name\":\"Vivasan\",\"url\":\"https:\\\/\\\/vivasan-shop.com\\\/\",\"logo\":{\"@type\":\"ImageObject\",\"inLanguage\":\"cs\",\"@id\":\"https:\\\/\\\/vivasan-shop.com\\\/#\\\/schema\\\/logo\\\/image\\\/\",\"url\":\"https:\\\/\\\/vivasan-shop.com\\\/wp-content\\\/uploads\\\/2025\\\/07\\\/photo_2025-07-05_23-33-41.jpg\",\"contentUrl\":\"https:\\\/\\\/vivasan-shop.com\\\/wp-content\\\/uploads\\\/2025\\\/07\\\/photo_2025-07-05_23-33-41.jpg\",\"width\":1080,\"height\":608,\"caption\":\"Vivasan\"},\"image\":{\"@id\":\"https:\\\/\\\/vivasan-shop.com\\\/#\\\/schema\\\/logo\\\/image\\\/\"}}]}<\/script>\n<!-- \/ Yoast SEO plugin. -->","yoast_head_json":{"title":"100% pure essential oil mixture Seduction in Roll-on, 9 ml - vivasan-shop.com","robots":{"index":"index","follow":"follow","max-snippet":"max-snippet:-1","max-image-preview":"max-image-preview:large","max-video-preview":"max-video-preview:-1"},"canonical":"https:\/\/vivasan-shop.com\/cs\/shop\/aromatherapy\/essential-oils\/100-pure-essential-oil-mixture-seduction-in-roll-on-9-ml\/","og_locale":"cs_CZ","og_type":"article","og_title":"100% pure essential oil mixture Seduction in Roll-on, 9 ml - vivasan-shop.com","og_description":"100% pure essential oil mixture in Roll On with ylang-ylang, sandalwood, frankincense and jasmine is seductive and attractive composition of essential oils that captivates and awakens the senses. An exquisite combination of high-quality essential oils pierces, envelops in love and stimulates intimacy \u2014 it has a delicate aroma. The fragrance lasts up to several hours.  Made in Switzerland.  &nbsp;","og_url":"https:\/\/vivasan-shop.com\/cs\/shop\/aromatherapy\/essential-oils\/100-pure-essential-oil-mixture-seduction-in-roll-on-9-ml\/","og_site_name":"vivasan-shop.com","article_modified_time":"2025-08-11T16:08:13+00:00","og_image":[{"width":715,"height":349,"url":"https:\/\/vivasan-shop.com\/wp-content\/uploads\/2025\/09\/photo_2025-09-04_15-07-27-removebg-preview.png","type":"image\/png"}],"twitter_card":"summary_large_image","twitter_misc":{"Odhadovan\u00e1 doba \u010dten\u00ed":"1 minuta"},"schema":{"@context":"https:\/\/schema.org","@graph":[{"@type":["WebPage","ItemPage"],"@id":"https:\/\/vivasan-shop.com\/shop\/aromatherapy\/essential-oils\/100-pure-essential-oil-mixture-seduction-in-roll-on-9-ml\/","url":"https:\/\/vivasan-shop.com\/shop\/aromatherapy\/essential-oils\/100-pure-essential-oil-mixture-seduction-in-roll-on-9-ml\/","name":"100% pure essential oil mixture Seduction in Roll-on, 9 ml - vivasan-shop.com","isPartOf":{"@id":"https:\/\/vivasan-shop.com\/#website"},"primaryImageOfPage":{"@id":"https:\/\/vivasan-shop.com\/shop\/aromatherapy\/essential-oils\/100-pure-essential-oil-mixture-seduction-in-roll-on-9-ml\/#primaryimage"},"image":{"@id":"https:\/\/vivasan-shop.com\/shop\/aromatherapy\/essential-oils\/100-pure-essential-oil-mixture-seduction-in-roll-on-9-ml\/#primaryimage"},"thumbnailUrl":"https:\/\/vivasan-shop.com\/wp-content\/uploads\/2025\/06\/vivasan.club-20200112-1225-01081026.avif","datePublished":"2025-06-20T08:44:00+00:00","dateModified":"2025-08-11T16:08:13+00:00","breadcrumb":{"@id":"https:\/\/vivasan-shop.com\/shop\/aromatherapy\/essential-oils\/100-pure-essential-oil-mixture-seduction-in-roll-on-9-ml\/#breadcrumb"},"inLanguage":"cs","potentialAction":[{"@type":"ReadAction","target":["https:\/\/vivasan-shop.com\/shop\/aromatherapy\/essential-oils\/100-pure-essential-oil-mixture-seduction-in-roll-on-9-ml\/"]}]},{"@type":"ImageObject","inLanguage":"cs","@id":"https:\/\/vivasan-shop.com\/shop\/aromatherapy\/essential-oils\/100-pure-essential-oil-mixture-seduction-in-roll-on-9-ml\/#primaryimage","url":"https:\/\/vivasan-shop.com\/wp-content\/uploads\/2025\/06\/vivasan.club-20200112-1225-01081026.avif","contentUrl":"https:\/\/vivasan-shop.com\/wp-content\/uploads\/2025\/06\/vivasan.club-20200112-1225-01081026.avif","width":768,"height":768},{"@type":"BreadcrumbList","@id":"https:\/\/vivasan-shop.com\/shop\/aromatherapy\/essential-oils\/100-pure-essential-oil-mixture-seduction-in-roll-on-9-ml\/#breadcrumb","itemListElement":[{"@type":"ListItem","position":1,"name":"Home","item":"https:\/\/vivasan-shop.com\/"},{"@type":"ListItem","position":2,"name":"Shop","item":"https:\/\/vivasan-shop.com\/shop\/"},{"@type":"ListItem","position":3,"name":"100% pure essential oil mixture Seduction in Roll-on, 9 ml"}]},{"@type":"WebSite","@id":"https:\/\/vivasan-shop.com\/#website","url":"https:\/\/vivasan-shop.com\/","name":"Vivasan","description":"","publisher":{"@id":"https:\/\/vivasan-shop.com\/#organization"},"potentialAction":[{"@type":"SearchAction","target":{"@type":"EntryPoint","urlTemplate":"https:\/\/vivasan-shop.com\/?s={search_term_string}"},"query-input":{"@type":"PropertyValueSpecification","valueRequired":true,"valueName":"search_term_string"}}],"inLanguage":"cs"},{"@type":"Organization","@id":"https:\/\/vivasan-shop.com\/#organization","name":"Vivasan","url":"https:\/\/vivasan-shop.com\/","logo":{"@type":"ImageObject","inLanguage":"cs","@id":"https:\/\/vivasan-shop.com\/#\/schema\/logo\/image\/","url":"https:\/\/vivasan-shop.com\/wp-content\/uploads\/2025\/07\/photo_2025-07-05_23-33-41.jpg","contentUrl":"https:\/\/vivasan-shop.com\/wp-content\/uploads\/2025\/07\/photo_2025-07-05_23-33-41.jpg","width":1080,"height":608,"caption":"Vivasan"},"image":{"@id":"https:\/\/vivasan-shop.com\/#\/schema\/logo\/image\/"}}]}},"_links":{"self":[{"href":"https:\/\/vivasan-shop.com\/cs\/wp-json\/wp\/v2\/product\/1247","targetHints":{"allow":["GET"]}}],"collection":[{"href":"https:\/\/vivasan-shop.com\/cs\/wp-json\/wp\/v2\/product"}],"about":[{"href":"https:\/\/vivasan-shop.com\/cs\/wp-json\/wp\/v2\/types\/product"}],"replies":[{"embeddable":true,"href":"https:\/\/vivasan-shop.com\/cs\/wp-json\/wp\/v2\/comments?post=1247"}],"version-history":[{"count":1,"href":"https:\/\/vivasan-shop.com\/cs\/wp-json\/wp\/v2\/product\/1247\/revisions"}],"predecessor-version":[{"id":1249,"href":"https:\/\/vivasan-shop.com\/cs\/wp-json\/wp\/v2\/product\/1247\/revisions\/1249"}],"wp:featuredmedia":[{"embeddable":true,"href":"https:\/\/vivasan-shop.com\/cs\/wp-json\/wp\/v2\/media\/1248"}],"wp:attachment":[{"href":"https:\/\/vivasan-shop.com\/cs\/wp-json\/wp\/v2\/media?parent=1247"}],"wp:term":[{"taxonomy":"product_brand","embeddable":true,"href":"https:\/\/vivasan-shop.com\/cs\/wp-json\/wp\/v2\/product_brand?post=1247"},{"taxonomy":"product_cat","embeddable":true,"href":"https:\/\/vivasan-shop.com\/cs\/wp-json\/wp\/v2\/product_cat?post=1247"},{"taxonomy":"product_tag","embeddable":true,"href":"https:\/\/vivasan-shop.com\/cs\/wp-json\/wp\/v2\/product_tag?post=1247"}],"curies":[{"name":"wp","href":"https:\/\/api.w.org\/{rel}","templated":true}]}}