{"id":1265,"date":"2025-06-20T08:55:00","date_gmt":"2025-06-20T08:55:00","guid":{"rendered":"https:\/\/vivasan-shop.com\/?post_type=product&#038;p=1265"},"modified":"2025-08-11T16:08:13","modified_gmt":"2025-08-11T16:08:13","slug":"100-pure-essential-oil-mixture-tea-tree-with-kanuka-and-manuka-10-ml","status":"publish","type":"product","link":"https:\/\/vivasan-shop.com\/cs\/shop\/aromatherapy\/essential-oils\/100-pure-essential-oil-mixture-tea-tree-with-kanuka-and-manuka-10-ml\/","title":{"rendered":"100% \u010dist\u00e1 sm\u011bs esenci\u00e1ln\u00edch olej\u016f Tea Tree s Kanukou a Manukou, 10 ml"},"content":{"rendered":"<p>Tea tree essential oil has been used for decades, and medical research has documented its benefits as a beneficial agent in killing bacteria, viruses and fungi. This mild immune stimulant and powerful antiseptic is well known for its ability to heal wounds with natural anti-inflammatory properties. Before the advent of antibiotics and prescription drugs, it is believed that indigenous people in Australia spoke highly of the properties of tea tree leaves.<\/p>\n<p>Tea tree essential oil passes through a triple treatment process: a double process in Australia and the final process in our laboratories in Switzerland. Suitable for application in aromatherapy\/osmology, face and body care, massage. May be used by itself or mixed together with: clary sage, clove, geranium, lavender, lemon, rosewood, rosemary and thyme.<\/p>\n<ul>\n<li>100% pure essential oil mixture Tea Tree, Kanuka, Manuka. Origin: Australia and New Zealand.<\/li>\n<li>100% destilovan\u00e1 vodn\u00ed p\u00e1ra bez chemick\u00fdch rozpou\u0161t\u011bdel.<\/li>\n<li>Produkt nebyl testov\u00e1n na zv\u00ed\u0159atech.<\/li>\n<li>Certifikov\u00e1no Halal.<\/li>\n<li>Objem: 10 ml.<\/li>\n<\/ul>\n<p>100% pure essential oil of best quality. Tea Tree Oil with Kanuka and Manuka [Melaleuka alternifolia, Leptospermum scoparium, Kunzea ericoides].\u00a0A very famous oil with a spicy-herbal fragrance. The tea tree is strong, herbaceous and slightly medicinal aroma essential oil. Manuka has similar qualities but features a warmer, softer smell with a hint of floral. Manuka\u2019s softer smell has been likened to juniper. Kanuka has the scent being similar to eucalyptus. Exceptional effective and widely applicable. An exclusive and carefully selected blend of three tea tree oils, which are unique in their combined effect. Widely applicable and highly effective. A potent disinfecting and anti-inflammatory product. Also good for oral care.<\/p>\n<p><strong>ADVANTAGES:<\/strong>\u00a0Tea tree essential oil is a well-known natural anti-inflammatory agent, anti-inflammatory for skin inflammation and rashes. The tea tree will naturally soothe the skin and relieve irritation. Its active ingredients quickly regenerate, strengthen and protect the epidermis. Whether it\u2019s acne, post-acne, pigmentation or even rosacea, tea tree oil can help brighten skin and even out skin tone.<\/p>\n<p><strong>N\u00c1VOD K POU\u017dIT\u00cd:<\/strong>\u00a0Lze je pou\u017e\u00edt bu\u010f \u010dich\u00e1n\u00edm z lahvi\u010dky, nebo ve vzduchu (<a href=\"https:\/\/vivasan.club\/en\/c\/aromatherapy\/?filter_product-type=aroma-diffuser\">aroma difuz\u00e9r<\/a>), za\u010dlen\u011bn\u00ed do va\u0161\u00ed j\u00f3gov\u00e9 praxe, nan\u00e1\u0161en\u00ed na k\u016f\u017ei, pou\u017eit\u00ed p\u0159i meditaci nebo na pol\u0161t\u00e1\u0159 v noci. Provon\u011bn\u00ed m\u00edstnost\u00ed, mas\u00e1\u017e (p\u0159idejte 3\u20135 kapek do mas\u00e1\u017en\u00edho oleje), vhodn\u00e9 pro Vivasan\u00a0<a href=\"https:\/\/vivasan.club\/en\/p\/car-clip-aromapanel\/\">car-diffuser<\/a>. Store at room temperature (15\u201325\u00b0C).<\/p>\n<p><strong>Pouze k vn\u011bj\u0161\u00edmu pou\u017eit\u00ed.<\/strong>\u00a0Neu\u017e\u00edvejte \u017e\u00e1dn\u00e9 esenci\u00e1ln\u00ed oleje vnit\u0159n\u011b. Zabra\u0148te kontaktu s o\u010dima a sliznicemi. Neaplikujte ne\u0159ed\u011bn\u00e9 esenci\u00e1ln\u00ed oleje na k\u016f\u017ei. Pokud jste t\u011bhotn\u00e1 nebo m\u00e1te jin\u00e9 zdravotn\u00ed probl\u00e9my, pou\u017e\u00edvejte esenci\u00e1ln\u00ed oleje pouze pod \u0159\u00e1dn\u00fdm veden\u00edm kvalifikovan\u00e9ho aromaterapeuta. Uchov\u00e1vejte mimo dosah d\u011bt\u00ed. P\u0159ed pou\u017eit\u00edm esenci\u00e1ln\u00edch olej\u016f u d\u011bt\u00ed se pora\u010fte s kvalifikovan\u00fdm aromaterapeutem. P\u0159ed pou\u017eit\u00edm esenci\u00e1ln\u00edho oleje, kter\u00fd jste nikdy p\u0159edt\u00edm nepou\u017e\u00edvali, by m\u011bl b\u00fdt proveden ko\u017en\u00ed test.<\/p>","protected":false},"excerpt":{"rendered":"<div class=\"woocommerce-product-details__short-description\">\n<p>Derived from the heart of nature, our essential oil blend brings together the powerful properties of Tea Tree, Kanuka, and Manuka. Each of these oils is celebrated individually for their unique therapeutic attributes. Together, they form a synergy that is unparalleled. Tea Tree, known for its purifying properties, is enhanced by the soothing effects of Kanuka and the deep nourishment of Manuka. This trio not only offers an intoxicating aroma that invigorates the senses but also serves as a holistic remedy for skin care, aromatherapy, and overall wellness. Dive into a world of natural healing and rejuvenation with this exceptional blend.<\/p>\n<p>Vyrobeno ve \u0160v\u00fdcarsku.<\/p>\n<p>&nbsp;<\/p>\n<\/div>\n<div class=\"vivasan-product-icons\"><img loading=\"lazy\" decoding=\"async\" class=\"product_icon\" title=\"Made in Switzerland\" src=\"https:\/\/vivasan.club\/assets\/images\/product-icons\/swiss.svg?v=2\" alt=\"Made in Switzerland\" width=\"40\" height=\"40\" \/><img loading=\"lazy\" decoding=\"async\" class=\"product_icon\" title=\"GMP Certified\" src=\"https:\/\/vivasan.club\/assets\/images\/product-icons\/gmp.svg?v=2\" alt=\"GMP Certified\" width=\"40\" height=\"40\" \/><img loading=\"lazy\" decoding=\"async\" class=\"product_icon\" title=\"Halal Certified\" src=\"https:\/\/vivasan.club\/assets\/images\/product-icons\/halal.svg?v=2\" alt=\"Halal Certified\" width=\"40\" height=\"40\" \/><img loading=\"lazy\" decoding=\"async\" class=\"product_icon\" title=\"Cruelty-free\" src=\"https:\/\/vivasan.club\/assets\/images\/product-icons\/crueltyfree.svg?v=2\" alt=\"Cruelty-free\" width=\"40\" height=\"40\" \/><\/div>","protected":false},"featured_media":1266,"comment_status":"open","ping_status":"closed","template":"","meta":{"_acf_changed":false},"product_brand":[85],"product_cat":[58,61],"product_tag":[],"class_list":{"0":"post-1265","1":"product","2":"type-product","3":"status-publish","4":"has-post-thumbnail","6":"product_brand-vivasan","7":"product_cat-aromatherapy","8":"product_cat-essential-oils","9":"pa_aromatic-notes-top-note","11":"first","12":"instock","13":"shipping-taxable","14":"purchasable","15":"product-type-simple"},"acf":[],"yoast_head":"<!-- This site is optimized with the Yoast SEO plugin v27.3 - https:\/\/yoast.com\/product\/yoast-seo-wordpress\/ -->\n<title>100% pure essential oil mixture Tea Tree with Kanuka and Manuka, 10 ml - vivasan-shop.com<\/title>\n<meta name=\"robots\" content=\"index, follow, max-snippet:-1, max-image-preview:large, max-video-preview:-1\" \/>\n<link rel=\"canonical\" href=\"https:\/\/vivasan-shop.com\/cs\/shop\/aromatherapy\/essential-oils\/100-pure-essential-oil-mixture-tea-tree-with-kanuka-and-manuka-10-ml\/\" \/>\n<meta property=\"og:locale\" content=\"cs_CZ\" \/>\n<meta property=\"og:type\" content=\"article\" \/>\n<meta property=\"og:title\" content=\"100% pure essential oil mixture Tea Tree with Kanuka and Manuka, 10 ml - vivasan-shop.com\" \/>\n<meta property=\"og:description\" content=\"Derived from the heart of nature, our essential oil blend brings together the powerful properties of Tea Tree, Kanuka, and Manuka. Each of these oils is celebrated individually for their unique therapeutic attributes. Together, they form a synergy that is unparalleled. Tea Tree, known for its purifying properties, is enhanced by the soothing effects of Kanuka and the deep nourishment of Manuka. This trio not only offers an intoxicating aroma that invigorates the senses but also serves as a holistic remedy for skin care, aromatherapy, and overall wellness. Dive into a world of natural healing and rejuvenation with this exceptional blend.  Made in Switzerland.  &nbsp;\" \/>\n<meta property=\"og:url\" content=\"https:\/\/vivasan-shop.com\/cs\/shop\/aromatherapy\/essential-oils\/100-pure-essential-oil-mixture-tea-tree-with-kanuka-and-manuka-10-ml\/\" \/>\n<meta property=\"og:site_name\" content=\"vivasan-shop.com\" \/>\n<meta property=\"article:modified_time\" content=\"2025-08-11T16:08:13+00:00\" \/>\n<meta property=\"og:image\" content=\"https:\/\/vivasan-shop.com\/wp-content\/uploads\/2025\/09\/photo_2025-09-04_15-07-27-removebg-preview.png\" \/>\n\t<meta property=\"og:image:width\" content=\"715\" \/>\n\t<meta property=\"og:image:height\" content=\"349\" \/>\n\t<meta property=\"og:image:type\" content=\"image\/png\" \/>\n<meta name=\"twitter:card\" content=\"summary_large_image\" \/>\n<meta name=\"twitter:label1\" content=\"Odhadovan\u00e1 doba \u010dten\u00ed\" \/>\n\t<meta name=\"twitter:data1\" content=\"1 minuta\" \/>\n<script type=\"application\/ld+json\" class=\"yoast-schema-graph\">{\"@context\":\"https:\\\/\\\/schema.org\",\"@graph\":[{\"@type\":[\"WebPage\",\"ItemPage\"],\"@id\":\"https:\\\/\\\/vivasan-shop.com\\\/shop\\\/aromatherapy\\\/essential-oils\\\/100-pure-essential-oil-mixture-tea-tree-with-kanuka-and-manuka-10-ml\\\/\",\"url\":\"https:\\\/\\\/vivasan-shop.com\\\/shop\\\/aromatherapy\\\/essential-oils\\\/100-pure-essential-oil-mixture-tea-tree-with-kanuka-and-manuka-10-ml\\\/\",\"name\":\"100% pure essential oil mixture Tea Tree with Kanuka and Manuka, 10 ml - vivasan-shop.com\",\"isPartOf\":{\"@id\":\"https:\\\/\\\/vivasan-shop.com\\\/#website\"},\"primaryImageOfPage\":{\"@id\":\"https:\\\/\\\/vivasan-shop.com\\\/shop\\\/aromatherapy\\\/essential-oils\\\/100-pure-essential-oil-mixture-tea-tree-with-kanuka-and-manuka-10-ml\\\/#primaryimage\"},\"image\":{\"@id\":\"https:\\\/\\\/vivasan-shop.com\\\/shop\\\/aromatherapy\\\/essential-oils\\\/100-pure-essential-oil-mixture-tea-tree-with-kanuka-and-manuka-10-ml\\\/#primaryimage\"},\"thumbnailUrl\":\"https:\\\/\\\/vivasan-shop.com\\\/wp-content\\\/uploads\\\/2025\\\/06\\\/vivasan.club-20190326-1407-53985160.avif\",\"datePublished\":\"2025-06-20T08:55:00+00:00\",\"dateModified\":\"2025-08-11T16:08:13+00:00\",\"breadcrumb\":{\"@id\":\"https:\\\/\\\/vivasan-shop.com\\\/shop\\\/aromatherapy\\\/essential-oils\\\/100-pure-essential-oil-mixture-tea-tree-with-kanuka-and-manuka-10-ml\\\/#breadcrumb\"},\"inLanguage\":\"cs\",\"potentialAction\":[{\"@type\":\"ReadAction\",\"target\":[\"https:\\\/\\\/vivasan-shop.com\\\/shop\\\/aromatherapy\\\/essential-oils\\\/100-pure-essential-oil-mixture-tea-tree-with-kanuka-and-manuka-10-ml\\\/\"]}]},{\"@type\":\"ImageObject\",\"inLanguage\":\"cs\",\"@id\":\"https:\\\/\\\/vivasan-shop.com\\\/shop\\\/aromatherapy\\\/essential-oils\\\/100-pure-essential-oil-mixture-tea-tree-with-kanuka-and-manuka-10-ml\\\/#primaryimage\",\"url\":\"https:\\\/\\\/vivasan-shop.com\\\/wp-content\\\/uploads\\\/2025\\\/06\\\/vivasan.club-20190326-1407-53985160.avif\",\"contentUrl\":\"https:\\\/\\\/vivasan-shop.com\\\/wp-content\\\/uploads\\\/2025\\\/06\\\/vivasan.club-20190326-1407-53985160.avif\",\"width\":768,\"height\":768},{\"@type\":\"BreadcrumbList\",\"@id\":\"https:\\\/\\\/vivasan-shop.com\\\/shop\\\/aromatherapy\\\/essential-oils\\\/100-pure-essential-oil-mixture-tea-tree-with-kanuka-and-manuka-10-ml\\\/#breadcrumb\",\"itemListElement\":[{\"@type\":\"ListItem\",\"position\":1,\"name\":\"Home\",\"item\":\"https:\\\/\\\/vivasan-shop.com\\\/\"},{\"@type\":\"ListItem\",\"position\":2,\"name\":\"Shop\",\"item\":\"https:\\\/\\\/vivasan-shop.com\\\/shop\\\/\"},{\"@type\":\"ListItem\",\"position\":3,\"name\":\"100% pure essential oil mixture Tea Tree with Kanuka and Manuka, 10 ml\"}]},{\"@type\":\"WebSite\",\"@id\":\"https:\\\/\\\/vivasan-shop.com\\\/#website\",\"url\":\"https:\\\/\\\/vivasan-shop.com\\\/\",\"name\":\"Vivasan\",\"description\":\"\",\"publisher\":{\"@id\":\"https:\\\/\\\/vivasan-shop.com\\\/#organization\"},\"potentialAction\":[{\"@type\":\"SearchAction\",\"target\":{\"@type\":\"EntryPoint\",\"urlTemplate\":\"https:\\\/\\\/vivasan-shop.com\\\/?s={search_term_string}\"},\"query-input\":{\"@type\":\"PropertyValueSpecification\",\"valueRequired\":true,\"valueName\":\"search_term_string\"}}],\"inLanguage\":\"cs\"},{\"@type\":\"Organization\",\"@id\":\"https:\\\/\\\/vivasan-shop.com\\\/#organization\",\"name\":\"Vivasan\",\"url\":\"https:\\\/\\\/vivasan-shop.com\\\/\",\"logo\":{\"@type\":\"ImageObject\",\"inLanguage\":\"cs\",\"@id\":\"https:\\\/\\\/vivasan-shop.com\\\/#\\\/schema\\\/logo\\\/image\\\/\",\"url\":\"https:\\\/\\\/vivasan-shop.com\\\/wp-content\\\/uploads\\\/2025\\\/07\\\/photo_2025-07-05_23-33-41.jpg\",\"contentUrl\":\"https:\\\/\\\/vivasan-shop.com\\\/wp-content\\\/uploads\\\/2025\\\/07\\\/photo_2025-07-05_23-33-41.jpg\",\"width\":1080,\"height\":608,\"caption\":\"Vivasan\"},\"image\":{\"@id\":\"https:\\\/\\\/vivasan-shop.com\\\/#\\\/schema\\\/logo\\\/image\\\/\"}}]}<\/script>\n<!-- \/ Yoast SEO plugin. -->","yoast_head_json":{"title":"100% pure essential oil mixture Tea Tree with Kanuka and Manuka, 10 ml - vivasan-shop.com","robots":{"index":"index","follow":"follow","max-snippet":"max-snippet:-1","max-image-preview":"max-image-preview:large","max-video-preview":"max-video-preview:-1"},"canonical":"https:\/\/vivasan-shop.com\/cs\/shop\/aromatherapy\/essential-oils\/100-pure-essential-oil-mixture-tea-tree-with-kanuka-and-manuka-10-ml\/","og_locale":"cs_CZ","og_type":"article","og_title":"100% pure essential oil mixture Tea Tree with Kanuka and Manuka, 10 ml - vivasan-shop.com","og_description":"Derived from the heart of nature, our essential oil blend brings together the powerful properties of Tea Tree, Kanuka, and Manuka. Each of these oils is celebrated individually for their unique therapeutic attributes. Together, they form a synergy that is unparalleled. Tea Tree, known for its purifying properties, is enhanced by the soothing effects of Kanuka and the deep nourishment of Manuka. This trio not only offers an intoxicating aroma that invigorates the senses but also serves as a holistic remedy for skin care, aromatherapy, and overall wellness. Dive into a world of natural healing and rejuvenation with this exceptional blend.  Made in Switzerland.  &nbsp;","og_url":"https:\/\/vivasan-shop.com\/cs\/shop\/aromatherapy\/essential-oils\/100-pure-essential-oil-mixture-tea-tree-with-kanuka-and-manuka-10-ml\/","og_site_name":"vivasan-shop.com","article_modified_time":"2025-08-11T16:08:13+00:00","og_image":[{"width":715,"height":349,"url":"https:\/\/vivasan-shop.com\/wp-content\/uploads\/2025\/09\/photo_2025-09-04_15-07-27-removebg-preview.png","type":"image\/png"}],"twitter_card":"summary_large_image","twitter_misc":{"Odhadovan\u00e1 doba \u010dten\u00ed":"1 minuta"},"schema":{"@context":"https:\/\/schema.org","@graph":[{"@type":["WebPage","ItemPage"],"@id":"https:\/\/vivasan-shop.com\/shop\/aromatherapy\/essential-oils\/100-pure-essential-oil-mixture-tea-tree-with-kanuka-and-manuka-10-ml\/","url":"https:\/\/vivasan-shop.com\/shop\/aromatherapy\/essential-oils\/100-pure-essential-oil-mixture-tea-tree-with-kanuka-and-manuka-10-ml\/","name":"100% pure essential oil mixture Tea Tree with Kanuka and Manuka, 10 ml - vivasan-shop.com","isPartOf":{"@id":"https:\/\/vivasan-shop.com\/#website"},"primaryImageOfPage":{"@id":"https:\/\/vivasan-shop.com\/shop\/aromatherapy\/essential-oils\/100-pure-essential-oil-mixture-tea-tree-with-kanuka-and-manuka-10-ml\/#primaryimage"},"image":{"@id":"https:\/\/vivasan-shop.com\/shop\/aromatherapy\/essential-oils\/100-pure-essential-oil-mixture-tea-tree-with-kanuka-and-manuka-10-ml\/#primaryimage"},"thumbnailUrl":"https:\/\/vivasan-shop.com\/wp-content\/uploads\/2025\/06\/vivasan.club-20190326-1407-53985160.avif","datePublished":"2025-06-20T08:55:00+00:00","dateModified":"2025-08-11T16:08:13+00:00","breadcrumb":{"@id":"https:\/\/vivasan-shop.com\/shop\/aromatherapy\/essential-oils\/100-pure-essential-oil-mixture-tea-tree-with-kanuka-and-manuka-10-ml\/#breadcrumb"},"inLanguage":"cs","potentialAction":[{"@type":"ReadAction","target":["https:\/\/vivasan-shop.com\/shop\/aromatherapy\/essential-oils\/100-pure-essential-oil-mixture-tea-tree-with-kanuka-and-manuka-10-ml\/"]}]},{"@type":"ImageObject","inLanguage":"cs","@id":"https:\/\/vivasan-shop.com\/shop\/aromatherapy\/essential-oils\/100-pure-essential-oil-mixture-tea-tree-with-kanuka-and-manuka-10-ml\/#primaryimage","url":"https:\/\/vivasan-shop.com\/wp-content\/uploads\/2025\/06\/vivasan.club-20190326-1407-53985160.avif","contentUrl":"https:\/\/vivasan-shop.com\/wp-content\/uploads\/2025\/06\/vivasan.club-20190326-1407-53985160.avif","width":768,"height":768},{"@type":"BreadcrumbList","@id":"https:\/\/vivasan-shop.com\/shop\/aromatherapy\/essential-oils\/100-pure-essential-oil-mixture-tea-tree-with-kanuka-and-manuka-10-ml\/#breadcrumb","itemListElement":[{"@type":"ListItem","position":1,"name":"Home","item":"https:\/\/vivasan-shop.com\/"},{"@type":"ListItem","position":2,"name":"Shop","item":"https:\/\/vivasan-shop.com\/shop\/"},{"@type":"ListItem","position":3,"name":"100% pure essential oil mixture Tea Tree with Kanuka and Manuka, 10 ml"}]},{"@type":"WebSite","@id":"https:\/\/vivasan-shop.com\/#website","url":"https:\/\/vivasan-shop.com\/","name":"Vivasan","description":"","publisher":{"@id":"https:\/\/vivasan-shop.com\/#organization"},"potentialAction":[{"@type":"SearchAction","target":{"@type":"EntryPoint","urlTemplate":"https:\/\/vivasan-shop.com\/?s={search_term_string}"},"query-input":{"@type":"PropertyValueSpecification","valueRequired":true,"valueName":"search_term_string"}}],"inLanguage":"cs"},{"@type":"Organization","@id":"https:\/\/vivasan-shop.com\/#organization","name":"Vivasan","url":"https:\/\/vivasan-shop.com\/","logo":{"@type":"ImageObject","inLanguage":"cs","@id":"https:\/\/vivasan-shop.com\/#\/schema\/logo\/image\/","url":"https:\/\/vivasan-shop.com\/wp-content\/uploads\/2025\/07\/photo_2025-07-05_23-33-41.jpg","contentUrl":"https:\/\/vivasan-shop.com\/wp-content\/uploads\/2025\/07\/photo_2025-07-05_23-33-41.jpg","width":1080,"height":608,"caption":"Vivasan"},"image":{"@id":"https:\/\/vivasan-shop.com\/#\/schema\/logo\/image\/"}}]}},"_links":{"self":[{"href":"https:\/\/vivasan-shop.com\/cs\/wp-json\/wp\/v2\/product\/1265","targetHints":{"allow":["GET"]}}],"collection":[{"href":"https:\/\/vivasan-shop.com\/cs\/wp-json\/wp\/v2\/product"}],"about":[{"href":"https:\/\/vivasan-shop.com\/cs\/wp-json\/wp\/v2\/types\/product"}],"replies":[{"embeddable":true,"href":"https:\/\/vivasan-shop.com\/cs\/wp-json\/wp\/v2\/comments?post=1265"}],"version-history":[{"count":2,"href":"https:\/\/vivasan-shop.com\/cs\/wp-json\/wp\/v2\/product\/1265\/revisions"}],"predecessor-version":[{"id":1268,"href":"https:\/\/vivasan-shop.com\/cs\/wp-json\/wp\/v2\/product\/1265\/revisions\/1268"}],"wp:featuredmedia":[{"embeddable":true,"href":"https:\/\/vivasan-shop.com\/cs\/wp-json\/wp\/v2\/media\/1266"}],"wp:attachment":[{"href":"https:\/\/vivasan-shop.com\/cs\/wp-json\/wp\/v2\/media?parent=1265"}],"wp:term":[{"taxonomy":"product_brand","embeddable":true,"href":"https:\/\/vivasan-shop.com\/cs\/wp-json\/wp\/v2\/product_brand?post=1265"},{"taxonomy":"product_cat","embeddable":true,"href":"https:\/\/vivasan-shop.com\/cs\/wp-json\/wp\/v2\/product_cat?post=1265"},{"taxonomy":"product_tag","embeddable":true,"href":"https:\/\/vivasan-shop.com\/cs\/wp-json\/wp\/v2\/product_tag?post=1265"}],"curies":[{"name":"wp","href":"https:\/\/api.w.org\/{rel}","templated":true}]}}