{"id":1269,"date":"2025-06-20T08:57:00","date_gmt":"2025-06-20T08:57:00","guid":{"rendered":"https:\/\/vivasan-shop.com\/?post_type=product&#038;p=1269"},"modified":"2025-08-11T16:08:13","modified_gmt":"2025-08-11T16:08:13","slug":"100-pure-essential-oil-neroli-10-ml","status":"publish","type":"product","link":"https:\/\/vivasan-shop.com\/cs\/shop\/aromatherapy\/essential-oils\/100-pure-essential-oil-neroli-10-ml\/","title":{"rendered":"100% \u010dist\u00fd esenci\u00e1ln\u00ed olej Neroli, 10 ml"},"content":{"rendered":"<p>Who would have thought that this glamorous and mysterious ingredient was actually sourced from a humble orange? Neroli is the prettier name given to the bitter orange blossom. Neroli essential oil is obtained from the bitter orange flower by steam distillation, in which the flowers are carefully steamed to release the aromatic essential oil. Besides the irresistible orange blossom scent, neroli oil can also be used for skin care: neroli oil stimulates the regeneration of skin cells, giving it anti-scarring properties \u2013 making neroli an excellent ingredient for removing stretch marks, age spots and scars. Along with its regenerating properties, neroli oil also has antiseptic, antibacterial, anti-inflammatory and analgesic properties, which makes it useful for treating acne breakouts, reduces redness associated with inflammation, can also be used to care for oily skin, reduce wrinkles and moisturize all skin types.<\/p>\n<ul>\n<li>Pure genuine Neroli oil [Citrus aurantium L.] from France<\/li>\n<li>100% destilace vodn\u00ed p\u00e1rou bez chemick\u00fdch rozpou\u0161t\u011bdel<\/li>\n<li>Produkt nebyl testov\u00e1n na zv\u00ed\u0159atech<\/li>\n<li>Bez GMO<\/li>\n<li>Bez paraben\u016f<\/li>\n<li>Certifikov\u00e1no Halal<\/li>\n<li>\u00a0Objem: 10 ml<\/li>\n<\/ul>\n<p>100% pure essential oil Neroli [7% Neroli oil, 93% Jojoba oil]. A fascinating and sumptuous fragrance. Powerful, sweet and still loving. It provides clarity and gets you back on top of things if you are worn out and fearful. Relieves anxiety, harmonising, uplifting and warming. Neroli essential oil has a strong heritage that dates back to the 17th century, where it was adored by Italian nobles. The Duchess of Bracciano became famous for using Bitter Orange essential oil \u2014 she loved him so much that she was celebrated as \u201cPrincess Nerola\u201d. Neroli Essential Oil has long been used in wedding ceremonies, due to its soothing properties and aphrodisiac effects.\u00a0The delicate Neroli flowers are small, white and beautiful, hand picked and\u00a0distilled by low pressure steam; however, it is necessary to proceed quickly because the petals quickly lose their glorious scent. The production of this strong orange essential oil is time and labor intensive. Neroli oil is not only highly sought after, but also very rare and difficult to manufacture.\u00a0Neroli Essential Oil will help boost the immune system to protect you from cold cough and fever.<\/p>\n<p><strong>Rejuvenates the skin:<\/strong>\u00a0When applied to the skin, Neroli essential oil intensively moisturizes it and supports the natural process of cell regeneration. To maximize this effect, look for other essential oils, such as green tangerine oil, suitable for deep targeting wrinkles and fine lines.<\/p>\n<p><strong>Fights acne:<\/strong>\u00a0Neroli essential oil has strong antibacterial properties, making it the main ingredient in the balance of sebum production. It is rich in antioxidants and fights free radicals that can soothe inflammation and redness caused by acne. If you really want to eliminate skin imperfections, you can also check out Ylang-Ylang essential oil.<\/p>\n<p><strong>Better night sleep:<\/strong>\u00a0Thanks to the calming effects you can get a better night\u2019s sleep.<\/p>\n<p><strong>Treats stress, depression and anxiety:<\/strong>\u00a0This essential oil is also a natural remedy for anxiety, depression and stress. Inhale the strong scent and breathe deeply to release your mind immediately.<\/p>\n<p><strong>Can handle pain and inflammation:<\/strong>\u00a0When applied topically, Neroli essential oil has active ingredients that have the ability to target acute inflammation and reduce pain.<\/p>\n<p><strong>Hydration:<\/strong>\u00a0Neroli Essential Oil will provide you with a protective barrier to keep your skin radiant and rosy all day.<\/p>\n<p><strong>Recovery:<\/strong>\u00a0Stimulates cell regeneration, heals skin.<\/p>\n<p><strong>Cleans:<\/strong>\u00a0Due to its antibacterial properties, this essential oil is a beautiful skin cleanser. It is not phototoxic, so it does not increase the sun\u2019s sensitivity. Therefore, it is perfect for rejuvenating the skin all year round.<\/p>\n<p><strong>Direction of use:<\/strong>\u00a0Can be used by either smelling them from the bottle or in the air (aroma diffuser), incorporating them into your yoga practice, applying them to the skin, for use in meditation or on your pillow at night. Scenting rooms, massaging (add 3\u20135 drops to a massage oil), suitable for the Vivasan car-diffuser, baths (add 8\u201310 drops to some milk and stir into water). Store at room temperature (15\u201325\u00b0C).<\/p>\n<p><strong>Pouze k vn\u011bj\u0161\u00edmu pou\u017eit\u00ed.<\/strong>\u00a0Do not take any essential oils internally. Avoid contact with eyes and mucous membranes. Do not apply undiluted essential oils onto the skin. Use essential oils only under the proper guidance of a qualified aromatherapy practitioner if you are pregnant or have any other medical issues. Keep away from children. Consult a qualified aromatherapy practitioner before using essential oils on children. A skin patch test should be conducted prior to using an essential oil that you\u2019ve never used before.<\/p>","protected":false},"excerpt":{"rendered":"<div class=\"woocommerce-product-details__short-description\">\n<p>A fascinating and sumptuous fragrance. Powerful, sweet and still loving. It provides clarity and gets you back on top of things if you are worn out and fearful. Relieves anxiety, harmonizing, uplifting and warming. This essential oil is also a natural remedy for anxiety, depression and stress. Inhale the strong scent and breathe deeply to release your mind immediately. Thanks to the calming effects you can get a better night\u2019s sleep.<\/p>\n<p>Vyrobeno ve \u0160v\u00fdcarsku.<\/p>\n<p>&nbsp;<\/p>\n<\/div>\n<div class=\"vivasan-product-icons\"><img loading=\"lazy\" decoding=\"async\" class=\"product_icon\" title=\"Made in Switzerland\" src=\"https:\/\/vivasan.club\/assets\/images\/product-icons\/swiss.svg?v=2\" alt=\"Made in Switzerland\" width=\"40\" height=\"40\" \/><img loading=\"lazy\" decoding=\"async\" class=\"product_icon\" title=\"GMP Certified\" src=\"https:\/\/vivasan.club\/assets\/images\/product-icons\/gmp.svg?v=2\" alt=\"GMP Certified\" width=\"40\" height=\"40\" \/><img loading=\"lazy\" decoding=\"async\" class=\"product_icon\" title=\"Halal Certified\" src=\"https:\/\/vivasan.club\/assets\/images\/product-icons\/halal.svg?v=2\" alt=\"Halal Certified\" width=\"40\" height=\"40\" \/><img loading=\"lazy\" decoding=\"async\" class=\"product_icon\" title=\"Cruelty-free\" src=\"https:\/\/vivasan.club\/assets\/images\/product-icons\/crueltyfree.svg?v=2\" alt=\"Cruelty-free\" width=\"40\" height=\"40\" \/><\/div>","protected":false},"featured_media":1270,"comment_status":"open","ping_status":"closed","template":"","meta":{"_acf_changed":false},"product_brand":[85],"product_cat":[58,61],"product_tag":[],"class_list":{"0":"post-1269","1":"product","2":"type-product","3":"status-publish","4":"has-post-thumbnail","6":"product_brand-vivasan","7":"product_cat-aromatherapy","8":"product_cat-essential-oils","9":"pa_aromatic-notes-top-note","11":"first","12":"instock","13":"shipping-taxable","14":"purchasable","15":"product-type-simple"},"acf":[],"yoast_head":"<!-- This site is optimized with the Yoast SEO plugin v27.3 - https:\/\/yoast.com\/product\/yoast-seo-wordpress\/ -->\n<title>100% pure essential oil Neroli, 10 ml - vivasan-shop.com<\/title>\n<meta name=\"robots\" content=\"index, follow, max-snippet:-1, max-image-preview:large, max-video-preview:-1\" \/>\n<link rel=\"canonical\" href=\"https:\/\/vivasan-shop.com\/cs\/shop\/aromatherapy\/essential-oils\/100-pure-essential-oil-neroli-10-ml\/\" \/>\n<meta property=\"og:locale\" content=\"cs_CZ\" \/>\n<meta property=\"og:type\" content=\"article\" \/>\n<meta property=\"og:title\" content=\"100% pure essential oil Neroli, 10 ml - vivasan-shop.com\" \/>\n<meta property=\"og:description\" content=\"A fascinating and sumptuous fragrance. Powerful, sweet and still loving. It provides clarity and gets you back on top of things if you are worn out and fearful. Relieves anxiety, harmonizing, uplifting and warming. This essential oil is also a natural remedy for anxiety, depression and stress. Inhale the strong scent and breathe deeply to release your mind immediately. Thanks to the calming effects you can get a better night\u2019s sleep.  Made in Switzerland.  &nbsp;\" \/>\n<meta property=\"og:url\" content=\"https:\/\/vivasan-shop.com\/cs\/shop\/aromatherapy\/essential-oils\/100-pure-essential-oil-neroli-10-ml\/\" \/>\n<meta property=\"og:site_name\" content=\"vivasan-shop.com\" \/>\n<meta property=\"article:modified_time\" content=\"2025-08-11T16:08:13+00:00\" \/>\n<meta property=\"og:image\" content=\"https:\/\/vivasan-shop.com\/wp-content\/uploads\/2025\/09\/photo_2025-09-04_15-07-27-removebg-preview.png\" \/>\n\t<meta property=\"og:image:width\" content=\"715\" \/>\n\t<meta property=\"og:image:height\" content=\"349\" \/>\n\t<meta property=\"og:image:type\" content=\"image\/png\" \/>\n<meta name=\"twitter:card\" content=\"summary_large_image\" \/>\n<meta name=\"twitter:label1\" content=\"Odhadovan\u00e1 doba \u010dten\u00ed\" \/>\n\t<meta name=\"twitter:data1\" content=\"1 minuta\" \/>\n<script type=\"application\/ld+json\" class=\"yoast-schema-graph\">{\"@context\":\"https:\\\/\\\/schema.org\",\"@graph\":[{\"@type\":[\"WebPage\",\"ItemPage\"],\"@id\":\"https:\\\/\\\/vivasan-shop.com\\\/shop\\\/aromatherapy\\\/essential-oils\\\/100-pure-essential-oil-neroli-10-ml\\\/\",\"url\":\"https:\\\/\\\/vivasan-shop.com\\\/shop\\\/aromatherapy\\\/essential-oils\\\/100-pure-essential-oil-neroli-10-ml\\\/\",\"name\":\"100% pure essential oil Neroli, 10 ml - vivasan-shop.com\",\"isPartOf\":{\"@id\":\"https:\\\/\\\/vivasan-shop.com\\\/#website\"},\"primaryImageOfPage\":{\"@id\":\"https:\\\/\\\/vivasan-shop.com\\\/shop\\\/aromatherapy\\\/essential-oils\\\/100-pure-essential-oil-neroli-10-ml\\\/#primaryimage\"},\"image\":{\"@id\":\"https:\\\/\\\/vivasan-shop.com\\\/shop\\\/aromatherapy\\\/essential-oils\\\/100-pure-essential-oil-neroli-10-ml\\\/#primaryimage\"},\"thumbnailUrl\":\"https:\\\/\\\/vivasan-shop.com\\\/wp-content\\\/uploads\\\/2025\\\/06\\\/vivasan.club-20190327-1801-14223669.avif\",\"datePublished\":\"2025-06-20T08:57:00+00:00\",\"dateModified\":\"2025-08-11T16:08:13+00:00\",\"breadcrumb\":{\"@id\":\"https:\\\/\\\/vivasan-shop.com\\\/shop\\\/aromatherapy\\\/essential-oils\\\/100-pure-essential-oil-neroli-10-ml\\\/#breadcrumb\"},\"inLanguage\":\"cs\",\"potentialAction\":[{\"@type\":\"ReadAction\",\"target\":[\"https:\\\/\\\/vivasan-shop.com\\\/shop\\\/aromatherapy\\\/essential-oils\\\/100-pure-essential-oil-neroli-10-ml\\\/\"]}]},{\"@type\":\"ImageObject\",\"inLanguage\":\"cs\",\"@id\":\"https:\\\/\\\/vivasan-shop.com\\\/shop\\\/aromatherapy\\\/essential-oils\\\/100-pure-essential-oil-neroli-10-ml\\\/#primaryimage\",\"url\":\"https:\\\/\\\/vivasan-shop.com\\\/wp-content\\\/uploads\\\/2025\\\/06\\\/vivasan.club-20190327-1801-14223669.avif\",\"contentUrl\":\"https:\\\/\\\/vivasan-shop.com\\\/wp-content\\\/uploads\\\/2025\\\/06\\\/vivasan.club-20190327-1801-14223669.avif\",\"width\":768,\"height\":768},{\"@type\":\"BreadcrumbList\",\"@id\":\"https:\\\/\\\/vivasan-shop.com\\\/shop\\\/aromatherapy\\\/essential-oils\\\/100-pure-essential-oil-neroli-10-ml\\\/#breadcrumb\",\"itemListElement\":[{\"@type\":\"ListItem\",\"position\":1,\"name\":\"Home\",\"item\":\"https:\\\/\\\/vivasan-shop.com\\\/\"},{\"@type\":\"ListItem\",\"position\":2,\"name\":\"Shop\",\"item\":\"https:\\\/\\\/vivasan-shop.com\\\/shop\\\/\"},{\"@type\":\"ListItem\",\"position\":3,\"name\":\"100% pure essential oil Neroli, 10 ml\"}]},{\"@type\":\"WebSite\",\"@id\":\"https:\\\/\\\/vivasan-shop.com\\\/#website\",\"url\":\"https:\\\/\\\/vivasan-shop.com\\\/\",\"name\":\"Vivasan\",\"description\":\"\",\"publisher\":{\"@id\":\"https:\\\/\\\/vivasan-shop.com\\\/#organization\"},\"potentialAction\":[{\"@type\":\"SearchAction\",\"target\":{\"@type\":\"EntryPoint\",\"urlTemplate\":\"https:\\\/\\\/vivasan-shop.com\\\/?s={search_term_string}\"},\"query-input\":{\"@type\":\"PropertyValueSpecification\",\"valueRequired\":true,\"valueName\":\"search_term_string\"}}],\"inLanguage\":\"cs\"},{\"@type\":\"Organization\",\"@id\":\"https:\\\/\\\/vivasan-shop.com\\\/#organization\",\"name\":\"Vivasan\",\"url\":\"https:\\\/\\\/vivasan-shop.com\\\/\",\"logo\":{\"@type\":\"ImageObject\",\"inLanguage\":\"cs\",\"@id\":\"https:\\\/\\\/vivasan-shop.com\\\/#\\\/schema\\\/logo\\\/image\\\/\",\"url\":\"https:\\\/\\\/vivasan-shop.com\\\/wp-content\\\/uploads\\\/2025\\\/07\\\/photo_2025-07-05_23-33-41.jpg\",\"contentUrl\":\"https:\\\/\\\/vivasan-shop.com\\\/wp-content\\\/uploads\\\/2025\\\/07\\\/photo_2025-07-05_23-33-41.jpg\",\"width\":1080,\"height\":608,\"caption\":\"Vivasan\"},\"image\":{\"@id\":\"https:\\\/\\\/vivasan-shop.com\\\/#\\\/schema\\\/logo\\\/image\\\/\"}}]}<\/script>\n<!-- \/ Yoast SEO plugin. -->","yoast_head_json":{"title":"100% pure essential oil Neroli, 10 ml - vivasan-shop.com","robots":{"index":"index","follow":"follow","max-snippet":"max-snippet:-1","max-image-preview":"max-image-preview:large","max-video-preview":"max-video-preview:-1"},"canonical":"https:\/\/vivasan-shop.com\/cs\/shop\/aromatherapy\/essential-oils\/100-pure-essential-oil-neroli-10-ml\/","og_locale":"cs_CZ","og_type":"article","og_title":"100% pure essential oil Neroli, 10 ml - vivasan-shop.com","og_description":"A fascinating and sumptuous fragrance. Powerful, sweet and still loving. It provides clarity and gets you back on top of things if you are worn out and fearful. Relieves anxiety, harmonizing, uplifting and warming. This essential oil is also a natural remedy for anxiety, depression and stress. Inhale the strong scent and breathe deeply to release your mind immediately. Thanks to the calming effects you can get a better night\u2019s sleep.  Made in Switzerland.  &nbsp;","og_url":"https:\/\/vivasan-shop.com\/cs\/shop\/aromatherapy\/essential-oils\/100-pure-essential-oil-neroli-10-ml\/","og_site_name":"vivasan-shop.com","article_modified_time":"2025-08-11T16:08:13+00:00","og_image":[{"width":715,"height":349,"url":"https:\/\/vivasan-shop.com\/wp-content\/uploads\/2025\/09\/photo_2025-09-04_15-07-27-removebg-preview.png","type":"image\/png"}],"twitter_card":"summary_large_image","twitter_misc":{"Odhadovan\u00e1 doba \u010dten\u00ed":"1 minuta"},"schema":{"@context":"https:\/\/schema.org","@graph":[{"@type":["WebPage","ItemPage"],"@id":"https:\/\/vivasan-shop.com\/shop\/aromatherapy\/essential-oils\/100-pure-essential-oil-neroli-10-ml\/","url":"https:\/\/vivasan-shop.com\/shop\/aromatherapy\/essential-oils\/100-pure-essential-oil-neroli-10-ml\/","name":"100% pure essential oil Neroli, 10 ml - vivasan-shop.com","isPartOf":{"@id":"https:\/\/vivasan-shop.com\/#website"},"primaryImageOfPage":{"@id":"https:\/\/vivasan-shop.com\/shop\/aromatherapy\/essential-oils\/100-pure-essential-oil-neroli-10-ml\/#primaryimage"},"image":{"@id":"https:\/\/vivasan-shop.com\/shop\/aromatherapy\/essential-oils\/100-pure-essential-oil-neroli-10-ml\/#primaryimage"},"thumbnailUrl":"https:\/\/vivasan-shop.com\/wp-content\/uploads\/2025\/06\/vivasan.club-20190327-1801-14223669.avif","datePublished":"2025-06-20T08:57:00+00:00","dateModified":"2025-08-11T16:08:13+00:00","breadcrumb":{"@id":"https:\/\/vivasan-shop.com\/shop\/aromatherapy\/essential-oils\/100-pure-essential-oil-neroli-10-ml\/#breadcrumb"},"inLanguage":"cs","potentialAction":[{"@type":"ReadAction","target":["https:\/\/vivasan-shop.com\/shop\/aromatherapy\/essential-oils\/100-pure-essential-oil-neroli-10-ml\/"]}]},{"@type":"ImageObject","inLanguage":"cs","@id":"https:\/\/vivasan-shop.com\/shop\/aromatherapy\/essential-oils\/100-pure-essential-oil-neroli-10-ml\/#primaryimage","url":"https:\/\/vivasan-shop.com\/wp-content\/uploads\/2025\/06\/vivasan.club-20190327-1801-14223669.avif","contentUrl":"https:\/\/vivasan-shop.com\/wp-content\/uploads\/2025\/06\/vivasan.club-20190327-1801-14223669.avif","width":768,"height":768},{"@type":"BreadcrumbList","@id":"https:\/\/vivasan-shop.com\/shop\/aromatherapy\/essential-oils\/100-pure-essential-oil-neroli-10-ml\/#breadcrumb","itemListElement":[{"@type":"ListItem","position":1,"name":"Home","item":"https:\/\/vivasan-shop.com\/"},{"@type":"ListItem","position":2,"name":"Shop","item":"https:\/\/vivasan-shop.com\/shop\/"},{"@type":"ListItem","position":3,"name":"100% pure essential oil Neroli, 10 ml"}]},{"@type":"WebSite","@id":"https:\/\/vivasan-shop.com\/#website","url":"https:\/\/vivasan-shop.com\/","name":"Vivasan","description":"","publisher":{"@id":"https:\/\/vivasan-shop.com\/#organization"},"potentialAction":[{"@type":"SearchAction","target":{"@type":"EntryPoint","urlTemplate":"https:\/\/vivasan-shop.com\/?s={search_term_string}"},"query-input":{"@type":"PropertyValueSpecification","valueRequired":true,"valueName":"search_term_string"}}],"inLanguage":"cs"},{"@type":"Organization","@id":"https:\/\/vivasan-shop.com\/#organization","name":"Vivasan","url":"https:\/\/vivasan-shop.com\/","logo":{"@type":"ImageObject","inLanguage":"cs","@id":"https:\/\/vivasan-shop.com\/#\/schema\/logo\/image\/","url":"https:\/\/vivasan-shop.com\/wp-content\/uploads\/2025\/07\/photo_2025-07-05_23-33-41.jpg","contentUrl":"https:\/\/vivasan-shop.com\/wp-content\/uploads\/2025\/07\/photo_2025-07-05_23-33-41.jpg","width":1080,"height":608,"caption":"Vivasan"},"image":{"@id":"https:\/\/vivasan-shop.com\/#\/schema\/logo\/image\/"}}]}},"_links":{"self":[{"href":"https:\/\/vivasan-shop.com\/cs\/wp-json\/wp\/v2\/product\/1269","targetHints":{"allow":["GET"]}}],"collection":[{"href":"https:\/\/vivasan-shop.com\/cs\/wp-json\/wp\/v2\/product"}],"about":[{"href":"https:\/\/vivasan-shop.com\/cs\/wp-json\/wp\/v2\/types\/product"}],"replies":[{"embeddable":true,"href":"https:\/\/vivasan-shop.com\/cs\/wp-json\/wp\/v2\/comments?post=1269"}],"version-history":[{"count":1,"href":"https:\/\/vivasan-shop.com\/cs\/wp-json\/wp\/v2\/product\/1269\/revisions"}],"predecessor-version":[{"id":1271,"href":"https:\/\/vivasan-shop.com\/cs\/wp-json\/wp\/v2\/product\/1269\/revisions\/1271"}],"wp:featuredmedia":[{"embeddable":true,"href":"https:\/\/vivasan-shop.com\/cs\/wp-json\/wp\/v2\/media\/1270"}],"wp:attachment":[{"href":"https:\/\/vivasan-shop.com\/cs\/wp-json\/wp\/v2\/media?parent=1269"}],"wp:term":[{"taxonomy":"product_brand","embeddable":true,"href":"https:\/\/vivasan-shop.com\/cs\/wp-json\/wp\/v2\/product_brand?post=1269"},{"taxonomy":"product_cat","embeddable":true,"href":"https:\/\/vivasan-shop.com\/cs\/wp-json\/wp\/v2\/product_cat?post=1269"},{"taxonomy":"product_tag","embeddable":true,"href":"https:\/\/vivasan-shop.com\/cs\/wp-json\/wp\/v2\/product_tag?post=1269"}],"curies":[{"name":"wp","href":"https:\/\/api.w.org\/{rel}","templated":true}]}}