{"id":1287,"date":"2025-06-20T09:07:00","date_gmt":"2025-06-20T09:07:00","guid":{"rendered":"https:\/\/vivasan-shop.com\/?post_type=product&#038;p=1287"},"modified":"2025-08-11T16:07:53","modified_gmt":"2025-08-11T16:07:53","slug":"100-pure-essential-oil-rosewood-10-ml","status":"publish","type":"product","link":"https:\/\/vivasan-shop.com\/cs\/shop\/aromatherapy\/essential-oils\/100-pure-essential-oil-rosewood-10-ml\/","title":{"rendered":"100% \u010dist\u00fd esenci\u00e1ln\u00ed olej z r\u016f\u017eov\u00e9ho d\u0159eva, 10 ml"},"content":{"rendered":"<p>100% pure essential oil Rosewood. A balmy, smooth, emotional, elegant fragrance with its floral, slightly rose-like fragrance and is wonderful to perfume the house for example with aroma diffuser. Separate the words \u201crose\u201d and \u201cwood\u201d and you may expect a heavy or even stuffy scent; however, rosewood oil is surprisingly light and unexpectedly fruity. It blends well with tree-based scents like frankincense, floral scents like geranium and ylang-ylang, and even herbaceous oils like rosemary. The selected essential oils are suitable for natural aromatization and for application in the aromatherpy \/osmology.<\/p>\n<ul>\n<li>Pure genuine Rosewood oil [Aniba Rosaeodora] from Brazil<\/li>\n<li>100% destilace vodn\u00ed p\u00e1rou bez chemick\u00fdch rozpou\u0161t\u011bdel<\/li>\n<li>Produkt nebyl testov\u00e1n na zv\u00ed\u0159atech<\/li>\n<li>Bez paraben\u016f<\/li>\n<li>Certifikov\u00e1no Halal<\/li>\n<li>Objem: 10 ml<\/li>\n<\/ul>\n<p>Rosewood essential oil gently stimulates the imagination and boosts the nervous system. Can help to relieve stress, nurtures and relaxes. Rosewood oil is also lovely on the skin, providing a powerful cleansing and balancing effect. Rosewood oil has antimicrobial properties and the ability to penetrate into the deeper layers of the skin, smoothes wrinkles, improves elasticity, and restores the turgor of aging skin. An effective remedy for skin stretch marks. Rosewood oil is ideal for sensitive skin, does not cause allergies and irritation.<\/p>\n<p><strong>N\u00c1VOD K POU\u017dIT\u00cd:<\/strong>\u00a0Lze je pou\u017e\u00edt bu\u010f \u010dich\u00e1n\u00edm z lahvi\u010dky, nebo ve vzduchu (<a href=\"https:\/\/vivasan.club\/en\/c\/aromatherapy\/?filter_product-type=aroma-diffuser\">aroma difuz\u00e9r<\/a>), za\u010dlen\u011bn\u00ed do va\u0161\u00ed j\u00f3gov\u00e9 praxe, nan\u00e1\u0161en\u00ed na k\u016f\u017ei, pou\u017eit\u00ed p\u0159i meditaci nebo na pol\u0161t\u00e1\u0159 v noci. Provon\u011bn\u00ed m\u00edstnost\u00ed, mas\u00e1\u017e (p\u0159idejte 3\u20135 kapek do mas\u00e1\u017en\u00edho oleje), vhodn\u00e9 pro Vivasan\u00a0<a href=\"https:\/\/vivasan.club\/en\/p\/car-clip-aromapanel\/\">car-diffuser<\/a>, baths (add 8\u201310 drops to some milk and stir into water). Store at room temperature (15\u201325\u00b0C).<\/p>\n<p><strong>Pouze k vn\u011bj\u0161\u00edmu pou\u017eit\u00ed.<\/strong>\u00a0Keep away from children. Avoid contact with eyes and mucous membranes. Do not apply undiluted organic essential oils onto the skin. Use essential oils only under the proper guidance of a qualified aromatherapy practitioner if you are pregnant or have any other medical issues. Keep away from children. Consult a qualified aromatherapy practitioner before using essential oils on children. A skin patch test should be conducted prior to using an essential oil that you\u2019ve never used before.<\/p>","protected":false},"excerpt":{"rendered":"<div class=\"woocommerce-product-details__short-description\">\n<p>100% pure essential oil Rosewood. A balmy, smooth, emotional, elegant fragrance with its floral, slightly rose-like fragrance and is wonderful to perfume the house for example with a aroma diffuser. Separate the words \u201crose\u201d and \u201cwood\u201d and you may expect a heavy or even stuffy scent; however, rosewood oil is surprisingly light and unexpectedly fruity. The selected essential oils are suitable for natural aromatization and for application in the aromatherapy \/osmology.<\/p>\n<p>Vyrobeno ve \u0160v\u00fdcarsku.<\/p>\n<p>&nbsp;<\/p>\n<\/div>\n<div class=\"vivasan-product-icons\"><img loading=\"lazy\" decoding=\"async\" class=\"product_icon\" title=\"Made in Switzerland\" src=\"https:\/\/vivasan.club\/assets\/images\/product-icons\/swiss.svg?v=2\" alt=\"Made in Switzerland\" width=\"40\" height=\"40\" \/><img loading=\"lazy\" decoding=\"async\" class=\"product_icon\" title=\"GMP Certified\" src=\"https:\/\/vivasan.club\/assets\/images\/product-icons\/gmp.svg?v=2\" alt=\"GMP Certified\" width=\"40\" height=\"40\" \/><img loading=\"lazy\" decoding=\"async\" class=\"product_icon\" title=\"Halal Certified\" src=\"https:\/\/vivasan.club\/assets\/images\/product-icons\/halal.svg?v=2\" alt=\"Halal Certified\" width=\"40\" height=\"40\" \/><img loading=\"lazy\" decoding=\"async\" class=\"product_icon\" title=\"Cruelty-free\" src=\"https:\/\/vivasan.club\/assets\/images\/product-icons\/crueltyfree.svg?v=2\" alt=\"Cruelty-free\" width=\"40\" height=\"40\" \/><\/div>","protected":false},"featured_media":1288,"comment_status":"open","ping_status":"closed","template":"","meta":{"_acf_changed":false},"product_brand":[85],"product_cat":[58,61],"product_tag":[],"class_list":{"0":"post-1287","1":"product","2":"type-product","3":"status-publish","4":"has-post-thumbnail","6":"product_brand-vivasan","7":"product_cat-aromatherapy","8":"product_cat-essential-oils","10":"first","11":"instock","12":"shipping-taxable","13":"purchasable","14":"product-type-simple"},"acf":[],"yoast_head":"<!-- This site is optimized with the Yoast SEO plugin v27.3 - https:\/\/yoast.com\/product\/yoast-seo-wordpress\/ -->\n<title>100% pure essential oil Rosewood, 10 ml - vivasan-shop.com<\/title>\n<meta name=\"robots\" content=\"index, follow, max-snippet:-1, max-image-preview:large, max-video-preview:-1\" \/>\n<link rel=\"canonical\" href=\"https:\/\/vivasan-shop.com\/cs\/shop\/aromatherapy\/essential-oils\/100-pure-essential-oil-rosewood-10-ml\/\" \/>\n<meta property=\"og:locale\" content=\"cs_CZ\" \/>\n<meta property=\"og:type\" content=\"article\" \/>\n<meta property=\"og:title\" content=\"100% pure essential oil Rosewood, 10 ml - vivasan-shop.com\" \/>\n<meta property=\"og:description\" content=\"100% pure essential oil Rosewood. A balmy, smooth, emotional, elegant fragrance with its floral, slightly rose-like fragrance and is wonderful to perfume the house for example with a aroma diffuser. Separate the words \u201crose\u201d and \u201cwood\u201d and you may expect a heavy or even stuffy scent; however, rosewood oil is surprisingly light and unexpectedly fruity. The selected essential oils are suitable for natural aromatization and for application in the aromatherapy \/osmology.  Made in Switzerland.  &nbsp;\" \/>\n<meta property=\"og:url\" content=\"https:\/\/vivasan-shop.com\/cs\/shop\/aromatherapy\/essential-oils\/100-pure-essential-oil-rosewood-10-ml\/\" \/>\n<meta property=\"og:site_name\" content=\"vivasan-shop.com\" \/>\n<meta property=\"article:modified_time\" content=\"2025-08-11T16:07:53+00:00\" \/>\n<meta property=\"og:image\" content=\"https:\/\/vivasan-shop.com\/wp-content\/uploads\/2025\/09\/photo_2025-09-04_15-07-27-removebg-preview.png\" \/>\n\t<meta property=\"og:image:width\" content=\"715\" \/>\n\t<meta property=\"og:image:height\" content=\"349\" \/>\n\t<meta property=\"og:image:type\" content=\"image\/png\" \/>\n<meta name=\"twitter:card\" content=\"summary_large_image\" \/>\n<meta name=\"twitter:label1\" content=\"Odhadovan\u00e1 doba \u010dten\u00ed\" \/>\n\t<meta name=\"twitter:data1\" content=\"1 minuta\" \/>\n<script type=\"application\/ld+json\" class=\"yoast-schema-graph\">{\"@context\":\"https:\\\/\\\/schema.org\",\"@graph\":[{\"@type\":[\"WebPage\",\"ItemPage\"],\"@id\":\"https:\\\/\\\/vivasan-shop.com\\\/shop\\\/aromatherapy\\\/essential-oils\\\/100-pure-essential-oil-rosewood-10-ml\\\/\",\"url\":\"https:\\\/\\\/vivasan-shop.com\\\/shop\\\/aromatherapy\\\/essential-oils\\\/100-pure-essential-oil-rosewood-10-ml\\\/\",\"name\":\"100% pure essential oil Rosewood, 10 ml - vivasan-shop.com\",\"isPartOf\":{\"@id\":\"https:\\\/\\\/vivasan-shop.com\\\/#website\"},\"primaryImageOfPage\":{\"@id\":\"https:\\\/\\\/vivasan-shop.com\\\/shop\\\/aromatherapy\\\/essential-oils\\\/100-pure-essential-oil-rosewood-10-ml\\\/#primaryimage\"},\"image\":{\"@id\":\"https:\\\/\\\/vivasan-shop.com\\\/shop\\\/aromatherapy\\\/essential-oils\\\/100-pure-essential-oil-rosewood-10-ml\\\/#primaryimage\"},\"thumbnailUrl\":\"https:\\\/\\\/vivasan-shop.com\\\/wp-content\\\/uploads\\\/2025\\\/06\\\/vivasan.club-20190326-1625-14883503.avif\",\"datePublished\":\"2025-06-20T09:07:00+00:00\",\"dateModified\":\"2025-08-11T16:07:53+00:00\",\"breadcrumb\":{\"@id\":\"https:\\\/\\\/vivasan-shop.com\\\/shop\\\/aromatherapy\\\/essential-oils\\\/100-pure-essential-oil-rosewood-10-ml\\\/#breadcrumb\"},\"inLanguage\":\"cs\",\"potentialAction\":[{\"@type\":\"ReadAction\",\"target\":[\"https:\\\/\\\/vivasan-shop.com\\\/shop\\\/aromatherapy\\\/essential-oils\\\/100-pure-essential-oil-rosewood-10-ml\\\/\"]}]},{\"@type\":\"ImageObject\",\"inLanguage\":\"cs\",\"@id\":\"https:\\\/\\\/vivasan-shop.com\\\/shop\\\/aromatherapy\\\/essential-oils\\\/100-pure-essential-oil-rosewood-10-ml\\\/#primaryimage\",\"url\":\"https:\\\/\\\/vivasan-shop.com\\\/wp-content\\\/uploads\\\/2025\\\/06\\\/vivasan.club-20190326-1625-14883503.avif\",\"contentUrl\":\"https:\\\/\\\/vivasan-shop.com\\\/wp-content\\\/uploads\\\/2025\\\/06\\\/vivasan.club-20190326-1625-14883503.avif\",\"width\":768,\"height\":768},{\"@type\":\"BreadcrumbList\",\"@id\":\"https:\\\/\\\/vivasan-shop.com\\\/shop\\\/aromatherapy\\\/essential-oils\\\/100-pure-essential-oil-rosewood-10-ml\\\/#breadcrumb\",\"itemListElement\":[{\"@type\":\"ListItem\",\"position\":1,\"name\":\"Home\",\"item\":\"https:\\\/\\\/vivasan-shop.com\\\/\"},{\"@type\":\"ListItem\",\"position\":2,\"name\":\"Shop\",\"item\":\"https:\\\/\\\/vivasan-shop.com\\\/shop\\\/\"},{\"@type\":\"ListItem\",\"position\":3,\"name\":\"100% pure essential oil Rosewood, 10 ml\"}]},{\"@type\":\"WebSite\",\"@id\":\"https:\\\/\\\/vivasan-shop.com\\\/#website\",\"url\":\"https:\\\/\\\/vivasan-shop.com\\\/\",\"name\":\"Vivasan\",\"description\":\"\",\"publisher\":{\"@id\":\"https:\\\/\\\/vivasan-shop.com\\\/#organization\"},\"potentialAction\":[{\"@type\":\"SearchAction\",\"target\":{\"@type\":\"EntryPoint\",\"urlTemplate\":\"https:\\\/\\\/vivasan-shop.com\\\/?s={search_term_string}\"},\"query-input\":{\"@type\":\"PropertyValueSpecification\",\"valueRequired\":true,\"valueName\":\"search_term_string\"}}],\"inLanguage\":\"cs\"},{\"@type\":\"Organization\",\"@id\":\"https:\\\/\\\/vivasan-shop.com\\\/#organization\",\"name\":\"Vivasan\",\"url\":\"https:\\\/\\\/vivasan-shop.com\\\/\",\"logo\":{\"@type\":\"ImageObject\",\"inLanguage\":\"cs\",\"@id\":\"https:\\\/\\\/vivasan-shop.com\\\/#\\\/schema\\\/logo\\\/image\\\/\",\"url\":\"https:\\\/\\\/vivasan-shop.com\\\/wp-content\\\/uploads\\\/2025\\\/07\\\/photo_2025-07-05_23-33-41.jpg\",\"contentUrl\":\"https:\\\/\\\/vivasan-shop.com\\\/wp-content\\\/uploads\\\/2025\\\/07\\\/photo_2025-07-05_23-33-41.jpg\",\"width\":1080,\"height\":608,\"caption\":\"Vivasan\"},\"image\":{\"@id\":\"https:\\\/\\\/vivasan-shop.com\\\/#\\\/schema\\\/logo\\\/image\\\/\"}}]}<\/script>\n<!-- \/ Yoast SEO plugin. -->","yoast_head_json":{"title":"100% pure essential oil Rosewood, 10 ml - vivasan-shop.com","robots":{"index":"index","follow":"follow","max-snippet":"max-snippet:-1","max-image-preview":"max-image-preview:large","max-video-preview":"max-video-preview:-1"},"canonical":"https:\/\/vivasan-shop.com\/cs\/shop\/aromatherapy\/essential-oils\/100-pure-essential-oil-rosewood-10-ml\/","og_locale":"cs_CZ","og_type":"article","og_title":"100% pure essential oil Rosewood, 10 ml - vivasan-shop.com","og_description":"100% pure essential oil Rosewood. A balmy, smooth, emotional, elegant fragrance with its floral, slightly rose-like fragrance and is wonderful to perfume the house for example with a aroma diffuser. Separate the words \u201crose\u201d and \u201cwood\u201d and you may expect a heavy or even stuffy scent; however, rosewood oil is surprisingly light and unexpectedly fruity. The selected essential oils are suitable for natural aromatization and for application in the aromatherapy \/osmology.  Made in Switzerland.  &nbsp;","og_url":"https:\/\/vivasan-shop.com\/cs\/shop\/aromatherapy\/essential-oils\/100-pure-essential-oil-rosewood-10-ml\/","og_site_name":"vivasan-shop.com","article_modified_time":"2025-08-11T16:07:53+00:00","og_image":[{"width":715,"height":349,"url":"https:\/\/vivasan-shop.com\/wp-content\/uploads\/2025\/09\/photo_2025-09-04_15-07-27-removebg-preview.png","type":"image\/png"}],"twitter_card":"summary_large_image","twitter_misc":{"Odhadovan\u00e1 doba \u010dten\u00ed":"1 minuta"},"schema":{"@context":"https:\/\/schema.org","@graph":[{"@type":["WebPage","ItemPage"],"@id":"https:\/\/vivasan-shop.com\/shop\/aromatherapy\/essential-oils\/100-pure-essential-oil-rosewood-10-ml\/","url":"https:\/\/vivasan-shop.com\/shop\/aromatherapy\/essential-oils\/100-pure-essential-oil-rosewood-10-ml\/","name":"100% pure essential oil Rosewood, 10 ml - vivasan-shop.com","isPartOf":{"@id":"https:\/\/vivasan-shop.com\/#website"},"primaryImageOfPage":{"@id":"https:\/\/vivasan-shop.com\/shop\/aromatherapy\/essential-oils\/100-pure-essential-oil-rosewood-10-ml\/#primaryimage"},"image":{"@id":"https:\/\/vivasan-shop.com\/shop\/aromatherapy\/essential-oils\/100-pure-essential-oil-rosewood-10-ml\/#primaryimage"},"thumbnailUrl":"https:\/\/vivasan-shop.com\/wp-content\/uploads\/2025\/06\/vivasan.club-20190326-1625-14883503.avif","datePublished":"2025-06-20T09:07:00+00:00","dateModified":"2025-08-11T16:07:53+00:00","breadcrumb":{"@id":"https:\/\/vivasan-shop.com\/shop\/aromatherapy\/essential-oils\/100-pure-essential-oil-rosewood-10-ml\/#breadcrumb"},"inLanguage":"cs","potentialAction":[{"@type":"ReadAction","target":["https:\/\/vivasan-shop.com\/shop\/aromatherapy\/essential-oils\/100-pure-essential-oil-rosewood-10-ml\/"]}]},{"@type":"ImageObject","inLanguage":"cs","@id":"https:\/\/vivasan-shop.com\/shop\/aromatherapy\/essential-oils\/100-pure-essential-oil-rosewood-10-ml\/#primaryimage","url":"https:\/\/vivasan-shop.com\/wp-content\/uploads\/2025\/06\/vivasan.club-20190326-1625-14883503.avif","contentUrl":"https:\/\/vivasan-shop.com\/wp-content\/uploads\/2025\/06\/vivasan.club-20190326-1625-14883503.avif","width":768,"height":768},{"@type":"BreadcrumbList","@id":"https:\/\/vivasan-shop.com\/shop\/aromatherapy\/essential-oils\/100-pure-essential-oil-rosewood-10-ml\/#breadcrumb","itemListElement":[{"@type":"ListItem","position":1,"name":"Home","item":"https:\/\/vivasan-shop.com\/"},{"@type":"ListItem","position":2,"name":"Shop","item":"https:\/\/vivasan-shop.com\/shop\/"},{"@type":"ListItem","position":3,"name":"100% pure essential oil Rosewood, 10 ml"}]},{"@type":"WebSite","@id":"https:\/\/vivasan-shop.com\/#website","url":"https:\/\/vivasan-shop.com\/","name":"Vivasan","description":"","publisher":{"@id":"https:\/\/vivasan-shop.com\/#organization"},"potentialAction":[{"@type":"SearchAction","target":{"@type":"EntryPoint","urlTemplate":"https:\/\/vivasan-shop.com\/?s={search_term_string}"},"query-input":{"@type":"PropertyValueSpecification","valueRequired":true,"valueName":"search_term_string"}}],"inLanguage":"cs"},{"@type":"Organization","@id":"https:\/\/vivasan-shop.com\/#organization","name":"Vivasan","url":"https:\/\/vivasan-shop.com\/","logo":{"@type":"ImageObject","inLanguage":"cs","@id":"https:\/\/vivasan-shop.com\/#\/schema\/logo\/image\/","url":"https:\/\/vivasan-shop.com\/wp-content\/uploads\/2025\/07\/photo_2025-07-05_23-33-41.jpg","contentUrl":"https:\/\/vivasan-shop.com\/wp-content\/uploads\/2025\/07\/photo_2025-07-05_23-33-41.jpg","width":1080,"height":608,"caption":"Vivasan"},"image":{"@id":"https:\/\/vivasan-shop.com\/#\/schema\/logo\/image\/"}}]}},"_links":{"self":[{"href":"https:\/\/vivasan-shop.com\/cs\/wp-json\/wp\/v2\/product\/1287","targetHints":{"allow":["GET"]}}],"collection":[{"href":"https:\/\/vivasan-shop.com\/cs\/wp-json\/wp\/v2\/product"}],"about":[{"href":"https:\/\/vivasan-shop.com\/cs\/wp-json\/wp\/v2\/types\/product"}],"replies":[{"embeddable":true,"href":"https:\/\/vivasan-shop.com\/cs\/wp-json\/wp\/v2\/comments?post=1287"}],"version-history":[{"count":1,"href":"https:\/\/vivasan-shop.com\/cs\/wp-json\/wp\/v2\/product\/1287\/revisions"}],"predecessor-version":[{"id":1289,"href":"https:\/\/vivasan-shop.com\/cs\/wp-json\/wp\/v2\/product\/1287\/revisions\/1289"}],"wp:featuredmedia":[{"embeddable":true,"href":"https:\/\/vivasan-shop.com\/cs\/wp-json\/wp\/v2\/media\/1288"}],"wp:attachment":[{"href":"https:\/\/vivasan-shop.com\/cs\/wp-json\/wp\/v2\/media?parent=1287"}],"wp:term":[{"taxonomy":"product_brand","embeddable":true,"href":"https:\/\/vivasan-shop.com\/cs\/wp-json\/wp\/v2\/product_brand?post=1287"},{"taxonomy":"product_cat","embeddable":true,"href":"https:\/\/vivasan-shop.com\/cs\/wp-json\/wp\/v2\/product_cat?post=1287"},{"taxonomy":"product_tag","embeddable":true,"href":"https:\/\/vivasan-shop.com\/cs\/wp-json\/wp\/v2\/product_tag?post=1287"}],"curies":[{"name":"wp","href":"https:\/\/api.w.org\/{rel}","templated":true}]}}