{"id":1290,"date":"2025-06-20T09:08:00","date_gmt":"2025-06-20T09:08:00","guid":{"rendered":"https:\/\/vivasan-shop.com\/?post_type=product&#038;p=1290"},"modified":"2025-08-11T16:07:53","modified_gmt":"2025-08-11T16:07:53","slug":"100-pure-essential-oil-sandalwood-west-10-ml","status":"publish","type":"product","link":"https:\/\/vivasan-shop.com\/cs\/shop\/aromatherapy\/essential-oils\/100-pure-essential-oil-sandalwood-west-10-ml\/","title":{"rendered":"100% \u010dist\u00fd esenci\u00e1ln\u00ed olej Sandalwood West, 10 ml"},"content":{"rendered":"<p>Sandalwood west essential oil of best quality. Wood-like, herbal scent with a slightly sweet note. Long lasting sense. A fragrance that aphrodizes and relaxes. Feminine oil. Effect: relaxing, stimulates the imagination, gives creativity and health. The selected essences are suitable for natural aromatization and for application in the aromatherapy\/osmology.<\/p>\n<ul>\n<li>100% pure genuine amyris oil [Amyris balsamifera] from Westindia.<\/li>\n<li>100% water vapour distillate without chemical solvents.<\/li>\n<li>Produkt nebyl testov\u00e1n na zv\u00ed\u0159atech.<\/li>\n<li>GMO free.<\/li>\n<li>Certifikov\u00e1no Halal.<\/li>\n<li>GMP certificates.<\/li>\n<li>Objem: 10 ml.<\/li>\n<\/ul>\n<p>A fragrance with an exotic, mystical charisma. Often used in men\u2019s perfumes.\u00a0In case of nervousness; has a calming, stabilizing and expectorant effect; for skin and scar care; very good air freshener. Scent: Tart and cool, reminiscent of wood. Fragrance note: Footnote. Sandalwood essential oil is thick in consistency, which requires patience to dig out of the bottle.<\/p>\n<p><strong>N\u00c1VOD K POU\u017dIT\u00cd:<\/strong>\u00a0Lze je pou\u017e\u00edt bu\u010f \u010dich\u00e1n\u00edm z lahvi\u010dky, nebo ve vzduchu (<a href=\"https:\/\/vivasan.club\/en\/c\/aromatherapy\/?filter_product-type=aroma-diffuser\">aroma difuz\u00e9r<\/a>), za\u010dlen\u011bn\u00ed do va\u0161\u00ed j\u00f3gov\u00e9 praxe, nan\u00e1\u0161en\u00ed na k\u016f\u017ei, pou\u017eit\u00ed p\u0159i meditaci nebo na pol\u0161t\u00e1\u0159 v noci. Provon\u011bn\u00ed m\u00edstnost\u00ed, mas\u00e1\u017e (p\u0159idejte 3\u20135 kapek do mas\u00e1\u017en\u00edho oleje), vhodn\u00e9 pro\u00a0<a href=\"https:\/\/vivasan.club\/en\/p\/car-clip-aromapanel\/\">car-diffuser<\/a>. Mix 8\u201410 drops with 1 tablespoon of cream or oil \u00a0(cream\/oil serves as a natural emulsifier so that the essential oil combines with the bath water) and add to the bath water. Store at room temperature (15\u201425\u00b0C).<\/p>\n<p><strong>Application on the skin:<\/strong>\u00a0Mix 3\u20144 drops in approx. 15 ml base oil (e.g. jojoba oil, avocado oil) or a natural body cream, apply to the area of application and allow to be absorbed. Can be used several times a day.<\/p>\n<p><strong>Aftershave:<\/strong>\u00a0Add a few drops to the aftershave. Cares for the skin and reduces irritation.<\/p>\n<p><strong>Pouze pro vn\u011bj\u0161\u00ed pou\u017eit\u00ed<\/strong>. Neu\u017e\u00edvejte \u017e\u00e1dn\u00e9 esenci\u00e1ln\u00ed oleje vnit\u0159n\u011b. Zabra\u0148te kontaktu s o\u010dima a sliznicemi. Neaplikujte ne\u0159ed\u011bn\u00e9 esenci\u00e1ln\u00ed oleje na k\u016f\u017ei. Pokud jste t\u011bhotn\u00e1 nebo m\u00e1te jin\u00e9 zdravotn\u00ed probl\u00e9my, pou\u017e\u00edvejte esenci\u00e1ln\u00ed oleje pouze pod \u0159\u00e1dn\u00fdm veden\u00edm kvalifikovan\u00e9ho aromaterapeuta. Uchov\u00e1vejte mimo dosah d\u011bt\u00ed. P\u0159ed pou\u017eit\u00edm esenci\u00e1ln\u00edch olej\u016f u d\u011bt\u00ed se pora\u010fte s kvalifikovan\u00fdm aromaterapeutem. P\u0159ed pou\u017eit\u00edm esenci\u00e1ln\u00edho oleje, kter\u00fd jste nikdy p\u0159edt\u00edm nepou\u017e\u00edvali, by m\u011bl b\u00fdt proveden ko\u017en\u00ed test.<\/p>","protected":false},"excerpt":{"rendered":"<div class=\"woocommerce-product-details__short-description\">\n<p>Sandalwood west essential oil of best quality. Wood-like, herbal scent with a slightly sweet note. Long lasting sense. A fragrance that aphrodizes and relaxes. Feminine oil. Effect: relaxing, stimulates the imagination, gives creativity and health. The selected essences are suitable for natural aromatization and for application in the aromatherapy\/osmology.<\/p>\n<p>Vyrobeno ve \u0160v\u00fdcarsku.<\/p>\n<p>&nbsp;<\/p>\n<\/div>\n<div class=\"vivasan-product-icons\"><img loading=\"lazy\" decoding=\"async\" class=\"product_icon\" title=\"Made in Switzerland\" src=\"https:\/\/vivasan.club\/assets\/images\/product-icons\/swiss.svg?v=2\" alt=\"Made in Switzerland\" width=\"40\" height=\"40\" \/><img loading=\"lazy\" decoding=\"async\" class=\"product_icon\" title=\"GMP Certified\" src=\"https:\/\/vivasan.club\/assets\/images\/product-icons\/gmp.svg?v=2\" alt=\"GMP Certified\" width=\"40\" height=\"40\" \/><img loading=\"lazy\" decoding=\"async\" class=\"product_icon\" title=\"Halal Certified\" src=\"https:\/\/vivasan.club\/assets\/images\/product-icons\/halal.svg?v=2\" alt=\"Halal Certified\" width=\"40\" height=\"40\" \/><img loading=\"lazy\" decoding=\"async\" class=\"product_icon\" title=\"Cruelty-free\" src=\"https:\/\/vivasan.club\/assets\/images\/product-icons\/crueltyfree.svg?v=2\" alt=\"Cruelty-free\" width=\"40\" height=\"40\" \/><\/div>","protected":false},"featured_media":1291,"comment_status":"open","ping_status":"closed","template":"","meta":{"_acf_changed":false},"product_brand":[85],"product_cat":[58,61],"product_tag":[],"class_list":{"0":"post-1290","1":"product","2":"type-product","3":"status-publish","4":"has-post-thumbnail","6":"product_brand-vivasan","7":"product_cat-aromatherapy","8":"product_cat-essential-oils","10":"first","11":"instock","12":"shipping-taxable","13":"purchasable","14":"product-type-simple"},"acf":[],"yoast_head":"<!-- This site is optimized with the Yoast SEO plugin v27.3 - https:\/\/yoast.com\/product\/yoast-seo-wordpress\/ -->\n<title>100% pure essential oil Sandalwood West, 10 ml - vivasan-shop.com<\/title>\n<meta name=\"robots\" content=\"index, follow, max-snippet:-1, max-image-preview:large, max-video-preview:-1\" \/>\n<link rel=\"canonical\" href=\"https:\/\/vivasan-shop.com\/cs\/shop\/aromatherapy\/essential-oils\/100-pure-essential-oil-sandalwood-west-10-ml\/\" \/>\n<meta property=\"og:locale\" content=\"cs_CZ\" \/>\n<meta property=\"og:type\" content=\"article\" \/>\n<meta property=\"og:title\" content=\"100% pure essential oil Sandalwood West, 10 ml - vivasan-shop.com\" \/>\n<meta property=\"og:description\" content=\"Sandalwood west essential oil of best quality. Wood-like, herbal scent with a slightly sweet note. Long lasting sense. A fragrance that aphrodizes and relaxes. Feminine oil. Effect: relaxing, stimulates the imagination, gives creativity and health. The selected essences are suitable for natural aromatization and for application in the aromatherapy\/osmology.  Made in Switzerland.  &nbsp;\" \/>\n<meta property=\"og:url\" content=\"https:\/\/vivasan-shop.com\/cs\/shop\/aromatherapy\/essential-oils\/100-pure-essential-oil-sandalwood-west-10-ml\/\" \/>\n<meta property=\"og:site_name\" content=\"vivasan-shop.com\" \/>\n<meta property=\"article:modified_time\" content=\"2025-08-11T16:07:53+00:00\" \/>\n<meta property=\"og:image\" content=\"https:\/\/vivasan-shop.com\/wp-content\/uploads\/2025\/09\/photo_2025-09-04_15-07-27-removebg-preview.png\" \/>\n\t<meta property=\"og:image:width\" content=\"715\" \/>\n\t<meta property=\"og:image:height\" content=\"349\" \/>\n\t<meta property=\"og:image:type\" content=\"image\/png\" \/>\n<meta name=\"twitter:card\" content=\"summary_large_image\" \/>\n<meta name=\"twitter:label1\" content=\"Odhadovan\u00e1 doba \u010dten\u00ed\" \/>\n\t<meta name=\"twitter:data1\" content=\"1 minuta\" \/>\n<script type=\"application\/ld+json\" class=\"yoast-schema-graph\">{\"@context\":\"https:\\\/\\\/schema.org\",\"@graph\":[{\"@type\":[\"WebPage\",\"ItemPage\"],\"@id\":\"https:\\\/\\\/vivasan-shop.com\\\/shop\\\/aromatherapy\\\/essential-oils\\\/100-pure-essential-oil-sandalwood-west-10-ml\\\/\",\"url\":\"https:\\\/\\\/vivasan-shop.com\\\/shop\\\/aromatherapy\\\/essential-oils\\\/100-pure-essential-oil-sandalwood-west-10-ml\\\/\",\"name\":\"100% pure essential oil Sandalwood West, 10 ml - vivasan-shop.com\",\"isPartOf\":{\"@id\":\"https:\\\/\\\/vivasan-shop.com\\\/#website\"},\"primaryImageOfPage\":{\"@id\":\"https:\\\/\\\/vivasan-shop.com\\\/shop\\\/aromatherapy\\\/essential-oils\\\/100-pure-essential-oil-sandalwood-west-10-ml\\\/#primaryimage\"},\"image\":{\"@id\":\"https:\\\/\\\/vivasan-shop.com\\\/shop\\\/aromatherapy\\\/essential-oils\\\/100-pure-essential-oil-sandalwood-west-10-ml\\\/#primaryimage\"},\"thumbnailUrl\":\"https:\\\/\\\/vivasan-shop.com\\\/wp-content\\\/uploads\\\/2025\\\/06\\\/vivasan.club-20210610-0036-40098932.avif\",\"datePublished\":\"2025-06-20T09:08:00+00:00\",\"dateModified\":\"2025-08-11T16:07:53+00:00\",\"breadcrumb\":{\"@id\":\"https:\\\/\\\/vivasan-shop.com\\\/shop\\\/aromatherapy\\\/essential-oils\\\/100-pure-essential-oil-sandalwood-west-10-ml\\\/#breadcrumb\"},\"inLanguage\":\"cs\",\"potentialAction\":[{\"@type\":\"ReadAction\",\"target\":[\"https:\\\/\\\/vivasan-shop.com\\\/shop\\\/aromatherapy\\\/essential-oils\\\/100-pure-essential-oil-sandalwood-west-10-ml\\\/\"]}]},{\"@type\":\"ImageObject\",\"inLanguage\":\"cs\",\"@id\":\"https:\\\/\\\/vivasan-shop.com\\\/shop\\\/aromatherapy\\\/essential-oils\\\/100-pure-essential-oil-sandalwood-west-10-ml\\\/#primaryimage\",\"url\":\"https:\\\/\\\/vivasan-shop.com\\\/wp-content\\\/uploads\\\/2025\\\/06\\\/vivasan.club-20210610-0036-40098932.avif\",\"contentUrl\":\"https:\\\/\\\/vivasan-shop.com\\\/wp-content\\\/uploads\\\/2025\\\/06\\\/vivasan.club-20210610-0036-40098932.avif\",\"width\":768,\"height\":768},{\"@type\":\"BreadcrumbList\",\"@id\":\"https:\\\/\\\/vivasan-shop.com\\\/shop\\\/aromatherapy\\\/essential-oils\\\/100-pure-essential-oil-sandalwood-west-10-ml\\\/#breadcrumb\",\"itemListElement\":[{\"@type\":\"ListItem\",\"position\":1,\"name\":\"Home\",\"item\":\"https:\\\/\\\/vivasan-shop.com\\\/\"},{\"@type\":\"ListItem\",\"position\":2,\"name\":\"Shop\",\"item\":\"https:\\\/\\\/vivasan-shop.com\\\/shop\\\/\"},{\"@type\":\"ListItem\",\"position\":3,\"name\":\"100% pure essential oil Sandalwood West, 10 ml\"}]},{\"@type\":\"WebSite\",\"@id\":\"https:\\\/\\\/vivasan-shop.com\\\/#website\",\"url\":\"https:\\\/\\\/vivasan-shop.com\\\/\",\"name\":\"Vivasan\",\"description\":\"\",\"publisher\":{\"@id\":\"https:\\\/\\\/vivasan-shop.com\\\/#organization\"},\"potentialAction\":[{\"@type\":\"SearchAction\",\"target\":{\"@type\":\"EntryPoint\",\"urlTemplate\":\"https:\\\/\\\/vivasan-shop.com\\\/?s={search_term_string}\"},\"query-input\":{\"@type\":\"PropertyValueSpecification\",\"valueRequired\":true,\"valueName\":\"search_term_string\"}}],\"inLanguage\":\"cs\"},{\"@type\":\"Organization\",\"@id\":\"https:\\\/\\\/vivasan-shop.com\\\/#organization\",\"name\":\"Vivasan\",\"url\":\"https:\\\/\\\/vivasan-shop.com\\\/\",\"logo\":{\"@type\":\"ImageObject\",\"inLanguage\":\"cs\",\"@id\":\"https:\\\/\\\/vivasan-shop.com\\\/#\\\/schema\\\/logo\\\/image\\\/\",\"url\":\"https:\\\/\\\/vivasan-shop.com\\\/wp-content\\\/uploads\\\/2025\\\/07\\\/photo_2025-07-05_23-33-41.jpg\",\"contentUrl\":\"https:\\\/\\\/vivasan-shop.com\\\/wp-content\\\/uploads\\\/2025\\\/07\\\/photo_2025-07-05_23-33-41.jpg\",\"width\":1080,\"height\":608,\"caption\":\"Vivasan\"},\"image\":{\"@id\":\"https:\\\/\\\/vivasan-shop.com\\\/#\\\/schema\\\/logo\\\/image\\\/\"}}]}<\/script>\n<!-- \/ Yoast SEO plugin. -->","yoast_head_json":{"title":"100% pure essential oil Sandalwood West, 10 ml - vivasan-shop.com","robots":{"index":"index","follow":"follow","max-snippet":"max-snippet:-1","max-image-preview":"max-image-preview:large","max-video-preview":"max-video-preview:-1"},"canonical":"https:\/\/vivasan-shop.com\/cs\/shop\/aromatherapy\/essential-oils\/100-pure-essential-oil-sandalwood-west-10-ml\/","og_locale":"cs_CZ","og_type":"article","og_title":"100% pure essential oil Sandalwood West, 10 ml - vivasan-shop.com","og_description":"Sandalwood west essential oil of best quality. Wood-like, herbal scent with a slightly sweet note. Long lasting sense. A fragrance that aphrodizes and relaxes. Feminine oil. Effect: relaxing, stimulates the imagination, gives creativity and health. The selected essences are suitable for natural aromatization and for application in the aromatherapy\/osmology.  Made in Switzerland.  &nbsp;","og_url":"https:\/\/vivasan-shop.com\/cs\/shop\/aromatherapy\/essential-oils\/100-pure-essential-oil-sandalwood-west-10-ml\/","og_site_name":"vivasan-shop.com","article_modified_time":"2025-08-11T16:07:53+00:00","og_image":[{"width":715,"height":349,"url":"https:\/\/vivasan-shop.com\/wp-content\/uploads\/2025\/09\/photo_2025-09-04_15-07-27-removebg-preview.png","type":"image\/png"}],"twitter_card":"summary_large_image","twitter_misc":{"Odhadovan\u00e1 doba \u010dten\u00ed":"1 minuta"},"schema":{"@context":"https:\/\/schema.org","@graph":[{"@type":["WebPage","ItemPage"],"@id":"https:\/\/vivasan-shop.com\/shop\/aromatherapy\/essential-oils\/100-pure-essential-oil-sandalwood-west-10-ml\/","url":"https:\/\/vivasan-shop.com\/shop\/aromatherapy\/essential-oils\/100-pure-essential-oil-sandalwood-west-10-ml\/","name":"100% pure essential oil Sandalwood West, 10 ml - vivasan-shop.com","isPartOf":{"@id":"https:\/\/vivasan-shop.com\/#website"},"primaryImageOfPage":{"@id":"https:\/\/vivasan-shop.com\/shop\/aromatherapy\/essential-oils\/100-pure-essential-oil-sandalwood-west-10-ml\/#primaryimage"},"image":{"@id":"https:\/\/vivasan-shop.com\/shop\/aromatherapy\/essential-oils\/100-pure-essential-oil-sandalwood-west-10-ml\/#primaryimage"},"thumbnailUrl":"https:\/\/vivasan-shop.com\/wp-content\/uploads\/2025\/06\/vivasan.club-20210610-0036-40098932.avif","datePublished":"2025-06-20T09:08:00+00:00","dateModified":"2025-08-11T16:07:53+00:00","breadcrumb":{"@id":"https:\/\/vivasan-shop.com\/shop\/aromatherapy\/essential-oils\/100-pure-essential-oil-sandalwood-west-10-ml\/#breadcrumb"},"inLanguage":"cs","potentialAction":[{"@type":"ReadAction","target":["https:\/\/vivasan-shop.com\/shop\/aromatherapy\/essential-oils\/100-pure-essential-oil-sandalwood-west-10-ml\/"]}]},{"@type":"ImageObject","inLanguage":"cs","@id":"https:\/\/vivasan-shop.com\/shop\/aromatherapy\/essential-oils\/100-pure-essential-oil-sandalwood-west-10-ml\/#primaryimage","url":"https:\/\/vivasan-shop.com\/wp-content\/uploads\/2025\/06\/vivasan.club-20210610-0036-40098932.avif","contentUrl":"https:\/\/vivasan-shop.com\/wp-content\/uploads\/2025\/06\/vivasan.club-20210610-0036-40098932.avif","width":768,"height":768},{"@type":"BreadcrumbList","@id":"https:\/\/vivasan-shop.com\/shop\/aromatherapy\/essential-oils\/100-pure-essential-oil-sandalwood-west-10-ml\/#breadcrumb","itemListElement":[{"@type":"ListItem","position":1,"name":"Home","item":"https:\/\/vivasan-shop.com\/"},{"@type":"ListItem","position":2,"name":"Shop","item":"https:\/\/vivasan-shop.com\/shop\/"},{"@type":"ListItem","position":3,"name":"100% pure essential oil Sandalwood West, 10 ml"}]},{"@type":"WebSite","@id":"https:\/\/vivasan-shop.com\/#website","url":"https:\/\/vivasan-shop.com\/","name":"Vivasan","description":"","publisher":{"@id":"https:\/\/vivasan-shop.com\/#organization"},"potentialAction":[{"@type":"SearchAction","target":{"@type":"EntryPoint","urlTemplate":"https:\/\/vivasan-shop.com\/?s={search_term_string}"},"query-input":{"@type":"PropertyValueSpecification","valueRequired":true,"valueName":"search_term_string"}}],"inLanguage":"cs"},{"@type":"Organization","@id":"https:\/\/vivasan-shop.com\/#organization","name":"Vivasan","url":"https:\/\/vivasan-shop.com\/","logo":{"@type":"ImageObject","inLanguage":"cs","@id":"https:\/\/vivasan-shop.com\/#\/schema\/logo\/image\/","url":"https:\/\/vivasan-shop.com\/wp-content\/uploads\/2025\/07\/photo_2025-07-05_23-33-41.jpg","contentUrl":"https:\/\/vivasan-shop.com\/wp-content\/uploads\/2025\/07\/photo_2025-07-05_23-33-41.jpg","width":1080,"height":608,"caption":"Vivasan"},"image":{"@id":"https:\/\/vivasan-shop.com\/#\/schema\/logo\/image\/"}}]}},"_links":{"self":[{"href":"https:\/\/vivasan-shop.com\/cs\/wp-json\/wp\/v2\/product\/1290","targetHints":{"allow":["GET"]}}],"collection":[{"href":"https:\/\/vivasan-shop.com\/cs\/wp-json\/wp\/v2\/product"}],"about":[{"href":"https:\/\/vivasan-shop.com\/cs\/wp-json\/wp\/v2\/types\/product"}],"replies":[{"embeddable":true,"href":"https:\/\/vivasan-shop.com\/cs\/wp-json\/wp\/v2\/comments?post=1290"}],"version-history":[{"count":1,"href":"https:\/\/vivasan-shop.com\/cs\/wp-json\/wp\/v2\/product\/1290\/revisions"}],"predecessor-version":[{"id":1292,"href":"https:\/\/vivasan-shop.com\/cs\/wp-json\/wp\/v2\/product\/1290\/revisions\/1292"}],"wp:featuredmedia":[{"embeddable":true,"href":"https:\/\/vivasan-shop.com\/cs\/wp-json\/wp\/v2\/media\/1291"}],"wp:attachment":[{"href":"https:\/\/vivasan-shop.com\/cs\/wp-json\/wp\/v2\/media?parent=1290"}],"wp:term":[{"taxonomy":"product_brand","embeddable":true,"href":"https:\/\/vivasan-shop.com\/cs\/wp-json\/wp\/v2\/product_brand?post=1290"},{"taxonomy":"product_cat","embeddable":true,"href":"https:\/\/vivasan-shop.com\/cs\/wp-json\/wp\/v2\/product_cat?post=1290"},{"taxonomy":"product_tag","embeddable":true,"href":"https:\/\/vivasan-shop.com\/cs\/wp-json\/wp\/v2\/product_tag?post=1290"}],"curies":[{"name":"wp","href":"https:\/\/api.w.org\/{rel}","templated":true}]}}