{"id":1302,"date":"2025-06-20T09:15:00","date_gmt":"2025-06-20T09:15:00","guid":{"rendered":"https:\/\/vivasan-shop.com\/?post_type=product&#038;p=1302"},"modified":"2025-08-11T16:07:53","modified_gmt":"2025-08-11T16:07:53","slug":"100-pure-jojoba-carrier-oil-50-ml","status":"publish","type":"product","link":"https:\/\/vivasan-shop.com\/cs\/shop\/aromatherapy\/base-oils\/100-pure-jojoba-carrier-oil-50-ml\/","title":{"rendered":"100% \u010dist\u00fd jojobov\u00fd olej, 50 ml"},"content":{"rendered":"<p>100% pure Jojoba carrier oil. Although jojoba oil is often categorized as an \u201coil\u201d because of its pale yellow, transparent, liquid appearance, it is actually a liquid wax ester. Wax esters are generally straight-chain esters of mono-unsaturated long chain fatty acids and fatty alcohols. Its fatty acids make it an excellent face and body care oil especially suited for dry and mature skin. Jojoba oil is the ideal basis for natural perfumes and cosmetics since it has no inherent odor and the oil cannot oxidize, therefore is preferred in blending and diluting the essential oils. Has anti-inflammatory and rejuvenating action. It is suitable for all skin types. It is ideal for problem area massage. Basic oil used in massage oils and bath additives. Use: add 1-2 drops of essential oil of your choice to 5 ml of jojoba oil for an aroma massage.<\/p>\n<ul>\n<li>100% Jojoba [Simmondsia chinensis] oil from USA<\/li>\n<li>Contains no chemical solvents<\/li>\n<li>Produkt nebyl testov\u00e1n na zv\u00ed\u0159atech<\/li>\n<li>Bez GMO<\/li>\n<li>Bez paraben\u016f<\/li>\n<li>Certifikov\u00e1no Halal<\/li>\n<li>Volume: 50 ml<\/li>\n<\/ul>\n<p><strong>BENEFITES:<\/strong>\u00a0100% pure Jojoba Oil is rich in amino acids and proteins, as well as of vitamin E, has an antioxidant and regenerative properties. It absorbed quickly and penetrates and moisturizes without an oily residue, does not clog pores. Odourless. For massage and body treatment, especially with dry, sensitive or \u00aborange peel\u00bb skin. Has anti-inflammatory and rejuvenating effect. The secret of jojoba oil\u2019s effectiveness for both hair and skin is its similarity to sebum, the body\u2019s own natural skin protectant. Helps to prevent the appearance of fine lines and wrinkles.<\/p>\n<p><strong>USAGE:<\/strong>\u00a0<strong>Carrier Oil &amp; Anticellulite massage<\/strong>: Dilute a few drops of your favorite essential oil into 10ml of jojoba oil prior to massaging into the skin.\u00a0<strong>Body moisturizer:<\/strong>\u00a0Apply immediately after shower or bath, while skin is still damp. It seals in moisture, leaving skin soft and smooth.<strong>\u00a0Face massage:<\/strong>\u00a0Dilute a few drops of your favorite essential oil into 10 ml of Jojoba Oil prior to massaging into the skin.\u00a0<strong>Hair and Scalp massage:<\/strong>\u00a0Add a few drops to hands. Massage into scalp to relieve dryness.\u00a0<strong>Deep Conditioning use for hair:<\/strong>\u00a0Smooth a quarter-sized amount of oil over damp hair, focusing on ends. Wait 5-10 minutes before rinsing. To help mend split ends, rub one or two drops onto ends.\u00a0<strong>Cuticle and nails:<\/strong>\u00a0Apply a few drops to dry cuticles for least once per day.<\/p>\n<p>External use only. Keep out of reach of children. Avoid contact with eyes and mucous membranes. Always read the label.<\/p>","protected":false},"excerpt":{"rendered":"<div class=\"woocommerce-product-details__short-description\">\n<p>100% pure Jojoba carrier oil. Although jojoba oil is often categorized as an \u201coil\u201d because of its pale yellow, transparent, liquid appearance, it is actually a liquid wax ester. Wax esters are generally straight-chain esters of mono-unsaturated long chain fatty acids and fatty alcohols. Its fatty acids make it an excellent face and body care oil especially suited for dry and mature skin. Jojoba oil is the ideal basis since it has no inherent odor and the oil cannot oxidize, therefore is preferred in blending and diluting the essential oils.<\/p>\n<p>Vyrobeno ve \u0160v\u00fdcarsku.<\/p>\n<p>&nbsp;<\/p>\n<\/div>\n<div class=\"vivasan-product-icons\"><img loading=\"lazy\" decoding=\"async\" class=\"product_icon\" title=\"Made in Switzerland\" src=\"https:\/\/vivasan.club\/assets\/images\/product-icons\/swiss.svg?v=2\" alt=\"Made in Switzerland\" width=\"40\" height=\"40\" \/><img loading=\"lazy\" decoding=\"async\" class=\"product_icon\" title=\"GMP Certified\" src=\"https:\/\/vivasan.club\/assets\/images\/product-icons\/gmp.svg?v=2\" alt=\"GMP Certified\" width=\"40\" height=\"40\" \/><img loading=\"lazy\" decoding=\"async\" class=\"product_icon\" title=\"Halal Certified\" src=\"https:\/\/vivasan.club\/assets\/images\/product-icons\/halal.svg?v=2\" alt=\"Halal Certified\" width=\"40\" height=\"40\" \/><img loading=\"lazy\" decoding=\"async\" class=\"product_icon\" title=\"Cruelty-free\" src=\"https:\/\/vivasan.club\/assets\/images\/product-icons\/crueltyfree.svg?v=2\" alt=\"Cruelty-free\" width=\"40\" height=\"40\" \/><\/div>","protected":false},"featured_media":1303,"comment_status":"open","ping_status":"closed","template":"","meta":{"_acf_changed":false},"product_brand":[85],"product_cat":[58,60],"product_tag":[],"class_list":{"0":"post-1302","1":"product","2":"type-product","3":"status-publish","4":"has-post-thumbnail","6":"product_brand-vivasan","7":"product_cat-aromatherapy","8":"product_cat-base-oils","10":"first","11":"instock","12":"shipping-taxable","13":"purchasable","14":"product-type-simple"},"acf":[],"yoast_head":"<!-- This site is optimized with the Yoast SEO plugin v27.3 - https:\/\/yoast.com\/product\/yoast-seo-wordpress\/ -->\n<title>100% pure Jojoba carrier oil, 50 ml - vivasan-shop.com<\/title>\n<meta name=\"robots\" content=\"index, follow, max-snippet:-1, max-image-preview:large, max-video-preview:-1\" \/>\n<link rel=\"canonical\" href=\"https:\/\/vivasan-shop.com\/cs\/shop\/aromatherapy\/base-oils\/100-pure-jojoba-carrier-oil-50-ml\/\" \/>\n<meta property=\"og:locale\" content=\"cs_CZ\" \/>\n<meta property=\"og:type\" content=\"article\" \/>\n<meta property=\"og:title\" content=\"100% pure Jojoba carrier oil, 50 ml - vivasan-shop.com\" \/>\n<meta property=\"og:description\" content=\"100% pure Jojoba carrier oil. Although jojoba oil is often categorized as an \u201coil\u201d because of its pale yellow, transparent, liquid appearance, it is actually a liquid wax ester. Wax esters are generally straight-chain esters of mono-unsaturated long chain fatty acids and fatty alcohols. Its fatty acids make it an excellent face and body care oil especially suited for dry and mature skin. Jojoba oil is the ideal basis since it has no inherent odor and the oil cannot oxidize, therefore is preferred in blending and diluting the essential oils.  Made in Switzerland.  &nbsp;\" \/>\n<meta property=\"og:url\" content=\"https:\/\/vivasan-shop.com\/cs\/shop\/aromatherapy\/base-oils\/100-pure-jojoba-carrier-oil-50-ml\/\" \/>\n<meta property=\"og:site_name\" content=\"vivasan-shop.com\" \/>\n<meta property=\"article:modified_time\" content=\"2025-08-11T16:07:53+00:00\" \/>\n<meta property=\"og:image\" content=\"https:\/\/vivasan-shop.com\/wp-content\/uploads\/2025\/09\/photo_2025-09-04_15-07-27-removebg-preview.png\" \/>\n\t<meta property=\"og:image:width\" content=\"715\" \/>\n\t<meta property=\"og:image:height\" content=\"349\" \/>\n\t<meta property=\"og:image:type\" content=\"image\/png\" \/>\n<meta name=\"twitter:card\" content=\"summary_large_image\" \/>\n<meta name=\"twitter:label1\" content=\"Odhadovan\u00e1 doba \u010dten\u00ed\" \/>\n\t<meta name=\"twitter:data1\" content=\"1 minuta\" \/>\n<script type=\"application\/ld+json\" class=\"yoast-schema-graph\">{\"@context\":\"https:\\\/\\\/schema.org\",\"@graph\":[{\"@type\":[\"WebPage\",\"ItemPage\"],\"@id\":\"https:\\\/\\\/vivasan-shop.com\\\/shop\\\/aromatherapy\\\/base-oils\\\/100-pure-jojoba-carrier-oil-50-ml\\\/\",\"url\":\"https:\\\/\\\/vivasan-shop.com\\\/shop\\\/aromatherapy\\\/base-oils\\\/100-pure-jojoba-carrier-oil-50-ml\\\/\",\"name\":\"100% pure Jojoba carrier oil, 50 ml - vivasan-shop.com\",\"isPartOf\":{\"@id\":\"https:\\\/\\\/vivasan-shop.com\\\/#website\"},\"primaryImageOfPage\":{\"@id\":\"https:\\\/\\\/vivasan-shop.com\\\/shop\\\/aromatherapy\\\/base-oils\\\/100-pure-jojoba-carrier-oil-50-ml\\\/#primaryimage\"},\"image\":{\"@id\":\"https:\\\/\\\/vivasan-shop.com\\\/shop\\\/aromatherapy\\\/base-oils\\\/100-pure-jojoba-carrier-oil-50-ml\\\/#primaryimage\"},\"thumbnailUrl\":\"https:\\\/\\\/vivasan-shop.com\\\/wp-content\\\/uploads\\\/2025\\\/06\\\/vivasan.club-20231119-1338-06697304.avif\",\"datePublished\":\"2025-06-20T09:15:00+00:00\",\"dateModified\":\"2025-08-11T16:07:53+00:00\",\"breadcrumb\":{\"@id\":\"https:\\\/\\\/vivasan-shop.com\\\/shop\\\/aromatherapy\\\/base-oils\\\/100-pure-jojoba-carrier-oil-50-ml\\\/#breadcrumb\"},\"inLanguage\":\"cs\",\"potentialAction\":[{\"@type\":\"ReadAction\",\"target\":[\"https:\\\/\\\/vivasan-shop.com\\\/shop\\\/aromatherapy\\\/base-oils\\\/100-pure-jojoba-carrier-oil-50-ml\\\/\"]}]},{\"@type\":\"ImageObject\",\"inLanguage\":\"cs\",\"@id\":\"https:\\\/\\\/vivasan-shop.com\\\/shop\\\/aromatherapy\\\/base-oils\\\/100-pure-jojoba-carrier-oil-50-ml\\\/#primaryimage\",\"url\":\"https:\\\/\\\/vivasan-shop.com\\\/wp-content\\\/uploads\\\/2025\\\/06\\\/vivasan.club-20231119-1338-06697304.avif\",\"contentUrl\":\"https:\\\/\\\/vivasan-shop.com\\\/wp-content\\\/uploads\\\/2025\\\/06\\\/vivasan.club-20231119-1338-06697304.avif\",\"width\":768,\"height\":768},{\"@type\":\"BreadcrumbList\",\"@id\":\"https:\\\/\\\/vivasan-shop.com\\\/shop\\\/aromatherapy\\\/base-oils\\\/100-pure-jojoba-carrier-oil-50-ml\\\/#breadcrumb\",\"itemListElement\":[{\"@type\":\"ListItem\",\"position\":1,\"name\":\"Home\",\"item\":\"https:\\\/\\\/vivasan-shop.com\\\/\"},{\"@type\":\"ListItem\",\"position\":2,\"name\":\"Shop\",\"item\":\"https:\\\/\\\/vivasan-shop.com\\\/shop\\\/\"},{\"@type\":\"ListItem\",\"position\":3,\"name\":\"100% pure Jojoba carrier oil, 50 ml\"}]},{\"@type\":\"WebSite\",\"@id\":\"https:\\\/\\\/vivasan-shop.com\\\/#website\",\"url\":\"https:\\\/\\\/vivasan-shop.com\\\/\",\"name\":\"Vivasan\",\"description\":\"\",\"publisher\":{\"@id\":\"https:\\\/\\\/vivasan-shop.com\\\/#organization\"},\"potentialAction\":[{\"@type\":\"SearchAction\",\"target\":{\"@type\":\"EntryPoint\",\"urlTemplate\":\"https:\\\/\\\/vivasan-shop.com\\\/?s={search_term_string}\"},\"query-input\":{\"@type\":\"PropertyValueSpecification\",\"valueRequired\":true,\"valueName\":\"search_term_string\"}}],\"inLanguage\":\"cs\"},{\"@type\":\"Organization\",\"@id\":\"https:\\\/\\\/vivasan-shop.com\\\/#organization\",\"name\":\"Vivasan\",\"url\":\"https:\\\/\\\/vivasan-shop.com\\\/\",\"logo\":{\"@type\":\"ImageObject\",\"inLanguage\":\"cs\",\"@id\":\"https:\\\/\\\/vivasan-shop.com\\\/#\\\/schema\\\/logo\\\/image\\\/\",\"url\":\"https:\\\/\\\/vivasan-shop.com\\\/wp-content\\\/uploads\\\/2025\\\/07\\\/photo_2025-07-05_23-33-41.jpg\",\"contentUrl\":\"https:\\\/\\\/vivasan-shop.com\\\/wp-content\\\/uploads\\\/2025\\\/07\\\/photo_2025-07-05_23-33-41.jpg\",\"width\":1080,\"height\":608,\"caption\":\"Vivasan\"},\"image\":{\"@id\":\"https:\\\/\\\/vivasan-shop.com\\\/#\\\/schema\\\/logo\\\/image\\\/\"}}]}<\/script>\n<!-- \/ Yoast SEO plugin. -->","yoast_head_json":{"title":"100% pure Jojoba carrier oil, 50 ml - vivasan-shop.com","robots":{"index":"index","follow":"follow","max-snippet":"max-snippet:-1","max-image-preview":"max-image-preview:large","max-video-preview":"max-video-preview:-1"},"canonical":"https:\/\/vivasan-shop.com\/cs\/shop\/aromatherapy\/base-oils\/100-pure-jojoba-carrier-oil-50-ml\/","og_locale":"cs_CZ","og_type":"article","og_title":"100% pure Jojoba carrier oil, 50 ml - vivasan-shop.com","og_description":"100% pure Jojoba carrier oil. Although jojoba oil is often categorized as an \u201coil\u201d because of its pale yellow, transparent, liquid appearance, it is actually a liquid wax ester. Wax esters are generally straight-chain esters of mono-unsaturated long chain fatty acids and fatty alcohols. Its fatty acids make it an excellent face and body care oil especially suited for dry and mature skin. Jojoba oil is the ideal basis since it has no inherent odor and the oil cannot oxidize, therefore is preferred in blending and diluting the essential oils.  Made in Switzerland.  &nbsp;","og_url":"https:\/\/vivasan-shop.com\/cs\/shop\/aromatherapy\/base-oils\/100-pure-jojoba-carrier-oil-50-ml\/","og_site_name":"vivasan-shop.com","article_modified_time":"2025-08-11T16:07:53+00:00","og_image":[{"width":715,"height":349,"url":"https:\/\/vivasan-shop.com\/wp-content\/uploads\/2025\/09\/photo_2025-09-04_15-07-27-removebg-preview.png","type":"image\/png"}],"twitter_card":"summary_large_image","twitter_misc":{"Odhadovan\u00e1 doba \u010dten\u00ed":"1 minuta"},"schema":{"@context":"https:\/\/schema.org","@graph":[{"@type":["WebPage","ItemPage"],"@id":"https:\/\/vivasan-shop.com\/shop\/aromatherapy\/base-oils\/100-pure-jojoba-carrier-oil-50-ml\/","url":"https:\/\/vivasan-shop.com\/shop\/aromatherapy\/base-oils\/100-pure-jojoba-carrier-oil-50-ml\/","name":"100% pure Jojoba carrier oil, 50 ml - vivasan-shop.com","isPartOf":{"@id":"https:\/\/vivasan-shop.com\/#website"},"primaryImageOfPage":{"@id":"https:\/\/vivasan-shop.com\/shop\/aromatherapy\/base-oils\/100-pure-jojoba-carrier-oil-50-ml\/#primaryimage"},"image":{"@id":"https:\/\/vivasan-shop.com\/shop\/aromatherapy\/base-oils\/100-pure-jojoba-carrier-oil-50-ml\/#primaryimage"},"thumbnailUrl":"https:\/\/vivasan-shop.com\/wp-content\/uploads\/2025\/06\/vivasan.club-20231119-1338-06697304.avif","datePublished":"2025-06-20T09:15:00+00:00","dateModified":"2025-08-11T16:07:53+00:00","breadcrumb":{"@id":"https:\/\/vivasan-shop.com\/shop\/aromatherapy\/base-oils\/100-pure-jojoba-carrier-oil-50-ml\/#breadcrumb"},"inLanguage":"cs","potentialAction":[{"@type":"ReadAction","target":["https:\/\/vivasan-shop.com\/shop\/aromatherapy\/base-oils\/100-pure-jojoba-carrier-oil-50-ml\/"]}]},{"@type":"ImageObject","inLanguage":"cs","@id":"https:\/\/vivasan-shop.com\/shop\/aromatherapy\/base-oils\/100-pure-jojoba-carrier-oil-50-ml\/#primaryimage","url":"https:\/\/vivasan-shop.com\/wp-content\/uploads\/2025\/06\/vivasan.club-20231119-1338-06697304.avif","contentUrl":"https:\/\/vivasan-shop.com\/wp-content\/uploads\/2025\/06\/vivasan.club-20231119-1338-06697304.avif","width":768,"height":768},{"@type":"BreadcrumbList","@id":"https:\/\/vivasan-shop.com\/shop\/aromatherapy\/base-oils\/100-pure-jojoba-carrier-oil-50-ml\/#breadcrumb","itemListElement":[{"@type":"ListItem","position":1,"name":"Home","item":"https:\/\/vivasan-shop.com\/"},{"@type":"ListItem","position":2,"name":"Shop","item":"https:\/\/vivasan-shop.com\/shop\/"},{"@type":"ListItem","position":3,"name":"100% pure Jojoba carrier oil, 50 ml"}]},{"@type":"WebSite","@id":"https:\/\/vivasan-shop.com\/#website","url":"https:\/\/vivasan-shop.com\/","name":"Vivasan","description":"","publisher":{"@id":"https:\/\/vivasan-shop.com\/#organization"},"potentialAction":[{"@type":"SearchAction","target":{"@type":"EntryPoint","urlTemplate":"https:\/\/vivasan-shop.com\/?s={search_term_string}"},"query-input":{"@type":"PropertyValueSpecification","valueRequired":true,"valueName":"search_term_string"}}],"inLanguage":"cs"},{"@type":"Organization","@id":"https:\/\/vivasan-shop.com\/#organization","name":"Vivasan","url":"https:\/\/vivasan-shop.com\/","logo":{"@type":"ImageObject","inLanguage":"cs","@id":"https:\/\/vivasan-shop.com\/#\/schema\/logo\/image\/","url":"https:\/\/vivasan-shop.com\/wp-content\/uploads\/2025\/07\/photo_2025-07-05_23-33-41.jpg","contentUrl":"https:\/\/vivasan-shop.com\/wp-content\/uploads\/2025\/07\/photo_2025-07-05_23-33-41.jpg","width":1080,"height":608,"caption":"Vivasan"},"image":{"@id":"https:\/\/vivasan-shop.com\/#\/schema\/logo\/image\/"}}]}},"_links":{"self":[{"href":"https:\/\/vivasan-shop.com\/cs\/wp-json\/wp\/v2\/product\/1302","targetHints":{"allow":["GET"]}}],"collection":[{"href":"https:\/\/vivasan-shop.com\/cs\/wp-json\/wp\/v2\/product"}],"about":[{"href":"https:\/\/vivasan-shop.com\/cs\/wp-json\/wp\/v2\/types\/product"}],"replies":[{"embeddable":true,"href":"https:\/\/vivasan-shop.com\/cs\/wp-json\/wp\/v2\/comments?post=1302"}],"version-history":[{"count":1,"href":"https:\/\/vivasan-shop.com\/cs\/wp-json\/wp\/v2\/product\/1302\/revisions"}],"predecessor-version":[{"id":1304,"href":"https:\/\/vivasan-shop.com\/cs\/wp-json\/wp\/v2\/product\/1302\/revisions\/1304"}],"wp:featuredmedia":[{"embeddable":true,"href":"https:\/\/vivasan-shop.com\/cs\/wp-json\/wp\/v2\/media\/1303"}],"wp:attachment":[{"href":"https:\/\/vivasan-shop.com\/cs\/wp-json\/wp\/v2\/media?parent=1302"}],"wp:term":[{"taxonomy":"product_brand","embeddable":true,"href":"https:\/\/vivasan-shop.com\/cs\/wp-json\/wp\/v2\/product_brand?post=1302"},{"taxonomy":"product_cat","embeddable":true,"href":"https:\/\/vivasan-shop.com\/cs\/wp-json\/wp\/v2\/product_cat?post=1302"},{"taxonomy":"product_tag","embeddable":true,"href":"https:\/\/vivasan-shop.com\/cs\/wp-json\/wp\/v2\/product_tag?post=1302"}],"curies":[{"name":"wp","href":"https:\/\/api.w.org\/{rel}","templated":true}]}}