{"id":1364,"date":"2025-06-20T10:03:56","date_gmt":"2025-06-20T10:03:56","guid":{"rendered":"https:\/\/vivasan-shop.com\/?post_type=product&#038;p=1364"},"modified":"2025-09-25T07:29:08","modified_gmt":"2025-09-25T07:29:08","slug":"ultrasonic-aroma-diffuser-stadler-form-lucy","status":"publish","type":"product","link":"https:\/\/vivasan-shop.com\/cs\/shop\/aromatherapy\/aromatherapy-diffusers\/ultrasonic-aroma-diffuser-stadler-form-lucy\/","title":{"rendered":"Ultrazvukov\u00fd aroma difuz\u00e9r Stadler Form Lucy"},"content":{"rendered":"<p>Thanks to ultrasonic technology a few drops of essential oils mixed with water distracts into an extremely fine fragrance mist. This is the most gentle and efficient way to distribute the scent of essential oils. A magical game of light and scent at any time. Thanks to the built-in battery, you can enjoy the magical play of light and the scent of the Lucy fragrant diffuser for up to 7 hours, anywhere, anytime. If you prefer to spread the scent without light, use the single Amber Light\u2122 button to mute or turn it off completely.<\/p>\n<p><strong>Specifications:<\/strong><\/p>\n<ul>\n<li>Aroma diffuser with candle light.<\/li>\n<li>Power 10 W.<\/li>\n<li>Operation 7 hours on charge.<\/li>\n<li>Operation 10 hours for filling (max 5g \/ hour).<\/li>\n<li>Can be used anywhere thanks to the built-in battery.<\/li>\n<li>USB power supply.<\/li>\n<li>Night mode.<\/li>\n<li>Automatic shutdown.<\/li>\n<li>Amber Light\u2122 technology.<\/li>\n<li>Water tank capacity: 50 ml.<\/li>\n<li>Dimensions: 70 x 150 x 70 mm.<\/li>\n<li>Weight: 0.36 kg.<\/li>\n<li>Noise: &lt;26 dB (A).<\/li>\n<\/ul>\n<p>Unique Amber Light\u2122 brings the effect of a burning candle to your cosy place and will create a romantic atmosphere with disperse the scent of essential oils. Don\u2019t be afraid to leave Lucy\u2019s aroma diffuser on even as you leave the room. When the mixture of water and essential oil is depleted, the diffuser switches off automatically. It dissipates the scent in the room for up to 10 hours on a single charge and connected to a source. Lucy\u2019s aroma diffuser is enough to wipe the outside with a damp cloth once in a while and dry it thoroughly. You can use a standard household descaler on the ultrasonic membrane and internal parts.<\/p>","protected":false},"excerpt":{"rendered":"<div class=\"woocommerce-product-details__short-description\">\n<p>Lucy\u2019s portable aroma diffuser disperses the scent of essential oil in your living room or bedroom for up to 10 hours. Amber Light\u2122 resembles a candle flame, creating a perfectly romantic home atmosphere. Anytime, anywhere.<\/p>\n<\/div>","protected":false},"featured_media":1371,"comment_status":"open","ping_status":"closed","template":"","meta":{"_acf_changed":false},"product_brand":[86],"product_cat":[58,59],"product_tag":[],"class_list":{"0":"post-1364","1":"product","2":"type-product","3":"status-publish","4":"has-post-thumbnail","6":"product_brand-stadler-form","7":"product_cat-aromatherapy","8":"product_cat-aromatherapy-diffusers","9":"pa_color-black","10":"pa_color-gold","11":"pa_color-white","13":"first","14":"instock","15":"shipping-taxable","16":"purchasable","17":"product-type-variable","18":"has-default-attributes"},"acf":[],"yoast_head":"<!-- This site is optimized with the Yoast SEO plugin v27.3 - https:\/\/yoast.com\/product\/yoast-seo-wordpress\/ -->\n<title>Ultrasonic aroma diffuser Stadler Form Lucy - vivasan-shop.com<\/title>\n<meta name=\"robots\" content=\"index, follow, max-snippet:-1, max-image-preview:large, max-video-preview:-1\" \/>\n<link rel=\"canonical\" href=\"https:\/\/vivasan-shop.com\/cs\/shop\/aromatherapy\/aromatherapy-diffusers\/ultrasonic-aroma-diffuser-stadler-form-lucy\/\" \/>\n<meta property=\"og:locale\" content=\"cs_CZ\" \/>\n<meta property=\"og:type\" content=\"article\" \/>\n<meta property=\"og:title\" content=\"Ultrasonic aroma diffuser Stadler Form Lucy - vivasan-shop.com\" \/>\n<meta property=\"og:description\" content=\"Lucy\u2019s portable aroma diffuser disperses the scent of essential oil in your living room or bedroom for up to 10 hours. Amber Light\u2122 resembles a candle flame, creating a perfectly romantic home atmosphere. Anytime, anywhere.\" \/>\n<meta property=\"og:url\" content=\"https:\/\/vivasan-shop.com\/cs\/shop\/aromatherapy\/aromatherapy-diffusers\/ultrasonic-aroma-diffuser-stadler-form-lucy\/\" \/>\n<meta property=\"og:site_name\" content=\"vivasan-shop.com\" \/>\n<meta property=\"article:modified_time\" content=\"2025-09-25T07:29:08+00:00\" \/>\n<meta property=\"og:image\" content=\"https:\/\/vivasan-shop.com\/wp-content\/uploads\/2025\/09\/photo_2025-09-04_15-07-27-removebg-preview.png\" \/>\n\t<meta property=\"og:image:width\" content=\"715\" \/>\n\t<meta property=\"og:image:height\" content=\"349\" \/>\n\t<meta property=\"og:image:type\" content=\"image\/png\" \/>\n<meta name=\"twitter:card\" content=\"summary_large_image\" \/>\n<meta name=\"twitter:label1\" content=\"Odhadovan\u00e1 doba \u010dten\u00ed\" \/>\n\t<meta name=\"twitter:data1\" content=\"1 minuta\" \/>\n<script type=\"application\/ld+json\" class=\"yoast-schema-graph\">{\"@context\":\"https:\\\/\\\/schema.org\",\"@graph\":[{\"@type\":[\"WebPage\",\"ItemPage\"],\"@id\":\"https:\\\/\\\/vivasan-shop.com\\\/shop\\\/aromatherapy\\\/aromatherapy-diffusers\\\/ultrasonic-aroma-diffuser-stadler-form-lucy\\\/\",\"url\":\"https:\\\/\\\/vivasan-shop.com\\\/shop\\\/aromatherapy\\\/aromatherapy-diffusers\\\/ultrasonic-aroma-diffuser-stadler-form-lucy\\\/\",\"name\":\"Ultrasonic aroma diffuser Stadler Form Lucy - vivasan-shop.com\",\"isPartOf\":{\"@id\":\"https:\\\/\\\/vivasan-shop.com\\\/#website\"},\"primaryImageOfPage\":{\"@id\":\"https:\\\/\\\/vivasan-shop.com\\\/shop\\\/aromatherapy\\\/aromatherapy-diffusers\\\/ultrasonic-aroma-diffuser-stadler-form-lucy\\\/#primaryimage\"},\"image\":{\"@id\":\"https:\\\/\\\/vivasan-shop.com\\\/shop\\\/aromatherapy\\\/aromatherapy-diffusers\\\/ultrasonic-aroma-diffuser-stadler-form-lucy\\\/#primaryimage\"},\"thumbnailUrl\":\"https:\\\/\\\/vivasan-shop.com\\\/wp-content\\\/uploads\\\/2025\\\/06\\\/sf_lucy_black_iso_mist.avif\",\"datePublished\":\"2025-06-20T10:03:56+00:00\",\"dateModified\":\"2025-09-25T07:29:08+00:00\",\"breadcrumb\":{\"@id\":\"https:\\\/\\\/vivasan-shop.com\\\/shop\\\/aromatherapy\\\/aromatherapy-diffusers\\\/ultrasonic-aroma-diffuser-stadler-form-lucy\\\/#breadcrumb\"},\"inLanguage\":\"cs\",\"potentialAction\":[{\"@type\":\"ReadAction\",\"target\":[\"https:\\\/\\\/vivasan-shop.com\\\/shop\\\/aromatherapy\\\/aromatherapy-diffusers\\\/ultrasonic-aroma-diffuser-stadler-form-lucy\\\/\"]}]},{\"@type\":\"ImageObject\",\"inLanguage\":\"cs\",\"@id\":\"https:\\\/\\\/vivasan-shop.com\\\/shop\\\/aromatherapy\\\/aromatherapy-diffusers\\\/ultrasonic-aroma-diffuser-stadler-form-lucy\\\/#primaryimage\",\"url\":\"https:\\\/\\\/vivasan-shop.com\\\/wp-content\\\/uploads\\\/2025\\\/06\\\/sf_lucy_black_iso_mist.avif\",\"contentUrl\":\"https:\\\/\\\/vivasan-shop.com\\\/wp-content\\\/uploads\\\/2025\\\/06\\\/sf_lucy_black_iso_mist.avif\"},{\"@type\":\"BreadcrumbList\",\"@id\":\"https:\\\/\\\/vivasan-shop.com\\\/shop\\\/aromatherapy\\\/aromatherapy-diffusers\\\/ultrasonic-aroma-diffuser-stadler-form-lucy\\\/#breadcrumb\",\"itemListElement\":[{\"@type\":\"ListItem\",\"position\":1,\"name\":\"Home\",\"item\":\"https:\\\/\\\/vivasan-shop.com\\\/\"},{\"@type\":\"ListItem\",\"position\":2,\"name\":\"Shop\",\"item\":\"https:\\\/\\\/vivasan-shop.com\\\/shop\\\/\"},{\"@type\":\"ListItem\",\"position\":3,\"name\":\"Ultrasonic aroma diffuser Stadler Form Lucy\"}]},{\"@type\":\"WebSite\",\"@id\":\"https:\\\/\\\/vivasan-shop.com\\\/#website\",\"url\":\"https:\\\/\\\/vivasan-shop.com\\\/\",\"name\":\"Vivasan\",\"description\":\"\",\"publisher\":{\"@id\":\"https:\\\/\\\/vivasan-shop.com\\\/#organization\"},\"potentialAction\":[{\"@type\":\"SearchAction\",\"target\":{\"@type\":\"EntryPoint\",\"urlTemplate\":\"https:\\\/\\\/vivasan-shop.com\\\/?s={search_term_string}\"},\"query-input\":{\"@type\":\"PropertyValueSpecification\",\"valueRequired\":true,\"valueName\":\"search_term_string\"}}],\"inLanguage\":\"cs\"},{\"@type\":\"Organization\",\"@id\":\"https:\\\/\\\/vivasan-shop.com\\\/#organization\",\"name\":\"Vivasan\",\"url\":\"https:\\\/\\\/vivasan-shop.com\\\/\",\"logo\":{\"@type\":\"ImageObject\",\"inLanguage\":\"cs\",\"@id\":\"https:\\\/\\\/vivasan-shop.com\\\/#\\\/schema\\\/logo\\\/image\\\/\",\"url\":\"https:\\\/\\\/vivasan-shop.com\\\/wp-content\\\/uploads\\\/2025\\\/07\\\/photo_2025-07-05_23-33-41.jpg\",\"contentUrl\":\"https:\\\/\\\/vivasan-shop.com\\\/wp-content\\\/uploads\\\/2025\\\/07\\\/photo_2025-07-05_23-33-41.jpg\",\"width\":1080,\"height\":608,\"caption\":\"Vivasan\"},\"image\":{\"@id\":\"https:\\\/\\\/vivasan-shop.com\\\/#\\\/schema\\\/logo\\\/image\\\/\"}}]}<\/script>\n<!-- \/ Yoast SEO plugin. -->","yoast_head_json":{"title":"Ultrasonic aroma diffuser Stadler Form Lucy - vivasan-shop.com","robots":{"index":"index","follow":"follow","max-snippet":"max-snippet:-1","max-image-preview":"max-image-preview:large","max-video-preview":"max-video-preview:-1"},"canonical":"https:\/\/vivasan-shop.com\/cs\/shop\/aromatherapy\/aromatherapy-diffusers\/ultrasonic-aroma-diffuser-stadler-form-lucy\/","og_locale":"cs_CZ","og_type":"article","og_title":"Ultrasonic aroma diffuser Stadler Form Lucy - vivasan-shop.com","og_description":"Lucy\u2019s portable aroma diffuser disperses the scent of essential oil in your living room or bedroom for up to 10 hours. Amber Light\u2122 resembles a candle flame, creating a perfectly romantic home atmosphere. Anytime, anywhere.","og_url":"https:\/\/vivasan-shop.com\/cs\/shop\/aromatherapy\/aromatherapy-diffusers\/ultrasonic-aroma-diffuser-stadler-form-lucy\/","og_site_name":"vivasan-shop.com","article_modified_time":"2025-09-25T07:29:08+00:00","og_image":[{"width":715,"height":349,"url":"https:\/\/vivasan-shop.com\/wp-content\/uploads\/2025\/09\/photo_2025-09-04_15-07-27-removebg-preview.png","type":"image\/png"}],"twitter_card":"summary_large_image","twitter_misc":{"Odhadovan\u00e1 doba \u010dten\u00ed":"1 minuta"},"schema":{"@context":"https:\/\/schema.org","@graph":[{"@type":["WebPage","ItemPage"],"@id":"https:\/\/vivasan-shop.com\/shop\/aromatherapy\/aromatherapy-diffusers\/ultrasonic-aroma-diffuser-stadler-form-lucy\/","url":"https:\/\/vivasan-shop.com\/shop\/aromatherapy\/aromatherapy-diffusers\/ultrasonic-aroma-diffuser-stadler-form-lucy\/","name":"Ultrasonic aroma diffuser Stadler Form Lucy - vivasan-shop.com","isPartOf":{"@id":"https:\/\/vivasan-shop.com\/#website"},"primaryImageOfPage":{"@id":"https:\/\/vivasan-shop.com\/shop\/aromatherapy\/aromatherapy-diffusers\/ultrasonic-aroma-diffuser-stadler-form-lucy\/#primaryimage"},"image":{"@id":"https:\/\/vivasan-shop.com\/shop\/aromatherapy\/aromatherapy-diffusers\/ultrasonic-aroma-diffuser-stadler-form-lucy\/#primaryimage"},"thumbnailUrl":"https:\/\/vivasan-shop.com\/wp-content\/uploads\/2025\/06\/sf_lucy_black_iso_mist.avif","datePublished":"2025-06-20T10:03:56+00:00","dateModified":"2025-09-25T07:29:08+00:00","breadcrumb":{"@id":"https:\/\/vivasan-shop.com\/shop\/aromatherapy\/aromatherapy-diffusers\/ultrasonic-aroma-diffuser-stadler-form-lucy\/#breadcrumb"},"inLanguage":"cs","potentialAction":[{"@type":"ReadAction","target":["https:\/\/vivasan-shop.com\/shop\/aromatherapy\/aromatherapy-diffusers\/ultrasonic-aroma-diffuser-stadler-form-lucy\/"]}]},{"@type":"ImageObject","inLanguage":"cs","@id":"https:\/\/vivasan-shop.com\/shop\/aromatherapy\/aromatherapy-diffusers\/ultrasonic-aroma-diffuser-stadler-form-lucy\/#primaryimage","url":"https:\/\/vivasan-shop.com\/wp-content\/uploads\/2025\/06\/sf_lucy_black_iso_mist.avif","contentUrl":"https:\/\/vivasan-shop.com\/wp-content\/uploads\/2025\/06\/sf_lucy_black_iso_mist.avif"},{"@type":"BreadcrumbList","@id":"https:\/\/vivasan-shop.com\/shop\/aromatherapy\/aromatherapy-diffusers\/ultrasonic-aroma-diffuser-stadler-form-lucy\/#breadcrumb","itemListElement":[{"@type":"ListItem","position":1,"name":"Home","item":"https:\/\/vivasan-shop.com\/"},{"@type":"ListItem","position":2,"name":"Shop","item":"https:\/\/vivasan-shop.com\/shop\/"},{"@type":"ListItem","position":3,"name":"Ultrasonic aroma diffuser Stadler Form Lucy"}]},{"@type":"WebSite","@id":"https:\/\/vivasan-shop.com\/#website","url":"https:\/\/vivasan-shop.com\/","name":"Vivasan","description":"","publisher":{"@id":"https:\/\/vivasan-shop.com\/#organization"},"potentialAction":[{"@type":"SearchAction","target":{"@type":"EntryPoint","urlTemplate":"https:\/\/vivasan-shop.com\/?s={search_term_string}"},"query-input":{"@type":"PropertyValueSpecification","valueRequired":true,"valueName":"search_term_string"}}],"inLanguage":"cs"},{"@type":"Organization","@id":"https:\/\/vivasan-shop.com\/#organization","name":"Vivasan","url":"https:\/\/vivasan-shop.com\/","logo":{"@type":"ImageObject","inLanguage":"cs","@id":"https:\/\/vivasan-shop.com\/#\/schema\/logo\/image\/","url":"https:\/\/vivasan-shop.com\/wp-content\/uploads\/2025\/07\/photo_2025-07-05_23-33-41.jpg","contentUrl":"https:\/\/vivasan-shop.com\/wp-content\/uploads\/2025\/07\/photo_2025-07-05_23-33-41.jpg","width":1080,"height":608,"caption":"Vivasan"},"image":{"@id":"https:\/\/vivasan-shop.com\/#\/schema\/logo\/image\/"}}]}},"_links":{"self":[{"href":"https:\/\/vivasan-shop.com\/cs\/wp-json\/wp\/v2\/product\/1364","targetHints":{"allow":["GET"]}}],"collection":[{"href":"https:\/\/vivasan-shop.com\/cs\/wp-json\/wp\/v2\/product"}],"about":[{"href":"https:\/\/vivasan-shop.com\/cs\/wp-json\/wp\/v2\/types\/product"}],"replies":[{"embeddable":true,"href":"https:\/\/vivasan-shop.com\/cs\/wp-json\/wp\/v2\/comments?post=1364"}],"version-history":[{"count":1,"href":"https:\/\/vivasan-shop.com\/cs\/wp-json\/wp\/v2\/product\/1364\/revisions"}],"predecessor-version":[{"id":1376,"href":"https:\/\/vivasan-shop.com\/cs\/wp-json\/wp\/v2\/product\/1364\/revisions\/1376"}],"wp:featuredmedia":[{"embeddable":true,"href":"https:\/\/vivasan-shop.com\/cs\/wp-json\/wp\/v2\/media\/1371"}],"wp:attachment":[{"href":"https:\/\/vivasan-shop.com\/cs\/wp-json\/wp\/v2\/media?parent=1364"}],"wp:term":[{"taxonomy":"product_brand","embeddable":true,"href":"https:\/\/vivasan-shop.com\/cs\/wp-json\/wp\/v2\/product_brand?post=1364"},{"taxonomy":"product_cat","embeddable":true,"href":"https:\/\/vivasan-shop.com\/cs\/wp-json\/wp\/v2\/product_cat?post=1364"},{"taxonomy":"product_tag","embeddable":true,"href":"https:\/\/vivasan-shop.com\/cs\/wp-json\/wp\/v2\/product_tag?post=1364"}],"curies":[{"name":"wp","href":"https:\/\/api.w.org\/{rel}","templated":true}]}}