{"id":1458,"date":"2025-06-20T14:07:00","date_gmt":"2025-06-20T14:07:00","guid":{"rendered":"https:\/\/vivasan-shop.com\/?post_type=product&#038;p=1458"},"modified":"2025-08-11T16:06:59","modified_gmt":"2025-08-11T16:06:59","slug":"calendula-extra-rich-care-cream-for-sensitive-skin-100-ml","status":"publish","type":"product","link":"https:\/\/vivasan-shop.com\/cs\/shop\/health\/treatment-cosmetics\/calendula-extra-rich-care-cream-for-sensitive-skin-100-ml\/","title":{"rendered":"Extra bohat\u00fd kr\u00e9m s m\u011bs\u00ed\u010dkem pro citlivou ple\u0165, 100 ml"},"content":{"rendered":"<p>A nourishing cream based on the unique combination of precious ingredients: natural extract of the marigold, avocado oil of the highest quality, sweet almonds, scented geranium and natural vitamin E, for the care of dry and sensitive skin. It provides deep moisturizing, nourishes, soothes, softens and smoothes the skin. It is suitable for all skin types, recommended especially for irritated, dry and sensitive skin. It has a regenerating and rejuvenating effect, promotes the natural regeneration process of the skin, before creating new cells. Protects the skin from environmental damage, increases its turgor, prevents allergic skin reactions. It protects the skin from ultraviolet rays and prevents sunburn in a completely natural way.\u00a0Especially suitable for the skin of future mothers, maintains the elasticity and firmness of the skin, prevents the formation of scars. The wonderful, sweet scent of geranium essential oil will give your skin a pleasant scent.<\/p>\n<ul>\n<li>Paraben free.<\/li>\n<li>Dermatologically tested.<\/li>\n<li>100 ml.<\/li>\n<\/ul>\n<p>This intensive skin care cream by VIVASAN with natural marigold (calendula) extract cares for sensitive skin in a particularly mild way and helps support skin regeneration. It helps prevent skin irritation. Sunflower and almond oil, combined with beeswax, form an optimal base for this cream; its rich formula leaves a unique skin feeling. Skin care supporting vitamin E and allantoin also help protect sensitive skin from the signs of premature aging. Dermatologically tested. Application: Gently massage onto face and body areas requiring special care.<\/p>\n<p><strong>APPLICATION:<\/strong>\u00a0Gently massage onto face and body areas requiring special care.<\/p>\n<p><strong>INGREDIENTS:<\/strong>\u00a0Aqua (Water), Cetearyl Alcohol, Paralfinum Liquidum (Mineral Oil), Cera Alba (Beeswax), Petrolatum, Prunus Amygdalus Dulcis (SweetAlmond) Oil, Decyl Oleate, Glyceryl Stearate Citrate, Panthenol, Hellanthus Annuus (Sunflower) Seed Oil, Hexyldecanol, Hexyldecyl Laurate, Pentylene Glycol, Sucrose Stearate, Calendula Otlicinalis (Marigold) Flower Extract, Tocopheryl Acetate, Allantoin, Bisabolol, Tocopherol, Ethylhexylglycerin, Partum (Fragrance), Sodium Hydroxide, Phenoxyethanol, Benzoic Acid, Dehydroacetic Acid.<\/p>","protected":false},"excerpt":{"rendered":"<div class=\"woocommerce-product-details__short-description\">\n<div class=\"woocommerce-product-details__short-description\">\n<p>A natural step ahead. This intensive skin care cream with natural marigold (calendula) extract cares for sensitive skin in a particularly mild way and helps support skin regeneration. It helps prevent skin irritation. Sunflower and almond oil, combined with beeswax, form an optimal base for this cream; its rich formula leaves a unique skin feeling. The wonderful, sweet scent of geranium essential oil will give your skin a pleasant scent. Paraben-free. Dermatologically tested.<\/p>\n<div class=\"woocommerce-product-details__short-description\">\n<p>Vyrobeno ve \u0160v\u00fdcarsku.<\/p>\n<p>&nbsp;<\/p>\n<\/div>\n<div class=\"vivasan-product-icons\"><img loading=\"lazy\" decoding=\"async\" class=\"product_icon\" title=\"Made in Switzerland\" src=\"https:\/\/vivasan.club\/assets\/images\/product-icons\/swiss.svg?v=2\" alt=\"Made in Switzerland\" width=\"40\" height=\"40\" \/><img loading=\"lazy\" decoding=\"async\" class=\"product_icon\" title=\"GMP Certified\" src=\"https:\/\/vivasan.club\/assets\/images\/product-icons\/gmp.svg?v=2\" alt=\"GMP Certified\" width=\"40\" height=\"40\" \/><img loading=\"lazy\" decoding=\"async\" class=\"product_icon\" title=\"Cruelty-free\" src=\"https:\/\/vivasan.club\/assets\/images\/product-icons\/crueltyfree.svg?v=2\" alt=\"Cruelty-free\" width=\"40\" height=\"40\" \/><\/div>\n<\/div>\n<\/div>","protected":false},"featured_media":1459,"comment_status":"open","ping_status":"closed","template":"","meta":{"_acf_changed":false},"product_brand":[85],"product_cat":[62,63,65,68,71],"product_tag":[],"class_list":{"0":"post-1458","1":"product","2":"type-product","3":"status-publish","4":"has-post-thumbnail","6":"product_brand-vivasan","7":"product_cat-beauty","8":"product_cat-body-care","9":"product_cat-face-care","10":"product_cat-health","11":"product_cat-treatment-cosmetics","13":"first","14":"instock","15":"shipping-taxable","16":"purchasable","17":"product-type-simple"},"acf":[],"yoast_head":"<!-- This site is optimized with the Yoast SEO plugin v27.3 - https:\/\/yoast.com\/product\/yoast-seo-wordpress\/ -->\n<title>Calendula extra rich care cream for sensitive skin, 100 ml - vivasan-shop.com<\/title>\n<meta name=\"robots\" content=\"index, follow, max-snippet:-1, max-image-preview:large, max-video-preview:-1\" \/>\n<link rel=\"canonical\" href=\"https:\/\/vivasan-shop.com\/cs\/shop\/health\/treatment-cosmetics\/calendula-extra-rich-care-cream-for-sensitive-skin-100-ml\/\" \/>\n<meta property=\"og:locale\" content=\"cs_CZ\" \/>\n<meta property=\"og:type\" content=\"article\" \/>\n<meta property=\"og:title\" content=\"Calendula extra rich care cream for sensitive skin, 100 ml - vivasan-shop.com\" \/>\n<meta property=\"og:description\" content=\"A natural step ahead. This intensive skin care cream with natural marigold (calendula) extract cares for sensitive skin in a particularly mild way and helps support skin regeneration. It helps prevent skin irritation. Sunflower and almond oil, combined with beeswax, form an optimal base for this cream; its rich formula leaves a unique skin feeling. The wonderful, sweet scent of geranium essential oil will give your skin a pleasant scent. Paraben-free. Dermatologically tested.   Made in Switzerland.  &nbsp;\" \/>\n<meta property=\"og:url\" content=\"https:\/\/vivasan-shop.com\/cs\/shop\/health\/treatment-cosmetics\/calendula-extra-rich-care-cream-for-sensitive-skin-100-ml\/\" \/>\n<meta property=\"og:site_name\" content=\"vivasan-shop.com\" \/>\n<meta property=\"article:modified_time\" content=\"2025-08-11T16:06:59+00:00\" \/>\n<meta property=\"og:image\" content=\"https:\/\/vivasan-shop.com\/wp-content\/uploads\/2025\/09\/photo_2025-09-04_15-07-27-removebg-preview.png\" \/>\n\t<meta property=\"og:image:width\" content=\"715\" \/>\n\t<meta property=\"og:image:height\" content=\"349\" \/>\n\t<meta property=\"og:image:type\" content=\"image\/png\" \/>\n<meta name=\"twitter:card\" content=\"summary_large_image\" \/>\n<meta name=\"twitter:label1\" content=\"Odhadovan\u00e1 doba \u010dten\u00ed\" \/>\n\t<meta name=\"twitter:data1\" content=\"1 minuta\" \/>\n<script type=\"application\/ld+json\" class=\"yoast-schema-graph\">{\"@context\":\"https:\\\/\\\/schema.org\",\"@graph\":[{\"@type\":[\"WebPage\",\"ItemPage\"],\"@id\":\"https:\\\/\\\/vivasan-shop.com\\\/shop\\\/health\\\/treatment-cosmetics\\\/calendula-extra-rich-care-cream-for-sensitive-skin-100-ml\\\/\",\"url\":\"https:\\\/\\\/vivasan-shop.com\\\/shop\\\/health\\\/treatment-cosmetics\\\/calendula-extra-rich-care-cream-for-sensitive-skin-100-ml\\\/\",\"name\":\"Calendula extra rich care cream for sensitive skin, 100 ml - vivasan-shop.com\",\"isPartOf\":{\"@id\":\"https:\\\/\\\/vivasan-shop.com\\\/#website\"},\"primaryImageOfPage\":{\"@id\":\"https:\\\/\\\/vivasan-shop.com\\\/shop\\\/health\\\/treatment-cosmetics\\\/calendula-extra-rich-care-cream-for-sensitive-skin-100-ml\\\/#primaryimage\"},\"image\":{\"@id\":\"https:\\\/\\\/vivasan-shop.com\\\/shop\\\/health\\\/treatment-cosmetics\\\/calendula-extra-rich-care-cream-for-sensitive-skin-100-ml\\\/#primaryimage\"},\"thumbnailUrl\":\"https:\\\/\\\/vivasan-shop.com\\\/wp-content\\\/uploads\\\/2025\\\/06\\\/vivasan.club-20190707-1540-35229850.avif\",\"datePublished\":\"2025-06-20T14:07:00+00:00\",\"dateModified\":\"2025-08-11T16:06:59+00:00\",\"breadcrumb\":{\"@id\":\"https:\\\/\\\/vivasan-shop.com\\\/shop\\\/health\\\/treatment-cosmetics\\\/calendula-extra-rich-care-cream-for-sensitive-skin-100-ml\\\/#breadcrumb\"},\"inLanguage\":\"cs\",\"potentialAction\":[{\"@type\":\"ReadAction\",\"target\":[\"https:\\\/\\\/vivasan-shop.com\\\/shop\\\/health\\\/treatment-cosmetics\\\/calendula-extra-rich-care-cream-for-sensitive-skin-100-ml\\\/\"]}]},{\"@type\":\"ImageObject\",\"inLanguage\":\"cs\",\"@id\":\"https:\\\/\\\/vivasan-shop.com\\\/shop\\\/health\\\/treatment-cosmetics\\\/calendula-extra-rich-care-cream-for-sensitive-skin-100-ml\\\/#primaryimage\",\"url\":\"https:\\\/\\\/vivasan-shop.com\\\/wp-content\\\/uploads\\\/2025\\\/06\\\/vivasan.club-20190707-1540-35229850.avif\",\"contentUrl\":\"https:\\\/\\\/vivasan-shop.com\\\/wp-content\\\/uploads\\\/2025\\\/06\\\/vivasan.club-20190707-1540-35229850.avif\",\"width\":768,\"height\":768},{\"@type\":\"BreadcrumbList\",\"@id\":\"https:\\\/\\\/vivasan-shop.com\\\/shop\\\/health\\\/treatment-cosmetics\\\/calendula-extra-rich-care-cream-for-sensitive-skin-100-ml\\\/#breadcrumb\",\"itemListElement\":[{\"@type\":\"ListItem\",\"position\":1,\"name\":\"Home\",\"item\":\"https:\\\/\\\/vivasan-shop.com\\\/\"},{\"@type\":\"ListItem\",\"position\":2,\"name\":\"Shop\",\"item\":\"https:\\\/\\\/vivasan-shop.com\\\/shop\\\/\"},{\"@type\":\"ListItem\",\"position\":3,\"name\":\"Calendula extra rich care cream for sensitive skin, 100 ml\"}]},{\"@type\":\"WebSite\",\"@id\":\"https:\\\/\\\/vivasan-shop.com\\\/#website\",\"url\":\"https:\\\/\\\/vivasan-shop.com\\\/\",\"name\":\"Vivasan\",\"description\":\"\",\"publisher\":{\"@id\":\"https:\\\/\\\/vivasan-shop.com\\\/#organization\"},\"potentialAction\":[{\"@type\":\"SearchAction\",\"target\":{\"@type\":\"EntryPoint\",\"urlTemplate\":\"https:\\\/\\\/vivasan-shop.com\\\/?s={search_term_string}\"},\"query-input\":{\"@type\":\"PropertyValueSpecification\",\"valueRequired\":true,\"valueName\":\"search_term_string\"}}],\"inLanguage\":\"cs\"},{\"@type\":\"Organization\",\"@id\":\"https:\\\/\\\/vivasan-shop.com\\\/#organization\",\"name\":\"Vivasan\",\"url\":\"https:\\\/\\\/vivasan-shop.com\\\/\",\"logo\":{\"@type\":\"ImageObject\",\"inLanguage\":\"cs\",\"@id\":\"https:\\\/\\\/vivasan-shop.com\\\/#\\\/schema\\\/logo\\\/image\\\/\",\"url\":\"https:\\\/\\\/vivasan-shop.com\\\/wp-content\\\/uploads\\\/2025\\\/07\\\/photo_2025-07-05_23-33-41.jpg\",\"contentUrl\":\"https:\\\/\\\/vivasan-shop.com\\\/wp-content\\\/uploads\\\/2025\\\/07\\\/photo_2025-07-05_23-33-41.jpg\",\"width\":1080,\"height\":608,\"caption\":\"Vivasan\"},\"image\":{\"@id\":\"https:\\\/\\\/vivasan-shop.com\\\/#\\\/schema\\\/logo\\\/image\\\/\"}}]}<\/script>\n<!-- \/ Yoast SEO plugin. -->","yoast_head_json":{"title":"Calendula extra rich care cream for sensitive skin, 100 ml - vivasan-shop.com","robots":{"index":"index","follow":"follow","max-snippet":"max-snippet:-1","max-image-preview":"max-image-preview:large","max-video-preview":"max-video-preview:-1"},"canonical":"https:\/\/vivasan-shop.com\/cs\/shop\/health\/treatment-cosmetics\/calendula-extra-rich-care-cream-for-sensitive-skin-100-ml\/","og_locale":"cs_CZ","og_type":"article","og_title":"Calendula extra rich care cream for sensitive skin, 100 ml - vivasan-shop.com","og_description":"A natural step ahead. This intensive skin care cream with natural marigold (calendula) extract cares for sensitive skin in a particularly mild way and helps support skin regeneration. It helps prevent skin irritation. Sunflower and almond oil, combined with beeswax, form an optimal base for this cream; its rich formula leaves a unique skin feeling. The wonderful, sweet scent of geranium essential oil will give your skin a pleasant scent. Paraben-free. Dermatologically tested.   Made in Switzerland.  &nbsp;","og_url":"https:\/\/vivasan-shop.com\/cs\/shop\/health\/treatment-cosmetics\/calendula-extra-rich-care-cream-for-sensitive-skin-100-ml\/","og_site_name":"vivasan-shop.com","article_modified_time":"2025-08-11T16:06:59+00:00","og_image":[{"width":715,"height":349,"url":"https:\/\/vivasan-shop.com\/wp-content\/uploads\/2025\/09\/photo_2025-09-04_15-07-27-removebg-preview.png","type":"image\/png"}],"twitter_card":"summary_large_image","twitter_misc":{"Odhadovan\u00e1 doba \u010dten\u00ed":"1 minuta"},"schema":{"@context":"https:\/\/schema.org","@graph":[{"@type":["WebPage","ItemPage"],"@id":"https:\/\/vivasan-shop.com\/shop\/health\/treatment-cosmetics\/calendula-extra-rich-care-cream-for-sensitive-skin-100-ml\/","url":"https:\/\/vivasan-shop.com\/shop\/health\/treatment-cosmetics\/calendula-extra-rich-care-cream-for-sensitive-skin-100-ml\/","name":"Calendula extra rich care cream for sensitive skin, 100 ml - vivasan-shop.com","isPartOf":{"@id":"https:\/\/vivasan-shop.com\/#website"},"primaryImageOfPage":{"@id":"https:\/\/vivasan-shop.com\/shop\/health\/treatment-cosmetics\/calendula-extra-rich-care-cream-for-sensitive-skin-100-ml\/#primaryimage"},"image":{"@id":"https:\/\/vivasan-shop.com\/shop\/health\/treatment-cosmetics\/calendula-extra-rich-care-cream-for-sensitive-skin-100-ml\/#primaryimage"},"thumbnailUrl":"https:\/\/vivasan-shop.com\/wp-content\/uploads\/2025\/06\/vivasan.club-20190707-1540-35229850.avif","datePublished":"2025-06-20T14:07:00+00:00","dateModified":"2025-08-11T16:06:59+00:00","breadcrumb":{"@id":"https:\/\/vivasan-shop.com\/shop\/health\/treatment-cosmetics\/calendula-extra-rich-care-cream-for-sensitive-skin-100-ml\/#breadcrumb"},"inLanguage":"cs","potentialAction":[{"@type":"ReadAction","target":["https:\/\/vivasan-shop.com\/shop\/health\/treatment-cosmetics\/calendula-extra-rich-care-cream-for-sensitive-skin-100-ml\/"]}]},{"@type":"ImageObject","inLanguage":"cs","@id":"https:\/\/vivasan-shop.com\/shop\/health\/treatment-cosmetics\/calendula-extra-rich-care-cream-for-sensitive-skin-100-ml\/#primaryimage","url":"https:\/\/vivasan-shop.com\/wp-content\/uploads\/2025\/06\/vivasan.club-20190707-1540-35229850.avif","contentUrl":"https:\/\/vivasan-shop.com\/wp-content\/uploads\/2025\/06\/vivasan.club-20190707-1540-35229850.avif","width":768,"height":768},{"@type":"BreadcrumbList","@id":"https:\/\/vivasan-shop.com\/shop\/health\/treatment-cosmetics\/calendula-extra-rich-care-cream-for-sensitive-skin-100-ml\/#breadcrumb","itemListElement":[{"@type":"ListItem","position":1,"name":"Home","item":"https:\/\/vivasan-shop.com\/"},{"@type":"ListItem","position":2,"name":"Shop","item":"https:\/\/vivasan-shop.com\/shop\/"},{"@type":"ListItem","position":3,"name":"Calendula extra rich care cream for sensitive skin, 100 ml"}]},{"@type":"WebSite","@id":"https:\/\/vivasan-shop.com\/#website","url":"https:\/\/vivasan-shop.com\/","name":"Vivasan","description":"","publisher":{"@id":"https:\/\/vivasan-shop.com\/#organization"},"potentialAction":[{"@type":"SearchAction","target":{"@type":"EntryPoint","urlTemplate":"https:\/\/vivasan-shop.com\/?s={search_term_string}"},"query-input":{"@type":"PropertyValueSpecification","valueRequired":true,"valueName":"search_term_string"}}],"inLanguage":"cs"},{"@type":"Organization","@id":"https:\/\/vivasan-shop.com\/#organization","name":"Vivasan","url":"https:\/\/vivasan-shop.com\/","logo":{"@type":"ImageObject","inLanguage":"cs","@id":"https:\/\/vivasan-shop.com\/#\/schema\/logo\/image\/","url":"https:\/\/vivasan-shop.com\/wp-content\/uploads\/2025\/07\/photo_2025-07-05_23-33-41.jpg","contentUrl":"https:\/\/vivasan-shop.com\/wp-content\/uploads\/2025\/07\/photo_2025-07-05_23-33-41.jpg","width":1080,"height":608,"caption":"Vivasan"},"image":{"@id":"https:\/\/vivasan-shop.com\/#\/schema\/logo\/image\/"}}]}},"_links":{"self":[{"href":"https:\/\/vivasan-shop.com\/cs\/wp-json\/wp\/v2\/product\/1458","targetHints":{"allow":["GET"]}}],"collection":[{"href":"https:\/\/vivasan-shop.com\/cs\/wp-json\/wp\/v2\/product"}],"about":[{"href":"https:\/\/vivasan-shop.com\/cs\/wp-json\/wp\/v2\/types\/product"}],"replies":[{"embeddable":true,"href":"https:\/\/vivasan-shop.com\/cs\/wp-json\/wp\/v2\/comments?post=1458"}],"version-history":[{"count":1,"href":"https:\/\/vivasan-shop.com\/cs\/wp-json\/wp\/v2\/product\/1458\/revisions"}],"predecessor-version":[{"id":1460,"href":"https:\/\/vivasan-shop.com\/cs\/wp-json\/wp\/v2\/product\/1458\/revisions\/1460"}],"wp:featuredmedia":[{"embeddable":true,"href":"https:\/\/vivasan-shop.com\/cs\/wp-json\/wp\/v2\/media\/1459"}],"wp:attachment":[{"href":"https:\/\/vivasan-shop.com\/cs\/wp-json\/wp\/v2\/media?parent=1458"}],"wp:term":[{"taxonomy":"product_brand","embeddable":true,"href":"https:\/\/vivasan-shop.com\/cs\/wp-json\/wp\/v2\/product_brand?post=1458"},{"taxonomy":"product_cat","embeddable":true,"href":"https:\/\/vivasan-shop.com\/cs\/wp-json\/wp\/v2\/product_cat?post=1458"},{"taxonomy":"product_tag","embeddable":true,"href":"https:\/\/vivasan-shop.com\/cs\/wp-json\/wp\/v2\/product_tag?post=1458"}],"curies":[{"name":"wp","href":"https:\/\/api.w.org\/{rel}","templated":true}]}}