{"id":1470,"date":"2025-06-20T14:30:00","date_gmt":"2025-06-20T14:30:00","guid":{"rendered":"https:\/\/vivasan-shop.com\/?post_type=product&#038;p=1470"},"modified":"2025-08-11T16:06:59","modified_gmt":"2025-08-11T16:06:59","slug":"eau-de-parfum-oud-lounge-50-ml","status":"publish","type":"product","link":"https:\/\/vivasan-shop.com\/cs\/shop\/series\/ambiance\/eau-de-parfum-oud-lounge-50-ml\/","title":{"rendered":"Parf\u00e9mov\u00e1 voda Oud Lounge, 50 ml"},"content":{"rendered":"<p>Vivasan offers you an \u201cAmbiance\u201d \u2014 a pleasant atmosphere and elegance scents. The influence of fragrances on emotions is not an invention of poets or perfumers \u2014 its an nature instincts of life being. Ambiance was created exclusively for Vivasan by Swiss perfume designer Michael F\u00f6rster. The first impression that people feels when you enter into a room and the last thing that disappears when you leave \u2014 is your scent plume. As well-chosen perfume can become your scent anchor power. The Ambiance collection of fragrances is an impeccable style and an unforgettable scent power. Feel this subtle attraction that brings you long-term emotionally success.<\/p>\n<ul>\n<li>Top note: bergamot \u2013 yuzu lemon \u2013 jamaican pimento<\/li>\n<li>Heart Note: saffron \u2013 clove<\/li>\n<li>Base note: amber \u2013 vanilla<\/li>\n<li>Volume: 50 ml<\/li>\n<li>Vol.: 69.9%<\/li>\n<\/ul>\n<p>Stylish, powerful aroma, full of radiance, versatile and attractive. Eau de parfum \u201cOud Lounge\u201d opens with Sicilian bergamot, sweet lemon and a rich Asian lemon yuzu, all together spiced with pepper and a tasty berry of the Jamaican pimenta. Luxurious saffron and warm buds of clove in the heart note combined with soft amber and vanilla in the base note, end with a nice warm woody undertones.<\/p>\n<p><strong>INGREDIENTS:<\/strong>\u00a0ALCOHOL DENAT, AQUA (WATER), PARFUM (FRAGRANCE), LINALOOL, COUMARIN, LIMONENE, BUTYLPHENYL METHYLPROPIONAL, EUGENOL, CITRAL, CITRONELLOL, GERANIOL, ALPHA ISOMETHYL IONONE, BHT.<\/p>","protected":false},"excerpt":{"rendered":"<div class=\"woocommerce-product-details__short-description\">\n<div class=\"woocommerce-product-details__short-description\">\n<p>Stylish, powerful aroma, full of radiance, versatile and attractive. Eau de parfum \u201cOud Lounge\u201d opens with Sicilian bergamot, sweet lemon and a rich Asian lemon yuzu, all together spiced with pepper and a tasty berry of the Jamaican pimenta. Luxurious saffron and warm buds of clove in the heart note combined with soft amber and vanilla in the base note, end with a nice warm woody undertones.<\/p>\n<div class=\"woocommerce-product-details__short-description\">\n<p>Vyrobeno ve \u0160v\u00fdcarsku.<\/p>\n<p>&nbsp;<\/p>\n<\/div>\n<div class=\"vivasan-product-icons\"><img loading=\"lazy\" decoding=\"async\" class=\"product_icon\" title=\"Made in Switzerland\" src=\"https:\/\/vivasan.club\/assets\/images\/product-icons\/swiss.svg?v=2\" alt=\"Made in Switzerland\" width=\"40\" height=\"40\" \/><img loading=\"lazy\" decoding=\"async\" class=\"product_icon\" title=\"GMP Certified\" src=\"https:\/\/vivasan.club\/assets\/images\/product-icons\/gmp.svg?v=2\" alt=\"GMP Certified\" width=\"40\" height=\"40\" \/><img loading=\"lazy\" decoding=\"async\" class=\"product_icon\" title=\"Cruelty-free\" src=\"https:\/\/vivasan.club\/assets\/images\/product-icons\/crueltyfree.svg?v=2\" alt=\"Cruelty-free\" width=\"40\" height=\"40\" \/><\/div>\n<\/div>\n<\/div>","protected":false},"featured_media":1471,"comment_status":"open","ping_status":"closed","template":"","meta":{"_acf_changed":false},"product_brand":[85],"product_cat":[75,62,66,74],"product_tag":[],"class_list":{"0":"post-1470","1":"product","2":"type-product","3":"status-publish","4":"has-post-thumbnail","6":"product_brand-vivasan","7":"product_cat-ambiance","8":"product_cat-beauty","9":"product_cat-fragrances","10":"product_cat-series","12":"first","13":"instock","14":"shipping-taxable","15":"purchasable","16":"product-type-simple"},"acf":[],"yoast_head":"<!-- This site is optimized with the Yoast SEO plugin v27.3 - https:\/\/yoast.com\/product\/yoast-seo-wordpress\/ -->\n<title>Eau de parfum Oud Lounge, 50 ml - vivasan-shop.com<\/title>\n<meta name=\"robots\" content=\"index, follow, max-snippet:-1, max-image-preview:large, max-video-preview:-1\" \/>\n<link rel=\"canonical\" href=\"https:\/\/vivasan-shop.com\/cs\/shop\/series\/ambiance\/eau-de-parfum-oud-lounge-50-ml\/\" \/>\n<meta property=\"og:locale\" content=\"cs_CZ\" \/>\n<meta property=\"og:type\" content=\"article\" \/>\n<meta property=\"og:title\" content=\"Eau de parfum Oud Lounge, 50 ml - vivasan-shop.com\" \/>\n<meta property=\"og:description\" content=\"Stylish, powerful aroma, full of radiance, versatile and attractive. Eau de parfum \u201cOud Lounge\u201d opens with Sicilian bergamot, sweet lemon and a rich Asian lemon yuzu, all together spiced with pepper and a tasty berry of the Jamaican pimenta. Luxurious saffron and warm buds of clove in the heart note combined with soft amber and vanilla in the base note, end with a nice warm woody undertones.   Made in Switzerland.  &nbsp;\" \/>\n<meta property=\"og:url\" content=\"https:\/\/vivasan-shop.com\/cs\/shop\/series\/ambiance\/eau-de-parfum-oud-lounge-50-ml\/\" \/>\n<meta property=\"og:site_name\" content=\"vivasan-shop.com\" \/>\n<meta property=\"article:modified_time\" content=\"2025-08-11T16:06:59+00:00\" \/>\n<meta property=\"og:image\" content=\"https:\/\/vivasan-shop.com\/wp-content\/uploads\/2025\/09\/photo_2025-09-04_15-07-27-removebg-preview.png\" \/>\n\t<meta property=\"og:image:width\" content=\"715\" \/>\n\t<meta property=\"og:image:height\" content=\"349\" \/>\n\t<meta property=\"og:image:type\" content=\"image\/png\" \/>\n<meta name=\"twitter:card\" content=\"summary_large_image\" \/>\n<meta name=\"twitter:label1\" content=\"Odhadovan\u00e1 doba \u010dten\u00ed\" \/>\n\t<meta name=\"twitter:data1\" content=\"1 minuta\" \/>\n<script type=\"application\/ld+json\" class=\"yoast-schema-graph\">{\"@context\":\"https:\\\/\\\/schema.org\",\"@graph\":[{\"@type\":[\"WebPage\",\"ItemPage\"],\"@id\":\"https:\\\/\\\/vivasan-shop.com\\\/shop\\\/series\\\/ambiance\\\/eau-de-parfum-oud-lounge-50-ml\\\/\",\"url\":\"https:\\\/\\\/vivasan-shop.com\\\/shop\\\/series\\\/ambiance\\\/eau-de-parfum-oud-lounge-50-ml\\\/\",\"name\":\"Eau de parfum Oud Lounge, 50 ml - vivasan-shop.com\",\"isPartOf\":{\"@id\":\"https:\\\/\\\/vivasan-shop.com\\\/#website\"},\"primaryImageOfPage\":{\"@id\":\"https:\\\/\\\/vivasan-shop.com\\\/shop\\\/series\\\/ambiance\\\/eau-de-parfum-oud-lounge-50-ml\\\/#primaryimage\"},\"image\":{\"@id\":\"https:\\\/\\\/vivasan-shop.com\\\/shop\\\/series\\\/ambiance\\\/eau-de-parfum-oud-lounge-50-ml\\\/#primaryimage\"},\"thumbnailUrl\":\"https:\\\/\\\/vivasan-shop.com\\\/wp-content\\\/uploads\\\/2025\\\/06\\\/vivasan.club-20190421-1348-09856364.avif\",\"datePublished\":\"2025-06-20T14:30:00+00:00\",\"dateModified\":\"2025-08-11T16:06:59+00:00\",\"breadcrumb\":{\"@id\":\"https:\\\/\\\/vivasan-shop.com\\\/shop\\\/series\\\/ambiance\\\/eau-de-parfum-oud-lounge-50-ml\\\/#breadcrumb\"},\"inLanguage\":\"cs\",\"potentialAction\":[{\"@type\":\"ReadAction\",\"target\":[\"https:\\\/\\\/vivasan-shop.com\\\/shop\\\/series\\\/ambiance\\\/eau-de-parfum-oud-lounge-50-ml\\\/\"]}]},{\"@type\":\"ImageObject\",\"inLanguage\":\"cs\",\"@id\":\"https:\\\/\\\/vivasan-shop.com\\\/shop\\\/series\\\/ambiance\\\/eau-de-parfum-oud-lounge-50-ml\\\/#primaryimage\",\"url\":\"https:\\\/\\\/vivasan-shop.com\\\/wp-content\\\/uploads\\\/2025\\\/06\\\/vivasan.club-20190421-1348-09856364.avif\",\"contentUrl\":\"https:\\\/\\\/vivasan-shop.com\\\/wp-content\\\/uploads\\\/2025\\\/06\\\/vivasan.club-20190421-1348-09856364.avif\",\"width\":768,\"height\":768},{\"@type\":\"BreadcrumbList\",\"@id\":\"https:\\\/\\\/vivasan-shop.com\\\/shop\\\/series\\\/ambiance\\\/eau-de-parfum-oud-lounge-50-ml\\\/#breadcrumb\",\"itemListElement\":[{\"@type\":\"ListItem\",\"position\":1,\"name\":\"Home\",\"item\":\"https:\\\/\\\/vivasan-shop.com\\\/\"},{\"@type\":\"ListItem\",\"position\":2,\"name\":\"Shop\",\"item\":\"https:\\\/\\\/vivasan-shop.com\\\/shop\\\/\"},{\"@type\":\"ListItem\",\"position\":3,\"name\":\"Eau de parfum Oud Lounge, 50 ml\"}]},{\"@type\":\"WebSite\",\"@id\":\"https:\\\/\\\/vivasan-shop.com\\\/#website\",\"url\":\"https:\\\/\\\/vivasan-shop.com\\\/\",\"name\":\"Vivasan\",\"description\":\"\",\"publisher\":{\"@id\":\"https:\\\/\\\/vivasan-shop.com\\\/#organization\"},\"potentialAction\":[{\"@type\":\"SearchAction\",\"target\":{\"@type\":\"EntryPoint\",\"urlTemplate\":\"https:\\\/\\\/vivasan-shop.com\\\/?s={search_term_string}\"},\"query-input\":{\"@type\":\"PropertyValueSpecification\",\"valueRequired\":true,\"valueName\":\"search_term_string\"}}],\"inLanguage\":\"cs\"},{\"@type\":\"Organization\",\"@id\":\"https:\\\/\\\/vivasan-shop.com\\\/#organization\",\"name\":\"Vivasan\",\"url\":\"https:\\\/\\\/vivasan-shop.com\\\/\",\"logo\":{\"@type\":\"ImageObject\",\"inLanguage\":\"cs\",\"@id\":\"https:\\\/\\\/vivasan-shop.com\\\/#\\\/schema\\\/logo\\\/image\\\/\",\"url\":\"https:\\\/\\\/vivasan-shop.com\\\/wp-content\\\/uploads\\\/2025\\\/07\\\/photo_2025-07-05_23-33-41.jpg\",\"contentUrl\":\"https:\\\/\\\/vivasan-shop.com\\\/wp-content\\\/uploads\\\/2025\\\/07\\\/photo_2025-07-05_23-33-41.jpg\",\"width\":1080,\"height\":608,\"caption\":\"Vivasan\"},\"image\":{\"@id\":\"https:\\\/\\\/vivasan-shop.com\\\/#\\\/schema\\\/logo\\\/image\\\/\"}}]}<\/script>\n<!-- \/ Yoast SEO plugin. -->","yoast_head_json":{"title":"Eau de parfum Oud Lounge, 50 ml - vivasan-shop.com","robots":{"index":"index","follow":"follow","max-snippet":"max-snippet:-1","max-image-preview":"max-image-preview:large","max-video-preview":"max-video-preview:-1"},"canonical":"https:\/\/vivasan-shop.com\/cs\/shop\/series\/ambiance\/eau-de-parfum-oud-lounge-50-ml\/","og_locale":"cs_CZ","og_type":"article","og_title":"Eau de parfum Oud Lounge, 50 ml - vivasan-shop.com","og_description":"Stylish, powerful aroma, full of radiance, versatile and attractive. Eau de parfum \u201cOud Lounge\u201d opens with Sicilian bergamot, sweet lemon and a rich Asian lemon yuzu, all together spiced with pepper and a tasty berry of the Jamaican pimenta. Luxurious saffron and warm buds of clove in the heart note combined with soft amber and vanilla in the base note, end with a nice warm woody undertones.   Made in Switzerland.  &nbsp;","og_url":"https:\/\/vivasan-shop.com\/cs\/shop\/series\/ambiance\/eau-de-parfum-oud-lounge-50-ml\/","og_site_name":"vivasan-shop.com","article_modified_time":"2025-08-11T16:06:59+00:00","og_image":[{"width":715,"height":349,"url":"https:\/\/vivasan-shop.com\/wp-content\/uploads\/2025\/09\/photo_2025-09-04_15-07-27-removebg-preview.png","type":"image\/png"}],"twitter_card":"summary_large_image","twitter_misc":{"Odhadovan\u00e1 doba \u010dten\u00ed":"1 minuta"},"schema":{"@context":"https:\/\/schema.org","@graph":[{"@type":["WebPage","ItemPage"],"@id":"https:\/\/vivasan-shop.com\/shop\/series\/ambiance\/eau-de-parfum-oud-lounge-50-ml\/","url":"https:\/\/vivasan-shop.com\/shop\/series\/ambiance\/eau-de-parfum-oud-lounge-50-ml\/","name":"Eau de parfum Oud Lounge, 50 ml - vivasan-shop.com","isPartOf":{"@id":"https:\/\/vivasan-shop.com\/#website"},"primaryImageOfPage":{"@id":"https:\/\/vivasan-shop.com\/shop\/series\/ambiance\/eau-de-parfum-oud-lounge-50-ml\/#primaryimage"},"image":{"@id":"https:\/\/vivasan-shop.com\/shop\/series\/ambiance\/eau-de-parfum-oud-lounge-50-ml\/#primaryimage"},"thumbnailUrl":"https:\/\/vivasan-shop.com\/wp-content\/uploads\/2025\/06\/vivasan.club-20190421-1348-09856364.avif","datePublished":"2025-06-20T14:30:00+00:00","dateModified":"2025-08-11T16:06:59+00:00","breadcrumb":{"@id":"https:\/\/vivasan-shop.com\/shop\/series\/ambiance\/eau-de-parfum-oud-lounge-50-ml\/#breadcrumb"},"inLanguage":"cs","potentialAction":[{"@type":"ReadAction","target":["https:\/\/vivasan-shop.com\/shop\/series\/ambiance\/eau-de-parfum-oud-lounge-50-ml\/"]}]},{"@type":"ImageObject","inLanguage":"cs","@id":"https:\/\/vivasan-shop.com\/shop\/series\/ambiance\/eau-de-parfum-oud-lounge-50-ml\/#primaryimage","url":"https:\/\/vivasan-shop.com\/wp-content\/uploads\/2025\/06\/vivasan.club-20190421-1348-09856364.avif","contentUrl":"https:\/\/vivasan-shop.com\/wp-content\/uploads\/2025\/06\/vivasan.club-20190421-1348-09856364.avif","width":768,"height":768},{"@type":"BreadcrumbList","@id":"https:\/\/vivasan-shop.com\/shop\/series\/ambiance\/eau-de-parfum-oud-lounge-50-ml\/#breadcrumb","itemListElement":[{"@type":"ListItem","position":1,"name":"Home","item":"https:\/\/vivasan-shop.com\/"},{"@type":"ListItem","position":2,"name":"Shop","item":"https:\/\/vivasan-shop.com\/shop\/"},{"@type":"ListItem","position":3,"name":"Eau de parfum Oud Lounge, 50 ml"}]},{"@type":"WebSite","@id":"https:\/\/vivasan-shop.com\/#website","url":"https:\/\/vivasan-shop.com\/","name":"Vivasan","description":"","publisher":{"@id":"https:\/\/vivasan-shop.com\/#organization"},"potentialAction":[{"@type":"SearchAction","target":{"@type":"EntryPoint","urlTemplate":"https:\/\/vivasan-shop.com\/?s={search_term_string}"},"query-input":{"@type":"PropertyValueSpecification","valueRequired":true,"valueName":"search_term_string"}}],"inLanguage":"cs"},{"@type":"Organization","@id":"https:\/\/vivasan-shop.com\/#organization","name":"Vivasan","url":"https:\/\/vivasan-shop.com\/","logo":{"@type":"ImageObject","inLanguage":"cs","@id":"https:\/\/vivasan-shop.com\/#\/schema\/logo\/image\/","url":"https:\/\/vivasan-shop.com\/wp-content\/uploads\/2025\/07\/photo_2025-07-05_23-33-41.jpg","contentUrl":"https:\/\/vivasan-shop.com\/wp-content\/uploads\/2025\/07\/photo_2025-07-05_23-33-41.jpg","width":1080,"height":608,"caption":"Vivasan"},"image":{"@id":"https:\/\/vivasan-shop.com\/#\/schema\/logo\/image\/"}}]}},"_links":{"self":[{"href":"https:\/\/vivasan-shop.com\/cs\/wp-json\/wp\/v2\/product\/1470","targetHints":{"allow":["GET"]}}],"collection":[{"href":"https:\/\/vivasan-shop.com\/cs\/wp-json\/wp\/v2\/product"}],"about":[{"href":"https:\/\/vivasan-shop.com\/cs\/wp-json\/wp\/v2\/types\/product"}],"replies":[{"embeddable":true,"href":"https:\/\/vivasan-shop.com\/cs\/wp-json\/wp\/v2\/comments?post=1470"}],"version-history":[{"count":1,"href":"https:\/\/vivasan-shop.com\/cs\/wp-json\/wp\/v2\/product\/1470\/revisions"}],"predecessor-version":[{"id":1472,"href":"https:\/\/vivasan-shop.com\/cs\/wp-json\/wp\/v2\/product\/1470\/revisions\/1472"}],"wp:featuredmedia":[{"embeddable":true,"href":"https:\/\/vivasan-shop.com\/cs\/wp-json\/wp\/v2\/media\/1471"}],"wp:attachment":[{"href":"https:\/\/vivasan-shop.com\/cs\/wp-json\/wp\/v2\/media?parent=1470"}],"wp:term":[{"taxonomy":"product_brand","embeddable":true,"href":"https:\/\/vivasan-shop.com\/cs\/wp-json\/wp\/v2\/product_brand?post=1470"},{"taxonomy":"product_cat","embeddable":true,"href":"https:\/\/vivasan-shop.com\/cs\/wp-json\/wp\/v2\/product_cat?post=1470"},{"taxonomy":"product_tag","embeddable":true,"href":"https:\/\/vivasan-shop.com\/cs\/wp-json\/wp\/v2\/product_tag?post=1470"}],"curies":[{"name":"wp","href":"https:\/\/api.w.org\/{rel}","templated":true}]}}