{"id":1486,"date":"2025-06-20T14:48:00","date_gmt":"2025-06-20T14:48:00","guid":{"rendered":"https:\/\/vivasan-shop.com\/?post_type=product&#038;p=1486"},"modified":"2025-08-11T16:06:37","modified_gmt":"2025-08-11T16:06:37","slug":"face-cream-calendula-anti-irritation-50-ml","status":"publish","type":"product","link":"https:\/\/vivasan-shop.com\/cs\/shop\/beauty\/face-care\/face-cream-calendula-anti-irritation-50-ml\/","title":{"rendered":"Ple\u0165ov\u00fd kr\u00e9m s m\u011bs\u00ed\u010dkem l\u00e9ka\u0159sk\u00fdm proti podr\u00e1\u017ed\u011bn\u00ed, 50 ml"},"content":{"rendered":"<p>Provides deep moisturizing, nourishes, soothes, softens and smoothes the skin. It is suitable for all skin types, recommended especially for irritated, dry and sensitive skin. It has a regenerating and rejuvenating effect, promotes the natural regeneration process of the skin, before creating new cells. Protects the skin from environmental damage, increases its turgor, prevents allergic skin reactions. It protects the skin from ultraviolet rays and prevents sunburn in a completely natural way.<\/p>\n<ul>\n<li>Produced in Switzerland.<\/li>\n<li>Swiss Guarantee\u00a0<a href=\"http:\/\/www.swisscos.swiss\/\" target=\"_blank\" rel=\"noopener\">COS<\/a>.<\/li>\n<li>Paraben free.<\/li>\n<li>Dermatologically tested.<\/li>\n<li>50 ml.<\/li>\n<\/ul>\n<p>Face cream with marigold and centella asiatica extract, shea butter, sweet almond oil, vitamin C, B3 and hyaluronic acid nourishes and hydrates your skin while reducing redness. Particularly suited to sensitive and problematic skin. Skin care supporting vitamin E and Squalene also help protect sensitive skin from the signs of premature aging.<\/p>\n<p><strong>Use:<\/strong>\u00a0Several times daily as required and gently massage into skin.<\/p>\n<p><strong>Active ingredients:<\/strong>\u00a0Shea butter, Sweet Almond oil, Marigold extract, Centella Asiatica Leaf Extract, Ruscus Aculeatus Root extract, Squalene, Vitamin E, Vitamin B3, Vitamin C, Escin, Hyaluronic acid, Hydrolyzed yeast Protein,<\/p>\n<p><strong>INGREDIENTS:<\/strong>\u00a0Aqua (Water), Cetearyl Alcohol, Glycerin, Coco-Caprylate\/Caprate, Caprylic\/Capric Triglyceride, Butyrospermum Parkii (Shea) Butter, Squalene, Butylene Glycol, Prunus Amygdalus Dulcis (Sweet Almond) Oil, Hydrogenated vegetable Oil, Tocopheryl Acetate, Calendula Otlicinalis (Marigold) Flower Extract, Ruscus Aculeatus Root extract, Centella Asiatica Leaf Extract, Sodium Hyaluronate, Phanthenol, Hydrolyzed Teast Protein, Niacinmide, Saccharide Isomerate, Escin, Ammonium Glycyrrhizate, Tocopherol, Lecithin, Glucose, Ethylhexylglycerin, Ascorbyl Palmitate, Ceteril Glucosid, Xanthan Gum, Tetrasodium Glutamate Diacetate, Sodium Citrate, Citric Acid, Sodium Hydroxide, Phenoxyethanol, Partum (Fragrance).<\/p>","protected":false},"excerpt":{"rendered":"<div class=\"woocommerce-product-details__short-description\">\n<div class=\"woocommerce-product-details__short-description\">\n<p>Face cream with marigold and centella asiatica extract, shea butter, sweet almond oil, vitamin C, B3 and hyaluronic acid nourishes and hydrates your skin while reducing redness. Particularly suited to sensitive and problematic skin. Skin care supporting vitamin E and Squalene also help protect sensitive skin from the signs of premature aging.<\/p>\n<div class=\"woocommerce-product-details__short-description\">\n<div class=\"woocommerce-product-details__short-description\">\n<p>Vyrobeno ve \u0160v\u00fdcarsku.<\/p>\n<p>&nbsp;<\/p>\n<\/div>\n<div class=\"vivasan-product-icons\"><img loading=\"lazy\" decoding=\"async\" class=\"product_icon\" title=\"Made in Switzerland\" src=\"https:\/\/vivasan.club\/assets\/images\/product-icons\/swiss.svg?v=2\" alt=\"Made in Switzerland\" width=\"40\" height=\"40\" \/><img loading=\"lazy\" decoding=\"async\" class=\"product_icon\" title=\"Swiss Guarantee COS\" src=\"https:\/\/vivasan.club\/assets\/images\/product-icons\/swisscos.svg?v=2\" alt=\"Swiss Guarantee COS\" width=\"40\" height=\"40\" \/><img loading=\"lazy\" decoding=\"async\" class=\"product_icon\" title=\"GMP Certified\" src=\"https:\/\/vivasan.club\/assets\/images\/product-icons\/gmp.svg?v=2\" alt=\"GMP Certified\" width=\"40\" height=\"40\" \/><img loading=\"lazy\" decoding=\"async\" class=\"product_icon\" title=\"Cruelty-free\" src=\"https:\/\/vivasan.club\/assets\/images\/product-icons\/crueltyfree.svg?v=2\" alt=\"Cruelty-free\" width=\"40\" height=\"40\" \/><\/div>\n<\/div>\n<\/div>\n<\/div>","protected":false},"featured_media":1487,"comment_status":"open","ping_status":"closed","template":"","meta":{"_acf_changed":false},"product_brand":[85],"product_cat":[62,65],"product_tag":[],"class_list":{"0":"post-1486","1":"product","2":"type-product","3":"status-publish","4":"has-post-thumbnail","6":"product_brand-vivasan","7":"product_cat-beauty","8":"product_cat-face-care","10":"first","11":"instock","12":"shipping-taxable","13":"purchasable","14":"product-type-simple"},"acf":[],"yoast_head":"<!-- This site is optimized with the Yoast SEO plugin v27.3 - https:\/\/yoast.com\/product\/yoast-seo-wordpress\/ -->\n<title>Face cream Calendula Anti-Irritation, 50 ml - vivasan-shop.com<\/title>\n<meta name=\"robots\" content=\"index, follow, max-snippet:-1, max-image-preview:large, max-video-preview:-1\" \/>\n<link rel=\"canonical\" href=\"https:\/\/vivasan-shop.com\/cs\/shop\/beauty\/face-care\/face-cream-calendula-anti-irritation-50-ml\/\" \/>\n<meta property=\"og:locale\" content=\"cs_CZ\" \/>\n<meta property=\"og:type\" content=\"article\" \/>\n<meta property=\"og:title\" content=\"Face cream Calendula Anti-Irritation, 50 ml - vivasan-shop.com\" \/>\n<meta property=\"og:description\" content=\"Face cream with marigold and centella asiatica extract, shea butter, sweet almond oil, vitamin C, B3 and hyaluronic acid nourishes and hydrates your skin while reducing redness. Particularly suited to sensitive and problematic skin. Skin care supporting vitamin E and Squalene also help protect sensitive skin from the signs of premature aging.    Made in Switzerland.  &nbsp;\" \/>\n<meta property=\"og:url\" content=\"https:\/\/vivasan-shop.com\/cs\/shop\/beauty\/face-care\/face-cream-calendula-anti-irritation-50-ml\/\" \/>\n<meta property=\"og:site_name\" content=\"vivasan-shop.com\" \/>\n<meta property=\"article:modified_time\" content=\"2025-08-11T16:06:37+00:00\" \/>\n<meta property=\"og:image\" content=\"https:\/\/vivasan-shop.com\/wp-content\/uploads\/2025\/09\/photo_2025-09-04_15-07-27-removebg-preview.png\" \/>\n\t<meta property=\"og:image:width\" content=\"715\" \/>\n\t<meta property=\"og:image:height\" content=\"349\" \/>\n\t<meta property=\"og:image:type\" content=\"image\/png\" \/>\n<meta name=\"twitter:card\" content=\"summary_large_image\" \/>\n<meta name=\"twitter:label1\" content=\"Odhadovan\u00e1 doba \u010dten\u00ed\" \/>\n\t<meta name=\"twitter:data1\" content=\"1 minuta\" \/>\n<script type=\"application\/ld+json\" class=\"yoast-schema-graph\">{\"@context\":\"https:\\\/\\\/schema.org\",\"@graph\":[{\"@type\":[\"WebPage\",\"ItemPage\"],\"@id\":\"https:\\\/\\\/vivasan-shop.com\\\/shop\\\/beauty\\\/face-care\\\/face-cream-calendula-anti-irritation-50-ml\\\/\",\"url\":\"https:\\\/\\\/vivasan-shop.com\\\/shop\\\/beauty\\\/face-care\\\/face-cream-calendula-anti-irritation-50-ml\\\/\",\"name\":\"Face cream Calendula Anti-Irritation, 50 ml - vivasan-shop.com\",\"isPartOf\":{\"@id\":\"https:\\\/\\\/vivasan-shop.com\\\/#website\"},\"primaryImageOfPage\":{\"@id\":\"https:\\\/\\\/vivasan-shop.com\\\/shop\\\/beauty\\\/face-care\\\/face-cream-calendula-anti-irritation-50-ml\\\/#primaryimage\"},\"image\":{\"@id\":\"https:\\\/\\\/vivasan-shop.com\\\/shop\\\/beauty\\\/face-care\\\/face-cream-calendula-anti-irritation-50-ml\\\/#primaryimage\"},\"thumbnailUrl\":\"https:\\\/\\\/vivasan-shop.com\\\/wp-content\\\/uploads\\\/2025\\\/06\\\/vivasan.club-20210907-2030-45953086.avif\",\"datePublished\":\"2025-06-20T14:48:00+00:00\",\"dateModified\":\"2025-08-11T16:06:37+00:00\",\"breadcrumb\":{\"@id\":\"https:\\\/\\\/vivasan-shop.com\\\/shop\\\/beauty\\\/face-care\\\/face-cream-calendula-anti-irritation-50-ml\\\/#breadcrumb\"},\"inLanguage\":\"cs\",\"potentialAction\":[{\"@type\":\"ReadAction\",\"target\":[\"https:\\\/\\\/vivasan-shop.com\\\/shop\\\/beauty\\\/face-care\\\/face-cream-calendula-anti-irritation-50-ml\\\/\"]}]},{\"@type\":\"ImageObject\",\"inLanguage\":\"cs\",\"@id\":\"https:\\\/\\\/vivasan-shop.com\\\/shop\\\/beauty\\\/face-care\\\/face-cream-calendula-anti-irritation-50-ml\\\/#primaryimage\",\"url\":\"https:\\\/\\\/vivasan-shop.com\\\/wp-content\\\/uploads\\\/2025\\\/06\\\/vivasan.club-20210907-2030-45953086.avif\",\"contentUrl\":\"https:\\\/\\\/vivasan-shop.com\\\/wp-content\\\/uploads\\\/2025\\\/06\\\/vivasan.club-20210907-2030-45953086.avif\"},{\"@type\":\"BreadcrumbList\",\"@id\":\"https:\\\/\\\/vivasan-shop.com\\\/shop\\\/beauty\\\/face-care\\\/face-cream-calendula-anti-irritation-50-ml\\\/#breadcrumb\",\"itemListElement\":[{\"@type\":\"ListItem\",\"position\":1,\"name\":\"Home\",\"item\":\"https:\\\/\\\/vivasan-shop.com\\\/\"},{\"@type\":\"ListItem\",\"position\":2,\"name\":\"Shop\",\"item\":\"https:\\\/\\\/vivasan-shop.com\\\/shop\\\/\"},{\"@type\":\"ListItem\",\"position\":3,\"name\":\"Face cream Calendula Anti-Irritation, 50 ml\"}]},{\"@type\":\"WebSite\",\"@id\":\"https:\\\/\\\/vivasan-shop.com\\\/#website\",\"url\":\"https:\\\/\\\/vivasan-shop.com\\\/\",\"name\":\"Vivasan\",\"description\":\"\",\"publisher\":{\"@id\":\"https:\\\/\\\/vivasan-shop.com\\\/#organization\"},\"potentialAction\":[{\"@type\":\"SearchAction\",\"target\":{\"@type\":\"EntryPoint\",\"urlTemplate\":\"https:\\\/\\\/vivasan-shop.com\\\/?s={search_term_string}\"},\"query-input\":{\"@type\":\"PropertyValueSpecification\",\"valueRequired\":true,\"valueName\":\"search_term_string\"}}],\"inLanguage\":\"cs\"},{\"@type\":\"Organization\",\"@id\":\"https:\\\/\\\/vivasan-shop.com\\\/#organization\",\"name\":\"Vivasan\",\"url\":\"https:\\\/\\\/vivasan-shop.com\\\/\",\"logo\":{\"@type\":\"ImageObject\",\"inLanguage\":\"cs\",\"@id\":\"https:\\\/\\\/vivasan-shop.com\\\/#\\\/schema\\\/logo\\\/image\\\/\",\"url\":\"https:\\\/\\\/vivasan-shop.com\\\/wp-content\\\/uploads\\\/2025\\\/07\\\/photo_2025-07-05_23-33-41.jpg\",\"contentUrl\":\"https:\\\/\\\/vivasan-shop.com\\\/wp-content\\\/uploads\\\/2025\\\/07\\\/photo_2025-07-05_23-33-41.jpg\",\"width\":1080,\"height\":608,\"caption\":\"Vivasan\"},\"image\":{\"@id\":\"https:\\\/\\\/vivasan-shop.com\\\/#\\\/schema\\\/logo\\\/image\\\/\"}}]}<\/script>\n<!-- \/ Yoast SEO plugin. -->","yoast_head_json":{"title":"Face cream Calendula Anti-Irritation, 50 ml - vivasan-shop.com","robots":{"index":"index","follow":"follow","max-snippet":"max-snippet:-1","max-image-preview":"max-image-preview:large","max-video-preview":"max-video-preview:-1"},"canonical":"https:\/\/vivasan-shop.com\/cs\/shop\/beauty\/face-care\/face-cream-calendula-anti-irritation-50-ml\/","og_locale":"cs_CZ","og_type":"article","og_title":"Face cream Calendula Anti-Irritation, 50 ml - vivasan-shop.com","og_description":"Face cream with marigold and centella asiatica extract, shea butter, sweet almond oil, vitamin C, B3 and hyaluronic acid nourishes and hydrates your skin while reducing redness. Particularly suited to sensitive and problematic skin. Skin care supporting vitamin E and Squalene also help protect sensitive skin from the signs of premature aging.    Made in Switzerland.  &nbsp;","og_url":"https:\/\/vivasan-shop.com\/cs\/shop\/beauty\/face-care\/face-cream-calendula-anti-irritation-50-ml\/","og_site_name":"vivasan-shop.com","article_modified_time":"2025-08-11T16:06:37+00:00","og_image":[{"width":715,"height":349,"url":"https:\/\/vivasan-shop.com\/wp-content\/uploads\/2025\/09\/photo_2025-09-04_15-07-27-removebg-preview.png","type":"image\/png"}],"twitter_card":"summary_large_image","twitter_misc":{"Odhadovan\u00e1 doba \u010dten\u00ed":"1 minuta"},"schema":{"@context":"https:\/\/schema.org","@graph":[{"@type":["WebPage","ItemPage"],"@id":"https:\/\/vivasan-shop.com\/shop\/beauty\/face-care\/face-cream-calendula-anti-irritation-50-ml\/","url":"https:\/\/vivasan-shop.com\/shop\/beauty\/face-care\/face-cream-calendula-anti-irritation-50-ml\/","name":"Face cream Calendula Anti-Irritation, 50 ml - vivasan-shop.com","isPartOf":{"@id":"https:\/\/vivasan-shop.com\/#website"},"primaryImageOfPage":{"@id":"https:\/\/vivasan-shop.com\/shop\/beauty\/face-care\/face-cream-calendula-anti-irritation-50-ml\/#primaryimage"},"image":{"@id":"https:\/\/vivasan-shop.com\/shop\/beauty\/face-care\/face-cream-calendula-anti-irritation-50-ml\/#primaryimage"},"thumbnailUrl":"https:\/\/vivasan-shop.com\/wp-content\/uploads\/2025\/06\/vivasan.club-20210907-2030-45953086.avif","datePublished":"2025-06-20T14:48:00+00:00","dateModified":"2025-08-11T16:06:37+00:00","breadcrumb":{"@id":"https:\/\/vivasan-shop.com\/shop\/beauty\/face-care\/face-cream-calendula-anti-irritation-50-ml\/#breadcrumb"},"inLanguage":"cs","potentialAction":[{"@type":"ReadAction","target":["https:\/\/vivasan-shop.com\/shop\/beauty\/face-care\/face-cream-calendula-anti-irritation-50-ml\/"]}]},{"@type":"ImageObject","inLanguage":"cs","@id":"https:\/\/vivasan-shop.com\/shop\/beauty\/face-care\/face-cream-calendula-anti-irritation-50-ml\/#primaryimage","url":"https:\/\/vivasan-shop.com\/wp-content\/uploads\/2025\/06\/vivasan.club-20210907-2030-45953086.avif","contentUrl":"https:\/\/vivasan-shop.com\/wp-content\/uploads\/2025\/06\/vivasan.club-20210907-2030-45953086.avif"},{"@type":"BreadcrumbList","@id":"https:\/\/vivasan-shop.com\/shop\/beauty\/face-care\/face-cream-calendula-anti-irritation-50-ml\/#breadcrumb","itemListElement":[{"@type":"ListItem","position":1,"name":"Home","item":"https:\/\/vivasan-shop.com\/"},{"@type":"ListItem","position":2,"name":"Shop","item":"https:\/\/vivasan-shop.com\/shop\/"},{"@type":"ListItem","position":3,"name":"Face cream Calendula Anti-Irritation, 50 ml"}]},{"@type":"WebSite","@id":"https:\/\/vivasan-shop.com\/#website","url":"https:\/\/vivasan-shop.com\/","name":"Vivasan","description":"","publisher":{"@id":"https:\/\/vivasan-shop.com\/#organization"},"potentialAction":[{"@type":"SearchAction","target":{"@type":"EntryPoint","urlTemplate":"https:\/\/vivasan-shop.com\/?s={search_term_string}"},"query-input":{"@type":"PropertyValueSpecification","valueRequired":true,"valueName":"search_term_string"}}],"inLanguage":"cs"},{"@type":"Organization","@id":"https:\/\/vivasan-shop.com\/#organization","name":"Vivasan","url":"https:\/\/vivasan-shop.com\/","logo":{"@type":"ImageObject","inLanguage":"cs","@id":"https:\/\/vivasan-shop.com\/#\/schema\/logo\/image\/","url":"https:\/\/vivasan-shop.com\/wp-content\/uploads\/2025\/07\/photo_2025-07-05_23-33-41.jpg","contentUrl":"https:\/\/vivasan-shop.com\/wp-content\/uploads\/2025\/07\/photo_2025-07-05_23-33-41.jpg","width":1080,"height":608,"caption":"Vivasan"},"image":{"@id":"https:\/\/vivasan-shop.com\/#\/schema\/logo\/image\/"}}]}},"_links":{"self":[{"href":"https:\/\/vivasan-shop.com\/cs\/wp-json\/wp\/v2\/product\/1486","targetHints":{"allow":["GET"]}}],"collection":[{"href":"https:\/\/vivasan-shop.com\/cs\/wp-json\/wp\/v2\/product"}],"about":[{"href":"https:\/\/vivasan-shop.com\/cs\/wp-json\/wp\/v2\/types\/product"}],"replies":[{"embeddable":true,"href":"https:\/\/vivasan-shop.com\/cs\/wp-json\/wp\/v2\/comments?post=1486"}],"version-history":[{"count":1,"href":"https:\/\/vivasan-shop.com\/cs\/wp-json\/wp\/v2\/product\/1486\/revisions"}],"predecessor-version":[{"id":1488,"href":"https:\/\/vivasan-shop.com\/cs\/wp-json\/wp\/v2\/product\/1486\/revisions\/1488"}],"wp:featuredmedia":[{"embeddable":true,"href":"https:\/\/vivasan-shop.com\/cs\/wp-json\/wp\/v2\/media\/1487"}],"wp:attachment":[{"href":"https:\/\/vivasan-shop.com\/cs\/wp-json\/wp\/v2\/media?parent=1486"}],"wp:term":[{"taxonomy":"product_brand","embeddable":true,"href":"https:\/\/vivasan-shop.com\/cs\/wp-json\/wp\/v2\/product_brand?post=1486"},{"taxonomy":"product_cat","embeddable":true,"href":"https:\/\/vivasan-shop.com\/cs\/wp-json\/wp\/v2\/product_cat?post=1486"},{"taxonomy":"product_tag","embeddable":true,"href":"https:\/\/vivasan-shop.com\/cs\/wp-json\/wp\/v2\/product_tag?post=1486"}],"curies":[{"name":"wp","href":"https:\/\/api.w.org\/{rel}","templated":true}]}}