{"id":1489,"date":"2025-06-20T14:49:00","date_gmt":"2025-06-20T14:49:00","guid":{"rendered":"https:\/\/vivasan-shop.com\/?post_type=product&#038;p=1489"},"modified":"2025-08-11T16:06:37","modified_gmt":"2025-08-11T16:06:37","slug":"face-oil-secret-of-serenity-30-ml","status":"publish","type":"product","link":"https:\/\/vivasan-shop.com\/cs\/shop\/beauty\/face-care\/face-oil-secret-of-serenity-30-ml\/","title":{"rendered":"Ple\u0165ov\u00fd olej Tajemstv\u00ed klidu, 30 ml"},"content":{"rendered":"<p>Viva Beauty Facial Oil \u201cSecret of serenity\u201d is a universal tool for caring for all skin types. Thanks to the unique recipe, the oil\u00a0it has not only an anti-aging effect, but also helps to reduce irritation and redness of the skin, prevents the appearance of pigmentation. In addition, the oil moisturizes, nourishes and smoothes the skin. Due to the combination of valuable components, it neutralizes free radicals and reduces the risk of damage to skin cells.<\/p>\n<ul>\n<li>Produced in Switzerland.<\/li>\n<li><a href=\"http:\/\/www.swisscos.swiss\/\" target=\"_blank\" rel=\"noopener\">Swiss Guarantee COS<\/a>.<\/li>\n<li>Paraben-free.<\/li>\n<li>Dermatologically tested.<\/li>\n<\/ul>\n<p>Premium facial oil \u201cSecret of Serenity\u201d. Moisturizing\u00a0anti-aging facial care for dry, normal and\u00a0combination skin. Protects against free radicals, softens\u00a0wrinkles and age spots. Experience the magnificent effects\u00a0of this unique day and night oil. Prevents the appearance of pigmentation.<\/p>\n<h3>Active ingredients:<\/h3>\n<ul>\n<li><strong>Acai oil:<\/strong>\u00a0cold-pressed acai berry oil-works wonders in the fight against\u00a0skin aging. It contains a large amount of powerful\u00a0antioxidants and polyphenols, as well as a rich and\u00a0highly effective combination of \u00a0omega-3, -6 and -9 fatty acids, as well as phytosterols and anthocyanins, such as\u00a0cyanidin-3-O-glucoside and cyanidin-3-O-rutinoside.<\/li>\n<li><strong>Nonsense squalane:<\/strong>\u00a0obtained from high-quality olive\u00a0oil, is similar to human skin fat. Light, odorless, does not\u00a0cause the formation of comedones. It is suitable for all skin types,\u00a0moisturizes and helps to fight the signs of aging.<\/li>\n<li><strong>Edelweiss extract in almond oil:<\/strong>\u00a0the unique combination of antioxidants makes products with edelweiss extract attractive in five parameters: Edelweiss has an effective anti-aging effect, and also, thanks to the tannins and\u00a0chlorogenic acids contained, prevents the formation of harmful free radicals. Edelweiss shows the effect of antihyaluronidase and anti-collagenase. Hyaluronidases are enzymes that decompose hyaluronic acid , an important component of connective tissue. Edelweiss extract prevents the breakdown of hyaluronic acid, the deficiency of which leads to a deterioration of the skin color and the appearance of age-related age spots. Edelweiss improves blood circulation and increases the level of oxygen in the blood. Edelweiss with the help of flavonoids and antioxidants protects the skin from the effects of harmful solar radiation. Edelweiss has anti-inflammatory and antibacterial properties due to the content of phytosterol and, in particular, sitosterol.<\/li>\n<li><strong>Lipodermol:<\/strong>\u00a0it is a mixture of skin-active lipids with lecithin,\u00a0vitamins A and E and essential fatty acids. It enhances\u00a0the barrier function of the skin and regenerates dry, flaky,\u00a0flabby skin.<\/li>\n<li><strong>Calparian based on Alaria Esculenta Extract:<\/strong>\u00a0calparian is a natural multiactive ingredient widely\u00a0used in cosmetics. Increases the strength and elasticity of the skin.\u00a0The skin becomes taut and elastic.<\/li>\n<li><strong>Jojoba oil:<\/strong>\u00a0it has strong moisturizing properties, is able to optimally\u00a0nourish dry skin with moisture, smoothes fine wrinkles. The high\u00a0content of antioxidants in the oil helps the skin to fight\u00a0free radicals. Another great feature of the oil\u00a0is that it is suitable for all skin types.<\/li>\n<\/ul>\n<p><strong>Usage:<\/strong>\u00a0Apply a few drops of oil to cleansed skin and massage.\u00a0Depending on the needs of your skin, the oil can be use alone or in combination with the usual day or night care.<\/p>","protected":false},"excerpt":{"rendered":"<div class=\"woocommerce-product-details__short-description\">\n<div class=\"woocommerce-product-details__short-description\">\n<p>Premium facial oil \u201cSecret of Serenity\u201d. Moisturizing\u00a0anti-aging facial care for dry, normal and\u00a0combination skin. Protects against free radicals, softens\u00a0wrinkles and age spots. Experience the magnificent effects\u00a0of this unique day and night oil. Prevents the appearance of pigmentation.<\/p>\n<p>Vyrobeno ve \u0160v\u00fdcarsku.<\/p>\n<div class=\"woocommerce-product-details__short-description\">\n<div class=\"woocommerce-product-details__short-description\">\n<p>&nbsp;<\/p>\n<\/div>\n<div class=\"vivasan-product-icons\"><img loading=\"lazy\" decoding=\"async\" class=\"product_icon\" title=\"Made in Switzerland\" src=\"https:\/\/vivasan.club\/assets\/images\/product-icons\/swiss.svg?v=2\" alt=\"Made in Switzerland\" width=\"40\" height=\"40\" \/><img loading=\"lazy\" decoding=\"async\" class=\"product_icon\" title=\"Swiss Guarantee COS\" src=\"https:\/\/vivasan.club\/assets\/images\/product-icons\/swisscos.svg?v=2\" alt=\"Swiss Guarantee COS\" width=\"40\" height=\"40\" \/><img loading=\"lazy\" decoding=\"async\" class=\"product_icon\" title=\"GMP Certified\" src=\"https:\/\/vivasan.club\/assets\/images\/product-icons\/gmp.svg?v=2\" alt=\"GMP Certified\" width=\"40\" height=\"40\" \/><img loading=\"lazy\" decoding=\"async\" class=\"product_icon\" title=\"Cruelty-free\" src=\"https:\/\/vivasan.club\/assets\/images\/product-icons\/crueltyfree.svg?v=2\" alt=\"Cruelty-free\" width=\"40\" height=\"40\" \/><\/div>\n<\/div>\n<\/div>\n<\/div>","protected":false},"featured_media":1490,"comment_status":"open","ping_status":"closed","template":"","meta":{"_acf_changed":false},"product_brand":[85],"product_cat":[62,65],"product_tag":[],"class_list":{"0":"post-1489","1":"product","2":"type-product","3":"status-publish","4":"has-post-thumbnail","6":"product_brand-vivasan","7":"product_cat-beauty","8":"product_cat-face-care","10":"first","11":"instock","12":"shipping-taxable","13":"purchasable","14":"product-type-simple"},"acf":[],"yoast_head":"<!-- This site is optimized with the Yoast SEO plugin v27.3 - https:\/\/yoast.com\/product\/yoast-seo-wordpress\/ -->\n<title>Face oil Secret of Serenity, 30 ml - vivasan-shop.com<\/title>\n<meta name=\"robots\" content=\"index, follow, max-snippet:-1, max-image-preview:large, max-video-preview:-1\" \/>\n<link rel=\"canonical\" href=\"https:\/\/vivasan-shop.com\/cs\/shop\/beauty\/face-care\/face-oil-secret-of-serenity-30-ml\/\" \/>\n<meta property=\"og:locale\" content=\"cs_CZ\" \/>\n<meta property=\"og:type\" content=\"article\" \/>\n<meta property=\"og:title\" content=\"Face oil Secret of Serenity, 30 ml - vivasan-shop.com\" \/>\n<meta property=\"og:description\" content=\"Premium facial oil \u201cSecret of Serenity\u201d. Moisturizing\u00a0anti-aging facial care for dry, normal and\u00a0combination skin. Protects against free radicals, softens\u00a0wrinkles and age spots. Experience the magnificent effects\u00a0of this unique day and night oil. Prevents the appearance of pigmentation.  Made in Switzerland.    &nbsp;\" \/>\n<meta property=\"og:url\" content=\"https:\/\/vivasan-shop.com\/cs\/shop\/beauty\/face-care\/face-oil-secret-of-serenity-30-ml\/\" \/>\n<meta property=\"og:site_name\" content=\"vivasan-shop.com\" \/>\n<meta property=\"article:modified_time\" content=\"2025-08-11T16:06:37+00:00\" \/>\n<meta property=\"og:image\" content=\"https:\/\/vivasan-shop.com\/wp-content\/uploads\/2025\/09\/photo_2025-09-04_15-07-27-removebg-preview.png\" \/>\n\t<meta property=\"og:image:width\" content=\"715\" \/>\n\t<meta property=\"og:image:height\" content=\"349\" \/>\n\t<meta property=\"og:image:type\" content=\"image\/png\" \/>\n<meta name=\"twitter:card\" content=\"summary_large_image\" \/>\n<meta name=\"twitter:label1\" content=\"Odhadovan\u00e1 doba \u010dten\u00ed\" \/>\n\t<meta name=\"twitter:data1\" content=\"1 minuta\" \/>\n<script type=\"application\/ld+json\" class=\"yoast-schema-graph\">{\"@context\":\"https:\\\/\\\/schema.org\",\"@graph\":[{\"@type\":[\"WebPage\",\"ItemPage\"],\"@id\":\"https:\\\/\\\/vivasan-shop.com\\\/shop\\\/beauty\\\/face-care\\\/face-oil-secret-of-serenity-30-ml\\\/\",\"url\":\"https:\\\/\\\/vivasan-shop.com\\\/shop\\\/beauty\\\/face-care\\\/face-oil-secret-of-serenity-30-ml\\\/\",\"name\":\"Face oil Secret of Serenity, 30 ml - vivasan-shop.com\",\"isPartOf\":{\"@id\":\"https:\\\/\\\/vivasan-shop.com\\\/#website\"},\"primaryImageOfPage\":{\"@id\":\"https:\\\/\\\/vivasan-shop.com\\\/shop\\\/beauty\\\/face-care\\\/face-oil-secret-of-serenity-30-ml\\\/#primaryimage\"},\"image\":{\"@id\":\"https:\\\/\\\/vivasan-shop.com\\\/shop\\\/beauty\\\/face-care\\\/face-oil-secret-of-serenity-30-ml\\\/#primaryimage\"},\"thumbnailUrl\":\"https:\\\/\\\/vivasan-shop.com\\\/wp-content\\\/uploads\\\/2025\\\/06\\\/vivasan.club-20210809-2332-46524794.avif\",\"datePublished\":\"2025-06-20T14:49:00+00:00\",\"dateModified\":\"2025-08-11T16:06:37+00:00\",\"breadcrumb\":{\"@id\":\"https:\\\/\\\/vivasan-shop.com\\\/shop\\\/beauty\\\/face-care\\\/face-oil-secret-of-serenity-30-ml\\\/#breadcrumb\"},\"inLanguage\":\"cs\",\"potentialAction\":[{\"@type\":\"ReadAction\",\"target\":[\"https:\\\/\\\/vivasan-shop.com\\\/shop\\\/beauty\\\/face-care\\\/face-oil-secret-of-serenity-30-ml\\\/\"]}]},{\"@type\":\"ImageObject\",\"inLanguage\":\"cs\",\"@id\":\"https:\\\/\\\/vivasan-shop.com\\\/shop\\\/beauty\\\/face-care\\\/face-oil-secret-of-serenity-30-ml\\\/#primaryimage\",\"url\":\"https:\\\/\\\/vivasan-shop.com\\\/wp-content\\\/uploads\\\/2025\\\/06\\\/vivasan.club-20210809-2332-46524794.avif\",\"contentUrl\":\"https:\\\/\\\/vivasan-shop.com\\\/wp-content\\\/uploads\\\/2025\\\/06\\\/vivasan.club-20210809-2332-46524794.avif\"},{\"@type\":\"BreadcrumbList\",\"@id\":\"https:\\\/\\\/vivasan-shop.com\\\/shop\\\/beauty\\\/face-care\\\/face-oil-secret-of-serenity-30-ml\\\/#breadcrumb\",\"itemListElement\":[{\"@type\":\"ListItem\",\"position\":1,\"name\":\"Home\",\"item\":\"https:\\\/\\\/vivasan-shop.com\\\/\"},{\"@type\":\"ListItem\",\"position\":2,\"name\":\"Shop\",\"item\":\"https:\\\/\\\/vivasan-shop.com\\\/shop\\\/\"},{\"@type\":\"ListItem\",\"position\":3,\"name\":\"Face oil Secret of Serenity, 30 ml\"}]},{\"@type\":\"WebSite\",\"@id\":\"https:\\\/\\\/vivasan-shop.com\\\/#website\",\"url\":\"https:\\\/\\\/vivasan-shop.com\\\/\",\"name\":\"Vivasan\",\"description\":\"\",\"publisher\":{\"@id\":\"https:\\\/\\\/vivasan-shop.com\\\/#organization\"},\"potentialAction\":[{\"@type\":\"SearchAction\",\"target\":{\"@type\":\"EntryPoint\",\"urlTemplate\":\"https:\\\/\\\/vivasan-shop.com\\\/?s={search_term_string}\"},\"query-input\":{\"@type\":\"PropertyValueSpecification\",\"valueRequired\":true,\"valueName\":\"search_term_string\"}}],\"inLanguage\":\"cs\"},{\"@type\":\"Organization\",\"@id\":\"https:\\\/\\\/vivasan-shop.com\\\/#organization\",\"name\":\"Vivasan\",\"url\":\"https:\\\/\\\/vivasan-shop.com\\\/\",\"logo\":{\"@type\":\"ImageObject\",\"inLanguage\":\"cs\",\"@id\":\"https:\\\/\\\/vivasan-shop.com\\\/#\\\/schema\\\/logo\\\/image\\\/\",\"url\":\"https:\\\/\\\/vivasan-shop.com\\\/wp-content\\\/uploads\\\/2025\\\/07\\\/photo_2025-07-05_23-33-41.jpg\",\"contentUrl\":\"https:\\\/\\\/vivasan-shop.com\\\/wp-content\\\/uploads\\\/2025\\\/07\\\/photo_2025-07-05_23-33-41.jpg\",\"width\":1080,\"height\":608,\"caption\":\"Vivasan\"},\"image\":{\"@id\":\"https:\\\/\\\/vivasan-shop.com\\\/#\\\/schema\\\/logo\\\/image\\\/\"}}]}<\/script>\n<!-- \/ Yoast SEO plugin. -->","yoast_head_json":{"title":"Face oil Secret of Serenity, 30 ml - vivasan-shop.com","robots":{"index":"index","follow":"follow","max-snippet":"max-snippet:-1","max-image-preview":"max-image-preview:large","max-video-preview":"max-video-preview:-1"},"canonical":"https:\/\/vivasan-shop.com\/cs\/shop\/beauty\/face-care\/face-oil-secret-of-serenity-30-ml\/","og_locale":"cs_CZ","og_type":"article","og_title":"Face oil Secret of Serenity, 30 ml - vivasan-shop.com","og_description":"Premium facial oil \u201cSecret of Serenity\u201d. Moisturizing\u00a0anti-aging facial care for dry, normal and\u00a0combination skin. Protects against free radicals, softens\u00a0wrinkles and age spots. Experience the magnificent effects\u00a0of this unique day and night oil. Prevents the appearance of pigmentation.  Made in Switzerland.    &nbsp;","og_url":"https:\/\/vivasan-shop.com\/cs\/shop\/beauty\/face-care\/face-oil-secret-of-serenity-30-ml\/","og_site_name":"vivasan-shop.com","article_modified_time":"2025-08-11T16:06:37+00:00","og_image":[{"width":715,"height":349,"url":"https:\/\/vivasan-shop.com\/wp-content\/uploads\/2025\/09\/photo_2025-09-04_15-07-27-removebg-preview.png","type":"image\/png"}],"twitter_card":"summary_large_image","twitter_misc":{"Odhadovan\u00e1 doba \u010dten\u00ed":"1 minuta"},"schema":{"@context":"https:\/\/schema.org","@graph":[{"@type":["WebPage","ItemPage"],"@id":"https:\/\/vivasan-shop.com\/shop\/beauty\/face-care\/face-oil-secret-of-serenity-30-ml\/","url":"https:\/\/vivasan-shop.com\/shop\/beauty\/face-care\/face-oil-secret-of-serenity-30-ml\/","name":"Face oil Secret of Serenity, 30 ml - vivasan-shop.com","isPartOf":{"@id":"https:\/\/vivasan-shop.com\/#website"},"primaryImageOfPage":{"@id":"https:\/\/vivasan-shop.com\/shop\/beauty\/face-care\/face-oil-secret-of-serenity-30-ml\/#primaryimage"},"image":{"@id":"https:\/\/vivasan-shop.com\/shop\/beauty\/face-care\/face-oil-secret-of-serenity-30-ml\/#primaryimage"},"thumbnailUrl":"https:\/\/vivasan-shop.com\/wp-content\/uploads\/2025\/06\/vivasan.club-20210809-2332-46524794.avif","datePublished":"2025-06-20T14:49:00+00:00","dateModified":"2025-08-11T16:06:37+00:00","breadcrumb":{"@id":"https:\/\/vivasan-shop.com\/shop\/beauty\/face-care\/face-oil-secret-of-serenity-30-ml\/#breadcrumb"},"inLanguage":"cs","potentialAction":[{"@type":"ReadAction","target":["https:\/\/vivasan-shop.com\/shop\/beauty\/face-care\/face-oil-secret-of-serenity-30-ml\/"]}]},{"@type":"ImageObject","inLanguage":"cs","@id":"https:\/\/vivasan-shop.com\/shop\/beauty\/face-care\/face-oil-secret-of-serenity-30-ml\/#primaryimage","url":"https:\/\/vivasan-shop.com\/wp-content\/uploads\/2025\/06\/vivasan.club-20210809-2332-46524794.avif","contentUrl":"https:\/\/vivasan-shop.com\/wp-content\/uploads\/2025\/06\/vivasan.club-20210809-2332-46524794.avif"},{"@type":"BreadcrumbList","@id":"https:\/\/vivasan-shop.com\/shop\/beauty\/face-care\/face-oil-secret-of-serenity-30-ml\/#breadcrumb","itemListElement":[{"@type":"ListItem","position":1,"name":"Home","item":"https:\/\/vivasan-shop.com\/"},{"@type":"ListItem","position":2,"name":"Shop","item":"https:\/\/vivasan-shop.com\/shop\/"},{"@type":"ListItem","position":3,"name":"Face oil Secret of Serenity, 30 ml"}]},{"@type":"WebSite","@id":"https:\/\/vivasan-shop.com\/#website","url":"https:\/\/vivasan-shop.com\/","name":"Vivasan","description":"","publisher":{"@id":"https:\/\/vivasan-shop.com\/#organization"},"potentialAction":[{"@type":"SearchAction","target":{"@type":"EntryPoint","urlTemplate":"https:\/\/vivasan-shop.com\/?s={search_term_string}"},"query-input":{"@type":"PropertyValueSpecification","valueRequired":true,"valueName":"search_term_string"}}],"inLanguage":"cs"},{"@type":"Organization","@id":"https:\/\/vivasan-shop.com\/#organization","name":"Vivasan","url":"https:\/\/vivasan-shop.com\/","logo":{"@type":"ImageObject","inLanguage":"cs","@id":"https:\/\/vivasan-shop.com\/#\/schema\/logo\/image\/","url":"https:\/\/vivasan-shop.com\/wp-content\/uploads\/2025\/07\/photo_2025-07-05_23-33-41.jpg","contentUrl":"https:\/\/vivasan-shop.com\/wp-content\/uploads\/2025\/07\/photo_2025-07-05_23-33-41.jpg","width":1080,"height":608,"caption":"Vivasan"},"image":{"@id":"https:\/\/vivasan-shop.com\/#\/schema\/logo\/image\/"}}]}},"_links":{"self":[{"href":"https:\/\/vivasan-shop.com\/cs\/wp-json\/wp\/v2\/product\/1489","targetHints":{"allow":["GET"]}}],"collection":[{"href":"https:\/\/vivasan-shop.com\/cs\/wp-json\/wp\/v2\/product"}],"about":[{"href":"https:\/\/vivasan-shop.com\/cs\/wp-json\/wp\/v2\/types\/product"}],"replies":[{"embeddable":true,"href":"https:\/\/vivasan-shop.com\/cs\/wp-json\/wp\/v2\/comments?post=1489"}],"version-history":[{"count":1,"href":"https:\/\/vivasan-shop.com\/cs\/wp-json\/wp\/v2\/product\/1489\/revisions"}],"predecessor-version":[{"id":1491,"href":"https:\/\/vivasan-shop.com\/cs\/wp-json\/wp\/v2\/product\/1489\/revisions\/1491"}],"wp:featuredmedia":[{"embeddable":true,"href":"https:\/\/vivasan-shop.com\/cs\/wp-json\/wp\/v2\/media\/1490"}],"wp:attachment":[{"href":"https:\/\/vivasan-shop.com\/cs\/wp-json\/wp\/v2\/media?parent=1489"}],"wp:term":[{"taxonomy":"product_brand","embeddable":true,"href":"https:\/\/vivasan-shop.com\/cs\/wp-json\/wp\/v2\/product_brand?post=1489"},{"taxonomy":"product_cat","embeddable":true,"href":"https:\/\/vivasan-shop.com\/cs\/wp-json\/wp\/v2\/product_cat?post=1489"},{"taxonomy":"product_tag","embeddable":true,"href":"https:\/\/vivasan-shop.com\/cs\/wp-json\/wp\/v2\/product_tag?post=1489"}],"curies":[{"name":"wp","href":"https:\/\/api.w.org\/{rel}","templated":true}]}}