{"id":1495,"date":"2025-06-20T14:53:00","date_gmt":"2025-06-20T14:53:00","guid":{"rendered":"https:\/\/vivasan-shop.com\/?post_type=product&#038;p=1495"},"modified":"2025-08-11T16:06:37","modified_gmt":"2025-08-11T16:06:37","slug":"hair-silk-masque-with-golden-millet-extract-biotin-and-silk-protein","status":"publish","type":"product","link":"https:\/\/vivasan-shop.com\/cs\/shop\/beauty\/hair-care\/hair-silk-masque-with-golden-millet-extract-biotin-and-silk-protein\/","title":{"rendered":"Hedv\u00e1bn\u00e1 maska \u200b\u200bna vlasy s extraktem ze zlat\u00e9ho prosa, biotinem a hedv\u00e1bn\u00fdmi proteiny"},"content":{"rendered":"<p>Sanotint Silk masque with silk protein pH 3.5-4\u00a0for hair with golden millet extract and silk protein. This mask penetrates deep into the hair fibres and helps to smooth wisps, split ends. Suitable for all hair types. Suitable for everyday use. Antistatic, improves combing, smoothing the rough surface of damaged hair fibre. A real beauty treatment for an incredible result in shiny, easy to manage and less breakage from brushing. Thanks to its smoothing agents that nourish and protect the hair without weighing it down, this Silk masque blankets the hair fibre preventing split ends. The hair will be nurtured and protected by a special film from pollution and humidity. Intensely conditioning, it leaves the hair soft, glossy and silky. Nourishes your hair to protect from split ends.<\/p>\n<ul>\n<li>Ammonia free<\/li>\n<li>Parabens free<\/li>\n<li>Formaldehyde free<\/li>\n<li>Preservatives free<\/li>\n<li>Paraffin free<\/li>\n<li>Silicon free<\/li>\n<li>No Animal Testing<\/li>\n<li>GMO (Genetically Modified Organisms) free<\/li>\n<li>No Added Metals<\/li>\n<li>No Derivatives of Animal Origin<\/li>\n<li>Dermatologically tested and Nickel tested<\/li>\n<li>SPF 15<\/li>\n<li>Volume 200 ml<\/li>\n<\/ul>\n<p>After Shampoo based on Golden Millet, Biotin and Silk proteins. This intensive, nourishing, restructuring, silk effect treatment is a real beauty pack for an amazing result: immediately shiny, soft and easy to comb hair. Thanks to Millet extract and Silk proteins, this incredibly light mask strengthens the hair, which immediately regains vigor and texture. It acts in depth and corrects the hair structure without weighing it down. The active substances close the hair scales, weld the split ends in a natural way preventing them from reforming. It protects against external aggressions such as smog and humidity.<\/p>\n<h3>Usage<\/h3>\n<p>After shampooing apply a small quantity, approximately 1 to 2 palms on towel dried hair. Leave in for a few minutes then carefully rinse. Avoid contact with eyes. Always read the label. Keep out of reach of children. For all hair types.<\/p>\n<p><strong>Product Composition:<\/strong>\u00a0Oil Extract of Millet, Calcium Pantothenate, Biotin and Silk Protein<\/p>","protected":false},"excerpt":{"rendered":"<div class=\"woocommerce-product-details__short-description\">\n<div class=\"woocommerce-product-details__short-description\">\n<p>After Shampoo based on Golden Millet, Biotin and Silk proteins. This intensive, nourishing, restructuring, silk effect treatment is a real beauty pack for an amazing result: immediately shiny, soft and easy to comb hair. Thanks to Millet extract and Silk proteins, this incredibly light mask strengthens the hair, which immediately regains vigor and texture. It acts in depth and corrects the hair structure without weighing it down. The active substances close the hair scales, weld the split ends in a natural way preventing them from reforming. It protects against external aggressions such as smog and humidity.<\/p>\n<\/div>\n<\/div>","protected":false},"featured_media":1496,"comment_status":"open","ping_status":"closed","template":"","meta":{"_acf_changed":false},"product_brand":[84],"product_cat":[62,67,74],"product_tag":[],"class_list":{"0":"post-1495","1":"product","2":"type-product","3":"status-publish","4":"has-post-thumbnail","6":"product_brand-sanotint","7":"product_cat-beauty","8":"product_cat-hair-care","9":"product_cat-series","11":"first","12":"instock","13":"shipping-taxable","14":"purchasable","15":"product-type-simple"},"acf":[],"yoast_head":"<!-- This site is optimized with the Yoast SEO plugin v27.3 - https:\/\/yoast.com\/product\/yoast-seo-wordpress\/ -->\n<title>Hair Silk Masque with Golden Millet extract Biotin and Silk protein - vivasan-shop.com<\/title>\n<meta name=\"robots\" content=\"index, follow, max-snippet:-1, max-image-preview:large, max-video-preview:-1\" \/>\n<link rel=\"canonical\" href=\"https:\/\/vivasan-shop.com\/cs\/shop\/beauty\/hair-care\/hair-silk-masque-with-golden-millet-extract-biotin-and-silk-protein\/\" \/>\n<meta property=\"og:locale\" content=\"cs_CZ\" \/>\n<meta property=\"og:type\" content=\"article\" \/>\n<meta property=\"og:title\" content=\"Hair Silk Masque with Golden Millet extract Biotin and Silk protein - vivasan-shop.com\" \/>\n<meta property=\"og:description\" content=\"After Shampoo based on Golden Millet, Biotin and Silk proteins. This intensive, nourishing, restructuring, silk effect treatment is a real beauty pack for an amazing result: immediately shiny, soft and easy to comb hair. Thanks to Millet extract and Silk proteins, this incredibly light mask strengthens the hair, which immediately regains vigor and texture. It acts in depth and corrects the hair structure without weighing it down. The active substances close the hair scales, weld the split ends in a natural way preventing them from reforming. It protects against external aggressions such as smog and humidity.\" \/>\n<meta property=\"og:url\" content=\"https:\/\/vivasan-shop.com\/cs\/shop\/beauty\/hair-care\/hair-silk-masque-with-golden-millet-extract-biotin-and-silk-protein\/\" \/>\n<meta property=\"og:site_name\" content=\"vivasan-shop.com\" \/>\n<meta property=\"article:modified_time\" content=\"2025-08-11T16:06:37+00:00\" \/>\n<meta property=\"og:image\" content=\"https:\/\/vivasan-shop.com\/wp-content\/uploads\/2025\/09\/photo_2025-09-04_15-07-27-removebg-preview.png\" \/>\n\t<meta property=\"og:image:width\" content=\"715\" \/>\n\t<meta property=\"og:image:height\" content=\"349\" \/>\n\t<meta property=\"og:image:type\" content=\"image\/png\" \/>\n<meta name=\"twitter:card\" content=\"summary_large_image\" \/>\n<meta name=\"twitter:label1\" content=\"Odhadovan\u00e1 doba \u010dten\u00ed\" \/>\n\t<meta name=\"twitter:data1\" content=\"1 minuta\" \/>\n<script type=\"application\/ld+json\" class=\"yoast-schema-graph\">{\"@context\":\"https:\\\/\\\/schema.org\",\"@graph\":[{\"@type\":[\"WebPage\",\"ItemPage\"],\"@id\":\"https:\\\/\\\/vivasan-shop.com\\\/shop\\\/beauty\\\/hair-care\\\/hair-silk-masque-with-golden-millet-extract-biotin-and-silk-protein\\\/\",\"url\":\"https:\\\/\\\/vivasan-shop.com\\\/shop\\\/beauty\\\/hair-care\\\/hair-silk-masque-with-golden-millet-extract-biotin-and-silk-protein\\\/\",\"name\":\"Hair Silk Masque with Golden Millet extract Biotin and Silk protein - vivasan-shop.com\",\"isPartOf\":{\"@id\":\"https:\\\/\\\/vivasan-shop.com\\\/#website\"},\"primaryImageOfPage\":{\"@id\":\"https:\\\/\\\/vivasan-shop.com\\\/shop\\\/beauty\\\/hair-care\\\/hair-silk-masque-with-golden-millet-extract-biotin-and-silk-protein\\\/#primaryimage\"},\"image\":{\"@id\":\"https:\\\/\\\/vivasan-shop.com\\\/shop\\\/beauty\\\/hair-care\\\/hair-silk-masque-with-golden-millet-extract-biotin-and-silk-protein\\\/#primaryimage\"},\"thumbnailUrl\":\"https:\\\/\\\/vivasan-shop.com\\\/wp-content\\\/uploads\\\/2025\\\/06\\\/vivasan.club-20190505-1354-57398754.avif\",\"datePublished\":\"2025-06-20T14:53:00+00:00\",\"dateModified\":\"2025-08-11T16:06:37+00:00\",\"breadcrumb\":{\"@id\":\"https:\\\/\\\/vivasan-shop.com\\\/shop\\\/beauty\\\/hair-care\\\/hair-silk-masque-with-golden-millet-extract-biotin-and-silk-protein\\\/#breadcrumb\"},\"inLanguage\":\"cs\",\"potentialAction\":[{\"@type\":\"ReadAction\",\"target\":[\"https:\\\/\\\/vivasan-shop.com\\\/shop\\\/beauty\\\/hair-care\\\/hair-silk-masque-with-golden-millet-extract-biotin-and-silk-protein\\\/\"]}]},{\"@type\":\"ImageObject\",\"inLanguage\":\"cs\",\"@id\":\"https:\\\/\\\/vivasan-shop.com\\\/shop\\\/beauty\\\/hair-care\\\/hair-silk-masque-with-golden-millet-extract-biotin-and-silk-protein\\\/#primaryimage\",\"url\":\"https:\\\/\\\/vivasan-shop.com\\\/wp-content\\\/uploads\\\/2025\\\/06\\\/vivasan.club-20190505-1354-57398754.avif\",\"contentUrl\":\"https:\\\/\\\/vivasan-shop.com\\\/wp-content\\\/uploads\\\/2025\\\/06\\\/vivasan.club-20190505-1354-57398754.avif\",\"width\":768,\"height\":768},{\"@type\":\"BreadcrumbList\",\"@id\":\"https:\\\/\\\/vivasan-shop.com\\\/shop\\\/beauty\\\/hair-care\\\/hair-silk-masque-with-golden-millet-extract-biotin-and-silk-protein\\\/#breadcrumb\",\"itemListElement\":[{\"@type\":\"ListItem\",\"position\":1,\"name\":\"Home\",\"item\":\"https:\\\/\\\/vivasan-shop.com\\\/\"},{\"@type\":\"ListItem\",\"position\":2,\"name\":\"Shop\",\"item\":\"https:\\\/\\\/vivasan-shop.com\\\/shop\\\/\"},{\"@type\":\"ListItem\",\"position\":3,\"name\":\"Hair Silk Masque with Golden Millet extract Biotin and Silk protein\"}]},{\"@type\":\"WebSite\",\"@id\":\"https:\\\/\\\/vivasan-shop.com\\\/#website\",\"url\":\"https:\\\/\\\/vivasan-shop.com\\\/\",\"name\":\"Vivasan\",\"description\":\"\",\"publisher\":{\"@id\":\"https:\\\/\\\/vivasan-shop.com\\\/#organization\"},\"potentialAction\":[{\"@type\":\"SearchAction\",\"target\":{\"@type\":\"EntryPoint\",\"urlTemplate\":\"https:\\\/\\\/vivasan-shop.com\\\/?s={search_term_string}\"},\"query-input\":{\"@type\":\"PropertyValueSpecification\",\"valueRequired\":true,\"valueName\":\"search_term_string\"}}],\"inLanguage\":\"cs\"},{\"@type\":\"Organization\",\"@id\":\"https:\\\/\\\/vivasan-shop.com\\\/#organization\",\"name\":\"Vivasan\",\"url\":\"https:\\\/\\\/vivasan-shop.com\\\/\",\"logo\":{\"@type\":\"ImageObject\",\"inLanguage\":\"cs\",\"@id\":\"https:\\\/\\\/vivasan-shop.com\\\/#\\\/schema\\\/logo\\\/image\\\/\",\"url\":\"https:\\\/\\\/vivasan-shop.com\\\/wp-content\\\/uploads\\\/2025\\\/07\\\/photo_2025-07-05_23-33-41.jpg\",\"contentUrl\":\"https:\\\/\\\/vivasan-shop.com\\\/wp-content\\\/uploads\\\/2025\\\/07\\\/photo_2025-07-05_23-33-41.jpg\",\"width\":1080,\"height\":608,\"caption\":\"Vivasan\"},\"image\":{\"@id\":\"https:\\\/\\\/vivasan-shop.com\\\/#\\\/schema\\\/logo\\\/image\\\/\"}}]}<\/script>\n<!-- \/ Yoast SEO plugin. -->","yoast_head_json":{"title":"Hair Silk Masque with Golden Millet extract Biotin and Silk protein - vivasan-shop.com","robots":{"index":"index","follow":"follow","max-snippet":"max-snippet:-1","max-image-preview":"max-image-preview:large","max-video-preview":"max-video-preview:-1"},"canonical":"https:\/\/vivasan-shop.com\/cs\/shop\/beauty\/hair-care\/hair-silk-masque-with-golden-millet-extract-biotin-and-silk-protein\/","og_locale":"cs_CZ","og_type":"article","og_title":"Hair Silk Masque with Golden Millet extract Biotin and Silk protein - vivasan-shop.com","og_description":"After Shampoo based on Golden Millet, Biotin and Silk proteins. This intensive, nourishing, restructuring, silk effect treatment is a real beauty pack for an amazing result: immediately shiny, soft and easy to comb hair. Thanks to Millet extract and Silk proteins, this incredibly light mask strengthens the hair, which immediately regains vigor and texture. It acts in depth and corrects the hair structure without weighing it down. The active substances close the hair scales, weld the split ends in a natural way preventing them from reforming. It protects against external aggressions such as smog and humidity.","og_url":"https:\/\/vivasan-shop.com\/cs\/shop\/beauty\/hair-care\/hair-silk-masque-with-golden-millet-extract-biotin-and-silk-protein\/","og_site_name":"vivasan-shop.com","article_modified_time":"2025-08-11T16:06:37+00:00","og_image":[{"width":715,"height":349,"url":"https:\/\/vivasan-shop.com\/wp-content\/uploads\/2025\/09\/photo_2025-09-04_15-07-27-removebg-preview.png","type":"image\/png"}],"twitter_card":"summary_large_image","twitter_misc":{"Odhadovan\u00e1 doba \u010dten\u00ed":"1 minuta"},"schema":{"@context":"https:\/\/schema.org","@graph":[{"@type":["WebPage","ItemPage"],"@id":"https:\/\/vivasan-shop.com\/shop\/beauty\/hair-care\/hair-silk-masque-with-golden-millet-extract-biotin-and-silk-protein\/","url":"https:\/\/vivasan-shop.com\/shop\/beauty\/hair-care\/hair-silk-masque-with-golden-millet-extract-biotin-and-silk-protein\/","name":"Hair Silk Masque with Golden Millet extract Biotin and Silk protein - vivasan-shop.com","isPartOf":{"@id":"https:\/\/vivasan-shop.com\/#website"},"primaryImageOfPage":{"@id":"https:\/\/vivasan-shop.com\/shop\/beauty\/hair-care\/hair-silk-masque-with-golden-millet-extract-biotin-and-silk-protein\/#primaryimage"},"image":{"@id":"https:\/\/vivasan-shop.com\/shop\/beauty\/hair-care\/hair-silk-masque-with-golden-millet-extract-biotin-and-silk-protein\/#primaryimage"},"thumbnailUrl":"https:\/\/vivasan-shop.com\/wp-content\/uploads\/2025\/06\/vivasan.club-20190505-1354-57398754.avif","datePublished":"2025-06-20T14:53:00+00:00","dateModified":"2025-08-11T16:06:37+00:00","breadcrumb":{"@id":"https:\/\/vivasan-shop.com\/shop\/beauty\/hair-care\/hair-silk-masque-with-golden-millet-extract-biotin-and-silk-protein\/#breadcrumb"},"inLanguage":"cs","potentialAction":[{"@type":"ReadAction","target":["https:\/\/vivasan-shop.com\/shop\/beauty\/hair-care\/hair-silk-masque-with-golden-millet-extract-biotin-and-silk-protein\/"]}]},{"@type":"ImageObject","inLanguage":"cs","@id":"https:\/\/vivasan-shop.com\/shop\/beauty\/hair-care\/hair-silk-masque-with-golden-millet-extract-biotin-and-silk-protein\/#primaryimage","url":"https:\/\/vivasan-shop.com\/wp-content\/uploads\/2025\/06\/vivasan.club-20190505-1354-57398754.avif","contentUrl":"https:\/\/vivasan-shop.com\/wp-content\/uploads\/2025\/06\/vivasan.club-20190505-1354-57398754.avif","width":768,"height":768},{"@type":"BreadcrumbList","@id":"https:\/\/vivasan-shop.com\/shop\/beauty\/hair-care\/hair-silk-masque-with-golden-millet-extract-biotin-and-silk-protein\/#breadcrumb","itemListElement":[{"@type":"ListItem","position":1,"name":"Home","item":"https:\/\/vivasan-shop.com\/"},{"@type":"ListItem","position":2,"name":"Shop","item":"https:\/\/vivasan-shop.com\/shop\/"},{"@type":"ListItem","position":3,"name":"Hair Silk Masque with Golden Millet extract Biotin and Silk protein"}]},{"@type":"WebSite","@id":"https:\/\/vivasan-shop.com\/#website","url":"https:\/\/vivasan-shop.com\/","name":"Vivasan","description":"","publisher":{"@id":"https:\/\/vivasan-shop.com\/#organization"},"potentialAction":[{"@type":"SearchAction","target":{"@type":"EntryPoint","urlTemplate":"https:\/\/vivasan-shop.com\/?s={search_term_string}"},"query-input":{"@type":"PropertyValueSpecification","valueRequired":true,"valueName":"search_term_string"}}],"inLanguage":"cs"},{"@type":"Organization","@id":"https:\/\/vivasan-shop.com\/#organization","name":"Vivasan","url":"https:\/\/vivasan-shop.com\/","logo":{"@type":"ImageObject","inLanguage":"cs","@id":"https:\/\/vivasan-shop.com\/#\/schema\/logo\/image\/","url":"https:\/\/vivasan-shop.com\/wp-content\/uploads\/2025\/07\/photo_2025-07-05_23-33-41.jpg","contentUrl":"https:\/\/vivasan-shop.com\/wp-content\/uploads\/2025\/07\/photo_2025-07-05_23-33-41.jpg","width":1080,"height":608,"caption":"Vivasan"},"image":{"@id":"https:\/\/vivasan-shop.com\/#\/schema\/logo\/image\/"}}]}},"_links":{"self":[{"href":"https:\/\/vivasan-shop.com\/cs\/wp-json\/wp\/v2\/product\/1495","targetHints":{"allow":["GET"]}}],"collection":[{"href":"https:\/\/vivasan-shop.com\/cs\/wp-json\/wp\/v2\/product"}],"about":[{"href":"https:\/\/vivasan-shop.com\/cs\/wp-json\/wp\/v2\/types\/product"}],"replies":[{"embeddable":true,"href":"https:\/\/vivasan-shop.com\/cs\/wp-json\/wp\/v2\/comments?post=1495"}],"version-history":[{"count":1,"href":"https:\/\/vivasan-shop.com\/cs\/wp-json\/wp\/v2\/product\/1495\/revisions"}],"predecessor-version":[{"id":1497,"href":"https:\/\/vivasan-shop.com\/cs\/wp-json\/wp\/v2\/product\/1495\/revisions\/1497"}],"wp:featuredmedia":[{"embeddable":true,"href":"https:\/\/vivasan-shop.com\/cs\/wp-json\/wp\/v2\/media\/1496"}],"wp:attachment":[{"href":"https:\/\/vivasan-shop.com\/cs\/wp-json\/wp\/v2\/media?parent=1495"}],"wp:term":[{"taxonomy":"product_brand","embeddable":true,"href":"https:\/\/vivasan-shop.com\/cs\/wp-json\/wp\/v2\/product_brand?post=1495"},{"taxonomy":"product_cat","embeddable":true,"href":"https:\/\/vivasan-shop.com\/cs\/wp-json\/wp\/v2\/product_cat?post=1495"},{"taxonomy":"product_tag","embeddable":true,"href":"https:\/\/vivasan-shop.com\/cs\/wp-json\/wp\/v2\/product_tag?post=1495"}],"curies":[{"name":"wp","href":"https:\/\/api.w.org\/{rel}","templated":true}]}}