{"id":1504,"date":"2025-06-20T15:10:00","date_gmt":"2025-06-20T15:10:00","guid":{"rendered":"https:\/\/vivasan-shop.com\/?post_type=product&#038;p=1504"},"modified":"2025-08-11T16:06:21","modified_gmt":"2025-08-11T16:06:21","slug":"juniper-warming-skin-with-eucalyptus-and-cypress-100-ml","status":"publish","type":"product","link":"https:\/\/vivasan-shop.com\/cs\/shop\/health\/treatment-cosmetics\/juniper-warming-skin-with-eucalyptus-and-cypress-100-ml\/","title":{"rendered":"Jalovec pro h\u0159ejivou poko\u017eku s eukalyptem a cyp\u0159i\u0161em, 100 ml"},"content":{"rendered":"<p>Cream with essential oils of juniper, mountain pine, eucalyptus and cypress for relief of muscle and joint pain and prevention of cold and flu. Juniper cream covers the body with a protective film, safeguarding the body against infection and disinfecting the respiratory system.\u00a0Highly effective juniper cream is well known for its stimulating properties and can have a beneficial effect when suffering from poor skin circulation or tired muscles. Suitable for \u201ccold feet\u201d and for a back massage. Beneficial to use before and after sport and manual work to warm-up the muscles, thus helping to reduce the risk of strains. Provides local warming effect. May help to breathe easier during a cold. Can be used for anti-cellulite treatment. Juniper warming\u00a0skin care cream with juniper, eucalyptus and cypress. Relaxing, invigorating and warming effect. Carefully selected, high quality essential oils render this so effective. Suitable for either skin care or massage, e.g. before and after sport. Dermatologically tested.<\/p>\n<ul>\n<li>Relaxing and warming cream.<\/li>\n<li>Dermatologically tested.<\/li>\n<li>Paraben-free.<\/li>\n<li>Volume: 100 ml.<\/li>\n<\/ul>\n<p><strong>APPLICATION:<\/strong>\u00a0Apply a small amount to relevant areas and massage in gently. Dermatological tested on skin tolerance. Application: Apply a little cream to the relevant area and massage it in. Avoid contact with eyes. Always read the label. Keep out of reach of children. Not recommended during pregnancy or in the case of juniper intolerance. Do not apply the cream to your loins in case of kidney diseases.<\/p>\n<p><strong>INGREDIENTS:<\/strong>\u00a0Aqua (Water), Paraffinum Liquidum (Mineral Oil), Caprylic\/Capric Triglyceride, Parfum (Fragrance), Cetearyl Alcohol, Hydrogenated Soybean Oil, Limonene, Ceteareth-ZO, Phenoxyethanol, Eucalyptus Globulus Leaf Oil, Carbomer, Juniperus Communis Branch \/Friut\/Leaf Oil, Sodium Cetearyl Sulfate, Sodium Lauryl Sulfate, Cupressus Sempervirens Leaf\/Nut\/Stem Oil. Sodium Hydroxide, Benzoic Acid, Dehydroacetic Acid, Methyl Nicotinate, Ethylhexylglycerin, Linalool, Geraniol, Citral.<\/p>","protected":false},"excerpt":{"rendered":"<div class=\"woocommerce-product-details__short-description\">\n<div class=\"woocommerce-product-details__short-description\">\n<div class=\"woocommerce-product-details__short-description\">\n<div class=\"woocommerce-product-details__short-description\">\n<div class=\"woocommerce-product-details__short-description\">\n<p>A natural step ahead. Juniper warming\u00a0skin care cream with juniper, eucalyptus and cypress. Relaxing, invigorating and warming effect. Carefully selected, high quality essential oils render this so effective. Suitable for either skin care or massage, e.g. before and after sport. Paraben-free. Dermatologically tested.<\/p>\n<p>Vyrobeno ve \u0160v\u00fdcarsku.<\/p>\n<p>&nbsp;<\/p>\n<\/div>\n<div class=\"vivasan-product-icons\"><img loading=\"lazy\" decoding=\"async\" class=\"product_icon\" title=\"Made in Switzerland\" src=\"https:\/\/vivasan.club\/assets\/images\/product-icons\/swiss.svg?v=2\" alt=\"Made in Switzerland\" width=\"40\" height=\"40\" \/><img loading=\"lazy\" decoding=\"async\" class=\"product_icon\" title=\"GMP Certified\" src=\"https:\/\/vivasan.club\/assets\/images\/product-icons\/gmp.svg?v=2\" alt=\"GMP Certified\" width=\"40\" height=\"40\" \/><img loading=\"lazy\" decoding=\"async\" class=\"product_icon\" title=\"Cruelty-free\" src=\"https:\/\/vivasan.club\/assets\/images\/product-icons\/crueltyfree.svg?v=2\" alt=\"Cruelty-free\" width=\"40\" height=\"40\" \/><\/div>\n<\/div>\n<\/div>\n<\/div>\n<\/div>","protected":false},"featured_media":1505,"comment_status":"open","ping_status":"closed","template":"","meta":{"_acf_changed":false},"product_brand":[85],"product_cat":[62,63,68,71],"product_tag":[],"class_list":{"0":"post-1504","1":"product","2":"type-product","3":"status-publish","4":"has-post-thumbnail","6":"product_brand-vivasan","7":"product_cat-beauty","8":"product_cat-body-care","9":"product_cat-health","10":"product_cat-treatment-cosmetics","12":"first","13":"instock","14":"shipping-taxable","15":"purchasable","16":"product-type-simple"},"acf":[],"yoast_head":"<!-- This site is optimized with the Yoast SEO plugin v27.3 - https:\/\/yoast.com\/product\/yoast-seo-wordpress\/ -->\n<title>Juniper warming skin with eucalyptus and cypress, 100 ml - vivasan-shop.com<\/title>\n<meta name=\"robots\" content=\"index, follow, max-snippet:-1, max-image-preview:large, max-video-preview:-1\" \/>\n<link rel=\"canonical\" href=\"https:\/\/vivasan-shop.com\/cs\/shop\/health\/treatment-cosmetics\/juniper-warming-skin-with-eucalyptus-and-cypress-100-ml\/\" \/>\n<meta property=\"og:locale\" content=\"cs_CZ\" \/>\n<meta property=\"og:type\" content=\"article\" \/>\n<meta property=\"og:title\" content=\"Juniper warming skin with eucalyptus and cypress, 100 ml - vivasan-shop.com\" \/>\n<meta property=\"og:description\" content=\"A natural step ahead. Juniper warming\u00a0skin care cream with juniper, eucalyptus and cypress. Relaxing, invigorating and warming effect. Carefully selected, high quality essential oils render this so effective. Suitable for either skin care or massage, e.g. before and after sport. Paraben-free. Dermatologically tested.  Made in Switzerland.  &nbsp;\" \/>\n<meta property=\"og:url\" content=\"https:\/\/vivasan-shop.com\/cs\/shop\/health\/treatment-cosmetics\/juniper-warming-skin-with-eucalyptus-and-cypress-100-ml\/\" \/>\n<meta property=\"og:site_name\" content=\"vivasan-shop.com\" \/>\n<meta property=\"article:modified_time\" content=\"2025-08-11T16:06:21+00:00\" \/>\n<meta property=\"og:image\" content=\"https:\/\/vivasan-shop.com\/wp-content\/uploads\/2025\/09\/photo_2025-09-04_15-07-27-removebg-preview.png\" \/>\n\t<meta property=\"og:image:width\" content=\"715\" \/>\n\t<meta property=\"og:image:height\" content=\"349\" \/>\n\t<meta property=\"og:image:type\" content=\"image\/png\" \/>\n<meta name=\"twitter:card\" content=\"summary_large_image\" \/>\n<meta name=\"twitter:label1\" content=\"Odhadovan\u00e1 doba \u010dten\u00ed\" \/>\n\t<meta name=\"twitter:data1\" content=\"1 minuta\" \/>\n<script type=\"application\/ld+json\" class=\"yoast-schema-graph\">{\"@context\":\"https:\\\/\\\/schema.org\",\"@graph\":[{\"@type\":[\"WebPage\",\"ItemPage\"],\"@id\":\"https:\\\/\\\/vivasan-shop.com\\\/shop\\\/health\\\/treatment-cosmetics\\\/juniper-warming-skin-with-eucalyptus-and-cypress-100-ml\\\/\",\"url\":\"https:\\\/\\\/vivasan-shop.com\\\/shop\\\/health\\\/treatment-cosmetics\\\/juniper-warming-skin-with-eucalyptus-and-cypress-100-ml\\\/\",\"name\":\"Juniper warming skin with eucalyptus and cypress, 100 ml - vivasan-shop.com\",\"isPartOf\":{\"@id\":\"https:\\\/\\\/vivasan-shop.com\\\/#website\"},\"primaryImageOfPage\":{\"@id\":\"https:\\\/\\\/vivasan-shop.com\\\/shop\\\/health\\\/treatment-cosmetics\\\/juniper-warming-skin-with-eucalyptus-and-cypress-100-ml\\\/#primaryimage\"},\"image\":{\"@id\":\"https:\\\/\\\/vivasan-shop.com\\\/shop\\\/health\\\/treatment-cosmetics\\\/juniper-warming-skin-with-eucalyptus-and-cypress-100-ml\\\/#primaryimage\"},\"thumbnailUrl\":\"https:\\\/\\\/vivasan-shop.com\\\/wp-content\\\/uploads\\\/2025\\\/06\\\/vivasan.club-20190330-1858-31565697.avif\",\"datePublished\":\"2025-06-20T15:10:00+00:00\",\"dateModified\":\"2025-08-11T16:06:21+00:00\",\"breadcrumb\":{\"@id\":\"https:\\\/\\\/vivasan-shop.com\\\/shop\\\/health\\\/treatment-cosmetics\\\/juniper-warming-skin-with-eucalyptus-and-cypress-100-ml\\\/#breadcrumb\"},\"inLanguage\":\"cs\",\"potentialAction\":[{\"@type\":\"ReadAction\",\"target\":[\"https:\\\/\\\/vivasan-shop.com\\\/shop\\\/health\\\/treatment-cosmetics\\\/juniper-warming-skin-with-eucalyptus-and-cypress-100-ml\\\/\"]}]},{\"@type\":\"ImageObject\",\"inLanguage\":\"cs\",\"@id\":\"https:\\\/\\\/vivasan-shop.com\\\/shop\\\/health\\\/treatment-cosmetics\\\/juniper-warming-skin-with-eucalyptus-and-cypress-100-ml\\\/#primaryimage\",\"url\":\"https:\\\/\\\/vivasan-shop.com\\\/wp-content\\\/uploads\\\/2025\\\/06\\\/vivasan.club-20190330-1858-31565697.avif\",\"contentUrl\":\"https:\\\/\\\/vivasan-shop.com\\\/wp-content\\\/uploads\\\/2025\\\/06\\\/vivasan.club-20190330-1858-31565697.avif\",\"width\":768,\"height\":768},{\"@type\":\"BreadcrumbList\",\"@id\":\"https:\\\/\\\/vivasan-shop.com\\\/shop\\\/health\\\/treatment-cosmetics\\\/juniper-warming-skin-with-eucalyptus-and-cypress-100-ml\\\/#breadcrumb\",\"itemListElement\":[{\"@type\":\"ListItem\",\"position\":1,\"name\":\"Home\",\"item\":\"https:\\\/\\\/vivasan-shop.com\\\/\"},{\"@type\":\"ListItem\",\"position\":2,\"name\":\"Shop\",\"item\":\"https:\\\/\\\/vivasan-shop.com\\\/shop\\\/\"},{\"@type\":\"ListItem\",\"position\":3,\"name\":\"Juniper warming skin with eucalyptus and cypress, 100 ml\"}]},{\"@type\":\"WebSite\",\"@id\":\"https:\\\/\\\/vivasan-shop.com\\\/#website\",\"url\":\"https:\\\/\\\/vivasan-shop.com\\\/\",\"name\":\"Vivasan\",\"description\":\"\",\"publisher\":{\"@id\":\"https:\\\/\\\/vivasan-shop.com\\\/#organization\"},\"potentialAction\":[{\"@type\":\"SearchAction\",\"target\":{\"@type\":\"EntryPoint\",\"urlTemplate\":\"https:\\\/\\\/vivasan-shop.com\\\/?s={search_term_string}\"},\"query-input\":{\"@type\":\"PropertyValueSpecification\",\"valueRequired\":true,\"valueName\":\"search_term_string\"}}],\"inLanguage\":\"cs\"},{\"@type\":\"Organization\",\"@id\":\"https:\\\/\\\/vivasan-shop.com\\\/#organization\",\"name\":\"Vivasan\",\"url\":\"https:\\\/\\\/vivasan-shop.com\\\/\",\"logo\":{\"@type\":\"ImageObject\",\"inLanguage\":\"cs\",\"@id\":\"https:\\\/\\\/vivasan-shop.com\\\/#\\\/schema\\\/logo\\\/image\\\/\",\"url\":\"https:\\\/\\\/vivasan-shop.com\\\/wp-content\\\/uploads\\\/2025\\\/07\\\/photo_2025-07-05_23-33-41.jpg\",\"contentUrl\":\"https:\\\/\\\/vivasan-shop.com\\\/wp-content\\\/uploads\\\/2025\\\/07\\\/photo_2025-07-05_23-33-41.jpg\",\"width\":1080,\"height\":608,\"caption\":\"Vivasan\"},\"image\":{\"@id\":\"https:\\\/\\\/vivasan-shop.com\\\/#\\\/schema\\\/logo\\\/image\\\/\"}}]}<\/script>\n<!-- \/ Yoast SEO plugin. -->","yoast_head_json":{"title":"Juniper warming skin with eucalyptus and cypress, 100 ml - vivasan-shop.com","robots":{"index":"index","follow":"follow","max-snippet":"max-snippet:-1","max-image-preview":"max-image-preview:large","max-video-preview":"max-video-preview:-1"},"canonical":"https:\/\/vivasan-shop.com\/cs\/shop\/health\/treatment-cosmetics\/juniper-warming-skin-with-eucalyptus-and-cypress-100-ml\/","og_locale":"cs_CZ","og_type":"article","og_title":"Juniper warming skin with eucalyptus and cypress, 100 ml - vivasan-shop.com","og_description":"A natural step ahead. Juniper warming\u00a0skin care cream with juniper, eucalyptus and cypress. Relaxing, invigorating and warming effect. Carefully selected, high quality essential oils render this so effective. Suitable for either skin care or massage, e.g. before and after sport. Paraben-free. Dermatologically tested.  Made in Switzerland.  &nbsp;","og_url":"https:\/\/vivasan-shop.com\/cs\/shop\/health\/treatment-cosmetics\/juniper-warming-skin-with-eucalyptus-and-cypress-100-ml\/","og_site_name":"vivasan-shop.com","article_modified_time":"2025-08-11T16:06:21+00:00","og_image":[{"width":715,"height":349,"url":"https:\/\/vivasan-shop.com\/wp-content\/uploads\/2025\/09\/photo_2025-09-04_15-07-27-removebg-preview.png","type":"image\/png"}],"twitter_card":"summary_large_image","twitter_misc":{"Odhadovan\u00e1 doba \u010dten\u00ed":"1 minuta"},"schema":{"@context":"https:\/\/schema.org","@graph":[{"@type":["WebPage","ItemPage"],"@id":"https:\/\/vivasan-shop.com\/shop\/health\/treatment-cosmetics\/juniper-warming-skin-with-eucalyptus-and-cypress-100-ml\/","url":"https:\/\/vivasan-shop.com\/shop\/health\/treatment-cosmetics\/juniper-warming-skin-with-eucalyptus-and-cypress-100-ml\/","name":"Juniper warming skin with eucalyptus and cypress, 100 ml - vivasan-shop.com","isPartOf":{"@id":"https:\/\/vivasan-shop.com\/#website"},"primaryImageOfPage":{"@id":"https:\/\/vivasan-shop.com\/shop\/health\/treatment-cosmetics\/juniper-warming-skin-with-eucalyptus-and-cypress-100-ml\/#primaryimage"},"image":{"@id":"https:\/\/vivasan-shop.com\/shop\/health\/treatment-cosmetics\/juniper-warming-skin-with-eucalyptus-and-cypress-100-ml\/#primaryimage"},"thumbnailUrl":"https:\/\/vivasan-shop.com\/wp-content\/uploads\/2025\/06\/vivasan.club-20190330-1858-31565697.avif","datePublished":"2025-06-20T15:10:00+00:00","dateModified":"2025-08-11T16:06:21+00:00","breadcrumb":{"@id":"https:\/\/vivasan-shop.com\/shop\/health\/treatment-cosmetics\/juniper-warming-skin-with-eucalyptus-and-cypress-100-ml\/#breadcrumb"},"inLanguage":"cs","potentialAction":[{"@type":"ReadAction","target":["https:\/\/vivasan-shop.com\/shop\/health\/treatment-cosmetics\/juniper-warming-skin-with-eucalyptus-and-cypress-100-ml\/"]}]},{"@type":"ImageObject","inLanguage":"cs","@id":"https:\/\/vivasan-shop.com\/shop\/health\/treatment-cosmetics\/juniper-warming-skin-with-eucalyptus-and-cypress-100-ml\/#primaryimage","url":"https:\/\/vivasan-shop.com\/wp-content\/uploads\/2025\/06\/vivasan.club-20190330-1858-31565697.avif","contentUrl":"https:\/\/vivasan-shop.com\/wp-content\/uploads\/2025\/06\/vivasan.club-20190330-1858-31565697.avif","width":768,"height":768},{"@type":"BreadcrumbList","@id":"https:\/\/vivasan-shop.com\/shop\/health\/treatment-cosmetics\/juniper-warming-skin-with-eucalyptus-and-cypress-100-ml\/#breadcrumb","itemListElement":[{"@type":"ListItem","position":1,"name":"Home","item":"https:\/\/vivasan-shop.com\/"},{"@type":"ListItem","position":2,"name":"Shop","item":"https:\/\/vivasan-shop.com\/shop\/"},{"@type":"ListItem","position":3,"name":"Juniper warming skin with eucalyptus and cypress, 100 ml"}]},{"@type":"WebSite","@id":"https:\/\/vivasan-shop.com\/#website","url":"https:\/\/vivasan-shop.com\/","name":"Vivasan","description":"","publisher":{"@id":"https:\/\/vivasan-shop.com\/#organization"},"potentialAction":[{"@type":"SearchAction","target":{"@type":"EntryPoint","urlTemplate":"https:\/\/vivasan-shop.com\/?s={search_term_string}"},"query-input":{"@type":"PropertyValueSpecification","valueRequired":true,"valueName":"search_term_string"}}],"inLanguage":"cs"},{"@type":"Organization","@id":"https:\/\/vivasan-shop.com\/#organization","name":"Vivasan","url":"https:\/\/vivasan-shop.com\/","logo":{"@type":"ImageObject","inLanguage":"cs","@id":"https:\/\/vivasan-shop.com\/#\/schema\/logo\/image\/","url":"https:\/\/vivasan-shop.com\/wp-content\/uploads\/2025\/07\/photo_2025-07-05_23-33-41.jpg","contentUrl":"https:\/\/vivasan-shop.com\/wp-content\/uploads\/2025\/07\/photo_2025-07-05_23-33-41.jpg","width":1080,"height":608,"caption":"Vivasan"},"image":{"@id":"https:\/\/vivasan-shop.com\/#\/schema\/logo\/image\/"}}]}},"_links":{"self":[{"href":"https:\/\/vivasan-shop.com\/cs\/wp-json\/wp\/v2\/product\/1504","targetHints":{"allow":["GET"]}}],"collection":[{"href":"https:\/\/vivasan-shop.com\/cs\/wp-json\/wp\/v2\/product"}],"about":[{"href":"https:\/\/vivasan-shop.com\/cs\/wp-json\/wp\/v2\/types\/product"}],"replies":[{"embeddable":true,"href":"https:\/\/vivasan-shop.com\/cs\/wp-json\/wp\/v2\/comments?post=1504"}],"version-history":[{"count":1,"href":"https:\/\/vivasan-shop.com\/cs\/wp-json\/wp\/v2\/product\/1504\/revisions"}],"predecessor-version":[{"id":1506,"href":"https:\/\/vivasan-shop.com\/cs\/wp-json\/wp\/v2\/product\/1504\/revisions\/1506"}],"wp:featuredmedia":[{"embeddable":true,"href":"https:\/\/vivasan-shop.com\/cs\/wp-json\/wp\/v2\/media\/1505"}],"wp:attachment":[{"href":"https:\/\/vivasan-shop.com\/cs\/wp-json\/wp\/v2\/media?parent=1504"}],"wp:term":[{"taxonomy":"product_brand","embeddable":true,"href":"https:\/\/vivasan-shop.com\/cs\/wp-json\/wp\/v2\/product_brand?post=1504"},{"taxonomy":"product_cat","embeddable":true,"href":"https:\/\/vivasan-shop.com\/cs\/wp-json\/wp\/v2\/product_cat?post=1504"},{"taxonomy":"product_tag","embeddable":true,"href":"https:\/\/vivasan-shop.com\/cs\/wp-json\/wp\/v2\/product_tag?post=1504"}],"curies":[{"name":"wp","href":"https:\/\/api.w.org\/{rel}","templated":true}]}}