{"id":1507,"date":"2025-06-20T15:11:00","date_gmt":"2025-06-20T15:11:00","guid":{"rendered":"https:\/\/vivasan-shop.com\/?post_type=product&#038;p=1507"},"modified":"2025-08-11T16:06:21","modified_gmt":"2025-08-11T16:06:21","slug":"lavender-edelweiss-extract-anti-aging-face-cream-50-ml","status":"publish","type":"product","link":"https:\/\/vivasan-shop.com\/cs\/shop\/beauty\/face-care\/lavender-edelweiss-extract-anti-aging-face-cream-50-ml\/","title":{"rendered":"Omlazuj\u00edc\u00ed kr\u00e9m na obli\u010dej s extraktem z levandule a prot\u011b\u017ee t\u011b\u017e\u0161\u00ed, 50 ml"},"content":{"rendered":"<p>Discover the essence of radiant skin with our Lavender Rejuvenating and Revitalizing Face Cream, infused with the purity of Edelweiss Extract. Formulated to embrace all skin types, this cream is a symphony of nature\u2019s finest ingredients, including Lavender Essential Oil, Shea Butter, Jojoba, and Coconut Oil, all harmoniously blended with Hyaluronic Acid, and fortified with Vitamins E and A.<\/p>\n<p>Our unique anti-aging formula dives deep into the skin, providing intense nourishment and hydration, while actively protecting against the elements. Experience the transformation as your skin becomes visibly younger, with an enhanced firmness and a freshness that speaks volumes of its natural vitality.<\/p>\n<p>Elevate your skincare routine with this versatile cream, designed not just to care for your skin but to rejuvenate and revitalize it from the inside out. Embrace the journey to a more youthful, luminous complexion today.<\/p>\n<ul>\n<li>Dermatologically tested.<\/li>\n<li>Does not contain added metals.<\/li>\n<li>Does not contain colourings or synthetic origins.<\/li>\n<li>Paraben-free.<\/li>\n<li>Swiss Guarantee COS.<\/li>\n<li>Volume: 50 ml.<\/li>\n<\/ul>\n<p><strong>Application:<\/strong>\u00a0Gently massage into the skin as needed throughout the day for optimal absorption and hydration.<\/p>\n<p><strong>Slo\u017een\u00ed:<\/strong>\u00a0Aqua (water), Glycerin, Cetearyl alcohol, Coco-caprylate, Isoamyl laurate, Butyrospermum parkii (shea) butter, Caprylic\/capric triglyceride, Cocos nucifera (coconut) oil, Pentylene glycol, Hydrogenated vegetable oil, Simmondsia\u00a0chinensis (jojoba) seed oil, Lavandula angustifolia oil, Leontopodium alpinum\u00a0extract, Sodium hyaluronate, Niacinamide, Tocopherol, Tocopheryl retinoate, Ascorbyl palmitate, Lecithin, Glucose, Cetearyl glucoside, Ethylhexylglycerin, Xantan gum, Sodium levulinate, Sodium anisate, Sodium benzoate, Citric acid, Sodium hydroxide, Tetrasodium glutamate diacetate, Linalool, Geraniol, Limonene, Parfum (fragrance).<\/p>","protected":false},"excerpt":{"rendered":"<div class=\"woocommerce-product-details__short-description\">\n<div class=\"woocommerce-product-details__short-description\">\n<div class=\"woocommerce-product-details__short-description\">\n<div class=\"woocommerce-product-details__short-description\">\n<div class=\"woocommerce-product-details__short-description\">\n<div class=\"woocommerce-product-details__short-description\">\n<p>Discover the essence of natural beauty with our Lavender Rejuvenating and Revitalizing Face Cream, infused with Edelweiss Extract. This all-skin-type wonder is crafted with a potent anti-aging blend of Lavender Essential Oil, Shea Butter, Jojoba, Coconut Oil, Hyaluronic Acid, and Vitamins E &amp; A. Dive into a deeply nourishing experience, designed to moisturize, protect, and revitalize your skin. Witness a transformation to a visibly younger, firmer, and fresher complexion. Embrace the power of nature with every application.<\/p>\n<p>Vyrobeno ve \u0160v\u00fdcarsku.<\/p>\n<p>&nbsp;<\/p>\n<\/div>\n<div class=\"vivasan-product-icons\"><img loading=\"lazy\" decoding=\"async\" class=\"product_icon\" title=\"Made in Switzerland\" src=\"https:\/\/vivasan.club\/assets\/images\/product-icons\/swiss.svg?v=2\" alt=\"Made in Switzerland\" width=\"40\" height=\"40\" \/><img loading=\"lazy\" decoding=\"async\" class=\"product_icon\" title=\"Swiss Guarantee COS\" src=\"https:\/\/vivasan.club\/assets\/images\/product-icons\/swisscos.svg?v=2\" alt=\"Swiss Guarantee COS\" width=\"40\" height=\"40\" \/><img loading=\"lazy\" decoding=\"async\" class=\"product_icon\" title=\"GMP Certified\" src=\"https:\/\/vivasan.club\/assets\/images\/product-icons\/gmp.svg?v=2\" alt=\"GMP Certified\" width=\"40\" height=\"40\" \/><img loading=\"lazy\" decoding=\"async\" class=\"product_icon\" title=\"Cruelty-free\" src=\"https:\/\/vivasan.club\/assets\/images\/product-icons\/crueltyfree.svg?v=2\" alt=\"Cruelty-free\" width=\"40\" height=\"40\" \/><\/div>\n<\/div>\n<\/div>\n<\/div>\n<\/div>\n<\/div>","protected":false},"featured_media":1508,"comment_status":"open","ping_status":"closed","template":"","meta":{"_acf_changed":false},"product_brand":[85],"product_cat":[62,65],"product_tag":[],"class_list":{"0":"post-1507","1":"product","2":"type-product","3":"status-publish","4":"has-post-thumbnail","6":"product_brand-vivasan","7":"product_cat-beauty","8":"product_cat-face-care","10":"first","11":"instock","12":"shipping-taxable","13":"purchasable","14":"product-type-simple"},"acf":[],"yoast_head":"<!-- This site is optimized with the Yoast SEO plugin v27.3 - https:\/\/yoast.com\/product\/yoast-seo-wordpress\/ -->\n<title>Lavender &amp; Edelweiss Extract Anti-Aging Face Cream, 50 ml - vivasan-shop.com<\/title>\n<meta name=\"robots\" content=\"index, follow, max-snippet:-1, max-image-preview:large, max-video-preview:-1\" \/>\n<link rel=\"canonical\" href=\"https:\/\/vivasan-shop.com\/cs\/shop\/beauty\/face-care\/lavender-edelweiss-extract-anti-aging-face-cream-50-ml\/\" \/>\n<meta property=\"og:locale\" content=\"cs_CZ\" \/>\n<meta property=\"og:type\" content=\"article\" \/>\n<meta property=\"og:title\" content=\"Lavender &amp; Edelweiss Extract Anti-Aging Face Cream, 50 ml - vivasan-shop.com\" \/>\n<meta property=\"og:description\" content=\"Discover the essence of natural beauty with our Lavender Rejuvenating and Revitalizing Face Cream, infused with Edelweiss Extract. This all-skin-type wonder is crafted with a potent anti-aging blend of Lavender Essential Oil, Shea Butter, Jojoba, Coconut Oil, Hyaluronic Acid, and Vitamins E &amp; A. Dive into a deeply nourishing experience, designed to moisturize, protect, and revitalize your skin. Witness a transformation to a visibly younger, firmer, and fresher complexion. Embrace the power of nature with every application.  Made in Switzerland.  &nbsp;\" \/>\n<meta property=\"og:url\" content=\"https:\/\/vivasan-shop.com\/cs\/shop\/beauty\/face-care\/lavender-edelweiss-extract-anti-aging-face-cream-50-ml\/\" \/>\n<meta property=\"og:site_name\" content=\"vivasan-shop.com\" \/>\n<meta property=\"article:modified_time\" content=\"2025-08-11T16:06:21+00:00\" \/>\n<meta property=\"og:image\" content=\"https:\/\/vivasan-shop.com\/wp-content\/uploads\/2025\/09\/photo_2025-09-04_15-07-27-removebg-preview.png\" \/>\n\t<meta property=\"og:image:width\" content=\"715\" \/>\n\t<meta property=\"og:image:height\" content=\"349\" \/>\n\t<meta property=\"og:image:type\" content=\"image\/png\" \/>\n<meta name=\"twitter:card\" content=\"summary_large_image\" \/>\n<meta name=\"twitter:label1\" content=\"Odhadovan\u00e1 doba \u010dten\u00ed\" \/>\n\t<meta name=\"twitter:data1\" content=\"1 minuta\" \/>\n<script type=\"application\/ld+json\" class=\"yoast-schema-graph\">{\"@context\":\"https:\\\/\\\/schema.org\",\"@graph\":[{\"@type\":[\"WebPage\",\"ItemPage\"],\"@id\":\"https:\\\/\\\/vivasan-shop.com\\\/shop\\\/beauty\\\/face-care\\\/lavender-edelweiss-extract-anti-aging-face-cream-50-ml\\\/\",\"url\":\"https:\\\/\\\/vivasan-shop.com\\\/shop\\\/beauty\\\/face-care\\\/lavender-edelweiss-extract-anti-aging-face-cream-50-ml\\\/\",\"name\":\"Lavender & Edelweiss Extract Anti-Aging Face Cream, 50 ml - vivasan-shop.com\",\"isPartOf\":{\"@id\":\"https:\\\/\\\/vivasan-shop.com\\\/#website\"},\"primaryImageOfPage\":{\"@id\":\"https:\\\/\\\/vivasan-shop.com\\\/shop\\\/beauty\\\/face-care\\\/lavender-edelweiss-extract-anti-aging-face-cream-50-ml\\\/#primaryimage\"},\"image\":{\"@id\":\"https:\\\/\\\/vivasan-shop.com\\\/shop\\\/beauty\\\/face-care\\\/lavender-edelweiss-extract-anti-aging-face-cream-50-ml\\\/#primaryimage\"},\"thumbnailUrl\":\"https:\\\/\\\/vivasan-shop.com\\\/wp-content\\\/uploads\\\/2025\\\/06\\\/vivasan.club-20220118-0151-57737999.avif\",\"datePublished\":\"2025-06-20T15:11:00+00:00\",\"dateModified\":\"2025-08-11T16:06:21+00:00\",\"breadcrumb\":{\"@id\":\"https:\\\/\\\/vivasan-shop.com\\\/shop\\\/beauty\\\/face-care\\\/lavender-edelweiss-extract-anti-aging-face-cream-50-ml\\\/#breadcrumb\"},\"inLanguage\":\"cs\",\"potentialAction\":[{\"@type\":\"ReadAction\",\"target\":[\"https:\\\/\\\/vivasan-shop.com\\\/shop\\\/beauty\\\/face-care\\\/lavender-edelweiss-extract-anti-aging-face-cream-50-ml\\\/\"]}]},{\"@type\":\"ImageObject\",\"inLanguage\":\"cs\",\"@id\":\"https:\\\/\\\/vivasan-shop.com\\\/shop\\\/beauty\\\/face-care\\\/lavender-edelweiss-extract-anti-aging-face-cream-50-ml\\\/#primaryimage\",\"url\":\"https:\\\/\\\/vivasan-shop.com\\\/wp-content\\\/uploads\\\/2025\\\/06\\\/vivasan.club-20220118-0151-57737999.avif\",\"contentUrl\":\"https:\\\/\\\/vivasan-shop.com\\\/wp-content\\\/uploads\\\/2025\\\/06\\\/vivasan.club-20220118-0151-57737999.avif\"},{\"@type\":\"BreadcrumbList\",\"@id\":\"https:\\\/\\\/vivasan-shop.com\\\/shop\\\/beauty\\\/face-care\\\/lavender-edelweiss-extract-anti-aging-face-cream-50-ml\\\/#breadcrumb\",\"itemListElement\":[{\"@type\":\"ListItem\",\"position\":1,\"name\":\"Home\",\"item\":\"https:\\\/\\\/vivasan-shop.com\\\/\"},{\"@type\":\"ListItem\",\"position\":2,\"name\":\"Shop\",\"item\":\"https:\\\/\\\/vivasan-shop.com\\\/shop\\\/\"},{\"@type\":\"ListItem\",\"position\":3,\"name\":\"Lavender &#038; Edelweiss Extract Anti-Aging Face Cream, 50 ml\"}]},{\"@type\":\"WebSite\",\"@id\":\"https:\\\/\\\/vivasan-shop.com\\\/#website\",\"url\":\"https:\\\/\\\/vivasan-shop.com\\\/\",\"name\":\"Vivasan\",\"description\":\"\",\"publisher\":{\"@id\":\"https:\\\/\\\/vivasan-shop.com\\\/#organization\"},\"potentialAction\":[{\"@type\":\"SearchAction\",\"target\":{\"@type\":\"EntryPoint\",\"urlTemplate\":\"https:\\\/\\\/vivasan-shop.com\\\/?s={search_term_string}\"},\"query-input\":{\"@type\":\"PropertyValueSpecification\",\"valueRequired\":true,\"valueName\":\"search_term_string\"}}],\"inLanguage\":\"cs\"},{\"@type\":\"Organization\",\"@id\":\"https:\\\/\\\/vivasan-shop.com\\\/#organization\",\"name\":\"Vivasan\",\"url\":\"https:\\\/\\\/vivasan-shop.com\\\/\",\"logo\":{\"@type\":\"ImageObject\",\"inLanguage\":\"cs\",\"@id\":\"https:\\\/\\\/vivasan-shop.com\\\/#\\\/schema\\\/logo\\\/image\\\/\",\"url\":\"https:\\\/\\\/vivasan-shop.com\\\/wp-content\\\/uploads\\\/2025\\\/07\\\/photo_2025-07-05_23-33-41.jpg\",\"contentUrl\":\"https:\\\/\\\/vivasan-shop.com\\\/wp-content\\\/uploads\\\/2025\\\/07\\\/photo_2025-07-05_23-33-41.jpg\",\"width\":1080,\"height\":608,\"caption\":\"Vivasan\"},\"image\":{\"@id\":\"https:\\\/\\\/vivasan-shop.com\\\/#\\\/schema\\\/logo\\\/image\\\/\"}}]}<\/script>\n<!-- \/ Yoast SEO plugin. -->","yoast_head_json":{"title":"Lavender & Edelweiss Extract Anti-Aging Face Cream, 50 ml - vivasan-shop.com","robots":{"index":"index","follow":"follow","max-snippet":"max-snippet:-1","max-image-preview":"max-image-preview:large","max-video-preview":"max-video-preview:-1"},"canonical":"https:\/\/vivasan-shop.com\/cs\/shop\/beauty\/face-care\/lavender-edelweiss-extract-anti-aging-face-cream-50-ml\/","og_locale":"cs_CZ","og_type":"article","og_title":"Lavender & Edelweiss Extract Anti-Aging Face Cream, 50 ml - vivasan-shop.com","og_description":"Discover the essence of natural beauty with our Lavender Rejuvenating and Revitalizing Face Cream, infused with Edelweiss Extract. This all-skin-type wonder is crafted with a potent anti-aging blend of Lavender Essential Oil, Shea Butter, Jojoba, Coconut Oil, Hyaluronic Acid, and Vitamins E &amp; A. Dive into a deeply nourishing experience, designed to moisturize, protect, and revitalize your skin. Witness a transformation to a visibly younger, firmer, and fresher complexion. Embrace the power of nature with every application.  Made in Switzerland.  &nbsp;","og_url":"https:\/\/vivasan-shop.com\/cs\/shop\/beauty\/face-care\/lavender-edelweiss-extract-anti-aging-face-cream-50-ml\/","og_site_name":"vivasan-shop.com","article_modified_time":"2025-08-11T16:06:21+00:00","og_image":[{"width":715,"height":349,"url":"https:\/\/vivasan-shop.com\/wp-content\/uploads\/2025\/09\/photo_2025-09-04_15-07-27-removebg-preview.png","type":"image\/png"}],"twitter_card":"summary_large_image","twitter_misc":{"Odhadovan\u00e1 doba \u010dten\u00ed":"1 minuta"},"schema":{"@context":"https:\/\/schema.org","@graph":[{"@type":["WebPage","ItemPage"],"@id":"https:\/\/vivasan-shop.com\/shop\/beauty\/face-care\/lavender-edelweiss-extract-anti-aging-face-cream-50-ml\/","url":"https:\/\/vivasan-shop.com\/shop\/beauty\/face-care\/lavender-edelweiss-extract-anti-aging-face-cream-50-ml\/","name":"Lavender & Edelweiss Extract Anti-Aging Face Cream, 50 ml - vivasan-shop.com","isPartOf":{"@id":"https:\/\/vivasan-shop.com\/#website"},"primaryImageOfPage":{"@id":"https:\/\/vivasan-shop.com\/shop\/beauty\/face-care\/lavender-edelweiss-extract-anti-aging-face-cream-50-ml\/#primaryimage"},"image":{"@id":"https:\/\/vivasan-shop.com\/shop\/beauty\/face-care\/lavender-edelweiss-extract-anti-aging-face-cream-50-ml\/#primaryimage"},"thumbnailUrl":"https:\/\/vivasan-shop.com\/wp-content\/uploads\/2025\/06\/vivasan.club-20220118-0151-57737999.avif","datePublished":"2025-06-20T15:11:00+00:00","dateModified":"2025-08-11T16:06:21+00:00","breadcrumb":{"@id":"https:\/\/vivasan-shop.com\/shop\/beauty\/face-care\/lavender-edelweiss-extract-anti-aging-face-cream-50-ml\/#breadcrumb"},"inLanguage":"cs","potentialAction":[{"@type":"ReadAction","target":["https:\/\/vivasan-shop.com\/shop\/beauty\/face-care\/lavender-edelweiss-extract-anti-aging-face-cream-50-ml\/"]}]},{"@type":"ImageObject","inLanguage":"cs","@id":"https:\/\/vivasan-shop.com\/shop\/beauty\/face-care\/lavender-edelweiss-extract-anti-aging-face-cream-50-ml\/#primaryimage","url":"https:\/\/vivasan-shop.com\/wp-content\/uploads\/2025\/06\/vivasan.club-20220118-0151-57737999.avif","contentUrl":"https:\/\/vivasan-shop.com\/wp-content\/uploads\/2025\/06\/vivasan.club-20220118-0151-57737999.avif"},{"@type":"BreadcrumbList","@id":"https:\/\/vivasan-shop.com\/shop\/beauty\/face-care\/lavender-edelweiss-extract-anti-aging-face-cream-50-ml\/#breadcrumb","itemListElement":[{"@type":"ListItem","position":1,"name":"Home","item":"https:\/\/vivasan-shop.com\/"},{"@type":"ListItem","position":2,"name":"Shop","item":"https:\/\/vivasan-shop.com\/shop\/"},{"@type":"ListItem","position":3,"name":"Lavender &#038; Edelweiss Extract Anti-Aging Face Cream, 50 ml"}]},{"@type":"WebSite","@id":"https:\/\/vivasan-shop.com\/#website","url":"https:\/\/vivasan-shop.com\/","name":"Vivasan","description":"","publisher":{"@id":"https:\/\/vivasan-shop.com\/#organization"},"potentialAction":[{"@type":"SearchAction","target":{"@type":"EntryPoint","urlTemplate":"https:\/\/vivasan-shop.com\/?s={search_term_string}"},"query-input":{"@type":"PropertyValueSpecification","valueRequired":true,"valueName":"search_term_string"}}],"inLanguage":"cs"},{"@type":"Organization","@id":"https:\/\/vivasan-shop.com\/#organization","name":"Vivasan","url":"https:\/\/vivasan-shop.com\/","logo":{"@type":"ImageObject","inLanguage":"cs","@id":"https:\/\/vivasan-shop.com\/#\/schema\/logo\/image\/","url":"https:\/\/vivasan-shop.com\/wp-content\/uploads\/2025\/07\/photo_2025-07-05_23-33-41.jpg","contentUrl":"https:\/\/vivasan-shop.com\/wp-content\/uploads\/2025\/07\/photo_2025-07-05_23-33-41.jpg","width":1080,"height":608,"caption":"Vivasan"},"image":{"@id":"https:\/\/vivasan-shop.com\/#\/schema\/logo\/image\/"}}]}},"_links":{"self":[{"href":"https:\/\/vivasan-shop.com\/cs\/wp-json\/wp\/v2\/product\/1507","targetHints":{"allow":["GET"]}}],"collection":[{"href":"https:\/\/vivasan-shop.com\/cs\/wp-json\/wp\/v2\/product"}],"about":[{"href":"https:\/\/vivasan-shop.com\/cs\/wp-json\/wp\/v2\/types\/product"}],"replies":[{"embeddable":true,"href":"https:\/\/vivasan-shop.com\/cs\/wp-json\/wp\/v2\/comments?post=1507"}],"version-history":[{"count":1,"href":"https:\/\/vivasan-shop.com\/cs\/wp-json\/wp\/v2\/product\/1507\/revisions"}],"predecessor-version":[{"id":1509,"href":"https:\/\/vivasan-shop.com\/cs\/wp-json\/wp\/v2\/product\/1507\/revisions\/1509"}],"wp:featuredmedia":[{"embeddable":true,"href":"https:\/\/vivasan-shop.com\/cs\/wp-json\/wp\/v2\/media\/1508"}],"wp:attachment":[{"href":"https:\/\/vivasan-shop.com\/cs\/wp-json\/wp\/v2\/media?parent=1507"}],"wp:term":[{"taxonomy":"product_brand","embeddable":true,"href":"https:\/\/vivasan-shop.com\/cs\/wp-json\/wp\/v2\/product_brand?post=1507"},{"taxonomy":"product_cat","embeddable":true,"href":"https:\/\/vivasan-shop.com\/cs\/wp-json\/wp\/v2\/product_cat?post=1507"},{"taxonomy":"product_tag","embeddable":true,"href":"https:\/\/vivasan-shop.com\/cs\/wp-json\/wp\/v2\/product_tag?post=1507"}],"curies":[{"name":"wp","href":"https:\/\/api.w.org\/{rel}","templated":true}]}}