{"id":1516,"date":"2025-06-20T15:18:00","date_gmt":"2025-06-20T15:18:00","guid":{"rendered":"https:\/\/vivasan-shop.com\/?post_type=product&#038;p=1516"},"modified":"2025-08-11T16:06:21","modified_gmt":"2025-08-11T16:06:21","slug":"migliorin-gel-capsules-for-hair-and-nails-45-capsules","status":"publish","type":"product","link":"https:\/\/vivasan-shop.com\/cs\/shop\/health\/nutritional-supplements\/migliorin-gel-capsules-for-hair-and-nails-45-capsules\/","title":{"rendered":"Migliorin gelov\u00e9 kapsle na vlasy a nehty, 45 kapsl\u00ed"},"content":{"rendered":"<p>Migliorin gel capsules for hair and nails \u2014 dietary supplement with L-cystine and panthotenic acid. Developed for those with a particular interest in maintaining the health of their hair and nails, as well as great all round support for the skin. Migliorin capsules contain sulphuric amino acids, vitamin E, equisetum, keratin, calcium pantothenate (vitamin B), extract of golden millet and wheat germ oils. Dietary supplement with L-cystine and Panthotenic acid protecting the hair, encouraging natural growth, strengthening the roots, improving scalp oxygenation and fighting excess grease and hair loss.<\/p>\n<ul>\n<li>Does not contain derivatives of mineral origin.<\/li>\n<li>No preservatives.<\/li>\n<li>Gluten-free.<\/li>\n<li>Does not contain colourings of synthetic origin.<\/li>\n<li>GMO free.<\/li>\n<li>Does not contain added metals.<\/li>\n<li>Volume: 45 capsules.<\/li>\n<\/ul>\n<h3>Usage<\/h3>\n<p>Take 2 capsules per day with a meal with plenty of water before or during meals. Do not exceed the recommended dosage. This product should not replace a varied diet.\u00a0Soya oil, Millet extract, L-Cysteine, Wheat germ oil (0.25% in Vitamin E), L-Methionine, extract of Equisetum, Lethicin, Keratin, Calcium Pantothenate.<\/p>\n<p><strong>Slo\u017een\u00ed:<\/strong>\u00a0food gelatine capsules (glycerin, iron oxides), soybean oil, cereal germ oil, L-cystine 11.97%, partially hydrogenated soybean oil, millet (Panicum miliaceum L.) fruit (oily) 6.5% \u2013 dry (*) 6.5%), L-methionine, yellow wax, p. Ext. (*) From horsetail (Equisetum arvense L. herba), lecithin; purified water, hydrolyzed keratin, pantothenic acid (calcium D-pantothenate) 0.38%; Dye: titanium dioxide.<\/p>","protected":false},"excerpt":{"rendered":"<div class=\"woocommerce-product-details__short-description\">\n<div class=\"woocommerce-product-details__short-description\">\n<p>A dietary supplement in gel capsules to nourish the hair and at the same time strengthen nails. \u2028It contains sulphuric amino acids, Vitamin E, Equisetum, Keratin, Calcium Pantothenate containing Vitamin B, extract of Golden Millet and Wheat Germ oil and acts from within protecting the hair, encouraging natural growth, strengthening the roots, improving scalp oxygenation and fighting excess grease and hair loss.<\/p>\n<\/div>\n<\/div>","protected":false},"featured_media":1517,"comment_status":"open","ping_status":"closed","template":"","meta":{"_acf_changed":false},"product_brand":[82],"product_cat":[62,67,68,70],"product_tag":[],"class_list":{"0":"post-1516","1":"product","2":"type-product","3":"status-publish","4":"has-post-thumbnail","6":"product_brand-migliorin","7":"product_cat-beauty","8":"product_cat-hair-care","9":"product_cat-health","10":"product_cat-nutritional-supplements","12":"first","13":"outofstock","14":"shipping-taxable","15":"purchasable","16":"product-type-simple"},"acf":[],"yoast_head":"<!-- This site is optimized with the Yoast SEO plugin v27.3 - https:\/\/yoast.com\/product\/yoast-seo-wordpress\/ -->\n<title>Migliorin gel capsules for hair and nails, 45 capsules - vivasan-shop.com<\/title>\n<meta name=\"robots\" content=\"index, follow, max-snippet:-1, max-image-preview:large, max-video-preview:-1\" \/>\n<link rel=\"canonical\" href=\"https:\/\/vivasan-shop.com\/cs\/shop\/health\/nutritional-supplements\/migliorin-gel-capsules-for-hair-and-nails-45-capsules\/\" \/>\n<meta property=\"og:locale\" content=\"cs_CZ\" \/>\n<meta property=\"og:type\" content=\"article\" \/>\n<meta property=\"og:title\" content=\"Migliorin gel capsules for hair and nails, 45 capsules - vivasan-shop.com\" \/>\n<meta property=\"og:description\" content=\"A dietary supplement in gel capsules to nourish the hair and at the same time strengthen nails. \u2028It contains sulphuric amino acids, Vitamin E, Equisetum, Keratin, Calcium Pantothenate containing Vitamin B, extract of Golden Millet and Wheat Germ oil and acts from within protecting the hair, encouraging natural growth, strengthening the roots, improving scalp oxygenation and fighting excess grease and hair loss.\" \/>\n<meta property=\"og:url\" content=\"https:\/\/vivasan-shop.com\/cs\/shop\/health\/nutritional-supplements\/migliorin-gel-capsules-for-hair-and-nails-45-capsules\/\" \/>\n<meta property=\"og:site_name\" content=\"vivasan-shop.com\" \/>\n<meta property=\"article:modified_time\" content=\"2025-08-11T16:06:21+00:00\" \/>\n<meta property=\"og:image\" content=\"https:\/\/vivasan-shop.com\/wp-content\/uploads\/2025\/09\/photo_2025-09-04_15-07-27-removebg-preview.png\" \/>\n\t<meta property=\"og:image:width\" content=\"715\" \/>\n\t<meta property=\"og:image:height\" content=\"349\" \/>\n\t<meta property=\"og:image:type\" content=\"image\/png\" \/>\n<meta name=\"twitter:card\" content=\"summary_large_image\" \/>\n<meta name=\"twitter:label1\" content=\"Odhadovan\u00e1 doba \u010dten\u00ed\" \/>\n\t<meta name=\"twitter:data1\" content=\"1 minuta\" \/>\n<script type=\"application\/ld+json\" class=\"yoast-schema-graph\">{\"@context\":\"https:\\\/\\\/schema.org\",\"@graph\":[{\"@type\":[\"WebPage\",\"ItemPage\"],\"@id\":\"https:\\\/\\\/vivasan-shop.com\\\/shop\\\/health\\\/nutritional-supplements\\\/migliorin-gel-capsules-for-hair-and-nails-45-capsules\\\/\",\"url\":\"https:\\\/\\\/vivasan-shop.com\\\/shop\\\/health\\\/nutritional-supplements\\\/migliorin-gel-capsules-for-hair-and-nails-45-capsules\\\/\",\"name\":\"Migliorin gel capsules for hair and nails, 45 capsules - vivasan-shop.com\",\"isPartOf\":{\"@id\":\"https:\\\/\\\/vivasan-shop.com\\\/#website\"},\"primaryImageOfPage\":{\"@id\":\"https:\\\/\\\/vivasan-shop.com\\\/shop\\\/health\\\/nutritional-supplements\\\/migliorin-gel-capsules-for-hair-and-nails-45-capsules\\\/#primaryimage\"},\"image\":{\"@id\":\"https:\\\/\\\/vivasan-shop.com\\\/shop\\\/health\\\/nutritional-supplements\\\/migliorin-gel-capsules-for-hair-and-nails-45-capsules\\\/#primaryimage\"},\"thumbnailUrl\":\"https:\\\/\\\/vivasan-shop.com\\\/wp-content\\\/uploads\\\/2025\\\/06\\\/vivasan.club-20201210-1404-10655166.avif\",\"datePublished\":\"2025-06-20T15:18:00+00:00\",\"dateModified\":\"2025-08-11T16:06:21+00:00\",\"breadcrumb\":{\"@id\":\"https:\\\/\\\/vivasan-shop.com\\\/shop\\\/health\\\/nutritional-supplements\\\/migliorin-gel-capsules-for-hair-and-nails-45-capsules\\\/#breadcrumb\"},\"inLanguage\":\"cs\",\"potentialAction\":[{\"@type\":\"ReadAction\",\"target\":[\"https:\\\/\\\/vivasan-shop.com\\\/shop\\\/health\\\/nutritional-supplements\\\/migliorin-gel-capsules-for-hair-and-nails-45-capsules\\\/\"]}]},{\"@type\":\"ImageObject\",\"inLanguage\":\"cs\",\"@id\":\"https:\\\/\\\/vivasan-shop.com\\\/shop\\\/health\\\/nutritional-supplements\\\/migliorin-gel-capsules-for-hair-and-nails-45-capsules\\\/#primaryimage\",\"url\":\"https:\\\/\\\/vivasan-shop.com\\\/wp-content\\\/uploads\\\/2025\\\/06\\\/vivasan.club-20201210-1404-10655166.avif\",\"contentUrl\":\"https:\\\/\\\/vivasan-shop.com\\\/wp-content\\\/uploads\\\/2025\\\/06\\\/vivasan.club-20201210-1404-10655166.avif\",\"width\":768,\"height\":768},{\"@type\":\"BreadcrumbList\",\"@id\":\"https:\\\/\\\/vivasan-shop.com\\\/shop\\\/health\\\/nutritional-supplements\\\/migliorin-gel-capsules-for-hair-and-nails-45-capsules\\\/#breadcrumb\",\"itemListElement\":[{\"@type\":\"ListItem\",\"position\":1,\"name\":\"Home\",\"item\":\"https:\\\/\\\/vivasan-shop.com\\\/\"},{\"@type\":\"ListItem\",\"position\":2,\"name\":\"Shop\",\"item\":\"https:\\\/\\\/vivasan-shop.com\\\/shop\\\/\"},{\"@type\":\"ListItem\",\"position\":3,\"name\":\"Migliorin gel capsules for hair and nails, 45 capsules\"}]},{\"@type\":\"WebSite\",\"@id\":\"https:\\\/\\\/vivasan-shop.com\\\/#website\",\"url\":\"https:\\\/\\\/vivasan-shop.com\\\/\",\"name\":\"Vivasan\",\"description\":\"\",\"publisher\":{\"@id\":\"https:\\\/\\\/vivasan-shop.com\\\/#organization\"},\"potentialAction\":[{\"@type\":\"SearchAction\",\"target\":{\"@type\":\"EntryPoint\",\"urlTemplate\":\"https:\\\/\\\/vivasan-shop.com\\\/?s={search_term_string}\"},\"query-input\":{\"@type\":\"PropertyValueSpecification\",\"valueRequired\":true,\"valueName\":\"search_term_string\"}}],\"inLanguage\":\"cs\"},{\"@type\":\"Organization\",\"@id\":\"https:\\\/\\\/vivasan-shop.com\\\/#organization\",\"name\":\"Vivasan\",\"url\":\"https:\\\/\\\/vivasan-shop.com\\\/\",\"logo\":{\"@type\":\"ImageObject\",\"inLanguage\":\"cs\",\"@id\":\"https:\\\/\\\/vivasan-shop.com\\\/#\\\/schema\\\/logo\\\/image\\\/\",\"url\":\"https:\\\/\\\/vivasan-shop.com\\\/wp-content\\\/uploads\\\/2025\\\/07\\\/photo_2025-07-05_23-33-41.jpg\",\"contentUrl\":\"https:\\\/\\\/vivasan-shop.com\\\/wp-content\\\/uploads\\\/2025\\\/07\\\/photo_2025-07-05_23-33-41.jpg\",\"width\":1080,\"height\":608,\"caption\":\"Vivasan\"},\"image\":{\"@id\":\"https:\\\/\\\/vivasan-shop.com\\\/#\\\/schema\\\/logo\\\/image\\\/\"}}]}<\/script>\n<!-- \/ Yoast SEO plugin. -->","yoast_head_json":{"title":"Migliorin gel capsules for hair and nails, 45 capsules - vivasan-shop.com","robots":{"index":"index","follow":"follow","max-snippet":"max-snippet:-1","max-image-preview":"max-image-preview:large","max-video-preview":"max-video-preview:-1"},"canonical":"https:\/\/vivasan-shop.com\/cs\/shop\/health\/nutritional-supplements\/migliorin-gel-capsules-for-hair-and-nails-45-capsules\/","og_locale":"cs_CZ","og_type":"article","og_title":"Migliorin gel capsules for hair and nails, 45 capsules - vivasan-shop.com","og_description":"A dietary supplement in gel capsules to nourish the hair and at the same time strengthen nails. \u2028It contains sulphuric amino acids, Vitamin E, Equisetum, Keratin, Calcium Pantothenate containing Vitamin B, extract of Golden Millet and Wheat Germ oil and acts from within protecting the hair, encouraging natural growth, strengthening the roots, improving scalp oxygenation and fighting excess grease and hair loss.","og_url":"https:\/\/vivasan-shop.com\/cs\/shop\/health\/nutritional-supplements\/migliorin-gel-capsules-for-hair-and-nails-45-capsules\/","og_site_name":"vivasan-shop.com","article_modified_time":"2025-08-11T16:06:21+00:00","og_image":[{"width":715,"height":349,"url":"https:\/\/vivasan-shop.com\/wp-content\/uploads\/2025\/09\/photo_2025-09-04_15-07-27-removebg-preview.png","type":"image\/png"}],"twitter_card":"summary_large_image","twitter_misc":{"Odhadovan\u00e1 doba \u010dten\u00ed":"1 minuta"},"schema":{"@context":"https:\/\/schema.org","@graph":[{"@type":["WebPage","ItemPage"],"@id":"https:\/\/vivasan-shop.com\/shop\/health\/nutritional-supplements\/migliorin-gel-capsules-for-hair-and-nails-45-capsules\/","url":"https:\/\/vivasan-shop.com\/shop\/health\/nutritional-supplements\/migliorin-gel-capsules-for-hair-and-nails-45-capsules\/","name":"Migliorin gel capsules for hair and nails, 45 capsules - vivasan-shop.com","isPartOf":{"@id":"https:\/\/vivasan-shop.com\/#website"},"primaryImageOfPage":{"@id":"https:\/\/vivasan-shop.com\/shop\/health\/nutritional-supplements\/migliorin-gel-capsules-for-hair-and-nails-45-capsules\/#primaryimage"},"image":{"@id":"https:\/\/vivasan-shop.com\/shop\/health\/nutritional-supplements\/migliorin-gel-capsules-for-hair-and-nails-45-capsules\/#primaryimage"},"thumbnailUrl":"https:\/\/vivasan-shop.com\/wp-content\/uploads\/2025\/06\/vivasan.club-20201210-1404-10655166.avif","datePublished":"2025-06-20T15:18:00+00:00","dateModified":"2025-08-11T16:06:21+00:00","breadcrumb":{"@id":"https:\/\/vivasan-shop.com\/shop\/health\/nutritional-supplements\/migliorin-gel-capsules-for-hair-and-nails-45-capsules\/#breadcrumb"},"inLanguage":"cs","potentialAction":[{"@type":"ReadAction","target":["https:\/\/vivasan-shop.com\/shop\/health\/nutritional-supplements\/migliorin-gel-capsules-for-hair-and-nails-45-capsules\/"]}]},{"@type":"ImageObject","inLanguage":"cs","@id":"https:\/\/vivasan-shop.com\/shop\/health\/nutritional-supplements\/migliorin-gel-capsules-for-hair-and-nails-45-capsules\/#primaryimage","url":"https:\/\/vivasan-shop.com\/wp-content\/uploads\/2025\/06\/vivasan.club-20201210-1404-10655166.avif","contentUrl":"https:\/\/vivasan-shop.com\/wp-content\/uploads\/2025\/06\/vivasan.club-20201210-1404-10655166.avif","width":768,"height":768},{"@type":"BreadcrumbList","@id":"https:\/\/vivasan-shop.com\/shop\/health\/nutritional-supplements\/migliorin-gel-capsules-for-hair-and-nails-45-capsules\/#breadcrumb","itemListElement":[{"@type":"ListItem","position":1,"name":"Home","item":"https:\/\/vivasan-shop.com\/"},{"@type":"ListItem","position":2,"name":"Shop","item":"https:\/\/vivasan-shop.com\/shop\/"},{"@type":"ListItem","position":3,"name":"Migliorin gel capsules for hair and nails, 45 capsules"}]},{"@type":"WebSite","@id":"https:\/\/vivasan-shop.com\/#website","url":"https:\/\/vivasan-shop.com\/","name":"Vivasan","description":"","publisher":{"@id":"https:\/\/vivasan-shop.com\/#organization"},"potentialAction":[{"@type":"SearchAction","target":{"@type":"EntryPoint","urlTemplate":"https:\/\/vivasan-shop.com\/?s={search_term_string}"},"query-input":{"@type":"PropertyValueSpecification","valueRequired":true,"valueName":"search_term_string"}}],"inLanguage":"cs"},{"@type":"Organization","@id":"https:\/\/vivasan-shop.com\/#organization","name":"Vivasan","url":"https:\/\/vivasan-shop.com\/","logo":{"@type":"ImageObject","inLanguage":"cs","@id":"https:\/\/vivasan-shop.com\/#\/schema\/logo\/image\/","url":"https:\/\/vivasan-shop.com\/wp-content\/uploads\/2025\/07\/photo_2025-07-05_23-33-41.jpg","contentUrl":"https:\/\/vivasan-shop.com\/wp-content\/uploads\/2025\/07\/photo_2025-07-05_23-33-41.jpg","width":1080,"height":608,"caption":"Vivasan"},"image":{"@id":"https:\/\/vivasan-shop.com\/#\/schema\/logo\/image\/"}}]}},"_links":{"self":[{"href":"https:\/\/vivasan-shop.com\/cs\/wp-json\/wp\/v2\/product\/1516","targetHints":{"allow":["GET"]}}],"collection":[{"href":"https:\/\/vivasan-shop.com\/cs\/wp-json\/wp\/v2\/product"}],"about":[{"href":"https:\/\/vivasan-shop.com\/cs\/wp-json\/wp\/v2\/types\/product"}],"replies":[{"embeddable":true,"href":"https:\/\/vivasan-shop.com\/cs\/wp-json\/wp\/v2\/comments?post=1516"}],"version-history":[{"count":1,"href":"https:\/\/vivasan-shop.com\/cs\/wp-json\/wp\/v2\/product\/1516\/revisions"}],"predecessor-version":[{"id":1518,"href":"https:\/\/vivasan-shop.com\/cs\/wp-json\/wp\/v2\/product\/1516\/revisions\/1518"}],"wp:featuredmedia":[{"embeddable":true,"href":"https:\/\/vivasan-shop.com\/cs\/wp-json\/wp\/v2\/media\/1517"}],"wp:attachment":[{"href":"https:\/\/vivasan-shop.com\/cs\/wp-json\/wp\/v2\/media?parent=1516"}],"wp:term":[{"taxonomy":"product_brand","embeddable":true,"href":"https:\/\/vivasan-shop.com\/cs\/wp-json\/wp\/v2\/product_brand?post=1516"},{"taxonomy":"product_cat","embeddable":true,"href":"https:\/\/vivasan-shop.com\/cs\/wp-json\/wp\/v2\/product_cat?post=1516"},{"taxonomy":"product_tag","embeddable":true,"href":"https:\/\/vivasan-shop.com\/cs\/wp-json\/wp\/v2\/product_tag?post=1516"}],"curies":[{"name":"wp","href":"https:\/\/api.w.org\/{rel}","templated":true}]}}