{"id":1522,"date":"2025-06-20T15:21:00","date_gmt":"2025-06-20T15:21:00","guid":{"rendered":"https:\/\/vivasan-shop.com\/?post_type=product&#038;p=1522"},"modified":"2025-08-11T16:06:21","modified_gmt":"2025-08-11T16:06:21","slug":"migliorin-phials-hair-ph-5-5","status":"publish","type":"product","link":"https:\/\/vivasan-shop.com\/cs\/shop\/beauty\/hair-care\/migliorin-phials-hair-ph-5-5\/","title":{"rendered":"Migliorin lahvi\u010dky na vlasy s pH 5,5"},"content":{"rendered":"<p>Migliorin treatment ampoules easy to use, leave-in hair treatment phials to provide an effective support against the maximum number of factors responsible for hair loss. They help to oxygenate and promote capillary circulation to the hair roots while strengthening the hair in the length. Thanks to natural ingredients like Panthenol, Keratin and Biotin as well as important oligo-elements like Iron, Zinc, Copper and Magnesium. Since Migliorin phials contain precious Millet extract, the richest cereal in Silicic Acid, principal constituent of the hair, they help to achieve flowing, resistant hair. A healthy scalp keeps roots strong helping the growth of beautiful hair. Hair feels instantly smooth, thick and has volume. Rich in panthenol, keratin and biotin in combination with oligo-elements (iron, zinc, copper, and magnesium) and camomile, St. John\u2019s wort, lavender, hamamelis, rose, artichoke that help to stimulate growth and tissue regeneration without weighing down hair.<\/p>\n<ul>\n<li>Does not contain derivatives of animal origin.<\/li>\n<li>Produkt nebyl testov\u00e1n na zv\u00ed\u0159atech.<\/li>\n<li>Dermatologically tested.<\/li>\n<li>Does not contain added metals.<\/li>\n<li>Does not contain colourings or synthetic origins.<\/li>\n<li>GMO free.<\/li>\n<li>Alcohol free.<\/li>\n<li>Paraben-free.<\/li>\n<li>Nickel tested.<\/li>\n<li>Certifikace GMP.<\/li>\n<\/ul>\n<p>Migliorin\u2019s pH 5.5 phials help to prevent hair loss and act as a treatment to strengthen hair. They help to oxygenate and promote capillary circulation to the root whilst strengthening the hair. Golden Millet extract is easily absorbed and rich in silicon which is a very important mineral for elasticity, tone and smoothness of the hair. A healthy scalp keeps roots efficient, ensuring the growth of strong, beautiful hair.\u2028Does not contain derivatives of animal origin.<\/p>\n<h3>Usage<\/h3>\n<p>For brittle hair with problems of hair loss.Twice weekly for at least one month apply contents of a phial onto the palm of your hand, spread well across the scalp and continue to massage in a circular motion using the fingertips. After one month, continue to repeat the procedure only once weekly.<\/p>\n<p><strong>Contains:<\/strong>\u00a0Golden Millet extracts, Mallow, Horse Tail extract, Marshmallow, Fenugreek, Hypercium, Horse Chesnut, Chamomile, Hamamelis, Lettuce, Burdock, Lavender, Dandelion, Artichoke, Rose; Pantothenate Calcium, Panthenol, Keratin, Silk protein, Biotin, complex of trace minerals (Iron, Zinc, Copper and Magnesium).<\/p>","protected":false},"excerpt":{"rendered":"<div class=\"woocommerce-product-details__short-description\">\n<div class=\"woocommerce-product-details__short-description\">\n<p>Migliorin\u2019s pH 5.5 phials help to prevent hair loss and act as a treatment to strengthen hair. They help to oxygenate and promote capillary circulation to the root whilst strengthening the hair. Golden Millet extract is easily absorbed and rich in silicon which is a very important mineral for elasticity, tone and smoothness of the hair. A healthy scalp keeps roots efficient, ensuring the growth of strong, beautiful hair.\u2028Does not contain derivatives of animal origin.<\/p>\n<\/div>\n<\/div>","protected":false},"featured_media":1523,"comment_status":"open","ping_status":"closed","template":"","meta":{"_acf_changed":false},"product_brand":[82],"product_cat":[62,67],"product_tag":[],"class_list":{"0":"post-1522","1":"product","2":"type-product","3":"status-publish","4":"has-post-thumbnail","6":"product_brand-migliorin","7":"product_cat-beauty","8":"product_cat-hair-care","10":"first","11":"instock","12":"shipping-taxable","13":"purchasable","14":"product-type-simple"},"acf":[],"yoast_head":"<!-- This site is optimized with the Yoast SEO plugin v27.3 - https:\/\/yoast.com\/product\/yoast-seo-wordpress\/ -->\n<title>Migliorin phials hair pH 5.5 - vivasan-shop.com<\/title>\n<meta name=\"robots\" content=\"index, follow, max-snippet:-1, max-image-preview:large, max-video-preview:-1\" \/>\n<link rel=\"canonical\" href=\"https:\/\/vivasan-shop.com\/cs\/shop\/beauty\/hair-care\/migliorin-phials-hair-ph-5-5\/\" \/>\n<meta property=\"og:locale\" content=\"cs_CZ\" \/>\n<meta property=\"og:type\" content=\"article\" \/>\n<meta property=\"og:title\" content=\"Migliorin phials hair pH 5.5 - vivasan-shop.com\" \/>\n<meta property=\"og:description\" content=\"Migliorin\u2019s pH 5.5 phials help to prevent hair loss and act as a treatment to strengthen hair. They help to oxygenate and promote capillary circulation to the root whilst strengthening the hair. Golden Millet extract is easily absorbed and rich in silicon which is a very important mineral for elasticity, tone and smoothness of the hair. A healthy scalp keeps roots efficient, ensuring the growth of strong, beautiful hair.\u2028Does not contain derivatives of animal origin.\" \/>\n<meta property=\"og:url\" content=\"https:\/\/vivasan-shop.com\/cs\/shop\/beauty\/hair-care\/migliorin-phials-hair-ph-5-5\/\" \/>\n<meta property=\"og:site_name\" content=\"vivasan-shop.com\" \/>\n<meta property=\"article:modified_time\" content=\"2025-08-11T16:06:21+00:00\" \/>\n<meta property=\"og:image\" content=\"https:\/\/vivasan-shop.com\/wp-content\/uploads\/2025\/09\/photo_2025-09-04_15-07-27-removebg-preview.png\" \/>\n\t<meta property=\"og:image:width\" content=\"715\" \/>\n\t<meta property=\"og:image:height\" content=\"349\" \/>\n\t<meta property=\"og:image:type\" content=\"image\/png\" \/>\n<meta name=\"twitter:card\" content=\"summary_large_image\" \/>\n<meta name=\"twitter:label1\" content=\"Odhadovan\u00e1 doba \u010dten\u00ed\" \/>\n\t<meta name=\"twitter:data1\" content=\"1 minuta\" \/>\n<script type=\"application\/ld+json\" class=\"yoast-schema-graph\">{\"@context\":\"https:\\\/\\\/schema.org\",\"@graph\":[{\"@type\":[\"WebPage\",\"ItemPage\"],\"@id\":\"https:\\\/\\\/vivasan-shop.com\\\/shop\\\/beauty\\\/hair-care\\\/migliorin-phials-hair-ph-5-5\\\/\",\"url\":\"https:\\\/\\\/vivasan-shop.com\\\/shop\\\/beauty\\\/hair-care\\\/migliorin-phials-hair-ph-5-5\\\/\",\"name\":\"Migliorin phials hair pH 5.5 - vivasan-shop.com\",\"isPartOf\":{\"@id\":\"https:\\\/\\\/vivasan-shop.com\\\/#website\"},\"primaryImageOfPage\":{\"@id\":\"https:\\\/\\\/vivasan-shop.com\\\/shop\\\/beauty\\\/hair-care\\\/migliorin-phials-hair-ph-5-5\\\/#primaryimage\"},\"image\":{\"@id\":\"https:\\\/\\\/vivasan-shop.com\\\/shop\\\/beauty\\\/hair-care\\\/migliorin-phials-hair-ph-5-5\\\/#primaryimage\"},\"thumbnailUrl\":\"https:\\\/\\\/vivasan-shop.com\\\/wp-content\\\/uploads\\\/2025\\\/06\\\/vivasan.club-20190505-1408-45042773.avif\",\"datePublished\":\"2025-06-20T15:21:00+00:00\",\"dateModified\":\"2025-08-11T16:06:21+00:00\",\"breadcrumb\":{\"@id\":\"https:\\\/\\\/vivasan-shop.com\\\/shop\\\/beauty\\\/hair-care\\\/migliorin-phials-hair-ph-5-5\\\/#breadcrumb\"},\"inLanguage\":\"cs\",\"potentialAction\":[{\"@type\":\"ReadAction\",\"target\":[\"https:\\\/\\\/vivasan-shop.com\\\/shop\\\/beauty\\\/hair-care\\\/migliorin-phials-hair-ph-5-5\\\/\"]}]},{\"@type\":\"ImageObject\",\"inLanguage\":\"cs\",\"@id\":\"https:\\\/\\\/vivasan-shop.com\\\/shop\\\/beauty\\\/hair-care\\\/migliorin-phials-hair-ph-5-5\\\/#primaryimage\",\"url\":\"https:\\\/\\\/vivasan-shop.com\\\/wp-content\\\/uploads\\\/2025\\\/06\\\/vivasan.club-20190505-1408-45042773.avif\",\"contentUrl\":\"https:\\\/\\\/vivasan-shop.com\\\/wp-content\\\/uploads\\\/2025\\\/06\\\/vivasan.club-20190505-1408-45042773.avif\",\"width\":768,\"height\":768},{\"@type\":\"BreadcrumbList\",\"@id\":\"https:\\\/\\\/vivasan-shop.com\\\/shop\\\/beauty\\\/hair-care\\\/migliorin-phials-hair-ph-5-5\\\/#breadcrumb\",\"itemListElement\":[{\"@type\":\"ListItem\",\"position\":1,\"name\":\"Home\",\"item\":\"https:\\\/\\\/vivasan-shop.com\\\/\"},{\"@type\":\"ListItem\",\"position\":2,\"name\":\"Shop\",\"item\":\"https:\\\/\\\/vivasan-shop.com\\\/shop\\\/\"},{\"@type\":\"ListItem\",\"position\":3,\"name\":\"Migliorin phials hair pH 5.5\"}]},{\"@type\":\"WebSite\",\"@id\":\"https:\\\/\\\/vivasan-shop.com\\\/#website\",\"url\":\"https:\\\/\\\/vivasan-shop.com\\\/\",\"name\":\"Vivasan\",\"description\":\"\",\"publisher\":{\"@id\":\"https:\\\/\\\/vivasan-shop.com\\\/#organization\"},\"potentialAction\":[{\"@type\":\"SearchAction\",\"target\":{\"@type\":\"EntryPoint\",\"urlTemplate\":\"https:\\\/\\\/vivasan-shop.com\\\/?s={search_term_string}\"},\"query-input\":{\"@type\":\"PropertyValueSpecification\",\"valueRequired\":true,\"valueName\":\"search_term_string\"}}],\"inLanguage\":\"cs\"},{\"@type\":\"Organization\",\"@id\":\"https:\\\/\\\/vivasan-shop.com\\\/#organization\",\"name\":\"Vivasan\",\"url\":\"https:\\\/\\\/vivasan-shop.com\\\/\",\"logo\":{\"@type\":\"ImageObject\",\"inLanguage\":\"cs\",\"@id\":\"https:\\\/\\\/vivasan-shop.com\\\/#\\\/schema\\\/logo\\\/image\\\/\",\"url\":\"https:\\\/\\\/vivasan-shop.com\\\/wp-content\\\/uploads\\\/2025\\\/07\\\/photo_2025-07-05_23-33-41.jpg\",\"contentUrl\":\"https:\\\/\\\/vivasan-shop.com\\\/wp-content\\\/uploads\\\/2025\\\/07\\\/photo_2025-07-05_23-33-41.jpg\",\"width\":1080,\"height\":608,\"caption\":\"Vivasan\"},\"image\":{\"@id\":\"https:\\\/\\\/vivasan-shop.com\\\/#\\\/schema\\\/logo\\\/image\\\/\"}}]}<\/script>\n<!-- \/ Yoast SEO plugin. -->","yoast_head_json":{"title":"Migliorin phials hair pH 5.5 - vivasan-shop.com","robots":{"index":"index","follow":"follow","max-snippet":"max-snippet:-1","max-image-preview":"max-image-preview:large","max-video-preview":"max-video-preview:-1"},"canonical":"https:\/\/vivasan-shop.com\/cs\/shop\/beauty\/hair-care\/migliorin-phials-hair-ph-5-5\/","og_locale":"cs_CZ","og_type":"article","og_title":"Migliorin phials hair pH 5.5 - vivasan-shop.com","og_description":"Migliorin\u2019s pH 5.5 phials help to prevent hair loss and act as a treatment to strengthen hair. They help to oxygenate and promote capillary circulation to the root whilst strengthening the hair. Golden Millet extract is easily absorbed and rich in silicon which is a very important mineral for elasticity, tone and smoothness of the hair. A healthy scalp keeps roots efficient, ensuring the growth of strong, beautiful hair.\u2028Does not contain derivatives of animal origin.","og_url":"https:\/\/vivasan-shop.com\/cs\/shop\/beauty\/hair-care\/migliorin-phials-hair-ph-5-5\/","og_site_name":"vivasan-shop.com","article_modified_time":"2025-08-11T16:06:21+00:00","og_image":[{"width":715,"height":349,"url":"https:\/\/vivasan-shop.com\/wp-content\/uploads\/2025\/09\/photo_2025-09-04_15-07-27-removebg-preview.png","type":"image\/png"}],"twitter_card":"summary_large_image","twitter_misc":{"Odhadovan\u00e1 doba \u010dten\u00ed":"1 minuta"},"schema":{"@context":"https:\/\/schema.org","@graph":[{"@type":["WebPage","ItemPage"],"@id":"https:\/\/vivasan-shop.com\/shop\/beauty\/hair-care\/migliorin-phials-hair-ph-5-5\/","url":"https:\/\/vivasan-shop.com\/shop\/beauty\/hair-care\/migliorin-phials-hair-ph-5-5\/","name":"Migliorin phials hair pH 5.5 - vivasan-shop.com","isPartOf":{"@id":"https:\/\/vivasan-shop.com\/#website"},"primaryImageOfPage":{"@id":"https:\/\/vivasan-shop.com\/shop\/beauty\/hair-care\/migliorin-phials-hair-ph-5-5\/#primaryimage"},"image":{"@id":"https:\/\/vivasan-shop.com\/shop\/beauty\/hair-care\/migliorin-phials-hair-ph-5-5\/#primaryimage"},"thumbnailUrl":"https:\/\/vivasan-shop.com\/wp-content\/uploads\/2025\/06\/vivasan.club-20190505-1408-45042773.avif","datePublished":"2025-06-20T15:21:00+00:00","dateModified":"2025-08-11T16:06:21+00:00","breadcrumb":{"@id":"https:\/\/vivasan-shop.com\/shop\/beauty\/hair-care\/migliorin-phials-hair-ph-5-5\/#breadcrumb"},"inLanguage":"cs","potentialAction":[{"@type":"ReadAction","target":["https:\/\/vivasan-shop.com\/shop\/beauty\/hair-care\/migliorin-phials-hair-ph-5-5\/"]}]},{"@type":"ImageObject","inLanguage":"cs","@id":"https:\/\/vivasan-shop.com\/shop\/beauty\/hair-care\/migliorin-phials-hair-ph-5-5\/#primaryimage","url":"https:\/\/vivasan-shop.com\/wp-content\/uploads\/2025\/06\/vivasan.club-20190505-1408-45042773.avif","contentUrl":"https:\/\/vivasan-shop.com\/wp-content\/uploads\/2025\/06\/vivasan.club-20190505-1408-45042773.avif","width":768,"height":768},{"@type":"BreadcrumbList","@id":"https:\/\/vivasan-shop.com\/shop\/beauty\/hair-care\/migliorin-phials-hair-ph-5-5\/#breadcrumb","itemListElement":[{"@type":"ListItem","position":1,"name":"Home","item":"https:\/\/vivasan-shop.com\/"},{"@type":"ListItem","position":2,"name":"Shop","item":"https:\/\/vivasan-shop.com\/shop\/"},{"@type":"ListItem","position":3,"name":"Migliorin phials hair pH 5.5"}]},{"@type":"WebSite","@id":"https:\/\/vivasan-shop.com\/#website","url":"https:\/\/vivasan-shop.com\/","name":"Vivasan","description":"","publisher":{"@id":"https:\/\/vivasan-shop.com\/#organization"},"potentialAction":[{"@type":"SearchAction","target":{"@type":"EntryPoint","urlTemplate":"https:\/\/vivasan-shop.com\/?s={search_term_string}"},"query-input":{"@type":"PropertyValueSpecification","valueRequired":true,"valueName":"search_term_string"}}],"inLanguage":"cs"},{"@type":"Organization","@id":"https:\/\/vivasan-shop.com\/#organization","name":"Vivasan","url":"https:\/\/vivasan-shop.com\/","logo":{"@type":"ImageObject","inLanguage":"cs","@id":"https:\/\/vivasan-shop.com\/#\/schema\/logo\/image\/","url":"https:\/\/vivasan-shop.com\/wp-content\/uploads\/2025\/07\/photo_2025-07-05_23-33-41.jpg","contentUrl":"https:\/\/vivasan-shop.com\/wp-content\/uploads\/2025\/07\/photo_2025-07-05_23-33-41.jpg","width":1080,"height":608,"caption":"Vivasan"},"image":{"@id":"https:\/\/vivasan-shop.com\/#\/schema\/logo\/image\/"}}]}},"_links":{"self":[{"href":"https:\/\/vivasan-shop.com\/cs\/wp-json\/wp\/v2\/product\/1522","targetHints":{"allow":["GET"]}}],"collection":[{"href":"https:\/\/vivasan-shop.com\/cs\/wp-json\/wp\/v2\/product"}],"about":[{"href":"https:\/\/vivasan-shop.com\/cs\/wp-json\/wp\/v2\/types\/product"}],"replies":[{"embeddable":true,"href":"https:\/\/vivasan-shop.com\/cs\/wp-json\/wp\/v2\/comments?post=1522"}],"version-history":[{"count":1,"href":"https:\/\/vivasan-shop.com\/cs\/wp-json\/wp\/v2\/product\/1522\/revisions"}],"predecessor-version":[{"id":1524,"href":"https:\/\/vivasan-shop.com\/cs\/wp-json\/wp\/v2\/product\/1522\/revisions\/1524"}],"wp:featuredmedia":[{"embeddable":true,"href":"https:\/\/vivasan-shop.com\/cs\/wp-json\/wp\/v2\/media\/1523"}],"wp:attachment":[{"href":"https:\/\/vivasan-shop.com\/cs\/wp-json\/wp\/v2\/media?parent=1522"}],"wp:term":[{"taxonomy":"product_brand","embeddable":true,"href":"https:\/\/vivasan-shop.com\/cs\/wp-json\/wp\/v2\/product_brand?post=1522"},{"taxonomy":"product_cat","embeddable":true,"href":"https:\/\/vivasan-shop.com\/cs\/wp-json\/wp\/v2\/product_cat?post=1522"},{"taxonomy":"product_tag","embeddable":true,"href":"https:\/\/vivasan-shop.com\/cs\/wp-json\/wp\/v2\/product_tag?post=1522"}],"curies":[{"name":"wp","href":"https:\/\/api.w.org\/{rel}","templated":true}]}}