{"id":1533,"date":"2025-06-20T15:27:00","date_gmt":"2025-06-20T15:27:00","guid":{"rendered":"https:\/\/vivasan-shop.com\/?post_type=product&#038;p=1533"},"modified":"2025-08-11T16:06:21","modified_gmt":"2025-08-11T16:06:21","slug":"mila-dopiz-4-level-hyaluron-night-cream-50-ml","status":"publish","type":"product","link":"https:\/\/vivasan-shop.com\/cs\/shop\/beauty\/face-care\/mila-dopiz-4-level-hyaluron-night-cream-50-ml\/","title":{"rendered":"No\u010dn\u00ed kr\u00e9m s kyselinou hyaluronovou ve 4 \u00farovn\u00edch Mila d\u2019Opiz, 50 ml"},"content":{"rendered":"<p>The uncompromising quality that begins with the selection of the best plants and high-tech raw materials, coupled with the latest knowledge from the international cosmetic research. Produced in Switzerland in accordance with GMP quality standard (GMP = Good Manufacturing Practice) \u2014 authentic cosmetics of the highest quality level.<\/p>\n<p>The Hyaluronic Night Cream, which is enriched with 4-level hyaluronic acid and the innovative Lipex\u00ae Cellect Complex, is good for your skin throughout the night: regeneration, deep care and deep moisturization. The natural moisture level of the skin is restored, wrinkles and lines are smoothed. The skin appears soothed, hydrated and soft in the morning. The quality of hyaluronic acid used comes from a biotechnological source, so it does not contain any animal ingredients and does not contain any genetically modified hyaluronic acid material.<\/p>\n<ul>\n<li>Deep hydration thanks to 4-level hyaluronic.<\/li>\n<li>Restores the skin\u2019s natural moisture balance.<\/li>\n<li>Cares, regenerates and nourishes in depth.<\/li>\n<li>Not been tested on animals.<\/li>\n<li>Carbon-neutrally.<\/li>\n<li>Natural raw materials.<\/li>\n<li>Packaging: 50 ml glass airless dispenser with box (can be recycled; 100% degradable cellophane, can be recycled into compost).<\/li>\n<\/ul>\n<p>The antioxidative advanced formula is combined with Allantoin, 4 Hyaluron (Hyaluronic\u2074)\u00a0acids and Revidrat\u2122 which naturally optimizes the formation of moisture retention factors and the epidermis structure. The cream provides perfect care and regeneration overnight and gives the skin suppleness and smoothness. The revitalizing power of Hyaluron. Hyaluronic\u2074 represents an innovation in the anti-ageing market. For the time, Mila d\u2019Opiz has succeeded in incorporating four-level sodium hyaluronate as an active ingredient. The high concentration of the various types of this ingredient pads out lines and wrinkles in the epidermis, working as an exceptional instant wrinkle filler. Instant, visible effect; Long-lasting moisturising; Soothes the skin and counteracts irritation; Intensive protection \u2013 even from the effects of exposure to weather; Increases decorin, which is important for the formation of collage; Suitable for all skin types, even very sensitive skin.<\/p>\n<p><strong>Application:\u00a0<\/strong>On cleansed face, first apply a\u00a0<a href=\"https:\/\/vivasan.club\/en\/p\/mila-d-opiz-3-level-hyaluronic-serum\/\">serum<\/a>\/<a href=\"https:\/\/vivasan.club\/en\/p\/mila-d-opiz-stem-cell-repair-ampoules-7-x-2-ml\/\">concentrate<\/a>\u00a0with hyaluron, after absorbing, apply a night cream.<\/p>\n<p><strong>Ingredients \/INCI*:<\/strong>\u00a0Aqua (Water), Decyl Oleate, Caprylic\/Capric Triglyceride, Tocopheryl Acetate, Butylene Glycol, Glyceryl Stearate, PEG-100 Stearate, Palmitic Acid, Stearic Acid, Cetyl Alcohol, Glycerin, Pentylene Glycol, Butyrospermum Parkii (Shea) Butter, Phenoxyethanol, Parfum (Fragrance), Dimethicone, Phytosteryl Canola Glycerides, Ethylhexyl Palmitate, Sodium Polyacrylate, Sodium Hyaluronate, Allantoin, Hexylene Glycol, Disodium EDTA, Ethylhexylglycerin, Sodium PCA, Sodium Hydroxide, Tocopherol, Fructose, Glucose, Sorbitan Laurate, Sorbitan Oleate, Hydrogenated Palm Glycerides Citrate, Sucroxe, Dextrin, Urea, Myristyl Malate Phosphonic Add, Alanine, Ascorbyl Palmitate, Aspartic Add, Glutamic Acid, Citric Acid.<\/p>\n<p>*<strong>INCI:<\/strong>\u00a0(INCI) is the International Nomenclature of Cosmetic Ingredients. Its main goal is to enable people with allergies, before making a purchase, to clarify the presence of harmful and unsafe components in cosmetics. The ingredients are listed in descending order of concentration in cosmetics. INCI is a useful tool that not only forces manufacturers to be transparent to the customer, but also allows customers to take responsibility for what they want to buy for themselves and are not dependent only on advertising, media and celebrity statements. It allows the customer to decide for himself what he wants to give his money for. It is definitely worthwhile to find your way around, both your skin and your wallet will thank you.<\/p>\n<p>Mila d\u2019Opiz products are manufactured according to ISO 9001 Quality Standards and are clinically tested!<br \/>\nCertificates: Swiss-Medic certificate, Cosmetics GMP, Pharma GMP, ISO 9001, ISO 22716.<\/p>","protected":false},"excerpt":{"rendered":"<div class=\"woocommerce-product-details__short-description\">\n<div class=\"woocommerce-product-details__short-description\">\n<div class=\"woocommerce-product-details__short-description\">\n<div class=\"woocommerce-product-details__short-description\">\n<div class=\"woocommerce-product-details__short-description\">\n<div class=\"woocommerce-product-details__short-description\">\n<div class=\"woocommerce-product-details__short-description\">\n<div class=\"woocommerce-product-details__short-description\">\n<div class=\"woocommerce-product-details__short-description\">\n<p>Derma Science by Mila d\u2019Opiz. The antioxidative advanced formula is combined with Allantoin, 4hyaluron (Hyaluronic\u2074)\u00a0acids and Revidrat which naturally optimizes the formation of moisture retention factors and the epidermis structure. The cream provides perfect care and regeneration overnight and gives the skin suppleness and smoothness. The revitalising power of hyaluron. Hyaluronic\u2074 represents an innovation in the anti-ageing market. Instant, visible effect, long-lasting moisturising, soothes the skin and counteracts irritation, intensive protection \u2013 even from the effects of exposure to weather, increases decorin, which is important for the formation of collage, suitable for all skin types, even very sensitive skin.<\/p>\n<p>Vyrobeno ve \u0160v\u00fdcarsku.<\/p>\n<p>&nbsp;<\/p>\n<\/div>\n<div class=\"vivasan-product-icons\"><img loading=\"lazy\" decoding=\"async\" class=\"product_icon\" title=\"Made in Switzerland\" src=\"https:\/\/vivasan.club\/assets\/images\/product-icons\/swiss.svg?v=2\" alt=\"Made in Switzerland\" width=\"40\" height=\"40\" \/><img loading=\"lazy\" decoding=\"async\" class=\"product_icon\" title=\"GMP Certified\" src=\"https:\/\/vivasan.club\/assets\/images\/product-icons\/gmp.svg?v=2\" alt=\"GMP Certified\" width=\"40\" height=\"40\" \/><img loading=\"lazy\" decoding=\"async\" class=\"product_icon\" title=\"Cruelty-free\" src=\"https:\/\/vivasan.club\/assets\/images\/product-icons\/crueltyfree.svg?v=2\" alt=\"Cruelty-free\" width=\"40\" height=\"40\" \/><\/div>\n<\/div>\n<\/div>\n<\/div>\n<\/div>\n<\/div>\n<\/div>\n<\/div>\n<\/div>","protected":false},"featured_media":1534,"comment_status":"open","ping_status":"closed","template":"","meta":{"_acf_changed":false},"product_brand":[83],"product_cat":[62,65],"product_tag":[],"class_list":{"0":"post-1533","1":"product","2":"type-product","3":"status-publish","4":"has-post-thumbnail","6":"product_brand-mila-dopiz","7":"product_cat-beauty","8":"product_cat-face-care","10":"first","11":"instock","12":"shipping-taxable","13":"purchasable","14":"product-type-simple"},"acf":[],"yoast_head":"<!-- This site is optimized with the Yoast SEO plugin v27.3 - https:\/\/yoast.com\/product\/yoast-seo-wordpress\/ -->\n<title>Mila d\u2019Opiz 4-level Hyaluron night cream, 50 ml - vivasan-shop.com<\/title>\n<meta name=\"robots\" content=\"index, follow, max-snippet:-1, max-image-preview:large, max-video-preview:-1\" \/>\n<link rel=\"canonical\" href=\"https:\/\/vivasan-shop.com\/cs\/shop\/beauty\/face-care\/mila-dopiz-4-level-hyaluron-night-cream-50-ml\/\" \/>\n<meta property=\"og:locale\" content=\"cs_CZ\" \/>\n<meta property=\"og:type\" content=\"article\" \/>\n<meta property=\"og:title\" content=\"Mila d\u2019Opiz 4-level Hyaluron night cream, 50 ml - vivasan-shop.com\" \/>\n<meta property=\"og:description\" content=\"Derma Science by Mila d\u2019Opiz. The antioxidative advanced formula is combined with Allantoin, 4hyaluron (Hyaluronic\u2074)\u00a0acids and Revidrat which naturally optimizes the formation of moisture retention factors and the epidermis structure. The cream provides perfect care and regeneration overnight and gives the skin suppleness and smoothness. The revitalising power of hyaluron. Hyaluronic\u2074 represents an innovation in the anti-ageing market. Instant, visible effect, long-lasting moisturising, soothes the skin and counteracts irritation, intensive protection \u2013 even from the effects of exposure to weather, increases decorin, which is important for the formation of collage, suitable for all skin types, even very sensitive skin.  Made in Switzerland.  &nbsp;\" \/>\n<meta property=\"og:url\" content=\"https:\/\/vivasan-shop.com\/cs\/shop\/beauty\/face-care\/mila-dopiz-4-level-hyaluron-night-cream-50-ml\/\" \/>\n<meta property=\"og:site_name\" content=\"vivasan-shop.com\" \/>\n<meta property=\"article:modified_time\" content=\"2025-08-11T16:06:21+00:00\" \/>\n<meta property=\"og:image\" content=\"https:\/\/vivasan-shop.com\/wp-content\/uploads\/2025\/09\/photo_2025-09-04_15-07-27-removebg-preview.png\" \/>\n\t<meta property=\"og:image:width\" content=\"715\" \/>\n\t<meta property=\"og:image:height\" content=\"349\" \/>\n\t<meta property=\"og:image:type\" content=\"image\/png\" \/>\n<meta name=\"twitter:card\" content=\"summary_large_image\" \/>\n<meta name=\"twitter:label1\" content=\"Odhadovan\u00e1 doba \u010dten\u00ed\" \/>\n\t<meta name=\"twitter:data1\" content=\"1 minuta\" \/>\n<script type=\"application\/ld+json\" class=\"yoast-schema-graph\">{\"@context\":\"https:\\\/\\\/schema.org\",\"@graph\":[{\"@type\":[\"WebPage\",\"ItemPage\"],\"@id\":\"https:\\\/\\\/vivasan-shop.com\\\/shop\\\/beauty\\\/face-care\\\/mila-dopiz-4-level-hyaluron-night-cream-50-ml\\\/\",\"url\":\"https:\\\/\\\/vivasan-shop.com\\\/shop\\\/beauty\\\/face-care\\\/mila-dopiz-4-level-hyaluron-night-cream-50-ml\\\/\",\"name\":\"Mila d\u2019Opiz 4-level Hyaluron night cream, 50 ml - vivasan-shop.com\",\"isPartOf\":{\"@id\":\"https:\\\/\\\/vivasan-shop.com\\\/#website\"},\"primaryImageOfPage\":{\"@id\":\"https:\\\/\\\/vivasan-shop.com\\\/shop\\\/beauty\\\/face-care\\\/mila-dopiz-4-level-hyaluron-night-cream-50-ml\\\/#primaryimage\"},\"image\":{\"@id\":\"https:\\\/\\\/vivasan-shop.com\\\/shop\\\/beauty\\\/face-care\\\/mila-dopiz-4-level-hyaluron-night-cream-50-ml\\\/#primaryimage\"},\"thumbnailUrl\":\"https:\\\/\\\/vivasan-shop.com\\\/wp-content\\\/uploads\\\/2025\\\/06\\\/vivasan.club-20220724-2334-26698436.avif\",\"datePublished\":\"2025-06-20T15:27:00+00:00\",\"dateModified\":\"2025-08-11T16:06:21+00:00\",\"breadcrumb\":{\"@id\":\"https:\\\/\\\/vivasan-shop.com\\\/shop\\\/beauty\\\/face-care\\\/mila-dopiz-4-level-hyaluron-night-cream-50-ml\\\/#breadcrumb\"},\"inLanguage\":\"cs\",\"potentialAction\":[{\"@type\":\"ReadAction\",\"target\":[\"https:\\\/\\\/vivasan-shop.com\\\/shop\\\/beauty\\\/face-care\\\/mila-dopiz-4-level-hyaluron-night-cream-50-ml\\\/\"]}]},{\"@type\":\"ImageObject\",\"inLanguage\":\"cs\",\"@id\":\"https:\\\/\\\/vivasan-shop.com\\\/shop\\\/beauty\\\/face-care\\\/mila-dopiz-4-level-hyaluron-night-cream-50-ml\\\/#primaryimage\",\"url\":\"https:\\\/\\\/vivasan-shop.com\\\/wp-content\\\/uploads\\\/2025\\\/06\\\/vivasan.club-20220724-2334-26698436.avif\",\"contentUrl\":\"https:\\\/\\\/vivasan-shop.com\\\/wp-content\\\/uploads\\\/2025\\\/06\\\/vivasan.club-20220724-2334-26698436.avif\"},{\"@type\":\"BreadcrumbList\",\"@id\":\"https:\\\/\\\/vivasan-shop.com\\\/shop\\\/beauty\\\/face-care\\\/mila-dopiz-4-level-hyaluron-night-cream-50-ml\\\/#breadcrumb\",\"itemListElement\":[{\"@type\":\"ListItem\",\"position\":1,\"name\":\"Home\",\"item\":\"https:\\\/\\\/vivasan-shop.com\\\/\"},{\"@type\":\"ListItem\",\"position\":2,\"name\":\"Shop\",\"item\":\"https:\\\/\\\/vivasan-shop.com\\\/shop\\\/\"},{\"@type\":\"ListItem\",\"position\":3,\"name\":\"Mila d\u2019Opiz 4-level Hyaluron night cream, 50 ml\"}]},{\"@type\":\"WebSite\",\"@id\":\"https:\\\/\\\/vivasan-shop.com\\\/#website\",\"url\":\"https:\\\/\\\/vivasan-shop.com\\\/\",\"name\":\"Vivasan\",\"description\":\"\",\"publisher\":{\"@id\":\"https:\\\/\\\/vivasan-shop.com\\\/#organization\"},\"potentialAction\":[{\"@type\":\"SearchAction\",\"target\":{\"@type\":\"EntryPoint\",\"urlTemplate\":\"https:\\\/\\\/vivasan-shop.com\\\/?s={search_term_string}\"},\"query-input\":{\"@type\":\"PropertyValueSpecification\",\"valueRequired\":true,\"valueName\":\"search_term_string\"}}],\"inLanguage\":\"cs\"},{\"@type\":\"Organization\",\"@id\":\"https:\\\/\\\/vivasan-shop.com\\\/#organization\",\"name\":\"Vivasan\",\"url\":\"https:\\\/\\\/vivasan-shop.com\\\/\",\"logo\":{\"@type\":\"ImageObject\",\"inLanguage\":\"cs\",\"@id\":\"https:\\\/\\\/vivasan-shop.com\\\/#\\\/schema\\\/logo\\\/image\\\/\",\"url\":\"https:\\\/\\\/vivasan-shop.com\\\/wp-content\\\/uploads\\\/2025\\\/07\\\/photo_2025-07-05_23-33-41.jpg\",\"contentUrl\":\"https:\\\/\\\/vivasan-shop.com\\\/wp-content\\\/uploads\\\/2025\\\/07\\\/photo_2025-07-05_23-33-41.jpg\",\"width\":1080,\"height\":608,\"caption\":\"Vivasan\"},\"image\":{\"@id\":\"https:\\\/\\\/vivasan-shop.com\\\/#\\\/schema\\\/logo\\\/image\\\/\"}}]}<\/script>\n<!-- \/ Yoast SEO plugin. -->","yoast_head_json":{"title":"Mila d\u2019Opiz 4-level Hyaluron night cream, 50 ml - vivasan-shop.com","robots":{"index":"index","follow":"follow","max-snippet":"max-snippet:-1","max-image-preview":"max-image-preview:large","max-video-preview":"max-video-preview:-1"},"canonical":"https:\/\/vivasan-shop.com\/cs\/shop\/beauty\/face-care\/mila-dopiz-4-level-hyaluron-night-cream-50-ml\/","og_locale":"cs_CZ","og_type":"article","og_title":"Mila d\u2019Opiz 4-level Hyaluron night cream, 50 ml - vivasan-shop.com","og_description":"Derma Science by Mila d\u2019Opiz. The antioxidative advanced formula is combined with Allantoin, 4hyaluron (Hyaluronic\u2074)\u00a0acids and Revidrat which naturally optimizes the formation of moisture retention factors and the epidermis structure. The cream provides perfect care and regeneration overnight and gives the skin suppleness and smoothness. The revitalising power of hyaluron. Hyaluronic\u2074 represents an innovation in the anti-ageing market. Instant, visible effect, long-lasting moisturising, soothes the skin and counteracts irritation, intensive protection \u2013 even from the effects of exposure to weather, increases decorin, which is important for the formation of collage, suitable for all skin types, even very sensitive skin.  Made in Switzerland.  &nbsp;","og_url":"https:\/\/vivasan-shop.com\/cs\/shop\/beauty\/face-care\/mila-dopiz-4-level-hyaluron-night-cream-50-ml\/","og_site_name":"vivasan-shop.com","article_modified_time":"2025-08-11T16:06:21+00:00","og_image":[{"width":715,"height":349,"url":"https:\/\/vivasan-shop.com\/wp-content\/uploads\/2025\/09\/photo_2025-09-04_15-07-27-removebg-preview.png","type":"image\/png"}],"twitter_card":"summary_large_image","twitter_misc":{"Odhadovan\u00e1 doba \u010dten\u00ed":"1 minuta"},"schema":{"@context":"https:\/\/schema.org","@graph":[{"@type":["WebPage","ItemPage"],"@id":"https:\/\/vivasan-shop.com\/shop\/beauty\/face-care\/mila-dopiz-4-level-hyaluron-night-cream-50-ml\/","url":"https:\/\/vivasan-shop.com\/shop\/beauty\/face-care\/mila-dopiz-4-level-hyaluron-night-cream-50-ml\/","name":"Mila d\u2019Opiz 4-level Hyaluron night cream, 50 ml - vivasan-shop.com","isPartOf":{"@id":"https:\/\/vivasan-shop.com\/#website"},"primaryImageOfPage":{"@id":"https:\/\/vivasan-shop.com\/shop\/beauty\/face-care\/mila-dopiz-4-level-hyaluron-night-cream-50-ml\/#primaryimage"},"image":{"@id":"https:\/\/vivasan-shop.com\/shop\/beauty\/face-care\/mila-dopiz-4-level-hyaluron-night-cream-50-ml\/#primaryimage"},"thumbnailUrl":"https:\/\/vivasan-shop.com\/wp-content\/uploads\/2025\/06\/vivasan.club-20220724-2334-26698436.avif","datePublished":"2025-06-20T15:27:00+00:00","dateModified":"2025-08-11T16:06:21+00:00","breadcrumb":{"@id":"https:\/\/vivasan-shop.com\/shop\/beauty\/face-care\/mila-dopiz-4-level-hyaluron-night-cream-50-ml\/#breadcrumb"},"inLanguage":"cs","potentialAction":[{"@type":"ReadAction","target":["https:\/\/vivasan-shop.com\/shop\/beauty\/face-care\/mila-dopiz-4-level-hyaluron-night-cream-50-ml\/"]}]},{"@type":"ImageObject","inLanguage":"cs","@id":"https:\/\/vivasan-shop.com\/shop\/beauty\/face-care\/mila-dopiz-4-level-hyaluron-night-cream-50-ml\/#primaryimage","url":"https:\/\/vivasan-shop.com\/wp-content\/uploads\/2025\/06\/vivasan.club-20220724-2334-26698436.avif","contentUrl":"https:\/\/vivasan-shop.com\/wp-content\/uploads\/2025\/06\/vivasan.club-20220724-2334-26698436.avif"},{"@type":"BreadcrumbList","@id":"https:\/\/vivasan-shop.com\/shop\/beauty\/face-care\/mila-dopiz-4-level-hyaluron-night-cream-50-ml\/#breadcrumb","itemListElement":[{"@type":"ListItem","position":1,"name":"Home","item":"https:\/\/vivasan-shop.com\/"},{"@type":"ListItem","position":2,"name":"Shop","item":"https:\/\/vivasan-shop.com\/shop\/"},{"@type":"ListItem","position":3,"name":"Mila d\u2019Opiz 4-level Hyaluron night cream, 50 ml"}]},{"@type":"WebSite","@id":"https:\/\/vivasan-shop.com\/#website","url":"https:\/\/vivasan-shop.com\/","name":"Vivasan","description":"","publisher":{"@id":"https:\/\/vivasan-shop.com\/#organization"},"potentialAction":[{"@type":"SearchAction","target":{"@type":"EntryPoint","urlTemplate":"https:\/\/vivasan-shop.com\/?s={search_term_string}"},"query-input":{"@type":"PropertyValueSpecification","valueRequired":true,"valueName":"search_term_string"}}],"inLanguage":"cs"},{"@type":"Organization","@id":"https:\/\/vivasan-shop.com\/#organization","name":"Vivasan","url":"https:\/\/vivasan-shop.com\/","logo":{"@type":"ImageObject","inLanguage":"cs","@id":"https:\/\/vivasan-shop.com\/#\/schema\/logo\/image\/","url":"https:\/\/vivasan-shop.com\/wp-content\/uploads\/2025\/07\/photo_2025-07-05_23-33-41.jpg","contentUrl":"https:\/\/vivasan-shop.com\/wp-content\/uploads\/2025\/07\/photo_2025-07-05_23-33-41.jpg","width":1080,"height":608,"caption":"Vivasan"},"image":{"@id":"https:\/\/vivasan-shop.com\/#\/schema\/logo\/image\/"}}]}},"_links":{"self":[{"href":"https:\/\/vivasan-shop.com\/cs\/wp-json\/wp\/v2\/product\/1533","targetHints":{"allow":["GET"]}}],"collection":[{"href":"https:\/\/vivasan-shop.com\/cs\/wp-json\/wp\/v2\/product"}],"about":[{"href":"https:\/\/vivasan-shop.com\/cs\/wp-json\/wp\/v2\/types\/product"}],"replies":[{"embeddable":true,"href":"https:\/\/vivasan-shop.com\/cs\/wp-json\/wp\/v2\/comments?post=1533"}],"version-history":[{"count":1,"href":"https:\/\/vivasan-shop.com\/cs\/wp-json\/wp\/v2\/product\/1533\/revisions"}],"predecessor-version":[{"id":1537,"href":"https:\/\/vivasan-shop.com\/cs\/wp-json\/wp\/v2\/product\/1533\/revisions\/1537"}],"wp:featuredmedia":[{"embeddable":true,"href":"https:\/\/vivasan-shop.com\/cs\/wp-json\/wp\/v2\/media\/1534"}],"wp:attachment":[{"href":"https:\/\/vivasan-shop.com\/cs\/wp-json\/wp\/v2\/media?parent=1533"}],"wp:term":[{"taxonomy":"product_brand","embeddable":true,"href":"https:\/\/vivasan-shop.com\/cs\/wp-json\/wp\/v2\/product_brand?post=1533"},{"taxonomy":"product_cat","embeddable":true,"href":"https:\/\/vivasan-shop.com\/cs\/wp-json\/wp\/v2\/product_cat?post=1533"},{"taxonomy":"product_tag","embeddable":true,"href":"https:\/\/vivasan-shop.com\/cs\/wp-json\/wp\/v2\/product_tag?post=1533"}],"curies":[{"name":"wp","href":"https:\/\/api.w.org\/{rel}","templated":true}]}}