{"id":1538,"date":"2025-06-20T15:29:00","date_gmt":"2025-06-20T15:29:00","guid":{"rendered":"https:\/\/vivasan-shop.com\/?post_type=product&#038;p=1538"},"modified":"2025-08-11T16:06:04","modified_gmt":"2025-08-11T16:06:04","slug":"mila-dopiz-hyaluron-light-cream-50-ml","status":"publish","type":"product","link":"https:\/\/vivasan-shop.com\/cs\/shop\/beauty\/face-care\/mila-dopiz-hyaluron-light-cream-50-ml\/","title":{"rendered":"Lehk\u00fd kr\u00e9m s kyselinou hyaluronovou Mila d\u2019Opiz, 50 ml"},"content":{"rendered":"<p>The uncompromising quality that begins with the selection of the best plants and high-tech raw materials, coupled with the latest knowledge from the international cosmetic research. Produced in Switzerland in accordance with GMP quality standard (GMP = Good Manufacturing Practice) \u2014 authentic cosmetics of the highest quality level.\u00a0Every product in the Derma Science Hyaluron\u00b3 series\u00a0contains the new, biotechnological produced Hyaluron 3-fold complex. It is characterized by an exceptionally high concentration of hyaluronic acid and contains three different types of hyaluronic acid, consisting of high, medium and low molecular weight hyaluronic acid. The quality of hyaluronic acid used comes from a biotechnological source, so it does not contain any animal ingredients and does not contain any genetically modified hyaluronic acid material.<\/p>\n<ul>\n<li>Moisturizing hyaluronic cream defence and regeneration.<\/li>\n<li>Lines and wrinkles are visibly smoothed.<\/li>\n<li>Absorbs immediately.<\/li>\n<li>Not been tested on animals.<\/li>\n<li>Carbon-neutrally.<\/li>\n<li>Natural raw materials.<\/li>\n<li>Packaging: 50 ml glass airless dispenser with box (can be recycled; 100% degradable cellophane, can be recycled into compost).<\/li>\n<\/ul>\n<p>As the skin ages, the amount of the body\u2019s own substance hyaluronic acid decreases. This creates the first wrinkles and then deeper wrinkles later. Highly effective day cream with intensively moisturizing 3-level hyaluronic acid. Several hyaluronan types are designed to care for your facial skin on different levels and to supply it with lasting moisture. Your skin is intensely nourished. Selective luxury ingredients such as peptides Matrixyl as well as an innovative cell renewal complex ensure that the skin\u2019s own regeneration process is stimulated and that your skin is revitalized, relaxed and soothed. Your complexion regains radiance and the skin appears visibly padded. Wrinkles and lines are noticeably smoothed. Protective, regenerating, deeply moisturizing hyaluronic acid cream. Thanks to the combination of low and high molecular weight and cross-linked hyaluronic acid, the anti-wrinkle effect is immediately visible. Because the skin is not only supplied with extra moisture, the formation of the body\u2019s own hyaluronic acid is also stimulated. Matrixyl and the active plant ingredient Aqua Cacteen actively stimulate the skin\u2019s regeneration process. The complexion gains shine and radiance, the skin is visibly \u201cplumped up\u201d, and is extremely well protected and cared for.<\/p>\n<p><strong>Application<\/strong>: Apply to cleansed face, neck and d\u00e9collet\u00e9 after using the 3-level hyaluronic serum.<\/p>\n<p><strong>Ingredients \/INCI*:<\/strong>\u00a0Aqua (Water), Cyclopentasiloxane, Caprylic\/Capric Triglyceride, Decyl Oleate, Butylene Glycol, Tocopheryl Acetate, Cetyl Alcohol, Glyceryl Stearate, PEG-100 Stearate, Glycerin, Sorbitol, Oryza Sativa (Rice) Bran Oil, Pentylene Glycol, Dimethicone Crosspolymer, Steareth-2, Phenoxyethanol, Opuntia Ficus-Indica Stem Extract, VP\/Hexadecene Copolymer, Parfum (Fragrance), Dimethicone\/Yinyl Dimethicone Crosspolymer, Sodium Hyaluronate, Dimethicone, Disodium EDTA, Ethylhexylglycerin, Xanthan Gum, Dimethiconol, Sodium Citrate, PEG-8, Sodium Lactate, Salicormia Herbacea Extract, Tocopherol, Carbomer, Coco-Glucoside, Palmitoyl Tetrapeptide-7, Palmitoyl Tripeptide-1, Ascorbyi Palmitate, Ascorbic Acid, Citric Acid, Hydrogenated Palm Glycerides Citrate.<\/p>\n<p>*<strong>INCI:<\/strong>\u00a0(INCI) is the International Nomenclature of Cosmetic Ingredients. Its main goal is to enable people with allergies, before making a purchase, to clarify the presence of harmful and unsafe components in cosmetics. The ingredients are listed in descending order of concentration in cosmetics. INCI is a useful tool that not only forces manufacturers to be transparent to the customer, but also allows customers to take responsibility for what they want to buy for themselves and are not dependent only on advertising, media and celebrity statements. It allows the customer to decide for himself what he wants to give his money for. It is definitely worthwhile to find your way around, both your skin and your wallet will thank you.<\/p>\n<p><strong>Mila d\u2019Opiz products are manufactured according to IS0 9001 Quality Standards and are clinically tested!<\/strong><br \/>\n<strong>Certificates:<\/strong>\u00a0Swiss-Medic certificate, Cosmetics GMP, Pharma GMP, ISO 9001, ISO 22716.<\/p>","protected":false},"excerpt":{"rendered":"<div class=\"woocommerce-product-details__short-description\">\n<div class=\"woocommerce-product-details__short-description\">\n<div class=\"woocommerce-product-details__short-description\">\n<div class=\"woocommerce-product-details__short-description\">\n<div class=\"woocommerce-product-details__short-description\">\n<div class=\"woocommerce-product-details__short-description\">\n<div class=\"woocommerce-product-details__short-description\">\n<div class=\"woocommerce-product-details__short-description\">\n<div class=\"woocommerce-product-details__short-description\">\n<p>Derma Science by Mila d\u2019Opiz. Defense and regeneration moisturizing Hyaluron cream. The antioxidative advance formula is combined with peptide Matrixyl, 3-level hyaluronic acid and cell-protector active complex with stimulates the regeneration process, soothes and hydrates the epidermis insanely. The complexion gains in radiance, the skin is visibly redefined, replumped and well-protected. Highly effective day cream with intensively moisturizing 3-level hyaluronic acid. Your complexion regains radiance and the skin appears visibly padded. Wrinkles and lines are noticeably smoothed. Protective, regenerating, deeply moisturizing hyaluronic acid cream. Thanks to the combination of low and high molecular weight and cross-linked hyaluronic acid, the anti-wrinkle effect is immediately visible.<\/p>\n<p>Vyrobeno ve \u0160v\u00fdcarsku.<\/p>\n<p>&nbsp;<\/p>\n<\/div>\n<div class=\"vivasan-product-icons\"><img loading=\"lazy\" decoding=\"async\" class=\"product_icon\" title=\"Made in Switzerland\" src=\"https:\/\/vivasan.club\/assets\/images\/product-icons\/swiss.svg?v=2\" alt=\"Made in Switzerland\" width=\"40\" height=\"40\" \/><img loading=\"lazy\" decoding=\"async\" class=\"product_icon\" title=\"GMP Certified\" src=\"https:\/\/vivasan.club\/assets\/images\/product-icons\/gmp.svg?v=2\" alt=\"GMP Certified\" width=\"40\" height=\"40\" \/><img loading=\"lazy\" decoding=\"async\" class=\"product_icon\" title=\"Cruelty-free\" src=\"https:\/\/vivasan.club\/assets\/images\/product-icons\/crueltyfree.svg?v=2\" alt=\"Cruelty-free\" width=\"40\" height=\"40\" \/><\/div>\n<\/div>\n<\/div>\n<\/div>\n<\/div>\n<\/div>\n<\/div>\n<\/div>\n<\/div>","protected":false},"featured_media":1539,"comment_status":"open","ping_status":"closed","template":"","meta":{"_acf_changed":false},"product_brand":[83],"product_cat":[62,65],"product_tag":[],"class_list":{"0":"post-1538","1":"product","2":"type-product","3":"status-publish","4":"has-post-thumbnail","6":"product_brand-mila-dopiz","7":"product_cat-beauty","8":"product_cat-face-care","10":"first","11":"instock","12":"shipping-taxable","13":"purchasable","14":"product-type-simple"},"acf":[],"yoast_head":"<!-- This site is optimized with the Yoast SEO plugin v27.3 - https:\/\/yoast.com\/product\/yoast-seo-wordpress\/ -->\n<title>Mila d\u2019Opiz Hyaluron Light Cream, 50 ml - vivasan-shop.com<\/title>\n<meta name=\"robots\" content=\"index, follow, max-snippet:-1, max-image-preview:large, max-video-preview:-1\" \/>\n<link rel=\"canonical\" href=\"https:\/\/vivasan-shop.com\/cs\/shop\/beauty\/face-care\/mila-dopiz-hyaluron-light-cream-50-ml\/\" \/>\n<meta property=\"og:locale\" content=\"cs_CZ\" \/>\n<meta property=\"og:type\" content=\"article\" \/>\n<meta property=\"og:title\" content=\"Mila d\u2019Opiz Hyaluron Light Cream, 50 ml - vivasan-shop.com\" \/>\n<meta property=\"og:description\" content=\"Derma Science by Mila d\u2019Opiz. Defense and regeneration moisturizing Hyaluron cream. The antioxidative advance formula is combined with peptide Matrixyl, 3-level hyaluronic acid and cell-protector active complex with stimulates the regeneration process, soothes and hydrates the epidermis insanely. The complexion gains in radiance, the skin is visibly redefined, replumped and well-protected. Highly effective day cream with intensively moisturizing 3-level hyaluronic acid. Your complexion regains radiance and the skin appears visibly padded. Wrinkles and lines are noticeably smoothed. Protective, regenerating, deeply moisturizing hyaluronic acid cream. Thanks to the combination of low and high molecular weight and cross-linked hyaluronic acid, the anti-wrinkle effect is immediately visible.  Made in Switzerland.  &nbsp;\" \/>\n<meta property=\"og:url\" content=\"https:\/\/vivasan-shop.com\/cs\/shop\/beauty\/face-care\/mila-dopiz-hyaluron-light-cream-50-ml\/\" \/>\n<meta property=\"og:site_name\" content=\"vivasan-shop.com\" \/>\n<meta property=\"article:modified_time\" content=\"2025-08-11T16:06:04+00:00\" \/>\n<meta property=\"og:image\" content=\"https:\/\/vivasan-shop.com\/wp-content\/uploads\/2025\/09\/photo_2025-09-04_15-07-27-removebg-preview.png\" \/>\n\t<meta property=\"og:image:width\" content=\"715\" \/>\n\t<meta property=\"og:image:height\" content=\"349\" \/>\n\t<meta property=\"og:image:type\" content=\"image\/png\" \/>\n<meta name=\"twitter:card\" content=\"summary_large_image\" \/>\n<meta name=\"twitter:label1\" content=\"Odhadovan\u00e1 doba \u010dten\u00ed\" \/>\n\t<meta name=\"twitter:data1\" content=\"1 minuta\" \/>\n<script type=\"application\/ld+json\" class=\"yoast-schema-graph\">{\"@context\":\"https:\\\/\\\/schema.org\",\"@graph\":[{\"@type\":[\"WebPage\",\"ItemPage\"],\"@id\":\"https:\\\/\\\/vivasan-shop.com\\\/shop\\\/beauty\\\/face-care\\\/mila-dopiz-hyaluron-light-cream-50-ml\\\/\",\"url\":\"https:\\\/\\\/vivasan-shop.com\\\/shop\\\/beauty\\\/face-care\\\/mila-dopiz-hyaluron-light-cream-50-ml\\\/\",\"name\":\"Mila d\u2019Opiz Hyaluron Light Cream, 50 ml - vivasan-shop.com\",\"isPartOf\":{\"@id\":\"https:\\\/\\\/vivasan-shop.com\\\/#website\"},\"primaryImageOfPage\":{\"@id\":\"https:\\\/\\\/vivasan-shop.com\\\/shop\\\/beauty\\\/face-care\\\/mila-dopiz-hyaluron-light-cream-50-ml\\\/#primaryimage\"},\"image\":{\"@id\":\"https:\\\/\\\/vivasan-shop.com\\\/shop\\\/beauty\\\/face-care\\\/mila-dopiz-hyaluron-light-cream-50-ml\\\/#primaryimage\"},\"thumbnailUrl\":\"https:\\\/\\\/vivasan-shop.com\\\/wp-content\\\/uploads\\\/2025\\\/06\\\/vivasan.club-20210810-2121-53877616.avif\",\"datePublished\":\"2025-06-20T15:29:00+00:00\",\"dateModified\":\"2025-08-11T16:06:04+00:00\",\"breadcrumb\":{\"@id\":\"https:\\\/\\\/vivasan-shop.com\\\/shop\\\/beauty\\\/face-care\\\/mila-dopiz-hyaluron-light-cream-50-ml\\\/#breadcrumb\"},\"inLanguage\":\"cs\",\"potentialAction\":[{\"@type\":\"ReadAction\",\"target\":[\"https:\\\/\\\/vivasan-shop.com\\\/shop\\\/beauty\\\/face-care\\\/mila-dopiz-hyaluron-light-cream-50-ml\\\/\"]}]},{\"@type\":\"ImageObject\",\"inLanguage\":\"cs\",\"@id\":\"https:\\\/\\\/vivasan-shop.com\\\/shop\\\/beauty\\\/face-care\\\/mila-dopiz-hyaluron-light-cream-50-ml\\\/#primaryimage\",\"url\":\"https:\\\/\\\/vivasan-shop.com\\\/wp-content\\\/uploads\\\/2025\\\/06\\\/vivasan.club-20210810-2121-53877616.avif\",\"contentUrl\":\"https:\\\/\\\/vivasan-shop.com\\\/wp-content\\\/uploads\\\/2025\\\/06\\\/vivasan.club-20210810-2121-53877616.avif\"},{\"@type\":\"BreadcrumbList\",\"@id\":\"https:\\\/\\\/vivasan-shop.com\\\/shop\\\/beauty\\\/face-care\\\/mila-dopiz-hyaluron-light-cream-50-ml\\\/#breadcrumb\",\"itemListElement\":[{\"@type\":\"ListItem\",\"position\":1,\"name\":\"Home\",\"item\":\"https:\\\/\\\/vivasan-shop.com\\\/\"},{\"@type\":\"ListItem\",\"position\":2,\"name\":\"Shop\",\"item\":\"https:\\\/\\\/vivasan-shop.com\\\/shop\\\/\"},{\"@type\":\"ListItem\",\"position\":3,\"name\":\"Mila d\u2019Opiz Hyaluron Light Cream, 50 ml\"}]},{\"@type\":\"WebSite\",\"@id\":\"https:\\\/\\\/vivasan-shop.com\\\/#website\",\"url\":\"https:\\\/\\\/vivasan-shop.com\\\/\",\"name\":\"Vivasan\",\"description\":\"\",\"publisher\":{\"@id\":\"https:\\\/\\\/vivasan-shop.com\\\/#organization\"},\"potentialAction\":[{\"@type\":\"SearchAction\",\"target\":{\"@type\":\"EntryPoint\",\"urlTemplate\":\"https:\\\/\\\/vivasan-shop.com\\\/?s={search_term_string}\"},\"query-input\":{\"@type\":\"PropertyValueSpecification\",\"valueRequired\":true,\"valueName\":\"search_term_string\"}}],\"inLanguage\":\"cs\"},{\"@type\":\"Organization\",\"@id\":\"https:\\\/\\\/vivasan-shop.com\\\/#organization\",\"name\":\"Vivasan\",\"url\":\"https:\\\/\\\/vivasan-shop.com\\\/\",\"logo\":{\"@type\":\"ImageObject\",\"inLanguage\":\"cs\",\"@id\":\"https:\\\/\\\/vivasan-shop.com\\\/#\\\/schema\\\/logo\\\/image\\\/\",\"url\":\"https:\\\/\\\/vivasan-shop.com\\\/wp-content\\\/uploads\\\/2025\\\/07\\\/photo_2025-07-05_23-33-41.jpg\",\"contentUrl\":\"https:\\\/\\\/vivasan-shop.com\\\/wp-content\\\/uploads\\\/2025\\\/07\\\/photo_2025-07-05_23-33-41.jpg\",\"width\":1080,\"height\":608,\"caption\":\"Vivasan\"},\"image\":{\"@id\":\"https:\\\/\\\/vivasan-shop.com\\\/#\\\/schema\\\/logo\\\/image\\\/\"}}]}<\/script>\n<!-- \/ Yoast SEO plugin. -->","yoast_head_json":{"title":"Mila d\u2019Opiz Hyaluron Light Cream, 50 ml - vivasan-shop.com","robots":{"index":"index","follow":"follow","max-snippet":"max-snippet:-1","max-image-preview":"max-image-preview:large","max-video-preview":"max-video-preview:-1"},"canonical":"https:\/\/vivasan-shop.com\/cs\/shop\/beauty\/face-care\/mila-dopiz-hyaluron-light-cream-50-ml\/","og_locale":"cs_CZ","og_type":"article","og_title":"Mila d\u2019Opiz Hyaluron Light Cream, 50 ml - vivasan-shop.com","og_description":"Derma Science by Mila d\u2019Opiz. Defense and regeneration moisturizing Hyaluron cream. The antioxidative advance formula is combined with peptide Matrixyl, 3-level hyaluronic acid and cell-protector active complex with stimulates the regeneration process, soothes and hydrates the epidermis insanely. The complexion gains in radiance, the skin is visibly redefined, replumped and well-protected. Highly effective day cream with intensively moisturizing 3-level hyaluronic acid. Your complexion regains radiance and the skin appears visibly padded. Wrinkles and lines are noticeably smoothed. Protective, regenerating, deeply moisturizing hyaluronic acid cream. Thanks to the combination of low and high molecular weight and cross-linked hyaluronic acid, the anti-wrinkle effect is immediately visible.  Made in Switzerland.  &nbsp;","og_url":"https:\/\/vivasan-shop.com\/cs\/shop\/beauty\/face-care\/mila-dopiz-hyaluron-light-cream-50-ml\/","og_site_name":"vivasan-shop.com","article_modified_time":"2025-08-11T16:06:04+00:00","og_image":[{"width":715,"height":349,"url":"https:\/\/vivasan-shop.com\/wp-content\/uploads\/2025\/09\/photo_2025-09-04_15-07-27-removebg-preview.png","type":"image\/png"}],"twitter_card":"summary_large_image","twitter_misc":{"Odhadovan\u00e1 doba \u010dten\u00ed":"1 minuta"},"schema":{"@context":"https:\/\/schema.org","@graph":[{"@type":["WebPage","ItemPage"],"@id":"https:\/\/vivasan-shop.com\/shop\/beauty\/face-care\/mila-dopiz-hyaluron-light-cream-50-ml\/","url":"https:\/\/vivasan-shop.com\/shop\/beauty\/face-care\/mila-dopiz-hyaluron-light-cream-50-ml\/","name":"Mila d\u2019Opiz Hyaluron Light Cream, 50 ml - vivasan-shop.com","isPartOf":{"@id":"https:\/\/vivasan-shop.com\/#website"},"primaryImageOfPage":{"@id":"https:\/\/vivasan-shop.com\/shop\/beauty\/face-care\/mila-dopiz-hyaluron-light-cream-50-ml\/#primaryimage"},"image":{"@id":"https:\/\/vivasan-shop.com\/shop\/beauty\/face-care\/mila-dopiz-hyaluron-light-cream-50-ml\/#primaryimage"},"thumbnailUrl":"https:\/\/vivasan-shop.com\/wp-content\/uploads\/2025\/06\/vivasan.club-20210810-2121-53877616.avif","datePublished":"2025-06-20T15:29:00+00:00","dateModified":"2025-08-11T16:06:04+00:00","breadcrumb":{"@id":"https:\/\/vivasan-shop.com\/shop\/beauty\/face-care\/mila-dopiz-hyaluron-light-cream-50-ml\/#breadcrumb"},"inLanguage":"cs","potentialAction":[{"@type":"ReadAction","target":["https:\/\/vivasan-shop.com\/shop\/beauty\/face-care\/mila-dopiz-hyaluron-light-cream-50-ml\/"]}]},{"@type":"ImageObject","inLanguage":"cs","@id":"https:\/\/vivasan-shop.com\/shop\/beauty\/face-care\/mila-dopiz-hyaluron-light-cream-50-ml\/#primaryimage","url":"https:\/\/vivasan-shop.com\/wp-content\/uploads\/2025\/06\/vivasan.club-20210810-2121-53877616.avif","contentUrl":"https:\/\/vivasan-shop.com\/wp-content\/uploads\/2025\/06\/vivasan.club-20210810-2121-53877616.avif"},{"@type":"BreadcrumbList","@id":"https:\/\/vivasan-shop.com\/shop\/beauty\/face-care\/mila-dopiz-hyaluron-light-cream-50-ml\/#breadcrumb","itemListElement":[{"@type":"ListItem","position":1,"name":"Home","item":"https:\/\/vivasan-shop.com\/"},{"@type":"ListItem","position":2,"name":"Shop","item":"https:\/\/vivasan-shop.com\/shop\/"},{"@type":"ListItem","position":3,"name":"Mila d\u2019Opiz Hyaluron Light Cream, 50 ml"}]},{"@type":"WebSite","@id":"https:\/\/vivasan-shop.com\/#website","url":"https:\/\/vivasan-shop.com\/","name":"Vivasan","description":"","publisher":{"@id":"https:\/\/vivasan-shop.com\/#organization"},"potentialAction":[{"@type":"SearchAction","target":{"@type":"EntryPoint","urlTemplate":"https:\/\/vivasan-shop.com\/?s={search_term_string}"},"query-input":{"@type":"PropertyValueSpecification","valueRequired":true,"valueName":"search_term_string"}}],"inLanguage":"cs"},{"@type":"Organization","@id":"https:\/\/vivasan-shop.com\/#organization","name":"Vivasan","url":"https:\/\/vivasan-shop.com\/","logo":{"@type":"ImageObject","inLanguage":"cs","@id":"https:\/\/vivasan-shop.com\/#\/schema\/logo\/image\/","url":"https:\/\/vivasan-shop.com\/wp-content\/uploads\/2025\/07\/photo_2025-07-05_23-33-41.jpg","contentUrl":"https:\/\/vivasan-shop.com\/wp-content\/uploads\/2025\/07\/photo_2025-07-05_23-33-41.jpg","width":1080,"height":608,"caption":"Vivasan"},"image":{"@id":"https:\/\/vivasan-shop.com\/#\/schema\/logo\/image\/"}}]}},"_links":{"self":[{"href":"https:\/\/vivasan-shop.com\/cs\/wp-json\/wp\/v2\/product\/1538","targetHints":{"allow":["GET"]}}],"collection":[{"href":"https:\/\/vivasan-shop.com\/cs\/wp-json\/wp\/v2\/product"}],"about":[{"href":"https:\/\/vivasan-shop.com\/cs\/wp-json\/wp\/v2\/types\/product"}],"replies":[{"embeddable":true,"href":"https:\/\/vivasan-shop.com\/cs\/wp-json\/wp\/v2\/comments?post=1538"}],"version-history":[{"count":1,"href":"https:\/\/vivasan-shop.com\/cs\/wp-json\/wp\/v2\/product\/1538\/revisions"}],"predecessor-version":[{"id":1542,"href":"https:\/\/vivasan-shop.com\/cs\/wp-json\/wp\/v2\/product\/1538\/revisions\/1542"}],"wp:featuredmedia":[{"embeddable":true,"href":"https:\/\/vivasan-shop.com\/cs\/wp-json\/wp\/v2\/media\/1539"}],"wp:attachment":[{"href":"https:\/\/vivasan-shop.com\/cs\/wp-json\/wp\/v2\/media?parent=1538"}],"wp:term":[{"taxonomy":"product_brand","embeddable":true,"href":"https:\/\/vivasan-shop.com\/cs\/wp-json\/wp\/v2\/product_brand?post=1538"},{"taxonomy":"product_cat","embeddable":true,"href":"https:\/\/vivasan-shop.com\/cs\/wp-json\/wp\/v2\/product_cat?post=1538"},{"taxonomy":"product_tag","embeddable":true,"href":"https:\/\/vivasan-shop.com\/cs\/wp-json\/wp\/v2\/product_tag?post=1538"}],"curies":[{"name":"wp","href":"https:\/\/api.w.org\/{rel}","templated":true}]}}