{"id":1543,"date":"2025-06-20T15:32:00","date_gmt":"2025-06-20T15:32:00","guid":{"rendered":"https:\/\/vivasan-shop.com\/?post_type=product&#038;p=1543"},"modified":"2025-08-11T16:06:04","modified_gmt":"2025-08-11T16:06:04","slug":"mila-dopiz-restoring-retinol-q10-fluid-30-ml","status":"publish","type":"product","link":"https:\/\/vivasan-shop.com\/cs\/shop\/beauty\/face-care\/mila-dopiz-restoring-retinol-q10-fluid-30-ml\/","title":{"rendered":"Obnovuj\u00edc\u00ed fluid s retinolem Q10 Mila d\u2019Opiz, 30 ml"},"content":{"rendered":"<p>The uncompromising quality that begins with the selection of the best plants and high-tech raw materials, coupled with the latest knowledge from the international cosmetic research. Produced in Switzerland in accordance with GMP quality standard (GMP = Good Manufacturing Practice) \u2014 authentic cosmetics of the highest quality level. Retinol \u2014 the wrinkle killer. Retinol is one of the most tried and tested anti-wrinkle ingredients \u2014 it gives the skin firmness and elasticity. During the normal aging process, the top layer of skin becomes thinner and can store less moisture \u2014 the elastin and collagen fibers lose their elasticity, and small wrinkles become deep wrinkles. Retinol, however, stimulates the skin\u2019s own collagen synthesis in the cells. Retinol acts like a protective shield against free radicals and boycotts the rapid progression of the aging process. Pure vitamin A cannot be kept for long in the air. For protection, it is enclosed in small transport spheres (talaspheres). Due to their molecular size, these particles can penetrate into the layers of the skin. Liposomally encapsulated retinol in our Derma Science products effectively supports the formation of the skin\u2019s own collagen, smoothes existing wrinkles and counteracts the formation of new wrinkles.<\/p>\n<ul>\n<li>Reactivates the youthfulness of your skin.<\/li>\n<li>Effectively reduces wrinkles and lines.<\/li>\n<li>For more elasticity, strength and resistance skin.<\/li>\n<li>Fights post-acne, scars &amp; pigmentation.<\/li>\n<li>Not been tested on animals.<\/li>\n<li>Carbon-neutrally.<\/li>\n<li>Natural raw materials.<\/li>\n<li>Packaging: 50 ml glass airless dispenser with box (can be recycled; 100% degradable cellophane, can be recycled into compost).<\/li>\n<\/ul>\n<p>The highly effective intensive serum Retinol Q10 for the face, neck and d\u00e9collet\u00e9. With its cell-activating effect, the regeneration process of your skin is stimulated and skin aging is prevented. Wrinkles and lines are visibly balanced. The Restoring Retinol Serum also increases the antioxidant status of the skin. Which means that it\u2019s protected against water loss (caused by stress, UV rays and environmental influences). Your skin regains elasticity and resistance. Thanks to its silky soft texture, the serum is absorbed immediately and leaves a radiant and harmonious complexion. This high quality serum is quickly absorbed by the skin and the regeneration of the skin is immediately visible, lines and wrinkles are evened out. Q10 repairs damaged skin cells and intensifies cell growth. Redness and flaky skin are reduced.Wrinkles appear smoother. The complexion appears clear and radiant.<\/p>\n<p><strong>Application:<\/strong>\u00a0Apply to face and neck in the morning after cleansing and spread gently. Let it soak in completely and then use\u00a0<a href=\"https:\/\/vivasan.club\/en\/p\/restoring-retinol-cream\/\">day<\/a>\u00a0cream.<br \/>\n<strong><br \/>\nIngredients \/INCI*:<\/strong>\u00a0Aqua (Water), Glycerin, Caprylic\/Capric Triglyceride, C12-15 Alkyl Benzoate, PPG-15 Steary| Ether, Pentylene Glycol, Squalane, Phenoxyethanol, Cyclopentasiloxane, Prunus Armeniaca (Apricot) Kernel Oil, Parfum (Fragrance), Panthenol, Cyclohexasiloxane, Acrylates\/C10-30 Alkyl Acrylate Crosspolymer, Laureth-9, Allantoin, Butylene Glycol, Alcohol, Ethyihexylglycerin, Tocopheryl Acetate, Sodium Hydroxide, Glycine Soja (Soybean) Oil, Retinol, Glyceryl Acrylate\/Acrylic Acid Copolymer, Disodium EDTA, Ubiquinone, Lecithin, Jasminum Officinale (Jasmine) Flower Extract, Leontopodium Alpinum Extract, Magnolia Biondii Flower Extract, Nelumbo Nucifera Flower Extract, Plumeria Alba Flower Extract, Camellia Sinensis Leaf Extract, Prunus Amygdalus Dulcis (Sweet Almond) Flower Extract, Prunus Persica Flower Extract, Prunus Semulata lower Extract, Methylparaben, Propylparaben, Carbomer, Ethylparaben, Atelocollagen,Tocopherol, Sodium Chondroitin Sulfate.<\/p>\n<p>*<strong>INCI:<\/strong>\u00a0(INCI) is the International Nomenclature of Cosmetic Ingredients. Its main goal is to enable people with allergies, before making a purchase, to clarify the presence of harmful and unsafe components in cosmetics. The ingredients are listed in descending order of concentration in cosmetics. INCI is a useful tool that not only forces manufacturers to be transparent to the customer, but also allows customers to take responsibility for what they want to buy for themselves and are not dependent only on advertising, media and celebrity statements. It allows the customer to decide for himself what he wants to give his money for. It is definitely worthwhile to find your way around, both your skin and your wallet will thank you.<\/p>\n<p><strong>Mila d\u2019Opiz products are manufactured according to IS0 9001 Quality Standards and are clinically tested!<\/strong><br \/>\n<strong>Certificates:<\/strong>\u00a0Swiss-Medic certificate, Cosmetics GMP, Pharma GMP, ISO 9001, ISO 22716.<\/p>","protected":false},"excerpt":{"rendered":"<div class=\"woocommerce-product-details__short-description\">\n<div class=\"woocommerce-product-details__short-description\">\n<div class=\"woocommerce-product-details__short-description\">\n<div class=\"woocommerce-product-details__short-description\">\n<div class=\"woocommerce-product-details__short-description\">\n<div class=\"woocommerce-product-details__short-description\">\n<div class=\"woocommerce-product-details__short-description\">\n<div class=\"woocommerce-product-details__short-description\">\n<div class=\"woocommerce-product-details__short-description\">\n<p>Derma Science by Mila d\u2019Opiz. The highly effective intensive serum Retinol Q10 for the face, neck and d\u00e9collet\u00e9. With its cell-activating effect, the regeneration process of your skin is stimulated and skin aging is prevented. Wrinkles and lines are visibly balanced. The Restoring Retinol Serum also increases the antioxidant status of the skin. Which means that it\u2019s protected against water loss (caused by stress, UV rays and environmental influences). Your skin regains elasticity and resistance. Thanks to its silky soft texture, the serum is absorbed immediately and leaves a radiant and harmonious complexion. This high quality serum is quickly absorbed by the skin and the regeneration of the skin is immediately visible, lines and wrinkles are evened out. Q10 repairs damaged skin cells and intensifies cell growth. Redness and flaky skin are reduced.Wrinkles appear smoother. The complexion appears clear and radiant.<\/p>\n<p>Vyrobeno ve \u0160v\u00fdcarsku.<\/p>\n<p>&nbsp;<\/p>\n<\/div>\n<div class=\"vivasan-product-icons\"><img loading=\"lazy\" decoding=\"async\" class=\"product_icon\" title=\"Made in Switzerland\" src=\"https:\/\/vivasan.club\/assets\/images\/product-icons\/swiss.svg?v=2\" alt=\"Made in Switzerland\" width=\"40\" height=\"40\" \/><img loading=\"lazy\" decoding=\"async\" class=\"product_icon\" title=\"GMP Certified\" src=\"https:\/\/vivasan.club\/assets\/images\/product-icons\/gmp.svg?v=2\" alt=\"GMP Certified\" width=\"40\" height=\"40\" \/><img loading=\"lazy\" decoding=\"async\" class=\"product_icon\" title=\"Cruelty-free\" src=\"https:\/\/vivasan.club\/assets\/images\/product-icons\/crueltyfree.svg?v=2\" alt=\"Cruelty-free\" width=\"40\" height=\"40\" \/><\/div>\n<\/div>\n<\/div>\n<\/div>\n<\/div>\n<\/div>\n<\/div>\n<\/div>\n<\/div>","protected":false},"featured_media":1544,"comment_status":"open","ping_status":"closed","template":"","meta":{"_acf_changed":false},"product_brand":[83],"product_cat":[62,65],"product_tag":[],"class_list":{"0":"post-1543","1":"product","2":"type-product","3":"status-publish","4":"has-post-thumbnail","6":"product_brand-mila-dopiz","7":"product_cat-beauty","8":"product_cat-face-care","10":"first","11":"instock","12":"shipping-taxable","13":"purchasable","14":"product-type-simple"},"acf":[],"yoast_head":"<!-- This site is optimized with the Yoast SEO plugin v27.3 - https:\/\/yoast.com\/product\/yoast-seo-wordpress\/ -->\n<title>Mila d\u2019Opiz Restoring Retinol Q10 Fluid, 30 ml - vivasan-shop.com<\/title>\n<meta name=\"robots\" content=\"index, follow, max-snippet:-1, max-image-preview:large, max-video-preview:-1\" \/>\n<link rel=\"canonical\" href=\"https:\/\/vivasan-shop.com\/cs\/shop\/beauty\/face-care\/mila-dopiz-restoring-retinol-q10-fluid-30-ml\/\" \/>\n<meta property=\"og:locale\" content=\"cs_CZ\" \/>\n<meta property=\"og:type\" content=\"article\" \/>\n<meta property=\"og:title\" content=\"Mila d\u2019Opiz Restoring Retinol Q10 Fluid, 30 ml - vivasan-shop.com\" \/>\n<meta property=\"og:description\" content=\"Derma Science by Mila d\u2019Opiz. The highly effective intensive serum Retinol Q10 for the face, neck and d\u00e9collet\u00e9. With its cell-activating effect, the regeneration process of your skin is stimulated and skin aging is prevented. Wrinkles and lines are visibly balanced. The Restoring Retinol Serum also increases the antioxidant status of the skin. Which means that it\u2019s protected against water loss (caused by stress, UV rays and environmental influences). Your skin regains elasticity and resistance. Thanks to its silky soft texture, the serum is absorbed immediately and leaves a radiant and harmonious complexion. This high quality serum is quickly absorbed by the skin and the regeneration of the skin is immediately visible, lines and wrinkles are evened out. Q10 repairs damaged skin cells and intensifies cell growth. Redness and flaky skin are reduced.Wrinkles appear smoother. The complexion appears clear and radiant.  Made in Switzerland.  &nbsp;\" \/>\n<meta property=\"og:url\" content=\"https:\/\/vivasan-shop.com\/cs\/shop\/beauty\/face-care\/mila-dopiz-restoring-retinol-q10-fluid-30-ml\/\" \/>\n<meta property=\"og:site_name\" content=\"vivasan-shop.com\" \/>\n<meta property=\"article:modified_time\" content=\"2025-08-11T16:06:04+00:00\" \/>\n<meta property=\"og:image\" content=\"https:\/\/vivasan-shop.com\/wp-content\/uploads\/2025\/09\/photo_2025-09-04_15-07-27-removebg-preview.png\" \/>\n\t<meta property=\"og:image:width\" content=\"715\" \/>\n\t<meta property=\"og:image:height\" content=\"349\" \/>\n\t<meta property=\"og:image:type\" content=\"image\/png\" \/>\n<meta name=\"twitter:card\" content=\"summary_large_image\" \/>\n<meta name=\"twitter:label1\" content=\"Odhadovan\u00e1 doba \u010dten\u00ed\" \/>\n\t<meta name=\"twitter:data1\" content=\"1 minuta\" \/>\n<script type=\"application\/ld+json\" class=\"yoast-schema-graph\">{\"@context\":\"https:\\\/\\\/schema.org\",\"@graph\":[{\"@type\":[\"WebPage\",\"ItemPage\"],\"@id\":\"https:\\\/\\\/vivasan-shop.com\\\/shop\\\/beauty\\\/face-care\\\/mila-dopiz-restoring-retinol-q10-fluid-30-ml\\\/\",\"url\":\"https:\\\/\\\/vivasan-shop.com\\\/shop\\\/beauty\\\/face-care\\\/mila-dopiz-restoring-retinol-q10-fluid-30-ml\\\/\",\"name\":\"Mila d\u2019Opiz Restoring Retinol Q10 Fluid, 30 ml - vivasan-shop.com\",\"isPartOf\":{\"@id\":\"https:\\\/\\\/vivasan-shop.com\\\/#website\"},\"primaryImageOfPage\":{\"@id\":\"https:\\\/\\\/vivasan-shop.com\\\/shop\\\/beauty\\\/face-care\\\/mila-dopiz-restoring-retinol-q10-fluid-30-ml\\\/#primaryimage\"},\"image\":{\"@id\":\"https:\\\/\\\/vivasan-shop.com\\\/shop\\\/beauty\\\/face-care\\\/mila-dopiz-restoring-retinol-q10-fluid-30-ml\\\/#primaryimage\"},\"thumbnailUrl\":\"https:\\\/\\\/vivasan-shop.com\\\/wp-content\\\/uploads\\\/2025\\\/06\\\/vivasan.club-20210917-1701-16349737.avif\",\"datePublished\":\"2025-06-20T15:32:00+00:00\",\"dateModified\":\"2025-08-11T16:06:04+00:00\",\"breadcrumb\":{\"@id\":\"https:\\\/\\\/vivasan-shop.com\\\/shop\\\/beauty\\\/face-care\\\/mila-dopiz-restoring-retinol-q10-fluid-30-ml\\\/#breadcrumb\"},\"inLanguage\":\"cs\",\"potentialAction\":[{\"@type\":\"ReadAction\",\"target\":[\"https:\\\/\\\/vivasan-shop.com\\\/shop\\\/beauty\\\/face-care\\\/mila-dopiz-restoring-retinol-q10-fluid-30-ml\\\/\"]}]},{\"@type\":\"ImageObject\",\"inLanguage\":\"cs\",\"@id\":\"https:\\\/\\\/vivasan-shop.com\\\/shop\\\/beauty\\\/face-care\\\/mila-dopiz-restoring-retinol-q10-fluid-30-ml\\\/#primaryimage\",\"url\":\"https:\\\/\\\/vivasan-shop.com\\\/wp-content\\\/uploads\\\/2025\\\/06\\\/vivasan.club-20210917-1701-16349737.avif\",\"contentUrl\":\"https:\\\/\\\/vivasan-shop.com\\\/wp-content\\\/uploads\\\/2025\\\/06\\\/vivasan.club-20210917-1701-16349737.avif\"},{\"@type\":\"BreadcrumbList\",\"@id\":\"https:\\\/\\\/vivasan-shop.com\\\/shop\\\/beauty\\\/face-care\\\/mila-dopiz-restoring-retinol-q10-fluid-30-ml\\\/#breadcrumb\",\"itemListElement\":[{\"@type\":\"ListItem\",\"position\":1,\"name\":\"Home\",\"item\":\"https:\\\/\\\/vivasan-shop.com\\\/\"},{\"@type\":\"ListItem\",\"position\":2,\"name\":\"Shop\",\"item\":\"https:\\\/\\\/vivasan-shop.com\\\/shop\\\/\"},{\"@type\":\"ListItem\",\"position\":3,\"name\":\"Mila d\u2019Opiz Restoring Retinol Q10 Fluid, 30 ml\"}]},{\"@type\":\"WebSite\",\"@id\":\"https:\\\/\\\/vivasan-shop.com\\\/#website\",\"url\":\"https:\\\/\\\/vivasan-shop.com\\\/\",\"name\":\"Vivasan\",\"description\":\"\",\"publisher\":{\"@id\":\"https:\\\/\\\/vivasan-shop.com\\\/#organization\"},\"potentialAction\":[{\"@type\":\"SearchAction\",\"target\":{\"@type\":\"EntryPoint\",\"urlTemplate\":\"https:\\\/\\\/vivasan-shop.com\\\/?s={search_term_string}\"},\"query-input\":{\"@type\":\"PropertyValueSpecification\",\"valueRequired\":true,\"valueName\":\"search_term_string\"}}],\"inLanguage\":\"cs\"},{\"@type\":\"Organization\",\"@id\":\"https:\\\/\\\/vivasan-shop.com\\\/#organization\",\"name\":\"Vivasan\",\"url\":\"https:\\\/\\\/vivasan-shop.com\\\/\",\"logo\":{\"@type\":\"ImageObject\",\"inLanguage\":\"cs\",\"@id\":\"https:\\\/\\\/vivasan-shop.com\\\/#\\\/schema\\\/logo\\\/image\\\/\",\"url\":\"https:\\\/\\\/vivasan-shop.com\\\/wp-content\\\/uploads\\\/2025\\\/07\\\/photo_2025-07-05_23-33-41.jpg\",\"contentUrl\":\"https:\\\/\\\/vivasan-shop.com\\\/wp-content\\\/uploads\\\/2025\\\/07\\\/photo_2025-07-05_23-33-41.jpg\",\"width\":1080,\"height\":608,\"caption\":\"Vivasan\"},\"image\":{\"@id\":\"https:\\\/\\\/vivasan-shop.com\\\/#\\\/schema\\\/logo\\\/image\\\/\"}}]}<\/script>\n<!-- \/ Yoast SEO plugin. -->","yoast_head_json":{"title":"Mila d\u2019Opiz Restoring Retinol Q10 Fluid, 30 ml - vivasan-shop.com","robots":{"index":"index","follow":"follow","max-snippet":"max-snippet:-1","max-image-preview":"max-image-preview:large","max-video-preview":"max-video-preview:-1"},"canonical":"https:\/\/vivasan-shop.com\/cs\/shop\/beauty\/face-care\/mila-dopiz-restoring-retinol-q10-fluid-30-ml\/","og_locale":"cs_CZ","og_type":"article","og_title":"Mila d\u2019Opiz Restoring Retinol Q10 Fluid, 30 ml - vivasan-shop.com","og_description":"Derma Science by Mila d\u2019Opiz. The highly effective intensive serum Retinol Q10 for the face, neck and d\u00e9collet\u00e9. With its cell-activating effect, the regeneration process of your skin is stimulated and skin aging is prevented. Wrinkles and lines are visibly balanced. The Restoring Retinol Serum also increases the antioxidant status of the skin. Which means that it\u2019s protected against water loss (caused by stress, UV rays and environmental influences). Your skin regains elasticity and resistance. Thanks to its silky soft texture, the serum is absorbed immediately and leaves a radiant and harmonious complexion. This high quality serum is quickly absorbed by the skin and the regeneration of the skin is immediately visible, lines and wrinkles are evened out. Q10 repairs damaged skin cells and intensifies cell growth. Redness and flaky skin are reduced.Wrinkles appear smoother. The complexion appears clear and radiant.  Made in Switzerland.  &nbsp;","og_url":"https:\/\/vivasan-shop.com\/cs\/shop\/beauty\/face-care\/mila-dopiz-restoring-retinol-q10-fluid-30-ml\/","og_site_name":"vivasan-shop.com","article_modified_time":"2025-08-11T16:06:04+00:00","og_image":[{"width":715,"height":349,"url":"https:\/\/vivasan-shop.com\/wp-content\/uploads\/2025\/09\/photo_2025-09-04_15-07-27-removebg-preview.png","type":"image\/png"}],"twitter_card":"summary_large_image","twitter_misc":{"Odhadovan\u00e1 doba \u010dten\u00ed":"1 minuta"},"schema":{"@context":"https:\/\/schema.org","@graph":[{"@type":["WebPage","ItemPage"],"@id":"https:\/\/vivasan-shop.com\/shop\/beauty\/face-care\/mila-dopiz-restoring-retinol-q10-fluid-30-ml\/","url":"https:\/\/vivasan-shop.com\/shop\/beauty\/face-care\/mila-dopiz-restoring-retinol-q10-fluid-30-ml\/","name":"Mila d\u2019Opiz Restoring Retinol Q10 Fluid, 30 ml - vivasan-shop.com","isPartOf":{"@id":"https:\/\/vivasan-shop.com\/#website"},"primaryImageOfPage":{"@id":"https:\/\/vivasan-shop.com\/shop\/beauty\/face-care\/mila-dopiz-restoring-retinol-q10-fluid-30-ml\/#primaryimage"},"image":{"@id":"https:\/\/vivasan-shop.com\/shop\/beauty\/face-care\/mila-dopiz-restoring-retinol-q10-fluid-30-ml\/#primaryimage"},"thumbnailUrl":"https:\/\/vivasan-shop.com\/wp-content\/uploads\/2025\/06\/vivasan.club-20210917-1701-16349737.avif","datePublished":"2025-06-20T15:32:00+00:00","dateModified":"2025-08-11T16:06:04+00:00","breadcrumb":{"@id":"https:\/\/vivasan-shop.com\/shop\/beauty\/face-care\/mila-dopiz-restoring-retinol-q10-fluid-30-ml\/#breadcrumb"},"inLanguage":"cs","potentialAction":[{"@type":"ReadAction","target":["https:\/\/vivasan-shop.com\/shop\/beauty\/face-care\/mila-dopiz-restoring-retinol-q10-fluid-30-ml\/"]}]},{"@type":"ImageObject","inLanguage":"cs","@id":"https:\/\/vivasan-shop.com\/shop\/beauty\/face-care\/mila-dopiz-restoring-retinol-q10-fluid-30-ml\/#primaryimage","url":"https:\/\/vivasan-shop.com\/wp-content\/uploads\/2025\/06\/vivasan.club-20210917-1701-16349737.avif","contentUrl":"https:\/\/vivasan-shop.com\/wp-content\/uploads\/2025\/06\/vivasan.club-20210917-1701-16349737.avif"},{"@type":"BreadcrumbList","@id":"https:\/\/vivasan-shop.com\/shop\/beauty\/face-care\/mila-dopiz-restoring-retinol-q10-fluid-30-ml\/#breadcrumb","itemListElement":[{"@type":"ListItem","position":1,"name":"Home","item":"https:\/\/vivasan-shop.com\/"},{"@type":"ListItem","position":2,"name":"Shop","item":"https:\/\/vivasan-shop.com\/shop\/"},{"@type":"ListItem","position":3,"name":"Mila d\u2019Opiz Restoring Retinol Q10 Fluid, 30 ml"}]},{"@type":"WebSite","@id":"https:\/\/vivasan-shop.com\/#website","url":"https:\/\/vivasan-shop.com\/","name":"Vivasan","description":"","publisher":{"@id":"https:\/\/vivasan-shop.com\/#organization"},"potentialAction":[{"@type":"SearchAction","target":{"@type":"EntryPoint","urlTemplate":"https:\/\/vivasan-shop.com\/?s={search_term_string}"},"query-input":{"@type":"PropertyValueSpecification","valueRequired":true,"valueName":"search_term_string"}}],"inLanguage":"cs"},{"@type":"Organization","@id":"https:\/\/vivasan-shop.com\/#organization","name":"Vivasan","url":"https:\/\/vivasan-shop.com\/","logo":{"@type":"ImageObject","inLanguage":"cs","@id":"https:\/\/vivasan-shop.com\/#\/schema\/logo\/image\/","url":"https:\/\/vivasan-shop.com\/wp-content\/uploads\/2025\/07\/photo_2025-07-05_23-33-41.jpg","contentUrl":"https:\/\/vivasan-shop.com\/wp-content\/uploads\/2025\/07\/photo_2025-07-05_23-33-41.jpg","width":1080,"height":608,"caption":"Vivasan"},"image":{"@id":"https:\/\/vivasan-shop.com\/#\/schema\/logo\/image\/"}}]}},"_links":{"self":[{"href":"https:\/\/vivasan-shop.com\/cs\/wp-json\/wp\/v2\/product\/1543","targetHints":{"allow":["GET"]}}],"collection":[{"href":"https:\/\/vivasan-shop.com\/cs\/wp-json\/wp\/v2\/product"}],"about":[{"href":"https:\/\/vivasan-shop.com\/cs\/wp-json\/wp\/v2\/types\/product"}],"replies":[{"embeddable":true,"href":"https:\/\/vivasan-shop.com\/cs\/wp-json\/wp\/v2\/comments?post=1543"}],"version-history":[{"count":1,"href":"https:\/\/vivasan-shop.com\/cs\/wp-json\/wp\/v2\/product\/1543\/revisions"}],"predecessor-version":[{"id":1547,"href":"https:\/\/vivasan-shop.com\/cs\/wp-json\/wp\/v2\/product\/1543\/revisions\/1547"}],"wp:featuredmedia":[{"embeddable":true,"href":"https:\/\/vivasan-shop.com\/cs\/wp-json\/wp\/v2\/media\/1544"}],"wp:attachment":[{"href":"https:\/\/vivasan-shop.com\/cs\/wp-json\/wp\/v2\/media?parent=1543"}],"wp:term":[{"taxonomy":"product_brand","embeddable":true,"href":"https:\/\/vivasan-shop.com\/cs\/wp-json\/wp\/v2\/product_brand?post=1543"},{"taxonomy":"product_cat","embeddable":true,"href":"https:\/\/vivasan-shop.com\/cs\/wp-json\/wp\/v2\/product_cat?post=1543"},{"taxonomy":"product_tag","embeddable":true,"href":"https:\/\/vivasan-shop.com\/cs\/wp-json\/wp\/v2\/product_tag?post=1543"}],"curies":[{"name":"wp","href":"https:\/\/api.w.org\/{rel}","templated":true}]}}