{"id":1563,"date":"2025-06-20T15:41:00","date_gmt":"2025-06-20T15:41:00","guid":{"rendered":"https:\/\/vivasan-shop.com\/?post_type=product&#038;p=1563"},"modified":"2025-08-11T16:06:04","modified_gmt":"2025-08-11T16:06:04","slug":"mila-dopiz-smoothing-repair-eye-cream-15-ml","status":"publish","type":"product","link":"https:\/\/vivasan-shop.com\/cs\/shop\/beauty\/face-care\/mila-dopiz-smoothing-repair-eye-cream-15-ml\/","title":{"rendered":"Vyhlazuj\u00edc\u00ed regenera\u010dn\u00ed o\u010dn\u00ed kr\u00e9m Mila d\u2019Opiz, 15 ml"},"content":{"rendered":"<p>Firming, deeply moisturizing and revitalizing eye cream formulated to meet the needs of your sensitive eye area. The highly effective repair complex with anti-aging and moisturizing ingredients protects the epidermal lipid barrier, intensively nourishes and soothes the skin. This way your eye area maintains its suppleness. Your eyes look revitalized, pleasantly moisturized and radiant. The mere fact that the skin around the eyes is about three times thinner than the rest of the face illustrates the need for special attention. Whether used as a cream Derma Science Anti-Aging Eye Care products give the skin around your eyes elasticity, resilience and radiance.<\/p>\n<ul>\n<li>For a smooth, supple eye area.<\/li>\n<li>Revitalizing, invigorating, caring and tightening.<\/li>\n<li>Ideally suited for all skin types.<\/li>\n<li>Not been tested on animals.<\/li>\n<li>Carbon-neutrally.<\/li>\n<li>Natural raw materials.<\/li>\n<li>Appearance:\u00a0white light supple structure.<\/li>\n<li>Packaging retail:\u00a015 ml tube with box (recycled cardboard;\u00a0100\u00a0per\u00a0cent degradable cellophane,\u00a0recycled as compost).<\/li>\n<\/ul>\n<p>The intensive care products from Derma Science contain highly effective active ingredients and support the skin in its regeneration process. Even in deeper layers of the skin, the Derma Science high-performance active ingredients unfold their effectiveness. They meet the high demands of all skin types (including hypersensitive skin) and meet the needs of both men and women.<\/p>\n<p><strong>Use:<\/strong>\u00a0Gently pat onto the eye area, everyday, mornings and evenings. Highly\u00a0recommended for all skin types. Also suitable for men and contact lens\u00a0wearers.<\/p>\n<p><strong>Ingredients\/INCI*:<\/strong>\u00a0Aqua (Water), Caprylic\/Capric Triglyceride, Tocopheryl Acetate, Bifida Ferment Lysate, Decyl Oleate, Butylene Glycol, Pentylene Glycol, Cetyl Alcohol, Glyceryl Stearate, PEG-100 Stearate, Sorbitol, Glycerin, Steareth-2, Phenoxyethanol, Hydroxypropyl Methylcellulose, Panthenol, Pullulan, Parfum (Fragrance), Sodium Polyacrylate, Xanthan Gum, Glycine Soja (Soybean) Seed Extract, Sodium Hyaluronate, Tetrasodium EDTA, Ethylhexylglycerin, Porphyridium Cruentum Extract, Hydroxypropyl Cyclodextrin, Sodium Benzoate, Ceramide NG, Palmitoyl Tripeptide-38, Tocopherol, Hydrogenated Palm Clycerides Citrate.<\/p>\n<p>*<strong>INCI:<\/strong>\u00a0(INCI) is the International Nomenclature of Cosmetic Ingredients. Its main goal is to enable people with allergies, before making a purchase, to clarify the presence of harmful and unsafe components in cosmetics. The ingredients are listed in descending order of concentration in cosmetics. INCI is a useful tool that not only forces manufacturers to be transparent to the customer, but also allows customers to take responsibility for what they want to buy for themselves and are not dependent only on advertising, media and celebrity statements. It allows the customer to decide for himself what he wants to give his money for. It is definitely worthwhile to find your way around, both your skin and your wallet will thank you.<\/p>\n<p><strong>Mila d\u2019Opiz products are manufactured according to IS0 9001 Quality Standards and are clinically tested!<\/strong>\u00a0Swiss-Medic certificate, Cosmetics GMP, Pharma GMP, ISO 9001, ISO 22716.<\/p>","protected":false},"excerpt":{"rendered":"<div class=\"woocommerce-product-details__short-description\">\n<div class=\"woocommerce-product-details__short-description\">\n<div class=\"woocommerce-product-details__short-description\">\n<div class=\"woocommerce-product-details__short-description\">\n<div class=\"woocommerce-product-details__short-description\">\n<div class=\"woocommerce-product-details__short-description\">\n<div class=\"woocommerce-product-details__short-description\">\n<div class=\"woocommerce-product-details__short-description\">\n<div class=\"woocommerce-product-details__short-description\">\n<p>Derma Science by Mila d\u2019Opiz. The mere fact that the skin around the eyes is about three times thinner than the rest of the face illustrates the need for special attention. Whether used as a cream Derma Science Anti-Aging Eye Care Cream give the skin around your eyes elasticity, resilience and radiance. Matrixyl Synthe 6: fills wrinkles from the inside, with expression lines and crow\u2019s feet. Repair-Complex: works preventively against wrinkles in the eyes. Hydromide Blend: protects the DNA of the skin cells. Liftonin Express: provides an immediately noticeable tightening effect.<\/p>\n<p>Vyrobeno ve \u0160v\u00fdcarsku.<\/p>\n<p>&nbsp;<\/p>\n<\/div>\n<div class=\"vivasan-product-icons\"><img loading=\"lazy\" decoding=\"async\" class=\"product_icon\" title=\"Made in Switzerland\" src=\"https:\/\/vivasan.club\/assets\/images\/product-icons\/swiss.svg?v=2\" alt=\"Made in Switzerland\" width=\"40\" height=\"40\" \/><img loading=\"lazy\" decoding=\"async\" class=\"product_icon\" title=\"GMP Certified\" src=\"https:\/\/vivasan.club\/assets\/images\/product-icons\/gmp.svg?v=2\" alt=\"GMP Certified\" width=\"40\" height=\"40\" \/><img loading=\"lazy\" decoding=\"async\" class=\"product_icon\" title=\"Cruelty-free\" src=\"https:\/\/vivasan.club\/assets\/images\/product-icons\/crueltyfree.svg?v=2\" alt=\"Cruelty-free\" width=\"40\" height=\"40\" \/><\/div>\n<\/div>\n<\/div>\n<\/div>\n<\/div>\n<\/div>\n<\/div>\n<\/div>\n<\/div>","protected":false},"featured_media":1564,"comment_status":"open","ping_status":"closed","template":"","meta":{"_acf_changed":false},"product_brand":[83],"product_cat":[62,65],"product_tag":[],"class_list":{"0":"post-1563","1":"product","2":"type-product","3":"status-publish","4":"has-post-thumbnail","6":"product_brand-mila-dopiz","7":"product_cat-beauty","8":"product_cat-face-care","10":"first","11":"outofstock","12":"shipping-taxable","13":"purchasable","14":"product-type-simple"},"acf":[],"yoast_head":"<!-- This site is optimized with the Yoast SEO plugin v27.3 - https:\/\/yoast.com\/product\/yoast-seo-wordpress\/ -->\n<title>Mila d\u2019Opiz Smoothing Repair Eye Cream, 15 ml - vivasan-shop.com<\/title>\n<meta name=\"robots\" content=\"index, follow, max-snippet:-1, max-image-preview:large, max-video-preview:-1\" \/>\n<link rel=\"canonical\" href=\"https:\/\/vivasan-shop.com\/cs\/shop\/beauty\/face-care\/mila-dopiz-smoothing-repair-eye-cream-15-ml\/\" \/>\n<meta property=\"og:locale\" content=\"cs_CZ\" \/>\n<meta property=\"og:type\" content=\"article\" \/>\n<meta property=\"og:title\" content=\"Mila d\u2019Opiz Smoothing Repair Eye Cream, 15 ml - vivasan-shop.com\" \/>\n<meta property=\"og:description\" content=\"Derma Science by Mila d\u2019Opiz. The mere fact that the skin around the eyes is about three times thinner than the rest of the face illustrates the need for special attention. Whether used as a cream Derma Science Anti-Aging Eye Care Cream give the skin around your eyes elasticity, resilience and radiance. Matrixyl Synthe 6: fills wrinkles from the inside, with expression lines and crow\u2019s feet. Repair-Complex: works preventively against wrinkles in the eyes. Hydromide Blend: protects the DNA of the skin cells. Liftonin Express: provides an immediately noticeable tightening effect.  Made in Switzerland.  &nbsp;\" \/>\n<meta property=\"og:url\" content=\"https:\/\/vivasan-shop.com\/cs\/shop\/beauty\/face-care\/mila-dopiz-smoothing-repair-eye-cream-15-ml\/\" \/>\n<meta property=\"og:site_name\" content=\"vivasan-shop.com\" \/>\n<meta property=\"article:modified_time\" content=\"2025-08-11T16:06:04+00:00\" \/>\n<meta property=\"og:image\" content=\"https:\/\/vivasan-shop.com\/wp-content\/uploads\/2025\/09\/photo_2025-09-04_15-07-27-removebg-preview.png\" \/>\n\t<meta property=\"og:image:width\" content=\"715\" \/>\n\t<meta property=\"og:image:height\" content=\"349\" \/>\n\t<meta property=\"og:image:type\" content=\"image\/png\" \/>\n<meta name=\"twitter:card\" content=\"summary_large_image\" \/>\n<meta name=\"twitter:label1\" content=\"Odhadovan\u00e1 doba \u010dten\u00ed\" \/>\n\t<meta name=\"twitter:data1\" content=\"1 minuta\" \/>\n<script type=\"application\/ld+json\" class=\"yoast-schema-graph\">{\"@context\":\"https:\\\/\\\/schema.org\",\"@graph\":[{\"@type\":[\"WebPage\",\"ItemPage\"],\"@id\":\"https:\\\/\\\/vivasan-shop.com\\\/shop\\\/beauty\\\/face-care\\\/mila-dopiz-smoothing-repair-eye-cream-15-ml\\\/\",\"url\":\"https:\\\/\\\/vivasan-shop.com\\\/shop\\\/beauty\\\/face-care\\\/mila-dopiz-smoothing-repair-eye-cream-15-ml\\\/\",\"name\":\"Mila d\u2019Opiz Smoothing Repair Eye Cream, 15 ml - vivasan-shop.com\",\"isPartOf\":{\"@id\":\"https:\\\/\\\/vivasan-shop.com\\\/#website\"},\"primaryImageOfPage\":{\"@id\":\"https:\\\/\\\/vivasan-shop.com\\\/shop\\\/beauty\\\/face-care\\\/mila-dopiz-smoothing-repair-eye-cream-15-ml\\\/#primaryimage\"},\"image\":{\"@id\":\"https:\\\/\\\/vivasan-shop.com\\\/shop\\\/beauty\\\/face-care\\\/mila-dopiz-smoothing-repair-eye-cream-15-ml\\\/#primaryimage\"},\"thumbnailUrl\":\"https:\\\/\\\/vivasan-shop.com\\\/wp-content\\\/uploads\\\/2025\\\/06\\\/vivasan.club-20220724-2304-07080406.avif\",\"datePublished\":\"2025-06-20T15:41:00+00:00\",\"dateModified\":\"2025-08-11T16:06:04+00:00\",\"breadcrumb\":{\"@id\":\"https:\\\/\\\/vivasan-shop.com\\\/shop\\\/beauty\\\/face-care\\\/mila-dopiz-smoothing-repair-eye-cream-15-ml\\\/#breadcrumb\"},\"inLanguage\":\"cs\",\"potentialAction\":[{\"@type\":\"ReadAction\",\"target\":[\"https:\\\/\\\/vivasan-shop.com\\\/shop\\\/beauty\\\/face-care\\\/mila-dopiz-smoothing-repair-eye-cream-15-ml\\\/\"]}]},{\"@type\":\"ImageObject\",\"inLanguage\":\"cs\",\"@id\":\"https:\\\/\\\/vivasan-shop.com\\\/shop\\\/beauty\\\/face-care\\\/mila-dopiz-smoothing-repair-eye-cream-15-ml\\\/#primaryimage\",\"url\":\"https:\\\/\\\/vivasan-shop.com\\\/wp-content\\\/uploads\\\/2025\\\/06\\\/vivasan.club-20220724-2304-07080406.avif\",\"contentUrl\":\"https:\\\/\\\/vivasan-shop.com\\\/wp-content\\\/uploads\\\/2025\\\/06\\\/vivasan.club-20220724-2304-07080406.avif\"},{\"@type\":\"BreadcrumbList\",\"@id\":\"https:\\\/\\\/vivasan-shop.com\\\/shop\\\/beauty\\\/face-care\\\/mila-dopiz-smoothing-repair-eye-cream-15-ml\\\/#breadcrumb\",\"itemListElement\":[{\"@type\":\"ListItem\",\"position\":1,\"name\":\"Home\",\"item\":\"https:\\\/\\\/vivasan-shop.com\\\/\"},{\"@type\":\"ListItem\",\"position\":2,\"name\":\"Shop\",\"item\":\"https:\\\/\\\/vivasan-shop.com\\\/shop\\\/\"},{\"@type\":\"ListItem\",\"position\":3,\"name\":\"Mila d\u2019Opiz Smoothing Repair Eye Cream, 15 ml\"}]},{\"@type\":\"WebSite\",\"@id\":\"https:\\\/\\\/vivasan-shop.com\\\/#website\",\"url\":\"https:\\\/\\\/vivasan-shop.com\\\/\",\"name\":\"Vivasan\",\"description\":\"\",\"publisher\":{\"@id\":\"https:\\\/\\\/vivasan-shop.com\\\/#organization\"},\"potentialAction\":[{\"@type\":\"SearchAction\",\"target\":{\"@type\":\"EntryPoint\",\"urlTemplate\":\"https:\\\/\\\/vivasan-shop.com\\\/?s={search_term_string}\"},\"query-input\":{\"@type\":\"PropertyValueSpecification\",\"valueRequired\":true,\"valueName\":\"search_term_string\"}}],\"inLanguage\":\"cs\"},{\"@type\":\"Organization\",\"@id\":\"https:\\\/\\\/vivasan-shop.com\\\/#organization\",\"name\":\"Vivasan\",\"url\":\"https:\\\/\\\/vivasan-shop.com\\\/\",\"logo\":{\"@type\":\"ImageObject\",\"inLanguage\":\"cs\",\"@id\":\"https:\\\/\\\/vivasan-shop.com\\\/#\\\/schema\\\/logo\\\/image\\\/\",\"url\":\"https:\\\/\\\/vivasan-shop.com\\\/wp-content\\\/uploads\\\/2025\\\/07\\\/photo_2025-07-05_23-33-41.jpg\",\"contentUrl\":\"https:\\\/\\\/vivasan-shop.com\\\/wp-content\\\/uploads\\\/2025\\\/07\\\/photo_2025-07-05_23-33-41.jpg\",\"width\":1080,\"height\":608,\"caption\":\"Vivasan\"},\"image\":{\"@id\":\"https:\\\/\\\/vivasan-shop.com\\\/#\\\/schema\\\/logo\\\/image\\\/\"}}]}<\/script>\n<!-- \/ Yoast SEO plugin. -->","yoast_head_json":{"title":"Mila d\u2019Opiz Smoothing Repair Eye Cream, 15 ml - vivasan-shop.com","robots":{"index":"index","follow":"follow","max-snippet":"max-snippet:-1","max-image-preview":"max-image-preview:large","max-video-preview":"max-video-preview:-1"},"canonical":"https:\/\/vivasan-shop.com\/cs\/shop\/beauty\/face-care\/mila-dopiz-smoothing-repair-eye-cream-15-ml\/","og_locale":"cs_CZ","og_type":"article","og_title":"Mila d\u2019Opiz Smoothing Repair Eye Cream, 15 ml - vivasan-shop.com","og_description":"Derma Science by Mila d\u2019Opiz. The mere fact that the skin around the eyes is about three times thinner than the rest of the face illustrates the need for special attention. Whether used as a cream Derma Science Anti-Aging Eye Care Cream give the skin around your eyes elasticity, resilience and radiance. Matrixyl Synthe 6: fills wrinkles from the inside, with expression lines and crow\u2019s feet. Repair-Complex: works preventively against wrinkles in the eyes. Hydromide Blend: protects the DNA of the skin cells. Liftonin Express: provides an immediately noticeable tightening effect.  Made in Switzerland.  &nbsp;","og_url":"https:\/\/vivasan-shop.com\/cs\/shop\/beauty\/face-care\/mila-dopiz-smoothing-repair-eye-cream-15-ml\/","og_site_name":"vivasan-shop.com","article_modified_time":"2025-08-11T16:06:04+00:00","og_image":[{"width":715,"height":349,"url":"https:\/\/vivasan-shop.com\/wp-content\/uploads\/2025\/09\/photo_2025-09-04_15-07-27-removebg-preview.png","type":"image\/png"}],"twitter_card":"summary_large_image","twitter_misc":{"Odhadovan\u00e1 doba \u010dten\u00ed":"1 minuta"},"schema":{"@context":"https:\/\/schema.org","@graph":[{"@type":["WebPage","ItemPage"],"@id":"https:\/\/vivasan-shop.com\/shop\/beauty\/face-care\/mila-dopiz-smoothing-repair-eye-cream-15-ml\/","url":"https:\/\/vivasan-shop.com\/shop\/beauty\/face-care\/mila-dopiz-smoothing-repair-eye-cream-15-ml\/","name":"Mila d\u2019Opiz Smoothing Repair Eye Cream, 15 ml - vivasan-shop.com","isPartOf":{"@id":"https:\/\/vivasan-shop.com\/#website"},"primaryImageOfPage":{"@id":"https:\/\/vivasan-shop.com\/shop\/beauty\/face-care\/mila-dopiz-smoothing-repair-eye-cream-15-ml\/#primaryimage"},"image":{"@id":"https:\/\/vivasan-shop.com\/shop\/beauty\/face-care\/mila-dopiz-smoothing-repair-eye-cream-15-ml\/#primaryimage"},"thumbnailUrl":"https:\/\/vivasan-shop.com\/wp-content\/uploads\/2025\/06\/vivasan.club-20220724-2304-07080406.avif","datePublished":"2025-06-20T15:41:00+00:00","dateModified":"2025-08-11T16:06:04+00:00","breadcrumb":{"@id":"https:\/\/vivasan-shop.com\/shop\/beauty\/face-care\/mila-dopiz-smoothing-repair-eye-cream-15-ml\/#breadcrumb"},"inLanguage":"cs","potentialAction":[{"@type":"ReadAction","target":["https:\/\/vivasan-shop.com\/shop\/beauty\/face-care\/mila-dopiz-smoothing-repair-eye-cream-15-ml\/"]}]},{"@type":"ImageObject","inLanguage":"cs","@id":"https:\/\/vivasan-shop.com\/shop\/beauty\/face-care\/mila-dopiz-smoothing-repair-eye-cream-15-ml\/#primaryimage","url":"https:\/\/vivasan-shop.com\/wp-content\/uploads\/2025\/06\/vivasan.club-20220724-2304-07080406.avif","contentUrl":"https:\/\/vivasan-shop.com\/wp-content\/uploads\/2025\/06\/vivasan.club-20220724-2304-07080406.avif"},{"@type":"BreadcrumbList","@id":"https:\/\/vivasan-shop.com\/shop\/beauty\/face-care\/mila-dopiz-smoothing-repair-eye-cream-15-ml\/#breadcrumb","itemListElement":[{"@type":"ListItem","position":1,"name":"Home","item":"https:\/\/vivasan-shop.com\/"},{"@type":"ListItem","position":2,"name":"Shop","item":"https:\/\/vivasan-shop.com\/shop\/"},{"@type":"ListItem","position":3,"name":"Mila d\u2019Opiz Smoothing Repair Eye Cream, 15 ml"}]},{"@type":"WebSite","@id":"https:\/\/vivasan-shop.com\/#website","url":"https:\/\/vivasan-shop.com\/","name":"Vivasan","description":"","publisher":{"@id":"https:\/\/vivasan-shop.com\/#organization"},"potentialAction":[{"@type":"SearchAction","target":{"@type":"EntryPoint","urlTemplate":"https:\/\/vivasan-shop.com\/?s={search_term_string}"},"query-input":{"@type":"PropertyValueSpecification","valueRequired":true,"valueName":"search_term_string"}}],"inLanguage":"cs"},{"@type":"Organization","@id":"https:\/\/vivasan-shop.com\/#organization","name":"Vivasan","url":"https:\/\/vivasan-shop.com\/","logo":{"@type":"ImageObject","inLanguage":"cs","@id":"https:\/\/vivasan-shop.com\/#\/schema\/logo\/image\/","url":"https:\/\/vivasan-shop.com\/wp-content\/uploads\/2025\/07\/photo_2025-07-05_23-33-41.jpg","contentUrl":"https:\/\/vivasan-shop.com\/wp-content\/uploads\/2025\/07\/photo_2025-07-05_23-33-41.jpg","width":1080,"height":608,"caption":"Vivasan"},"image":{"@id":"https:\/\/vivasan-shop.com\/#\/schema\/logo\/image\/"}}]}},"_links":{"self":[{"href":"https:\/\/vivasan-shop.com\/cs\/wp-json\/wp\/v2\/product\/1563","targetHints":{"allow":["GET"]}}],"collection":[{"href":"https:\/\/vivasan-shop.com\/cs\/wp-json\/wp\/v2\/product"}],"about":[{"href":"https:\/\/vivasan-shop.com\/cs\/wp-json\/wp\/v2\/types\/product"}],"replies":[{"embeddable":true,"href":"https:\/\/vivasan-shop.com\/cs\/wp-json\/wp\/v2\/comments?post=1563"}],"version-history":[{"count":1,"href":"https:\/\/vivasan-shop.com\/cs\/wp-json\/wp\/v2\/product\/1563\/revisions"}],"predecessor-version":[{"id":1567,"href":"https:\/\/vivasan-shop.com\/cs\/wp-json\/wp\/v2\/product\/1563\/revisions\/1567"}],"wp:featuredmedia":[{"embeddable":true,"href":"https:\/\/vivasan-shop.com\/cs\/wp-json\/wp\/v2\/media\/1564"}],"wp:attachment":[{"href":"https:\/\/vivasan-shop.com\/cs\/wp-json\/wp\/v2\/media?parent=1563"}],"wp:term":[{"taxonomy":"product_brand","embeddable":true,"href":"https:\/\/vivasan-shop.com\/cs\/wp-json\/wp\/v2\/product_brand?post=1563"},{"taxonomy":"product_cat","embeddable":true,"href":"https:\/\/vivasan-shop.com\/cs\/wp-json\/wp\/v2\/product_cat?post=1563"},{"taxonomy":"product_tag","embeddable":true,"href":"https:\/\/vivasan-shop.com\/cs\/wp-json\/wp\/v2\/product_tag?post=1563"}],"curies":[{"name":"wp","href":"https:\/\/api.w.org\/{rel}","templated":true}]}}