{"id":1756,"date":"2025-06-20T18:25:00","date_gmt":"2025-06-20T18:25:00","guid":{"rendered":"https:\/\/vivasan-shop.com\/?post_type=product&#038;p=1756"},"modified":"2025-08-11T16:04:20","modified_gmt":"2025-08-11T16:04:20","slug":"sanotint-hair-lightener-kit","status":"publish","type":"product","link":"https:\/\/vivasan-shop.com\/cs\/shop\/series\/sanotint\/sanotint-hair-lightener-kit\/","title":{"rendered":"Sanotint hair lightener kit"},"content":{"rendered":"<p>Sanotint hair lightener with added conditioner contains golden millet and wheat germ extracts to provide soft coloring, natural shine and improve hair structure. Contains a special blend of conditioning ingredients to keep hair moisturised during the lightening process. SanoTint lightening kit is intended for delicate hair bleaching reaching 2-3 tones lighter and can be used for lightening unwanted facial or body hair, as well. The lightening kit allows you to create warm and golden highlights or you can add it to the Sanotint hair colour of your choice to achieve a more natural soft color and it allows you to obtain a lighter shade. You can also use it to correct a color that is too dark. Ideal also for obtaining brighter reds if applied before red hair colouring. Detailed instructions included. Sanotint Balsam (included) with natural ingredients nourishes your hair after colouring. Added to Sanotint Colour, it allows you to obtain a lighter shade.<\/p>\n<ul>\n<li>Does not contain derivatives of animal origin.<\/li>\n<li>Produkt nebyl testov\u00e1n na zv\u00ed\u0159atech.<\/li>\n<li>Dermatologically tested.<\/li>\n<li>Does not contain added metals.<\/li>\n<li>Does not contain colourings or synthetic origins.<\/li>\n<li>GMO free.<\/li>\n<li>Alcohol free.<\/li>\n<li>Paraben-free.<\/li>\n<li>Certifikace GMP.<\/li>\n<\/ul>\n<p>Contains: 3 bottles of activator, 15 ml \u2013 3 sachets of decolouring powder, 7 g \u2013 1 sachet of restructuring conditioner \u2013 1 pair of gloves and informational leaflet.<\/p>\n<h3>Usage<\/h3>\n<p><strong>Warning:<\/strong>\u00a0contains hydrogen peroxide. Use gloves for application. Avoid the contact with eyes. If the product comes into contact with the eyes, rinse well immediately with water. Do not use on eyelashes or eyebrows. Follow the indicated application times to avoid hair damage. Keep out of reach of children. For detailed instructions see leaflet inside. It is strongly recommended to do a sensitivity test before using this product as it could cause an allergic reeffect.<\/p>\n<p><strong>A: Lightening hair with a Sanotint Hair Lightener. Lightens hair colour by 2 or 3 tones.<\/strong><\/p>\n<ol>\n<li>Empty contents of bottle marked \u201cActivator\u201d into a non-metallc container.<\/li>\n<li>Then add the contents of a sachet marked \u201cLightening Agent\u201d and mix well.<\/li>\n<li>Now squeeze the correct amount of tint from the tube of a Sanotint Colour to achieve the desired shade and mix thoroughly. Note: the resulting emulsion can take on various colours for this stage. The effect disappears within minutes. Any discoloration will not effect the final result.<\/li>\n<li>In the case of an initial lightening, the emulsion should be applied to the entire length of hair. Leave on hair for 10-20 minutes, adjusting the time according to the desired shade. Next, apply the remainder of the emulsion to the roots and leave for a further 10-20 minutes.<\/li>\n<li>Massage hair and carefully comb through in the meantime.<\/li>\n<li>Rinse thoroughly and wash with an acidic shampoo (pH 5,5-6). Apply a small amount of conditioner to neutralise the pH of the surface of the hair.<\/li>\n<\/ol>\n<p><strong>B: Lightening unwanted facial hair:<\/strong><\/p>\n<ol>\n<li>Empty the entire contents of a sachet marked \u201cLightening Agent\u201d into a non-metallic bowl along with the contents of a bottel marked \u201cActvartor\u201d and mix slowly until a smooth paste is formed, totally uniform in colour.<\/li>\n<li>Apply the paste to the desired facial area.<\/li>\n<li>Leave for 10-45 minutes, according to the desired lightness.<\/li>\n<li>Wash thoroughly with an acidic shampoo.<\/li>\n<li>Apply a thin layer of conditioner to neutralise the pH of the surface of the hair.<\/li>\n<\/ol>","protected":false},"excerpt":{"rendered":"<div class=\"woocommerce-product-details__short-description\">\n<div class=\"woocommerce-product-details__short-description\">\n<div class=\"woocommerce-product-details__short-description\">\n<div class=\"woocommerce-product-details__short-description\">\n<div class=\"woocommerce-product-details__short-description\">\n<div class=\"woocommerce-product-details__short-description\">\n<div class=\"woocommerce-product-details__short-description\">\n<div class=\"woocommerce-product-details__short-description\">\n<div class=\"woocommerce-product-details__short-description\">\n<div class=\"woocommerce-product-details__short-description\">\n<div class=\"woocommerce-product-details__short-description\">\n<div class=\"woocommerce-product-details__short-description\">\n<div class=\"woocommerce-product-details__short-description\">\n<div class=\"woocommerce-product-details__short-description\">\n<div class=\"woocommerce-product-details__short-description\">\n<div class=\"woocommerce-product-details__short-description\">\n<div class=\"woocommerce-product-details__short-description\">\n<div class=\"woocommerce-product-details__short-description\">\n<div class=\"woocommerce-product-details__short-description\">\n<div class=\"woocommerce-product-details__short-description\">\n<div class=\"woocommerce-product-details__short-description\">\n<div class=\"woocommerce-product-details__short-description\">\n<div class=\"woocommerce-product-details__short-description\">\n<div class=\"woocommerce-product-details__short-description\">\n<div class=\"woocommerce-product-details__short-description\">\n<div class=\"woocommerce-product-details__short-description\">\n<div class=\"woocommerce-product-details__short-description\">\n<div class=\"woocommerce-product-details__short-description\">\n<div class=\"woocommerce-product-details__short-description\">\n<div class=\"woocommerce-product-details__short-description\">\n<div class=\"woocommerce-product-details__short-description\">\n<div class=\"woocommerce-product-details__short-description\">\n<div class=\"woocommerce-product-details__short-description\">\n<div class=\"woocommerce-product-details__short-description\">\n<div class=\"woocommerce-product-details__short-description\">\n<div class=\"woocommerce-product-details__short-description\">\n<div class=\"woocommerce-product-details__short-description\">\n<p>Sanotint hair lightener with added conditioner contains golden millet and wheat germ extracts to provide soft coloring, natural shine and improve hair structure. Contains a special blend of conditioning ingredients to keep hair moisturised during the lightening process. SanoTint lightening kit is intended for delicate hair bleaching reaching 2-3 tones lighter and can be used for lightening unwanted facial or body hair, as well.<\/p>\n<p>&nbsp;<\/p>\n<\/div>\n<div class=\"vivasan-product-icons\"><img loading=\"lazy\" decoding=\"async\" class=\"product_icon\" title=\"GMP Certified\" src=\"https:\/\/vivasan.club\/assets\/images\/product-icons\/gmp.svg?v=2\" alt=\"GMP Certified\" width=\"40\" height=\"40\" \/><img loading=\"lazy\" decoding=\"async\" class=\"product_icon\" title=\"Cruelty-free\" src=\"https:\/\/vivasan.club\/assets\/images\/product-icons\/crueltyfree.svg?v=2\" alt=\"Cruelty-free\" width=\"40\" height=\"40\" \/><\/div>\n<\/div>\n<\/div>\n<\/div>\n<\/div>\n<\/div>\n<\/div>\n<\/div>\n<\/div>\n<\/div>\n<\/div>\n<\/div>\n<\/div>\n<\/div>\n<\/div>\n<\/div>\n<\/div>\n<\/div>\n<\/div>\n<\/div>\n<\/div>\n<\/div>\n<\/div>\n<\/div>\n<\/div>\n<\/div>\n<\/div>\n<\/div>\n<\/div>\n<\/div>\n<\/div>\n<\/div>\n<\/div>\n<\/div>\n<\/div>\n<\/div>\n<\/div>","protected":false},"featured_media":1757,"comment_status":"open","ping_status":"closed","template":"","meta":{"_acf_changed":false},"product_brand":[84],"product_cat":[62,67,79,74],"product_tag":[],"class_list":{"0":"post-1756","1":"product","2":"type-product","3":"status-publish","4":"has-post-thumbnail","6":"product_brand-sanotint","7":"product_cat-beauty","8":"product_cat-hair-care","9":"product_cat-sanotint","10":"product_cat-series","12":"first","13":"instock","14":"shipping-taxable","15":"purchasable","16":"product-type-simple"},"acf":[],"yoast_head":"<!-- This site is optimized with the Yoast SEO plugin v27.3 - https:\/\/yoast.com\/product\/yoast-seo-wordpress\/ -->\n<title>Sanotint hair lightener kit - vivasan-shop.com<\/title>\n<meta name=\"robots\" content=\"index, follow, max-snippet:-1, max-image-preview:large, max-video-preview:-1\" \/>\n<link rel=\"canonical\" href=\"https:\/\/vivasan-shop.com\/cs\/shop\/series\/sanotint\/sanotint-hair-lightener-kit\/\" \/>\n<meta property=\"og:locale\" content=\"cs_CZ\" \/>\n<meta property=\"og:type\" content=\"article\" \/>\n<meta property=\"og:title\" content=\"Sanotint hair lightener kit - vivasan-shop.com\" \/>\n<meta property=\"og:description\" content=\"Sanotint hair lightener with added conditioner contains golden millet and wheat germ extracts to provide soft coloring, natural shine and improve hair structure. Contains a special blend of conditioning ingredients to keep hair moisturised during the lightening process. SanoTint lightening kit is intended for delicate hair bleaching reaching 2-3 tones lighter and can be used for lightening unwanted facial or body hair, as well.  &nbsp;\" \/>\n<meta property=\"og:url\" content=\"https:\/\/vivasan-shop.com\/cs\/shop\/series\/sanotint\/sanotint-hair-lightener-kit\/\" \/>\n<meta property=\"og:site_name\" content=\"vivasan-shop.com\" \/>\n<meta property=\"article:modified_time\" content=\"2025-08-11T16:04:20+00:00\" \/>\n<meta property=\"og:image\" content=\"https:\/\/vivasan-shop.com\/wp-content\/uploads\/2025\/09\/photo_2025-09-04_15-07-27-removebg-preview.png\" \/>\n\t<meta property=\"og:image:width\" content=\"715\" \/>\n\t<meta property=\"og:image:height\" content=\"349\" \/>\n\t<meta property=\"og:image:type\" content=\"image\/png\" \/>\n<meta name=\"twitter:card\" content=\"summary_large_image\" \/>\n<meta name=\"twitter:label1\" content=\"Odhadovan\u00e1 doba \u010dten\u00ed\" \/>\n\t<meta name=\"twitter:data1\" content=\"1 minuta\" \/>\n<script type=\"application\/ld+json\" class=\"yoast-schema-graph\">{\"@context\":\"https:\\\/\\\/schema.org\",\"@graph\":[{\"@type\":[\"WebPage\",\"ItemPage\"],\"@id\":\"https:\\\/\\\/vivasan-shop.com\\\/shop\\\/series\\\/sanotint\\\/sanotint-hair-lightener-kit\\\/\",\"url\":\"https:\\\/\\\/vivasan-shop.com\\\/shop\\\/series\\\/sanotint\\\/sanotint-hair-lightener-kit\\\/\",\"name\":\"Sanotint hair lightener kit - vivasan-shop.com\",\"isPartOf\":{\"@id\":\"https:\\\/\\\/vivasan-shop.com\\\/#website\"},\"primaryImageOfPage\":{\"@id\":\"https:\\\/\\\/vivasan-shop.com\\\/shop\\\/series\\\/sanotint\\\/sanotint-hair-lightener-kit\\\/#primaryimage\"},\"image\":{\"@id\":\"https:\\\/\\\/vivasan-shop.com\\\/shop\\\/series\\\/sanotint\\\/sanotint-hair-lightener-kit\\\/#primaryimage\"},\"thumbnailUrl\":\"https:\\\/\\\/vivasan-shop.com\\\/wp-content\\\/uploads\\\/2025\\\/06\\\/vivasan.club-20190507-0945-27296843.avif\",\"datePublished\":\"2025-06-20T18:25:00+00:00\",\"dateModified\":\"2025-08-11T16:04:20+00:00\",\"breadcrumb\":{\"@id\":\"https:\\\/\\\/vivasan-shop.com\\\/shop\\\/series\\\/sanotint\\\/sanotint-hair-lightener-kit\\\/#breadcrumb\"},\"inLanguage\":\"cs\",\"potentialAction\":[{\"@type\":\"ReadAction\",\"target\":[\"https:\\\/\\\/vivasan-shop.com\\\/shop\\\/series\\\/sanotint\\\/sanotint-hair-lightener-kit\\\/\"]}]},{\"@type\":\"ImageObject\",\"inLanguage\":\"cs\",\"@id\":\"https:\\\/\\\/vivasan-shop.com\\\/shop\\\/series\\\/sanotint\\\/sanotint-hair-lightener-kit\\\/#primaryimage\",\"url\":\"https:\\\/\\\/vivasan-shop.com\\\/wp-content\\\/uploads\\\/2025\\\/06\\\/vivasan.club-20190507-0945-27296843.avif\",\"contentUrl\":\"https:\\\/\\\/vivasan-shop.com\\\/wp-content\\\/uploads\\\/2025\\\/06\\\/vivasan.club-20190507-0945-27296843.avif\",\"width\":768,\"height\":768},{\"@type\":\"BreadcrumbList\",\"@id\":\"https:\\\/\\\/vivasan-shop.com\\\/shop\\\/series\\\/sanotint\\\/sanotint-hair-lightener-kit\\\/#breadcrumb\",\"itemListElement\":[{\"@type\":\"ListItem\",\"position\":1,\"name\":\"Home\",\"item\":\"https:\\\/\\\/vivasan-shop.com\\\/\"},{\"@type\":\"ListItem\",\"position\":2,\"name\":\"Shop\",\"item\":\"https:\\\/\\\/vivasan-shop.com\\\/shop\\\/\"},{\"@type\":\"ListItem\",\"position\":3,\"name\":\"Sanotint hair lightener kit\"}]},{\"@type\":\"WebSite\",\"@id\":\"https:\\\/\\\/vivasan-shop.com\\\/#website\",\"url\":\"https:\\\/\\\/vivasan-shop.com\\\/\",\"name\":\"Vivasan\",\"description\":\"\",\"publisher\":{\"@id\":\"https:\\\/\\\/vivasan-shop.com\\\/#organization\"},\"potentialAction\":[{\"@type\":\"SearchAction\",\"target\":{\"@type\":\"EntryPoint\",\"urlTemplate\":\"https:\\\/\\\/vivasan-shop.com\\\/?s={search_term_string}\"},\"query-input\":{\"@type\":\"PropertyValueSpecification\",\"valueRequired\":true,\"valueName\":\"search_term_string\"}}],\"inLanguage\":\"cs\"},{\"@type\":\"Organization\",\"@id\":\"https:\\\/\\\/vivasan-shop.com\\\/#organization\",\"name\":\"Vivasan\",\"url\":\"https:\\\/\\\/vivasan-shop.com\\\/\",\"logo\":{\"@type\":\"ImageObject\",\"inLanguage\":\"cs\",\"@id\":\"https:\\\/\\\/vivasan-shop.com\\\/#\\\/schema\\\/logo\\\/image\\\/\",\"url\":\"https:\\\/\\\/vivasan-shop.com\\\/wp-content\\\/uploads\\\/2025\\\/07\\\/photo_2025-07-05_23-33-41.jpg\",\"contentUrl\":\"https:\\\/\\\/vivasan-shop.com\\\/wp-content\\\/uploads\\\/2025\\\/07\\\/photo_2025-07-05_23-33-41.jpg\",\"width\":1080,\"height\":608,\"caption\":\"Vivasan\"},\"image\":{\"@id\":\"https:\\\/\\\/vivasan-shop.com\\\/#\\\/schema\\\/logo\\\/image\\\/\"}}]}<\/script>\n<!-- \/ Yoast SEO plugin. -->","yoast_head_json":{"title":"Sanotint hair lightener kit - vivasan-shop.com","robots":{"index":"index","follow":"follow","max-snippet":"max-snippet:-1","max-image-preview":"max-image-preview:large","max-video-preview":"max-video-preview:-1"},"canonical":"https:\/\/vivasan-shop.com\/cs\/shop\/series\/sanotint\/sanotint-hair-lightener-kit\/","og_locale":"cs_CZ","og_type":"article","og_title":"Sanotint hair lightener kit - vivasan-shop.com","og_description":"Sanotint hair lightener with added conditioner contains golden millet and wheat germ extracts to provide soft coloring, natural shine and improve hair structure. Contains a special blend of conditioning ingredients to keep hair moisturised during the lightening process. SanoTint lightening kit is intended for delicate hair bleaching reaching 2-3 tones lighter and can be used for lightening unwanted facial or body hair, as well.  &nbsp;","og_url":"https:\/\/vivasan-shop.com\/cs\/shop\/series\/sanotint\/sanotint-hair-lightener-kit\/","og_site_name":"vivasan-shop.com","article_modified_time":"2025-08-11T16:04:20+00:00","og_image":[{"width":715,"height":349,"url":"https:\/\/vivasan-shop.com\/wp-content\/uploads\/2025\/09\/photo_2025-09-04_15-07-27-removebg-preview.png","type":"image\/png"}],"twitter_card":"summary_large_image","twitter_misc":{"Odhadovan\u00e1 doba \u010dten\u00ed":"1 minuta"},"schema":{"@context":"https:\/\/schema.org","@graph":[{"@type":["WebPage","ItemPage"],"@id":"https:\/\/vivasan-shop.com\/shop\/series\/sanotint\/sanotint-hair-lightener-kit\/","url":"https:\/\/vivasan-shop.com\/shop\/series\/sanotint\/sanotint-hair-lightener-kit\/","name":"Sanotint hair lightener kit - vivasan-shop.com","isPartOf":{"@id":"https:\/\/vivasan-shop.com\/#website"},"primaryImageOfPage":{"@id":"https:\/\/vivasan-shop.com\/shop\/series\/sanotint\/sanotint-hair-lightener-kit\/#primaryimage"},"image":{"@id":"https:\/\/vivasan-shop.com\/shop\/series\/sanotint\/sanotint-hair-lightener-kit\/#primaryimage"},"thumbnailUrl":"https:\/\/vivasan-shop.com\/wp-content\/uploads\/2025\/06\/vivasan.club-20190507-0945-27296843.avif","datePublished":"2025-06-20T18:25:00+00:00","dateModified":"2025-08-11T16:04:20+00:00","breadcrumb":{"@id":"https:\/\/vivasan-shop.com\/shop\/series\/sanotint\/sanotint-hair-lightener-kit\/#breadcrumb"},"inLanguage":"cs","potentialAction":[{"@type":"ReadAction","target":["https:\/\/vivasan-shop.com\/shop\/series\/sanotint\/sanotint-hair-lightener-kit\/"]}]},{"@type":"ImageObject","inLanguage":"cs","@id":"https:\/\/vivasan-shop.com\/shop\/series\/sanotint\/sanotint-hair-lightener-kit\/#primaryimage","url":"https:\/\/vivasan-shop.com\/wp-content\/uploads\/2025\/06\/vivasan.club-20190507-0945-27296843.avif","contentUrl":"https:\/\/vivasan-shop.com\/wp-content\/uploads\/2025\/06\/vivasan.club-20190507-0945-27296843.avif","width":768,"height":768},{"@type":"BreadcrumbList","@id":"https:\/\/vivasan-shop.com\/shop\/series\/sanotint\/sanotint-hair-lightener-kit\/#breadcrumb","itemListElement":[{"@type":"ListItem","position":1,"name":"Home","item":"https:\/\/vivasan-shop.com\/"},{"@type":"ListItem","position":2,"name":"Shop","item":"https:\/\/vivasan-shop.com\/shop\/"},{"@type":"ListItem","position":3,"name":"Sanotint hair lightener kit"}]},{"@type":"WebSite","@id":"https:\/\/vivasan-shop.com\/#website","url":"https:\/\/vivasan-shop.com\/","name":"Vivasan","description":"","publisher":{"@id":"https:\/\/vivasan-shop.com\/#organization"},"potentialAction":[{"@type":"SearchAction","target":{"@type":"EntryPoint","urlTemplate":"https:\/\/vivasan-shop.com\/?s={search_term_string}"},"query-input":{"@type":"PropertyValueSpecification","valueRequired":true,"valueName":"search_term_string"}}],"inLanguage":"cs"},{"@type":"Organization","@id":"https:\/\/vivasan-shop.com\/#organization","name":"Vivasan","url":"https:\/\/vivasan-shop.com\/","logo":{"@type":"ImageObject","inLanguage":"cs","@id":"https:\/\/vivasan-shop.com\/#\/schema\/logo\/image\/","url":"https:\/\/vivasan-shop.com\/wp-content\/uploads\/2025\/07\/photo_2025-07-05_23-33-41.jpg","contentUrl":"https:\/\/vivasan-shop.com\/wp-content\/uploads\/2025\/07\/photo_2025-07-05_23-33-41.jpg","width":1080,"height":608,"caption":"Vivasan"},"image":{"@id":"https:\/\/vivasan-shop.com\/#\/schema\/logo\/image\/"}}]}},"_links":{"self":[{"href":"https:\/\/vivasan-shop.com\/cs\/wp-json\/wp\/v2\/product\/1756","targetHints":{"allow":["GET"]}}],"collection":[{"href":"https:\/\/vivasan-shop.com\/cs\/wp-json\/wp\/v2\/product"}],"about":[{"href":"https:\/\/vivasan-shop.com\/cs\/wp-json\/wp\/v2\/types\/product"}],"replies":[{"embeddable":true,"href":"https:\/\/vivasan-shop.com\/cs\/wp-json\/wp\/v2\/comments?post=1756"}],"version-history":[{"count":1,"href":"https:\/\/vivasan-shop.com\/cs\/wp-json\/wp\/v2\/product\/1756\/revisions"}],"predecessor-version":[{"id":1759,"href":"https:\/\/vivasan-shop.com\/cs\/wp-json\/wp\/v2\/product\/1756\/revisions\/1759"}],"wp:featuredmedia":[{"embeddable":true,"href":"https:\/\/vivasan-shop.com\/cs\/wp-json\/wp\/v2\/media\/1757"}],"wp:attachment":[{"href":"https:\/\/vivasan-shop.com\/cs\/wp-json\/wp\/v2\/media?parent=1756"}],"wp:term":[{"taxonomy":"product_brand","embeddable":true,"href":"https:\/\/vivasan-shop.com\/cs\/wp-json\/wp\/v2\/product_brand?post=1756"},{"taxonomy":"product_cat","embeddable":true,"href":"https:\/\/vivasan-shop.com\/cs\/wp-json\/wp\/v2\/product_cat?post=1756"},{"taxonomy":"product_tag","embeddable":true,"href":"https:\/\/vivasan-shop.com\/cs\/wp-json\/wp\/v2\/product_tag?post=1756"}],"curies":[{"name":"wp","href":"https:\/\/api.w.org\/{rel}","templated":true}]}}