{"id":1812,"date":"2025-06-20T18:46:00","date_gmt":"2025-06-20T18:46:00","guid":{"rendered":"https:\/\/vivasan-shop.com\/?post_type=product&#038;p=1812"},"modified":"2025-08-11T16:03:45","modified_gmt":"2025-08-11T16:03:45","slug":"sanotint-sensitive-hair-colour-light-mahogany-78","status":"publish","type":"product","link":"https:\/\/vivasan-shop.com\/cs\/shop\/series\/sanotint\/sanotint-sensitive-hair-colour-light-mahogany-78\/","title":{"rendered":"Sanotint barva na citliv\u00e9 vlasy sv\u011btle mahagonov\u00e1 #78"},"content":{"rendered":"<p>Sanotint Sensitive is a safe and gentle hair colour with natural golden millet, olive, birch and grape seed extracts, rich in silica for the most sensitive skin. SanoTint hair colour strengthens and restores hair structure. Healthy, smooth and glowing hair can be enhanced with long-lasting brilliant colour results with perfect grey coverage from the first application. Specially created for sensitive skin and prone to allergic reactions, it is absolutely free of ammonia, resorcinol, added metals and P-phenylenediamine.<\/p>\n<p>The only do-it-yourself colour containing golden millet and plant extracts that colours your hair without damaging it. It is very easy to use: it can be applied evenly, doesn\u2019t drip and after the developing time of around 30 minutes it rinses out like a shampoo.<\/p>\n<p>Available in 15 shades to create your own unique look, you can mix two or more colours. You don\u2019t need to use it all for once, but can keep some for future applications. Balsam (included) moisturises hair and prolongs colour effect. The product has very low allergy risks.<\/p>\n<ul>\n<li>It does not contain parabens, ammonia, added metals and is paraffin.<\/li>\n<li>Silicon and formaldehyde free.<\/li>\n<li>Nickel tested.<\/li>\n<li>Does not contain derivatives of animal origin.<\/li>\n<li>Produkt nebyl testov\u00e1n na zv\u00ed\u0159atech.<\/li>\n<li>Dermatologically tested.<\/li>\n<li>Certifikace GMP.<\/li>\n<\/ul>\n<p>Each pack contains: 1 x 55ml tube of colour, 1 x 55ml bottle of fixative emulsion, 1 x 15ml bottle of conditioner, 1 pair of disposable gloves. Pack 1 \u2013 2 applications, according to hairlength. Mix equal parts of colorant cream and fixative emulsion (1:1)<\/p>\n<h3>Usage<\/h3>\n<p>Warning: Wear protective gloves. Do not use on eyelashes or eyebrows. The fixative emulsion contains hydrogen peroxide. Since the product can cause an allergic reaction, do a skin allergy test by applying a small quantity of the product to skin to the bend of your arm. Avoid the contact with eyes. If the product comes into contact with the eyes, rinse well immediately with water. Keep out of reach of children. Rinse your hair well after colouring. Please read and follow these instructions.<\/p>\n<p>This product is not intended to be used by persons under the age of 16 years. Temporary black henna tattoos can increase the risk of allergy. Do not colour your hair if you have a rash on your face or if the scalp is sensitive, irritated or damaged. The mixing ratio is indicated on the package. Always read the label.<\/p>\n<p><img decoding=\"async\" class=\"alignnone size-full wp-image-1580\" src=\"https:\/\/vivasan-shop.com\/wp-content\/uploads\/2025\/06\/vivasan.club-20200606-1420-44490966.avif\" alt=\"\" \/><\/p>\n<ol>\n<li>Put protective gloves on. In a cup, thoroughly mix the contents of the colorant cream and fixative emulsion in equal parts.<\/li>\n<li>Apply the mixture on dry hair that has not been washed, using a brush. Starting from the roots, divide the hair strand by strand. If it is the first application, cover the entire length of your hair using all of the mixture.<\/li>\n<li>Keep it on from 25 to 40 minutes, preferably not longer especially with red shades. If you have a lot of grey hair or very thick hair, leave it on even up to 50 minutes.<\/li>\n<li>At the end of the setting time rinse thoroughly until the water becomes clear.<\/li>\n<li>Shampoo your hair with your favorite shampoo from the SanoTint line and rinse carefully.<\/li>\n<li>Dry with a towel and apply a moderate quantity of SanoTint conditioner, combing it through your hair. Do not rinse.<\/li>\n<li>Dry with a hairdryer and continue to style.<\/li>\n<\/ol>","protected":false},"excerpt":{"rendered":"<div class=\"woocommerce-product-details__short-description\">\n<div class=\"woocommerce-product-details__short-description\">\n<div class=\"woocommerce-product-details__short-description\">\n<div class=\"woocommerce-product-details__short-description\">\n<div class=\"woocommerce-product-details__short-description\">\n<div class=\"woocommerce-product-details__short-description\">\n<div class=\"woocommerce-product-details__short-description\">\n<div class=\"woocommerce-product-details__short-description\">\n<div class=\"woocommerce-product-details__short-description\">\n<div class=\"woocommerce-product-details__short-description\">\n<div class=\"woocommerce-product-details__short-description\">\n<div class=\"woocommerce-product-details__short-description\">\n<div class=\"woocommerce-product-details__short-description\">\n<div class=\"woocommerce-product-details__short-description\">\n<div class=\"woocommerce-product-details__short-description\">\n<div class=\"woocommerce-product-details__short-description\">\n<div class=\"woocommerce-product-details__short-description\">\n<div class=\"woocommerce-product-details__short-description\">\n<div class=\"woocommerce-product-details__short-description\">\n<div class=\"woocommerce-product-details__short-description\">\n<div class=\"woocommerce-product-details__short-description\">\n<div class=\"woocommerce-product-details__short-description\">\n<div class=\"woocommerce-product-details__short-description\">\n<div class=\"woocommerce-product-details__short-description\">\n<div class=\"woocommerce-product-details__short-description\">\n<div class=\"woocommerce-product-details__short-description\">\n<div class=\"woocommerce-product-details__short-description\">\n<div class=\"woocommerce-product-details__short-description\">\n<div class=\"woocommerce-product-details__short-description\">\n<div class=\"woocommerce-product-details__short-description\">\n<div class=\"woocommerce-product-details__short-description\">\n<div class=\"woocommerce-product-details__short-description\">\n<div class=\"woocommerce-product-details__short-description\">\n<div class=\"woocommerce-product-details__short-description\">\n<div class=\"woocommerce-product-details__short-description\">\n<div class=\"woocommerce-product-details__short-description\">\n<div class=\"woocommerce-product-details__short-description\">\n<div class=\"woocommerce-product-details__short-description\">\n<div class=\"woocommerce-product-details__short-description\">\n<div class=\"woocommerce-product-details__short-description\">\n<div class=\"woocommerce-product-details__short-description\">\n<p>Sanotint Sensitive is a safe and gentle hair colour with natural golden millet, olive, birch and grape seed extracts, rich in silica for the most sensitive skin. SanoTint hair colour strengthens and restores hair structure. Healthy, smooth and glowing hair can be enhanced with long-lasting brilliant colour results with perfect grey coverage from the first application. Specially created for sensitive skin and prone to allergic reactions, it is absolutely free of ammonia, resorcinol, added metals and P-phenylenediamine.<\/p>\n<p>&nbsp;<\/p>\n<\/div>\n<div class=\"vivasan-product-icons\"><img loading=\"lazy\" decoding=\"async\" class=\"product_icon\" title=\"GMP Certified\" src=\"https:\/\/vivasan.club\/assets\/images\/product-icons\/gmp.svg?v=2\" alt=\"GMP Certified\" width=\"40\" height=\"40\" \/><img loading=\"lazy\" decoding=\"async\" class=\"product_icon\" title=\"parabenfree\" src=\"https:\/\/vivasan.club\/assets\/images\/product-icons\/parabenfree.svg?v=2\" alt=\"parabenfree\" width=\"40\" height=\"40\" \/><img loading=\"lazy\" decoding=\"async\" class=\"product_icon\" title=\"dermotested\" src=\"https:\/\/vivasan.club\/assets\/images\/product-icons\/dermotested.svg?v=2\" alt=\"dermotested\" width=\"40\" height=\"40\" \/><\/div>\n<\/div>\n<p><img loading=\"lazy\" decoding=\"async\" class=\"product_icon\" title=\"parabenfree\" src=\"https:\/\/vivasan.club\/assets\/images\/product-icons\/parabenfree.svg?v=2\" alt=\"parabenfree\" width=\"40\" height=\"40\" \/><\/p>\n<\/div>\n<\/div>\n<\/div>\n<\/div>\n<\/div>\n<\/div>\n<\/div>\n<\/div>\n<\/div>\n<\/div>\n<\/div>\n<\/div>\n<\/div>\n<\/div>\n<\/div>\n<\/div>\n<\/div>\n<\/div>\n<\/div>\n<\/div>\n<\/div>\n<\/div>\n<\/div>\n<\/div>\n<\/div>\n<\/div>\n<\/div>\n<\/div>\n<\/div>\n<\/div>\n<\/div>\n<\/div>\n<\/div>\n<\/div>\n<\/div>\n<\/div>\n<\/div>\n<\/div>\n<\/div>","protected":false},"featured_media":1813,"comment_status":"open","ping_status":"closed","template":"","meta":{"_acf_changed":false},"product_brand":[84],"product_cat":[62,67,79,74],"product_tag":[],"class_list":{"0":"post-1812","1":"product","2":"type-product","3":"status-publish","4":"has-post-thumbnail","6":"product_brand-sanotint","7":"product_cat-beauty","8":"product_cat-hair-care","9":"product_cat-sanotint","10":"product_cat-series","12":"first","13":"instock","14":"shipping-taxable","15":"purchasable","16":"product-type-simple"},"acf":[],"yoast_head":"<!-- This site is optimized with the Yoast SEO plugin v27.3 - https:\/\/yoast.com\/product\/yoast-seo-wordpress\/ -->\n<title>Sanotint Sensitive hair colour light Mahogany #78 - vivasan-shop.com<\/title>\n<meta name=\"robots\" content=\"index, follow, max-snippet:-1, max-image-preview:large, max-video-preview:-1\" \/>\n<link rel=\"canonical\" href=\"https:\/\/vivasan-shop.com\/cs\/shop\/series\/sanotint\/sanotint-sensitive-hair-colour-light-mahogany-78\/\" \/>\n<meta property=\"og:locale\" content=\"cs_CZ\" \/>\n<meta property=\"og:type\" content=\"article\" \/>\n<meta property=\"og:title\" content=\"Sanotint Sensitive hair colour light Mahogany #78 - vivasan-shop.com\" \/>\n<meta property=\"og:description\" content=\"Sanotint Sensitive is a safe and gentle hair colour with natural golden millet, olive, birch and grape seed extracts, rich in silica for the most sensitive skin. SanoTint hair colour strengthens and restores hair structure. Healthy, smooth and glowing hair can be enhanced with long-lasting brilliant colour results with perfect grey coverage from the first application. Specially created for sensitive skin and prone to allergic reactions, it is absolutely free of ammonia, resorcinol, added metals and P-phenylenediamine.  &nbsp;\" \/>\n<meta property=\"og:url\" content=\"https:\/\/vivasan-shop.com\/cs\/shop\/series\/sanotint\/sanotint-sensitive-hair-colour-light-mahogany-78\/\" \/>\n<meta property=\"og:site_name\" content=\"vivasan-shop.com\" \/>\n<meta property=\"article:modified_time\" content=\"2025-08-11T16:03:45+00:00\" \/>\n<meta property=\"og:image\" content=\"https:\/\/vivasan-shop.com\/wp-content\/uploads\/2025\/09\/photo_2025-09-04_15-07-27-removebg-preview.png\" \/>\n\t<meta property=\"og:image:width\" content=\"715\" \/>\n\t<meta property=\"og:image:height\" content=\"349\" \/>\n\t<meta property=\"og:image:type\" content=\"image\/png\" \/>\n<meta name=\"twitter:card\" content=\"summary_large_image\" \/>\n<meta name=\"twitter:label1\" content=\"Odhadovan\u00e1 doba \u010dten\u00ed\" \/>\n\t<meta name=\"twitter:data1\" content=\"1 minuta\" \/>\n<script type=\"application\/ld+json\" class=\"yoast-schema-graph\">{\"@context\":\"https:\\\/\\\/schema.org\",\"@graph\":[{\"@type\":[\"WebPage\",\"ItemPage\"],\"@id\":\"https:\\\/\\\/vivasan-shop.com\\\/shop\\\/series\\\/sanotint\\\/sanotint-sensitive-hair-colour-light-mahogany-78\\\/\",\"url\":\"https:\\\/\\\/vivasan-shop.com\\\/shop\\\/series\\\/sanotint\\\/sanotint-sensitive-hair-colour-light-mahogany-78\\\/\",\"name\":\"Sanotint Sensitive hair colour light Mahogany #78 - vivasan-shop.com\",\"isPartOf\":{\"@id\":\"https:\\\/\\\/vivasan-shop.com\\\/#website\"},\"primaryImageOfPage\":{\"@id\":\"https:\\\/\\\/vivasan-shop.com\\\/shop\\\/series\\\/sanotint\\\/sanotint-sensitive-hair-colour-light-mahogany-78\\\/#primaryimage\"},\"image\":{\"@id\":\"https:\\\/\\\/vivasan-shop.com\\\/shop\\\/series\\\/sanotint\\\/sanotint-sensitive-hair-colour-light-mahogany-78\\\/#primaryimage\"},\"thumbnailUrl\":\"https:\\\/\\\/vivasan-shop.com\\\/wp-content\\\/uploads\\\/2025\\\/06\\\/vivasan.club-20190506-2042-5171386578.avif\",\"datePublished\":\"2025-06-20T18:46:00+00:00\",\"dateModified\":\"2025-08-11T16:03:45+00:00\",\"breadcrumb\":{\"@id\":\"https:\\\/\\\/vivasan-shop.com\\\/shop\\\/series\\\/sanotint\\\/sanotint-sensitive-hair-colour-light-mahogany-78\\\/#breadcrumb\"},\"inLanguage\":\"cs\",\"potentialAction\":[{\"@type\":\"ReadAction\",\"target\":[\"https:\\\/\\\/vivasan-shop.com\\\/shop\\\/series\\\/sanotint\\\/sanotint-sensitive-hair-colour-light-mahogany-78\\\/\"]}]},{\"@type\":\"ImageObject\",\"inLanguage\":\"cs\",\"@id\":\"https:\\\/\\\/vivasan-shop.com\\\/shop\\\/series\\\/sanotint\\\/sanotint-sensitive-hair-colour-light-mahogany-78\\\/#primaryimage\",\"url\":\"https:\\\/\\\/vivasan-shop.com\\\/wp-content\\\/uploads\\\/2025\\\/06\\\/vivasan.club-20190506-2042-5171386578.avif\",\"contentUrl\":\"https:\\\/\\\/vivasan-shop.com\\\/wp-content\\\/uploads\\\/2025\\\/06\\\/vivasan.club-20190506-2042-5171386578.avif\",\"width\":768,\"height\":768},{\"@type\":\"BreadcrumbList\",\"@id\":\"https:\\\/\\\/vivasan-shop.com\\\/shop\\\/series\\\/sanotint\\\/sanotint-sensitive-hair-colour-light-mahogany-78\\\/#breadcrumb\",\"itemListElement\":[{\"@type\":\"ListItem\",\"position\":1,\"name\":\"Home\",\"item\":\"https:\\\/\\\/vivasan-shop.com\\\/\"},{\"@type\":\"ListItem\",\"position\":2,\"name\":\"Shop\",\"item\":\"https:\\\/\\\/vivasan-shop.com\\\/shop\\\/\"},{\"@type\":\"ListItem\",\"position\":3,\"name\":\"Sanotint Sensitive hair colour light Mahogany #78\"}]},{\"@type\":\"WebSite\",\"@id\":\"https:\\\/\\\/vivasan-shop.com\\\/#website\",\"url\":\"https:\\\/\\\/vivasan-shop.com\\\/\",\"name\":\"Vivasan\",\"description\":\"\",\"publisher\":{\"@id\":\"https:\\\/\\\/vivasan-shop.com\\\/#organization\"},\"potentialAction\":[{\"@type\":\"SearchAction\",\"target\":{\"@type\":\"EntryPoint\",\"urlTemplate\":\"https:\\\/\\\/vivasan-shop.com\\\/?s={search_term_string}\"},\"query-input\":{\"@type\":\"PropertyValueSpecification\",\"valueRequired\":true,\"valueName\":\"search_term_string\"}}],\"inLanguage\":\"cs\"},{\"@type\":\"Organization\",\"@id\":\"https:\\\/\\\/vivasan-shop.com\\\/#organization\",\"name\":\"Vivasan\",\"url\":\"https:\\\/\\\/vivasan-shop.com\\\/\",\"logo\":{\"@type\":\"ImageObject\",\"inLanguage\":\"cs\",\"@id\":\"https:\\\/\\\/vivasan-shop.com\\\/#\\\/schema\\\/logo\\\/image\\\/\",\"url\":\"https:\\\/\\\/vivasan-shop.com\\\/wp-content\\\/uploads\\\/2025\\\/07\\\/photo_2025-07-05_23-33-41.jpg\",\"contentUrl\":\"https:\\\/\\\/vivasan-shop.com\\\/wp-content\\\/uploads\\\/2025\\\/07\\\/photo_2025-07-05_23-33-41.jpg\",\"width\":1080,\"height\":608,\"caption\":\"Vivasan\"},\"image\":{\"@id\":\"https:\\\/\\\/vivasan-shop.com\\\/#\\\/schema\\\/logo\\\/image\\\/\"}}]}<\/script>\n<!-- \/ Yoast SEO plugin. -->","yoast_head_json":{"title":"Sanotint Sensitive hair colour light Mahogany #78 - vivasan-shop.com","robots":{"index":"index","follow":"follow","max-snippet":"max-snippet:-1","max-image-preview":"max-image-preview:large","max-video-preview":"max-video-preview:-1"},"canonical":"https:\/\/vivasan-shop.com\/cs\/shop\/series\/sanotint\/sanotint-sensitive-hair-colour-light-mahogany-78\/","og_locale":"cs_CZ","og_type":"article","og_title":"Sanotint Sensitive hair colour light Mahogany #78 - vivasan-shop.com","og_description":"Sanotint Sensitive is a safe and gentle hair colour with natural golden millet, olive, birch and grape seed extracts, rich in silica for the most sensitive skin. SanoTint hair colour strengthens and restores hair structure. Healthy, smooth and glowing hair can be enhanced with long-lasting brilliant colour results with perfect grey coverage from the first application. Specially created for sensitive skin and prone to allergic reactions, it is absolutely free of ammonia, resorcinol, added metals and P-phenylenediamine.  &nbsp;","og_url":"https:\/\/vivasan-shop.com\/cs\/shop\/series\/sanotint\/sanotint-sensitive-hair-colour-light-mahogany-78\/","og_site_name":"vivasan-shop.com","article_modified_time":"2025-08-11T16:03:45+00:00","og_image":[{"width":715,"height":349,"url":"https:\/\/vivasan-shop.com\/wp-content\/uploads\/2025\/09\/photo_2025-09-04_15-07-27-removebg-preview.png","type":"image\/png"}],"twitter_card":"summary_large_image","twitter_misc":{"Odhadovan\u00e1 doba \u010dten\u00ed":"1 minuta"},"schema":{"@context":"https:\/\/schema.org","@graph":[{"@type":["WebPage","ItemPage"],"@id":"https:\/\/vivasan-shop.com\/shop\/series\/sanotint\/sanotint-sensitive-hair-colour-light-mahogany-78\/","url":"https:\/\/vivasan-shop.com\/shop\/series\/sanotint\/sanotint-sensitive-hair-colour-light-mahogany-78\/","name":"Sanotint Sensitive hair colour light Mahogany #78 - vivasan-shop.com","isPartOf":{"@id":"https:\/\/vivasan-shop.com\/#website"},"primaryImageOfPage":{"@id":"https:\/\/vivasan-shop.com\/shop\/series\/sanotint\/sanotint-sensitive-hair-colour-light-mahogany-78\/#primaryimage"},"image":{"@id":"https:\/\/vivasan-shop.com\/shop\/series\/sanotint\/sanotint-sensitive-hair-colour-light-mahogany-78\/#primaryimage"},"thumbnailUrl":"https:\/\/vivasan-shop.com\/wp-content\/uploads\/2025\/06\/vivasan.club-20190506-2042-5171386578.avif","datePublished":"2025-06-20T18:46:00+00:00","dateModified":"2025-08-11T16:03:45+00:00","breadcrumb":{"@id":"https:\/\/vivasan-shop.com\/shop\/series\/sanotint\/sanotint-sensitive-hair-colour-light-mahogany-78\/#breadcrumb"},"inLanguage":"cs","potentialAction":[{"@type":"ReadAction","target":["https:\/\/vivasan-shop.com\/shop\/series\/sanotint\/sanotint-sensitive-hair-colour-light-mahogany-78\/"]}]},{"@type":"ImageObject","inLanguage":"cs","@id":"https:\/\/vivasan-shop.com\/shop\/series\/sanotint\/sanotint-sensitive-hair-colour-light-mahogany-78\/#primaryimage","url":"https:\/\/vivasan-shop.com\/wp-content\/uploads\/2025\/06\/vivasan.club-20190506-2042-5171386578.avif","contentUrl":"https:\/\/vivasan-shop.com\/wp-content\/uploads\/2025\/06\/vivasan.club-20190506-2042-5171386578.avif","width":768,"height":768},{"@type":"BreadcrumbList","@id":"https:\/\/vivasan-shop.com\/shop\/series\/sanotint\/sanotint-sensitive-hair-colour-light-mahogany-78\/#breadcrumb","itemListElement":[{"@type":"ListItem","position":1,"name":"Home","item":"https:\/\/vivasan-shop.com\/"},{"@type":"ListItem","position":2,"name":"Shop","item":"https:\/\/vivasan-shop.com\/shop\/"},{"@type":"ListItem","position":3,"name":"Sanotint Sensitive hair colour light Mahogany #78"}]},{"@type":"WebSite","@id":"https:\/\/vivasan-shop.com\/#website","url":"https:\/\/vivasan-shop.com\/","name":"Vivasan","description":"","publisher":{"@id":"https:\/\/vivasan-shop.com\/#organization"},"potentialAction":[{"@type":"SearchAction","target":{"@type":"EntryPoint","urlTemplate":"https:\/\/vivasan-shop.com\/?s={search_term_string}"},"query-input":{"@type":"PropertyValueSpecification","valueRequired":true,"valueName":"search_term_string"}}],"inLanguage":"cs"},{"@type":"Organization","@id":"https:\/\/vivasan-shop.com\/#organization","name":"Vivasan","url":"https:\/\/vivasan-shop.com\/","logo":{"@type":"ImageObject","inLanguage":"cs","@id":"https:\/\/vivasan-shop.com\/#\/schema\/logo\/image\/","url":"https:\/\/vivasan-shop.com\/wp-content\/uploads\/2025\/07\/photo_2025-07-05_23-33-41.jpg","contentUrl":"https:\/\/vivasan-shop.com\/wp-content\/uploads\/2025\/07\/photo_2025-07-05_23-33-41.jpg","width":1080,"height":608,"caption":"Vivasan"},"image":{"@id":"https:\/\/vivasan-shop.com\/#\/schema\/logo\/image\/"}}]}},"_links":{"self":[{"href":"https:\/\/vivasan-shop.com\/cs\/wp-json\/wp\/v2\/product\/1812","targetHints":{"allow":["GET"]}}],"collection":[{"href":"https:\/\/vivasan-shop.com\/cs\/wp-json\/wp\/v2\/product"}],"about":[{"href":"https:\/\/vivasan-shop.com\/cs\/wp-json\/wp\/v2\/types\/product"}],"replies":[{"embeddable":true,"href":"https:\/\/vivasan-shop.com\/cs\/wp-json\/wp\/v2\/comments?post=1812"}],"version-history":[{"count":1,"href":"https:\/\/vivasan-shop.com\/cs\/wp-json\/wp\/v2\/product\/1812\/revisions"}],"predecessor-version":[{"id":1817,"href":"https:\/\/vivasan-shop.com\/cs\/wp-json\/wp\/v2\/product\/1812\/revisions\/1817"}],"wp:featuredmedia":[{"embeddable":true,"href":"https:\/\/vivasan-shop.com\/cs\/wp-json\/wp\/v2\/media\/1813"}],"wp:attachment":[{"href":"https:\/\/vivasan-shop.com\/cs\/wp-json\/wp\/v2\/media?parent=1812"}],"wp:term":[{"taxonomy":"product_brand","embeddable":true,"href":"https:\/\/vivasan-shop.com\/cs\/wp-json\/wp\/v2\/product_brand?post=1812"},{"taxonomy":"product_cat","embeddable":true,"href":"https:\/\/vivasan-shop.com\/cs\/wp-json\/wp\/v2\/product_cat?post=1812"},{"taxonomy":"product_tag","embeddable":true,"href":"https:\/\/vivasan-shop.com\/cs\/wp-json\/wp\/v2\/product_tag?post=1812"}],"curies":[{"name":"wp","href":"https:\/\/api.w.org\/{rel}","templated":true}]}}