{"id":1835,"date":"2025-06-20T18:54:00","date_gmt":"2025-06-20T18:54:00","guid":{"rendered":"https:\/\/vivasan-shop.com\/?post_type=product&#038;p=1835"},"modified":"2025-08-11T16:03:11","modified_gmt":"2025-08-11T16:03:11","slug":"shampoo-for-dry-hair-with-extracts-of-millet-burdock-rose-plantain-lavender-artichoke","status":"publish","type":"product","link":"https:\/\/vivasan-shop.com\/cs\/shop\/series\/sanotint\/shampoo-for-dry-hair-with-extracts-of-millet-burdock-rose-plantain-lavender-artichoke\/","title":{"rendered":"\u0160ampon pro such\u00e9 vlasy s v\u00fdta\u017eky z prosa, lopuchu, r\u016f\u017ee, jitrocele, levandule a arty\u010doku"},"content":{"rendered":"<p>The use of certain hydrating substances allows full recovery of the hydrolipidic film of both the hair and scalp. Sanotint dry hair shampoo pH 5,5-6 has a luxurious formula, with a soothing scent of natural extracts of burdock, rose-lace, rose and sand plantain. Natural moisturizing ingredients restore the hydrolipidic film of the hair and scalp. Natural extracts of lavender and artichoke provide strength and resilience. Golden millet extract makes hair healthy and shiny.<\/p>\n<ul>\n<li>Ammonia free<\/li>\n<li>Parabens free<\/li>\n<li>Formaldehyde free<\/li>\n<li>Preservatives free<\/li>\n<li>Paraffin free<\/li>\n<li>Silicon free<\/li>\n<li>No Animal Testing<\/li>\n<li>GMO (Genetically Modified Organisms) free<\/li>\n<li>No Added Metals<\/li>\n<li>No Derivatives of Animal Origin<\/li>\n<li>Dermatologically tested and Nickel tested<\/li>\n<li>Volume 200 ml<\/li>\n<\/ul>\n<p>Shampoo with natural extracts of Millet, Burdock, Rose, plantain, lavender, artichoke and rosolaccio. For a complete rebalancing of the hydrolipidic film of the hair and scalp. Thanks to the natural extracts of Burdock, Rosolaccio, Rose and Plantain, this shampoo exerts a nourishing, protective, soothing and softening action. The natural extracts of Lavender and Artichoke allow to improve the microcirculation of the scalp, increasing the supply of nutrients such as dandelion extracts rich in vitamins. The natural extract of Millet performs a nourishing and moisturizing action giving a healthy and shiny appearance to the hair.<\/p>\n<h3>Usage<\/h3>\n<p>Apply a small amount to wet hair, leave the shampoo in for a few minutes then rinse with warm water. Shampoo twice if necessary. Avoid contact with eyes. Always read the label.<\/p>","protected":false},"excerpt":{"rendered":"<div class=\"woocommerce-product-details__short-description\">\n<div class=\"woocommerce-product-details__short-description\">\n<div class=\"woocommerce-product-details__short-description\">\n<div class=\"woocommerce-product-details__short-description\">\n<div class=\"woocommerce-product-details__short-description\">\n<div class=\"woocommerce-product-details__short-description\">\n<div class=\"woocommerce-product-details__short-description\">\n<div class=\"woocommerce-product-details__short-description\">\n<div class=\"woocommerce-product-details__short-description\">\n<div class=\"woocommerce-product-details__short-description\">\n<div class=\"woocommerce-product-details__short-description\">\n<div class=\"woocommerce-product-details__short-description\">\n<div class=\"woocommerce-product-details__short-description\">\n<div class=\"woocommerce-product-details__short-description\">\n<div class=\"woocommerce-product-details__short-description\">\n<div class=\"woocommerce-product-details__short-description\">\n<div class=\"woocommerce-product-details__short-description\">\n<div class=\"woocommerce-product-details__short-description\">\n<div class=\"woocommerce-product-details__short-description\">\n<div class=\"woocommerce-product-details__short-description\">\n<div class=\"woocommerce-product-details__short-description\">\n<div class=\"woocommerce-product-details__short-description\">\n<div class=\"woocommerce-product-details__short-description\">\n<div class=\"woocommerce-product-details__short-description\">\n<div class=\"woocommerce-product-details__short-description\">\n<div class=\"woocommerce-product-details__short-description\">\n<div class=\"woocommerce-product-details__short-description\">\n<div class=\"woocommerce-product-details__short-description\">\n<div class=\"woocommerce-product-details__short-description\">\n<div class=\"woocommerce-product-details__short-description\">\n<div class=\"woocommerce-product-details__short-description\">\n<div class=\"woocommerce-product-details__short-description\">\n<div class=\"woocommerce-product-details__short-description\">\n<div class=\"woocommerce-product-details__short-description\">\n<div class=\"woocommerce-product-details__short-description\">\n<div class=\"woocommerce-product-details__short-description\">\n<div class=\"woocommerce-product-details__short-description\">\n<div class=\"woocommerce-product-details__short-description\">\n<div class=\"woocommerce-product-details__short-description\">\n<div class=\"woocommerce-product-details__short-description\">\n<div class=\"woocommerce-product-details__short-description\">\n<div class=\"woocommerce-product-details__short-description\">\n<div class=\"woocommerce-product-details__short-description\">\n<p>Shampoo with natural extracts of Millet, Burdock, Rose, plantain, lavender, artichoke and rosolaccio. For a complete rebalancing of the hydrolipidic film of the hair and scalp. Thanks to the natural extracts of Burdock, Rosolaccio, Rose and Plantain, this shampoo exerts a nourishing, protective, soothing and softening action. The natural extracts of Lavender and Artichoke allow to improve the microcirculation of the scalp, increasing the supply of nutrients such as dandelion extracts rich in vitamins. The natural extract of Millet performs a nourishing and moisturizing action giving a healthy and shiny appearance to the hair.<\/p>\n<p>&nbsp;<\/p>\n<\/div>\n<div class=\"vivasan-product-icons\"><img loading=\"lazy\" decoding=\"async\" class=\"product_icon\" title=\"GMP Certified\" src=\"https:\/\/vivasan.club\/assets\/images\/product-icons\/gmp.svg?v=2\" alt=\"GMP Certified\" width=\"40\" height=\"40\" \/><img loading=\"lazy\" decoding=\"async\" class=\"product_icon\" title=\"Cruelty-free\" src=\"https:\/\/vivasan.club\/assets\/images\/product-icons\/crueltyfree.svg?v=2\" alt=\"Cruelty-free\" width=\"40\" height=\"40\" \/><\/div>\n<\/div>\n<\/div>\n<\/div>\n<\/div>\n<\/div>\n<\/div>\n<\/div>\n<\/div>\n<\/div>\n<\/div>\n<\/div>\n<\/div>\n<\/div>\n<\/div>\n<\/div>\n<\/div>\n<\/div>\n<\/div>\n<\/div>\n<\/div>\n<\/div>\n<\/div>\n<\/div>\n<\/div>\n<\/div>\n<\/div>\n<\/div>\n<\/div>\n<\/div>\n<\/div>\n<\/div>\n<\/div>\n<\/div>\n<\/div>\n<\/div>\n<\/div>\n<\/div>\n<\/div>\n<\/div>\n<\/div>\n<\/div>\n<\/div>","protected":false},"featured_media":1836,"comment_status":"open","ping_status":"closed","template":"","meta":{"_acf_changed":false},"product_brand":[84],"product_cat":[62,67,79,74],"product_tag":[],"class_list":{"0":"post-1835","1":"product","2":"type-product","3":"status-publish","4":"has-post-thumbnail","6":"product_brand-sanotint","7":"product_cat-beauty","8":"product_cat-hair-care","9":"product_cat-sanotint","10":"product_cat-series","12":"first","13":"outofstock","14":"shipping-taxable","15":"purchasable","16":"product-type-simple"},"acf":[],"yoast_head":"<!-- This site is optimized with the Yoast SEO plugin v27.3 - https:\/\/yoast.com\/product\/yoast-seo-wordpress\/ -->\n<title>Shampoo for dry hair with extracts of Millet, Burdock, Rose, Plantain, Lavender, Artichoke - vivasan-shop.com<\/title>\n<meta name=\"robots\" content=\"index, follow, max-snippet:-1, max-image-preview:large, max-video-preview:-1\" \/>\n<link rel=\"canonical\" href=\"https:\/\/vivasan-shop.com\/cs\/shop\/series\/sanotint\/shampoo-for-dry-hair-with-extracts-of-millet-burdock-rose-plantain-lavender-artichoke\/\" \/>\n<meta property=\"og:locale\" content=\"cs_CZ\" \/>\n<meta property=\"og:type\" content=\"article\" \/>\n<meta property=\"og:title\" content=\"Shampoo for dry hair with extracts of Millet, Burdock, Rose, Plantain, Lavender, Artichoke - vivasan-shop.com\" \/>\n<meta property=\"og:description\" content=\"Shampoo with natural extracts of Millet, Burdock, Rose, plantain, lavender, artichoke and rosolaccio. For a complete rebalancing of the hydrolipidic film of the hair and scalp. Thanks to the natural extracts of Burdock, Rosolaccio, Rose and Plantain, this shampoo exerts a nourishing, protective, soothing and softening action. The natural extracts of Lavender and Artichoke allow to improve the microcirculation of the scalp, increasing the supply of nutrients such as dandelion extracts rich in vitamins. The natural extract of Millet performs a nourishing and moisturizing action giving a healthy and shiny appearance to the hair.  &nbsp;\" \/>\n<meta property=\"og:url\" content=\"https:\/\/vivasan-shop.com\/cs\/shop\/series\/sanotint\/shampoo-for-dry-hair-with-extracts-of-millet-burdock-rose-plantain-lavender-artichoke\/\" \/>\n<meta property=\"og:site_name\" content=\"vivasan-shop.com\" \/>\n<meta property=\"article:modified_time\" content=\"2025-08-11T16:03:11+00:00\" \/>\n<meta property=\"og:image\" content=\"https:\/\/vivasan-shop.com\/wp-content\/uploads\/2025\/09\/photo_2025-09-04_15-07-27-removebg-preview.png\" \/>\n\t<meta property=\"og:image:width\" content=\"715\" \/>\n\t<meta property=\"og:image:height\" content=\"349\" \/>\n\t<meta property=\"og:image:type\" content=\"image\/png\" \/>\n<meta name=\"twitter:card\" content=\"summary_large_image\" \/>\n<meta name=\"twitter:label1\" content=\"Odhadovan\u00e1 doba \u010dten\u00ed\" \/>\n\t<meta name=\"twitter:data1\" content=\"1 minuta\" \/>\n<script type=\"application\/ld+json\" class=\"yoast-schema-graph\">{\"@context\":\"https:\\\/\\\/schema.org\",\"@graph\":[{\"@type\":[\"WebPage\",\"ItemPage\"],\"@id\":\"https:\\\/\\\/vivasan-shop.com\\\/shop\\\/series\\\/sanotint\\\/shampoo-for-dry-hair-with-extracts-of-millet-burdock-rose-plantain-lavender-artichoke\\\/\",\"url\":\"https:\\\/\\\/vivasan-shop.com\\\/shop\\\/series\\\/sanotint\\\/shampoo-for-dry-hair-with-extracts-of-millet-burdock-rose-plantain-lavender-artichoke\\\/\",\"name\":\"Shampoo for dry hair with extracts of Millet, Burdock, Rose, Plantain, Lavender, Artichoke - vivasan-shop.com\",\"isPartOf\":{\"@id\":\"https:\\\/\\\/vivasan-shop.com\\\/#website\"},\"primaryImageOfPage\":{\"@id\":\"https:\\\/\\\/vivasan-shop.com\\\/shop\\\/series\\\/sanotint\\\/shampoo-for-dry-hair-with-extracts-of-millet-burdock-rose-plantain-lavender-artichoke\\\/#primaryimage\"},\"image\":{\"@id\":\"https:\\\/\\\/vivasan-shop.com\\\/shop\\\/series\\\/sanotint\\\/shampoo-for-dry-hair-with-extracts-of-millet-burdock-rose-plantain-lavender-artichoke\\\/#primaryimage\"},\"thumbnailUrl\":\"https:\\\/\\\/vivasan-shop.com\\\/wp-content\\\/uploads\\\/2025\\\/06\\\/vivasan.club-20190505-1338-25585259.avif\",\"datePublished\":\"2025-06-20T18:54:00+00:00\",\"dateModified\":\"2025-08-11T16:03:11+00:00\",\"breadcrumb\":{\"@id\":\"https:\\\/\\\/vivasan-shop.com\\\/shop\\\/series\\\/sanotint\\\/shampoo-for-dry-hair-with-extracts-of-millet-burdock-rose-plantain-lavender-artichoke\\\/#breadcrumb\"},\"inLanguage\":\"cs\",\"potentialAction\":[{\"@type\":\"ReadAction\",\"target\":[\"https:\\\/\\\/vivasan-shop.com\\\/shop\\\/series\\\/sanotint\\\/shampoo-for-dry-hair-with-extracts-of-millet-burdock-rose-plantain-lavender-artichoke\\\/\"]}]},{\"@type\":\"ImageObject\",\"inLanguage\":\"cs\",\"@id\":\"https:\\\/\\\/vivasan-shop.com\\\/shop\\\/series\\\/sanotint\\\/shampoo-for-dry-hair-with-extracts-of-millet-burdock-rose-plantain-lavender-artichoke\\\/#primaryimage\",\"url\":\"https:\\\/\\\/vivasan-shop.com\\\/wp-content\\\/uploads\\\/2025\\\/06\\\/vivasan.club-20190505-1338-25585259.avif\",\"contentUrl\":\"https:\\\/\\\/vivasan-shop.com\\\/wp-content\\\/uploads\\\/2025\\\/06\\\/vivasan.club-20190505-1338-25585259.avif\",\"width\":768,\"height\":768},{\"@type\":\"BreadcrumbList\",\"@id\":\"https:\\\/\\\/vivasan-shop.com\\\/shop\\\/series\\\/sanotint\\\/shampoo-for-dry-hair-with-extracts-of-millet-burdock-rose-plantain-lavender-artichoke\\\/#breadcrumb\",\"itemListElement\":[{\"@type\":\"ListItem\",\"position\":1,\"name\":\"Home\",\"item\":\"https:\\\/\\\/vivasan-shop.com\\\/\"},{\"@type\":\"ListItem\",\"position\":2,\"name\":\"Shop\",\"item\":\"https:\\\/\\\/vivasan-shop.com\\\/shop\\\/\"},{\"@type\":\"ListItem\",\"position\":3,\"name\":\"Shampoo for dry hair with extracts of Millet, Burdock, Rose, Plantain, Lavender, Artichoke\"}]},{\"@type\":\"WebSite\",\"@id\":\"https:\\\/\\\/vivasan-shop.com\\\/#website\",\"url\":\"https:\\\/\\\/vivasan-shop.com\\\/\",\"name\":\"Vivasan\",\"description\":\"\",\"publisher\":{\"@id\":\"https:\\\/\\\/vivasan-shop.com\\\/#organization\"},\"potentialAction\":[{\"@type\":\"SearchAction\",\"target\":{\"@type\":\"EntryPoint\",\"urlTemplate\":\"https:\\\/\\\/vivasan-shop.com\\\/?s={search_term_string}\"},\"query-input\":{\"@type\":\"PropertyValueSpecification\",\"valueRequired\":true,\"valueName\":\"search_term_string\"}}],\"inLanguage\":\"cs\"},{\"@type\":\"Organization\",\"@id\":\"https:\\\/\\\/vivasan-shop.com\\\/#organization\",\"name\":\"Vivasan\",\"url\":\"https:\\\/\\\/vivasan-shop.com\\\/\",\"logo\":{\"@type\":\"ImageObject\",\"inLanguage\":\"cs\",\"@id\":\"https:\\\/\\\/vivasan-shop.com\\\/#\\\/schema\\\/logo\\\/image\\\/\",\"url\":\"https:\\\/\\\/vivasan-shop.com\\\/wp-content\\\/uploads\\\/2025\\\/07\\\/photo_2025-07-05_23-33-41.jpg\",\"contentUrl\":\"https:\\\/\\\/vivasan-shop.com\\\/wp-content\\\/uploads\\\/2025\\\/07\\\/photo_2025-07-05_23-33-41.jpg\",\"width\":1080,\"height\":608,\"caption\":\"Vivasan\"},\"image\":{\"@id\":\"https:\\\/\\\/vivasan-shop.com\\\/#\\\/schema\\\/logo\\\/image\\\/\"}}]}<\/script>\n<!-- \/ Yoast SEO plugin. -->","yoast_head_json":{"title":"Shampoo for dry hair with extracts of Millet, Burdock, Rose, Plantain, Lavender, Artichoke - vivasan-shop.com","robots":{"index":"index","follow":"follow","max-snippet":"max-snippet:-1","max-image-preview":"max-image-preview:large","max-video-preview":"max-video-preview:-1"},"canonical":"https:\/\/vivasan-shop.com\/cs\/shop\/series\/sanotint\/shampoo-for-dry-hair-with-extracts-of-millet-burdock-rose-plantain-lavender-artichoke\/","og_locale":"cs_CZ","og_type":"article","og_title":"Shampoo for dry hair with extracts of Millet, Burdock, Rose, Plantain, Lavender, Artichoke - vivasan-shop.com","og_description":"Shampoo with natural extracts of Millet, Burdock, Rose, plantain, lavender, artichoke and rosolaccio. For a complete rebalancing of the hydrolipidic film of the hair and scalp. Thanks to the natural extracts of Burdock, Rosolaccio, Rose and Plantain, this shampoo exerts a nourishing, protective, soothing and softening action. The natural extracts of Lavender and Artichoke allow to improve the microcirculation of the scalp, increasing the supply of nutrients such as dandelion extracts rich in vitamins. The natural extract of Millet performs a nourishing and moisturizing action giving a healthy and shiny appearance to the hair.  &nbsp;","og_url":"https:\/\/vivasan-shop.com\/cs\/shop\/series\/sanotint\/shampoo-for-dry-hair-with-extracts-of-millet-burdock-rose-plantain-lavender-artichoke\/","og_site_name":"vivasan-shop.com","article_modified_time":"2025-08-11T16:03:11+00:00","og_image":[{"width":715,"height":349,"url":"https:\/\/vivasan-shop.com\/wp-content\/uploads\/2025\/09\/photo_2025-09-04_15-07-27-removebg-preview.png","type":"image\/png"}],"twitter_card":"summary_large_image","twitter_misc":{"Odhadovan\u00e1 doba \u010dten\u00ed":"1 minuta"},"schema":{"@context":"https:\/\/schema.org","@graph":[{"@type":["WebPage","ItemPage"],"@id":"https:\/\/vivasan-shop.com\/shop\/series\/sanotint\/shampoo-for-dry-hair-with-extracts-of-millet-burdock-rose-plantain-lavender-artichoke\/","url":"https:\/\/vivasan-shop.com\/shop\/series\/sanotint\/shampoo-for-dry-hair-with-extracts-of-millet-burdock-rose-plantain-lavender-artichoke\/","name":"Shampoo for dry hair with extracts of Millet, Burdock, Rose, Plantain, Lavender, Artichoke - vivasan-shop.com","isPartOf":{"@id":"https:\/\/vivasan-shop.com\/#website"},"primaryImageOfPage":{"@id":"https:\/\/vivasan-shop.com\/shop\/series\/sanotint\/shampoo-for-dry-hair-with-extracts-of-millet-burdock-rose-plantain-lavender-artichoke\/#primaryimage"},"image":{"@id":"https:\/\/vivasan-shop.com\/shop\/series\/sanotint\/shampoo-for-dry-hair-with-extracts-of-millet-burdock-rose-plantain-lavender-artichoke\/#primaryimage"},"thumbnailUrl":"https:\/\/vivasan-shop.com\/wp-content\/uploads\/2025\/06\/vivasan.club-20190505-1338-25585259.avif","datePublished":"2025-06-20T18:54:00+00:00","dateModified":"2025-08-11T16:03:11+00:00","breadcrumb":{"@id":"https:\/\/vivasan-shop.com\/shop\/series\/sanotint\/shampoo-for-dry-hair-with-extracts-of-millet-burdock-rose-plantain-lavender-artichoke\/#breadcrumb"},"inLanguage":"cs","potentialAction":[{"@type":"ReadAction","target":["https:\/\/vivasan-shop.com\/shop\/series\/sanotint\/shampoo-for-dry-hair-with-extracts-of-millet-burdock-rose-plantain-lavender-artichoke\/"]}]},{"@type":"ImageObject","inLanguage":"cs","@id":"https:\/\/vivasan-shop.com\/shop\/series\/sanotint\/shampoo-for-dry-hair-with-extracts-of-millet-burdock-rose-plantain-lavender-artichoke\/#primaryimage","url":"https:\/\/vivasan-shop.com\/wp-content\/uploads\/2025\/06\/vivasan.club-20190505-1338-25585259.avif","contentUrl":"https:\/\/vivasan-shop.com\/wp-content\/uploads\/2025\/06\/vivasan.club-20190505-1338-25585259.avif","width":768,"height":768},{"@type":"BreadcrumbList","@id":"https:\/\/vivasan-shop.com\/shop\/series\/sanotint\/shampoo-for-dry-hair-with-extracts-of-millet-burdock-rose-plantain-lavender-artichoke\/#breadcrumb","itemListElement":[{"@type":"ListItem","position":1,"name":"Home","item":"https:\/\/vivasan-shop.com\/"},{"@type":"ListItem","position":2,"name":"Shop","item":"https:\/\/vivasan-shop.com\/shop\/"},{"@type":"ListItem","position":3,"name":"Shampoo for dry hair with extracts of Millet, Burdock, Rose, Plantain, Lavender, Artichoke"}]},{"@type":"WebSite","@id":"https:\/\/vivasan-shop.com\/#website","url":"https:\/\/vivasan-shop.com\/","name":"Vivasan","description":"","publisher":{"@id":"https:\/\/vivasan-shop.com\/#organization"},"potentialAction":[{"@type":"SearchAction","target":{"@type":"EntryPoint","urlTemplate":"https:\/\/vivasan-shop.com\/?s={search_term_string}"},"query-input":{"@type":"PropertyValueSpecification","valueRequired":true,"valueName":"search_term_string"}}],"inLanguage":"cs"},{"@type":"Organization","@id":"https:\/\/vivasan-shop.com\/#organization","name":"Vivasan","url":"https:\/\/vivasan-shop.com\/","logo":{"@type":"ImageObject","inLanguage":"cs","@id":"https:\/\/vivasan-shop.com\/#\/schema\/logo\/image\/","url":"https:\/\/vivasan-shop.com\/wp-content\/uploads\/2025\/07\/photo_2025-07-05_23-33-41.jpg","contentUrl":"https:\/\/vivasan-shop.com\/wp-content\/uploads\/2025\/07\/photo_2025-07-05_23-33-41.jpg","width":1080,"height":608,"caption":"Vivasan"},"image":{"@id":"https:\/\/vivasan-shop.com\/#\/schema\/logo\/image\/"}}]}},"_links":{"self":[{"href":"https:\/\/vivasan-shop.com\/cs\/wp-json\/wp\/v2\/product\/1835","targetHints":{"allow":["GET"]}}],"collection":[{"href":"https:\/\/vivasan-shop.com\/cs\/wp-json\/wp\/v2\/product"}],"about":[{"href":"https:\/\/vivasan-shop.com\/cs\/wp-json\/wp\/v2\/types\/product"}],"replies":[{"embeddable":true,"href":"https:\/\/vivasan-shop.com\/cs\/wp-json\/wp\/v2\/comments?post=1835"}],"version-history":[{"count":1,"href":"https:\/\/vivasan-shop.com\/cs\/wp-json\/wp\/v2\/product\/1835\/revisions"}],"predecessor-version":[{"id":1837,"href":"https:\/\/vivasan-shop.com\/cs\/wp-json\/wp\/v2\/product\/1835\/revisions\/1837"}],"wp:featuredmedia":[{"embeddable":true,"href":"https:\/\/vivasan-shop.com\/cs\/wp-json\/wp\/v2\/media\/1836"}],"wp:attachment":[{"href":"https:\/\/vivasan-shop.com\/cs\/wp-json\/wp\/v2\/media?parent=1835"}],"wp:term":[{"taxonomy":"product_brand","embeddable":true,"href":"https:\/\/vivasan-shop.com\/cs\/wp-json\/wp\/v2\/product_brand?post=1835"},{"taxonomy":"product_cat","embeddable":true,"href":"https:\/\/vivasan-shop.com\/cs\/wp-json\/wp\/v2\/product_cat?post=1835"},{"taxonomy":"product_tag","embeddable":true,"href":"https:\/\/vivasan-shop.com\/cs\/wp-json\/wp\/v2\/product_tag?post=1835"}],"curies":[{"name":"wp","href":"https:\/\/api.w.org\/{rel}","templated":true}]}}