{"id":1850,"date":"2025-06-20T19:00:00","date_gmt":"2025-06-20T19:00:00","guid":{"rendered":"https:\/\/vivasan-shop.com\/?post_type=product&#038;p=1850"},"modified":"2025-08-11T16:02:56","modified_gmt":"2025-08-11T16:02:56","slug":"shampoo-viva-active-with-salt-of-dead-sea-200-ml","status":"publish","type":"product","link":"https:\/\/vivasan-shop.com\/cs\/shop\/beauty\/hair-care\/shampoo-viva-active-with-salt-of-dead-sea-200-ml\/","title":{"rendered":"\u0160ampon Viva Active se sol\u00ed z Mrtv\u00e9ho mo\u0159e, 200 ml"},"content":{"rendered":"<p>Dead Sea Salt\u00a0is a natural salt that nourishes the skin with minerals. Magnesium relieves\u00a0skin irritation, calcium strengthens the cell membrane, potassium is\u00a0a natural skin tightening agent, sodium is used in the cellular\u00a0transport system, chloride is a natural antiseptic, and bromide is a natural\u00a0antioxidant. Has a harmonizing effect on\u00a0skin, thereby improving well-being.<\/p>\n<ul>\n<li>Alcohol-free.<\/li>\n<li>PEG-free.<\/li>\n<li>Silicones-free.<\/li>\n<li>Free of nano-materials.<\/li>\n<li>Free of colorants.<\/li>\n<li>Contents: 200 ml.<\/li>\n<\/ul>\n<p>Viva Active Shampoo with Dead Sea Salt naturally fights against\u00a0dandruff. Combination of Dead Sea salt with willow bark extract and\u00a0high molecular weight hyaluronic acid soothes the scalp,\u00a0restoring the natural balance between hair and skin.<\/p>\n<p><strong>Contains:<\/strong><\/p>\n<ul>\n<li>White willow bark extract has established itself as one of the most important\u00a0herbal remedies for pain relief and acts as\u00a0anti-inflammatory analgesic. Used as a natural source\u00a0salicylic acid. Willow bark extract has such beneficial\u00a0properties of salicylic acid, as an exfoliating and antimicrobial\u00a0effect, without any typical irritations that can cause\u00a0salicylic acid.<\/li>\n<li>Glyceryl caprylate \u2014 multifunctional moisturizer, provides skin hydration and\u00a0moisture preservation, has antimicrobial properties.<\/li>\n<li>Dead Sea Salt\u00a0is a natural salt that nourishes the skin with minerals. Magnesium relieves\u00a0skin irritation, calcium strengthens the cell membrane, potassium is\u00a0a natural skin tightening agent, sodium is used in the cellular<br \/>\ntransport system, chloride is a natural antiseptic, and bromide is a natural\u00a0antioxidant. Has a harmonizing effect on\u00a0skin, thereby improving well-being.<\/li>\n<li>Allantoin \u2014 the main function of allantoin is to stimulate cell proliferation and\u00a0promote skin regeneration while maintaining\u00a0restoration of intact granulation tissue. Allantoin improves\u00a0binding moisture in the skin and has a smoothing effect.\u00a0Exfoliates dry and damaged skin cells, leaving it supple and\u00a0giving a radiant look. Allantoin has anti-inflammatory\u00a0action, and also helps prevent skin irritation and\u00a0supports the natural regeneration of the skin.<\/li>\n<li>Vitamin E \u2014\u00a0protects the epidermis in the early stages of skin damage by UV\u00a0rays. The formation of free\u00a0radicals on the skin, as well as transepidermal water loss, is strengthened\u00a0barrier function of the skin. Vitamin E has an antioxidant effect on\u00a0skin and protects against UV radiation. It prevents transepidermal\u00a0loss of moisture from the skin, ensures smoothing of the skin and improves it\u00a0relief.<\/li>\n<li>High molecular weight hyaluronic acid \u2014\u00a0is a polysaccharide and only penetrates into the skin\u00a0partially. This is a substance that forms a film on the surface of the skin, so\u00a0most moisturizing the corresponding layer of the stratum corneum of the epidermis and\u00a0reducing skin irritation and aggressive environmental influences.<\/li>\n<\/ul>","protected":false},"excerpt":{"rendered":"<div class=\"woocommerce-product-details__short-description\">\n<div class=\"woocommerce-product-details__short-description\">\n<div class=\"woocommerce-product-details__short-description\">\n<div class=\"woocommerce-product-details__short-description\">\n<div class=\"woocommerce-product-details__short-description\">\n<div class=\"woocommerce-product-details__short-description\">\n<div class=\"woocommerce-product-details__short-description\">\n<div class=\"woocommerce-product-details__short-description\">\n<div class=\"woocommerce-product-details__short-description\">\n<div class=\"woocommerce-product-details__short-description\">\n<div class=\"woocommerce-product-details__short-description\">\n<div class=\"woocommerce-product-details__short-description\">\n<div class=\"woocommerce-product-details__short-description\">\n<div class=\"woocommerce-product-details__short-description\">\n<div class=\"woocommerce-product-details__short-description\">\n<div class=\"woocommerce-product-details__short-description\">\n<div class=\"woocommerce-product-details__short-description\">\n<div class=\"woocommerce-product-details__short-description\">\n<div class=\"woocommerce-product-details__short-description\">\n<div class=\"woocommerce-product-details__short-description\">\n<div class=\"woocommerce-product-details__short-description\">\n<div class=\"woocommerce-product-details__short-description\">\n<div class=\"woocommerce-product-details__short-description\">\n<div class=\"woocommerce-product-details__short-description\">\n<div class=\"woocommerce-product-details__short-description\">\n<div class=\"woocommerce-product-details__short-description\">\n<div class=\"woocommerce-product-details__short-description\">\n<div class=\"woocommerce-product-details__short-description\">\n<div class=\"woocommerce-product-details__short-description\">\n<div class=\"woocommerce-product-details__short-description\">\n<div class=\"woocommerce-product-details__short-description\">\n<div class=\"woocommerce-product-details__short-description\">\n<div class=\"woocommerce-product-details__short-description\">\n<div class=\"woocommerce-product-details__short-description\">\n<div class=\"woocommerce-product-details__short-description\">\n<div class=\"woocommerce-product-details__short-description\">\n<div class=\"woocommerce-product-details__short-description\">\n<div class=\"woocommerce-product-details__short-description\">\n<div class=\"woocommerce-product-details__short-description\">\n<div class=\"woocommerce-product-details__short-description\">\n<div class=\"woocommerce-product-details__short-description\">\n<div class=\"woocommerce-product-details__short-description\">\n<div class=\"woocommerce-product-details__short-description\">\n<div class=\"woocommerce-product-details__short-description\">\n<div class=\"woocommerce-product-details__short-description\">\n<div class=\"woocommerce-product-details__short-description\">\n<p>Viva Active Shampoo with Dead Sea Salt naturally fights against\u00a0dandruff. Combination of Dead Sea salt with willow bark extract and\u00a0high molecular weight hyaluronic acid soothes the scalp,\u00a0restoring the natural balance between hair and skin. Exfoliates dry and damaged skin cells, leaving it supple and\u00a0giving a radiant look. Allantoin has anti-inflammatory\u00a0action, and also helps prevent skin irritation and\u00a0supports the natural regeneration of the skin.<\/p>\n<p>Vyrobeno ve \u0160v\u00fdcarsku.<\/p>\n<p>&nbsp;<\/p>\n<\/div>\n<div class=\"vivasan-product-icons\"><img loading=\"lazy\" decoding=\"async\" class=\"product_icon\" title=\"Made in Switzerland\" src=\"https:\/\/vivasan.club\/assets\/images\/product-icons\/swiss.svg?v=2\" alt=\"Made in Switzerland\" width=\"40\" height=\"40\" \/><img loading=\"lazy\" decoding=\"async\" class=\"product_icon\" title=\"GMP Certified\" src=\"https:\/\/vivasan.club\/assets\/images\/product-icons\/gmp.svg?v=2\" alt=\"GMP Certified\" width=\"40\" height=\"40\" \/><img loading=\"lazy\" decoding=\"async\" class=\"product_icon\" title=\"Cruelty-free\" src=\"https:\/\/vivasan.club\/assets\/images\/product-icons\/crueltyfree.svg?v=2\" alt=\"Cruelty-free\" width=\"40\" height=\"40\" \/><\/div>\n<\/div>\n<\/div>\n<\/div>\n<\/div>\n<\/div>\n<\/div>\n<\/div>\n<\/div>\n<\/div>\n<\/div>\n<\/div>\n<\/div>\n<\/div>\n<\/div>\n<\/div>\n<\/div>\n<\/div>\n<\/div>\n<\/div>\n<\/div>\n<\/div>\n<\/div>\n<\/div>\n<\/div>\n<\/div>\n<\/div>\n<\/div>\n<\/div>\n<\/div>\n<\/div>\n<\/div>\n<\/div>\n<\/div>\n<\/div>\n<\/div>\n<\/div>\n<\/div>\n<\/div>\n<\/div>\n<\/div>\n<\/div>\n<\/div>\n<\/div>\n<\/div>\n<\/div>","protected":false},"featured_media":1851,"comment_status":"open","ping_status":"closed","template":"","meta":{"_acf_changed":false},"product_brand":[85],"product_cat":[62,67],"product_tag":[],"class_list":{"0":"post-1850","1":"product","2":"type-product","3":"status-publish","4":"has-post-thumbnail","6":"product_brand-vivasan","7":"product_cat-beauty","8":"product_cat-hair-care","10":"first","11":"instock","12":"shipping-taxable","13":"purchasable","14":"product-type-simple"},"acf":[],"yoast_head":"<!-- This site is optimized with the Yoast SEO plugin v27.3 - https:\/\/yoast.com\/product\/yoast-seo-wordpress\/ -->\n<title>Shampoo Viva Active with Salt of Dead sea, 200 ml - vivasan-shop.com<\/title>\n<meta name=\"robots\" content=\"index, follow, max-snippet:-1, max-image-preview:large, max-video-preview:-1\" \/>\n<link rel=\"canonical\" href=\"https:\/\/vivasan-shop.com\/cs\/shop\/beauty\/hair-care\/shampoo-viva-active-with-salt-of-dead-sea-200-ml\/\" \/>\n<meta property=\"og:locale\" content=\"cs_CZ\" \/>\n<meta property=\"og:type\" content=\"article\" \/>\n<meta property=\"og:title\" content=\"Shampoo Viva Active with Salt of Dead sea, 200 ml - vivasan-shop.com\" \/>\n<meta property=\"og:description\" content=\"Viva Active Shampoo with Dead Sea Salt naturally fights against\u00a0dandruff. Combination of Dead Sea salt with willow bark extract and\u00a0high molecular weight hyaluronic acid soothes the scalp,\u00a0restoring the natural balance between hair and skin. Exfoliates dry and damaged skin cells, leaving it supple and\u00a0giving a radiant look. Allantoin has anti-inflammatory\u00a0action, and also helps prevent skin irritation and\u00a0supports the natural regeneration of the skin.  Made in Switzerland.  &nbsp;\" \/>\n<meta property=\"og:url\" content=\"https:\/\/vivasan-shop.com\/cs\/shop\/beauty\/hair-care\/shampoo-viva-active-with-salt-of-dead-sea-200-ml\/\" \/>\n<meta property=\"og:site_name\" content=\"vivasan-shop.com\" \/>\n<meta property=\"article:modified_time\" content=\"2025-08-11T16:02:56+00:00\" \/>\n<meta property=\"og:image\" content=\"https:\/\/vivasan-shop.com\/wp-content\/uploads\/2025\/09\/photo_2025-09-04_15-07-27-removebg-preview.png\" \/>\n\t<meta property=\"og:image:width\" content=\"715\" \/>\n\t<meta property=\"og:image:height\" content=\"349\" \/>\n\t<meta property=\"og:image:type\" content=\"image\/png\" \/>\n<meta name=\"twitter:card\" content=\"summary_large_image\" \/>\n<meta name=\"twitter:label1\" content=\"Odhadovan\u00e1 doba \u010dten\u00ed\" \/>\n\t<meta name=\"twitter:data1\" content=\"1 minuta\" \/>\n<script type=\"application\/ld+json\" class=\"yoast-schema-graph\">{\"@context\":\"https:\\\/\\\/schema.org\",\"@graph\":[{\"@type\":[\"WebPage\",\"ItemPage\"],\"@id\":\"https:\\\/\\\/vivasan-shop.com\\\/shop\\\/beauty\\\/hair-care\\\/shampoo-viva-active-with-salt-of-dead-sea-200-ml\\\/\",\"url\":\"https:\\\/\\\/vivasan-shop.com\\\/shop\\\/beauty\\\/hair-care\\\/shampoo-viva-active-with-salt-of-dead-sea-200-ml\\\/\",\"name\":\"Shampoo Viva Active with Salt of Dead sea, 200 ml - vivasan-shop.com\",\"isPartOf\":{\"@id\":\"https:\\\/\\\/vivasan-shop.com\\\/#website\"},\"primaryImageOfPage\":{\"@id\":\"https:\\\/\\\/vivasan-shop.com\\\/shop\\\/beauty\\\/hair-care\\\/shampoo-viva-active-with-salt-of-dead-sea-200-ml\\\/#primaryimage\"},\"image\":{\"@id\":\"https:\\\/\\\/vivasan-shop.com\\\/shop\\\/beauty\\\/hair-care\\\/shampoo-viva-active-with-salt-of-dead-sea-200-ml\\\/#primaryimage\"},\"thumbnailUrl\":\"https:\\\/\\\/vivasan-shop.com\\\/wp-content\\\/uploads\\\/2025\\\/06\\\/vivasan.club-20210722-2212-51268913.avif\",\"datePublished\":\"2025-06-20T19:00:00+00:00\",\"dateModified\":\"2025-08-11T16:02:56+00:00\",\"breadcrumb\":{\"@id\":\"https:\\\/\\\/vivasan-shop.com\\\/shop\\\/beauty\\\/hair-care\\\/shampoo-viva-active-with-salt-of-dead-sea-200-ml\\\/#breadcrumb\"},\"inLanguage\":\"cs\",\"potentialAction\":[{\"@type\":\"ReadAction\",\"target\":[\"https:\\\/\\\/vivasan-shop.com\\\/shop\\\/beauty\\\/hair-care\\\/shampoo-viva-active-with-salt-of-dead-sea-200-ml\\\/\"]}]},{\"@type\":\"ImageObject\",\"inLanguage\":\"cs\",\"@id\":\"https:\\\/\\\/vivasan-shop.com\\\/shop\\\/beauty\\\/hair-care\\\/shampoo-viva-active-with-salt-of-dead-sea-200-ml\\\/#primaryimage\",\"url\":\"https:\\\/\\\/vivasan-shop.com\\\/wp-content\\\/uploads\\\/2025\\\/06\\\/vivasan.club-20210722-2212-51268913.avif\",\"contentUrl\":\"https:\\\/\\\/vivasan-shop.com\\\/wp-content\\\/uploads\\\/2025\\\/06\\\/vivasan.club-20210722-2212-51268913.avif\",\"width\":768,\"height\":768},{\"@type\":\"BreadcrumbList\",\"@id\":\"https:\\\/\\\/vivasan-shop.com\\\/shop\\\/beauty\\\/hair-care\\\/shampoo-viva-active-with-salt-of-dead-sea-200-ml\\\/#breadcrumb\",\"itemListElement\":[{\"@type\":\"ListItem\",\"position\":1,\"name\":\"Home\",\"item\":\"https:\\\/\\\/vivasan-shop.com\\\/\"},{\"@type\":\"ListItem\",\"position\":2,\"name\":\"Shop\",\"item\":\"https:\\\/\\\/vivasan-shop.com\\\/shop\\\/\"},{\"@type\":\"ListItem\",\"position\":3,\"name\":\"Shampoo Viva Active with Salt of Dead sea, 200 ml\"}]},{\"@type\":\"WebSite\",\"@id\":\"https:\\\/\\\/vivasan-shop.com\\\/#website\",\"url\":\"https:\\\/\\\/vivasan-shop.com\\\/\",\"name\":\"Vivasan\",\"description\":\"\",\"publisher\":{\"@id\":\"https:\\\/\\\/vivasan-shop.com\\\/#organization\"},\"potentialAction\":[{\"@type\":\"SearchAction\",\"target\":{\"@type\":\"EntryPoint\",\"urlTemplate\":\"https:\\\/\\\/vivasan-shop.com\\\/?s={search_term_string}\"},\"query-input\":{\"@type\":\"PropertyValueSpecification\",\"valueRequired\":true,\"valueName\":\"search_term_string\"}}],\"inLanguage\":\"cs\"},{\"@type\":\"Organization\",\"@id\":\"https:\\\/\\\/vivasan-shop.com\\\/#organization\",\"name\":\"Vivasan\",\"url\":\"https:\\\/\\\/vivasan-shop.com\\\/\",\"logo\":{\"@type\":\"ImageObject\",\"inLanguage\":\"cs\",\"@id\":\"https:\\\/\\\/vivasan-shop.com\\\/#\\\/schema\\\/logo\\\/image\\\/\",\"url\":\"https:\\\/\\\/vivasan-shop.com\\\/wp-content\\\/uploads\\\/2025\\\/07\\\/photo_2025-07-05_23-33-41.jpg\",\"contentUrl\":\"https:\\\/\\\/vivasan-shop.com\\\/wp-content\\\/uploads\\\/2025\\\/07\\\/photo_2025-07-05_23-33-41.jpg\",\"width\":1080,\"height\":608,\"caption\":\"Vivasan\"},\"image\":{\"@id\":\"https:\\\/\\\/vivasan-shop.com\\\/#\\\/schema\\\/logo\\\/image\\\/\"}}]}<\/script>\n<!-- \/ Yoast SEO plugin. -->","yoast_head_json":{"title":"Shampoo Viva Active with Salt of Dead sea, 200 ml - vivasan-shop.com","robots":{"index":"index","follow":"follow","max-snippet":"max-snippet:-1","max-image-preview":"max-image-preview:large","max-video-preview":"max-video-preview:-1"},"canonical":"https:\/\/vivasan-shop.com\/cs\/shop\/beauty\/hair-care\/shampoo-viva-active-with-salt-of-dead-sea-200-ml\/","og_locale":"cs_CZ","og_type":"article","og_title":"Shampoo Viva Active with Salt of Dead sea, 200 ml - vivasan-shop.com","og_description":"Viva Active Shampoo with Dead Sea Salt naturally fights against\u00a0dandruff. Combination of Dead Sea salt with willow bark extract and\u00a0high molecular weight hyaluronic acid soothes the scalp,\u00a0restoring the natural balance between hair and skin. Exfoliates dry and damaged skin cells, leaving it supple and\u00a0giving a radiant look. Allantoin has anti-inflammatory\u00a0action, and also helps prevent skin irritation and\u00a0supports the natural regeneration of the skin.  Made in Switzerland.  &nbsp;","og_url":"https:\/\/vivasan-shop.com\/cs\/shop\/beauty\/hair-care\/shampoo-viva-active-with-salt-of-dead-sea-200-ml\/","og_site_name":"vivasan-shop.com","article_modified_time":"2025-08-11T16:02:56+00:00","og_image":[{"width":715,"height":349,"url":"https:\/\/vivasan-shop.com\/wp-content\/uploads\/2025\/09\/photo_2025-09-04_15-07-27-removebg-preview.png","type":"image\/png"}],"twitter_card":"summary_large_image","twitter_misc":{"Odhadovan\u00e1 doba \u010dten\u00ed":"1 minuta"},"schema":{"@context":"https:\/\/schema.org","@graph":[{"@type":["WebPage","ItemPage"],"@id":"https:\/\/vivasan-shop.com\/shop\/beauty\/hair-care\/shampoo-viva-active-with-salt-of-dead-sea-200-ml\/","url":"https:\/\/vivasan-shop.com\/shop\/beauty\/hair-care\/shampoo-viva-active-with-salt-of-dead-sea-200-ml\/","name":"Shampoo Viva Active with Salt of Dead sea, 200 ml - vivasan-shop.com","isPartOf":{"@id":"https:\/\/vivasan-shop.com\/#website"},"primaryImageOfPage":{"@id":"https:\/\/vivasan-shop.com\/shop\/beauty\/hair-care\/shampoo-viva-active-with-salt-of-dead-sea-200-ml\/#primaryimage"},"image":{"@id":"https:\/\/vivasan-shop.com\/shop\/beauty\/hair-care\/shampoo-viva-active-with-salt-of-dead-sea-200-ml\/#primaryimage"},"thumbnailUrl":"https:\/\/vivasan-shop.com\/wp-content\/uploads\/2025\/06\/vivasan.club-20210722-2212-51268913.avif","datePublished":"2025-06-20T19:00:00+00:00","dateModified":"2025-08-11T16:02:56+00:00","breadcrumb":{"@id":"https:\/\/vivasan-shop.com\/shop\/beauty\/hair-care\/shampoo-viva-active-with-salt-of-dead-sea-200-ml\/#breadcrumb"},"inLanguage":"cs","potentialAction":[{"@type":"ReadAction","target":["https:\/\/vivasan-shop.com\/shop\/beauty\/hair-care\/shampoo-viva-active-with-salt-of-dead-sea-200-ml\/"]}]},{"@type":"ImageObject","inLanguage":"cs","@id":"https:\/\/vivasan-shop.com\/shop\/beauty\/hair-care\/shampoo-viva-active-with-salt-of-dead-sea-200-ml\/#primaryimage","url":"https:\/\/vivasan-shop.com\/wp-content\/uploads\/2025\/06\/vivasan.club-20210722-2212-51268913.avif","contentUrl":"https:\/\/vivasan-shop.com\/wp-content\/uploads\/2025\/06\/vivasan.club-20210722-2212-51268913.avif","width":768,"height":768},{"@type":"BreadcrumbList","@id":"https:\/\/vivasan-shop.com\/shop\/beauty\/hair-care\/shampoo-viva-active-with-salt-of-dead-sea-200-ml\/#breadcrumb","itemListElement":[{"@type":"ListItem","position":1,"name":"Home","item":"https:\/\/vivasan-shop.com\/"},{"@type":"ListItem","position":2,"name":"Shop","item":"https:\/\/vivasan-shop.com\/shop\/"},{"@type":"ListItem","position":3,"name":"Shampoo Viva Active with Salt of Dead sea, 200 ml"}]},{"@type":"WebSite","@id":"https:\/\/vivasan-shop.com\/#website","url":"https:\/\/vivasan-shop.com\/","name":"Vivasan","description":"","publisher":{"@id":"https:\/\/vivasan-shop.com\/#organization"},"potentialAction":[{"@type":"SearchAction","target":{"@type":"EntryPoint","urlTemplate":"https:\/\/vivasan-shop.com\/?s={search_term_string}"},"query-input":{"@type":"PropertyValueSpecification","valueRequired":true,"valueName":"search_term_string"}}],"inLanguage":"cs"},{"@type":"Organization","@id":"https:\/\/vivasan-shop.com\/#organization","name":"Vivasan","url":"https:\/\/vivasan-shop.com\/","logo":{"@type":"ImageObject","inLanguage":"cs","@id":"https:\/\/vivasan-shop.com\/#\/schema\/logo\/image\/","url":"https:\/\/vivasan-shop.com\/wp-content\/uploads\/2025\/07\/photo_2025-07-05_23-33-41.jpg","contentUrl":"https:\/\/vivasan-shop.com\/wp-content\/uploads\/2025\/07\/photo_2025-07-05_23-33-41.jpg","width":1080,"height":608,"caption":"Vivasan"},"image":{"@id":"https:\/\/vivasan-shop.com\/#\/schema\/logo\/image\/"}}]}},"_links":{"self":[{"href":"https:\/\/vivasan-shop.com\/cs\/wp-json\/wp\/v2\/product\/1850","targetHints":{"allow":["GET"]}}],"collection":[{"href":"https:\/\/vivasan-shop.com\/cs\/wp-json\/wp\/v2\/product"}],"about":[{"href":"https:\/\/vivasan-shop.com\/cs\/wp-json\/wp\/v2\/types\/product"}],"replies":[{"embeddable":true,"href":"https:\/\/vivasan-shop.com\/cs\/wp-json\/wp\/v2\/comments?post=1850"}],"version-history":[{"count":1,"href":"https:\/\/vivasan-shop.com\/cs\/wp-json\/wp\/v2\/product\/1850\/revisions"}],"predecessor-version":[{"id":1852,"href":"https:\/\/vivasan-shop.com\/cs\/wp-json\/wp\/v2\/product\/1850\/revisions\/1852"}],"wp:featuredmedia":[{"embeddable":true,"href":"https:\/\/vivasan-shop.com\/cs\/wp-json\/wp\/v2\/media\/1851"}],"wp:attachment":[{"href":"https:\/\/vivasan-shop.com\/cs\/wp-json\/wp\/v2\/media?parent=1850"}],"wp:term":[{"taxonomy":"product_brand","embeddable":true,"href":"https:\/\/vivasan-shop.com\/cs\/wp-json\/wp\/v2\/product_brand?post=1850"},{"taxonomy":"product_cat","embeddable":true,"href":"https:\/\/vivasan-shop.com\/cs\/wp-json\/wp\/v2\/product_cat?post=1850"},{"taxonomy":"product_tag","embeddable":true,"href":"https:\/\/vivasan-shop.com\/cs\/wp-json\/wp\/v2\/product_tag?post=1850"}],"curies":[{"name":"wp","href":"https:\/\/api.w.org\/{rel}","templated":true}]}}