{"id":1865,"date":"2025-06-20T19:06:00","date_gmt":"2025-06-20T19:06:00","guid":{"rendered":"https:\/\/vivasan-shop.com\/?post_type=product&#038;p=1865"},"modified":"2025-08-11T16:02:56","modified_gmt":"2025-08-11T16:02:56","slug":"tea-tree-tonic-with-manuka-and-rosalina-200-ml","status":"publish","type":"product","link":"https:\/\/vivasan-shop.com\/cs\/shop\/health\/treatment-cosmetics\/tea-tree-tonic-with-manuka-and-rosalina-200-ml\/","title":{"rendered":"Tonikum s \u010dajovn\u00edkem s manukou a rozal\u00ednou, 200 ml"},"content":{"rendered":"<p>Antibacterial tonic with essential oils of Tea tree, Manuka, Rosaline and Lavender to trefor oily, combination and problem skin. Provides deep cleansing, skin treatment and protection. Normalises adipose gland secretion, cleans and contracts pores. Helps to remove juvenile pimples, acne, inflammation and irritation, heals skin microinjuries. Refreshes, regenerates and tones skin, especially after shaving. Perfect for daily use.<\/p>\n<ul>\n<li>Dermatologically tested<\/li>\n<li>Bez paraben\u016f<\/li>\n<li>200 ml<\/li>\n<\/ul>\n<p>Soothing tonic with Tea tree, Manuka, Rosalina and Lavender for the care of blemished skin. Targeted, pore-deep cleansing for skin with a tendency to blemish and prone to skin wrinkles. The germ-inhibiting and astringent properties of Tea tree, Manuka and Rosalina oil care for a soothe and irritated skin. Helps support natural cell regeneration. Dermatologically tested. Application: Using a cotton pad, apply morning and evening to the face (avoid the eye area), neck and d\u00e9collet\u00e9. After tonic you can use\u00a0<a href=\"https:\/\/vivasan.club\/en\/p\/tea-tree-cream\/\">Tea tree<\/a>\u00a0cream.<\/p>\n<p><strong>APPLICATION:<\/strong>\u00a0Using a cotton pad or only hand, apply morning and evening to the face (avoiding the eye area), neck and d\u00e9collet\u00e9. For external application only.<\/p>\n<p><strong>INGREDIENTS:<\/strong>\u00a0Aqua (Water), Alcohol Denat, Glycerin, Propylene Glycol, Sorbitol, Pehtylehe Glycol, Peg 40 Hydrogenated Castor Oil, Tridecetheg, Melaleuca Alternlfolia (Tea Tree) Leal Oil, Lavandula Angustilolia (Lavender) Oil, Leptospermum Scoparlum Branch\/Leal Oil, Melaleuca Ericifolia Leaf Oll, Hamamelis Vlrginlana (Witch Hazel) Leaf Extract, Geranlol, Cinnamal, Linalool, Limonene, Citric Acid.<\/p>","protected":false},"excerpt":{"rendered":"<div class=\"woocommerce-product-details__short-description\">\n<div class=\"woocommerce-product-details__short-description\">\n<div class=\"woocommerce-product-details__short-description\">\n<div class=\"woocommerce-product-details__short-description\">\n<div class=\"woocommerce-product-details__short-description\">\n<div class=\"woocommerce-product-details__short-description\">\n<div class=\"woocommerce-product-details__short-description\">\n<div class=\"woocommerce-product-details__short-description\">\n<div class=\"woocommerce-product-details__short-description\">\n<div class=\"woocommerce-product-details__short-description\">\n<div class=\"woocommerce-product-details__short-description\">\n<div class=\"woocommerce-product-details__short-description\">\n<div class=\"woocommerce-product-details__short-description\">\n<div class=\"woocommerce-product-details__short-description\">\n<div class=\"woocommerce-product-details__short-description\">\n<div class=\"woocommerce-product-details__short-description\">\n<div class=\"woocommerce-product-details__short-description\">\n<div class=\"woocommerce-product-details__short-description\">\n<div class=\"woocommerce-product-details__short-description\">\n<div class=\"woocommerce-product-details__short-description\">\n<div class=\"woocommerce-product-details__short-description\">\n<div class=\"woocommerce-product-details__short-description\">\n<div class=\"woocommerce-product-details__short-description\">\n<div class=\"woocommerce-product-details__short-description\">\n<div class=\"woocommerce-product-details__short-description\">\n<div class=\"woocommerce-product-details__short-description\">\n<div class=\"woocommerce-product-details__short-description\">\n<div class=\"woocommerce-product-details__short-description\">\n<div class=\"woocommerce-product-details__short-description\">\n<div class=\"woocommerce-product-details__short-description\">\n<div class=\"woocommerce-product-details__short-description\">\n<div class=\"woocommerce-product-details__short-description\">\n<div class=\"woocommerce-product-details__short-description\">\n<div class=\"woocommerce-product-details__short-description\">\n<div class=\"woocommerce-product-details__short-description\">\n<div class=\"woocommerce-product-details__short-description\">\n<div class=\"woocommerce-product-details__short-description\">\n<div class=\"woocommerce-product-details__short-description\">\n<div class=\"woocommerce-product-details__short-description\">\n<div class=\"woocommerce-product-details__short-description\">\n<div class=\"woocommerce-product-details__short-description\">\n<div class=\"woocommerce-product-details__short-description\">\n<div class=\"woocommerce-product-details__short-description\">\n<div class=\"woocommerce-product-details__short-description\">\n<div class=\"woocommerce-product-details__short-description\">\n<div class=\"woocommerce-product-details__short-description\">\n<p>A natural step ahead. Soothing tonic with Tea tree, Manuka, Rosalina and Lavender for the care of blemished skin. Targeted, pore-deep cleansing for skin with a tendency to blemish and prone to skin wrinkles. The germ-inhibiting and astringent properties of tea tree, manuka and rosalina oil care for a soothe and irritated skin. Helps support natural cell regeneration. Dermatologically tested. Application: Using a cotton pad, apply morning and evening to the face (avoid the eye area), neck and d\u00e9collet\u00e9.<\/p>\n<p>Vyrobeno ve \u0160v\u00fdcarsku.<\/p>\n<p>&nbsp;<\/p>\n<\/div>\n<div class=\"vivasan-product-icons\"><img loading=\"lazy\" decoding=\"async\" class=\"product_icon\" title=\"Made in Switzerland\" src=\"https:\/\/vivasan.club\/assets\/images\/product-icons\/swiss.svg?v=2\" alt=\"Made in Switzerland\" width=\"40\" height=\"40\" \/><img loading=\"lazy\" decoding=\"async\" class=\"product_icon\" title=\"GMP Certified\" src=\"https:\/\/vivasan.club\/assets\/images\/product-icons\/gmp.svg?v=2\" alt=\"GMP Certified\" width=\"40\" height=\"40\" \/><img loading=\"lazy\" decoding=\"async\" class=\"product_icon\" title=\"Cruelty-free\" src=\"https:\/\/vivasan.club\/assets\/images\/product-icons\/crueltyfree.svg?v=2\" alt=\"Cruelty-free\" width=\"40\" height=\"40\" \/><\/div>\n<\/div>\n<\/div>\n<\/div>\n<\/div>\n<\/div>\n<\/div>\n<\/div>\n<\/div>\n<\/div>\n<\/div>\n<\/div>\n<\/div>\n<\/div>\n<\/div>\n<\/div>\n<\/div>\n<\/div>\n<\/div>\n<\/div>\n<\/div>\n<\/div>\n<\/div>\n<\/div>\n<\/div>\n<\/div>\n<\/div>\n<\/div>\n<\/div>\n<\/div>\n<\/div>\n<\/div>\n<\/div>\n<\/div>\n<\/div>\n<\/div>\n<\/div>\n<\/div>\n<\/div>\n<\/div>\n<\/div>\n<\/div>\n<\/div>\n<\/div>\n<\/div>\n<\/div>","protected":false},"featured_media":1866,"comment_status":"open","ping_status":"closed","template":"","meta":{"_acf_changed":false},"product_brand":[85],"product_cat":[62,65,68,71],"product_tag":[],"class_list":{"0":"post-1865","1":"product","2":"type-product","3":"status-publish","4":"has-post-thumbnail","6":"product_brand-vivasan","7":"product_cat-beauty","8":"product_cat-face-care","9":"product_cat-health","10":"product_cat-treatment-cosmetics","12":"first","13":"instock","14":"shipping-taxable","15":"purchasable","16":"product-type-simple"},"acf":[],"yoast_head":"<!-- This site is optimized with the Yoast SEO plugin v27.3 - https:\/\/yoast.com\/product\/yoast-seo-wordpress\/ -->\n<title>Tea tree tonic with Manuka and Rosalina, 200 ml - vivasan-shop.com<\/title>\n<meta name=\"robots\" content=\"index, follow, max-snippet:-1, max-image-preview:large, max-video-preview:-1\" \/>\n<link rel=\"canonical\" href=\"https:\/\/vivasan-shop.com\/cs\/shop\/health\/treatment-cosmetics\/tea-tree-tonic-with-manuka-and-rosalina-200-ml\/\" \/>\n<meta property=\"og:locale\" content=\"cs_CZ\" \/>\n<meta property=\"og:type\" content=\"article\" \/>\n<meta property=\"og:title\" content=\"Tea tree tonic with Manuka and Rosalina, 200 ml - vivasan-shop.com\" \/>\n<meta property=\"og:description\" content=\"A natural step ahead. Soothing tonic with Tea tree, Manuka, Rosalina and Lavender for the care of blemished skin. Targeted, pore-deep cleansing for skin with a tendency to blemish and prone to skin wrinkles. The germ-inhibiting and astringent properties of tea tree, manuka and rosalina oil care for a soothe and irritated skin. Helps support natural cell regeneration. Dermatologically tested. Application: Using a cotton pad, apply morning and evening to the face (avoid the eye area), neck and d\u00e9collet\u00e9.  Made in Switzerland.  &nbsp;\" \/>\n<meta property=\"og:url\" content=\"https:\/\/vivasan-shop.com\/cs\/shop\/health\/treatment-cosmetics\/tea-tree-tonic-with-manuka-and-rosalina-200-ml\/\" \/>\n<meta property=\"og:site_name\" content=\"vivasan-shop.com\" \/>\n<meta property=\"article:modified_time\" content=\"2025-08-11T16:02:56+00:00\" \/>\n<meta property=\"og:image\" content=\"https:\/\/vivasan-shop.com\/wp-content\/uploads\/2025\/09\/photo_2025-09-04_15-07-27-removebg-preview.png\" \/>\n\t<meta property=\"og:image:width\" content=\"715\" \/>\n\t<meta property=\"og:image:height\" content=\"349\" \/>\n\t<meta property=\"og:image:type\" content=\"image\/png\" \/>\n<meta name=\"twitter:card\" content=\"summary_large_image\" \/>\n<meta name=\"twitter:label1\" content=\"Odhadovan\u00e1 doba \u010dten\u00ed\" \/>\n\t<meta name=\"twitter:data1\" content=\"1 minuta\" \/>\n<script type=\"application\/ld+json\" class=\"yoast-schema-graph\">{\"@context\":\"https:\\\/\\\/schema.org\",\"@graph\":[{\"@type\":[\"WebPage\",\"ItemPage\"],\"@id\":\"https:\\\/\\\/vivasan-shop.com\\\/shop\\\/health\\\/treatment-cosmetics\\\/tea-tree-tonic-with-manuka-and-rosalina-200-ml\\\/\",\"url\":\"https:\\\/\\\/vivasan-shop.com\\\/shop\\\/health\\\/treatment-cosmetics\\\/tea-tree-tonic-with-manuka-and-rosalina-200-ml\\\/\",\"name\":\"Tea tree tonic with Manuka and Rosalina, 200 ml - vivasan-shop.com\",\"isPartOf\":{\"@id\":\"https:\\\/\\\/vivasan-shop.com\\\/#website\"},\"primaryImageOfPage\":{\"@id\":\"https:\\\/\\\/vivasan-shop.com\\\/shop\\\/health\\\/treatment-cosmetics\\\/tea-tree-tonic-with-manuka-and-rosalina-200-ml\\\/#primaryimage\"},\"image\":{\"@id\":\"https:\\\/\\\/vivasan-shop.com\\\/shop\\\/health\\\/treatment-cosmetics\\\/tea-tree-tonic-with-manuka-and-rosalina-200-ml\\\/#primaryimage\"},\"thumbnailUrl\":\"https:\\\/\\\/vivasan-shop.com\\\/wp-content\\\/uploads\\\/2025\\\/06\\\/vivasan.club-20191213-1347-57297491.avif\",\"datePublished\":\"2025-06-20T19:06:00+00:00\",\"dateModified\":\"2025-08-11T16:02:56+00:00\",\"breadcrumb\":{\"@id\":\"https:\\\/\\\/vivasan-shop.com\\\/shop\\\/health\\\/treatment-cosmetics\\\/tea-tree-tonic-with-manuka-and-rosalina-200-ml\\\/#breadcrumb\"},\"inLanguage\":\"cs\",\"potentialAction\":[{\"@type\":\"ReadAction\",\"target\":[\"https:\\\/\\\/vivasan-shop.com\\\/shop\\\/health\\\/treatment-cosmetics\\\/tea-tree-tonic-with-manuka-and-rosalina-200-ml\\\/\"]}]},{\"@type\":\"ImageObject\",\"inLanguage\":\"cs\",\"@id\":\"https:\\\/\\\/vivasan-shop.com\\\/shop\\\/health\\\/treatment-cosmetics\\\/tea-tree-tonic-with-manuka-and-rosalina-200-ml\\\/#primaryimage\",\"url\":\"https:\\\/\\\/vivasan-shop.com\\\/wp-content\\\/uploads\\\/2025\\\/06\\\/vivasan.club-20191213-1347-57297491.avif\",\"contentUrl\":\"https:\\\/\\\/vivasan-shop.com\\\/wp-content\\\/uploads\\\/2025\\\/06\\\/vivasan.club-20191213-1347-57297491.avif\"},{\"@type\":\"BreadcrumbList\",\"@id\":\"https:\\\/\\\/vivasan-shop.com\\\/shop\\\/health\\\/treatment-cosmetics\\\/tea-tree-tonic-with-manuka-and-rosalina-200-ml\\\/#breadcrumb\",\"itemListElement\":[{\"@type\":\"ListItem\",\"position\":1,\"name\":\"Home\",\"item\":\"https:\\\/\\\/vivasan-shop.com\\\/\"},{\"@type\":\"ListItem\",\"position\":2,\"name\":\"Shop\",\"item\":\"https:\\\/\\\/vivasan-shop.com\\\/shop\\\/\"},{\"@type\":\"ListItem\",\"position\":3,\"name\":\"Tea tree tonic with Manuka and Rosalina, 200 ml\"}]},{\"@type\":\"WebSite\",\"@id\":\"https:\\\/\\\/vivasan-shop.com\\\/#website\",\"url\":\"https:\\\/\\\/vivasan-shop.com\\\/\",\"name\":\"Vivasan\",\"description\":\"\",\"publisher\":{\"@id\":\"https:\\\/\\\/vivasan-shop.com\\\/#organization\"},\"potentialAction\":[{\"@type\":\"SearchAction\",\"target\":{\"@type\":\"EntryPoint\",\"urlTemplate\":\"https:\\\/\\\/vivasan-shop.com\\\/?s={search_term_string}\"},\"query-input\":{\"@type\":\"PropertyValueSpecification\",\"valueRequired\":true,\"valueName\":\"search_term_string\"}}],\"inLanguage\":\"cs\"},{\"@type\":\"Organization\",\"@id\":\"https:\\\/\\\/vivasan-shop.com\\\/#organization\",\"name\":\"Vivasan\",\"url\":\"https:\\\/\\\/vivasan-shop.com\\\/\",\"logo\":{\"@type\":\"ImageObject\",\"inLanguage\":\"cs\",\"@id\":\"https:\\\/\\\/vivasan-shop.com\\\/#\\\/schema\\\/logo\\\/image\\\/\",\"url\":\"https:\\\/\\\/vivasan-shop.com\\\/wp-content\\\/uploads\\\/2025\\\/07\\\/photo_2025-07-05_23-33-41.jpg\",\"contentUrl\":\"https:\\\/\\\/vivasan-shop.com\\\/wp-content\\\/uploads\\\/2025\\\/07\\\/photo_2025-07-05_23-33-41.jpg\",\"width\":1080,\"height\":608,\"caption\":\"Vivasan\"},\"image\":{\"@id\":\"https:\\\/\\\/vivasan-shop.com\\\/#\\\/schema\\\/logo\\\/image\\\/\"}}]}<\/script>\n<!-- \/ Yoast SEO plugin. -->","yoast_head_json":{"title":"Tea tree tonic with Manuka and Rosalina, 200 ml - vivasan-shop.com","robots":{"index":"index","follow":"follow","max-snippet":"max-snippet:-1","max-image-preview":"max-image-preview:large","max-video-preview":"max-video-preview:-1"},"canonical":"https:\/\/vivasan-shop.com\/cs\/shop\/health\/treatment-cosmetics\/tea-tree-tonic-with-manuka-and-rosalina-200-ml\/","og_locale":"cs_CZ","og_type":"article","og_title":"Tea tree tonic with Manuka and Rosalina, 200 ml - vivasan-shop.com","og_description":"A natural step ahead. Soothing tonic with Tea tree, Manuka, Rosalina and Lavender for the care of blemished skin. Targeted, pore-deep cleansing for skin with a tendency to blemish and prone to skin wrinkles. The germ-inhibiting and astringent properties of tea tree, manuka and rosalina oil care for a soothe and irritated skin. Helps support natural cell regeneration. Dermatologically tested. Application: Using a cotton pad, apply morning and evening to the face (avoid the eye area), neck and d\u00e9collet\u00e9.  Made in Switzerland.  &nbsp;","og_url":"https:\/\/vivasan-shop.com\/cs\/shop\/health\/treatment-cosmetics\/tea-tree-tonic-with-manuka-and-rosalina-200-ml\/","og_site_name":"vivasan-shop.com","article_modified_time":"2025-08-11T16:02:56+00:00","og_image":[{"width":715,"height":349,"url":"https:\/\/vivasan-shop.com\/wp-content\/uploads\/2025\/09\/photo_2025-09-04_15-07-27-removebg-preview.png","type":"image\/png"}],"twitter_card":"summary_large_image","twitter_misc":{"Odhadovan\u00e1 doba \u010dten\u00ed":"1 minuta"},"schema":{"@context":"https:\/\/schema.org","@graph":[{"@type":["WebPage","ItemPage"],"@id":"https:\/\/vivasan-shop.com\/shop\/health\/treatment-cosmetics\/tea-tree-tonic-with-manuka-and-rosalina-200-ml\/","url":"https:\/\/vivasan-shop.com\/shop\/health\/treatment-cosmetics\/tea-tree-tonic-with-manuka-and-rosalina-200-ml\/","name":"Tea tree tonic with Manuka and Rosalina, 200 ml - vivasan-shop.com","isPartOf":{"@id":"https:\/\/vivasan-shop.com\/#website"},"primaryImageOfPage":{"@id":"https:\/\/vivasan-shop.com\/shop\/health\/treatment-cosmetics\/tea-tree-tonic-with-manuka-and-rosalina-200-ml\/#primaryimage"},"image":{"@id":"https:\/\/vivasan-shop.com\/shop\/health\/treatment-cosmetics\/tea-tree-tonic-with-manuka-and-rosalina-200-ml\/#primaryimage"},"thumbnailUrl":"https:\/\/vivasan-shop.com\/wp-content\/uploads\/2025\/06\/vivasan.club-20191213-1347-57297491.avif","datePublished":"2025-06-20T19:06:00+00:00","dateModified":"2025-08-11T16:02:56+00:00","breadcrumb":{"@id":"https:\/\/vivasan-shop.com\/shop\/health\/treatment-cosmetics\/tea-tree-tonic-with-manuka-and-rosalina-200-ml\/#breadcrumb"},"inLanguage":"cs","potentialAction":[{"@type":"ReadAction","target":["https:\/\/vivasan-shop.com\/shop\/health\/treatment-cosmetics\/tea-tree-tonic-with-manuka-and-rosalina-200-ml\/"]}]},{"@type":"ImageObject","inLanguage":"cs","@id":"https:\/\/vivasan-shop.com\/shop\/health\/treatment-cosmetics\/tea-tree-tonic-with-manuka-and-rosalina-200-ml\/#primaryimage","url":"https:\/\/vivasan-shop.com\/wp-content\/uploads\/2025\/06\/vivasan.club-20191213-1347-57297491.avif","contentUrl":"https:\/\/vivasan-shop.com\/wp-content\/uploads\/2025\/06\/vivasan.club-20191213-1347-57297491.avif"},{"@type":"BreadcrumbList","@id":"https:\/\/vivasan-shop.com\/shop\/health\/treatment-cosmetics\/tea-tree-tonic-with-manuka-and-rosalina-200-ml\/#breadcrumb","itemListElement":[{"@type":"ListItem","position":1,"name":"Home","item":"https:\/\/vivasan-shop.com\/"},{"@type":"ListItem","position":2,"name":"Shop","item":"https:\/\/vivasan-shop.com\/shop\/"},{"@type":"ListItem","position":3,"name":"Tea tree tonic with Manuka and Rosalina, 200 ml"}]},{"@type":"WebSite","@id":"https:\/\/vivasan-shop.com\/#website","url":"https:\/\/vivasan-shop.com\/","name":"Vivasan","description":"","publisher":{"@id":"https:\/\/vivasan-shop.com\/#organization"},"potentialAction":[{"@type":"SearchAction","target":{"@type":"EntryPoint","urlTemplate":"https:\/\/vivasan-shop.com\/?s={search_term_string}"},"query-input":{"@type":"PropertyValueSpecification","valueRequired":true,"valueName":"search_term_string"}}],"inLanguage":"cs"},{"@type":"Organization","@id":"https:\/\/vivasan-shop.com\/#organization","name":"Vivasan","url":"https:\/\/vivasan-shop.com\/","logo":{"@type":"ImageObject","inLanguage":"cs","@id":"https:\/\/vivasan-shop.com\/#\/schema\/logo\/image\/","url":"https:\/\/vivasan-shop.com\/wp-content\/uploads\/2025\/07\/photo_2025-07-05_23-33-41.jpg","contentUrl":"https:\/\/vivasan-shop.com\/wp-content\/uploads\/2025\/07\/photo_2025-07-05_23-33-41.jpg","width":1080,"height":608,"caption":"Vivasan"},"image":{"@id":"https:\/\/vivasan-shop.com\/#\/schema\/logo\/image\/"}}]}},"_links":{"self":[{"href":"https:\/\/vivasan-shop.com\/cs\/wp-json\/wp\/v2\/product\/1865","targetHints":{"allow":["GET"]}}],"collection":[{"href":"https:\/\/vivasan-shop.com\/cs\/wp-json\/wp\/v2\/product"}],"about":[{"href":"https:\/\/vivasan-shop.com\/cs\/wp-json\/wp\/v2\/types\/product"}],"replies":[{"embeddable":true,"href":"https:\/\/vivasan-shop.com\/cs\/wp-json\/wp\/v2\/comments?post=1865"}],"version-history":[{"count":1,"href":"https:\/\/vivasan-shop.com\/cs\/wp-json\/wp\/v2\/product\/1865\/revisions"}],"predecessor-version":[{"id":1867,"href":"https:\/\/vivasan-shop.com\/cs\/wp-json\/wp\/v2\/product\/1865\/revisions\/1867"}],"wp:featuredmedia":[{"embeddable":true,"href":"https:\/\/vivasan-shop.com\/cs\/wp-json\/wp\/v2\/media\/1866"}],"wp:attachment":[{"href":"https:\/\/vivasan-shop.com\/cs\/wp-json\/wp\/v2\/media?parent=1865"}],"wp:term":[{"taxonomy":"product_brand","embeddable":true,"href":"https:\/\/vivasan-shop.com\/cs\/wp-json\/wp\/v2\/product_brand?post=1865"},{"taxonomy":"product_cat","embeddable":true,"href":"https:\/\/vivasan-shop.com\/cs\/wp-json\/wp\/v2\/product_cat?post=1865"},{"taxonomy":"product_tag","embeddable":true,"href":"https:\/\/vivasan-shop.com\/cs\/wp-json\/wp\/v2\/product_tag?post=1865"}],"curies":[{"name":"wp","href":"https:\/\/api.w.org\/{rel}","templated":true}]}}