{"id":1883,"date":"2025-06-20T19:15:00","date_gmt":"2025-06-20T19:15:00","guid":{"rendered":"https:\/\/vivasan-shop.com\/?post_type=product&#038;p=1883"},"modified":"2025-08-11T16:02:33","modified_gmt":"2025-08-11T16:02:33","slug":"vivaderm-med-facial-cream-50-ml","status":"publish","type":"product","link":"https:\/\/vivasan-shop.com\/cs\/shop\/series\/vivaderm-med\/vivaderm-med-facial-cream-50-ml\/","title":{"rendered":"Vivaderm Med ple\u0165ov\u00fd kr\u00e9m, 50 ml"},"content":{"rendered":"<p>Vivaderm regenerating and anti-irritation cream is a deeply penetrating, soothing replenishing face cream. Intensively soothes and relieves feelings of tension. The rich formula binds moisture and promotes the skin barrier\u2019s resistance against stress and environmental influences. Hyaluronic acid maintains and restores the normal degree of hydration (moisture) of the skin, improves skin elasticity, accelerates the process of cell renewal. Calms the skin and contributes to well-being. Enriched with the Vivasan-exclusive anti-irritation complex, the skin care coach with a penetrating effect.<\/p>\n<ul>\n<li>Allergy-optimized fragrances<\/li>\n<li>Alcohol-free<\/li>\n<li>PEG-free<\/li>\n<li>Silicones-free<\/li>\n<li>Free of nano-materials<\/li>\n<li>Free of colorants<\/li>\n<li>Not tested on animals<\/li>\n<li>Especially suited for dry\/sensitive skin<\/li>\n<li>Contents: 50 ml<\/li>\n<\/ul>\n<p>Vivaderm Med dermato-logic by VIVASAN. Regeneration face cream with anti-irritation complex. This rich, deep-acting face cream regenerates soothes the skin and relieves immediately existing feelings of tension. The moisturizing formula a intensively nourishes the skin and promotes the resilience of the skin barrier against stress and envirt environmental influences. A special anti-irritation complex\u201a in conjunction with the exceptionally skin-friendIy basic formula helps the skin to relax, which is immediately noticeable an impressively visible after regular use. Without allergens, parabens and paraffins.<\/p>\n<p><strong>APPLICATION:<\/strong>\u00a0Apply daily in a morning and evening to the whole face after cleansing.<\/p>\n<p><strong>INGREDIENTS\/INCI\/CTFA*:<\/strong>\u00a0Aqua (Water), Cetearyl Alcohol, Glyceryl Stearate, Simmondsia Chinensis (Jojoba) Seed Oil, Squalane\u201a Propylene Glycol\u201a Butyrospermum Parkii (Shea) Butter, Potassium Palmitoyl Hydrolyzed Wheat Protein, Progylheptyl Caprylate, Glycerin, Diheptyl Succinate\u201a Glyceryl Caprylate\u201a Panthenol\u201a Xanthan Gum, Sodium Anisate, Sodium Levulinate, Tocopherol, Allantoin, Tetrasodium Glutamate Diacetate, Sodium Hyaluronate, Helianthus Annuus (Sun Flower) Seed Oil, Parfum (Fragrance), Capryloyl Glycerin\/Sebacic Acid Copolymer, Leontopodium Alpinum Extract, Citric Acid, Sodium Hydroxide, Caprylyl Glycol\u201a Acetyl Tetrapeptide-40.<\/p>\n<p>*<strong>INCI:<\/strong>\u00a0(INCI) is the International Nomenclature of Cosmetic Ingredients. Its main goal is to enable people with allergies, before making a purchase, to clarify the presence of harmful and unsafe components in cosmetics. The ingredients are listed in descending order of concentration in cosmetics. INCI is a useful tool that not only forces manufacturers to be transparent to the customer, but also allows customers to take responsibility for what they want to buy for themselves and are not dependent only on advertising, media and celebrity statements. It allows the customer to decide for himself what he wants to give his money for. It is definitely worthwhile to find your way around, both your skin and your wallet will thank you.<br \/>\n<strong>CTFA:\u00a0<\/strong>(Chemistry, Toiletry and Fragrance Association) \u2013 US label<\/p>","protected":false},"excerpt":{"rendered":"<div class=\"woocommerce-product-details__short-description\">\n<div class=\"woocommerce-product-details__short-description\">\n<div class=\"woocommerce-product-details__short-description\">\n<div class=\"woocommerce-product-details__short-description\">\n<div class=\"woocommerce-product-details__short-description\">\n<div class=\"woocommerce-product-details__short-description\">\n<div class=\"woocommerce-product-details__short-description\">\n<div class=\"woocommerce-product-details__short-description\">\n<div class=\"woocommerce-product-details__short-description\">\n<div class=\"woocommerce-product-details__short-description\">\n<div class=\"woocommerce-product-details__short-description\">\n<div class=\"woocommerce-product-details__short-description\">\n<div class=\"woocommerce-product-details__short-description\">\n<div class=\"woocommerce-product-details__short-description\">\n<div class=\"woocommerce-product-details__short-description\">\n<div class=\"woocommerce-product-details__short-description\">\n<div class=\"woocommerce-product-details__short-description\">\n<div class=\"woocommerce-product-details__short-description\">\n<div class=\"woocommerce-product-details__short-description\">\n<div class=\"woocommerce-product-details__short-description\">\n<div class=\"woocommerce-product-details__short-description\">\n<div class=\"woocommerce-product-details__short-description\">\n<div class=\"woocommerce-product-details__short-description\">\n<div class=\"woocommerce-product-details__short-description\">\n<div class=\"woocommerce-product-details__short-description\">\n<div class=\"woocommerce-product-details__short-description\">\n<div class=\"woocommerce-product-details__short-description\">\n<div class=\"woocommerce-product-details__short-description\">\n<div class=\"woocommerce-product-details__short-description\">\n<div class=\"woocommerce-product-details__short-description\">\n<div class=\"woocommerce-product-details__short-description\">\n<div class=\"woocommerce-product-details__short-description\">\n<div class=\"woocommerce-product-details__short-description\">\n<div class=\"woocommerce-product-details__short-description\">\n<div class=\"woocommerce-product-details__short-description\">\n<div class=\"woocommerce-product-details__short-description\">\n<div class=\"woocommerce-product-details__short-description\">\n<div class=\"woocommerce-product-details__short-description\">\n<div class=\"woocommerce-product-details__short-description\">\n<div class=\"woocommerce-product-details__short-description\">\n<div class=\"woocommerce-product-details__short-description\">\n<div class=\"woocommerce-product-details__short-description\">\n<div class=\"woocommerce-product-details__short-description\">\n<div class=\"woocommerce-product-details__short-description\">\n<div class=\"woocommerce-product-details__short-description\">\n<div class=\"woocommerce-product-details__short-description\">\n<p>Vivaderm Med dermato-logic by VIVASAN. A special anti-irritation complex\u201a in conjunction with the exceptionally skin-friendly basic formula helps the skin to relax, which is immediately noticeable an impressively visible after regular use. This rich, deep-acting face cream regenerates soothes the skin and relieves immediately existing feelings of tension.<\/p>\n<p>Vyrobeno ve \u0160v\u00fdcarsku.<\/p>\n<p>&nbsp;<\/p>\n<\/div>\n<div class=\"vivasan-product-icons\"><img loading=\"lazy\" decoding=\"async\" class=\"product_icon\" title=\"Made in Switzerland\" src=\"https:\/\/vivasan.club\/assets\/images\/product-icons\/swiss.svg?v=2\" alt=\"Made in Switzerland\" width=\"40\" height=\"40\" \/><img loading=\"lazy\" decoding=\"async\" class=\"product_icon\" title=\"GMP Certified\" src=\"https:\/\/vivasan.club\/assets\/images\/product-icons\/gmp.svg?v=2\" alt=\"GMP Certified\" width=\"40\" height=\"40\" \/><img loading=\"lazy\" decoding=\"async\" class=\"product_icon\" title=\"Cruelty-free\" src=\"https:\/\/vivasan.club\/assets\/images\/product-icons\/crueltyfree.svg?v=2\" alt=\"Cruelty-free\" width=\"40\" height=\"40\" \/><\/div>\n<\/div>\n<\/div>\n<\/div>\n<\/div>\n<\/div>\n<\/div>\n<\/div>\n<\/div>\n<\/div>\n<\/div>\n<\/div>\n<\/div>\n<\/div>\n<\/div>\n<\/div>\n<\/div>\n<\/div>\n<\/div>\n<\/div>\n<\/div>\n<\/div>\n<\/div>\n<\/div>\n<\/div>\n<\/div>\n<\/div>\n<\/div>\n<\/div>\n<\/div>\n<\/div>\n<\/div>\n<\/div>\n<\/div>\n<\/div>\n<\/div>\n<\/div>\n<\/div>\n<\/div>\n<\/div>\n<\/div>\n<\/div>\n<\/div>\n<\/div>\n<\/div>\n<\/div>","protected":false},"featured_media":1884,"comment_status":"open","ping_status":"closed","template":"","meta":{"_acf_changed":false},"product_brand":[85],"product_cat":[62,65,68,74,71,81],"product_tag":[],"class_list":{"0":"post-1883","1":"product","2":"type-product","3":"status-publish","4":"has-post-thumbnail","6":"product_brand-vivasan","7":"product_cat-beauty","8":"product_cat-face-care","9":"product_cat-health","10":"product_cat-series","11":"product_cat-treatment-cosmetics","12":"product_cat-vivaderm-med","14":"first","15":"instock","16":"shipping-taxable","17":"purchasable","18":"product-type-simple"},"acf":[],"yoast_head":"<!-- This site is optimized with the Yoast SEO plugin v27.3 - https:\/\/yoast.com\/product\/yoast-seo-wordpress\/ -->\n<title>Vivaderm Med Facial cream, 50 ml - vivasan-shop.com<\/title>\n<meta name=\"robots\" content=\"index, follow, max-snippet:-1, max-image-preview:large, max-video-preview:-1\" \/>\n<link rel=\"canonical\" href=\"https:\/\/vivasan-shop.com\/cs\/shop\/series\/vivaderm-med\/vivaderm-med-facial-cream-50-ml\/\" \/>\n<meta property=\"og:locale\" content=\"cs_CZ\" \/>\n<meta property=\"og:type\" content=\"article\" \/>\n<meta property=\"og:title\" content=\"Vivaderm Med Facial cream, 50 ml - vivasan-shop.com\" \/>\n<meta property=\"og:description\" content=\"Vivaderm Med dermato-logic by VIVASAN. A special anti-irritation complex\u201a in conjunction with the exceptionally skin-friendly basic formula helps the skin to relax, which is immediately noticeable an impressively visible after regular use. This rich, deep-acting face cream regenerates soothes the skin and relieves immediately existing feelings of tension.  Made in Switzerland.  &nbsp;\" \/>\n<meta property=\"og:url\" content=\"https:\/\/vivasan-shop.com\/cs\/shop\/series\/vivaderm-med\/vivaderm-med-facial-cream-50-ml\/\" \/>\n<meta property=\"og:site_name\" content=\"vivasan-shop.com\" \/>\n<meta property=\"article:modified_time\" content=\"2025-08-11T16:02:33+00:00\" \/>\n<meta property=\"og:image\" content=\"https:\/\/vivasan-shop.com\/wp-content\/uploads\/2025\/09\/photo_2025-09-04_15-07-27-removebg-preview.png\" \/>\n\t<meta property=\"og:image:width\" content=\"715\" \/>\n\t<meta property=\"og:image:height\" content=\"349\" \/>\n\t<meta property=\"og:image:type\" content=\"image\/png\" \/>\n<meta name=\"twitter:card\" content=\"summary_large_image\" \/>\n<meta name=\"twitter:label1\" content=\"Odhadovan\u00e1 doba \u010dten\u00ed\" \/>\n\t<meta name=\"twitter:data1\" content=\"1 minuta\" \/>\n<script type=\"application\/ld+json\" class=\"yoast-schema-graph\">{\"@context\":\"https:\\\/\\\/schema.org\",\"@graph\":[{\"@type\":[\"WebPage\",\"ItemPage\"],\"@id\":\"https:\\\/\\\/vivasan-shop.com\\\/shop\\\/series\\\/vivaderm-med\\\/vivaderm-med-facial-cream-50-ml\\\/\",\"url\":\"https:\\\/\\\/vivasan-shop.com\\\/shop\\\/series\\\/vivaderm-med\\\/vivaderm-med-facial-cream-50-ml\\\/\",\"name\":\"Vivaderm Med Facial cream, 50 ml - vivasan-shop.com\",\"isPartOf\":{\"@id\":\"https:\\\/\\\/vivasan-shop.com\\\/#website\"},\"primaryImageOfPage\":{\"@id\":\"https:\\\/\\\/vivasan-shop.com\\\/shop\\\/series\\\/vivaderm-med\\\/vivaderm-med-facial-cream-50-ml\\\/#primaryimage\"},\"image\":{\"@id\":\"https:\\\/\\\/vivasan-shop.com\\\/shop\\\/series\\\/vivaderm-med\\\/vivaderm-med-facial-cream-50-ml\\\/#primaryimage\"},\"thumbnailUrl\":\"https:\\\/\\\/vivasan-shop.com\\\/wp-content\\\/uploads\\\/2025\\\/06\\\/vivaderm-med-facial-cream.avif\",\"datePublished\":\"2025-06-20T19:15:00+00:00\",\"dateModified\":\"2025-08-11T16:02:33+00:00\",\"breadcrumb\":{\"@id\":\"https:\\\/\\\/vivasan-shop.com\\\/shop\\\/series\\\/vivaderm-med\\\/vivaderm-med-facial-cream-50-ml\\\/#breadcrumb\"},\"inLanguage\":\"cs\",\"potentialAction\":[{\"@type\":\"ReadAction\",\"target\":[\"https:\\\/\\\/vivasan-shop.com\\\/shop\\\/series\\\/vivaderm-med\\\/vivaderm-med-facial-cream-50-ml\\\/\"]}]},{\"@type\":\"ImageObject\",\"inLanguage\":\"cs\",\"@id\":\"https:\\\/\\\/vivasan-shop.com\\\/shop\\\/series\\\/vivaderm-med\\\/vivaderm-med-facial-cream-50-ml\\\/#primaryimage\",\"url\":\"https:\\\/\\\/vivasan-shop.com\\\/wp-content\\\/uploads\\\/2025\\\/06\\\/vivaderm-med-facial-cream.avif\",\"contentUrl\":\"https:\\\/\\\/vivasan-shop.com\\\/wp-content\\\/uploads\\\/2025\\\/06\\\/vivaderm-med-facial-cream.avif\",\"width\":768,\"height\":768},{\"@type\":\"BreadcrumbList\",\"@id\":\"https:\\\/\\\/vivasan-shop.com\\\/shop\\\/series\\\/vivaderm-med\\\/vivaderm-med-facial-cream-50-ml\\\/#breadcrumb\",\"itemListElement\":[{\"@type\":\"ListItem\",\"position\":1,\"name\":\"Home\",\"item\":\"https:\\\/\\\/vivasan-shop.com\\\/\"},{\"@type\":\"ListItem\",\"position\":2,\"name\":\"Shop\",\"item\":\"https:\\\/\\\/vivasan-shop.com\\\/shop\\\/\"},{\"@type\":\"ListItem\",\"position\":3,\"name\":\"Vivaderm Med Facial cream, 50 ml\"}]},{\"@type\":\"WebSite\",\"@id\":\"https:\\\/\\\/vivasan-shop.com\\\/#website\",\"url\":\"https:\\\/\\\/vivasan-shop.com\\\/\",\"name\":\"Vivasan\",\"description\":\"\",\"publisher\":{\"@id\":\"https:\\\/\\\/vivasan-shop.com\\\/#organization\"},\"potentialAction\":[{\"@type\":\"SearchAction\",\"target\":{\"@type\":\"EntryPoint\",\"urlTemplate\":\"https:\\\/\\\/vivasan-shop.com\\\/?s={search_term_string}\"},\"query-input\":{\"@type\":\"PropertyValueSpecification\",\"valueRequired\":true,\"valueName\":\"search_term_string\"}}],\"inLanguage\":\"cs\"},{\"@type\":\"Organization\",\"@id\":\"https:\\\/\\\/vivasan-shop.com\\\/#organization\",\"name\":\"Vivasan\",\"url\":\"https:\\\/\\\/vivasan-shop.com\\\/\",\"logo\":{\"@type\":\"ImageObject\",\"inLanguage\":\"cs\",\"@id\":\"https:\\\/\\\/vivasan-shop.com\\\/#\\\/schema\\\/logo\\\/image\\\/\",\"url\":\"https:\\\/\\\/vivasan-shop.com\\\/wp-content\\\/uploads\\\/2025\\\/07\\\/photo_2025-07-05_23-33-41.jpg\",\"contentUrl\":\"https:\\\/\\\/vivasan-shop.com\\\/wp-content\\\/uploads\\\/2025\\\/07\\\/photo_2025-07-05_23-33-41.jpg\",\"width\":1080,\"height\":608,\"caption\":\"Vivasan\"},\"image\":{\"@id\":\"https:\\\/\\\/vivasan-shop.com\\\/#\\\/schema\\\/logo\\\/image\\\/\"}}]}<\/script>\n<!-- \/ Yoast SEO plugin. -->","yoast_head_json":{"title":"Vivaderm Med Facial cream, 50 ml - vivasan-shop.com","robots":{"index":"index","follow":"follow","max-snippet":"max-snippet:-1","max-image-preview":"max-image-preview:large","max-video-preview":"max-video-preview:-1"},"canonical":"https:\/\/vivasan-shop.com\/cs\/shop\/series\/vivaderm-med\/vivaderm-med-facial-cream-50-ml\/","og_locale":"cs_CZ","og_type":"article","og_title":"Vivaderm Med Facial cream, 50 ml - vivasan-shop.com","og_description":"Vivaderm Med dermato-logic by VIVASAN. A special anti-irritation complex\u201a in conjunction with the exceptionally skin-friendly basic formula helps the skin to relax, which is immediately noticeable an impressively visible after regular use. This rich, deep-acting face cream regenerates soothes the skin and relieves immediately existing feelings of tension.  Made in Switzerland.  &nbsp;","og_url":"https:\/\/vivasan-shop.com\/cs\/shop\/series\/vivaderm-med\/vivaderm-med-facial-cream-50-ml\/","og_site_name":"vivasan-shop.com","article_modified_time":"2025-08-11T16:02:33+00:00","og_image":[{"width":715,"height":349,"url":"https:\/\/vivasan-shop.com\/wp-content\/uploads\/2025\/09\/photo_2025-09-04_15-07-27-removebg-preview.png","type":"image\/png"}],"twitter_card":"summary_large_image","twitter_misc":{"Odhadovan\u00e1 doba \u010dten\u00ed":"1 minuta"},"schema":{"@context":"https:\/\/schema.org","@graph":[{"@type":["WebPage","ItemPage"],"@id":"https:\/\/vivasan-shop.com\/shop\/series\/vivaderm-med\/vivaderm-med-facial-cream-50-ml\/","url":"https:\/\/vivasan-shop.com\/shop\/series\/vivaderm-med\/vivaderm-med-facial-cream-50-ml\/","name":"Vivaderm Med Facial cream, 50 ml - vivasan-shop.com","isPartOf":{"@id":"https:\/\/vivasan-shop.com\/#website"},"primaryImageOfPage":{"@id":"https:\/\/vivasan-shop.com\/shop\/series\/vivaderm-med\/vivaderm-med-facial-cream-50-ml\/#primaryimage"},"image":{"@id":"https:\/\/vivasan-shop.com\/shop\/series\/vivaderm-med\/vivaderm-med-facial-cream-50-ml\/#primaryimage"},"thumbnailUrl":"https:\/\/vivasan-shop.com\/wp-content\/uploads\/2025\/06\/vivaderm-med-facial-cream.avif","datePublished":"2025-06-20T19:15:00+00:00","dateModified":"2025-08-11T16:02:33+00:00","breadcrumb":{"@id":"https:\/\/vivasan-shop.com\/shop\/series\/vivaderm-med\/vivaderm-med-facial-cream-50-ml\/#breadcrumb"},"inLanguage":"cs","potentialAction":[{"@type":"ReadAction","target":["https:\/\/vivasan-shop.com\/shop\/series\/vivaderm-med\/vivaderm-med-facial-cream-50-ml\/"]}]},{"@type":"ImageObject","inLanguage":"cs","@id":"https:\/\/vivasan-shop.com\/shop\/series\/vivaderm-med\/vivaderm-med-facial-cream-50-ml\/#primaryimage","url":"https:\/\/vivasan-shop.com\/wp-content\/uploads\/2025\/06\/vivaderm-med-facial-cream.avif","contentUrl":"https:\/\/vivasan-shop.com\/wp-content\/uploads\/2025\/06\/vivaderm-med-facial-cream.avif","width":768,"height":768},{"@type":"BreadcrumbList","@id":"https:\/\/vivasan-shop.com\/shop\/series\/vivaderm-med\/vivaderm-med-facial-cream-50-ml\/#breadcrumb","itemListElement":[{"@type":"ListItem","position":1,"name":"Home","item":"https:\/\/vivasan-shop.com\/"},{"@type":"ListItem","position":2,"name":"Shop","item":"https:\/\/vivasan-shop.com\/shop\/"},{"@type":"ListItem","position":3,"name":"Vivaderm Med Facial cream, 50 ml"}]},{"@type":"WebSite","@id":"https:\/\/vivasan-shop.com\/#website","url":"https:\/\/vivasan-shop.com\/","name":"Vivasan","description":"","publisher":{"@id":"https:\/\/vivasan-shop.com\/#organization"},"potentialAction":[{"@type":"SearchAction","target":{"@type":"EntryPoint","urlTemplate":"https:\/\/vivasan-shop.com\/?s={search_term_string}"},"query-input":{"@type":"PropertyValueSpecification","valueRequired":true,"valueName":"search_term_string"}}],"inLanguage":"cs"},{"@type":"Organization","@id":"https:\/\/vivasan-shop.com\/#organization","name":"Vivasan","url":"https:\/\/vivasan-shop.com\/","logo":{"@type":"ImageObject","inLanguage":"cs","@id":"https:\/\/vivasan-shop.com\/#\/schema\/logo\/image\/","url":"https:\/\/vivasan-shop.com\/wp-content\/uploads\/2025\/07\/photo_2025-07-05_23-33-41.jpg","contentUrl":"https:\/\/vivasan-shop.com\/wp-content\/uploads\/2025\/07\/photo_2025-07-05_23-33-41.jpg","width":1080,"height":608,"caption":"Vivasan"},"image":{"@id":"https:\/\/vivasan-shop.com\/#\/schema\/logo\/image\/"}}]}},"_links":{"self":[{"href":"https:\/\/vivasan-shop.com\/cs\/wp-json\/wp\/v2\/product\/1883","targetHints":{"allow":["GET"]}}],"collection":[{"href":"https:\/\/vivasan-shop.com\/cs\/wp-json\/wp\/v2\/product"}],"about":[{"href":"https:\/\/vivasan-shop.com\/cs\/wp-json\/wp\/v2\/types\/product"}],"replies":[{"embeddable":true,"href":"https:\/\/vivasan-shop.com\/cs\/wp-json\/wp\/v2\/comments?post=1883"}],"version-history":[{"count":1,"href":"https:\/\/vivasan-shop.com\/cs\/wp-json\/wp\/v2\/product\/1883\/revisions"}],"predecessor-version":[{"id":1885,"href":"https:\/\/vivasan-shop.com\/cs\/wp-json\/wp\/v2\/product\/1883\/revisions\/1885"}],"wp:featuredmedia":[{"embeddable":true,"href":"https:\/\/vivasan-shop.com\/cs\/wp-json\/wp\/v2\/media\/1884"}],"wp:attachment":[{"href":"https:\/\/vivasan-shop.com\/cs\/wp-json\/wp\/v2\/media?parent=1883"}],"wp:term":[{"taxonomy":"product_brand","embeddable":true,"href":"https:\/\/vivasan-shop.com\/cs\/wp-json\/wp\/v2\/product_brand?post=1883"},{"taxonomy":"product_cat","embeddable":true,"href":"https:\/\/vivasan-shop.com\/cs\/wp-json\/wp\/v2\/product_cat?post=1883"},{"taxonomy":"product_tag","embeddable":true,"href":"https:\/\/vivasan-shop.com\/cs\/wp-json\/wp\/v2\/product_tag?post=1883"}],"curies":[{"name":"wp","href":"https:\/\/api.w.org\/{rel}","templated":true}]}}