{"id":1907,"date":"2025-06-21T08:24:00","date_gmt":"2025-06-21T08:24:00","guid":{"rendered":"https:\/\/vivasan-shop.com\/?post_type=product&#038;p=1907"},"modified":"2025-08-11T16:02:33","modified_gmt":"2025-08-11T16:02:33","slug":"all-day-fit-a-z-compact-with-vitamins-and-minerals-100-tablets","status":"publish","type":"product","link":"https:\/\/vivasan-shop.com\/cs\/shop\/health\/nutritional-supplements\/all-day-fit-a-z-compact-with-vitamins-and-minerals-100-tablets\/","title":{"rendered":"Celodenn\u00ed kompaktibiln\u00ed  A-Z s vitam\u00edny a miner\u00e1ly, 100 tablet"},"content":{"rendered":"<p>All day fit A-Z Compact contain vitamins, minerals, trace elements. In each tablet for your daily dose of 27 vitamins and minerals! This formula is designed to provide longer lasting action. 1 pack for 100 days!<\/p>\n<ul>\n<li>No artificial colours<\/li>\n<li>No Artificial Flavor<\/li>\n<li>Not tested on animals<\/li>\n<li>NON-GMO<\/li>\n<li>Gluten Free<\/li>\n<li>Dairy Free<\/li>\n<li>Yeast Free<\/li>\n<li>Suitable for vegetarian\/vegan<\/li>\n<li>EU standards of quality control<\/li>\n<li>GMP certificate<\/li>\n<li>100 tablets (143 g)<\/li>\n<\/ul>\n<p><strong>Doporu\u010den\u00e1 denn\u00ed d\u00e1vka:<\/strong>\u00a0Take 1 tablet per day unchewed with liquids. Not suitable for adolescents and children under the age of 18. Do not exceed the stated recommended daily dose. Food supplements should not be a substitute for a varied and balanced diet and a healthy lifestyle. Keep out of reach of young children. Store in a cool and dry place, protected from light.<br \/>\n<strong>Slo\u017een\u00ed:<\/strong>\u00a0Calcium hydrogen phosphate; Magnesium oxide; Sugar; Potassium chloride; Ascorbic acid; Firming agent: silicon dioxide; Carrier: polyvinylpyrrolidone; dl-\u03b1-tocopheryl acetate; Filler: microcrystalline cellulose; Nicotinamide; Iron fumarate; Calcium pantothenate; Retynyl acetate; Zinc oxide; \u03b2-carotene powder; Pyridoxine hydrochloride; Manganese sulfate; Copper sulfate; Cholecalciferol dry concentrate; Thiamine nitrate; Riboflavin; Cyano-cobalamin; Phytomenadione; Folic acid; Biotin; Potassium iodide; Chromium chloride; Sodium molybdate; Sodium selenite; Coating agents: hydroxypropyl cellulose, shellac, talc, olive oil, polysorbate 80; Release agent: magnesium salts of fatty acids; Colorants: titanium dioxide, iron oxides and hydroxides.<\/p>\n<p><strong>Composition: 1 tablet\/ % NRV*<\/strong><\/p>\n<p>\u2014 Calcium: 162 mg\/ 20.3 %<br \/>\n\u2014 Phosphorus: 125 mg\/ % NRV* 17.9 %<br \/>\n\u2014 Magnesium: 100 mg\/ % NRV* 26,7 %<br \/>\n\u2014 Vitamin C: 60 mg\/ % NRV* 75 %<br \/>\n\u2014 Niacin: 18 mg NE\/ % NRV* 112.5 %<br \/>\n\u2014 Pantothenic acid: 6 mg % NRV* 100 %<br \/>\n\u2014 Iron: 5 mg %\/ NRV* 35.7 %<br \/>\n\u2014 Zinc: 5 mg\/ % NRV* 50 %<br \/>\n\u2014 Vitamin B1: 1.4 mg\/ % NRV* 127.3 %<br \/>\n\u2014 Vitamin B2: 1.6 mg\/ % NRV* 114.3 %<br \/>\n\u2014 Vitamin B6: 2 mg\/ &amp;NRV* 142.9 %<br \/>\n\u2014 Vitamin B12:1 \u03bcg\/ % NRV* 40 %<br \/>\n\u2014 Vitamin D3:5 \u03bcg\/ % NRV* 100 %<br \/>\n\u2014 Vitamin A: (of which 25% as \u03b2-carotene)800 \u03bcg RE\/ % NRV* 100 %<br \/>\n\u2014 Vitamin K1: 30 \u03bcg\/ % NRV* 40%<br \/>\n\u2014 Folic acid: 200 \u03bcg\/ % NRV* 100%<br \/>\n\u2014 Biotin: 150 \u03bcg\/ % NRV* 300%<br \/>\n\u2014 Copper: 1 mg\/ % NRV* 100%<br \/>\n\u2014 Manganese: 1 mg\/ % NRV* 50%<br \/>\n\u2014 Iodine: 100 \u03bcg\/ % NRV* 66.7%<br \/>\n\u2014 Chrome: 25 \u03bcg\/ % NRV* 62.5%<br \/>\n\u2014 Molybdenum: 25 \u03bcg\/ % NRV* 50%<br \/>\n\u2014 Selenium: 25 \u03bcg\/ % NRV* 45.5%<\/p>\n<p><strong>*NRV (nutrient reference value) according to EU \/ EC regulation 1169\/2011<\/strong><\/p>","protected":false},"excerpt":{"rendered":"<div class=\"woocommerce-product-details__short-description\">\n<div class=\"woocommerce-product-details__short-description\">\n<div class=\"woocommerce-product-details__short-description\">\n<div class=\"woocommerce-product-details__short-description\">\n<div class=\"woocommerce-product-details__short-description\">\n<div class=\"woocommerce-product-details__short-description\">\n<div class=\"woocommerce-product-details__short-description\">\n<div class=\"woocommerce-product-details__short-description\">\n<div class=\"woocommerce-product-details__short-description\">\n<div class=\"woocommerce-product-details__short-description\">\n<div class=\"woocommerce-product-details__short-description\">\n<div class=\"woocommerce-product-details__short-description\">\n<div class=\"woocommerce-product-details__short-description\">\n<div class=\"woocommerce-product-details__short-description\">\n<div class=\"woocommerce-product-details__short-description\">\n<div class=\"woocommerce-product-details__short-description\">\n<div class=\"woocommerce-product-details__short-description\">\n<div class=\"woocommerce-product-details__short-description\">\n<div class=\"woocommerce-product-details__short-description\">\n<div class=\"woocommerce-product-details__short-description\">\n<div class=\"woocommerce-product-details__short-description\">\n<div class=\"woocommerce-product-details__short-description\">\n<div class=\"woocommerce-product-details__short-description\">\n<div class=\"woocommerce-product-details__short-description\">\n<div class=\"woocommerce-product-details__short-description\">\n<div class=\"woocommerce-product-details__short-description\">\n<div class=\"woocommerce-product-details__short-description\">\n<div class=\"woocommerce-product-details__short-description\">\n<div class=\"woocommerce-product-details__short-description\">\n<div class=\"woocommerce-product-details__short-description\">\n<div class=\"woocommerce-product-details__short-description\">\n<div class=\"woocommerce-product-details__short-description\">\n<div class=\"woocommerce-product-details__short-description\">\n<div class=\"woocommerce-product-details__short-description\">\n<div class=\"woocommerce-product-details__short-description\">\n<div class=\"woocommerce-product-details__short-description\">\n<div class=\"woocommerce-product-details__short-description\">\n<div class=\"woocommerce-product-details__short-description\">\n<div class=\"woocommerce-product-details__short-description\">\n<div class=\"woocommerce-product-details__short-description\">\n<div class=\"woocommerce-product-details__short-description\">\n<div class=\"woocommerce-product-details__short-description\">\n<div class=\"woocommerce-product-details__short-description\">\n<div class=\"woocommerce-product-details__short-description\">\n<div class=\"woocommerce-product-details__short-description\">\n<div class=\"woocommerce-product-details__short-description\">\n<div class=\"woocommerce-product-details__short-description\">\n<div class=\"woocommerce-product-details__short-description\">\n<div class=\"woocommerce-product-details__short-description\">\n<p>All day fit A-Z Compact Multivitamins contain vitamins, minerals, trace elements. In each tablet for your daily dose of 27 vitamins and minerals! This formula is designed to provide longer lasting action. 1 pack for 100 days!<\/p>\n<p>Vyrobeno ve \u0160v\u00fdcarsku.<\/p>\n<p>&nbsp;<\/p>\n<\/div>\n<div class=\"vivasan-product-icons\"><img loading=\"lazy\" decoding=\"async\" class=\"product_icon\" title=\"Made in Switzerland\" src=\"https:\/\/vivasan.club\/assets\/images\/product-icons\/swiss.svg?v=2\" alt=\"Made in Switzerland\" width=\"40\" height=\"40\" \/><img loading=\"lazy\" decoding=\"async\" class=\"product_icon\" title=\"GMP Certified\" src=\"https:\/\/vivasan.club\/assets\/images\/product-icons\/gmp.svg?v=2\" alt=\"GMP Certified\" width=\"40\" height=\"40\" \/><img loading=\"lazy\" decoding=\"async\" class=\"product_icon\" title=\"Cruelty-free\" src=\"https:\/\/vivasan.club\/assets\/images\/product-icons\/crueltyfree.svg?v=2\" alt=\"Cruelty-free\" width=\"40\" height=\"40\" \/><\/div>\n<\/div>\n<\/div>\n<\/div>\n<\/div>\n<\/div>\n<\/div>\n<\/div>\n<\/div>\n<\/div>\n<\/div>\n<\/div>\n<\/div>\n<\/div>\n<\/div>\n<\/div>\n<\/div>\n<\/div>\n<\/div>\n<\/div>\n<\/div>\n<\/div>\n<\/div>\n<\/div>\n<\/div>\n<\/div>\n<\/div>\n<\/div>\n<\/div>\n<\/div>\n<\/div>\n<\/div>\n<\/div>\n<\/div>\n<\/div>\n<\/div>\n<\/div>\n<\/div>\n<\/div>\n<\/div>\n<\/div>\n<\/div>\n<\/div>\n<\/div>\n<\/div>\n<\/div>\n<\/div>\n<\/div>\n<\/div>","protected":false},"featured_media":1908,"comment_status":"open","ping_status":"closed","template":"","meta":{"_acf_changed":false},"product_brand":[85],"product_cat":[68,70],"product_tag":[],"class_list":{"0":"post-1907","1":"product","2":"type-product","3":"status-publish","4":"has-post-thumbnail","6":"product_brand-vivasan","7":"product_cat-health","8":"product_cat-nutritional-supplements","10":"first","11":"instock","12":"shipping-taxable","13":"purchasable","14":"product-type-simple"},"acf":[],"yoast_head":"<!-- This site is optimized with the Yoast SEO plugin v27.3 - https:\/\/yoast.com\/product\/yoast-seo-wordpress\/ -->\n<title>All day fit A-Z compact with vitamins and minerals, 100 tablets - vivasan-shop.com<\/title>\n<meta name=\"robots\" content=\"index, follow, max-snippet:-1, max-image-preview:large, max-video-preview:-1\" \/>\n<link rel=\"canonical\" href=\"https:\/\/vivasan-shop.com\/cs\/shop\/health\/nutritional-supplements\/all-day-fit-a-z-compact-with-vitamins-and-minerals-100-tablets\/\" \/>\n<meta property=\"og:locale\" content=\"cs_CZ\" \/>\n<meta property=\"og:type\" content=\"article\" \/>\n<meta property=\"og:title\" content=\"All day fit A-Z compact with vitamins and minerals, 100 tablets - vivasan-shop.com\" \/>\n<meta property=\"og:description\" content=\"All day fit A-Z Compact Multivitamins contain vitamins, minerals, trace elements. In each tablet for your daily dose of 27 vitamins and minerals! This formula is designed to provide longer lasting action. 1 pack for 100 days!  Made in Switzerland.  &nbsp;\" \/>\n<meta property=\"og:url\" content=\"https:\/\/vivasan-shop.com\/cs\/shop\/health\/nutritional-supplements\/all-day-fit-a-z-compact-with-vitamins-and-minerals-100-tablets\/\" \/>\n<meta property=\"og:site_name\" content=\"vivasan-shop.com\" \/>\n<meta property=\"article:modified_time\" content=\"2025-08-11T16:02:33+00:00\" \/>\n<meta property=\"og:image\" content=\"https:\/\/vivasan-shop.com\/wp-content\/uploads\/2025\/09\/photo_2025-09-04_15-07-27-removebg-preview.png\" \/>\n\t<meta property=\"og:image:width\" content=\"715\" \/>\n\t<meta property=\"og:image:height\" content=\"349\" \/>\n\t<meta property=\"og:image:type\" content=\"image\/png\" \/>\n<meta name=\"twitter:card\" content=\"summary_large_image\" \/>\n<meta name=\"twitter:label1\" content=\"Odhadovan\u00e1 doba \u010dten\u00ed\" \/>\n\t<meta name=\"twitter:data1\" content=\"1 minuta\" \/>\n<script type=\"application\/ld+json\" class=\"yoast-schema-graph\">{\"@context\":\"https:\\\/\\\/schema.org\",\"@graph\":[{\"@type\":[\"WebPage\",\"ItemPage\"],\"@id\":\"https:\\\/\\\/vivasan-shop.com\\\/shop\\\/health\\\/nutritional-supplements\\\/all-day-fit-a-z-compact-with-vitamins-and-minerals-100-tablets\\\/\",\"url\":\"https:\\\/\\\/vivasan-shop.com\\\/shop\\\/health\\\/nutritional-supplements\\\/all-day-fit-a-z-compact-with-vitamins-and-minerals-100-tablets\\\/\",\"name\":\"All day fit A-Z compact with vitamins and minerals, 100 tablets - vivasan-shop.com\",\"isPartOf\":{\"@id\":\"https:\\\/\\\/vivasan-shop.com\\\/#website\"},\"primaryImageOfPage\":{\"@id\":\"https:\\\/\\\/vivasan-shop.com\\\/shop\\\/health\\\/nutritional-supplements\\\/all-day-fit-a-z-compact-with-vitamins-and-minerals-100-tablets\\\/#primaryimage\"},\"image\":{\"@id\":\"https:\\\/\\\/vivasan-shop.com\\\/shop\\\/health\\\/nutritional-supplements\\\/all-day-fit-a-z-compact-with-vitamins-and-minerals-100-tablets\\\/#primaryimage\"},\"thumbnailUrl\":\"https:\\\/\\\/vivasan-shop.com\\\/wp-content\\\/uploads\\\/2025\\\/06\\\/vivasan.club-20210306-1747-38129487.avif\",\"datePublished\":\"2025-06-21T08:24:00+00:00\",\"dateModified\":\"2025-08-11T16:02:33+00:00\",\"breadcrumb\":{\"@id\":\"https:\\\/\\\/vivasan-shop.com\\\/shop\\\/health\\\/nutritional-supplements\\\/all-day-fit-a-z-compact-with-vitamins-and-minerals-100-tablets\\\/#breadcrumb\"},\"inLanguage\":\"cs\",\"potentialAction\":[{\"@type\":\"ReadAction\",\"target\":[\"https:\\\/\\\/vivasan-shop.com\\\/shop\\\/health\\\/nutritional-supplements\\\/all-day-fit-a-z-compact-with-vitamins-and-minerals-100-tablets\\\/\"]}]},{\"@type\":\"ImageObject\",\"inLanguage\":\"cs\",\"@id\":\"https:\\\/\\\/vivasan-shop.com\\\/shop\\\/health\\\/nutritional-supplements\\\/all-day-fit-a-z-compact-with-vitamins-and-minerals-100-tablets\\\/#primaryimage\",\"url\":\"https:\\\/\\\/vivasan-shop.com\\\/wp-content\\\/uploads\\\/2025\\\/06\\\/vivasan.club-20210306-1747-38129487.avif\",\"contentUrl\":\"https:\\\/\\\/vivasan-shop.com\\\/wp-content\\\/uploads\\\/2025\\\/06\\\/vivasan.club-20210306-1747-38129487.avif\",\"width\":768,\"height\":768},{\"@type\":\"BreadcrumbList\",\"@id\":\"https:\\\/\\\/vivasan-shop.com\\\/shop\\\/health\\\/nutritional-supplements\\\/all-day-fit-a-z-compact-with-vitamins-and-minerals-100-tablets\\\/#breadcrumb\",\"itemListElement\":[{\"@type\":\"ListItem\",\"position\":1,\"name\":\"Home\",\"item\":\"https:\\\/\\\/vivasan-shop.com\\\/\"},{\"@type\":\"ListItem\",\"position\":2,\"name\":\"Shop\",\"item\":\"https:\\\/\\\/vivasan-shop.com\\\/shop\\\/\"},{\"@type\":\"ListItem\",\"position\":3,\"name\":\"All day fit A-Z compact with vitamins and minerals, 100 tablets\"}]},{\"@type\":\"WebSite\",\"@id\":\"https:\\\/\\\/vivasan-shop.com\\\/#website\",\"url\":\"https:\\\/\\\/vivasan-shop.com\\\/\",\"name\":\"Vivasan\",\"description\":\"\",\"publisher\":{\"@id\":\"https:\\\/\\\/vivasan-shop.com\\\/#organization\"},\"potentialAction\":[{\"@type\":\"SearchAction\",\"target\":{\"@type\":\"EntryPoint\",\"urlTemplate\":\"https:\\\/\\\/vivasan-shop.com\\\/?s={search_term_string}\"},\"query-input\":{\"@type\":\"PropertyValueSpecification\",\"valueRequired\":true,\"valueName\":\"search_term_string\"}}],\"inLanguage\":\"cs\"},{\"@type\":\"Organization\",\"@id\":\"https:\\\/\\\/vivasan-shop.com\\\/#organization\",\"name\":\"Vivasan\",\"url\":\"https:\\\/\\\/vivasan-shop.com\\\/\",\"logo\":{\"@type\":\"ImageObject\",\"inLanguage\":\"cs\",\"@id\":\"https:\\\/\\\/vivasan-shop.com\\\/#\\\/schema\\\/logo\\\/image\\\/\",\"url\":\"https:\\\/\\\/vivasan-shop.com\\\/wp-content\\\/uploads\\\/2025\\\/07\\\/photo_2025-07-05_23-33-41.jpg\",\"contentUrl\":\"https:\\\/\\\/vivasan-shop.com\\\/wp-content\\\/uploads\\\/2025\\\/07\\\/photo_2025-07-05_23-33-41.jpg\",\"width\":1080,\"height\":608,\"caption\":\"Vivasan\"},\"image\":{\"@id\":\"https:\\\/\\\/vivasan-shop.com\\\/#\\\/schema\\\/logo\\\/image\\\/\"}}]}<\/script>\n<!-- \/ Yoast SEO plugin. -->","yoast_head_json":{"title":"All day fit A-Z compact with vitamins and minerals, 100 tablets - vivasan-shop.com","robots":{"index":"index","follow":"follow","max-snippet":"max-snippet:-1","max-image-preview":"max-image-preview:large","max-video-preview":"max-video-preview:-1"},"canonical":"https:\/\/vivasan-shop.com\/cs\/shop\/health\/nutritional-supplements\/all-day-fit-a-z-compact-with-vitamins-and-minerals-100-tablets\/","og_locale":"cs_CZ","og_type":"article","og_title":"All day fit A-Z compact with vitamins and minerals, 100 tablets - vivasan-shop.com","og_description":"All day fit A-Z Compact Multivitamins contain vitamins, minerals, trace elements. In each tablet for your daily dose of 27 vitamins and minerals! This formula is designed to provide longer lasting action. 1 pack for 100 days!  Made in Switzerland.  &nbsp;","og_url":"https:\/\/vivasan-shop.com\/cs\/shop\/health\/nutritional-supplements\/all-day-fit-a-z-compact-with-vitamins-and-minerals-100-tablets\/","og_site_name":"vivasan-shop.com","article_modified_time":"2025-08-11T16:02:33+00:00","og_image":[{"width":715,"height":349,"url":"https:\/\/vivasan-shop.com\/wp-content\/uploads\/2025\/09\/photo_2025-09-04_15-07-27-removebg-preview.png","type":"image\/png"}],"twitter_card":"summary_large_image","twitter_misc":{"Odhadovan\u00e1 doba \u010dten\u00ed":"1 minuta"},"schema":{"@context":"https:\/\/schema.org","@graph":[{"@type":["WebPage","ItemPage"],"@id":"https:\/\/vivasan-shop.com\/shop\/health\/nutritional-supplements\/all-day-fit-a-z-compact-with-vitamins-and-minerals-100-tablets\/","url":"https:\/\/vivasan-shop.com\/shop\/health\/nutritional-supplements\/all-day-fit-a-z-compact-with-vitamins-and-minerals-100-tablets\/","name":"All day fit A-Z compact with vitamins and minerals, 100 tablets - vivasan-shop.com","isPartOf":{"@id":"https:\/\/vivasan-shop.com\/#website"},"primaryImageOfPage":{"@id":"https:\/\/vivasan-shop.com\/shop\/health\/nutritional-supplements\/all-day-fit-a-z-compact-with-vitamins-and-minerals-100-tablets\/#primaryimage"},"image":{"@id":"https:\/\/vivasan-shop.com\/shop\/health\/nutritional-supplements\/all-day-fit-a-z-compact-with-vitamins-and-minerals-100-tablets\/#primaryimage"},"thumbnailUrl":"https:\/\/vivasan-shop.com\/wp-content\/uploads\/2025\/06\/vivasan.club-20210306-1747-38129487.avif","datePublished":"2025-06-21T08:24:00+00:00","dateModified":"2025-08-11T16:02:33+00:00","breadcrumb":{"@id":"https:\/\/vivasan-shop.com\/shop\/health\/nutritional-supplements\/all-day-fit-a-z-compact-with-vitamins-and-minerals-100-tablets\/#breadcrumb"},"inLanguage":"cs","potentialAction":[{"@type":"ReadAction","target":["https:\/\/vivasan-shop.com\/shop\/health\/nutritional-supplements\/all-day-fit-a-z-compact-with-vitamins-and-minerals-100-tablets\/"]}]},{"@type":"ImageObject","inLanguage":"cs","@id":"https:\/\/vivasan-shop.com\/shop\/health\/nutritional-supplements\/all-day-fit-a-z-compact-with-vitamins-and-minerals-100-tablets\/#primaryimage","url":"https:\/\/vivasan-shop.com\/wp-content\/uploads\/2025\/06\/vivasan.club-20210306-1747-38129487.avif","contentUrl":"https:\/\/vivasan-shop.com\/wp-content\/uploads\/2025\/06\/vivasan.club-20210306-1747-38129487.avif","width":768,"height":768},{"@type":"BreadcrumbList","@id":"https:\/\/vivasan-shop.com\/shop\/health\/nutritional-supplements\/all-day-fit-a-z-compact-with-vitamins-and-minerals-100-tablets\/#breadcrumb","itemListElement":[{"@type":"ListItem","position":1,"name":"Home","item":"https:\/\/vivasan-shop.com\/"},{"@type":"ListItem","position":2,"name":"Shop","item":"https:\/\/vivasan-shop.com\/shop\/"},{"@type":"ListItem","position":3,"name":"All day fit A-Z compact with vitamins and minerals, 100 tablets"}]},{"@type":"WebSite","@id":"https:\/\/vivasan-shop.com\/#website","url":"https:\/\/vivasan-shop.com\/","name":"Vivasan","description":"","publisher":{"@id":"https:\/\/vivasan-shop.com\/#organization"},"potentialAction":[{"@type":"SearchAction","target":{"@type":"EntryPoint","urlTemplate":"https:\/\/vivasan-shop.com\/?s={search_term_string}"},"query-input":{"@type":"PropertyValueSpecification","valueRequired":true,"valueName":"search_term_string"}}],"inLanguage":"cs"},{"@type":"Organization","@id":"https:\/\/vivasan-shop.com\/#organization","name":"Vivasan","url":"https:\/\/vivasan-shop.com\/","logo":{"@type":"ImageObject","inLanguage":"cs","@id":"https:\/\/vivasan-shop.com\/#\/schema\/logo\/image\/","url":"https:\/\/vivasan-shop.com\/wp-content\/uploads\/2025\/07\/photo_2025-07-05_23-33-41.jpg","contentUrl":"https:\/\/vivasan-shop.com\/wp-content\/uploads\/2025\/07\/photo_2025-07-05_23-33-41.jpg","width":1080,"height":608,"caption":"Vivasan"},"image":{"@id":"https:\/\/vivasan-shop.com\/#\/schema\/logo\/image\/"}}]}},"_links":{"self":[{"href":"https:\/\/vivasan-shop.com\/cs\/wp-json\/wp\/v2\/product\/1907","targetHints":{"allow":["GET"]}}],"collection":[{"href":"https:\/\/vivasan-shop.com\/cs\/wp-json\/wp\/v2\/product"}],"about":[{"href":"https:\/\/vivasan-shop.com\/cs\/wp-json\/wp\/v2\/types\/product"}],"replies":[{"embeddable":true,"href":"https:\/\/vivasan-shop.com\/cs\/wp-json\/wp\/v2\/comments?post=1907"}],"version-history":[{"count":1,"href":"https:\/\/vivasan-shop.com\/cs\/wp-json\/wp\/v2\/product\/1907\/revisions"}],"predecessor-version":[{"id":1909,"href":"https:\/\/vivasan-shop.com\/cs\/wp-json\/wp\/v2\/product\/1907\/revisions\/1909"}],"wp:featuredmedia":[{"embeddable":true,"href":"https:\/\/vivasan-shop.com\/cs\/wp-json\/wp\/v2\/media\/1908"}],"wp:attachment":[{"href":"https:\/\/vivasan-shop.com\/cs\/wp-json\/wp\/v2\/media?parent=1907"}],"wp:term":[{"taxonomy":"product_brand","embeddable":true,"href":"https:\/\/vivasan-shop.com\/cs\/wp-json\/wp\/v2\/product_brand?post=1907"},{"taxonomy":"product_cat","embeddable":true,"href":"https:\/\/vivasan-shop.com\/cs\/wp-json\/wp\/v2\/product_cat?post=1907"},{"taxonomy":"product_tag","embeddable":true,"href":"https:\/\/vivasan-shop.com\/cs\/wp-json\/wp\/v2\/product_tag?post=1907"}],"curies":[{"name":"wp","href":"https:\/\/api.w.org\/{rel}","templated":true}]}}