{"id":1990,"date":"2025-06-21T09:27:00","date_gmt":"2025-06-21T09:27:00","guid":{"rendered":"https:\/\/vivasan-shop.com\/?post_type=product&#038;p=1990"},"modified":"2025-08-11T16:00:25","modified_gmt":"2025-08-11T16:00:25","slug":"nigenol-with-black-cumin-oil-vitamin-e-c-biotin-and-natural-carotenoids-60-capsules","status":"publish","type":"product","link":"https:\/\/vivasan-shop.com\/cs\/shop\/health\/nutritional-supplements\/nigenol-with-black-cumin-oil-vitamin-e-c-biotin-and-natural-carotenoids-60-capsules\/","title":{"rendered":"Nigenol s olejem z \u010dern\u00e9ho km\u00ednu, vitam\u00ednem E, C, biotinem a p\u0159\u00edrodn\u00edmi karotenoidy, 60 kapsl\u00ed"},"content":{"rendered":"<p>Nigenol obsahuje za studena lisovan\u00fd egyptsk\u00fd olej z \u010dern\u00e9ho km\u00ednu a vitam\u00edn E (p\u0159\u00edrodn\u00ed), beta-karoten (p\u0159\u00edrodn\u00ed) a biotin, kter\u00e9 pokr\u00fdvaj\u00ed denn\u00ed d\u00e1vku dosp\u011bl\u00e9ho. Je zdrojem polynenasycen\u00fdch mastn\u00fdch kyselin, zn\u00e1m\u00fdch tak\u00e9 jako \u201evitam\u00edn F\u201c. Olej z \u010dern\u00e9ho km\u00ednu obnovuje a udr\u017euje imunitn\u00ed syst\u00e9m, m\u00e1 protiz\u00e1n\u011btliv\u00e9 \u00fa\u010dinky, obnovuje imunitu poko\u017eky a m\u00e1 siln\u00fd antioxida\u010dn\u00ed \u00fa\u010dinek.<\/p>\n<ul>\n<li>Bez um\u011bl\u00fdch barviv.<\/li>\n<li>Bez um\u011bl\u00fdch aromat.<\/li>\n<li>Netestov\u00e1no na zv\u00ed\u0159atech.<\/li>\n<li>BEZ GMO.<\/li>\n<li>Bez lepku.<\/li>\n<li>Bez ml\u00e9\u010dn\u00fdch v\u00fdrobk\u016f.<\/li>\n<li>Bez kvasnic.<\/li>\n<li>Vhodn\u00e9 pro vegetari\u00e1ny.<\/li>\n<li>Normy EU pro kontrolu kvality.<\/li>\n<li>Certifik\u00e1t GMP.<\/li>\n<li>60 kapsl\u00ed.<\/li>\n<\/ul>\n<p>Kapsle Nigenol s olejem z \u010dern\u00e9ho km\u00ednu, vitam\u00ednem E, C, biotinem a p\u0159\u00edrodn\u00edmi karotenoidy \u2013 dopln\u011bk stravy s obsahem oleje z egyptsk\u00e9ho \u010dern\u00e9ho km\u00ednu. Nigenol d\u00e1le obsahuje vitam\u00edn E a C, kter\u00e9 p\u0159isp\u00edvaj\u00ed k ochran\u011b bun\u011bk p\u0159ed oxida\u010dn\u00edm stresem. Biotin p\u0159isp\u00edv\u00e1 k norm\u00e1ln\u00ed funkci nervov\u00e9 soustavy.<\/p>\n<p><strong>Doporu\u010den\u00e1 denn\u00ed d\u00e1vka:<\/strong>\u00a0U\u017e\u00edvejte 3 kapsle denn\u011b p\u0159ed j\u00eddlem a zapijte tekutinou.<br \/>\nNep\u0159ekra\u010dujte uvedenou doporu\u010denou denn\u00ed d\u00e1vku. Dopl\u0148ky stravy by nem\u011bly b\u00fdt u\u017e\u00edv\u00e1ny jako n\u00e1hrada pestr\u00e9 a vyv\u00e1\u017een\u00e9 stravy a zdrav\u00e9ho \u017eivotn\u00edho stylu. Uchov\u00e1vejte mimo dosah mal\u00fdch d\u011bt\u00ed. Skladujte v chladn\u00e9m a such\u00e9m m\u00edst\u011b.<\/p>\n<p><strong>Slo\u017een\u00ed:<\/strong>\u00a0Egyptsk\u00fd olej z \u010dern\u00e9ho km\u00ednu 58,9 %; \u017eelatina; zvlh\u010dovadlo: glycerol; stabiliz\u00e1tor: mono- a diglyceridy mastn\u00fdch kyselin; askorb\u00e1t v\u00e1penat\u00fd; emulg\u00e1tor: s\u00f3jov\u00fd lecitin; D-\u03b1-tokoferol; p\u0159\u00edrodn\u00ed karotenoidy 0,1 %; biotin; barviva: oxidy a hydroxid \u017eeleza<\/p>\n<p><strong>Slo\u017een\u00ed: 3 kapsle; % referen\u010dn\u00ed hodnoty p\u0159\u00edjmu*<\/strong><\/p>\n<p>\u2014 Olej z \u010dern\u00e9ho km\u00ednu: 1,35 g; **<br \/>\n\u2014 P\u0159\u00edrodn\u00ed karotenoidy: 1,5 mg; **<br \/>\n\u2014 Vitam\u00edn C: 80 mg; 100 %<br \/>\n\u2014 Vitamin E: 2 mg \u03b1-TE; 100 %<br \/>\n\u2014 Biotin: 50 \u03bcg; 100 %<\/p>\n<p><strong>*NRV (referen\u010dn\u00ed hodnota p\u0159\u00edjmu \u017eivin) dle na\u0159\u00edzen\u00ed EU\/ES 1169\/2011 **NRV nen\u00ed definov\u00e1na<\/strong><\/p>","protected":false},"excerpt":{"rendered":"<div class=\"woocommerce-product-details__short-description\">\n<div class=\"woocommerce-product-details__short-description\">\n<div class=\"woocommerce-product-details__short-description\">\n<div class=\"woocommerce-product-details__short-description\">\n<div class=\"woocommerce-product-details__short-description\">\n<div class=\"woocommerce-product-details__short-description\">\n<div class=\"woocommerce-product-details__short-description\">\n<div class=\"woocommerce-product-details__short-description\">\n<div class=\"woocommerce-product-details__short-description\">\n<div class=\"woocommerce-product-details__short-description\">\n<div class=\"woocommerce-product-details__short-description\">\n<div class=\"woocommerce-product-details__short-description\">\n<div class=\"woocommerce-product-details__short-description\">\n<div class=\"woocommerce-product-details__short-description\">\n<div class=\"woocommerce-product-details__short-description\">\n<div class=\"woocommerce-product-details__short-description\">\n<div class=\"woocommerce-product-details__short-description\">\n<div class=\"woocommerce-product-details__short-description\">\n<div class=\"woocommerce-product-details__short-description\">\n<div class=\"woocommerce-product-details__short-description\">\n<div class=\"woocommerce-product-details__short-description\">\n<div class=\"woocommerce-product-details__short-description\">\n<div class=\"woocommerce-product-details__short-description\">\n<div class=\"woocommerce-product-details__short-description\">\n<div class=\"woocommerce-product-details__short-description\">\n<div class=\"woocommerce-product-details__short-description\">\n<div class=\"woocommerce-product-details__short-description\">\n<div class=\"woocommerce-product-details__short-description\">\n<div class=\"woocommerce-product-details__short-description\">\n<div class=\"woocommerce-product-details__short-description\">\n<div class=\"woocommerce-product-details__short-description\">\n<div class=\"woocommerce-product-details__short-description\">\n<div class=\"woocommerce-product-details__short-description\">\n<div class=\"woocommerce-product-details__short-description\">\n<div class=\"woocommerce-product-details__short-description\">\n<div class=\"woocommerce-product-details__short-description\">\n<div class=\"woocommerce-product-details__short-description\">\n<div class=\"woocommerce-product-details__short-description\">\n<div class=\"woocommerce-product-details__short-description\">\n<div class=\"woocommerce-product-details__short-description\">\n<div class=\"woocommerce-product-details__short-description\">\n<div class=\"woocommerce-product-details__short-description\">\n<div class=\"woocommerce-product-details__short-description\">\n<div class=\"woocommerce-product-details__short-description\">\n<div class=\"woocommerce-product-details__short-description\">\n<div class=\"woocommerce-product-details__short-description\">\n<div class=\"woocommerce-product-details__short-description\">\n<div class=\"woocommerce-product-details__short-description\">\n<div class=\"woocommerce-product-details__short-description\">\n<div class=\"woocommerce-product-details__short-description\">\n<div class=\"woocommerce-product-details__short-description\">\n<p>Kapsle Nigenol s olejem z \u010dern\u00e9ho km\u00ednu, vitam\u00ednem E, C, biotinem a p\u0159\u00edrodn\u00edmi karotenoidy \u2013 dopln\u011bk stravy s obsahem oleje z egyptsk\u00e9ho \u010dern\u00e9ho km\u00ednu. Nigenol d\u00e1le obsahuje vitam\u00edn E a C, kter\u00e9 p\u0159isp\u00edvaj\u00ed k ochran\u011b bun\u011bk p\u0159ed oxida\u010dn\u00edm stresem. Biotin p\u0159isp\u00edv\u00e1 k norm\u00e1ln\u00ed funkci nervov\u00e9 soustavy.<\/p>\n<p>Vyrobeno ve \u0160v\u00fdcarsku.<\/p>\n<p>&nbsp;<\/p>\n<\/div>\n<div class=\"vivasan-product-icons\"><img loading=\"lazy\" decoding=\"async\" class=\"product_icon\" title=\"Made in Switzerland\" src=\"https:\/\/vivasan.club\/assets\/images\/product-icons\/swiss.svg?v=2\" alt=\"Made in Switzerland\" width=\"40\" height=\"40\" \/><img loading=\"lazy\" decoding=\"async\" class=\"product_icon\" title=\"GMP Certified\" src=\"https:\/\/vivasan.club\/assets\/images\/product-icons\/gmp.svg?v=2\" alt=\"GMP Certified\" width=\"40\" height=\"40\" \/><img loading=\"lazy\" decoding=\"async\" class=\"product_icon\" title=\"Cruelty-free\" src=\"https:\/\/vivasan.club\/assets\/images\/product-icons\/crueltyfree.svg?v=2\" alt=\"Cruelty-free\" width=\"40\" height=\"40\" \/><\/div>\n<\/div>\n<\/div>\n<\/div>\n<\/div>\n<\/div>\n<\/div>\n<\/div>\n<\/div>\n<\/div>\n<\/div>\n<\/div>\n<\/div>\n<\/div>\n<\/div>\n<\/div>\n<\/div>\n<\/div>\n<\/div>\n<\/div>\n<\/div>\n<\/div>\n<\/div>\n<\/div>\n<\/div>\n<\/div>\n<\/div>\n<\/div>\n<\/div>\n<\/div>\n<\/div>\n<\/div>\n<\/div>\n<\/div>\n<\/div>\n<\/div>\n<\/div>\n<\/div>\n<\/div>\n<\/div>\n<\/div>\n<\/div>\n<\/div>\n<\/div>\n<\/div>\n<\/div>\n<\/div>\n<\/div>\n<\/div>\n<\/div>\n<\/div>","protected":false},"featured_media":1991,"comment_status":"open","ping_status":"closed","template":"","meta":{"_acf_changed":false},"product_brand":[85],"product_cat":[68,70],"product_tag":[],"class_list":{"0":"post-1990","1":"product","2":"type-product","3":"status-publish","4":"has-post-thumbnail","6":"product_brand-vivasan","7":"product_cat-health","8":"product_cat-nutritional-supplements","10":"first","11":"instock","12":"shipping-taxable","13":"purchasable","14":"product-type-simple"},"acf":[],"yoast_head":"<!-- This site is optimized with the Yoast SEO plugin v27.3 - https:\/\/yoast.com\/product\/yoast-seo-wordpress\/ -->\n<title>Nigenol with Black Cumin Oil, Vitamin E, C, Biotin and natural Carotenoids, 60 capsules - vivasan-shop.com<\/title>\n<meta name=\"robots\" content=\"index, follow, max-snippet:-1, max-image-preview:large, max-video-preview:-1\" \/>\n<link rel=\"canonical\" href=\"https:\/\/vivasan-shop.com\/cs\/shop\/health\/nutritional-supplements\/nigenol-with-black-cumin-oil-vitamin-e-c-biotin-and-natural-carotenoids-60-capsules\/\" \/>\n<meta property=\"og:locale\" content=\"cs_CZ\" \/>\n<meta property=\"og:type\" content=\"article\" \/>\n<meta property=\"og:title\" content=\"Nigenol with Black Cumin Oil, Vitamin E, C, Biotin and natural Carotenoids, 60 capsules - vivasan-shop.com\" \/>\n<meta property=\"og:description\" content=\"Nigenol capsules with Black Cumin Oil, Vitamin E, C, Biotin and natural Carotenoids \u2014 food supplement containing the oil of the Egyptian black cumin. Furthermore Nigenol contains vitamin E and C, which contribute to the protection of cells from oxidative stress. Biotin contributes to normal functioning of the nervous system.  Made in Switzerland.  &nbsp;\" \/>\n<meta property=\"og:url\" content=\"https:\/\/vivasan-shop.com\/cs\/shop\/health\/nutritional-supplements\/nigenol-with-black-cumin-oil-vitamin-e-c-biotin-and-natural-carotenoids-60-capsules\/\" \/>\n<meta property=\"og:site_name\" content=\"vivasan-shop.com\" \/>\n<meta property=\"article:modified_time\" content=\"2025-08-11T16:00:25+00:00\" \/>\n<meta property=\"og:image\" content=\"https:\/\/vivasan-shop.com\/wp-content\/uploads\/2025\/09\/photo_2025-09-04_15-07-27-removebg-preview.png\" \/>\n\t<meta property=\"og:image:width\" content=\"715\" \/>\n\t<meta property=\"og:image:height\" content=\"349\" \/>\n\t<meta property=\"og:image:type\" content=\"image\/png\" \/>\n<meta name=\"twitter:card\" content=\"summary_large_image\" \/>\n<meta name=\"twitter:label1\" content=\"Odhadovan\u00e1 doba \u010dten\u00ed\" \/>\n\t<meta name=\"twitter:data1\" content=\"1 minuta\" \/>\n<script type=\"application\/ld+json\" class=\"yoast-schema-graph\">{\"@context\":\"https:\\\/\\\/schema.org\",\"@graph\":[{\"@type\":[\"WebPage\",\"ItemPage\"],\"@id\":\"https:\\\/\\\/vivasan-shop.com\\\/shop\\\/health\\\/nutritional-supplements\\\/nigenol-with-black-cumin-oil-vitamin-e-c-biotin-and-natural-carotenoids-60-capsules\\\/\",\"url\":\"https:\\\/\\\/vivasan-shop.com\\\/shop\\\/health\\\/nutritional-supplements\\\/nigenol-with-black-cumin-oil-vitamin-e-c-biotin-and-natural-carotenoids-60-capsules\\\/\",\"name\":\"Nigenol with Black Cumin Oil, Vitamin E, C, Biotin and natural Carotenoids, 60 capsules - vivasan-shop.com\",\"isPartOf\":{\"@id\":\"https:\\\/\\\/vivasan-shop.com\\\/#website\"},\"primaryImageOfPage\":{\"@id\":\"https:\\\/\\\/vivasan-shop.com\\\/shop\\\/health\\\/nutritional-supplements\\\/nigenol-with-black-cumin-oil-vitamin-e-c-biotin-and-natural-carotenoids-60-capsules\\\/#primaryimage\"},\"image\":{\"@id\":\"https:\\\/\\\/vivasan-shop.com\\\/shop\\\/health\\\/nutritional-supplements\\\/nigenol-with-black-cumin-oil-vitamin-e-c-biotin-and-natural-carotenoids-60-capsules\\\/#primaryimage\"},\"thumbnailUrl\":\"https:\\\/\\\/vivasan-shop.com\\\/wp-content\\\/uploads\\\/2025\\\/06\\\/vivasan.club-20210306-1702-34262227.avif\",\"datePublished\":\"2025-06-21T09:27:00+00:00\",\"dateModified\":\"2025-08-11T16:00:25+00:00\",\"breadcrumb\":{\"@id\":\"https:\\\/\\\/vivasan-shop.com\\\/shop\\\/health\\\/nutritional-supplements\\\/nigenol-with-black-cumin-oil-vitamin-e-c-biotin-and-natural-carotenoids-60-capsules\\\/#breadcrumb\"},\"inLanguage\":\"cs\",\"potentialAction\":[{\"@type\":\"ReadAction\",\"target\":[\"https:\\\/\\\/vivasan-shop.com\\\/shop\\\/health\\\/nutritional-supplements\\\/nigenol-with-black-cumin-oil-vitamin-e-c-biotin-and-natural-carotenoids-60-capsules\\\/\"]}]},{\"@type\":\"ImageObject\",\"inLanguage\":\"cs\",\"@id\":\"https:\\\/\\\/vivasan-shop.com\\\/shop\\\/health\\\/nutritional-supplements\\\/nigenol-with-black-cumin-oil-vitamin-e-c-biotin-and-natural-carotenoids-60-capsules\\\/#primaryimage\",\"url\":\"https:\\\/\\\/vivasan-shop.com\\\/wp-content\\\/uploads\\\/2025\\\/06\\\/vivasan.club-20210306-1702-34262227.avif\",\"contentUrl\":\"https:\\\/\\\/vivasan-shop.com\\\/wp-content\\\/uploads\\\/2025\\\/06\\\/vivasan.club-20210306-1702-34262227.avif\",\"width\":768,\"height\":768},{\"@type\":\"BreadcrumbList\",\"@id\":\"https:\\\/\\\/vivasan-shop.com\\\/shop\\\/health\\\/nutritional-supplements\\\/nigenol-with-black-cumin-oil-vitamin-e-c-biotin-and-natural-carotenoids-60-capsules\\\/#breadcrumb\",\"itemListElement\":[{\"@type\":\"ListItem\",\"position\":1,\"name\":\"Home\",\"item\":\"https:\\\/\\\/vivasan-shop.com\\\/\"},{\"@type\":\"ListItem\",\"position\":2,\"name\":\"Shop\",\"item\":\"https:\\\/\\\/vivasan-shop.com\\\/shop\\\/\"},{\"@type\":\"ListItem\",\"position\":3,\"name\":\"Nigenol with Black Cumin Oil, Vitamin E, C, Biotin and natural Carotenoids, 60 capsules\"}]},{\"@type\":\"WebSite\",\"@id\":\"https:\\\/\\\/vivasan-shop.com\\\/#website\",\"url\":\"https:\\\/\\\/vivasan-shop.com\\\/\",\"name\":\"Vivasan\",\"description\":\"\",\"publisher\":{\"@id\":\"https:\\\/\\\/vivasan-shop.com\\\/#organization\"},\"potentialAction\":[{\"@type\":\"SearchAction\",\"target\":{\"@type\":\"EntryPoint\",\"urlTemplate\":\"https:\\\/\\\/vivasan-shop.com\\\/?s={search_term_string}\"},\"query-input\":{\"@type\":\"PropertyValueSpecification\",\"valueRequired\":true,\"valueName\":\"search_term_string\"}}],\"inLanguage\":\"cs\"},{\"@type\":\"Organization\",\"@id\":\"https:\\\/\\\/vivasan-shop.com\\\/#organization\",\"name\":\"Vivasan\",\"url\":\"https:\\\/\\\/vivasan-shop.com\\\/\",\"logo\":{\"@type\":\"ImageObject\",\"inLanguage\":\"cs\",\"@id\":\"https:\\\/\\\/vivasan-shop.com\\\/#\\\/schema\\\/logo\\\/image\\\/\",\"url\":\"https:\\\/\\\/vivasan-shop.com\\\/wp-content\\\/uploads\\\/2025\\\/07\\\/photo_2025-07-05_23-33-41.jpg\",\"contentUrl\":\"https:\\\/\\\/vivasan-shop.com\\\/wp-content\\\/uploads\\\/2025\\\/07\\\/photo_2025-07-05_23-33-41.jpg\",\"width\":1080,\"height\":608,\"caption\":\"Vivasan\"},\"image\":{\"@id\":\"https:\\\/\\\/vivasan-shop.com\\\/#\\\/schema\\\/logo\\\/image\\\/\"}}]}<\/script>\n<!-- \/ Yoast SEO plugin. -->","yoast_head_json":{"title":"Nigenol with Black Cumin Oil, Vitamin E, C, Biotin and natural Carotenoids, 60 capsules - vivasan-shop.com","robots":{"index":"index","follow":"follow","max-snippet":"max-snippet:-1","max-image-preview":"max-image-preview:large","max-video-preview":"max-video-preview:-1"},"canonical":"https:\/\/vivasan-shop.com\/cs\/shop\/health\/nutritional-supplements\/nigenol-with-black-cumin-oil-vitamin-e-c-biotin-and-natural-carotenoids-60-capsules\/","og_locale":"cs_CZ","og_type":"article","og_title":"Nigenol with Black Cumin Oil, Vitamin E, C, Biotin and natural Carotenoids, 60 capsules - vivasan-shop.com","og_description":"Nigenol capsules with Black Cumin Oil, Vitamin E, C, Biotin and natural Carotenoids \u2014 food supplement containing the oil of the Egyptian black cumin. Furthermore Nigenol contains vitamin E and C, which contribute to the protection of cells from oxidative stress. Biotin contributes to normal functioning of the nervous system.  Made in Switzerland.  &nbsp;","og_url":"https:\/\/vivasan-shop.com\/cs\/shop\/health\/nutritional-supplements\/nigenol-with-black-cumin-oil-vitamin-e-c-biotin-and-natural-carotenoids-60-capsules\/","og_site_name":"vivasan-shop.com","article_modified_time":"2025-08-11T16:00:25+00:00","og_image":[{"width":715,"height":349,"url":"https:\/\/vivasan-shop.com\/wp-content\/uploads\/2025\/09\/photo_2025-09-04_15-07-27-removebg-preview.png","type":"image\/png"}],"twitter_card":"summary_large_image","twitter_misc":{"Odhadovan\u00e1 doba \u010dten\u00ed":"1 minuta"},"schema":{"@context":"https:\/\/schema.org","@graph":[{"@type":["WebPage","ItemPage"],"@id":"https:\/\/vivasan-shop.com\/shop\/health\/nutritional-supplements\/nigenol-with-black-cumin-oil-vitamin-e-c-biotin-and-natural-carotenoids-60-capsules\/","url":"https:\/\/vivasan-shop.com\/shop\/health\/nutritional-supplements\/nigenol-with-black-cumin-oil-vitamin-e-c-biotin-and-natural-carotenoids-60-capsules\/","name":"Nigenol with Black Cumin Oil, Vitamin E, C, Biotin and natural Carotenoids, 60 capsules - vivasan-shop.com","isPartOf":{"@id":"https:\/\/vivasan-shop.com\/#website"},"primaryImageOfPage":{"@id":"https:\/\/vivasan-shop.com\/shop\/health\/nutritional-supplements\/nigenol-with-black-cumin-oil-vitamin-e-c-biotin-and-natural-carotenoids-60-capsules\/#primaryimage"},"image":{"@id":"https:\/\/vivasan-shop.com\/shop\/health\/nutritional-supplements\/nigenol-with-black-cumin-oil-vitamin-e-c-biotin-and-natural-carotenoids-60-capsules\/#primaryimage"},"thumbnailUrl":"https:\/\/vivasan-shop.com\/wp-content\/uploads\/2025\/06\/vivasan.club-20210306-1702-34262227.avif","datePublished":"2025-06-21T09:27:00+00:00","dateModified":"2025-08-11T16:00:25+00:00","breadcrumb":{"@id":"https:\/\/vivasan-shop.com\/shop\/health\/nutritional-supplements\/nigenol-with-black-cumin-oil-vitamin-e-c-biotin-and-natural-carotenoids-60-capsules\/#breadcrumb"},"inLanguage":"cs","potentialAction":[{"@type":"ReadAction","target":["https:\/\/vivasan-shop.com\/shop\/health\/nutritional-supplements\/nigenol-with-black-cumin-oil-vitamin-e-c-biotin-and-natural-carotenoids-60-capsules\/"]}]},{"@type":"ImageObject","inLanguage":"cs","@id":"https:\/\/vivasan-shop.com\/shop\/health\/nutritional-supplements\/nigenol-with-black-cumin-oil-vitamin-e-c-biotin-and-natural-carotenoids-60-capsules\/#primaryimage","url":"https:\/\/vivasan-shop.com\/wp-content\/uploads\/2025\/06\/vivasan.club-20210306-1702-34262227.avif","contentUrl":"https:\/\/vivasan-shop.com\/wp-content\/uploads\/2025\/06\/vivasan.club-20210306-1702-34262227.avif","width":768,"height":768},{"@type":"BreadcrumbList","@id":"https:\/\/vivasan-shop.com\/shop\/health\/nutritional-supplements\/nigenol-with-black-cumin-oil-vitamin-e-c-biotin-and-natural-carotenoids-60-capsules\/#breadcrumb","itemListElement":[{"@type":"ListItem","position":1,"name":"Home","item":"https:\/\/vivasan-shop.com\/"},{"@type":"ListItem","position":2,"name":"Shop","item":"https:\/\/vivasan-shop.com\/shop\/"},{"@type":"ListItem","position":3,"name":"Nigenol with Black Cumin Oil, Vitamin E, C, Biotin and natural Carotenoids, 60 capsules"}]},{"@type":"WebSite","@id":"https:\/\/vivasan-shop.com\/#website","url":"https:\/\/vivasan-shop.com\/","name":"Vivasan","description":"","publisher":{"@id":"https:\/\/vivasan-shop.com\/#organization"},"potentialAction":[{"@type":"SearchAction","target":{"@type":"EntryPoint","urlTemplate":"https:\/\/vivasan-shop.com\/?s={search_term_string}"},"query-input":{"@type":"PropertyValueSpecification","valueRequired":true,"valueName":"search_term_string"}}],"inLanguage":"cs"},{"@type":"Organization","@id":"https:\/\/vivasan-shop.com\/#organization","name":"Vivasan","url":"https:\/\/vivasan-shop.com\/","logo":{"@type":"ImageObject","inLanguage":"cs","@id":"https:\/\/vivasan-shop.com\/#\/schema\/logo\/image\/","url":"https:\/\/vivasan-shop.com\/wp-content\/uploads\/2025\/07\/photo_2025-07-05_23-33-41.jpg","contentUrl":"https:\/\/vivasan-shop.com\/wp-content\/uploads\/2025\/07\/photo_2025-07-05_23-33-41.jpg","width":1080,"height":608,"caption":"Vivasan"},"image":{"@id":"https:\/\/vivasan-shop.com\/#\/schema\/logo\/image\/"}}]}},"_links":{"self":[{"href":"https:\/\/vivasan-shop.com\/cs\/wp-json\/wp\/v2\/product\/1990","targetHints":{"allow":["GET"]}}],"collection":[{"href":"https:\/\/vivasan-shop.com\/cs\/wp-json\/wp\/v2\/product"}],"about":[{"href":"https:\/\/vivasan-shop.com\/cs\/wp-json\/wp\/v2\/types\/product"}],"replies":[{"embeddable":true,"href":"https:\/\/vivasan-shop.com\/cs\/wp-json\/wp\/v2\/comments?post=1990"}],"version-history":[{"count":1,"href":"https:\/\/vivasan-shop.com\/cs\/wp-json\/wp\/v2\/product\/1990\/revisions"}],"predecessor-version":[{"id":1992,"href":"https:\/\/vivasan-shop.com\/cs\/wp-json\/wp\/v2\/product\/1990\/revisions\/1992"}],"wp:featuredmedia":[{"embeddable":true,"href":"https:\/\/vivasan-shop.com\/cs\/wp-json\/wp\/v2\/media\/1991"}],"wp:attachment":[{"href":"https:\/\/vivasan-shop.com\/cs\/wp-json\/wp\/v2\/media?parent=1990"}],"wp:term":[{"taxonomy":"product_brand","embeddable":true,"href":"https:\/\/vivasan-shop.com\/cs\/wp-json\/wp\/v2\/product_brand?post=1990"},{"taxonomy":"product_cat","embeddable":true,"href":"https:\/\/vivasan-shop.com\/cs\/wp-json\/wp\/v2\/product_cat?post=1990"},{"taxonomy":"product_tag","embeddable":true,"href":"https:\/\/vivasan-shop.com\/cs\/wp-json\/wp\/v2\/product_tag?post=1990"}],"curies":[{"name":"wp","href":"https:\/\/api.w.org\/{rel}","templated":true}]}}