{"id":1993,"date":"2025-06-21T09:28:00","date_gmt":"2025-06-21T09:28:00","guid":{"rendered":"https:\/\/vivasan-shop.com\/?post_type=product&#038;p=1993"},"modified":"2025-08-11T16:00:25","modified_gmt":"2025-08-11T16:00:25","slug":"omega-3-forte-krill-oil-and-fish-oil-epadha-90-capsules","status":"publish","type":"product","link":"https:\/\/vivasan-shop.com\/cs\/shop\/health\/nutritional-supplements\/omega-3-forte-krill-oil-and-fish-oil-epadha-90-capsules\/","title":{"rendered":"Omega 3 Forte \u2014 Krill olej a ryb\u00ed olej EPA+DHA, 90 kapsl\u00ed"},"content":{"rendered":"<p>Krill oil has a high percentage of Omega 3, whereby the ratio to omega-6 at 15:1 is optimal and is considered medically to be responsible for the beneficial effects. Krill oil further contains about 3% oleic acid, which is said to also have a health-promoting effect, as well as astaxanthin, an antioxidant. The resulting antioxidative effect is 6,000 times stronger than that of vitamin C. Omega-3 Forte fish oil + krill oil capsules improve metabolism, support the functions of the immune and cardiovascular systems, and help to maintain the body\u2019s balance (homeostasis). Prevents age-related changes in the human body and premature aging, combats dry skin, and normalizes fat metabolism.<\/p>\n<ul>\n<li>Bez um\u011bl\u00fdch barviv.<\/li>\n<li>No artificial flavor.<\/li>\n<li>Netestov\u00e1no na zv\u00ed\u0159atech.<\/li>\n<li>BEZ GMO.<\/li>\n<li>Vhodn\u00e9 pro vegetari\u00e1ny.<\/li>\n<li>Normy EU pro kontrolu kvality.<\/li>\n<li>Certifik\u00e1t GMP.<\/li>\n<li>90 capsules.<\/li>\n<\/ul>\n<p>The Omega 3 Forte with fish and krill oil EPA and DHA (90 capsules) contribute to the normal function of the heart* are a food supplement. The combination of fish oil and krill oil increases the omega-3 component per capsule. One capsule therefore guarantees the daily requirement of EPA+DHA of 263 mg.<\/p>\n<p><strong>Doporu\u010den\u00e1 denn\u00ed d\u00e1vka:\u00a0<\/strong>For adults and children from 12 years. Take 1 capsule daily with liquid. Do not exceed the stated recommended daily dose. Food supplements should not be a substitute for a varied and balanced diet and a healthy lifestyle. Keep out of reach of young children. Store in a cool, dry place and protected from light.<\/p>\n<p><strong>Slo\u017een\u00ed:\u00a0<\/strong>Fish oil (56.2%); gelatin; krill oil* (12.1%); humectants: glycerol, sorbitol. *may contain traces of fish and crustaceans.<\/p>\n<p><strong>Composition: per 100 g \u2014 1 capsule \u2014 % NRV**<\/strong><\/p>\n<p>\u2014 Fish oil and krill oil****: \u2014<strong>\u00a068,4 g; \u2014 400 mg;<\/strong>\u00a0\u2014 ***<br \/>\n\u2014 thereof omega-3 fatty acids: \u2014<strong>\u00a050,7 g; 1 capsule \u2014 297 mg;<\/strong><br \/>\n\u2014 as EPA: per 100 g \u2014\u00a0<strong>31,3 g; \u2014 182,9 mg;<\/strong><br \/>\n\u2014 as DHA: per 100 g \u2014\u00a0<strong>13,7 g ; \u2014 80,3 mg.<\/strong><\/p>\n<p><strong>*the beneficial effect is obtained with a daily intake of 250 mg of EPA and DHA<br \/>\n**NRV (nutrient reference value) to EC regulation 1169 \/ 2011<br \/>\n*** \/ no NRV defined<br \/>\n****Krill oil is an oily extract derived from the Antarctic krill (Euphausia superba).<\/strong><\/p>","protected":false},"excerpt":{"rendered":"<div class=\"woocommerce-product-details__short-description\">\n<div class=\"woocommerce-product-details__short-description\">\n<div class=\"woocommerce-product-details__short-description\">\n<div class=\"woocommerce-product-details__short-description\">\n<div class=\"woocommerce-product-details__short-description\">\n<div class=\"woocommerce-product-details__short-description\">\n<div class=\"woocommerce-product-details__short-description\">\n<div class=\"woocommerce-product-details__short-description\">\n<div class=\"woocommerce-product-details__short-description\">\n<div class=\"woocommerce-product-details__short-description\">\n<div class=\"woocommerce-product-details__short-description\">\n<div class=\"woocommerce-product-details__short-description\">\n<div class=\"woocommerce-product-details__short-description\">\n<div class=\"woocommerce-product-details__short-description\">\n<div class=\"woocommerce-product-details__short-description\">\n<div class=\"woocommerce-product-details__short-description\">\n<div class=\"woocommerce-product-details__short-description\">\n<div class=\"woocommerce-product-details__short-description\">\n<div class=\"woocommerce-product-details__short-description\">\n<div class=\"woocommerce-product-details__short-description\">\n<div class=\"woocommerce-product-details__short-description\">\n<div class=\"woocommerce-product-details__short-description\">\n<div class=\"woocommerce-product-details__short-description\">\n<div class=\"woocommerce-product-details__short-description\">\n<div class=\"woocommerce-product-details__short-description\">\n<div class=\"woocommerce-product-details__short-description\">\n<div class=\"woocommerce-product-details__short-description\">\n<div class=\"woocommerce-product-details__short-description\">\n<div class=\"woocommerce-product-details__short-description\">\n<div class=\"woocommerce-product-details__short-description\">\n<div class=\"woocommerce-product-details__short-description\">\n<div class=\"woocommerce-product-details__short-description\">\n<div class=\"woocommerce-product-details__short-description\">\n<div class=\"woocommerce-product-details__short-description\">\n<div class=\"woocommerce-product-details__short-description\">\n<div class=\"woocommerce-product-details__short-description\">\n<div class=\"woocommerce-product-details__short-description\">\n<div class=\"woocommerce-product-details__short-description\">\n<div class=\"woocommerce-product-details__short-description\">\n<div class=\"woocommerce-product-details__short-description\">\n<div class=\"woocommerce-product-details__short-description\">\n<div class=\"woocommerce-product-details__short-description\">\n<div class=\"woocommerce-product-details__short-description\">\n<div class=\"woocommerce-product-details__short-description\">\n<div class=\"woocommerce-product-details__short-description\">\n<div class=\"woocommerce-product-details__short-description\">\n<div class=\"woocommerce-product-details__short-description\">\n<div class=\"woocommerce-product-details__short-description\">\n<div class=\"woocommerce-product-details__short-description\">\n<div class=\"woocommerce-product-details__short-description\">\n<div class=\"woocommerce-product-details__short-description\">\n<p>The Omega 3 Forte with fish and krill oil EPA and DHA contribute to the normal function of the heart* are a highly effective dietary supplement. The combination of fish oil and krill oil increases the Omega 3 component per capsule. One capsule therefore guarantees the daily requirement of EPA+DHA of 263 mg.<\/p>\n<p>Vyrobeno ve \u0160v\u00fdcarsku.<\/p>\n<p>&nbsp;<\/p>\n<\/div>\n<div class=\"vivasan-product-icons\"><img loading=\"lazy\" decoding=\"async\" class=\"product_icon\" title=\"Made in Switzerland\" src=\"https:\/\/vivasan.club\/assets\/images\/product-icons\/swiss.svg?v=2\" alt=\"Made in Switzerland\" width=\"40\" height=\"40\" \/><img loading=\"lazy\" decoding=\"async\" class=\"product_icon\" title=\"GMP Certified\" src=\"https:\/\/vivasan.club\/assets\/images\/product-icons\/gmp.svg?v=2\" alt=\"GMP Certified\" width=\"40\" height=\"40\" \/><img loading=\"lazy\" decoding=\"async\" class=\"product_icon\" title=\"Cruelty-free\" src=\"https:\/\/vivasan.club\/assets\/images\/product-icons\/crueltyfree.svg?v=2\" alt=\"Cruelty-free\" width=\"40\" height=\"40\" \/><\/div>\n<\/div>\n<\/div>\n<\/div>\n<\/div>\n<\/div>\n<\/div>\n<\/div>\n<\/div>\n<\/div>\n<\/div>\n<\/div>\n<\/div>\n<\/div>\n<\/div>\n<\/div>\n<\/div>\n<\/div>\n<\/div>\n<\/div>\n<\/div>\n<\/div>\n<\/div>\n<\/div>\n<\/div>\n<\/div>\n<\/div>\n<\/div>\n<\/div>\n<\/div>\n<\/div>\n<\/div>\n<\/div>\n<\/div>\n<\/div>\n<\/div>\n<\/div>\n<\/div>\n<\/div>\n<\/div>\n<\/div>\n<\/div>\n<\/div>\n<\/div>\n<\/div>\n<\/div>\n<\/div>\n<\/div>\n<\/div>\n<\/div>\n<\/div>","protected":false},"featured_media":1994,"comment_status":"open","ping_status":"closed","template":"","meta":{"_acf_changed":false},"product_brand":[85],"product_cat":[68,70],"product_tag":[],"class_list":{"0":"post-1993","1":"product","2":"type-product","3":"status-publish","4":"has-post-thumbnail","6":"product_brand-vivasan","7":"product_cat-health","8":"product_cat-nutritional-supplements","10":"first","11":"instock","12":"shipping-taxable","13":"purchasable","14":"product-type-simple"},"acf":[],"yoast_head":"<!-- This site is optimized with the Yoast SEO plugin v27.3 - https:\/\/yoast.com\/product\/yoast-seo-wordpress\/ -->\n<title>Omega 3 Forte \u2014 Krill Oil and Fish Oil EPA+DHA, 90 capsules - vivasan-shop.com<\/title>\n<meta name=\"robots\" content=\"index, follow, max-snippet:-1, max-image-preview:large, max-video-preview:-1\" \/>\n<link rel=\"canonical\" href=\"https:\/\/vivasan-shop.com\/cs\/shop\/health\/nutritional-supplements\/omega-3-forte-krill-oil-and-fish-oil-epadha-90-capsules\/\" \/>\n<meta property=\"og:locale\" content=\"cs_CZ\" \/>\n<meta property=\"og:type\" content=\"article\" \/>\n<meta property=\"og:title\" content=\"Omega 3 Forte \u2014 Krill Oil and Fish Oil EPA+DHA, 90 capsules - vivasan-shop.com\" \/>\n<meta property=\"og:description\" content=\"The Omega 3 Forte with fish and krill oil EPA and DHA contribute to the normal function of the heart* are a highly effective dietary supplement. The combination of fish oil and krill oil increases the Omega 3 component per capsule. One capsule therefore guarantees the daily requirement of EPA+DHA of 263 mg.  Made in Switzerland.  &nbsp;\" \/>\n<meta property=\"og:url\" content=\"https:\/\/vivasan-shop.com\/cs\/shop\/health\/nutritional-supplements\/omega-3-forte-krill-oil-and-fish-oil-epadha-90-capsules\/\" \/>\n<meta property=\"og:site_name\" content=\"vivasan-shop.com\" \/>\n<meta property=\"article:modified_time\" content=\"2025-08-11T16:00:25+00:00\" \/>\n<meta property=\"og:image\" content=\"https:\/\/vivasan-shop.com\/wp-content\/uploads\/2025\/09\/photo_2025-09-04_15-07-27-removebg-preview.png\" \/>\n\t<meta property=\"og:image:width\" content=\"715\" \/>\n\t<meta property=\"og:image:height\" content=\"349\" \/>\n\t<meta property=\"og:image:type\" content=\"image\/png\" \/>\n<meta name=\"twitter:card\" content=\"summary_large_image\" \/>\n<meta name=\"twitter:label1\" content=\"Odhadovan\u00e1 doba \u010dten\u00ed\" \/>\n\t<meta name=\"twitter:data1\" content=\"1 minuta\" \/>\n<script type=\"application\/ld+json\" class=\"yoast-schema-graph\">{\"@context\":\"https:\\\/\\\/schema.org\",\"@graph\":[{\"@type\":[\"WebPage\",\"ItemPage\"],\"@id\":\"https:\\\/\\\/vivasan-shop.com\\\/shop\\\/health\\\/nutritional-supplements\\\/omega-3-forte-krill-oil-and-fish-oil-epadha-90-capsules\\\/\",\"url\":\"https:\\\/\\\/vivasan-shop.com\\\/shop\\\/health\\\/nutritional-supplements\\\/omega-3-forte-krill-oil-and-fish-oil-epadha-90-capsules\\\/\",\"name\":\"Omega 3 Forte \u2014 Krill Oil and Fish Oil EPA+DHA, 90 capsules - vivasan-shop.com\",\"isPartOf\":{\"@id\":\"https:\\\/\\\/vivasan-shop.com\\\/#website\"},\"primaryImageOfPage\":{\"@id\":\"https:\\\/\\\/vivasan-shop.com\\\/shop\\\/health\\\/nutritional-supplements\\\/omega-3-forte-krill-oil-and-fish-oil-epadha-90-capsules\\\/#primaryimage\"},\"image\":{\"@id\":\"https:\\\/\\\/vivasan-shop.com\\\/shop\\\/health\\\/nutritional-supplements\\\/omega-3-forte-krill-oil-and-fish-oil-epadha-90-capsules\\\/#primaryimage\"},\"thumbnailUrl\":\"https:\\\/\\\/vivasan-shop.com\\\/wp-content\\\/uploads\\\/2025\\\/06\\\/vivasan.club-20210306-1730-44489957.avif\",\"datePublished\":\"2025-06-21T09:28:00+00:00\",\"dateModified\":\"2025-08-11T16:00:25+00:00\",\"breadcrumb\":{\"@id\":\"https:\\\/\\\/vivasan-shop.com\\\/shop\\\/health\\\/nutritional-supplements\\\/omega-3-forte-krill-oil-and-fish-oil-epadha-90-capsules\\\/#breadcrumb\"},\"inLanguage\":\"cs\",\"potentialAction\":[{\"@type\":\"ReadAction\",\"target\":[\"https:\\\/\\\/vivasan-shop.com\\\/shop\\\/health\\\/nutritional-supplements\\\/omega-3-forte-krill-oil-and-fish-oil-epadha-90-capsules\\\/\"]}]},{\"@type\":\"ImageObject\",\"inLanguage\":\"cs\",\"@id\":\"https:\\\/\\\/vivasan-shop.com\\\/shop\\\/health\\\/nutritional-supplements\\\/omega-3-forte-krill-oil-and-fish-oil-epadha-90-capsules\\\/#primaryimage\",\"url\":\"https:\\\/\\\/vivasan-shop.com\\\/wp-content\\\/uploads\\\/2025\\\/06\\\/vivasan.club-20210306-1730-44489957.avif\",\"contentUrl\":\"https:\\\/\\\/vivasan-shop.com\\\/wp-content\\\/uploads\\\/2025\\\/06\\\/vivasan.club-20210306-1730-44489957.avif\",\"width\":768,\"height\":768},{\"@type\":\"BreadcrumbList\",\"@id\":\"https:\\\/\\\/vivasan-shop.com\\\/shop\\\/health\\\/nutritional-supplements\\\/omega-3-forte-krill-oil-and-fish-oil-epadha-90-capsules\\\/#breadcrumb\",\"itemListElement\":[{\"@type\":\"ListItem\",\"position\":1,\"name\":\"Home\",\"item\":\"https:\\\/\\\/vivasan-shop.com\\\/\"},{\"@type\":\"ListItem\",\"position\":2,\"name\":\"Shop\",\"item\":\"https:\\\/\\\/vivasan-shop.com\\\/shop\\\/\"},{\"@type\":\"ListItem\",\"position\":3,\"name\":\"Omega 3 Forte \u2014 Krill Oil and Fish Oil EPA+DHA, 90 capsules\"}]},{\"@type\":\"WebSite\",\"@id\":\"https:\\\/\\\/vivasan-shop.com\\\/#website\",\"url\":\"https:\\\/\\\/vivasan-shop.com\\\/\",\"name\":\"Vivasan\",\"description\":\"\",\"publisher\":{\"@id\":\"https:\\\/\\\/vivasan-shop.com\\\/#organization\"},\"potentialAction\":[{\"@type\":\"SearchAction\",\"target\":{\"@type\":\"EntryPoint\",\"urlTemplate\":\"https:\\\/\\\/vivasan-shop.com\\\/?s={search_term_string}\"},\"query-input\":{\"@type\":\"PropertyValueSpecification\",\"valueRequired\":true,\"valueName\":\"search_term_string\"}}],\"inLanguage\":\"cs\"},{\"@type\":\"Organization\",\"@id\":\"https:\\\/\\\/vivasan-shop.com\\\/#organization\",\"name\":\"Vivasan\",\"url\":\"https:\\\/\\\/vivasan-shop.com\\\/\",\"logo\":{\"@type\":\"ImageObject\",\"inLanguage\":\"cs\",\"@id\":\"https:\\\/\\\/vivasan-shop.com\\\/#\\\/schema\\\/logo\\\/image\\\/\",\"url\":\"https:\\\/\\\/vivasan-shop.com\\\/wp-content\\\/uploads\\\/2025\\\/07\\\/photo_2025-07-05_23-33-41.jpg\",\"contentUrl\":\"https:\\\/\\\/vivasan-shop.com\\\/wp-content\\\/uploads\\\/2025\\\/07\\\/photo_2025-07-05_23-33-41.jpg\",\"width\":1080,\"height\":608,\"caption\":\"Vivasan\"},\"image\":{\"@id\":\"https:\\\/\\\/vivasan-shop.com\\\/#\\\/schema\\\/logo\\\/image\\\/\"}}]}<\/script>\n<!-- \/ Yoast SEO plugin. -->","yoast_head_json":{"title":"Omega 3 Forte \u2014 Krill Oil and Fish Oil EPA+DHA, 90 capsules - vivasan-shop.com","robots":{"index":"index","follow":"follow","max-snippet":"max-snippet:-1","max-image-preview":"max-image-preview:large","max-video-preview":"max-video-preview:-1"},"canonical":"https:\/\/vivasan-shop.com\/cs\/shop\/health\/nutritional-supplements\/omega-3-forte-krill-oil-and-fish-oil-epadha-90-capsules\/","og_locale":"cs_CZ","og_type":"article","og_title":"Omega 3 Forte \u2014 Krill Oil and Fish Oil EPA+DHA, 90 capsules - vivasan-shop.com","og_description":"The Omega 3 Forte with fish and krill oil EPA and DHA contribute to the normal function of the heart* are a highly effective dietary supplement. The combination of fish oil and krill oil increases the Omega 3 component per capsule. One capsule therefore guarantees the daily requirement of EPA+DHA of 263 mg.  Made in Switzerland.  &nbsp;","og_url":"https:\/\/vivasan-shop.com\/cs\/shop\/health\/nutritional-supplements\/omega-3-forte-krill-oil-and-fish-oil-epadha-90-capsules\/","og_site_name":"vivasan-shop.com","article_modified_time":"2025-08-11T16:00:25+00:00","og_image":[{"width":715,"height":349,"url":"https:\/\/vivasan-shop.com\/wp-content\/uploads\/2025\/09\/photo_2025-09-04_15-07-27-removebg-preview.png","type":"image\/png"}],"twitter_card":"summary_large_image","twitter_misc":{"Odhadovan\u00e1 doba \u010dten\u00ed":"1 minuta"},"schema":{"@context":"https:\/\/schema.org","@graph":[{"@type":["WebPage","ItemPage"],"@id":"https:\/\/vivasan-shop.com\/shop\/health\/nutritional-supplements\/omega-3-forte-krill-oil-and-fish-oil-epadha-90-capsules\/","url":"https:\/\/vivasan-shop.com\/shop\/health\/nutritional-supplements\/omega-3-forte-krill-oil-and-fish-oil-epadha-90-capsules\/","name":"Omega 3 Forte \u2014 Krill Oil and Fish Oil EPA+DHA, 90 capsules - vivasan-shop.com","isPartOf":{"@id":"https:\/\/vivasan-shop.com\/#website"},"primaryImageOfPage":{"@id":"https:\/\/vivasan-shop.com\/shop\/health\/nutritional-supplements\/omega-3-forte-krill-oil-and-fish-oil-epadha-90-capsules\/#primaryimage"},"image":{"@id":"https:\/\/vivasan-shop.com\/shop\/health\/nutritional-supplements\/omega-3-forte-krill-oil-and-fish-oil-epadha-90-capsules\/#primaryimage"},"thumbnailUrl":"https:\/\/vivasan-shop.com\/wp-content\/uploads\/2025\/06\/vivasan.club-20210306-1730-44489957.avif","datePublished":"2025-06-21T09:28:00+00:00","dateModified":"2025-08-11T16:00:25+00:00","breadcrumb":{"@id":"https:\/\/vivasan-shop.com\/shop\/health\/nutritional-supplements\/omega-3-forte-krill-oil-and-fish-oil-epadha-90-capsules\/#breadcrumb"},"inLanguage":"cs","potentialAction":[{"@type":"ReadAction","target":["https:\/\/vivasan-shop.com\/shop\/health\/nutritional-supplements\/omega-3-forte-krill-oil-and-fish-oil-epadha-90-capsules\/"]}]},{"@type":"ImageObject","inLanguage":"cs","@id":"https:\/\/vivasan-shop.com\/shop\/health\/nutritional-supplements\/omega-3-forte-krill-oil-and-fish-oil-epadha-90-capsules\/#primaryimage","url":"https:\/\/vivasan-shop.com\/wp-content\/uploads\/2025\/06\/vivasan.club-20210306-1730-44489957.avif","contentUrl":"https:\/\/vivasan-shop.com\/wp-content\/uploads\/2025\/06\/vivasan.club-20210306-1730-44489957.avif","width":768,"height":768},{"@type":"BreadcrumbList","@id":"https:\/\/vivasan-shop.com\/shop\/health\/nutritional-supplements\/omega-3-forte-krill-oil-and-fish-oil-epadha-90-capsules\/#breadcrumb","itemListElement":[{"@type":"ListItem","position":1,"name":"Home","item":"https:\/\/vivasan-shop.com\/"},{"@type":"ListItem","position":2,"name":"Shop","item":"https:\/\/vivasan-shop.com\/shop\/"},{"@type":"ListItem","position":3,"name":"Omega 3 Forte \u2014 Krill Oil and Fish Oil EPA+DHA, 90 capsules"}]},{"@type":"WebSite","@id":"https:\/\/vivasan-shop.com\/#website","url":"https:\/\/vivasan-shop.com\/","name":"Vivasan","description":"","publisher":{"@id":"https:\/\/vivasan-shop.com\/#organization"},"potentialAction":[{"@type":"SearchAction","target":{"@type":"EntryPoint","urlTemplate":"https:\/\/vivasan-shop.com\/?s={search_term_string}"},"query-input":{"@type":"PropertyValueSpecification","valueRequired":true,"valueName":"search_term_string"}}],"inLanguage":"cs"},{"@type":"Organization","@id":"https:\/\/vivasan-shop.com\/#organization","name":"Vivasan","url":"https:\/\/vivasan-shop.com\/","logo":{"@type":"ImageObject","inLanguage":"cs","@id":"https:\/\/vivasan-shop.com\/#\/schema\/logo\/image\/","url":"https:\/\/vivasan-shop.com\/wp-content\/uploads\/2025\/07\/photo_2025-07-05_23-33-41.jpg","contentUrl":"https:\/\/vivasan-shop.com\/wp-content\/uploads\/2025\/07\/photo_2025-07-05_23-33-41.jpg","width":1080,"height":608,"caption":"Vivasan"},"image":{"@id":"https:\/\/vivasan-shop.com\/#\/schema\/logo\/image\/"}}]}},"_links":{"self":[{"href":"https:\/\/vivasan-shop.com\/cs\/wp-json\/wp\/v2\/product\/1993","targetHints":{"allow":["GET"]}}],"collection":[{"href":"https:\/\/vivasan-shop.com\/cs\/wp-json\/wp\/v2\/product"}],"about":[{"href":"https:\/\/vivasan-shop.com\/cs\/wp-json\/wp\/v2\/types\/product"}],"replies":[{"embeddable":true,"href":"https:\/\/vivasan-shop.com\/cs\/wp-json\/wp\/v2\/comments?post=1993"}],"version-history":[{"count":1,"href":"https:\/\/vivasan-shop.com\/cs\/wp-json\/wp\/v2\/product\/1993\/revisions"}],"predecessor-version":[{"id":1995,"href":"https:\/\/vivasan-shop.com\/cs\/wp-json\/wp\/v2\/product\/1993\/revisions\/1995"}],"wp:featuredmedia":[{"embeddable":true,"href":"https:\/\/vivasan-shop.com\/cs\/wp-json\/wp\/v2\/media\/1994"}],"wp:attachment":[{"href":"https:\/\/vivasan-shop.com\/cs\/wp-json\/wp\/v2\/media?parent=1993"}],"wp:term":[{"taxonomy":"product_brand","embeddable":true,"href":"https:\/\/vivasan-shop.com\/cs\/wp-json\/wp\/v2\/product_brand?post=1993"},{"taxonomy":"product_cat","embeddable":true,"href":"https:\/\/vivasan-shop.com\/cs\/wp-json\/wp\/v2\/product_cat?post=1993"},{"taxonomy":"product_tag","embeddable":true,"href":"https:\/\/vivasan-shop.com\/cs\/wp-json\/wp\/v2\/product_tag?post=1993"}],"curies":[{"name":"wp","href":"https:\/\/api.w.org\/{rel}","templated":true}]}}