{"id":2001,"date":"2025-06-21T09:33:00","date_gmt":"2025-06-21T09:33:00","guid":{"rendered":"https:\/\/vivasan-shop.com\/?post_type=product&#038;p=2001"},"modified":"2025-08-11T16:00:24","modified_gmt":"2025-08-11T16:00:24","slug":"p-c-28-plus-tablets","status":"publish","type":"product","link":"https:\/\/vivasan-shop.com\/cs\/shop\/health\/nutritional-supplements\/p-c-28-plus-tablets\/","title":{"rendered":"Tablety P.C. 28 Plus"},"content":{"rendered":"<p>P.C. 28 Plus (tablets) is a dietary supplement with plant extracts and derivatives with Feverfew, Chaste tree, Devil\u2019s claw and Magnesium. With added sugar and sweetener. Contributes to normal functioning of the nervous system, relieves stress and discomfort in joints and muscles, local and general fatigue.<\/p>\n<ul>\n<li>Bez um\u011bl\u00fdch barviv.<\/li>\n<li>Netestov\u00e1no na zv\u00ed\u0159atech.<\/li>\n<li>Suitable for vegetarian\/vegan.<\/li>\n<li>Normy EU pro kontrolu kvality.<\/li>\n<li>GMP certificates.<\/li>\n<li>20 tablets (8.2 g).<\/li>\n<\/ul>\n<p><strong>PHYSIOLOGICAL EFFECT:<\/strong>\u00a0contributes to normal functioning of the nervous system.<\/p>\n<p><strong>SUGGESTED DAILY DOSAGE:<\/strong>\u00a02 tablets. To dissolve in the mouth or to be swallowed, as required.<\/p>\n<p><strong>DAILY CONTENTS OF PLANT EXTRACTS<\/strong>: Feverfew 240 mg, Chaste tree 160 mg, Devil\u2019s claw 40 mg.<\/p>\n<p><strong>DAILY CONTENTS OF VITAMINS:<\/strong>\u00a0Vitamin E: 10 mg (83.3 % NRVs), B6: 2 mg (142.8 % NRVs).<\/p>\n<p><strong>DAILY CONTENTS OF MINERALS:<\/strong>\u00a0Magnesium 100 mg (26.7 % NRVs).<\/p>\n<p><strong>DIRECTIONS:<\/strong>\u00a0do not overdose suggested daily dosage \u2022 Food supplements should be used as part of a varied and balanced diet and a healthy lifestyle \u2022 Keep out of the reach of children under three years \u2022 Period of assumption subject to your physician-nutritionist opinion.<\/p>\n<p><strong>PRECAUTIONS:<\/strong>\u00a0not to be taken during pregnancy.<\/p>\n<p><strong>STORAGE:<\/strong>\u00a0to preserve in fresh (15-25 \u00b0C) and dry place, safe from direct sunlight.<\/p>\n<p><strong>PRESENTATION:<\/strong>\u00a0Box of 20 tablets of 410 mg in blister \u2013 Net Weight: 8,2 g<\/p>\n<p><strong>INGREDIENTS:\u00a0<\/strong>d.e. from Feverfew (Tanacetum parthenium L.) plant parts above the ground 29.3% \u2013 Maltodestrine; Magnesium oxide 20.7%; d.e. from Chaste tree (Vitex Agnus-castus L.) fruits 19.5% \u2013 Maltodestrine; Acidifier: Tartaric acid; Flavour: dehydrated Orange; d.e. from Devil\u2019s claw (Harpagophytum procumbens DC.) secondary roots 4,9% \u2013 Maltodestrine; Antiacidity regulators: Sodium bicarbonate; Thickener: Cross-linked sodium carboxy methyl cellulose; Fructose, Sweetner: Sucralose; Vit. E (D \u2013 alpha-tocopherol as TE), Vit. B6 (pyridoxine hydrochloride).<\/p>\n<p><strong>Usage:\u00a0<\/strong>As with other food supplements seek professional advice before using if you are pregnant, breastfeeding or suffer from food allergies, and consult your doctor or pharmacist if you have an underlying medical condition or if on medication. Food supplements are not intended to treat or prevent any disease. Do not exceed stated dose. Food supplements should not be taken as a substitute for a varied and balanced diet. Always read the product directions before use. Store in a cool, dry place. Do not use if package seal is broken.<\/p>","protected":false},"excerpt":{"rendered":"<div class=\"woocommerce-product-details__short-description\">\n<div class=\"woocommerce-product-details__short-description\">\n<div class=\"woocommerce-product-details__short-description\">\n<div class=\"woocommerce-product-details__short-description\">\n<div class=\"woocommerce-product-details__short-description\">\n<div class=\"woocommerce-product-details__short-description\">\n<div class=\"woocommerce-product-details__short-description\">\n<div class=\"woocommerce-product-details__short-description\">\n<div class=\"woocommerce-product-details__short-description\">\n<div class=\"woocommerce-product-details__short-description\">\n<div class=\"woocommerce-product-details__short-description\">\n<div class=\"woocommerce-product-details__short-description\">\n<div class=\"woocommerce-product-details__short-description\">\n<div class=\"woocommerce-product-details__short-description\">\n<div class=\"woocommerce-product-details__short-description\">\n<div class=\"woocommerce-product-details__short-description\">\n<div class=\"woocommerce-product-details__short-description\">\n<div class=\"woocommerce-product-details__short-description\">\n<div class=\"woocommerce-product-details__short-description\">\n<div class=\"woocommerce-product-details__short-description\">\n<div class=\"woocommerce-product-details__short-description\">\n<div class=\"woocommerce-product-details__short-description\">\n<div class=\"woocommerce-product-details__short-description\">\n<div class=\"woocommerce-product-details__short-description\">\n<div class=\"woocommerce-product-details__short-description\">\n<div class=\"woocommerce-product-details__short-description\">\n<div class=\"woocommerce-product-details__short-description\">\n<div class=\"woocommerce-product-details__short-description\">\n<div class=\"woocommerce-product-details__short-description\">\n<div class=\"woocommerce-product-details__short-description\">\n<div class=\"woocommerce-product-details__short-description\">\n<div class=\"woocommerce-product-details__short-description\">\n<div class=\"woocommerce-product-details__short-description\">\n<div class=\"woocommerce-product-details__short-description\">\n<div class=\"woocommerce-product-details__short-description\">\n<div class=\"woocommerce-product-details__short-description\">\n<div class=\"woocommerce-product-details__short-description\">\n<div class=\"woocommerce-product-details__short-description\">\n<div class=\"woocommerce-product-details__short-description\">\n<div class=\"woocommerce-product-details__short-description\">\n<div class=\"woocommerce-product-details__short-description\">\n<div class=\"woocommerce-product-details__short-description\">\n<div class=\"woocommerce-product-details__short-description\">\n<div class=\"woocommerce-product-details__short-description\">\n<div class=\"woocommerce-product-details__short-description\">\n<div class=\"woocommerce-product-details__short-description\">\n<div class=\"woocommerce-product-details__short-description\">\n<div class=\"woocommerce-product-details__short-description\">\n<div class=\"woocommerce-product-details__short-description\">\n<div class=\"woocommerce-product-details__short-description\">\n<div class=\"woocommerce-product-details__short-description\">\n<div class=\"woocommerce-product-details__short-description\">\n<p>P.C. 28 Plus (tablets) is a dietary supplement with plant extracts and derivatives with feverfew, chaste tree, devil\u2019s claw and magnesium. With added sugar and sweetener. Contributes to normal functioning of the nervous system, relieves stress and discomfort in joints and muscles, local and general fatigue.<\/p>\n<\/div>\n<\/div>\n<\/div>\n<\/div>\n<\/div>\n<\/div>\n<\/div>\n<\/div>\n<\/div>\n<\/div>\n<\/div>\n<\/div>\n<\/div>\n<\/div>\n<\/div>\n<\/div>\n<\/div>\n<\/div>\n<\/div>\n<\/div>\n<\/div>\n<\/div>\n<\/div>\n<\/div>\n<\/div>\n<\/div>\n<\/div>\n<\/div>\n<\/div>\n<\/div>\n<\/div>\n<\/div>\n<\/div>\n<\/div>\n<\/div>\n<\/div>\n<\/div>\n<\/div>\n<\/div>\n<\/div>\n<\/div>\n<\/div>\n<\/div>\n<\/div>\n<\/div>\n<\/div>\n<\/div>\n<\/div>\n<\/div>\n<\/div>\n<\/div>\n<\/div>","protected":false},"featured_media":2002,"comment_status":"open","ping_status":"closed","template":"","meta":{"_acf_changed":false},"product_brand":[105],"product_cat":[68,70],"product_tag":[],"class_list":{"0":"post-2001","1":"product","2":"type-product","3":"status-publish","4":"has-post-thumbnail","6":"product_brand-cosval","7":"product_cat-health","8":"product_cat-nutritional-supplements","10":"first","11":"instock","12":"shipping-taxable","13":"purchasable","14":"product-type-simple"},"acf":[],"yoast_head":"<!-- This site is optimized with the Yoast SEO plugin v27.3 - https:\/\/yoast.com\/product\/yoast-seo-wordpress\/ -->\n<title>P.C. 28 Plus tablets - vivasan-shop.com<\/title>\n<meta name=\"robots\" content=\"index, follow, max-snippet:-1, max-image-preview:large, max-video-preview:-1\" \/>\n<link rel=\"canonical\" href=\"https:\/\/vivasan-shop.com\/cs\/shop\/health\/nutritional-supplements\/p-c-28-plus-tablets\/\" \/>\n<meta property=\"og:locale\" content=\"cs_CZ\" \/>\n<meta property=\"og:type\" content=\"article\" \/>\n<meta property=\"og:title\" content=\"P.C. 28 Plus tablets - vivasan-shop.com\" \/>\n<meta property=\"og:description\" content=\"P.C. 28 Plus (tablets) is a dietary supplement with plant extracts and derivatives with feverfew, chaste tree, devil\u2019s claw and magnesium. With added sugar and sweetener. Contributes to normal functioning of the nervous system, relieves stress and discomfort in joints and muscles, local and general fatigue.\" \/>\n<meta property=\"og:url\" content=\"https:\/\/vivasan-shop.com\/cs\/shop\/health\/nutritional-supplements\/p-c-28-plus-tablets\/\" \/>\n<meta property=\"og:site_name\" content=\"vivasan-shop.com\" \/>\n<meta property=\"article:modified_time\" content=\"2025-08-11T16:00:24+00:00\" \/>\n<meta property=\"og:image\" content=\"https:\/\/vivasan-shop.com\/wp-content\/uploads\/2025\/09\/photo_2025-09-04_15-07-27-removebg-preview.png\" \/>\n\t<meta property=\"og:image:width\" content=\"715\" \/>\n\t<meta property=\"og:image:height\" content=\"349\" \/>\n\t<meta property=\"og:image:type\" content=\"image\/png\" \/>\n<meta name=\"twitter:card\" content=\"summary_large_image\" \/>\n<meta name=\"twitter:label1\" content=\"Odhadovan\u00e1 doba \u010dten\u00ed\" \/>\n\t<meta name=\"twitter:data1\" content=\"1 minuta\" \/>\n<script type=\"application\/ld+json\" class=\"yoast-schema-graph\">{\"@context\":\"https:\\\/\\\/schema.org\",\"@graph\":[{\"@type\":[\"WebPage\",\"ItemPage\"],\"@id\":\"https:\\\/\\\/vivasan-shop.com\\\/shop\\\/health\\\/nutritional-supplements\\\/p-c-28-plus-tablets\\\/\",\"url\":\"https:\\\/\\\/vivasan-shop.com\\\/shop\\\/health\\\/nutritional-supplements\\\/p-c-28-plus-tablets\\\/\",\"name\":\"P.C. 28 Plus tablets - vivasan-shop.com\",\"isPartOf\":{\"@id\":\"https:\\\/\\\/vivasan-shop.com\\\/#website\"},\"primaryImageOfPage\":{\"@id\":\"https:\\\/\\\/vivasan-shop.com\\\/shop\\\/health\\\/nutritional-supplements\\\/p-c-28-plus-tablets\\\/#primaryimage\"},\"image\":{\"@id\":\"https:\\\/\\\/vivasan-shop.com\\\/shop\\\/health\\\/nutritional-supplements\\\/p-c-28-plus-tablets\\\/#primaryimage\"},\"thumbnailUrl\":\"https:\\\/\\\/vivasan-shop.com\\\/wp-content\\\/uploads\\\/2025\\\/06\\\/vivasan.club-20210306-1657-57734463.avif\",\"datePublished\":\"2025-06-21T09:33:00+00:00\",\"dateModified\":\"2025-08-11T16:00:24+00:00\",\"breadcrumb\":{\"@id\":\"https:\\\/\\\/vivasan-shop.com\\\/shop\\\/health\\\/nutritional-supplements\\\/p-c-28-plus-tablets\\\/#breadcrumb\"},\"inLanguage\":\"cs\",\"potentialAction\":[{\"@type\":\"ReadAction\",\"target\":[\"https:\\\/\\\/vivasan-shop.com\\\/shop\\\/health\\\/nutritional-supplements\\\/p-c-28-plus-tablets\\\/\"]}]},{\"@type\":\"ImageObject\",\"inLanguage\":\"cs\",\"@id\":\"https:\\\/\\\/vivasan-shop.com\\\/shop\\\/health\\\/nutritional-supplements\\\/p-c-28-plus-tablets\\\/#primaryimage\",\"url\":\"https:\\\/\\\/vivasan-shop.com\\\/wp-content\\\/uploads\\\/2025\\\/06\\\/vivasan.club-20210306-1657-57734463.avif\",\"contentUrl\":\"https:\\\/\\\/vivasan-shop.com\\\/wp-content\\\/uploads\\\/2025\\\/06\\\/vivasan.club-20210306-1657-57734463.avif\",\"width\":768,\"height\":768},{\"@type\":\"BreadcrumbList\",\"@id\":\"https:\\\/\\\/vivasan-shop.com\\\/shop\\\/health\\\/nutritional-supplements\\\/p-c-28-plus-tablets\\\/#breadcrumb\",\"itemListElement\":[{\"@type\":\"ListItem\",\"position\":1,\"name\":\"Home\",\"item\":\"https:\\\/\\\/vivasan-shop.com\\\/\"},{\"@type\":\"ListItem\",\"position\":2,\"name\":\"Shop\",\"item\":\"https:\\\/\\\/vivasan-shop.com\\\/shop\\\/\"},{\"@type\":\"ListItem\",\"position\":3,\"name\":\"P.C. 28 Plus tablets\"}]},{\"@type\":\"WebSite\",\"@id\":\"https:\\\/\\\/vivasan-shop.com\\\/#website\",\"url\":\"https:\\\/\\\/vivasan-shop.com\\\/\",\"name\":\"Vivasan\",\"description\":\"\",\"publisher\":{\"@id\":\"https:\\\/\\\/vivasan-shop.com\\\/#organization\"},\"potentialAction\":[{\"@type\":\"SearchAction\",\"target\":{\"@type\":\"EntryPoint\",\"urlTemplate\":\"https:\\\/\\\/vivasan-shop.com\\\/?s={search_term_string}\"},\"query-input\":{\"@type\":\"PropertyValueSpecification\",\"valueRequired\":true,\"valueName\":\"search_term_string\"}}],\"inLanguage\":\"cs\"},{\"@type\":\"Organization\",\"@id\":\"https:\\\/\\\/vivasan-shop.com\\\/#organization\",\"name\":\"Vivasan\",\"url\":\"https:\\\/\\\/vivasan-shop.com\\\/\",\"logo\":{\"@type\":\"ImageObject\",\"inLanguage\":\"cs\",\"@id\":\"https:\\\/\\\/vivasan-shop.com\\\/#\\\/schema\\\/logo\\\/image\\\/\",\"url\":\"https:\\\/\\\/vivasan-shop.com\\\/wp-content\\\/uploads\\\/2025\\\/07\\\/photo_2025-07-05_23-33-41.jpg\",\"contentUrl\":\"https:\\\/\\\/vivasan-shop.com\\\/wp-content\\\/uploads\\\/2025\\\/07\\\/photo_2025-07-05_23-33-41.jpg\",\"width\":1080,\"height\":608,\"caption\":\"Vivasan\"},\"image\":{\"@id\":\"https:\\\/\\\/vivasan-shop.com\\\/#\\\/schema\\\/logo\\\/image\\\/\"}}]}<\/script>\n<!-- \/ Yoast SEO plugin. -->","yoast_head_json":{"title":"P.C. 28 Plus tablets - vivasan-shop.com","robots":{"index":"index","follow":"follow","max-snippet":"max-snippet:-1","max-image-preview":"max-image-preview:large","max-video-preview":"max-video-preview:-1"},"canonical":"https:\/\/vivasan-shop.com\/cs\/shop\/health\/nutritional-supplements\/p-c-28-plus-tablets\/","og_locale":"cs_CZ","og_type":"article","og_title":"P.C. 28 Plus tablets - vivasan-shop.com","og_description":"P.C. 28 Plus (tablets) is a dietary supplement with plant extracts and derivatives with feverfew, chaste tree, devil\u2019s claw and magnesium. With added sugar and sweetener. Contributes to normal functioning of the nervous system, relieves stress and discomfort in joints and muscles, local and general fatigue.","og_url":"https:\/\/vivasan-shop.com\/cs\/shop\/health\/nutritional-supplements\/p-c-28-plus-tablets\/","og_site_name":"vivasan-shop.com","article_modified_time":"2025-08-11T16:00:24+00:00","og_image":[{"width":715,"height":349,"url":"https:\/\/vivasan-shop.com\/wp-content\/uploads\/2025\/09\/photo_2025-09-04_15-07-27-removebg-preview.png","type":"image\/png"}],"twitter_card":"summary_large_image","twitter_misc":{"Odhadovan\u00e1 doba \u010dten\u00ed":"1 minuta"},"schema":{"@context":"https:\/\/schema.org","@graph":[{"@type":["WebPage","ItemPage"],"@id":"https:\/\/vivasan-shop.com\/shop\/health\/nutritional-supplements\/p-c-28-plus-tablets\/","url":"https:\/\/vivasan-shop.com\/shop\/health\/nutritional-supplements\/p-c-28-plus-tablets\/","name":"P.C. 28 Plus tablets - vivasan-shop.com","isPartOf":{"@id":"https:\/\/vivasan-shop.com\/#website"},"primaryImageOfPage":{"@id":"https:\/\/vivasan-shop.com\/shop\/health\/nutritional-supplements\/p-c-28-plus-tablets\/#primaryimage"},"image":{"@id":"https:\/\/vivasan-shop.com\/shop\/health\/nutritional-supplements\/p-c-28-plus-tablets\/#primaryimage"},"thumbnailUrl":"https:\/\/vivasan-shop.com\/wp-content\/uploads\/2025\/06\/vivasan.club-20210306-1657-57734463.avif","datePublished":"2025-06-21T09:33:00+00:00","dateModified":"2025-08-11T16:00:24+00:00","breadcrumb":{"@id":"https:\/\/vivasan-shop.com\/shop\/health\/nutritional-supplements\/p-c-28-plus-tablets\/#breadcrumb"},"inLanguage":"cs","potentialAction":[{"@type":"ReadAction","target":["https:\/\/vivasan-shop.com\/shop\/health\/nutritional-supplements\/p-c-28-plus-tablets\/"]}]},{"@type":"ImageObject","inLanguage":"cs","@id":"https:\/\/vivasan-shop.com\/shop\/health\/nutritional-supplements\/p-c-28-plus-tablets\/#primaryimage","url":"https:\/\/vivasan-shop.com\/wp-content\/uploads\/2025\/06\/vivasan.club-20210306-1657-57734463.avif","contentUrl":"https:\/\/vivasan-shop.com\/wp-content\/uploads\/2025\/06\/vivasan.club-20210306-1657-57734463.avif","width":768,"height":768},{"@type":"BreadcrumbList","@id":"https:\/\/vivasan-shop.com\/shop\/health\/nutritional-supplements\/p-c-28-plus-tablets\/#breadcrumb","itemListElement":[{"@type":"ListItem","position":1,"name":"Home","item":"https:\/\/vivasan-shop.com\/"},{"@type":"ListItem","position":2,"name":"Shop","item":"https:\/\/vivasan-shop.com\/shop\/"},{"@type":"ListItem","position":3,"name":"P.C. 28 Plus tablets"}]},{"@type":"WebSite","@id":"https:\/\/vivasan-shop.com\/#website","url":"https:\/\/vivasan-shop.com\/","name":"Vivasan","description":"","publisher":{"@id":"https:\/\/vivasan-shop.com\/#organization"},"potentialAction":[{"@type":"SearchAction","target":{"@type":"EntryPoint","urlTemplate":"https:\/\/vivasan-shop.com\/?s={search_term_string}"},"query-input":{"@type":"PropertyValueSpecification","valueRequired":true,"valueName":"search_term_string"}}],"inLanguage":"cs"},{"@type":"Organization","@id":"https:\/\/vivasan-shop.com\/#organization","name":"Vivasan","url":"https:\/\/vivasan-shop.com\/","logo":{"@type":"ImageObject","inLanguage":"cs","@id":"https:\/\/vivasan-shop.com\/#\/schema\/logo\/image\/","url":"https:\/\/vivasan-shop.com\/wp-content\/uploads\/2025\/07\/photo_2025-07-05_23-33-41.jpg","contentUrl":"https:\/\/vivasan-shop.com\/wp-content\/uploads\/2025\/07\/photo_2025-07-05_23-33-41.jpg","width":1080,"height":608,"caption":"Vivasan"},"image":{"@id":"https:\/\/vivasan-shop.com\/#\/schema\/logo\/image\/"}}]}},"_links":{"self":[{"href":"https:\/\/vivasan-shop.com\/cs\/wp-json\/wp\/v2\/product\/2001","targetHints":{"allow":["GET"]}}],"collection":[{"href":"https:\/\/vivasan-shop.com\/cs\/wp-json\/wp\/v2\/product"}],"about":[{"href":"https:\/\/vivasan-shop.com\/cs\/wp-json\/wp\/v2\/types\/product"}],"replies":[{"embeddable":true,"href":"https:\/\/vivasan-shop.com\/cs\/wp-json\/wp\/v2\/comments?post=2001"}],"version-history":[{"count":1,"href":"https:\/\/vivasan-shop.com\/cs\/wp-json\/wp\/v2\/product\/2001\/revisions"}],"predecessor-version":[{"id":2003,"href":"https:\/\/vivasan-shop.com\/cs\/wp-json\/wp\/v2\/product\/2001\/revisions\/2003"}],"wp:featuredmedia":[{"embeddable":true,"href":"https:\/\/vivasan-shop.com\/cs\/wp-json\/wp\/v2\/media\/2002"}],"wp:attachment":[{"href":"https:\/\/vivasan-shop.com\/cs\/wp-json\/wp\/v2\/media?parent=2001"}],"wp:term":[{"taxonomy":"product_brand","embeddable":true,"href":"https:\/\/vivasan-shop.com\/cs\/wp-json\/wp\/v2\/product_brand?post=2001"},{"taxonomy":"product_cat","embeddable":true,"href":"https:\/\/vivasan-shop.com\/cs\/wp-json\/wp\/v2\/product_cat?post=2001"},{"taxonomy":"product_tag","embeddable":true,"href":"https:\/\/vivasan-shop.com\/cs\/wp-json\/wp\/v2\/product_tag?post=2001"}],"curies":[{"name":"wp","href":"https:\/\/api.w.org\/{rel}","templated":true}]}}