{"id":2013,"date":"2025-06-21T09:54:00","date_gmt":"2025-06-21T09:54:00","guid":{"rendered":"https:\/\/vivasan-shop.com\/?post_type=product&#038;p=2013"},"modified":"2025-08-11T16:00:02","modified_gmt":"2025-08-11T16:00:02","slug":"relax-with-st-johns-wort-dry-extract-and-vitamins-b-60-capsules","status":"publish","type":"product","link":"https:\/\/vivasan-shop.com\/cs\/shop\/health\/nutritional-supplements\/relax-with-st-johns-wort-dry-extract-and-vitamins-b-60-capsules\/","title":{"rendered":"Relax se such\u00fdm extraktem z t\u0159ezalky te\u010dkovan\u00e9 a vitam\u00edny B, 60 kapsl\u00ed"},"content":{"rendered":"<p>Such\u00fd extrakt z t\u0159ezalky te\u010dkovan\u00e9 [Hypericum perforatum] se b\u011b\u017en\u011b pou\u017e\u00edv\u00e1 v alternativn\u00ed medic\u00edn\u011b a v Evrop\u011b se hojn\u011b pou\u017e\u00edv\u00e1 jako bylinn\u00fd l\u00e9k na depresi, \u00fazkost a poruchu pozornosti s hyperaktivitou. Relax complex \u2013 vylep\u0161en\u00e9 slo\u017een\u00ed obsahuje krom\u011b t\u0159ezalky te\u010dkovan\u00e9 kompletn\u00ed vitam\u00edny skupiny B (B1, B2, B3, B5, B6, B12). Podporuje funkci centr\u00e1ln\u00edho nervov\u00e9ho syst\u00e9mu (CNS), pom\u00e1h\u00e1 zm\u00edr\u0148ovat nervov\u00e9 nap\u011bt\u00ed, podr\u00e1\u017ed\u011bnost, nespavost, stres, podporuje sp\u00e1nek, osv\u011bd\u010dil se p\u0159i perimenopauz\u00e1ln\u00edch p\u0159\u00edznac\u00edch, premenstrua\u010dn\u00edch syndromech (PMS), sez\u00f3nn\u00ed afektivn\u00ed poru\u0161e (SAD), soci\u00e1ln\u00ed fobii, zlep\u0161uje n\u00e1ladu a celkov\u00e9 zdrav\u00ed.<\/p>\n<ul>\n<li>Bez um\u011bl\u00fdch barviv.<\/li>\n<li>Bez um\u011bl\u00fdch aromat.<\/li>\n<li>Netestov\u00e1no na zv\u00ed\u0159atech.<\/li>\n<li>BEZ GMO.<\/li>\n<li>Vhodn\u00e9 pro vegetari\u00e1ny.<\/li>\n<li>Normy EU pro kontrolu kvality.<\/li>\n<li>Certifik\u00e1t GMP.<\/li>\n<li>60 kapsl\u00ed (51,6 g).<\/li>\n<\/ul>\n<p>Relaxa\u010dn\u00ed komplex se such\u00fdm extraktem z t\u0159ezalky te\u010dkovan\u00e9 s vitam\u00edny skupiny B (B1, B2, B3, B5, B6, B12). Podporuje funkci centr\u00e1ln\u00edho nervov\u00e9ho syst\u00e9mu (CNS), pom\u00e1h\u00e1 zm\u00edr\u0148ovat nervov\u00e9 nap\u011bt\u00ed, podr\u00e1\u017ed\u011bnost, nespavost, stres, podporuje sp\u00e1nek, zlep\u0161uje n\u00e1ladu a celkov\u00e9 zdrav\u00ed.<\/p>\n<p><strong>Doporu\u010den\u00e1 denn\u00ed d\u00e1vka:<\/strong>\u00a01-2 capsules daily unchewed over a period of 2-3 weeks during the meals. Do not exceed the stated recommended daily dose. Food supplements should not be a substitute for a varied and balanced diet and a healthy lifestyle. Keep out of reach of young children. Store in a cool and dry place, protected from light.<\/p>\n<p><strong>Slo\u017een\u00ed:<\/strong>\u00a0oleje a tuky (\u010d\u00e1ste\u010dn\u011b hydrogenovan\u00e9); such\u00fd extrakt z t\u0159ezalky te\u010dkovan\u00e9 (extrakt z t\u0159ezalky te\u010dkovan\u00e9, maltodextrin, oxid k\u0159emi\u010dit\u00fd) 23,3 %; \u017eelatina; zvlh\u010dovadla: glycerol, sorbitol; voda; nikotinamid; stabiliz\u00e1tor: v\u010del\u00ed vosk; emulg\u00e1tor: s\u00f3jov\u00fd lecitin; pantothen\u00e1t v\u00e1penat\u00fd; kyanokobalamin; pyridoxin hydrochlorid; riboflavin, thiamin-nitr\u00e1t; barviva: oxidy a hydroxidy \u017eeleza.<\/p>\n<p><strong>Slo\u017een\u00ed 1 kapsle; % RHP*; 2 kapsle; % RHP*<\/strong><\/p>\n<p>\u2014 Such\u00fd extrakt z t\u0159ezalky te\u010dkovan\u00e9: 180 mg; **; 360 mg; **<br \/>\n\u2014 Vitam\u00edn B1: 1,1 mg; 100 %; 2,2 mg; 200 %<br \/>\n\u2014 Vitam\u00edn B6: 1,4 mg; 100 %; 2,8 mg; 200 %<br \/>\n\u2014 Vitam\u00edn B12: 2,5 \u03bcg; 100 %; 32 mg NE; 200 %<br \/>\n\u2014 Niacin: 16 mg NE; 100 %; 12 mg; 200 %<br \/>\n\u2014 Kyselina pantothenov\u00e1: 6 mg; 100 %; 12 mg; 200 %<br \/>\n\u2014 Riboflavin: 1,4 mg; 100 %; 2,8 mg; 200 %<\/p>\n<p><strong>* RHP (referen\u010dn\u00ed hodnota p\u0159\u00edjmu \u017eivin) dle na\u0159\u00edzen\u00ed EU\/ES 1169\/2011\/ ** RHP nen\u00ed definov\u00e1na<\/strong><\/p>","protected":false},"excerpt":{"rendered":"<div class=\"woocommerce-product-details__short-description\">\n<div class=\"woocommerce-product-details__short-description\">\n<div class=\"woocommerce-product-details__short-description\">\n<div class=\"woocommerce-product-details__short-description\">\n<div class=\"woocommerce-product-details__short-description\">\n<div class=\"woocommerce-product-details__short-description\">\n<div class=\"woocommerce-product-details__short-description\">\n<div class=\"woocommerce-product-details__short-description\">\n<div class=\"woocommerce-product-details__short-description\">\n<div class=\"woocommerce-product-details__short-description\">\n<div class=\"woocommerce-product-details__short-description\">\n<div class=\"woocommerce-product-details__short-description\">\n<div class=\"woocommerce-product-details__short-description\">\n<div class=\"woocommerce-product-details__short-description\">\n<div class=\"woocommerce-product-details__short-description\">\n<div class=\"woocommerce-product-details__short-description\">\n<div class=\"woocommerce-product-details__short-description\">\n<div class=\"woocommerce-product-details__short-description\">\n<div class=\"woocommerce-product-details__short-description\">\n<div class=\"woocommerce-product-details__short-description\">\n<div class=\"woocommerce-product-details__short-description\">\n<div class=\"woocommerce-product-details__short-description\">\n<div class=\"woocommerce-product-details__short-description\">\n<div class=\"woocommerce-product-details__short-description\">\n<div class=\"woocommerce-product-details__short-description\">\n<div class=\"woocommerce-product-details__short-description\">\n<div class=\"woocommerce-product-details__short-description\">\n<div class=\"woocommerce-product-details__short-description\">\n<div class=\"woocommerce-product-details__short-description\">\n<div class=\"woocommerce-product-details__short-description\">\n<div class=\"woocommerce-product-details__short-description\">\n<div class=\"woocommerce-product-details__short-description\">\n<div class=\"woocommerce-product-details__short-description\">\n<div class=\"woocommerce-product-details__short-description\">\n<div class=\"woocommerce-product-details__short-description\">\n<div class=\"woocommerce-product-details__short-description\">\n<div class=\"woocommerce-product-details__short-description\">\n<div class=\"woocommerce-product-details__short-description\">\n<div class=\"woocommerce-product-details__short-description\">\n<div class=\"woocommerce-product-details__short-description\">\n<div class=\"woocommerce-product-details__short-description\">\n<div class=\"woocommerce-product-details__short-description\">\n<div class=\"woocommerce-product-details__short-description\">\n<div class=\"woocommerce-product-details__short-description\">\n<div class=\"woocommerce-product-details__short-description\">\n<div class=\"woocommerce-product-details__short-description\">\n<div class=\"woocommerce-product-details__short-description\">\n<div class=\"woocommerce-product-details__short-description\">\n<div class=\"woocommerce-product-details__short-description\">\n<div class=\"woocommerce-product-details__short-description\">\n<div class=\"woocommerce-product-details__short-description\">\n<div class=\"woocommerce-product-details__short-description\">\n<p>Relaxa\u010dn\u00ed komplex se such\u00fdm extraktem z t\u0159ezalky te\u010dkovan\u00e9 s vitam\u00edny skupiny B (B1, B6, B12, B2 a B5). Podporuje funkci centr\u00e1ln\u00edho nervov\u00e9ho syst\u00e9mu (CNS), pom\u00e1h\u00e1 zm\u00edr\u0148ovat nervov\u00e9 nap\u011bt\u00ed, podr\u00e1\u017ed\u011bnost, nespavost, stres, podporuje sp\u00e1nek, zlep\u0161uje n\u00e1ladu a celkov\u00e9 zdrav\u00ed. Denn\u00ed d\u00e1vkov\u00e1n\u00ed: 1\u20132 kapsle denn\u011b nerozkousan\u00e9 po dobu 2\u20133 t\u00fddn\u016f b\u011bhem j\u00eddla.<\/p>\n<p>Vyrobeno ve \u0160v\u00fdcarsku.<\/p>\n<p>&nbsp;<\/p>\n<\/div>\n<div class=\"vivasan-product-icons\"><img loading=\"lazy\" decoding=\"async\" class=\"product_icon\" title=\"Made in Switzerland\" src=\"https:\/\/vivasan.club\/assets\/images\/product-icons\/swiss.svg?v=2\" alt=\"Made in Switzerland\" width=\"40\" height=\"40\" \/><img loading=\"lazy\" decoding=\"async\" class=\"product_icon\" title=\"GMP Certified\" src=\"https:\/\/vivasan.club\/assets\/images\/product-icons\/gmp.svg?v=2\" alt=\"GMP Certified\" width=\"40\" height=\"40\" \/><img loading=\"lazy\" decoding=\"async\" class=\"product_icon\" title=\"Cruelty-free\" src=\"https:\/\/vivasan.club\/assets\/images\/product-icons\/crueltyfree.svg?v=2\" alt=\"Cruelty-free\" width=\"40\" height=\"40\" \/><\/div>\n<\/div>\n<\/div>\n<\/div>\n<\/div>\n<\/div>\n<\/div>\n<\/div>\n<\/div>\n<\/div>\n<\/div>\n<\/div>\n<\/div>\n<\/div>\n<\/div>\n<\/div>\n<\/div>\n<\/div>\n<\/div>\n<\/div>\n<\/div>\n<\/div>\n<\/div>\n<\/div>\n<\/div>\n<\/div>\n<\/div>\n<\/div>\n<\/div>\n<\/div>\n<\/div>\n<\/div>\n<\/div>\n<\/div>\n<\/div>\n<\/div>\n<\/div>\n<\/div>\n<\/div>\n<\/div>\n<\/div>\n<\/div>\n<\/div>\n<\/div>\n<\/div>\n<\/div>\n<\/div>\n<\/div>\n<\/div>\n<\/div>\n<\/div>\n<\/div>","protected":false},"featured_media":2015,"comment_status":"open","ping_status":"closed","template":"","meta":{"_acf_changed":false},"product_brand":[85],"product_cat":[68,70],"product_tag":[],"class_list":{"0":"post-2013","1":"product","2":"type-product","3":"status-publish","4":"has-post-thumbnail","6":"product_brand-vivasan","7":"product_cat-health","8":"product_cat-nutritional-supplements","10":"first","11":"instock","12":"shipping-taxable","13":"purchasable","14":"product-type-simple"},"acf":[],"yoast_head":"<!-- This site is optimized with the Yoast SEO plugin v27.3 - https:\/\/yoast.com\/product\/yoast-seo-wordpress\/ -->\n<title>Relax with St. John\u2019s wort dry extract and vitamins B, 60 capsules - vivasan-shop.com<\/title>\n<meta name=\"robots\" content=\"index, follow, max-snippet:-1, max-image-preview:large, max-video-preview:-1\" \/>\n<link rel=\"canonical\" href=\"https:\/\/vivasan-shop.com\/cs\/shop\/health\/nutritional-supplements\/relax-with-st-johns-wort-dry-extract-and-vitamins-b-60-capsules\/\" \/>\n<meta property=\"og:locale\" content=\"cs_CZ\" \/>\n<meta property=\"og:type\" content=\"article\" \/>\n<meta property=\"og:title\" content=\"Relax with St. John\u2019s wort dry extract and vitamins B, 60 capsules - vivasan-shop.com\" \/>\n<meta property=\"og:description\" content=\"Relax complex with St. John\u2019s wort dry extract with vitamins B (B1, B6, B12, B2, and B5). Supports the function of the central nervous system (CNS), helps to ease nervous tension, irritability, insomnia, stress, promotes sleep, improves mood and health in general. Daily dosage:\u00a01-2 capsules daily unchewed over a period of 2-3 weeks during the meals.  Made in Switzerland.  &nbsp;\" \/>\n<meta property=\"og:url\" content=\"https:\/\/vivasan-shop.com\/cs\/shop\/health\/nutritional-supplements\/relax-with-st-johns-wort-dry-extract-and-vitamins-b-60-capsules\/\" \/>\n<meta property=\"og:site_name\" content=\"vivasan-shop.com\" \/>\n<meta property=\"article:modified_time\" content=\"2025-08-11T16:00:02+00:00\" \/>\n<meta property=\"og:image\" content=\"https:\/\/vivasan-shop.com\/wp-content\/uploads\/2025\/09\/photo_2025-09-04_15-07-27-removebg-preview.png\" \/>\n\t<meta property=\"og:image:width\" content=\"715\" \/>\n\t<meta property=\"og:image:height\" content=\"349\" \/>\n\t<meta property=\"og:image:type\" content=\"image\/png\" \/>\n<meta name=\"twitter:card\" content=\"summary_large_image\" \/>\n<meta name=\"twitter:label1\" content=\"Odhadovan\u00e1 doba \u010dten\u00ed\" \/>\n\t<meta name=\"twitter:data1\" content=\"1 minuta\" \/>\n<script type=\"application\/ld+json\" class=\"yoast-schema-graph\">{\"@context\":\"https:\\\/\\\/schema.org\",\"@graph\":[{\"@type\":[\"WebPage\",\"ItemPage\"],\"@id\":\"https:\\\/\\\/vivasan-shop.com\\\/shop\\\/health\\\/nutritional-supplements\\\/relax-with-st-johns-wort-dry-extract-and-vitamins-b-60-capsules\\\/\",\"url\":\"https:\\\/\\\/vivasan-shop.com\\\/shop\\\/health\\\/nutritional-supplements\\\/relax-with-st-johns-wort-dry-extract-and-vitamins-b-60-capsules\\\/\",\"name\":\"Relax with St. John\u2019s wort dry extract and vitamins B, 60 capsules - vivasan-shop.com\",\"isPartOf\":{\"@id\":\"https:\\\/\\\/vivasan-shop.com\\\/#website\"},\"primaryImageOfPage\":{\"@id\":\"https:\\\/\\\/vivasan-shop.com\\\/shop\\\/health\\\/nutritional-supplements\\\/relax-with-st-johns-wort-dry-extract-and-vitamins-b-60-capsules\\\/#primaryimage\"},\"image\":{\"@id\":\"https:\\\/\\\/vivasan-shop.com\\\/shop\\\/health\\\/nutritional-supplements\\\/relax-with-st-johns-wort-dry-extract-and-vitamins-b-60-capsules\\\/#primaryimage\"},\"thumbnailUrl\":\"https:\\\/\\\/vivasan-shop.com\\\/wp-content\\\/uploads\\\/2025\\\/06\\\/vivasan.club-20210306-1721-47266373.avif\",\"datePublished\":\"2025-06-21T09:54:00+00:00\",\"dateModified\":\"2025-08-11T16:00:02+00:00\",\"breadcrumb\":{\"@id\":\"https:\\\/\\\/vivasan-shop.com\\\/shop\\\/health\\\/nutritional-supplements\\\/relax-with-st-johns-wort-dry-extract-and-vitamins-b-60-capsules\\\/#breadcrumb\"},\"inLanguage\":\"cs\",\"potentialAction\":[{\"@type\":\"ReadAction\",\"target\":[\"https:\\\/\\\/vivasan-shop.com\\\/shop\\\/health\\\/nutritional-supplements\\\/relax-with-st-johns-wort-dry-extract-and-vitamins-b-60-capsules\\\/\"]}]},{\"@type\":\"ImageObject\",\"inLanguage\":\"cs\",\"@id\":\"https:\\\/\\\/vivasan-shop.com\\\/shop\\\/health\\\/nutritional-supplements\\\/relax-with-st-johns-wort-dry-extract-and-vitamins-b-60-capsules\\\/#primaryimage\",\"url\":\"https:\\\/\\\/vivasan-shop.com\\\/wp-content\\\/uploads\\\/2025\\\/06\\\/vivasan.club-20210306-1721-47266373.avif\",\"contentUrl\":\"https:\\\/\\\/vivasan-shop.com\\\/wp-content\\\/uploads\\\/2025\\\/06\\\/vivasan.club-20210306-1721-47266373.avif\",\"width\":768,\"height\":768},{\"@type\":\"BreadcrumbList\",\"@id\":\"https:\\\/\\\/vivasan-shop.com\\\/shop\\\/health\\\/nutritional-supplements\\\/relax-with-st-johns-wort-dry-extract-and-vitamins-b-60-capsules\\\/#breadcrumb\",\"itemListElement\":[{\"@type\":\"ListItem\",\"position\":1,\"name\":\"Home\",\"item\":\"https:\\\/\\\/vivasan-shop.com\\\/\"},{\"@type\":\"ListItem\",\"position\":2,\"name\":\"Shop\",\"item\":\"https:\\\/\\\/vivasan-shop.com\\\/shop\\\/\"},{\"@type\":\"ListItem\",\"position\":3,\"name\":\"Relax with St. John\u2019s wort dry extract and vitamins B, 60 capsules\"}]},{\"@type\":\"WebSite\",\"@id\":\"https:\\\/\\\/vivasan-shop.com\\\/#website\",\"url\":\"https:\\\/\\\/vivasan-shop.com\\\/\",\"name\":\"Vivasan\",\"description\":\"\",\"publisher\":{\"@id\":\"https:\\\/\\\/vivasan-shop.com\\\/#organization\"},\"potentialAction\":[{\"@type\":\"SearchAction\",\"target\":{\"@type\":\"EntryPoint\",\"urlTemplate\":\"https:\\\/\\\/vivasan-shop.com\\\/?s={search_term_string}\"},\"query-input\":{\"@type\":\"PropertyValueSpecification\",\"valueRequired\":true,\"valueName\":\"search_term_string\"}}],\"inLanguage\":\"cs\"},{\"@type\":\"Organization\",\"@id\":\"https:\\\/\\\/vivasan-shop.com\\\/#organization\",\"name\":\"Vivasan\",\"url\":\"https:\\\/\\\/vivasan-shop.com\\\/\",\"logo\":{\"@type\":\"ImageObject\",\"inLanguage\":\"cs\",\"@id\":\"https:\\\/\\\/vivasan-shop.com\\\/#\\\/schema\\\/logo\\\/image\\\/\",\"url\":\"https:\\\/\\\/vivasan-shop.com\\\/wp-content\\\/uploads\\\/2025\\\/07\\\/photo_2025-07-05_23-33-41.jpg\",\"contentUrl\":\"https:\\\/\\\/vivasan-shop.com\\\/wp-content\\\/uploads\\\/2025\\\/07\\\/photo_2025-07-05_23-33-41.jpg\",\"width\":1080,\"height\":608,\"caption\":\"Vivasan\"},\"image\":{\"@id\":\"https:\\\/\\\/vivasan-shop.com\\\/#\\\/schema\\\/logo\\\/image\\\/\"}}]}<\/script>\n<!-- \/ Yoast SEO plugin. -->","yoast_head_json":{"title":"Relax with St. John\u2019s wort dry extract and vitamins B, 60 capsules - vivasan-shop.com","robots":{"index":"index","follow":"follow","max-snippet":"max-snippet:-1","max-image-preview":"max-image-preview:large","max-video-preview":"max-video-preview:-1"},"canonical":"https:\/\/vivasan-shop.com\/cs\/shop\/health\/nutritional-supplements\/relax-with-st-johns-wort-dry-extract-and-vitamins-b-60-capsules\/","og_locale":"cs_CZ","og_type":"article","og_title":"Relax with St. John\u2019s wort dry extract and vitamins B, 60 capsules - vivasan-shop.com","og_description":"Relax complex with St. John\u2019s wort dry extract with vitamins B (B1, B6, B12, B2, and B5). Supports the function of the central nervous system (CNS), helps to ease nervous tension, irritability, insomnia, stress, promotes sleep, improves mood and health in general. Daily dosage:\u00a01-2 capsules daily unchewed over a period of 2-3 weeks during the meals.  Made in Switzerland.  &nbsp;","og_url":"https:\/\/vivasan-shop.com\/cs\/shop\/health\/nutritional-supplements\/relax-with-st-johns-wort-dry-extract-and-vitamins-b-60-capsules\/","og_site_name":"vivasan-shop.com","article_modified_time":"2025-08-11T16:00:02+00:00","og_image":[{"width":715,"height":349,"url":"https:\/\/vivasan-shop.com\/wp-content\/uploads\/2025\/09\/photo_2025-09-04_15-07-27-removebg-preview.png","type":"image\/png"}],"twitter_card":"summary_large_image","twitter_misc":{"Odhadovan\u00e1 doba \u010dten\u00ed":"1 minuta"},"schema":{"@context":"https:\/\/schema.org","@graph":[{"@type":["WebPage","ItemPage"],"@id":"https:\/\/vivasan-shop.com\/shop\/health\/nutritional-supplements\/relax-with-st-johns-wort-dry-extract-and-vitamins-b-60-capsules\/","url":"https:\/\/vivasan-shop.com\/shop\/health\/nutritional-supplements\/relax-with-st-johns-wort-dry-extract-and-vitamins-b-60-capsules\/","name":"Relax with St. John\u2019s wort dry extract and vitamins B, 60 capsules - vivasan-shop.com","isPartOf":{"@id":"https:\/\/vivasan-shop.com\/#website"},"primaryImageOfPage":{"@id":"https:\/\/vivasan-shop.com\/shop\/health\/nutritional-supplements\/relax-with-st-johns-wort-dry-extract-and-vitamins-b-60-capsules\/#primaryimage"},"image":{"@id":"https:\/\/vivasan-shop.com\/shop\/health\/nutritional-supplements\/relax-with-st-johns-wort-dry-extract-and-vitamins-b-60-capsules\/#primaryimage"},"thumbnailUrl":"https:\/\/vivasan-shop.com\/wp-content\/uploads\/2025\/06\/vivasan.club-20210306-1721-47266373.avif","datePublished":"2025-06-21T09:54:00+00:00","dateModified":"2025-08-11T16:00:02+00:00","breadcrumb":{"@id":"https:\/\/vivasan-shop.com\/shop\/health\/nutritional-supplements\/relax-with-st-johns-wort-dry-extract-and-vitamins-b-60-capsules\/#breadcrumb"},"inLanguage":"cs","potentialAction":[{"@type":"ReadAction","target":["https:\/\/vivasan-shop.com\/shop\/health\/nutritional-supplements\/relax-with-st-johns-wort-dry-extract-and-vitamins-b-60-capsules\/"]}]},{"@type":"ImageObject","inLanguage":"cs","@id":"https:\/\/vivasan-shop.com\/shop\/health\/nutritional-supplements\/relax-with-st-johns-wort-dry-extract-and-vitamins-b-60-capsules\/#primaryimage","url":"https:\/\/vivasan-shop.com\/wp-content\/uploads\/2025\/06\/vivasan.club-20210306-1721-47266373.avif","contentUrl":"https:\/\/vivasan-shop.com\/wp-content\/uploads\/2025\/06\/vivasan.club-20210306-1721-47266373.avif","width":768,"height":768},{"@type":"BreadcrumbList","@id":"https:\/\/vivasan-shop.com\/shop\/health\/nutritional-supplements\/relax-with-st-johns-wort-dry-extract-and-vitamins-b-60-capsules\/#breadcrumb","itemListElement":[{"@type":"ListItem","position":1,"name":"Home","item":"https:\/\/vivasan-shop.com\/"},{"@type":"ListItem","position":2,"name":"Shop","item":"https:\/\/vivasan-shop.com\/shop\/"},{"@type":"ListItem","position":3,"name":"Relax with St. John\u2019s wort dry extract and vitamins B, 60 capsules"}]},{"@type":"WebSite","@id":"https:\/\/vivasan-shop.com\/#website","url":"https:\/\/vivasan-shop.com\/","name":"Vivasan","description":"","publisher":{"@id":"https:\/\/vivasan-shop.com\/#organization"},"potentialAction":[{"@type":"SearchAction","target":{"@type":"EntryPoint","urlTemplate":"https:\/\/vivasan-shop.com\/?s={search_term_string}"},"query-input":{"@type":"PropertyValueSpecification","valueRequired":true,"valueName":"search_term_string"}}],"inLanguage":"cs"},{"@type":"Organization","@id":"https:\/\/vivasan-shop.com\/#organization","name":"Vivasan","url":"https:\/\/vivasan-shop.com\/","logo":{"@type":"ImageObject","inLanguage":"cs","@id":"https:\/\/vivasan-shop.com\/#\/schema\/logo\/image\/","url":"https:\/\/vivasan-shop.com\/wp-content\/uploads\/2025\/07\/photo_2025-07-05_23-33-41.jpg","contentUrl":"https:\/\/vivasan-shop.com\/wp-content\/uploads\/2025\/07\/photo_2025-07-05_23-33-41.jpg","width":1080,"height":608,"caption":"Vivasan"},"image":{"@id":"https:\/\/vivasan-shop.com\/#\/schema\/logo\/image\/"}}]}},"_links":{"self":[{"href":"https:\/\/vivasan-shop.com\/cs\/wp-json\/wp\/v2\/product\/2013","targetHints":{"allow":["GET"]}}],"collection":[{"href":"https:\/\/vivasan-shop.com\/cs\/wp-json\/wp\/v2\/product"}],"about":[{"href":"https:\/\/vivasan-shop.com\/cs\/wp-json\/wp\/v2\/types\/product"}],"replies":[{"embeddable":true,"href":"https:\/\/vivasan-shop.com\/cs\/wp-json\/wp\/v2\/comments?post=2013"}],"version-history":[{"count":1,"href":"https:\/\/vivasan-shop.com\/cs\/wp-json\/wp\/v2\/product\/2013\/revisions"}],"predecessor-version":[{"id":2016,"href":"https:\/\/vivasan-shop.com\/cs\/wp-json\/wp\/v2\/product\/2013\/revisions\/2016"}],"wp:featuredmedia":[{"embeddable":true,"href":"https:\/\/vivasan-shop.com\/cs\/wp-json\/wp\/v2\/media\/2015"}],"wp:attachment":[{"href":"https:\/\/vivasan-shop.com\/cs\/wp-json\/wp\/v2\/media?parent=2013"}],"wp:term":[{"taxonomy":"product_brand","embeddable":true,"href":"https:\/\/vivasan-shop.com\/cs\/wp-json\/wp\/v2\/product_brand?post=2013"},{"taxonomy":"product_cat","embeddable":true,"href":"https:\/\/vivasan-shop.com\/cs\/wp-json\/wp\/v2\/product_cat?post=2013"},{"taxonomy":"product_tag","embeddable":true,"href":"https:\/\/vivasan-shop.com\/cs\/wp-json\/wp\/v2\/product_tag?post=2013"}],"curies":[{"name":"wp","href":"https:\/\/api.w.org\/{rel}","templated":true}]}}