{"id":2020,"date":"2025-06-21T09:58:00","date_gmt":"2025-06-21T09:58:00","guid":{"rendered":"https:\/\/vivasan-shop.com\/?post_type=product&#038;p=2020"},"modified":"2025-08-11T16:00:01","modified_gmt":"2025-08-11T16:00:01","slug":"sabal-forte-with-oily-saw-palmetto-fruit-extract-60-capsules","status":"publish","type":"product","link":"https:\/\/vivasan-shop.com\/cs\/shop\/health\/nutritional-supplements\/sabal-forte-with-oily-saw-palmetto-fruit-extract-60-capsules\/","title":{"rendered":"Sabal Forte s extraktem z olejnat\u00fdch plod\u016f saw palmetto, 60 kapsl\u00ed"},"content":{"rendered":"<p>Sabal is a genus of New World palms, known as palmettos. The plant has a wide range of traditional uses for the indigenous people, supplying food and medicines.<\/p>\n<ul>\n<li>Bez um\u011bl\u00fdch barviv.<\/li>\n<li>No artificial flavor.<\/li>\n<li>Netestov\u00e1no na zv\u00ed\u0159atech.<\/li>\n<li>BEZ GMO.<\/li>\n<li>Vhodn\u00e9 pro vegetari\u00e1ny.<\/li>\n<li>Normy EU pro kontrolu kvality.<\/li>\n<li>Certifik\u00e1t GMP.<\/li>\n<li>60 capsules (31.2 g).<\/li>\n<\/ul>\n<p>Sabal Forte Vivasan is a food supplement developed on the basis of the oil extract of Saw Palmetto. Concentrated oil from the berries of the saw palmetto consists of a multitude of free fatty acids (between 85 and 95%) and phytosterols. It also contains the so-called omega-6 fatty acids.<\/p>\n<p><strong>Doporu\u010den\u00e1 denn\u00ed d\u00e1vka:<\/strong>\u00a0Take 1 capsule 3 times daily before meals with liquid. Do not exceed the stated recommended daily dose. Food supplements should not be taken as a substitute for a varied and balanced diet and a healthy lifestyle. Keep out of reach of young children. Store in a cool and dry place, protected from light.<\/p>\n<p><strong>Slo\u017een\u00ed:<\/strong>\u00a0Oily saw palmetto fruit extract (61.5%), gelatin; humectants: glycerol, sorbitol<\/p>\n<p><strong>Composition 3 capsules:<\/strong><\/p>\n<p>\u2014 Oily saw palmetto fruit extract: 960 mg<\/p>","protected":false},"excerpt":{"rendered":"<div class=\"woocommerce-product-details__short-description\">\n<div class=\"woocommerce-product-details__short-description\">\n<div class=\"woocommerce-product-details__short-description\">\n<div class=\"woocommerce-product-details__short-description\">\n<div class=\"woocommerce-product-details__short-description\">\n<div class=\"woocommerce-product-details__short-description\">\n<div class=\"woocommerce-product-details__short-description\">\n<div class=\"woocommerce-product-details__short-description\">\n<div class=\"woocommerce-product-details__short-description\">\n<div class=\"woocommerce-product-details__short-description\">\n<div class=\"woocommerce-product-details__short-description\">\n<div class=\"woocommerce-product-details__short-description\">\n<div class=\"woocommerce-product-details__short-description\">\n<div class=\"woocommerce-product-details__short-description\">\n<div class=\"woocommerce-product-details__short-description\">\n<div class=\"woocommerce-product-details__short-description\">\n<div class=\"woocommerce-product-details__short-description\">\n<div class=\"woocommerce-product-details__short-description\">\n<div class=\"woocommerce-product-details__short-description\">\n<div class=\"woocommerce-product-details__short-description\">\n<div class=\"woocommerce-product-details__short-description\">\n<div class=\"woocommerce-product-details__short-description\">\n<div class=\"woocommerce-product-details__short-description\">\n<div class=\"woocommerce-product-details__short-description\">\n<div class=\"woocommerce-product-details__short-description\">\n<div class=\"woocommerce-product-details__short-description\">\n<div class=\"woocommerce-product-details__short-description\">\n<div class=\"woocommerce-product-details__short-description\">\n<div class=\"woocommerce-product-details__short-description\">\n<div class=\"woocommerce-product-details__short-description\">\n<div class=\"woocommerce-product-details__short-description\">\n<div class=\"woocommerce-product-details__short-description\">\n<div class=\"woocommerce-product-details__short-description\">\n<div class=\"woocommerce-product-details__short-description\">\n<div class=\"woocommerce-product-details__short-description\">\n<div class=\"woocommerce-product-details__short-description\">\n<div class=\"woocommerce-product-details__short-description\">\n<div class=\"woocommerce-product-details__short-description\">\n<div class=\"woocommerce-product-details__short-description\">\n<div class=\"woocommerce-product-details__short-description\">\n<div class=\"woocommerce-product-details__short-description\">\n<div class=\"woocommerce-product-details__short-description\">\n<div class=\"woocommerce-product-details__short-description\">\n<div class=\"woocommerce-product-details__short-description\">\n<div class=\"woocommerce-product-details__short-description\">\n<div class=\"woocommerce-product-details__short-description\">\n<div class=\"woocommerce-product-details__short-description\">\n<div class=\"woocommerce-product-details__short-description\">\n<div class=\"woocommerce-product-details__short-description\">\n<div class=\"woocommerce-product-details__short-description\">\n<div class=\"woocommerce-product-details__short-description\">\n<div class=\"woocommerce-product-details__short-description\">\n<div class=\"woocommerce-product-details__short-description\">\n<p>Sabal Forte Vivasan is a food supplement developed on the basis of the oil extract of Saw Palmetto. Concentrated oil from the berries of the saw palmetto consists of a multitude of free fatty acids (between 85 and 95%) and phytosterols. It also contains the so-called omega-6 fatty acids.<\/p>\n<p>Vyrobeno ve \u0160v\u00fdcarsku.<\/p>\n<p>&nbsp;<\/p>\n<\/div>\n<div class=\"vivasan-product-icons\"><img loading=\"lazy\" decoding=\"async\" class=\"product_icon\" title=\"Made in Switzerland\" src=\"https:\/\/vivasan.club\/assets\/images\/product-icons\/swiss.svg?v=2\" alt=\"Made in Switzerland\" width=\"40\" height=\"40\" \/><img loading=\"lazy\" decoding=\"async\" class=\"product_icon\" title=\"GMP Certified\" src=\"https:\/\/vivasan.club\/assets\/images\/product-icons\/gmp.svg?v=2\" alt=\"GMP Certified\" width=\"40\" height=\"40\" \/><img loading=\"lazy\" decoding=\"async\" class=\"product_icon\" title=\"Cruelty-free\" src=\"https:\/\/vivasan.club\/assets\/images\/product-icons\/crueltyfree.svg?v=2\" alt=\"Cruelty-free\" width=\"40\" height=\"40\" \/><\/div>\n<\/div>\n<\/div>\n<\/div>\n<\/div>\n<\/div>\n<\/div>\n<\/div>\n<\/div>\n<\/div>\n<\/div>\n<\/div>\n<\/div>\n<\/div>\n<\/div>\n<\/div>\n<\/div>\n<\/div>\n<\/div>\n<\/div>\n<\/div>\n<\/div>\n<\/div>\n<\/div>\n<\/div>\n<\/div>\n<\/div>\n<\/div>\n<\/div>\n<\/div>\n<\/div>\n<\/div>\n<\/div>\n<\/div>\n<\/div>\n<\/div>\n<\/div>\n<\/div>\n<\/div>\n<\/div>\n<\/div>\n<\/div>\n<\/div>\n<\/div>\n<\/div>\n<\/div>\n<\/div>\n<\/div>\n<\/div>\n<\/div>\n<\/div>\n<\/div>\n<\/div>","protected":false},"featured_media":2021,"comment_status":"open","ping_status":"closed","template":"","meta":{"_acf_changed":false},"product_brand":[105],"product_cat":[68,70],"product_tag":[],"class_list":{"0":"post-2020","1":"product","2":"type-product","3":"status-publish","4":"has-post-thumbnail","6":"product_brand-cosval","7":"product_cat-health","8":"product_cat-nutritional-supplements","10":"first","11":"instock","12":"shipping-taxable","13":"purchasable","14":"product-type-simple"},"acf":[],"yoast_head":"<!-- This site is optimized with the Yoast SEO plugin v27.3 - https:\/\/yoast.com\/product\/yoast-seo-wordpress\/ -->\n<title>Sabal Forte with oily saw palmetto fruit extract, 60 capsules - vivasan-shop.com<\/title>\n<meta name=\"robots\" content=\"index, follow, max-snippet:-1, max-image-preview:large, max-video-preview:-1\" \/>\n<link rel=\"canonical\" href=\"https:\/\/vivasan-shop.com\/cs\/shop\/health\/nutritional-supplements\/sabal-forte-with-oily-saw-palmetto-fruit-extract-60-capsules\/\" \/>\n<meta property=\"og:locale\" content=\"cs_CZ\" \/>\n<meta property=\"og:type\" content=\"article\" \/>\n<meta property=\"og:title\" content=\"Sabal Forte with oily saw palmetto fruit extract, 60 capsules - vivasan-shop.com\" \/>\n<meta property=\"og:description\" content=\"Sabal Forte Vivasan is a food supplement developed on the basis of the oil extract of Saw Palmetto. Concentrated oil from the berries of the saw palmetto consists of a multitude of free fatty acids (between 85 and 95%) and phytosterols. It also contains the so-called omega-6 fatty acids.  Made in Switzerland.  &nbsp;\" \/>\n<meta property=\"og:url\" content=\"https:\/\/vivasan-shop.com\/cs\/shop\/health\/nutritional-supplements\/sabal-forte-with-oily-saw-palmetto-fruit-extract-60-capsules\/\" \/>\n<meta property=\"og:site_name\" content=\"vivasan-shop.com\" \/>\n<meta property=\"article:modified_time\" content=\"2025-08-11T16:00:01+00:00\" \/>\n<meta property=\"og:image\" content=\"https:\/\/vivasan-shop.com\/wp-content\/uploads\/2025\/09\/photo_2025-09-04_15-07-27-removebg-preview.png\" \/>\n\t<meta property=\"og:image:width\" content=\"715\" \/>\n\t<meta property=\"og:image:height\" content=\"349\" \/>\n\t<meta property=\"og:image:type\" content=\"image\/png\" \/>\n<meta name=\"twitter:card\" content=\"summary_large_image\" \/>\n<meta name=\"twitter:label1\" content=\"Odhadovan\u00e1 doba \u010dten\u00ed\" \/>\n\t<meta name=\"twitter:data1\" content=\"1 minuta\" \/>\n<script type=\"application\/ld+json\" class=\"yoast-schema-graph\">{\"@context\":\"https:\\\/\\\/schema.org\",\"@graph\":[{\"@type\":[\"WebPage\",\"ItemPage\"],\"@id\":\"https:\\\/\\\/vivasan-shop.com\\\/shop\\\/health\\\/nutritional-supplements\\\/sabal-forte-with-oily-saw-palmetto-fruit-extract-60-capsules\\\/\",\"url\":\"https:\\\/\\\/vivasan-shop.com\\\/shop\\\/health\\\/nutritional-supplements\\\/sabal-forte-with-oily-saw-palmetto-fruit-extract-60-capsules\\\/\",\"name\":\"Sabal Forte with oily saw palmetto fruit extract, 60 capsules - vivasan-shop.com\",\"isPartOf\":{\"@id\":\"https:\\\/\\\/vivasan-shop.com\\\/#website\"},\"primaryImageOfPage\":{\"@id\":\"https:\\\/\\\/vivasan-shop.com\\\/shop\\\/health\\\/nutritional-supplements\\\/sabal-forte-with-oily-saw-palmetto-fruit-extract-60-capsules\\\/#primaryimage\"},\"image\":{\"@id\":\"https:\\\/\\\/vivasan-shop.com\\\/shop\\\/health\\\/nutritional-supplements\\\/sabal-forte-with-oily-saw-palmetto-fruit-extract-60-capsules\\\/#primaryimage\"},\"thumbnailUrl\":\"https:\\\/\\\/vivasan-shop.com\\\/wp-content\\\/uploads\\\/2025\\\/06\\\/vivasan.club-20210306-1724-48671460.avif\",\"datePublished\":\"2025-06-21T09:58:00+00:00\",\"dateModified\":\"2025-08-11T16:00:01+00:00\",\"breadcrumb\":{\"@id\":\"https:\\\/\\\/vivasan-shop.com\\\/shop\\\/health\\\/nutritional-supplements\\\/sabal-forte-with-oily-saw-palmetto-fruit-extract-60-capsules\\\/#breadcrumb\"},\"inLanguage\":\"cs\",\"potentialAction\":[{\"@type\":\"ReadAction\",\"target\":[\"https:\\\/\\\/vivasan-shop.com\\\/shop\\\/health\\\/nutritional-supplements\\\/sabal-forte-with-oily-saw-palmetto-fruit-extract-60-capsules\\\/\"]}]},{\"@type\":\"ImageObject\",\"inLanguage\":\"cs\",\"@id\":\"https:\\\/\\\/vivasan-shop.com\\\/shop\\\/health\\\/nutritional-supplements\\\/sabal-forte-with-oily-saw-palmetto-fruit-extract-60-capsules\\\/#primaryimage\",\"url\":\"https:\\\/\\\/vivasan-shop.com\\\/wp-content\\\/uploads\\\/2025\\\/06\\\/vivasan.club-20210306-1724-48671460.avif\",\"contentUrl\":\"https:\\\/\\\/vivasan-shop.com\\\/wp-content\\\/uploads\\\/2025\\\/06\\\/vivasan.club-20210306-1724-48671460.avif\",\"width\":768,\"height\":768},{\"@type\":\"BreadcrumbList\",\"@id\":\"https:\\\/\\\/vivasan-shop.com\\\/shop\\\/health\\\/nutritional-supplements\\\/sabal-forte-with-oily-saw-palmetto-fruit-extract-60-capsules\\\/#breadcrumb\",\"itemListElement\":[{\"@type\":\"ListItem\",\"position\":1,\"name\":\"Home\",\"item\":\"https:\\\/\\\/vivasan-shop.com\\\/\"},{\"@type\":\"ListItem\",\"position\":2,\"name\":\"Shop\",\"item\":\"https:\\\/\\\/vivasan-shop.com\\\/shop\\\/\"},{\"@type\":\"ListItem\",\"position\":3,\"name\":\"Sabal Forte with oily saw palmetto fruit extract, 60 capsules\"}]},{\"@type\":\"WebSite\",\"@id\":\"https:\\\/\\\/vivasan-shop.com\\\/#website\",\"url\":\"https:\\\/\\\/vivasan-shop.com\\\/\",\"name\":\"Vivasan\",\"description\":\"\",\"publisher\":{\"@id\":\"https:\\\/\\\/vivasan-shop.com\\\/#organization\"},\"potentialAction\":[{\"@type\":\"SearchAction\",\"target\":{\"@type\":\"EntryPoint\",\"urlTemplate\":\"https:\\\/\\\/vivasan-shop.com\\\/?s={search_term_string}\"},\"query-input\":{\"@type\":\"PropertyValueSpecification\",\"valueRequired\":true,\"valueName\":\"search_term_string\"}}],\"inLanguage\":\"cs\"},{\"@type\":\"Organization\",\"@id\":\"https:\\\/\\\/vivasan-shop.com\\\/#organization\",\"name\":\"Vivasan\",\"url\":\"https:\\\/\\\/vivasan-shop.com\\\/\",\"logo\":{\"@type\":\"ImageObject\",\"inLanguage\":\"cs\",\"@id\":\"https:\\\/\\\/vivasan-shop.com\\\/#\\\/schema\\\/logo\\\/image\\\/\",\"url\":\"https:\\\/\\\/vivasan-shop.com\\\/wp-content\\\/uploads\\\/2025\\\/07\\\/photo_2025-07-05_23-33-41.jpg\",\"contentUrl\":\"https:\\\/\\\/vivasan-shop.com\\\/wp-content\\\/uploads\\\/2025\\\/07\\\/photo_2025-07-05_23-33-41.jpg\",\"width\":1080,\"height\":608,\"caption\":\"Vivasan\"},\"image\":{\"@id\":\"https:\\\/\\\/vivasan-shop.com\\\/#\\\/schema\\\/logo\\\/image\\\/\"}}]}<\/script>\n<!-- \/ Yoast SEO plugin. -->","yoast_head_json":{"title":"Sabal Forte with oily saw palmetto fruit extract, 60 capsules - vivasan-shop.com","robots":{"index":"index","follow":"follow","max-snippet":"max-snippet:-1","max-image-preview":"max-image-preview:large","max-video-preview":"max-video-preview:-1"},"canonical":"https:\/\/vivasan-shop.com\/cs\/shop\/health\/nutritional-supplements\/sabal-forte-with-oily-saw-palmetto-fruit-extract-60-capsules\/","og_locale":"cs_CZ","og_type":"article","og_title":"Sabal Forte with oily saw palmetto fruit extract, 60 capsules - vivasan-shop.com","og_description":"Sabal Forte Vivasan is a food supplement developed on the basis of the oil extract of Saw Palmetto. Concentrated oil from the berries of the saw palmetto consists of a multitude of free fatty acids (between 85 and 95%) and phytosterols. It also contains the so-called omega-6 fatty acids.  Made in Switzerland.  &nbsp;","og_url":"https:\/\/vivasan-shop.com\/cs\/shop\/health\/nutritional-supplements\/sabal-forte-with-oily-saw-palmetto-fruit-extract-60-capsules\/","og_site_name":"vivasan-shop.com","article_modified_time":"2025-08-11T16:00:01+00:00","og_image":[{"width":715,"height":349,"url":"https:\/\/vivasan-shop.com\/wp-content\/uploads\/2025\/09\/photo_2025-09-04_15-07-27-removebg-preview.png","type":"image\/png"}],"twitter_card":"summary_large_image","twitter_misc":{"Odhadovan\u00e1 doba \u010dten\u00ed":"1 minuta"},"schema":{"@context":"https:\/\/schema.org","@graph":[{"@type":["WebPage","ItemPage"],"@id":"https:\/\/vivasan-shop.com\/shop\/health\/nutritional-supplements\/sabal-forte-with-oily-saw-palmetto-fruit-extract-60-capsules\/","url":"https:\/\/vivasan-shop.com\/shop\/health\/nutritional-supplements\/sabal-forte-with-oily-saw-palmetto-fruit-extract-60-capsules\/","name":"Sabal Forte with oily saw palmetto fruit extract, 60 capsules - vivasan-shop.com","isPartOf":{"@id":"https:\/\/vivasan-shop.com\/#website"},"primaryImageOfPage":{"@id":"https:\/\/vivasan-shop.com\/shop\/health\/nutritional-supplements\/sabal-forte-with-oily-saw-palmetto-fruit-extract-60-capsules\/#primaryimage"},"image":{"@id":"https:\/\/vivasan-shop.com\/shop\/health\/nutritional-supplements\/sabal-forte-with-oily-saw-palmetto-fruit-extract-60-capsules\/#primaryimage"},"thumbnailUrl":"https:\/\/vivasan-shop.com\/wp-content\/uploads\/2025\/06\/vivasan.club-20210306-1724-48671460.avif","datePublished":"2025-06-21T09:58:00+00:00","dateModified":"2025-08-11T16:00:01+00:00","breadcrumb":{"@id":"https:\/\/vivasan-shop.com\/shop\/health\/nutritional-supplements\/sabal-forte-with-oily-saw-palmetto-fruit-extract-60-capsules\/#breadcrumb"},"inLanguage":"cs","potentialAction":[{"@type":"ReadAction","target":["https:\/\/vivasan-shop.com\/shop\/health\/nutritional-supplements\/sabal-forte-with-oily-saw-palmetto-fruit-extract-60-capsules\/"]}]},{"@type":"ImageObject","inLanguage":"cs","@id":"https:\/\/vivasan-shop.com\/shop\/health\/nutritional-supplements\/sabal-forte-with-oily-saw-palmetto-fruit-extract-60-capsules\/#primaryimage","url":"https:\/\/vivasan-shop.com\/wp-content\/uploads\/2025\/06\/vivasan.club-20210306-1724-48671460.avif","contentUrl":"https:\/\/vivasan-shop.com\/wp-content\/uploads\/2025\/06\/vivasan.club-20210306-1724-48671460.avif","width":768,"height":768},{"@type":"BreadcrumbList","@id":"https:\/\/vivasan-shop.com\/shop\/health\/nutritional-supplements\/sabal-forte-with-oily-saw-palmetto-fruit-extract-60-capsules\/#breadcrumb","itemListElement":[{"@type":"ListItem","position":1,"name":"Home","item":"https:\/\/vivasan-shop.com\/"},{"@type":"ListItem","position":2,"name":"Shop","item":"https:\/\/vivasan-shop.com\/shop\/"},{"@type":"ListItem","position":3,"name":"Sabal Forte with oily saw palmetto fruit extract, 60 capsules"}]},{"@type":"WebSite","@id":"https:\/\/vivasan-shop.com\/#website","url":"https:\/\/vivasan-shop.com\/","name":"Vivasan","description":"","publisher":{"@id":"https:\/\/vivasan-shop.com\/#organization"},"potentialAction":[{"@type":"SearchAction","target":{"@type":"EntryPoint","urlTemplate":"https:\/\/vivasan-shop.com\/?s={search_term_string}"},"query-input":{"@type":"PropertyValueSpecification","valueRequired":true,"valueName":"search_term_string"}}],"inLanguage":"cs"},{"@type":"Organization","@id":"https:\/\/vivasan-shop.com\/#organization","name":"Vivasan","url":"https:\/\/vivasan-shop.com\/","logo":{"@type":"ImageObject","inLanguage":"cs","@id":"https:\/\/vivasan-shop.com\/#\/schema\/logo\/image\/","url":"https:\/\/vivasan-shop.com\/wp-content\/uploads\/2025\/07\/photo_2025-07-05_23-33-41.jpg","contentUrl":"https:\/\/vivasan-shop.com\/wp-content\/uploads\/2025\/07\/photo_2025-07-05_23-33-41.jpg","width":1080,"height":608,"caption":"Vivasan"},"image":{"@id":"https:\/\/vivasan-shop.com\/#\/schema\/logo\/image\/"}}]}},"_links":{"self":[{"href":"https:\/\/vivasan-shop.com\/cs\/wp-json\/wp\/v2\/product\/2020","targetHints":{"allow":["GET"]}}],"collection":[{"href":"https:\/\/vivasan-shop.com\/cs\/wp-json\/wp\/v2\/product"}],"about":[{"href":"https:\/\/vivasan-shop.com\/cs\/wp-json\/wp\/v2\/types\/product"}],"replies":[{"embeddable":true,"href":"https:\/\/vivasan-shop.com\/cs\/wp-json\/wp\/v2\/comments?post=2020"}],"version-history":[{"count":3,"href":"https:\/\/vivasan-shop.com\/cs\/wp-json\/wp\/v2\/product\/2020\/revisions"}],"predecessor-version":[{"id":2024,"href":"https:\/\/vivasan-shop.com\/cs\/wp-json\/wp\/v2\/product\/2020\/revisions\/2024"}],"wp:featuredmedia":[{"embeddable":true,"href":"https:\/\/vivasan-shop.com\/cs\/wp-json\/wp\/v2\/media\/2021"}],"wp:attachment":[{"href":"https:\/\/vivasan-shop.com\/cs\/wp-json\/wp\/v2\/media?parent=2020"}],"wp:term":[{"taxonomy":"product_brand","embeddable":true,"href":"https:\/\/vivasan-shop.com\/cs\/wp-json\/wp\/v2\/product_brand?post=2020"},{"taxonomy":"product_cat","embeddable":true,"href":"https:\/\/vivasan-shop.com\/cs\/wp-json\/wp\/v2\/product_cat?post=2020"},{"taxonomy":"product_tag","embeddable":true,"href":"https:\/\/vivasan-shop.com\/cs\/wp-json\/wp\/v2\/product_tag?post=2020"}],"curies":[{"name":"wp","href":"https:\/\/api.w.org\/{rel}","templated":true}]}}