{"id":2056,"date":"2025-06-21T10:18:00","date_gmt":"2025-06-21T10:18:00","guid":{"rendered":"https:\/\/vivasan-shop.com\/?post_type=product&#038;p=2056"},"modified":"2025-08-11T15:59:31","modified_gmt":"2025-08-11T15:59:31","slug":"soup-oswald-vegetable-300-g","status":"publish","type":"product","link":"https:\/\/vivasan-shop.com\/cs\/shop\/health\/healthy-eating\/soup-oswald-vegetable-300-g\/","title":{"rendered":"Zeleninov\u00e1 pol\u00e9vka Oswald, 300 g"},"content":{"rendered":"<p>Oswald has represented Swiss culinary arts for almost 70 years. Oswald products are manufactured exclusively in Switzerland \u2014 the cultivation, collection of raw materials and the production itself is carried out by a Swiss company. Unsurprisingly, Oswald products have become a Swiss favorite, as every dish prepared with Oswald products has the familiar and traditional Swiss flavor that you can now experience on your plate \u2014 a unique Swiss flavor.<\/p>\n<ul>\n<li>Zero sugar*.<\/li>\n<li>Without Gluten*<\/li>\n<li>Without\u00a0celery.<\/li>\n<li>Without\u00a0glutamate.<\/li>\n<li>Without preservative substances.<\/li>\n<li>Vegetarian.<\/li>\n<li>300 g.<\/li>\n<\/ul>\n<p>As the name suggests, the Natural Treasures Vegetable Fit Soup has it all: With a particularly high proportion of 41% vegetables from 11 different types of vegetables \u2013 including spinach, kale and broccoli, which are considered superfoods because of their nutrients an ideal refreshment for cold days. But it is not only a high-flyer in terms of content, but also convinces in terms of taste with its finely rounded note with a hint of lemon, white pepper, turmeric, lovage, cumin, fennel and curry. With the vegetable fit soup, you can prepare a delicious, creamy and natural soup with lots of good ingredients in no time at all and without any preparation effort.<\/p>\n<p>With some cr\u00e8me fra\u00eeche and roasted pumpkin seeds or croutons, the vegetable soup is a real treat. Add fried bacon cubes for a smoky, spicy twist. This soup is Made in Switzerland.<\/p>\n<p><strong>For 2 servings:<\/strong>\u00a0add 5 tablespoons of powder (50 g) to 500 ml of cold water and bring to the boil while stirring. Continue cooking for 5 minutes, stirring occasionally.<\/p>\n<p><strong>Slo\u017een\u00ed:<\/strong>\u00a0Vegetable powder mix 23% (cauliflower, peas, potato, spinach 3.5%, onion, garlic) rice flour dried vegetable mix 18% (pumpkin, carrots, string beans, spinach 1.7%, spring onions, broccoli 1.1%, kale 0.8%) corn starch; sea salt; rapeseed oil; yeast extract; skimmed milk powder; cream powder 3%; table salt; lemon juice; powder (sugar, table salt, lemon juice); spices (madras curry, white pepper, turmeric, lovage, cumin, fennel).<\/p>\n<p><strong>List of allergens:<\/strong>\u00a0milk ingredients.<\/p>\n<p><strong>Nutritional value:<\/strong>\u00a0100 g<br \/>\n<strong>Caloric value:<\/strong>\u00a032 kcal<br \/>\n<strong>Fat:<\/strong>\u00a00,9 g<br \/>\n\u2013 saturated fatty acids: 0,1 g<br \/>\n<strong>Carbohydrates:<\/strong>\u00a04,3 g<br \/>\n\u2013 of which sugars: 1,3 g<br \/>\n<strong>Protein:<\/strong>\u00a01,4 g<br \/>\n<strong>Salt:<\/strong>\u00a00,77 g<\/p>\n<p>Oswald \u2014 Swiss culinary arts since 1951.<\/p>\n<p>**Without gluten-containing ingredients according to the recipe means: The product does not contain any gluten-containing ingredients such as wheat, oats, barley, spelt, rye, unripe spelt, einkorn, emmer, kamut and triticale in the list of ingredients. The classification was based on the raw material data used. All information relates only to the sales product \u2013 preparation factors are not taken into account. No added sugar means that the products do not contain any intentionally added single or double sugars. These include sugar, glucose\/glucose syrup, levels of maltodextrin, lactose, etc. They are declared as a single ingredient in the ingredient list.<\/p>","protected":false},"excerpt":{"rendered":"<div class=\"woocommerce-product-details__short-description\">\n<div class=\"woocommerce-product-details__short-description\">\n<div class=\"woocommerce-product-details__short-description\">\n<div class=\"woocommerce-product-details__short-description\">\n<div class=\"woocommerce-product-details__short-description\">\n<div class=\"woocommerce-product-details__short-description\">\n<div class=\"woocommerce-product-details__short-description\">\n<div class=\"woocommerce-product-details__short-description\">\n<div class=\"woocommerce-product-details__short-description\">\n<div class=\"woocommerce-product-details__short-description\">\n<div class=\"woocommerce-product-details__short-description\">\n<div class=\"woocommerce-product-details__short-description\">\n<div class=\"woocommerce-product-details__short-description\">\n<div class=\"woocommerce-product-details__short-description\">\n<div class=\"woocommerce-product-details__short-description\">\n<div class=\"woocommerce-product-details__short-description\">\n<div class=\"woocommerce-product-details__short-description\">\n<div class=\"woocommerce-product-details__short-description\">\n<div class=\"woocommerce-product-details__short-description\">\n<div class=\"woocommerce-product-details__short-description\">\n<div class=\"woocommerce-product-details__short-description\">\n<div class=\"woocommerce-product-details__short-description\">\n<div class=\"woocommerce-product-details__short-description\">\n<div class=\"woocommerce-product-details__short-description\">\n<div class=\"woocommerce-product-details__short-description\">\n<div class=\"woocommerce-product-details__short-description\">\n<div class=\"woocommerce-product-details__short-description\">\n<div class=\"woocommerce-product-details__short-description\">\n<div class=\"woocommerce-product-details__short-description\">\n<div class=\"woocommerce-product-details__short-description\">\n<div class=\"woocommerce-product-details__short-description\">\n<div class=\"woocommerce-product-details__short-description\">\n<div class=\"woocommerce-product-details__short-description\">\n<div class=\"woocommerce-product-details__short-description\">\n<div class=\"woocommerce-product-details__short-description\">\n<div class=\"woocommerce-product-details__short-description\">\n<div class=\"woocommerce-product-details__short-description\">\n<div class=\"woocommerce-product-details__short-description\">\n<div class=\"woocommerce-product-details__short-description\">\n<div class=\"woocommerce-product-details__short-description\">\n<div class=\"woocommerce-product-details__short-description\">\n<div class=\"woocommerce-product-details__short-description\">\n<div class=\"woocommerce-product-details__short-description\">\n<div class=\"woocommerce-product-details__short-description\">\n<div class=\"woocommerce-product-details__short-description\">\n<div class=\"woocommerce-product-details__short-description\">\n<div class=\"woocommerce-product-details__short-description\">\n<div class=\"woocommerce-product-details__short-description\">\n<div class=\"woocommerce-product-details__short-description\">\n<div class=\"woocommerce-product-details__short-description\">\n<div class=\"woocommerce-product-details__short-description\">\n<div class=\"woocommerce-product-details__short-description\">\n<div class=\"woocommerce-product-details__short-description\">\n<p>The Natural Treasures Vegetable Fit Soup has it all: With a particularly high proportion of 41% vegetables from 11 different types of vegetables \u2013 including spinach, kale and broccoli, which are considered superfoods because of their nutrients an ideal refreshment for cold days. With some cr\u00e8me fra\u00eeche and roasted pumpkin seeds or croutons, the vegetable soup is a real treat. Add fried bacon cubes for a smoky, spicy twist.<\/p>\n<p>Vyrobeno ve \u0160v\u00fdcarsku.<\/p>\n<p>&nbsp;<\/p>\n<\/div>\n<div class=\"vivasan-product-icons\"><img loading=\"lazy\" decoding=\"async\" class=\"product_icon\" title=\"Made in Switzerland\" src=\"https:\/\/vivasan.club\/assets\/images\/product-icons\/swiss.svg?v=2\" alt=\"Made in Switzerland\" width=\"40\" height=\"40\" \/><img loading=\"lazy\" decoding=\"async\" class=\"product_icon\" title=\"GMP Certified\" src=\"https:\/\/vivasan.club\/assets\/images\/product-icons\/gmp.svg?v=2\" alt=\"GMP Certified\" width=\"40\" height=\"40\" \/><img loading=\"lazy\" decoding=\"async\" class=\"product_icon\" title=\"Cruelty-free\" src=\"https:\/\/vivasan.club\/assets\/images\/product-icons\/crueltyfree.svg?v=2\" alt=\"Cruelty-free\" width=\"40\" height=\"40\" \/><\/div>\n<\/div>\n<\/div>\n<\/div>\n<\/div>\n<\/div>\n<\/div>\n<\/div>\n<\/div>\n<\/div>\n<\/div>\n<\/div>\n<\/div>\n<\/div>\n<\/div>\n<\/div>\n<\/div>\n<\/div>\n<\/div>\n<\/div>\n<\/div>\n<\/div>\n<\/div>\n<\/div>\n<\/div>\n<\/div>\n<\/div>\n<\/div>\n<\/div>\n<\/div>\n<\/div>\n<\/div>\n<\/div>\n<\/div>\n<\/div>\n<\/div>\n<\/div>\n<\/div>\n<\/div>\n<\/div>\n<\/div>\n<\/div>\n<\/div>\n<\/div>\n<\/div>\n<\/div>\n<\/div>\n<\/div>\n<\/div>\n<\/div>\n<\/div>\n<\/div>\n<\/div>","protected":false},"featured_media":2057,"comment_status":"open","ping_status":"closed","template":"","meta":{"_acf_changed":false},"product_brand":[106],"product_cat":[68,69],"product_tag":[],"class_list":{"0":"post-2056","1":"product","2":"type-product","3":"status-publish","4":"has-post-thumbnail","6":"product_brand-oswald","7":"product_cat-health","8":"product_cat-healthy-eating","10":"first","11":"outofstock","12":"shipping-taxable","13":"purchasable","14":"product-type-simple"},"acf":[],"yoast_head":"<!-- This site is optimized with the Yoast SEO plugin v27.3 - https:\/\/yoast.com\/product\/yoast-seo-wordpress\/ -->\n<title>Soup Oswald Vegetable, 300 g - vivasan-shop.com<\/title>\n<meta name=\"robots\" content=\"index, follow, max-snippet:-1, max-image-preview:large, max-video-preview:-1\" \/>\n<link rel=\"canonical\" href=\"https:\/\/vivasan-shop.com\/cs\/shop\/health\/healthy-eating\/soup-oswald-vegetable-300-g\/\" \/>\n<meta property=\"og:locale\" content=\"cs_CZ\" \/>\n<meta property=\"og:type\" content=\"article\" \/>\n<meta property=\"og:title\" content=\"Soup Oswald Vegetable, 300 g - vivasan-shop.com\" \/>\n<meta property=\"og:description\" content=\"The Natural Treasures Vegetable Fit Soup has it all: With a particularly high proportion of 41% vegetables from 11 different types of vegetables \u2013 including spinach, kale and broccoli, which are considered superfoods because of their nutrients an ideal refreshment for cold days. With some cr\u00e8me fra\u00eeche and roasted pumpkin seeds or croutons, the vegetable soup is a real treat. Add fried bacon cubes for a smoky, spicy twist.  Made in Switzerland.  &nbsp;\" \/>\n<meta property=\"og:url\" content=\"https:\/\/vivasan-shop.com\/cs\/shop\/health\/healthy-eating\/soup-oswald-vegetable-300-g\/\" \/>\n<meta property=\"og:site_name\" content=\"vivasan-shop.com\" \/>\n<meta property=\"article:modified_time\" content=\"2025-08-11T15:59:31+00:00\" \/>\n<meta property=\"og:image\" content=\"https:\/\/vivasan-shop.com\/wp-content\/uploads\/2025\/09\/photo_2025-09-04_15-07-27-removebg-preview.png\" \/>\n\t<meta property=\"og:image:width\" content=\"715\" \/>\n\t<meta property=\"og:image:height\" content=\"349\" \/>\n\t<meta property=\"og:image:type\" content=\"image\/png\" \/>\n<meta name=\"twitter:card\" content=\"summary_large_image\" \/>\n<meta name=\"twitter:label1\" content=\"Odhadovan\u00e1 doba \u010dten\u00ed\" \/>\n\t<meta name=\"twitter:data1\" content=\"1 minuta\" \/>\n<script type=\"application\/ld+json\" class=\"yoast-schema-graph\">{\"@context\":\"https:\\\/\\\/schema.org\",\"@graph\":[{\"@type\":[\"WebPage\",\"ItemPage\"],\"@id\":\"https:\\\/\\\/vivasan-shop.com\\\/shop\\\/health\\\/healthy-eating\\\/soup-oswald-vegetable-300-g\\\/\",\"url\":\"https:\\\/\\\/vivasan-shop.com\\\/shop\\\/health\\\/healthy-eating\\\/soup-oswald-vegetable-300-g\\\/\",\"name\":\"Soup Oswald Vegetable, 300 g - vivasan-shop.com\",\"isPartOf\":{\"@id\":\"https:\\\/\\\/vivasan-shop.com\\\/#website\"},\"primaryImageOfPage\":{\"@id\":\"https:\\\/\\\/vivasan-shop.com\\\/shop\\\/health\\\/healthy-eating\\\/soup-oswald-vegetable-300-g\\\/#primaryimage\"},\"image\":{\"@id\":\"https:\\\/\\\/vivasan-shop.com\\\/shop\\\/health\\\/healthy-eating\\\/soup-oswald-vegetable-300-g\\\/#primaryimage\"},\"thumbnailUrl\":\"https:\\\/\\\/vivasan-shop.com\\\/wp-content\\\/uploads\\\/2025\\\/06\\\/vivasan.club-20220117-1632-05119906.avif\",\"datePublished\":\"2025-06-21T10:18:00+00:00\",\"dateModified\":\"2025-08-11T15:59:31+00:00\",\"breadcrumb\":{\"@id\":\"https:\\\/\\\/vivasan-shop.com\\\/shop\\\/health\\\/healthy-eating\\\/soup-oswald-vegetable-300-g\\\/#breadcrumb\"},\"inLanguage\":\"cs\",\"potentialAction\":[{\"@type\":\"ReadAction\",\"target\":[\"https:\\\/\\\/vivasan-shop.com\\\/shop\\\/health\\\/healthy-eating\\\/soup-oswald-vegetable-300-g\\\/\"]}]},{\"@type\":\"ImageObject\",\"inLanguage\":\"cs\",\"@id\":\"https:\\\/\\\/vivasan-shop.com\\\/shop\\\/health\\\/healthy-eating\\\/soup-oswald-vegetable-300-g\\\/#primaryimage\",\"url\":\"https:\\\/\\\/vivasan-shop.com\\\/wp-content\\\/uploads\\\/2025\\\/06\\\/vivasan.club-20220117-1632-05119906.avif\",\"contentUrl\":\"https:\\\/\\\/vivasan-shop.com\\\/wp-content\\\/uploads\\\/2025\\\/06\\\/vivasan.club-20220117-1632-05119906.avif\"},{\"@type\":\"BreadcrumbList\",\"@id\":\"https:\\\/\\\/vivasan-shop.com\\\/shop\\\/health\\\/healthy-eating\\\/soup-oswald-vegetable-300-g\\\/#breadcrumb\",\"itemListElement\":[{\"@type\":\"ListItem\",\"position\":1,\"name\":\"Home\",\"item\":\"https:\\\/\\\/vivasan-shop.com\\\/\"},{\"@type\":\"ListItem\",\"position\":2,\"name\":\"Shop\",\"item\":\"https:\\\/\\\/vivasan-shop.com\\\/shop\\\/\"},{\"@type\":\"ListItem\",\"position\":3,\"name\":\"Soup Oswald Vegetable, 300 g\"}]},{\"@type\":\"WebSite\",\"@id\":\"https:\\\/\\\/vivasan-shop.com\\\/#website\",\"url\":\"https:\\\/\\\/vivasan-shop.com\\\/\",\"name\":\"Vivasan\",\"description\":\"\",\"publisher\":{\"@id\":\"https:\\\/\\\/vivasan-shop.com\\\/#organization\"},\"potentialAction\":[{\"@type\":\"SearchAction\",\"target\":{\"@type\":\"EntryPoint\",\"urlTemplate\":\"https:\\\/\\\/vivasan-shop.com\\\/?s={search_term_string}\"},\"query-input\":{\"@type\":\"PropertyValueSpecification\",\"valueRequired\":true,\"valueName\":\"search_term_string\"}}],\"inLanguage\":\"cs\"},{\"@type\":\"Organization\",\"@id\":\"https:\\\/\\\/vivasan-shop.com\\\/#organization\",\"name\":\"Vivasan\",\"url\":\"https:\\\/\\\/vivasan-shop.com\\\/\",\"logo\":{\"@type\":\"ImageObject\",\"inLanguage\":\"cs\",\"@id\":\"https:\\\/\\\/vivasan-shop.com\\\/#\\\/schema\\\/logo\\\/image\\\/\",\"url\":\"https:\\\/\\\/vivasan-shop.com\\\/wp-content\\\/uploads\\\/2025\\\/07\\\/photo_2025-07-05_23-33-41.jpg\",\"contentUrl\":\"https:\\\/\\\/vivasan-shop.com\\\/wp-content\\\/uploads\\\/2025\\\/07\\\/photo_2025-07-05_23-33-41.jpg\",\"width\":1080,\"height\":608,\"caption\":\"Vivasan\"},\"image\":{\"@id\":\"https:\\\/\\\/vivasan-shop.com\\\/#\\\/schema\\\/logo\\\/image\\\/\"}}]}<\/script>\n<!-- \/ Yoast SEO plugin. -->","yoast_head_json":{"title":"Soup Oswald Vegetable, 300 g - vivasan-shop.com","robots":{"index":"index","follow":"follow","max-snippet":"max-snippet:-1","max-image-preview":"max-image-preview:large","max-video-preview":"max-video-preview:-1"},"canonical":"https:\/\/vivasan-shop.com\/cs\/shop\/health\/healthy-eating\/soup-oswald-vegetable-300-g\/","og_locale":"cs_CZ","og_type":"article","og_title":"Soup Oswald Vegetable, 300 g - vivasan-shop.com","og_description":"The Natural Treasures Vegetable Fit Soup has it all: With a particularly high proportion of 41% vegetables from 11 different types of vegetables \u2013 including spinach, kale and broccoli, which are considered superfoods because of their nutrients an ideal refreshment for cold days. With some cr\u00e8me fra\u00eeche and roasted pumpkin seeds or croutons, the vegetable soup is a real treat. Add fried bacon cubes for a smoky, spicy twist.  Made in Switzerland.  &nbsp;","og_url":"https:\/\/vivasan-shop.com\/cs\/shop\/health\/healthy-eating\/soup-oswald-vegetable-300-g\/","og_site_name":"vivasan-shop.com","article_modified_time":"2025-08-11T15:59:31+00:00","og_image":[{"width":715,"height":349,"url":"https:\/\/vivasan-shop.com\/wp-content\/uploads\/2025\/09\/photo_2025-09-04_15-07-27-removebg-preview.png","type":"image\/png"}],"twitter_card":"summary_large_image","twitter_misc":{"Odhadovan\u00e1 doba \u010dten\u00ed":"1 minuta"},"schema":{"@context":"https:\/\/schema.org","@graph":[{"@type":["WebPage","ItemPage"],"@id":"https:\/\/vivasan-shop.com\/shop\/health\/healthy-eating\/soup-oswald-vegetable-300-g\/","url":"https:\/\/vivasan-shop.com\/shop\/health\/healthy-eating\/soup-oswald-vegetable-300-g\/","name":"Soup Oswald Vegetable, 300 g - vivasan-shop.com","isPartOf":{"@id":"https:\/\/vivasan-shop.com\/#website"},"primaryImageOfPage":{"@id":"https:\/\/vivasan-shop.com\/shop\/health\/healthy-eating\/soup-oswald-vegetable-300-g\/#primaryimage"},"image":{"@id":"https:\/\/vivasan-shop.com\/shop\/health\/healthy-eating\/soup-oswald-vegetable-300-g\/#primaryimage"},"thumbnailUrl":"https:\/\/vivasan-shop.com\/wp-content\/uploads\/2025\/06\/vivasan.club-20220117-1632-05119906.avif","datePublished":"2025-06-21T10:18:00+00:00","dateModified":"2025-08-11T15:59:31+00:00","breadcrumb":{"@id":"https:\/\/vivasan-shop.com\/shop\/health\/healthy-eating\/soup-oswald-vegetable-300-g\/#breadcrumb"},"inLanguage":"cs","potentialAction":[{"@type":"ReadAction","target":["https:\/\/vivasan-shop.com\/shop\/health\/healthy-eating\/soup-oswald-vegetable-300-g\/"]}]},{"@type":"ImageObject","inLanguage":"cs","@id":"https:\/\/vivasan-shop.com\/shop\/health\/healthy-eating\/soup-oswald-vegetable-300-g\/#primaryimage","url":"https:\/\/vivasan-shop.com\/wp-content\/uploads\/2025\/06\/vivasan.club-20220117-1632-05119906.avif","contentUrl":"https:\/\/vivasan-shop.com\/wp-content\/uploads\/2025\/06\/vivasan.club-20220117-1632-05119906.avif"},{"@type":"BreadcrumbList","@id":"https:\/\/vivasan-shop.com\/shop\/health\/healthy-eating\/soup-oswald-vegetable-300-g\/#breadcrumb","itemListElement":[{"@type":"ListItem","position":1,"name":"Home","item":"https:\/\/vivasan-shop.com\/"},{"@type":"ListItem","position":2,"name":"Shop","item":"https:\/\/vivasan-shop.com\/shop\/"},{"@type":"ListItem","position":3,"name":"Soup Oswald Vegetable, 300 g"}]},{"@type":"WebSite","@id":"https:\/\/vivasan-shop.com\/#website","url":"https:\/\/vivasan-shop.com\/","name":"Vivasan","description":"","publisher":{"@id":"https:\/\/vivasan-shop.com\/#organization"},"potentialAction":[{"@type":"SearchAction","target":{"@type":"EntryPoint","urlTemplate":"https:\/\/vivasan-shop.com\/?s={search_term_string}"},"query-input":{"@type":"PropertyValueSpecification","valueRequired":true,"valueName":"search_term_string"}}],"inLanguage":"cs"},{"@type":"Organization","@id":"https:\/\/vivasan-shop.com\/#organization","name":"Vivasan","url":"https:\/\/vivasan-shop.com\/","logo":{"@type":"ImageObject","inLanguage":"cs","@id":"https:\/\/vivasan-shop.com\/#\/schema\/logo\/image\/","url":"https:\/\/vivasan-shop.com\/wp-content\/uploads\/2025\/07\/photo_2025-07-05_23-33-41.jpg","contentUrl":"https:\/\/vivasan-shop.com\/wp-content\/uploads\/2025\/07\/photo_2025-07-05_23-33-41.jpg","width":1080,"height":608,"caption":"Vivasan"},"image":{"@id":"https:\/\/vivasan-shop.com\/#\/schema\/logo\/image\/"}}]}},"_links":{"self":[{"href":"https:\/\/vivasan-shop.com\/cs\/wp-json\/wp\/v2\/product\/2056","targetHints":{"allow":["GET"]}}],"collection":[{"href":"https:\/\/vivasan-shop.com\/cs\/wp-json\/wp\/v2\/product"}],"about":[{"href":"https:\/\/vivasan-shop.com\/cs\/wp-json\/wp\/v2\/types\/product"}],"replies":[{"embeddable":true,"href":"https:\/\/vivasan-shop.com\/cs\/wp-json\/wp\/v2\/comments?post=2056"}],"version-history":[{"count":1,"href":"https:\/\/vivasan-shop.com\/cs\/wp-json\/wp\/v2\/product\/2056\/revisions"}],"predecessor-version":[{"id":2058,"href":"https:\/\/vivasan-shop.com\/cs\/wp-json\/wp\/v2\/product\/2056\/revisions\/2058"}],"wp:featuredmedia":[{"embeddable":true,"href":"https:\/\/vivasan-shop.com\/cs\/wp-json\/wp\/v2\/media\/2057"}],"wp:attachment":[{"href":"https:\/\/vivasan-shop.com\/cs\/wp-json\/wp\/v2\/media?parent=2056"}],"wp:term":[{"taxonomy":"product_brand","embeddable":true,"href":"https:\/\/vivasan-shop.com\/cs\/wp-json\/wp\/v2\/product_brand?post=2056"},{"taxonomy":"product_cat","embeddable":true,"href":"https:\/\/vivasan-shop.com\/cs\/wp-json\/wp\/v2\/product_cat?post=2056"},{"taxonomy":"product_tag","embeddable":true,"href":"https:\/\/vivasan-shop.com\/cs\/wp-json\/wp\/v2\/product_tag?post=2056"}],"curies":[{"name":"wp","href":"https:\/\/api.w.org\/{rel}","templated":true}]}}