{"id":2307,"date":"2025-07-16T10:51:05","date_gmt":"2025-07-16T10:51:05","guid":{"rendered":"https:\/\/vivasan-shop.com\/?page_id=2307"},"modified":"2025-08-08T17:03:24","modified_gmt":"2025-08-08T17:03:24","slug":"payment-and-delivery","status":"publish","type":"page","link":"https:\/\/vivasan-shop.com\/ru\/payment-and-delivery\/","title":{"rendered":"\u041e\u043f\u043b\u0430\u0442\u0430 \u0438 \u0434\u043e\u0441\u0442\u0430\u0432\u043a\u0430"},"content":{"rendered":"<div data-elementor-type=\"wp-page\" data-elementor-id=\"2307\" class=\"elementor elementor-2307\">\n\t\t\t\t<div class=\"elementor-element elementor-element-b0358b8 e-flex e-con-boxed e-con e-parent\" data-id=\"b0358b8\" data-element_type=\"container\">\n\t\t\t\t\t<div class=\"e-con-inner\">\n\t\t\t\t<div class=\"elementor-element elementor-element-5637d60 elementor-widget elementor-widget-heading\" data-id=\"5637d60\" data-element_type=\"widget\" data-widget_type=\"heading.default\">\n\t\t\t\t<div class=\"elementor-widget-container\">\n\t\t\t\t\t<h2 class=\"elementor-heading-title elementor-size-default\">\u0414\u043e\u0441\u0442\u0430\u0432\u043a\u0430 \u0438 \u043e\u043f\u043b\u0430\u0442\u0430<\/h2>\t\t\t\t<\/div>\n\t\t\t\t<\/div>\n\t\t\t\t<div class=\"elementor-element elementor-element-94e02cb color-scheme-inherit text-left elementor-widget elementor-widget-text-editor\" data-id=\"94e02cb\" data-element_type=\"widget\" data-widget_type=\"text-editor.default\">\n\t\t\t\t<div class=\"elementor-widget-container\">\n\t\t\t\t\t\t\t\t\t<p>\u041e\u043d\u043b\u0430\u0439\u043d-\u043e\u043f\u043b\u0430\u0442\u0430 \u0447\u0435\u0440\u0435\u0437 Comgate<br \/>\u0414\u043b\u044f \u0412\u0430\u0448\u0435\u0433\u043e \u0443\u0434\u043e\u0431\u0441\u0442\u0432\u0430 \u043c\u044b \u043f\u0440\u0435\u0434\u043b\u0430\u0433\u0430\u0435\u043c \u0441\u043e\u0432\u0440\u0435\u043c\u0435\u043d\u043d\u044b\u0435 \u0438 \u0431\u0435\u0437\u043e\u043f\u0430\u0441\u043d\u044b\u0435 \u0441\u043f\u043e\u0441\u043e\u0431\u044b \u043e\u043f\u043b\u0430\u0442\u044b \u0441 \u043f\u043e\u043c\u043e\u0449\u044c\u044e \u043f\u043b\u0430\u0442\u0435\u0436\u043d\u043e\u0433\u043e \u0448\u043b\u044e\u0437\u0430 Comgate, a.s.<br \/>\u041f\u043b\u0430\u0442\u0435\u0436\u043d\u0430\u044f \u0441\u0438\u0441\u0442\u0435\u043c\u0430 \u043e\u0442\u0432\u0435\u0447\u0430\u0435\u0442 \u0441\u0430\u043c\u044b\u043c \u0432\u044b\u0441\u043e\u043a\u0438\u043c \u0441\u0442\u0430\u043d\u0434\u0430\u0440\u0442\u0430\u043c \u0431\u0435\u0437\u043e\u043f\u0430\u0441\u043d\u043e\u0441\u0442\u0438 \u0438 \u043e\u0431\u0435\u0441\u043f\u0435\u0447\u0438\u0432\u0430\u0435\u0442 \u0431\u044b\u0441\u0442\u0440\u0443\u044e \u043e\u0431\u0440\u0430\u0431\u043e\u0442\u043a\u0443 \u043f\u043b\u0430\u0442\u0435\u0436\u0435\u0439.<\/p>\t\t\t\t\t\t\t\t<\/div>\n\t\t\t\t<\/div>\n\t\t\t\t\t<\/div>\n\t\t\t\t<\/div>\n\t\t<div class=\"elementor-element elementor-element-8fd2725 e-flex e-con-boxed e-con e-parent\" data-id=\"8fd2725\" data-element_type=\"container\">\n\t\t\t\t\t<div class=\"e-con-inner\">\n\t\t\t\t<div class=\"elementor-element elementor-element-1295a2d elementor-widget elementor-widget-heading\" data-id=\"1295a2d\" data-element_type=\"widget\" data-widget_type=\"heading.default\">\n\t\t\t\t<div class=\"elementor-widget-container\">\n\t\t\t\t\t<h2 class=\"elementor-heading-title elementor-size-default\">\u0414\u043e\u043f\u043e\u043b\u043d\u0438\u0442\u0435\u043b\u044c\u043d\u0430\u044f \u0438\u043d\u0444\u043e\u0440\u043c\u0430\u0446\u0438\u044f \u043e \u043f\u043b\u0430\u0442\u0435\u0436\u043d\u043e\u0439 \u0441\u0438\u0441\u0442\u0435\u043c\u0435:<\/h2>\t\t\t\t<\/div>\n\t\t\t\t<\/div>\n\t\t\t\t<div class=\"elementor-element elementor-element-7de1b9c color-scheme-inherit text-left elementor-widget elementor-widget-text-editor\" data-id=\"7de1b9c\" data-element_type=\"widget\" data-widget_type=\"text-editor.default\">\n\t\t\t\t<div class=\"elementor-widget-container\">\n\t\t\t\t\t\t\t\t\t<p><a href=\"https:\/\/www.comgate.cz\/cz\/platebni-brana\">https:\/\/www.comgate.cz\/cz\/platebni-brana<\/a><\/p>\t\t\t\t\t\t\t\t<\/div>\n\t\t\t\t<\/div>\n\t\t\t\t\t<\/div>\n\t\t\t\t<\/div>\n\t\t<div class=\"elementor-element elementor-element-c276af5 e-flex e-con-boxed e-con e-parent\" data-id=\"c276af5\" data-element_type=\"container\">\n\t\t\t\t\t<div class=\"e-con-inner\">\n\t\t\t\t<div class=\"elementor-element elementor-element-b19fbcc elementor-widget elementor-widget-heading\" data-id=\"b19fbcc\" data-element_type=\"widget\" data-widget_type=\"heading.default\">\n\t\t\t\t<div class=\"elementor-widget-container\">\n\t\t\t\t\t<h2 class=\"elementor-heading-title elementor-size-default\">\u0414\u043e\u0441\u0442\u0443\u043f\u043d\u044b\u0435 \u0441\u043f\u043e\u0441\u043e\u0431\u044b \u043e\u043f\u043b\u0430\u0442\u044b:<\/h2>\t\t\t\t<\/div>\n\t\t\t\t<\/div>\n\t\t\t\t<div class=\"elementor-element elementor-element-e0c1172 color-scheme-inherit text-left elementor-widget elementor-widget-text-editor\" data-id=\"e0c1172\" data-element_type=\"widget\" data-widget_type=\"text-editor.default\">\n\t\t\t\t<div class=\"elementor-widget-container\">\n\t\t\t\t\t\t\t\t\t<p>\u041e\u043f\u043b\u0430\u0442\u0430 \u0431\u0430\u043d\u043a\u043e\u0432\u0441\u043a\u043e\u0439 \u043a\u0430\u0440\u0442\u043e\u0439 (Visa, Mastercard):<br \/>\u041f\u043e\u0441\u043b\u0435 \u043e\u0444\u043e\u0440\u043c\u043b\u0435\u043d\u0438\u044f \u0437\u0430\u043a\u0430\u0437\u0430 \u0432\u044b \u0431\u0443\u0434\u0435\u0442\u0435 \u043f\u0435\u0440\u0435\u043d\u0430\u043f\u0440\u0430\u0432\u043b\u0435\u043d\u044b \u043d\u0430 \u0437\u0430\u0449\u0438\u0449\u0435\u043d\u043d\u0443\u044e \u0441\u0442\u0440\u0430\u043d\u0438\u0446\u0443 \u043e\u043f\u043b\u0430\u0442\u044b, \u0433\u0434\u0435 \u0441\u043c\u043e\u0436\u0435\u0442\u0435 \u0432\u0432\u0435\u0441\u0442\u0438 \u0434\u0430\u043d\u043d\u044b\u0435 \u0441\u0432\u043e\u0435\u0439 \u043a\u0430\u0440\u0442\u044b.<br \/><br \/><\/p>\t\t\t\t\t\t\t\t<\/div>\n\t\t\t\t<\/div>\n\t\t\t\t<div class=\"elementor-element elementor-element-d5abdde color-scheme-inherit text-left elementor-widget elementor-widget-text-editor\" data-id=\"d5abdde\" data-element_type=\"widget\" data-widget_type=\"text-editor.default\">\n\t\t\t\t<div class=\"elementor-widget-container\">\n\t\t\t\t\t\t\t\t\t<p>\u0411\u0430\u043d\u043a\u043e\u0432\u0441\u043a\u0438\u0439 \u043f\u0435\u0440\u0435\u0432\u043e\u0434 \u0447\u0435\u0440\u0435\u0437 \u0438\u043d\u0442\u0435\u0440\u043d\u0435\u0442-\u0431\u0430\u043d\u043a\u0438\u043d\u0433 (\u043a\u043d\u043e\u043f\u043a\u0438 \u0431\u044b\u0441\u0442\u0440\u043e\u0433\u043e \u0431\u0430\u043d\u043a\u0438\u043d\u0433\u0430):<br \/>\u0412\u044b \u043c\u043e\u0436\u0435\u0442\u0435 \u0432\u044b\u0431\u0440\u0430\u0442\u044c \u0441\u0432\u043e\u0439 \u0431\u0430\u043d\u043a \u0438\u0437 \u0441\u043f\u0438\u0441\u043a\u0430 \u0438 \u043f\u043e\u0434\u0442\u0432\u0435\u0440\u0434\u0438\u0442\u044c \u043f\u043b\u0430\u0442\u0435\u0436 \u043d\u0435\u0441\u043a\u043e\u043b\u044c\u043a\u0438\u043c\u0438 \u0449\u0435\u043b\u0447\u043a\u0430\u043c\u0438 \u043c\u044b\u0448\u0438 \u0432 \u0441\u0432\u043e\u0435\u043c \u043e\u043d\u043b\u0430\u0439\u043d-\u0430\u043a\u043a\u0430\u0443\u043d\u0442\u0435.<br \/><br \/><\/p>\t\t\t\t\t\t\t\t<\/div>\n\t\t\t\t<\/div>\n\t\t\t\t<div class=\"elementor-element elementor-element-560d57a color-scheme-inherit text-left elementor-widget elementor-widget-text-editor\" data-id=\"560d57a\" data-element_type=\"widget\" data-widget_type=\"text-editor.default\">\n\t\t\t\t<div class=\"elementor-widget-container\">\n\t\t\t\t\t\t\t\t\t<p>\u0412\u0441\u0435 \u0442\u0440\u0430\u043d\u0437\u0430\u043a\u0446\u0438\u0438 \u043e\u0431\u0440\u0430\u0431\u0430\u0442\u044b\u0432\u0430\u044e\u0442\u0441\u044f \u0432 \u0431\u0435\u0437\u043e\u043f\u0430\u0441\u043d\u043e\u0439 \u0441\u0440\u0435\u0434\u0435. \u041c\u044b \u043d\u0435 \u0445\u0440\u0430\u043d\u0438\u043c \u043f\u043b\u0430\u0442\u0435\u0436\u043d\u0443\u044e \u0438\u043d\u0444\u043e\u0440\u043c\u0430\u0446\u0438\u044e \u043a\u043b\u0438\u0435\u043d\u0442\u043e\u0432.<\/p>\t\t\t\t\t\t\t\t<\/div>\n\t\t\t\t<\/div>\n\t\t\t\t\t<\/div>\n\t\t\t\t<\/div>\n\t\t<div class=\"elementor-element elementor-element-1d5aef4 e-flex e-con-boxed e-con e-parent\" data-id=\"1d5aef4\" data-element_type=\"container\">\n\t\t\t\t\t<div class=\"e-con-inner\">\n\t\t\t\t<div class=\"elementor-element elementor-element-8de374f elementor-widget elementor-widget-heading\" data-id=\"8de374f\" data-element_type=\"widget\" data-widget_type=\"heading.default\">\n\t\t\t\t<div class=\"elementor-widget-container\">\n\t\t\t\t\t<h2 class=\"elementor-heading-title elementor-size-default\">\u041a\u043e\u043d\u0442\u0430\u043a\u0442\u043d\u0430\u044f \u0438\u043d\u0444\u043e\u0440\u043c\u0430\u0446\u0438\u044f \u043f\u043e \u0432\u043e\u043f\u0440\u043e\u0441\u0430\u043c \u043e\u043f\u043b\u0430\u0442\u044b:<\/h2>\t\t\t\t<\/div>\n\t\t\t\t<\/div>\n\t\t\t\t<div class=\"elementor-element elementor-element-54c9498 color-scheme-inherit text-left elementor-widget elementor-widget-text-editor\" data-id=\"54c9498\" data-element_type=\"widget\" data-widget_type=\"text-editor.default\">\n\t\t\t\t<div class=\"elementor-widget-container\">\n\t\t\t\t\t\t\t\t\t<p>Comgate, a.s.<br \/>Go\u010d\u00e1rova t\u0159\u00edda 1754 \/ 48b, Hradec Kr\u00e1lov\u00e9, Czech Republic<br \/>\u0415\u043b\u0435\u043a\u0442\u0440\u043e\u043d\u043d\u0430\u044f \u043f\u043e\u0447\u0442\u0430: platby-podpora@comgate.cz<br \/><a href=\"tel: 420 228 224 267\">\u0422\u0435\u043b\u0435\u0444\u043e\u043d: +420 228 224 267<\/a><\/p>\t\t\t\t\t\t\t\t<\/div>\n\t\t\t\t<\/div>\n\t\t\t\t\t<\/div>\n\t\t\t\t<\/div>\n\t\t<div class=\"elementor-element elementor-element-02bb0bd e-flex e-con-boxed e-con e-parent\" data-id=\"02bb0bd\" data-element_type=\"container\">\n\t\t\t\t\t<div class=\"e-con-inner\">\n\t\t\t\t<div class=\"elementor-element elementor-element-38bcf3b elementor-widget elementor-widget-heading\" data-id=\"38bcf3b\" data-element_type=\"widget\" data-widget_type=\"heading.default\">\n\t\t\t\t<div class=\"elementor-widget-container\">\n\t\t\t\t\t<h2 class=\"elementor-heading-title elementor-size-default\">\u0414\u043e\u0441\u0442\u0430\u0432\u043a\u0430:<\/h2>\t\t\t\t<\/div>\n\t\t\t\t<\/div>\n\t\t\t\t<div class=\"elementor-element elementor-element-f61f5b9 color-scheme-inherit text-left elementor-widget elementor-widget-text-editor\" data-id=\"f61f5b9\" data-element_type=\"widget\" data-widget_type=\"text-editor.default\">\n\t\t\t\t<div class=\"elementor-widget-container\">\n\t\t\t\t\t\t\t\t\t<p>\u0421\u043b\u0443\u0436\u0431\u044b \u0434\u043e\u0441\u0442\u0430\u0432\u043a\u0438: \u043a\u0443\u0440\u044c\u0435\u0440\u0441\u043a\u043e\u0439 \u0441\u043b\u0443\u0436\u0431\u043e\u0439 DPD, GLS, \u0417\u0430\u0441\u0438\u043b\u043a\u043e\u0432\u043d\u0430<\/p>\t\t\t\t\t\t\t\t<\/div>\n\t\t\t\t<\/div>\n\t\t\t\t<div class=\"elementor-element elementor-element-eee4fc9 color-scheme-inherit text-left elementor-widget elementor-widget-text-editor\" data-id=\"eee4fc9\" data-element_type=\"widget\" data-widget_type=\"text-editor.default\">\n\t\t\t\t<div class=\"elementor-widget-container\">\n\t\t\t\t\t\t\t\t\t<p>\u0421\u0442\u043e\u0438\u043c\u043e\u0441\u0442\u044c \u0434\u043e\u0441\u0442\u0430\u0432\u043a\u0438: \u0440\u0430\u0441\u0441\u0447\u0438\u0442\u044b\u0432\u0430\u0435\u0442\u0441\u044f \u0441\u043e\u0433\u043b\u0430\u0441\u043d\u043e \u0442\u0430\u0440\u0438\u0444\u0430\u043c \u0441\u043b\u0443\u0436\u0431\u044b \u0434\u043e\u0441\u0442\u0430\u0432\u043a\u0438 \u0438\u043b\u0438 \u0431\u0435\u0441\u043f\u043b\u0430\u0442\u043d\u043e \u043f\u0440\u0438 \u0437\u0430\u043a\u0430\u0437\u0435 \u043d\u0430 \u043e\u043f\u0440\u0435\u0434\u0435\u043b\u0435\u043d\u043d\u0443\u044e \u0441\u0443\u043c\u043c\u0443 (\u0432 \u0437\u0430\u0432\u0438\u0441\u0438\u043c\u043e\u0441\u0442\u0438 \u043e\u0442 \u0430\u043a\u0446\u0438\u0438).<\/p>\t\t\t\t\t\t\t\t<\/div>\n\t\t\t\t<\/div>\n\t\t\t\t<div class=\"elementor-element elementor-element-981a96e color-scheme-inherit text-left elementor-widget elementor-widget-text-editor\" data-id=\"981a96e\" data-element_type=\"widget\" data-widget_type=\"text-editor.default\">\n\t\t\t\t<div class=\"elementor-widget-container\">\n\t\t\t\t\t\t\t\t\t<p>\u0421\u0440\u043e\u043a \u0434\u043e\u0441\u0442\u0430\u0432\u043a\u0438: 1\u20133 \u0440\u0430\u0431\u043e\u0447\u0438\u0445 \u0434\u043d\u044f \u043f\u043e\u0441\u043b\u0435 \u043f\u043e\u0434\u0442\u0432\u0435\u0440\u0436\u0434\u0435\u043d\u0438\u044f \u043e\u043f\u043b\u0430\u0442\u044b.<\/p>\t\t\t\t\t\t\t\t<\/div>\n\t\t\t\t<\/div>\n\t\t\t\t<div class=\"elementor-element elementor-element-b75cf37 color-scheme-inherit text-left elementor-widget elementor-widget-text-editor\" data-id=\"b75cf37\" data-element_type=\"widget\" data-widget_type=\"text-editor.default\">\n\t\t\t\t<div class=\"elementor-widget-container\">\n\t\t\t\t\t\t\t\t\t<p>\u041f\u043e\u0441\u043b\u0435 \u043e\u0444\u043e\u0440\u043c\u043b\u0435\u043d\u0438\u044f \u0437\u0430\u043a\u0430\u0437\u0430 \u0432\u044b \u043f\u043e\u043b\u0443\u0447\u0438\u0442\u0435 \u043f\u043e\u0434\u0442\u0432\u0435\u0440\u0436\u0434\u0435\u043d\u0438\u0435 \u043f\u043e \u044d\u043b\u0435\u043a\u0442\u0440\u043e\u043d\u043d\u043e\u0439 \u043f\u043e\u0447\u0442\u0435 \u0438 SMS \u0441 \u043d\u043e\u043c\u0435\u0440\u043e\u043c \u0434\u0435\u043a\u043b\u0430\u0440\u0430\u0446\u0438\u0438 \u0434\u043b\u044f \u043e\u0442\u0441\u043b\u0435\u0436\u0438\u0432\u0430\u043d\u0438\u044f \u043f\u043e\u0441\u044b\u043b\u043a\u0438.<\/p>\t\t\t\t\t\t\t\t<\/div>\n\t\t\t\t<\/div>\n\t\t\t\t\t<\/div>\n\t\t\t\t<\/div>\n\t\t\t\t<\/div>","protected":false},"excerpt":{"rendered":"<p>Delivery and payment Online payment via ComgateFor your convenience, we offer modern and secure payment methods using the payment gateway<\/p>","protected":false},"author":1,"featured_media":0,"parent":0,"menu_order":0,"comment_status":"closed","ping_status":"closed","template":"elementor_header_footer","meta":{"_acf_changed":false,"footnotes":""},"class_list":["post-2307","page","type-page","status-publish","hentry"],"acf":[],"yoast_head":"<!-- This site is optimized with the Yoast SEO plugin v27.3 - https:\/\/yoast.com\/product\/yoast-seo-wordpress\/ -->\n<title>Payment and delivery - vivasan-shop.com<\/title>\n<meta name=\"robots\" content=\"index, follow, max-snippet:-1, max-image-preview:large, max-video-preview:-1\" \/>\n<link rel=\"canonical\" href=\"https:\/\/vivasan-shop.com\/ru\/payment-and-delivery\/\" \/>\n<meta property=\"og:locale\" content=\"ru_RU\" \/>\n<meta property=\"og:type\" content=\"article\" \/>\n<meta property=\"og:title\" content=\"Payment and delivery - vivasan-shop.com\" \/>\n<meta property=\"og:description\" content=\"Delivery and payment Online payment via ComgateFor your convenience, we offer modern and secure payment methods using the payment gateway\" \/>\n<meta property=\"og:url\" content=\"https:\/\/vivasan-shop.com\/ru\/payment-and-delivery\/\" \/>\n<meta property=\"og:site_name\" content=\"vivasan-shop.com\" \/>\n<meta property=\"article:modified_time\" content=\"2025-08-08T17:03:24+00:00\" \/>\n<meta property=\"og:image\" content=\"https:\/\/vivasan-shop.com\/wp-content\/uploads\/2025\/09\/photo_2025-09-04_15-07-27-removebg-preview.png\" \/>\n\t<meta property=\"og:image:width\" content=\"715\" \/>\n\t<meta property=\"og:image:height\" content=\"349\" \/>\n\t<meta property=\"og:image:type\" content=\"image\/png\" \/>\n<meta name=\"twitter:card\" content=\"summary_large_image\" \/>\n<meta name=\"twitter:label1\" content=\"\u041f\u0440\u0438\u043c\u0435\u0440\u043d\u043e\u0435 \u0432\u0440\u0435\u043c\u044f \u0434\u043b\u044f \u0447\u0442\u0435\u043d\u0438\u044f\" \/>\n\t<meta name=\"twitter:data1\" content=\"1 \u043c\u0438\u043d\u0443\u0442\u0430\" \/>\n<script type=\"application\/ld+json\" class=\"yoast-schema-graph\">{\"@context\":\"https:\\\/\\\/schema.org\",\"@graph\":[{\"@type\":\"WebPage\",\"@id\":\"https:\\\/\\\/vivasan-shop.com\\\/payment-and-delivery\\\/\",\"url\":\"https:\\\/\\\/vivasan-shop.com\\\/payment-and-delivery\\\/\",\"name\":\"Payment and delivery - vivasan-shop.com\",\"isPartOf\":{\"@id\":\"https:\\\/\\\/vivasan-shop.com\\\/#website\"},\"datePublished\":\"2025-07-16T10:51:05+00:00\",\"dateModified\":\"2025-08-08T17:03:24+00:00\",\"breadcrumb\":{\"@id\":\"https:\\\/\\\/vivasan-shop.com\\\/payment-and-delivery\\\/#breadcrumb\"},\"inLanguage\":\"ru-RU\",\"potentialAction\":[{\"@type\":\"ReadAction\",\"target\":[\"https:\\\/\\\/vivasan-shop.com\\\/payment-and-delivery\\\/\"]}]},{\"@type\":\"BreadcrumbList\",\"@id\":\"https:\\\/\\\/vivasan-shop.com\\\/payment-and-delivery\\\/#breadcrumb\",\"itemListElement\":[{\"@type\":\"ListItem\",\"position\":1,\"name\":\"Home\",\"item\":\"https:\\\/\\\/vivasan-shop.com\\\/\"},{\"@type\":\"ListItem\",\"position\":2,\"name\":\"Payment and delivery\"}]},{\"@type\":\"WebSite\",\"@id\":\"https:\\\/\\\/vivasan-shop.com\\\/#website\",\"url\":\"https:\\\/\\\/vivasan-shop.com\\\/\",\"name\":\"Vivasan\",\"description\":\"\",\"publisher\":{\"@id\":\"https:\\\/\\\/vivasan-shop.com\\\/#organization\"},\"potentialAction\":[{\"@type\":\"SearchAction\",\"target\":{\"@type\":\"EntryPoint\",\"urlTemplate\":\"https:\\\/\\\/vivasan-shop.com\\\/?s={search_term_string}\"},\"query-input\":{\"@type\":\"PropertyValueSpecification\",\"valueRequired\":true,\"valueName\":\"search_term_string\"}}],\"inLanguage\":\"ru-RU\"},{\"@type\":\"Organization\",\"@id\":\"https:\\\/\\\/vivasan-shop.com\\\/#organization\",\"name\":\"Vivasan\",\"url\":\"https:\\\/\\\/vivasan-shop.com\\\/\",\"logo\":{\"@type\":\"ImageObject\",\"inLanguage\":\"ru-RU\",\"@id\":\"https:\\\/\\\/vivasan-shop.com\\\/#\\\/schema\\\/logo\\\/image\\\/\",\"url\":\"https:\\\/\\\/vivasan-shop.com\\\/wp-content\\\/uploads\\\/2025\\\/07\\\/photo_2025-07-05_23-33-41.jpg\",\"contentUrl\":\"https:\\\/\\\/vivasan-shop.com\\\/wp-content\\\/uploads\\\/2025\\\/07\\\/photo_2025-07-05_23-33-41.jpg\",\"width\":1080,\"height\":608,\"caption\":\"Vivasan\"},\"image\":{\"@id\":\"https:\\\/\\\/vivasan-shop.com\\\/#\\\/schema\\\/logo\\\/image\\\/\"}}]}<\/script>\n<!-- \/ Yoast SEO plugin. -->","yoast_head_json":{"title":"Payment and delivery - vivasan-shop.com","robots":{"index":"index","follow":"follow","max-snippet":"max-snippet:-1","max-image-preview":"max-image-preview:large","max-video-preview":"max-video-preview:-1"},"canonical":"https:\/\/vivasan-shop.com\/ru\/payment-and-delivery\/","og_locale":"ru_RU","og_type":"article","og_title":"Payment and delivery - vivasan-shop.com","og_description":"Delivery and payment Online payment via ComgateFor your convenience, we offer modern and secure payment methods using the payment gateway","og_url":"https:\/\/vivasan-shop.com\/ru\/payment-and-delivery\/","og_site_name":"vivasan-shop.com","article_modified_time":"2025-08-08T17:03:24+00:00","og_image":[{"width":715,"height":349,"url":"https:\/\/vivasan-shop.com\/wp-content\/uploads\/2025\/09\/photo_2025-09-04_15-07-27-removebg-preview.png","type":"image\/png"}],"twitter_card":"summary_large_image","twitter_misc":{"\u041f\u0440\u0438\u043c\u0435\u0440\u043d\u043e\u0435 \u0432\u0440\u0435\u043c\u044f \u0434\u043b\u044f \u0447\u0442\u0435\u043d\u0438\u044f":"1 \u043c\u0438\u043d\u0443\u0442\u0430"},"schema":{"@context":"https:\/\/schema.org","@graph":[{"@type":"WebPage","@id":"https:\/\/vivasan-shop.com\/payment-and-delivery\/","url":"https:\/\/vivasan-shop.com\/payment-and-delivery\/","name":"Payment and delivery - vivasan-shop.com","isPartOf":{"@id":"https:\/\/vivasan-shop.com\/#website"},"datePublished":"2025-07-16T10:51:05+00:00","dateModified":"2025-08-08T17:03:24+00:00","breadcrumb":{"@id":"https:\/\/vivasan-shop.com\/payment-and-delivery\/#breadcrumb"},"inLanguage":"ru-RU","potentialAction":[{"@type":"ReadAction","target":["https:\/\/vivasan-shop.com\/payment-and-delivery\/"]}]},{"@type":"BreadcrumbList","@id":"https:\/\/vivasan-shop.com\/payment-and-delivery\/#breadcrumb","itemListElement":[{"@type":"ListItem","position":1,"name":"Home","item":"https:\/\/vivasan-shop.com\/"},{"@type":"ListItem","position":2,"name":"Payment and delivery"}]},{"@type":"WebSite","@id":"https:\/\/vivasan-shop.com\/#website","url":"https:\/\/vivasan-shop.com\/","name":"Vivasan","description":"","publisher":{"@id":"https:\/\/vivasan-shop.com\/#organization"},"potentialAction":[{"@type":"SearchAction","target":{"@type":"EntryPoint","urlTemplate":"https:\/\/vivasan-shop.com\/?s={search_term_string}"},"query-input":{"@type":"PropertyValueSpecification","valueRequired":true,"valueName":"search_term_string"}}],"inLanguage":"ru-RU"},{"@type":"Organization","@id":"https:\/\/vivasan-shop.com\/#organization","name":"Vivasan","url":"https:\/\/vivasan-shop.com\/","logo":{"@type":"ImageObject","inLanguage":"ru-RU","@id":"https:\/\/vivasan-shop.com\/#\/schema\/logo\/image\/","url":"https:\/\/vivasan-shop.com\/wp-content\/uploads\/2025\/07\/photo_2025-07-05_23-33-41.jpg","contentUrl":"https:\/\/vivasan-shop.com\/wp-content\/uploads\/2025\/07\/photo_2025-07-05_23-33-41.jpg","width":1080,"height":608,"caption":"Vivasan"},"image":{"@id":"https:\/\/vivasan-shop.com\/#\/schema\/logo\/image\/"}}]}},"_links":{"self":[{"href":"https:\/\/vivasan-shop.com\/ru\/wp-json\/wp\/v2\/pages\/2307","targetHints":{"allow":["GET"]}}],"collection":[{"href":"https:\/\/vivasan-shop.com\/ru\/wp-json\/wp\/v2\/pages"}],"about":[{"href":"https:\/\/vivasan-shop.com\/ru\/wp-json\/wp\/v2\/types\/page"}],"author":[{"embeddable":true,"href":"https:\/\/vivasan-shop.com\/ru\/wp-json\/wp\/v2\/users\/1"}],"replies":[{"embeddable":true,"href":"https:\/\/vivasan-shop.com\/ru\/wp-json\/wp\/v2\/comments?post=2307"}],"version-history":[{"count":7,"href":"https:\/\/vivasan-shop.com\/ru\/wp-json\/wp\/v2\/pages\/2307\/revisions"}],"predecessor-version":[{"id":2469,"href":"https:\/\/vivasan-shop.com\/ru\/wp-json\/wp\/v2\/pages\/2307\/revisions\/2469"}],"wp:attachment":[{"href":"https:\/\/vivasan-shop.com\/ru\/wp-json\/wp\/v2\/media?parent=2307"}],"curies":[{"name":"wp","href":"https:\/\/api.w.org\/{rel}","templated":true}]}}